{"id":52412,"date":"2025-03-23T13:45:26","date_gmt":"2025-03-23T11:45:26","guid":{"rendered":"https:\/\/miumjau.ee\/toode\/sana-mini-koulutusnamit-kaniinilla-omenalla-ja-lehtikaalilla-1-kg\/"},"modified":"2025-03-23T13:45:26","modified_gmt":"2025-03-23T11:45:26","slug":"sana-mini-koulutusnamit-kaniinilla-omenalla-ja-lehtikaalilla-1-kg","status":"publish","type":"product","link":"https:\/\/miumjau.ee\/fi\/tuote\/sana-mini-koulutusnamit-kaniinilla-omenalla-ja-lehtikaalilla-1-kg\/","title":{"rendered":"Sana Mini -koulutusnamit kaniinilla, omenalla ja lehtikaalilla 1 kg"},"content":{"rendered":"","protected":false},"excerpt":{"rendered":"<p data-start=\"1591\" data-end=\"1854\">Sana-koulutusnamit ovat terveellisi\u00e4 ja pehmeit\u00e4, joten ne sopivat t\u00e4ydellisesti p\u00e4ivitt\u00e4iseen koulutukseen ja motivointiin. Ne ovat ihanteellisia positiiviseen vahvistamiseen. N\u00e4in koirasi saa palkinnon joko kehun tai herkun muodossa toivotusta k\u00e4ytt\u00e4ytymisest\u00e4.<\/p>\n<p data-start=\"1856\" data-end=\"2100\">Huolellisesti valittu kaniininliha, omena ja lehtikaali ovat per\u00e4isin paikallisilta tuottajilta ja ovat 100 % j\u00e4ljitett\u00e4viss\u00e4. Hell\u00e4varainen valmistusprosessi s\u00e4ilytt\u00e4\u00e4 ravintoaineet, tukien koirasi terveytt\u00e4 ja elinvoimaa pitk\u00e4ll\u00e4 aikav\u00e4lill\u00e4.<\/p>\n<p data-start=\"2102\" data-end=\"2321\">SANADOG-koulutusnamit kaniinilla, omenalla ja lehtikaalilla ovat vastustamattoman maukas ja terveellinen palkinto. Ne eiv\u00e4t murene tai rasvoitu, joten ne kulkevat k\u00e4tev\u00e4sti taskussa ja sopivat my\u00f6s ulkona harjoitteluun.<\/p>\n<p data-start=\"2323\" data-end=\"2534\"><strong data-start=\"2323\" data-end=\"2337\">Koostumus:<\/strong> 90 % kaniini, 4 % omena, 4 % lehtikaali, 2 % luonnollinen kasviglyseriini.<br data-start=\"2412\" data-end=\"2415\" \/><strong data-start=\"2415\" data-end=\"2442\">Analyyttiset ainesosat:<\/strong> Proteiini 36 %, Rasva 19 %, Kosteus 8 %, Tuhka 8 %, Kuitu 2 %<br data-start=\"2504\" data-end=\"2507\" \/><strong data-start=\"2507\" data-end=\"2534\">T\u00e4ydennysrehu koirille.<\/strong><\/p>\n<p data-start=\"2536\" data-end=\"2624\"><strong data-start=\"2536\" data-end=\"2549\">S\u00e4ilytys:<\/strong> S\u00e4ilyt\u00e4 viile\u00e4ss\u00e4 ja kuivassa paikassa, suojassa suoralta auringonvalolta.<\/p>\n<p data-start=\"2626\" data-end=\"2773\"><strong data-start=\"2626\" data-end=\"2643\">Ruokintaohje:<\/strong> Sopii pennuille 12 viikon i\u00e4st\u00e4 alkaen.<br data-start=\"2683\" data-end=\"2686\" \/>Valvo koiraa ruokinnan aikana ja varmista, ett\u00e4 raikasta juomavett\u00e4 on aina saatavilla.<\/p>\n","protected":false},"featured_media":30068,"template":"","meta":[],"product_brand":[],"product_cat":[480],"product_tag":[],"class_list":{"0":"post-52412","1":"product","2":"type-product","3":"status-publish","4":"has-post-thumbnail","6":"product_cat-herkut-koirille","8":"first","9":"outofstock","10":"taxable","11":"shipping-taxable","12":"purchasable","13":"product-type-simple"},"yoast_head":"<!-- This site is optimized with the Yoast SEO plugin v27.2 - https:\/\/yoast.com\/product\/yoast-seo-wordpress\/ -->\n<title>Sana Mini -koulutusnamit kaniinilla, omenalla ja lehtikaalilla 1 kg - MiuMjau<\/title>\n<meta name=\"robots\" content=\"index, follow, max-snippet:-1, max-image-preview:large, max-video-preview:-1\" \/>\n<link rel=\"canonical\" href=\"https:\/\/miumjau.ee\/fi\/tuote\/sana-mini-koulutusnamit-kaniinilla-omenalla-ja-lehtikaalilla-1-kg\/\" \/>\n<meta property=\"og:locale\" content=\"fi_FI\" \/>\n<meta property=\"og:type\" content=\"article\" \/>\n<meta property=\"og:title\" content=\"Sana Mini -koulutusnamit kaniinilla, omenalla ja lehtikaalilla 1 kg - MiuMjau\" \/>\n<meta property=\"og:description\" content=\"Sana-koulutusnamit ovat terveellisi\u00e4 ja pehmeit\u00e4, joten ne sopivat t\u00e4ydellisesti p\u00e4ivitt\u00e4iseen koulutukseen ja motivointiin. Ne ovat ihanteellisia positiiviseen vahvistamiseen. N\u00e4in koirasi saa palkinnon joko kehun tai herkun muodossa toivotusta k\u00e4ytt\u00e4ytymisest\u00e4. Huolellisesti valittu kaniininliha, omena ja lehtikaali ovat per\u00e4isin paikallisilta tuottajilta ja ovat 100 % j\u00e4ljitett\u00e4viss\u00e4. Hell\u00e4varainen valmistusprosessi s\u00e4ilytt\u00e4\u00e4 ravintoaineet, tukien koirasi terveytt\u00e4 ja elinvoimaa pitk\u00e4ll\u00e4 aikav\u00e4lill\u00e4. SANADOG-koulutusnamit kaniinilla, omenalla ja lehtikaalilla ovat vastustamattoman maukas ja terveellinen palkinto. Ne eiv\u00e4t murene tai rasvoitu, joten ne kulkevat k\u00e4tev\u00e4sti taskussa ja sopivat my\u00f6s ulkona harjoitteluun. Koostumus: 90 % kaniini, 4 % omena, 4 % lehtikaali, 2 % luonnollinen kasviglyseriini.Analyyttiset ainesosat: Proteiini 36 %, Rasva 19 %, Kosteus 8 %, Tuhka 8 %, Kuitu 2 %T\u00e4ydennysrehu koirille. S\u00e4ilytys: S\u00e4ilyt\u00e4 viile\u00e4ss\u00e4 ja kuivassa paikassa, suojassa suoralta auringonvalolta. Ruokintaohje: Sopii pennuille 12 viikon i\u00e4st\u00e4 alkaen.Valvo koiraa ruokinnan aikana ja varmista, ett\u00e4 raikasta juomavett\u00e4 on aina saatavilla.\" \/>\n<meta property=\"og:url\" content=\"https:\/\/miumjau.ee\/fi\/tuote\/sana-mini-koulutusnamit-kaniinilla-omenalla-ja-lehtikaalilla-1-kg\/\" \/>\n<meta property=\"og:site_name\" content=\"MiuMjau\" \/>\n<meta property=\"article:publisher\" content=\"https:\/\/www.facebook.com\/miumjaupood\/\" \/>\n<meta property=\"og:image\" content=\"https:\/\/miumjau.ee\/wp-content\/uploads\/2025\/03\/treeningmaius-sana-janes-superfoods-1kg.webp\" \/>\n\t<meta property=\"og:image:width\" content=\"600\" \/>\n\t<meta property=\"og:image:height\" content=\"800\" \/>\n\t<meta property=\"og:image:type\" content=\"image\/webp\" \/>\n<meta name=\"twitter:card\" content=\"summary_large_image\" \/>\n<script type=\"application\/ld+json\" class=\"yoast-schema-graph\">{\"@context\":\"https:\/\/schema.org\",\"@graph\":[{\"@type\":\"WebPage\",\"@id\":\"https:\/\/miumjau.ee\/fi\/tuote\/sana-mini-koulutusnamit-kaniinilla-omenalla-ja-lehtikaalilla-1-kg\/\",\"url\":\"https:\/\/miumjau.ee\/fi\/tuote\/sana-mini-koulutusnamit-kaniinilla-omenalla-ja-lehtikaalilla-1-kg\/\",\"name\":\"Sana Mini -koulutusnamit kaniinilla, omenalla ja lehtikaalilla 1 kg - MiuMjau\",\"isPartOf\":{\"@id\":\"https:\/\/miumjau.ee\/#website\"},\"primaryImageOfPage\":{\"@id\":\"https:\/\/miumjau.ee\/fi\/tuote\/sana-mini-koulutusnamit-kaniinilla-omenalla-ja-lehtikaalilla-1-kg\/#primaryimage\"},\"image\":{\"@id\":\"https:\/\/miumjau.ee\/fi\/tuote\/sana-mini-koulutusnamit-kaniinilla-omenalla-ja-lehtikaalilla-1-kg\/#primaryimage\"},\"thumbnailUrl\":\"https:\/\/miumjau.ee\/wp-content\/uploads\/2025\/03\/treeningmaius-sana-janes-superfoods-1kg.webp\",\"datePublished\":\"2025-03-23T11:45:26+00:00\",\"breadcrumb\":{\"@id\":\"https:\/\/miumjau.ee\/fi\/tuote\/sana-mini-koulutusnamit-kaniinilla-omenalla-ja-lehtikaalilla-1-kg\/#breadcrumb\"},\"inLanguage\":\"fi\",\"potentialAction\":[{\"@type\":\"ReadAction\",\"target\":[\"https:\/\/miumjau.ee\/fi\/tuote\/sana-mini-koulutusnamit-kaniinilla-omenalla-ja-lehtikaalilla-1-kg\/\"]}]},{\"@type\":\"ImageObject\",\"inLanguage\":\"fi\",\"@id\":\"https:\/\/miumjau.ee\/fi\/tuote\/sana-mini-koulutusnamit-kaniinilla-omenalla-ja-lehtikaalilla-1-kg\/#primaryimage\",\"url\":\"https:\/\/miumjau.ee\/wp-content\/uploads\/2025\/03\/treeningmaius-sana-janes-superfoods-1kg.webp\",\"contentUrl\":\"https:\/\/miumjau.ee\/wp-content\/uploads\/2025\/03\/treeningmaius-sana-janes-superfoods-1kg.webp\",\"width\":600,\"height\":800,\"caption\":\"Treeningmaius koerale Sana \u00e4mbriga 1 kg\"},{\"@type\":\"BreadcrumbList\",\"@id\":\"https:\/\/miumjau.ee\/fi\/tuote\/sana-mini-koulutusnamit-kaniinilla-omenalla-ja-lehtikaalilla-1-kg\/#breadcrumb\",\"itemListElement\":[{\"@type\":\"ListItem\",\"position\":1,\"name\":\"Home\",\"item\":\"https:\/\/miumjau.ee\/fi\/\"},{\"@type\":\"ListItem\",\"position\":2,\"name\":\"Kauppa\",\"item\":\"https:\/\/miumjau.ee\/fi\/kauppa\/\"},{\"@type\":\"ListItem\",\"position\":3,\"name\":\"Sana Mini -koulutusnamit kaniinilla, omenalla ja lehtikaalilla 1 kg\"}]},{\"@type\":\"WebSite\",\"@id\":\"https:\/\/miumjau.ee\/#website\",\"url\":\"https:\/\/miumjau.ee\/\",\"name\":\"MiuMjau\",\"description\":\"Kraapimispuud kassidele\",\"publisher\":{\"@id\":\"https:\/\/miumjau.ee\/#organization\"},\"potentialAction\":[{\"@type\":\"SearchAction\",\"target\":{\"@type\":\"EntryPoint\",\"urlTemplate\":\"https:\/\/miumjau.ee\/?s={search_term_string}\"},\"query-input\":{\"@type\":\"PropertyValueSpecification\",\"valueRequired\":true,\"valueName\":\"search_term_string\"}}],\"inLanguage\":\"fi\"},{\"@type\":\"Organization\",\"@id\":\"https:\/\/miumjau.ee\/#organization\",\"name\":\"MiuMjau O\u00dc\",\"url\":\"https:\/\/miumjau.ee\/\",\"logo\":{\"@type\":\"ImageObject\",\"inLanguage\":\"fi\",\"@id\":\"https:\/\/miumjau.ee\/#\/schema\/logo\/image\/\",\"url\":\"https:\/\/miumjau.ee\/wp-content\/uploads\/2022\/04\/MiuMjau-logo-kollane.png\",\"contentUrl\":\"https:\/\/miumjau.ee\/wp-content\/uploads\/2022\/04\/MiuMjau-logo-kollane.png\",\"width\":219,\"height\":100,\"caption\":\"MiuMjau O\u00dc\"},\"image\":{\"@id\":\"https:\/\/miumjau.ee\/#\/schema\/logo\/image\/\"},\"sameAs\":[\"https:\/\/www.facebook.com\/miumjaupood\/\"]}]}<\/script>\n<!-- \/ Yoast SEO plugin. -->","yoast_head_json":{"title":"Sana Mini -koulutusnamit kaniinilla, omenalla ja lehtikaalilla 1 kg - MiuMjau","robots":{"index":"index","follow":"follow","max-snippet":"max-snippet:-1","max-image-preview":"max-image-preview:large","max-video-preview":"max-video-preview:-1"},"canonical":"https:\/\/miumjau.ee\/fi\/tuote\/sana-mini-koulutusnamit-kaniinilla-omenalla-ja-lehtikaalilla-1-kg\/","og_locale":"fi_FI","og_type":"article","og_title":"Sana Mini -koulutusnamit kaniinilla, omenalla ja lehtikaalilla 1 kg - MiuMjau","og_description":"Sana-koulutusnamit ovat terveellisi\u00e4 ja pehmeit\u00e4, joten ne sopivat t\u00e4ydellisesti p\u00e4ivitt\u00e4iseen koulutukseen ja motivointiin. Ne ovat ihanteellisia positiiviseen vahvistamiseen. N\u00e4in koirasi saa palkinnon joko kehun tai herkun muodossa toivotusta k\u00e4ytt\u00e4ytymisest\u00e4. Huolellisesti valittu kaniininliha, omena ja lehtikaali ovat per\u00e4isin paikallisilta tuottajilta ja ovat 100 % j\u00e4ljitett\u00e4viss\u00e4. Hell\u00e4varainen valmistusprosessi s\u00e4ilytt\u00e4\u00e4 ravintoaineet, tukien koirasi terveytt\u00e4 ja elinvoimaa pitk\u00e4ll\u00e4 aikav\u00e4lill\u00e4. SANADOG-koulutusnamit kaniinilla, omenalla ja lehtikaalilla ovat vastustamattoman maukas ja terveellinen palkinto. Ne eiv\u00e4t murene tai rasvoitu, joten ne kulkevat k\u00e4tev\u00e4sti taskussa ja sopivat my\u00f6s ulkona harjoitteluun. Koostumus: 90 % kaniini, 4 % omena, 4 % lehtikaali, 2 % luonnollinen kasviglyseriini.Analyyttiset ainesosat: Proteiini 36 %, Rasva 19 %, Kosteus 8 %, Tuhka 8 %, Kuitu 2 %T\u00e4ydennysrehu koirille. S\u00e4ilytys: S\u00e4ilyt\u00e4 viile\u00e4ss\u00e4 ja kuivassa paikassa, suojassa suoralta auringonvalolta. Ruokintaohje: Sopii pennuille 12 viikon i\u00e4st\u00e4 alkaen.Valvo koiraa ruokinnan aikana ja varmista, ett\u00e4 raikasta juomavett\u00e4 on aina saatavilla.","og_url":"https:\/\/miumjau.ee\/fi\/tuote\/sana-mini-koulutusnamit-kaniinilla-omenalla-ja-lehtikaalilla-1-kg\/","og_site_name":"MiuMjau","article_publisher":"https:\/\/www.facebook.com\/miumjaupood\/","og_image":[{"width":600,"height":800,"url":"https:\/\/miumjau.ee\/wp-content\/uploads\/2025\/03\/treeningmaius-sana-janes-superfoods-1kg.webp","type":"image\/webp"}],"twitter_card":"summary_large_image","schema":{"@context":"https:\/\/schema.org","@graph":[{"@type":"WebPage","@id":"https:\/\/miumjau.ee\/fi\/tuote\/sana-mini-koulutusnamit-kaniinilla-omenalla-ja-lehtikaalilla-1-kg\/","url":"https:\/\/miumjau.ee\/fi\/tuote\/sana-mini-koulutusnamit-kaniinilla-omenalla-ja-lehtikaalilla-1-kg\/","name":"Sana Mini -koulutusnamit kaniinilla, omenalla ja lehtikaalilla 1 kg - MiuMjau","isPartOf":{"@id":"https:\/\/miumjau.ee\/#website"},"primaryImageOfPage":{"@id":"https:\/\/miumjau.ee\/fi\/tuote\/sana-mini-koulutusnamit-kaniinilla-omenalla-ja-lehtikaalilla-1-kg\/#primaryimage"},"image":{"@id":"https:\/\/miumjau.ee\/fi\/tuote\/sana-mini-koulutusnamit-kaniinilla-omenalla-ja-lehtikaalilla-1-kg\/#primaryimage"},"thumbnailUrl":"https:\/\/miumjau.ee\/wp-content\/uploads\/2025\/03\/treeningmaius-sana-janes-superfoods-1kg.webp","datePublished":"2025-03-23T11:45:26+00:00","breadcrumb":{"@id":"https:\/\/miumjau.ee\/fi\/tuote\/sana-mini-koulutusnamit-kaniinilla-omenalla-ja-lehtikaalilla-1-kg\/#breadcrumb"},"inLanguage":"fi","potentialAction":[{"@type":"ReadAction","target":["https:\/\/miumjau.ee\/fi\/tuote\/sana-mini-koulutusnamit-kaniinilla-omenalla-ja-lehtikaalilla-1-kg\/"]}]},{"@type":"ImageObject","inLanguage":"fi","@id":"https:\/\/miumjau.ee\/fi\/tuote\/sana-mini-koulutusnamit-kaniinilla-omenalla-ja-lehtikaalilla-1-kg\/#primaryimage","url":"https:\/\/miumjau.ee\/wp-content\/uploads\/2025\/03\/treeningmaius-sana-janes-superfoods-1kg.webp","contentUrl":"https:\/\/miumjau.ee\/wp-content\/uploads\/2025\/03\/treeningmaius-sana-janes-superfoods-1kg.webp","width":600,"height":800,"caption":"Treeningmaius koerale Sana \u00e4mbriga 1 kg"},{"@type":"BreadcrumbList","@id":"https:\/\/miumjau.ee\/fi\/tuote\/sana-mini-koulutusnamit-kaniinilla-omenalla-ja-lehtikaalilla-1-kg\/#breadcrumb","itemListElement":[{"@type":"ListItem","position":1,"name":"Home","item":"https:\/\/miumjau.ee\/fi\/"},{"@type":"ListItem","position":2,"name":"Kauppa","item":"https:\/\/miumjau.ee\/fi\/kauppa\/"},{"@type":"ListItem","position":3,"name":"Sana Mini -koulutusnamit kaniinilla, omenalla ja lehtikaalilla 1 kg"}]},{"@type":"WebSite","@id":"https:\/\/miumjau.ee\/#website","url":"https:\/\/miumjau.ee\/","name":"MiuMjau","description":"Kraapimispuud kassidele","publisher":{"@id":"https:\/\/miumjau.ee\/#organization"},"potentialAction":[{"@type":"SearchAction","target":{"@type":"EntryPoint","urlTemplate":"https:\/\/miumjau.ee\/?s={search_term_string}"},"query-input":{"@type":"PropertyValueSpecification","valueRequired":true,"valueName":"search_term_string"}}],"inLanguage":"fi"},{"@type":"Organization","@id":"https:\/\/miumjau.ee\/#organization","name":"MiuMjau O\u00dc","url":"https:\/\/miumjau.ee\/","logo":{"@type":"ImageObject","inLanguage":"fi","@id":"https:\/\/miumjau.ee\/#\/schema\/logo\/image\/","url":"https:\/\/miumjau.ee\/wp-content\/uploads\/2022\/04\/MiuMjau-logo-kollane.png","contentUrl":"https:\/\/miumjau.ee\/wp-content\/uploads\/2022\/04\/MiuMjau-logo-kollane.png","width":219,"height":100,"caption":"MiuMjau O\u00dc"},"image":{"@id":"https:\/\/miumjau.ee\/#\/schema\/logo\/image\/"},"sameAs":["https:\/\/www.facebook.com\/miumjaupood\/"]}]}},"_links":{"self":[{"href":"https:\/\/miumjau.ee\/fi\/wp-json\/wp\/v2\/product\/52412","targetHints":{"allow":["GET"]}}],"collection":[{"href":"https:\/\/miumjau.ee\/fi\/wp-json\/wp\/v2\/product"}],"about":[{"href":"https:\/\/miumjau.ee\/fi\/wp-json\/wp\/v2\/types\/product"}],"wp:featuredmedia":[{"embeddable":true,"href":"https:\/\/miumjau.ee\/fi\/wp-json\/wp\/v2\/media\/30068"}],"wp:attachment":[{"href":"https:\/\/miumjau.ee\/fi\/wp-json\/wp\/v2\/media?parent=52412"}],"wp:term":[{"taxonomy":"product_brand","embeddable":true,"href":"https:\/\/miumjau.ee\/fi\/wp-json\/wp\/v2\/product_brand?post=52412"},{"taxonomy":"product_cat","embeddable":true,"href":"https:\/\/miumjau.ee\/fi\/wp-json\/wp\/v2\/product_cat?post=52412"},{"taxonomy":"product_tag","embeddable":true,"href":"https:\/\/miumjau.ee\/fi\/wp-json\/wp\/v2\/product_tag?post=52412"}],"curies":[{"name":"wp","href":"https:\/\/api.w.org\/{rel}","templated":true}]}}