{"id":52329,"date":"2025-03-31T13:32:23","date_gmt":"2025-03-31T10:32:23","guid":{"rendered":"https:\/\/miumjau.ee\/toode\/brit-pate-meat-koirille-kani-400-g\/"},"modified":"2025-03-31T13:32:23","modified_gmt":"2025-03-31T10:32:23","slug":"brit-pate-meat-koirille-kani-400-g","status":"publish","type":"product","link":"https:\/\/miumjau.ee\/fi\/tuote\/brit-pate-meat-koirille-kani-400-g\/","title":{"rendered":"Brit P\u00e2t\u00e9 &#038; Meat \u2013 koirille kani, 400 g"},"content":{"rendered":"","protected":false},"excerpt":{"rendered":"<p data-start=\"127\" data-end=\"198\">Puhdas pate terveill\u00e4 elimill\u00e4 ja lihapaloilla. T\u00e4ysravinto koirille.<\/p>\n<ul data-start=\"200\" data-end=\"549\">\n<li data-start=\"200\" data-end=\"252\">\n<p data-start=\"202\" data-end=\"252\">Todelliset lihapalat, joissa my\u00f6s terveet elimet<\/p>\n<\/li>\n<li data-start=\"253\" data-end=\"348\">\n<p data-start=\"255\" data-end=\"348\">Laadukkaan lihan korkea osuus ja huolellinen k\u00e4sittely takaavat erinomaisen maun ja tuoksun<\/p>\n<\/li>\n<li data-start=\"349\" data-end=\"457\">\n<p data-start=\"351\" data-end=\"457\">Herkullinen yhdistelm\u00e4 oikeita lihapaloja ja sis\u00e4elimi\u00e4 pateessa tyydytt\u00e4\u00e4 my\u00f6s vaativimmat koiragurmeet<\/p>\n<\/li>\n<li data-start=\"458\" data-end=\"549\">\n<p data-start=\"460\" data-end=\"549\">Brit P\u00e2t\u00e9 &amp; Meat on ihanteellinen lis\u00e4 kuivaruoalle, parantaa ruokahalua ja nesteytyst\u00e4<\/p>\n<\/li>\n<\/ul>\n<p data-start=\"551\" data-end=\"588\"><strong data-start=\"551\" data-end=\"586\">TER\u00c4VABA \/ SOIJAVABA \/ GMO-VABA<\/strong><\/p>\n<p data-start=\"590\" data-end=\"713\"><strong data-start=\"590\" data-end=\"604\">Ainesosat:<\/strong> 44 % kana (liha ja elimet), 26 % kani (liha ja elimet), 3 % hernet\u00e4rkkelys, 1 % hernekuitu, 0,5 % lohi\u00f6ljy<\/p>\n<p data-start=\"715\" data-end=\"870\"><strong data-start=\"715\" data-end=\"738\">Analysoidut aineet:<\/strong> Raakaproteiini 8 %, raakarasva 4 %, raakatuhka 3,5 %, kosteus 78 %, raakakuitu 0,5 %, kalsium 0,1 %, fosfori 0,3 %, natrium 0,2 %<\/p>\n<p data-start=\"872\" data-end=\"1074\"><strong data-start=\"872\" data-end=\"889\">Ravintolis\u00e4t:<\/strong><br data-start=\"889\" data-end=\"892\" \/>D3-vitamiini (3a671) 250 IU, E-vitamiini (3a700) 100 mg, sinkki (3b606) 15 mg, rauta (3b106) 10 mg, mangaani (3b504) 3 mg, kaliumjodidi (3b204) 0,5 mg, biotiini (3a880) 0,2 mg \/ kg<\/p>\n<p data-start=\"1076\" data-end=\"1135\"><strong data-start=\"1076\" data-end=\"1104\">Teknologiset lis\u00e4aineet:<\/strong> karrageeni (E410) 5000 mg\/kg<\/p>\n<p data-start=\"1137\" data-end=\"1179\"><strong data-start=\"1137\" data-end=\"1165\">Metabolisoituva energia:<\/strong> 910 kcal\/kg<\/p>\n","protected":false},"featured_media":31347,"template":"","meta":[],"product_brand":[],"product_cat":[479],"product_tag":[],"class_list":{"0":"post-52329","1":"product","2":"type-product","3":"status-publish","4":"has-post-thumbnail","6":"product_cat-markaruoka-koirille","8":"first","9":"instock","10":"sale","11":"taxable","12":"shipping-taxable","13":"purchasable","14":"product-type-simple"},"yoast_head":"<!-- This site is optimized with the Yoast SEO plugin v27.2 - https:\/\/yoast.com\/product\/yoast-seo-wordpress\/ -->\n<title>Brit P\u00e2t\u00e9 &amp; Meat \u2013 koirille kani, 400 g - MiuMjau<\/title>\n<meta name=\"robots\" content=\"index, follow, max-snippet:-1, max-image-preview:large, max-video-preview:-1\" \/>\n<link rel=\"canonical\" href=\"https:\/\/miumjau.ee\/fi\/tuote\/brit-pate-meat-koirille-kani-400-g\/\" \/>\n<meta property=\"og:locale\" content=\"fi_FI\" \/>\n<meta property=\"og:type\" content=\"article\" \/>\n<meta property=\"og:title\" content=\"Brit P\u00e2t\u00e9 &amp; Meat \u2013 koirille kani, 400 g - MiuMjau\" \/>\n<meta property=\"og:description\" content=\"Puhdas pate terveill\u00e4 elimill\u00e4 ja lihapaloilla. T\u00e4ysravinto koirille.     Todelliset lihapalat, joissa my\u00f6s terveet elimet    Laadukkaan lihan korkea osuus ja huolellinen k\u00e4sittely takaavat erinomaisen maun ja tuoksun    Herkullinen yhdistelm\u00e4 oikeita lihapaloja ja sis\u00e4elimi\u00e4 pateessa tyydytt\u00e4\u00e4 my\u00f6s vaativimmat koiragurmeet    Brit P\u00e2t\u00e9 &amp; Meat on ihanteellinen lis\u00e4 kuivaruoalle, parantaa ruokahalua ja nesteytyst\u00e4   TER\u00c4VABA \/ SOIJAVABA \/ GMO-VABA Ainesosat: 44 % kana (liha ja elimet), 26 % kani (liha ja elimet), 3 % hernet\u00e4rkkelys, 1 % hernekuitu, 0,5 % lohi\u00f6ljy Analysoidut aineet: Raakaproteiini 8 %, raakarasva 4 %, raakatuhka 3,5 %, kosteus 78 %, raakakuitu 0,5 %, kalsium 0,1 %, fosfori 0,3 %, natrium 0,2 % Ravintolis\u00e4t:D3-vitamiini (3a671) 250 IU, E-vitamiini (3a700) 100 mg, sinkki (3b606) 15 mg, rauta (3b106) 10 mg, mangaani (3b504) 3 mg, kaliumjodidi (3b204) 0,5 mg, biotiini (3a880) 0,2 mg \/ kg Teknologiset lis\u00e4aineet: karrageeni (E410) 5000 mg\/kg Metabolisoituva energia: 910 kcal\/kg\" \/>\n<meta property=\"og:url\" content=\"https:\/\/miumjau.ee\/fi\/tuote\/brit-pate-meat-koirille-kani-400-g\/\" \/>\n<meta property=\"og:site_name\" content=\"MiuMjau\" \/>\n<meta property=\"article:publisher\" content=\"https:\/\/www.facebook.com\/miumjaupood\/\" \/>\n<meta property=\"og:image\" content=\"https:\/\/miumjau.ee\/wp-content\/uploads\/2025\/03\/brit-pate-meat-konserv-koerale-kuulik1-Photoroom.webp\" \/>\n\t<meta property=\"og:image:width\" content=\"600\" \/>\n\t<meta property=\"og:image:height\" content=\"800\" \/>\n\t<meta property=\"og:image:type\" content=\"image\/webp\" \/>\n<meta name=\"twitter:card\" content=\"summary_large_image\" \/>\n<script type=\"application\/ld+json\" class=\"yoast-schema-graph\">{\"@context\":\"https:\/\/schema.org\",\"@graph\":[{\"@type\":\"WebPage\",\"@id\":\"https:\/\/miumjau.ee\/fi\/tuote\/brit-pate-meat-koirille-kani-400-g\/\",\"url\":\"https:\/\/miumjau.ee\/fi\/tuote\/brit-pate-meat-koirille-kani-400-g\/\",\"name\":\"Brit P\u00e2t\u00e9 & Meat \u2013 koirille kani, 400 g - MiuMjau\",\"isPartOf\":{\"@id\":\"https:\/\/miumjau.ee\/#website\"},\"primaryImageOfPage\":{\"@id\":\"https:\/\/miumjau.ee\/fi\/tuote\/brit-pate-meat-koirille-kani-400-g\/#primaryimage\"},\"image\":{\"@id\":\"https:\/\/miumjau.ee\/fi\/tuote\/brit-pate-meat-koirille-kani-400-g\/#primaryimage\"},\"thumbnailUrl\":\"https:\/\/miumjau.ee\/wp-content\/uploads\/2025\/03\/brit-pate-meat-konserv-koerale-kuulik1-Photoroom.webp\",\"datePublished\":\"2025-03-31T10:32:23+00:00\",\"breadcrumb\":{\"@id\":\"https:\/\/miumjau.ee\/fi\/tuote\/brit-pate-meat-koirille-kani-400-g\/#breadcrumb\"},\"inLanguage\":\"fi\",\"potentialAction\":[{\"@type\":\"ReadAction\",\"target\":[\"https:\/\/miumjau.ee\/fi\/tuote\/brit-pate-meat-koirille-kani-400-g\/\"]}]},{\"@type\":\"ImageObject\",\"inLanguage\":\"fi\",\"@id\":\"https:\/\/miumjau.ee\/fi\/tuote\/brit-pate-meat-koirille-kani-400-g\/#primaryimage\",\"url\":\"https:\/\/miumjau.ee\/wp-content\/uploads\/2025\/03\/brit-pate-meat-konserv-koerale-kuulik1-Photoroom.webp\",\"contentUrl\":\"https:\/\/miumjau.ee\/wp-content\/uploads\/2025\/03\/brit-pate-meat-konserv-koerale-kuulik1-Photoroom.webp\",\"width\":600,\"height\":800,\"caption\":\"Brit Pate konserv koerale\"},{\"@type\":\"BreadcrumbList\",\"@id\":\"https:\/\/miumjau.ee\/fi\/tuote\/brit-pate-meat-koirille-kani-400-g\/#breadcrumb\",\"itemListElement\":[{\"@type\":\"ListItem\",\"position\":1,\"name\":\"Home\",\"item\":\"https:\/\/miumjau.ee\/fi\/\"},{\"@type\":\"ListItem\",\"position\":2,\"name\":\"Kauppa\",\"item\":\"https:\/\/miumjau.ee\/fi\/kauppa\/\"},{\"@type\":\"ListItem\",\"position\":3,\"name\":\"Brit P\u00e2t\u00e9 &#038; Meat \u2013 koirille kani, 400 g\"}]},{\"@type\":\"WebSite\",\"@id\":\"https:\/\/miumjau.ee\/#website\",\"url\":\"https:\/\/miumjau.ee\/\",\"name\":\"MiuMjau\",\"description\":\"Kraapimispuud kassidele\",\"publisher\":{\"@id\":\"https:\/\/miumjau.ee\/#organization\"},\"potentialAction\":[{\"@type\":\"SearchAction\",\"target\":{\"@type\":\"EntryPoint\",\"urlTemplate\":\"https:\/\/miumjau.ee\/?s={search_term_string}\"},\"query-input\":{\"@type\":\"PropertyValueSpecification\",\"valueRequired\":true,\"valueName\":\"search_term_string\"}}],\"inLanguage\":\"fi\"},{\"@type\":\"Organization\",\"@id\":\"https:\/\/miumjau.ee\/#organization\",\"name\":\"MiuMjau O\u00dc\",\"url\":\"https:\/\/miumjau.ee\/\",\"logo\":{\"@type\":\"ImageObject\",\"inLanguage\":\"fi\",\"@id\":\"https:\/\/miumjau.ee\/#\/schema\/logo\/image\/\",\"url\":\"https:\/\/miumjau.ee\/wp-content\/uploads\/2022\/04\/MiuMjau-logo-kollane.png\",\"contentUrl\":\"https:\/\/miumjau.ee\/wp-content\/uploads\/2022\/04\/MiuMjau-logo-kollane.png\",\"width\":219,\"height\":100,\"caption\":\"MiuMjau O\u00dc\"},\"image\":{\"@id\":\"https:\/\/miumjau.ee\/#\/schema\/logo\/image\/\"},\"sameAs\":[\"https:\/\/www.facebook.com\/miumjaupood\/\"]}]}<\/script>\n<!-- \/ Yoast SEO plugin. -->","yoast_head_json":{"title":"Brit P\u00e2t\u00e9 & Meat \u2013 koirille kani, 400 g - MiuMjau","robots":{"index":"index","follow":"follow","max-snippet":"max-snippet:-1","max-image-preview":"max-image-preview:large","max-video-preview":"max-video-preview:-1"},"canonical":"https:\/\/miumjau.ee\/fi\/tuote\/brit-pate-meat-koirille-kani-400-g\/","og_locale":"fi_FI","og_type":"article","og_title":"Brit P\u00e2t\u00e9 & Meat \u2013 koirille kani, 400 g - MiuMjau","og_description":"Puhdas pate terveill\u00e4 elimill\u00e4 ja lihapaloilla. T\u00e4ysravinto koirille.     Todelliset lihapalat, joissa my\u00f6s terveet elimet    Laadukkaan lihan korkea osuus ja huolellinen k\u00e4sittely takaavat erinomaisen maun ja tuoksun    Herkullinen yhdistelm\u00e4 oikeita lihapaloja ja sis\u00e4elimi\u00e4 pateessa tyydytt\u00e4\u00e4 my\u00f6s vaativimmat koiragurmeet    Brit P\u00e2t\u00e9 &amp; Meat on ihanteellinen lis\u00e4 kuivaruoalle, parantaa ruokahalua ja nesteytyst\u00e4   TER\u00c4VABA \/ SOIJAVABA \/ GMO-VABA Ainesosat: 44 % kana (liha ja elimet), 26 % kani (liha ja elimet), 3 % hernet\u00e4rkkelys, 1 % hernekuitu, 0,5 % lohi\u00f6ljy Analysoidut aineet: Raakaproteiini 8 %, raakarasva 4 %, raakatuhka 3,5 %, kosteus 78 %, raakakuitu 0,5 %, kalsium 0,1 %, fosfori 0,3 %, natrium 0,2 % Ravintolis\u00e4t:D3-vitamiini (3a671) 250 IU, E-vitamiini (3a700) 100 mg, sinkki (3b606) 15 mg, rauta (3b106) 10 mg, mangaani (3b504) 3 mg, kaliumjodidi (3b204) 0,5 mg, biotiini (3a880) 0,2 mg \/ kg Teknologiset lis\u00e4aineet: karrageeni (E410) 5000 mg\/kg Metabolisoituva energia: 910 kcal\/kg","og_url":"https:\/\/miumjau.ee\/fi\/tuote\/brit-pate-meat-koirille-kani-400-g\/","og_site_name":"MiuMjau","article_publisher":"https:\/\/www.facebook.com\/miumjaupood\/","og_image":[{"width":600,"height":800,"url":"https:\/\/miumjau.ee\/wp-content\/uploads\/2025\/03\/brit-pate-meat-konserv-koerale-kuulik1-Photoroom.webp","type":"image\/webp"}],"twitter_card":"summary_large_image","schema":{"@context":"https:\/\/schema.org","@graph":[{"@type":"WebPage","@id":"https:\/\/miumjau.ee\/fi\/tuote\/brit-pate-meat-koirille-kani-400-g\/","url":"https:\/\/miumjau.ee\/fi\/tuote\/brit-pate-meat-koirille-kani-400-g\/","name":"Brit P\u00e2t\u00e9 & Meat \u2013 koirille kani, 400 g - MiuMjau","isPartOf":{"@id":"https:\/\/miumjau.ee\/#website"},"primaryImageOfPage":{"@id":"https:\/\/miumjau.ee\/fi\/tuote\/brit-pate-meat-koirille-kani-400-g\/#primaryimage"},"image":{"@id":"https:\/\/miumjau.ee\/fi\/tuote\/brit-pate-meat-koirille-kani-400-g\/#primaryimage"},"thumbnailUrl":"https:\/\/miumjau.ee\/wp-content\/uploads\/2025\/03\/brit-pate-meat-konserv-koerale-kuulik1-Photoroom.webp","datePublished":"2025-03-31T10:32:23+00:00","breadcrumb":{"@id":"https:\/\/miumjau.ee\/fi\/tuote\/brit-pate-meat-koirille-kani-400-g\/#breadcrumb"},"inLanguage":"fi","potentialAction":[{"@type":"ReadAction","target":["https:\/\/miumjau.ee\/fi\/tuote\/brit-pate-meat-koirille-kani-400-g\/"]}]},{"@type":"ImageObject","inLanguage":"fi","@id":"https:\/\/miumjau.ee\/fi\/tuote\/brit-pate-meat-koirille-kani-400-g\/#primaryimage","url":"https:\/\/miumjau.ee\/wp-content\/uploads\/2025\/03\/brit-pate-meat-konserv-koerale-kuulik1-Photoroom.webp","contentUrl":"https:\/\/miumjau.ee\/wp-content\/uploads\/2025\/03\/brit-pate-meat-konserv-koerale-kuulik1-Photoroom.webp","width":600,"height":800,"caption":"Brit Pate konserv koerale"},{"@type":"BreadcrumbList","@id":"https:\/\/miumjau.ee\/fi\/tuote\/brit-pate-meat-koirille-kani-400-g\/#breadcrumb","itemListElement":[{"@type":"ListItem","position":1,"name":"Home","item":"https:\/\/miumjau.ee\/fi\/"},{"@type":"ListItem","position":2,"name":"Kauppa","item":"https:\/\/miumjau.ee\/fi\/kauppa\/"},{"@type":"ListItem","position":3,"name":"Brit P\u00e2t\u00e9 &#038; Meat \u2013 koirille kani, 400 g"}]},{"@type":"WebSite","@id":"https:\/\/miumjau.ee\/#website","url":"https:\/\/miumjau.ee\/","name":"MiuMjau","description":"Kraapimispuud kassidele","publisher":{"@id":"https:\/\/miumjau.ee\/#organization"},"potentialAction":[{"@type":"SearchAction","target":{"@type":"EntryPoint","urlTemplate":"https:\/\/miumjau.ee\/?s={search_term_string}"},"query-input":{"@type":"PropertyValueSpecification","valueRequired":true,"valueName":"search_term_string"}}],"inLanguage":"fi"},{"@type":"Organization","@id":"https:\/\/miumjau.ee\/#organization","name":"MiuMjau O\u00dc","url":"https:\/\/miumjau.ee\/","logo":{"@type":"ImageObject","inLanguage":"fi","@id":"https:\/\/miumjau.ee\/#\/schema\/logo\/image\/","url":"https:\/\/miumjau.ee\/wp-content\/uploads\/2022\/04\/MiuMjau-logo-kollane.png","contentUrl":"https:\/\/miumjau.ee\/wp-content\/uploads\/2022\/04\/MiuMjau-logo-kollane.png","width":219,"height":100,"caption":"MiuMjau O\u00dc"},"image":{"@id":"https:\/\/miumjau.ee\/#\/schema\/logo\/image\/"},"sameAs":["https:\/\/www.facebook.com\/miumjaupood\/"]}]}},"_links":{"self":[{"href":"https:\/\/miumjau.ee\/fi\/wp-json\/wp\/v2\/product\/52329","targetHints":{"allow":["GET"]}}],"collection":[{"href":"https:\/\/miumjau.ee\/fi\/wp-json\/wp\/v2\/product"}],"about":[{"href":"https:\/\/miumjau.ee\/fi\/wp-json\/wp\/v2\/types\/product"}],"wp:featuredmedia":[{"embeddable":true,"href":"https:\/\/miumjau.ee\/fi\/wp-json\/wp\/v2\/media\/31347"}],"wp:attachment":[{"href":"https:\/\/miumjau.ee\/fi\/wp-json\/wp\/v2\/media?parent=52329"}],"wp:term":[{"taxonomy":"product_brand","embeddable":true,"href":"https:\/\/miumjau.ee\/fi\/wp-json\/wp\/v2\/product_brand?post=52329"},{"taxonomy":"product_cat","embeddable":true,"href":"https:\/\/miumjau.ee\/fi\/wp-json\/wp\/v2\/product_cat?post=52329"},{"taxonomy":"product_tag","embeddable":true,"href":"https:\/\/miumjau.ee\/fi\/wp-json\/wp\/v2\/product_tag?post=52329"}],"curies":[{"name":"wp","href":"https:\/\/api.w.org\/{rel}","templated":true}]}}