{"id":52312,"date":"2025-03-31T13:33:44","date_gmt":"2025-03-31T10:33:44","guid":{"rendered":"https:\/\/miumjau.ee\/toode\/brit-pate-meat-pentueille-kanaa-ja-kalkkunaa-400-g\/"},"modified":"2026-01-10T11:05:10","modified_gmt":"2026-01-10T09:05:10","slug":"brit-pate-meat-pentueille-kanaa-ja-kalkkunaa-400-g","status":"publish","type":"product","link":"https:\/\/miumjau.ee\/fi\/tuote\/brit-pate-meat-pentueille-kanaa-ja-kalkkunaa-400-g\/","title":{"rendered":"Brit P\u00e2t\u00e9 &#038; Meat \u2013 pentueille kanaa ja kalkkunaa, 400 g"},"content":{"rendered":"","protected":false},"excerpt":{"rendered":"<p data-start=\"143\" data-end=\"237\">Puhdas pate terveill\u00e4 elimill\u00e4 ja lihapaloilla. T\u00e4ydennysruoka pennuille ja juniorikoirille.<\/p>\n<ul data-start=\"239\" data-end=\"588\">\n<li data-start=\"239\" data-end=\"291\">\n<p data-start=\"241\" data-end=\"291\">Todelliset lihapalat, joissa my\u00f6s terveet elimet<\/p>\n<\/li>\n<li data-start=\"292\" data-end=\"387\">\n<p data-start=\"294\" data-end=\"387\">Laadukkaan lihan korkea osuus ja huolellinen k\u00e4sittely takaavat erinomaisen maun ja tuoksun<\/p>\n<\/li>\n<li data-start=\"388\" data-end=\"496\">\n<p data-start=\"390\" data-end=\"496\">Herkullinen yhdistelm\u00e4 oikeita lihapaloja ja sis\u00e4elimi\u00e4 pateessa tyydytt\u00e4\u00e4 my\u00f6s vaativimmat koiragurmeet<\/p>\n<\/li>\n<li data-start=\"497\" data-end=\"588\">\n<p data-start=\"499\" data-end=\"588\">Brit P\u00e2t\u00e9 &amp; Meat on ihanteellinen lis\u00e4 kuivaruoalle, parantaa ruokahalua ja nesteytyst\u00e4<\/p>\n<\/li>\n<\/ul>\n<p data-start=\"590\" data-end=\"627\"><strong data-start=\"590\" data-end=\"625\">TER\u00c4VABA \/ SOIJAVABA \/ GMO-VABA<\/strong><\/p>\n<p data-start=\"629\" data-end=\"756\"><strong data-start=\"629\" data-end=\"643\">Ainesosat:<\/strong> 44 % kana (liha ja elimet), 26 % kalkkuna (liha ja elimet), 3 % hernet\u00e4rkkelys, 1 % hernekuitu, 0,5 % lohi\u00f6ljy<\/p>\n<p data-start=\"758\" data-end=\"914\"><strong data-start=\"758\" data-end=\"781\">Analysoidut aineet:<\/strong> Raakaproteiini 10 %, raakarasva 7 %, raakatuhka 2,5 %, kosteus 78 %, raakakuitu 0,5 %, kalsium 0,1 %, fosfori 0,3 %, natrium 0,2 %<\/p>\n<p data-start=\"916\" data-end=\"1118\"><strong data-start=\"916\" data-end=\"933\">Ravintolis\u00e4t:<\/strong><br data-start=\"933\" data-end=\"936\" \/>D3-vitamiini (3a671) 250 IU, E-vitamiini (3a700) 100 mg, sinkki (3b606) 15 mg, rauta (3b106) 10 mg, mangaani (3b504) 3 mg, kaliumjodidi (3b204) 0,5 mg, biotiini (3a880) 0,2 mg \/ kg<\/p>\n<p data-start=\"1120\" data-end=\"1179\"><strong data-start=\"1120\" data-end=\"1148\">Teknologiset lis\u00e4aineet:<\/strong> karrageeni (E410) 5000 mg\/kg<\/p>\n<p data-start=\"1181\" data-end=\"1224\"><strong data-start=\"1181\" data-end=\"1209\">Metabolisoituva energia:<\/strong> 1099 kcal\/kg<\/p>\n","protected":false},"featured_media":31335,"template":"","meta":[],"product_brand":[],"product_cat":[479],"product_tag":[],"class_list":{"0":"post-52312","1":"product","2":"type-product","3":"status-publish","4":"has-post-thumbnail","6":"product_cat-markaruoka-koirille","8":"first","9":"instock","10":"sale","11":"taxable","12":"shipping-taxable","13":"purchasable","14":"product-type-simple"},"yoast_head":"<!-- This site is optimized with the Yoast SEO plugin v27.2 - https:\/\/yoast.com\/product\/yoast-seo-wordpress\/ -->\n<title>Brit P\u00e2t\u00e9 &amp; Meat \u2013 pentueille kanaa ja kalkkunaa, 400 g - MiuMjau<\/title>\n<meta name=\"robots\" content=\"index, follow, max-snippet:-1, max-image-preview:large, max-video-preview:-1\" \/>\n<link rel=\"canonical\" href=\"https:\/\/miumjau.ee\/fi\/tuote\/brit-pate-meat-pentueille-kanaa-ja-kalkkunaa-400-g\/\" \/>\n<meta property=\"og:locale\" content=\"fi_FI\" \/>\n<meta property=\"og:type\" content=\"article\" \/>\n<meta property=\"og:title\" content=\"Brit P\u00e2t\u00e9 &amp; Meat \u2013 pentueille kanaa ja kalkkunaa, 400 g - MiuMjau\" \/>\n<meta property=\"og:description\" content=\"Puhdas pate terveill\u00e4 elimill\u00e4 ja lihapaloilla. T\u00e4ydennysruoka pennuille ja juniorikoirille.     Todelliset lihapalat, joissa my\u00f6s terveet elimet    Laadukkaan lihan korkea osuus ja huolellinen k\u00e4sittely takaavat erinomaisen maun ja tuoksun    Herkullinen yhdistelm\u00e4 oikeita lihapaloja ja sis\u00e4elimi\u00e4 pateessa tyydytt\u00e4\u00e4 my\u00f6s vaativimmat koiragurmeet    Brit P\u00e2t\u00e9 &amp; Meat on ihanteellinen lis\u00e4 kuivaruoalle, parantaa ruokahalua ja nesteytyst\u00e4   TER\u00c4VABA \/ SOIJAVABA \/ GMO-VABA Ainesosat: 44 % kana (liha ja elimet), 26 % kalkkuna (liha ja elimet), 3 % hernet\u00e4rkkelys, 1 % hernekuitu, 0,5 % lohi\u00f6ljy Analysoidut aineet: Raakaproteiini 10 %, raakarasva 7 %, raakatuhka 2,5 %, kosteus 78 %, raakakuitu 0,5 %, kalsium 0,1 %, fosfori 0,3 %, natrium 0,2 % Ravintolis\u00e4t:D3-vitamiini (3a671) 250 IU, E-vitamiini (3a700) 100 mg, sinkki (3b606) 15 mg, rauta (3b106) 10 mg, mangaani (3b504) 3 mg, kaliumjodidi (3b204) 0,5 mg, biotiini (3a880) 0,2 mg \/ kg Teknologiset lis\u00e4aineet: karrageeni (E410) 5000 mg\/kg Metabolisoituva energia: 1099 kcal\/kg\" \/>\n<meta property=\"og:url\" content=\"https:\/\/miumjau.ee\/fi\/tuote\/brit-pate-meat-pentueille-kanaa-ja-kalkkunaa-400-g\/\" \/>\n<meta property=\"og:site_name\" content=\"MiuMjau\" \/>\n<meta property=\"article:publisher\" content=\"https:\/\/www.facebook.com\/miumjaupood\/\" \/>\n<meta property=\"article:modified_time\" content=\"2026-01-10T09:05:10+00:00\" \/>\n<meta property=\"og:image\" content=\"https:\/\/miumjau.ee\/wp-content\/uploads\/2025\/03\/brit-pate-meat-kana-kalkun-puppy-konserv-koerale2-Photoroom.webp\" \/>\n\t<meta property=\"og:image:width\" content=\"600\" \/>\n\t<meta property=\"og:image:height\" content=\"800\" \/>\n\t<meta property=\"og:image:type\" content=\"image\/webp\" \/>\n<meta name=\"twitter:card\" content=\"summary_large_image\" \/>\n<script type=\"application\/ld+json\" class=\"yoast-schema-graph\">{\"@context\":\"https:\/\/schema.org\",\"@graph\":[{\"@type\":\"WebPage\",\"@id\":\"https:\/\/miumjau.ee\/fi\/tuote\/brit-pate-meat-pentueille-kanaa-ja-kalkkunaa-400-g\/\",\"url\":\"https:\/\/miumjau.ee\/fi\/tuote\/brit-pate-meat-pentueille-kanaa-ja-kalkkunaa-400-g\/\",\"name\":\"Brit P\u00e2t\u00e9 & Meat \u2013 pentueille kanaa ja kalkkunaa, 400 g - MiuMjau\",\"isPartOf\":{\"@id\":\"https:\/\/miumjau.ee\/#website\"},\"primaryImageOfPage\":{\"@id\":\"https:\/\/miumjau.ee\/fi\/tuote\/brit-pate-meat-pentueille-kanaa-ja-kalkkunaa-400-g\/#primaryimage\"},\"image\":{\"@id\":\"https:\/\/miumjau.ee\/fi\/tuote\/brit-pate-meat-pentueille-kanaa-ja-kalkkunaa-400-g\/#primaryimage\"},\"thumbnailUrl\":\"https:\/\/miumjau.ee\/wp-content\/uploads\/2025\/03\/brit-pate-meat-kana-kalkun-puppy-konserv-koerale2-Photoroom.webp\",\"datePublished\":\"2025-03-31T10:33:44+00:00\",\"dateModified\":\"2026-01-10T09:05:10+00:00\",\"breadcrumb\":{\"@id\":\"https:\/\/miumjau.ee\/fi\/tuote\/brit-pate-meat-pentueille-kanaa-ja-kalkkunaa-400-g\/#breadcrumb\"},\"inLanguage\":\"fi\",\"potentialAction\":[{\"@type\":\"ReadAction\",\"target\":[\"https:\/\/miumjau.ee\/fi\/tuote\/brit-pate-meat-pentueille-kanaa-ja-kalkkunaa-400-g\/\"]}]},{\"@type\":\"ImageObject\",\"inLanguage\":\"fi\",\"@id\":\"https:\/\/miumjau.ee\/fi\/tuote\/brit-pate-meat-pentueille-kanaa-ja-kalkkunaa-400-g\/#primaryimage\",\"url\":\"https:\/\/miumjau.ee\/wp-content\/uploads\/2025\/03\/brit-pate-meat-kana-kalkun-puppy-konserv-koerale2-Photoroom.webp\",\"contentUrl\":\"https:\/\/miumjau.ee\/wp-content\/uploads\/2025\/03\/brit-pate-meat-kana-kalkun-puppy-konserv-koerale2-Photoroom.webp\",\"width\":600,\"height\":800,\"caption\":\"Brit Pate konserv koerale\"},{\"@type\":\"BreadcrumbList\",\"@id\":\"https:\/\/miumjau.ee\/fi\/tuote\/brit-pate-meat-pentueille-kanaa-ja-kalkkunaa-400-g\/#breadcrumb\",\"itemListElement\":[{\"@type\":\"ListItem\",\"position\":1,\"name\":\"Home\",\"item\":\"https:\/\/miumjau.ee\/fi\/\"},{\"@type\":\"ListItem\",\"position\":2,\"name\":\"Kauppa\",\"item\":\"https:\/\/miumjau.ee\/fi\/kauppa\/\"},{\"@type\":\"ListItem\",\"position\":3,\"name\":\"Brit P\u00e2t\u00e9 &#038; Meat \u2013 pentueille kanaa ja kalkkunaa, 400 g\"}]},{\"@type\":\"WebSite\",\"@id\":\"https:\/\/miumjau.ee\/#website\",\"url\":\"https:\/\/miumjau.ee\/\",\"name\":\"MiuMjau\",\"description\":\"Kraapimispuud kassidele\",\"publisher\":{\"@id\":\"https:\/\/miumjau.ee\/#organization\"},\"potentialAction\":[{\"@type\":\"SearchAction\",\"target\":{\"@type\":\"EntryPoint\",\"urlTemplate\":\"https:\/\/miumjau.ee\/?s={search_term_string}\"},\"query-input\":{\"@type\":\"PropertyValueSpecification\",\"valueRequired\":true,\"valueName\":\"search_term_string\"}}],\"inLanguage\":\"fi\"},{\"@type\":\"Organization\",\"@id\":\"https:\/\/miumjau.ee\/#organization\",\"name\":\"MiuMjau O\u00dc\",\"url\":\"https:\/\/miumjau.ee\/\",\"logo\":{\"@type\":\"ImageObject\",\"inLanguage\":\"fi\",\"@id\":\"https:\/\/miumjau.ee\/#\/schema\/logo\/image\/\",\"url\":\"https:\/\/miumjau.ee\/wp-content\/uploads\/2022\/04\/MiuMjau-logo-kollane.png\",\"contentUrl\":\"https:\/\/miumjau.ee\/wp-content\/uploads\/2022\/04\/MiuMjau-logo-kollane.png\",\"width\":219,\"height\":100,\"caption\":\"MiuMjau O\u00dc\"},\"image\":{\"@id\":\"https:\/\/miumjau.ee\/#\/schema\/logo\/image\/\"},\"sameAs\":[\"https:\/\/www.facebook.com\/miumjaupood\/\"]}]}<\/script>\n<!-- \/ Yoast SEO plugin. -->","yoast_head_json":{"title":"Brit P\u00e2t\u00e9 & Meat \u2013 pentueille kanaa ja kalkkunaa, 400 g - MiuMjau","robots":{"index":"index","follow":"follow","max-snippet":"max-snippet:-1","max-image-preview":"max-image-preview:large","max-video-preview":"max-video-preview:-1"},"canonical":"https:\/\/miumjau.ee\/fi\/tuote\/brit-pate-meat-pentueille-kanaa-ja-kalkkunaa-400-g\/","og_locale":"fi_FI","og_type":"article","og_title":"Brit P\u00e2t\u00e9 & Meat \u2013 pentueille kanaa ja kalkkunaa, 400 g - MiuMjau","og_description":"Puhdas pate terveill\u00e4 elimill\u00e4 ja lihapaloilla. T\u00e4ydennysruoka pennuille ja juniorikoirille.     Todelliset lihapalat, joissa my\u00f6s terveet elimet    Laadukkaan lihan korkea osuus ja huolellinen k\u00e4sittely takaavat erinomaisen maun ja tuoksun    Herkullinen yhdistelm\u00e4 oikeita lihapaloja ja sis\u00e4elimi\u00e4 pateessa tyydytt\u00e4\u00e4 my\u00f6s vaativimmat koiragurmeet    Brit P\u00e2t\u00e9 &amp; Meat on ihanteellinen lis\u00e4 kuivaruoalle, parantaa ruokahalua ja nesteytyst\u00e4   TER\u00c4VABA \/ SOIJAVABA \/ GMO-VABA Ainesosat: 44 % kana (liha ja elimet), 26 % kalkkuna (liha ja elimet), 3 % hernet\u00e4rkkelys, 1 % hernekuitu, 0,5 % lohi\u00f6ljy Analysoidut aineet: Raakaproteiini 10 %, raakarasva 7 %, raakatuhka 2,5 %, kosteus 78 %, raakakuitu 0,5 %, kalsium 0,1 %, fosfori 0,3 %, natrium 0,2 % Ravintolis\u00e4t:D3-vitamiini (3a671) 250 IU, E-vitamiini (3a700) 100 mg, sinkki (3b606) 15 mg, rauta (3b106) 10 mg, mangaani (3b504) 3 mg, kaliumjodidi (3b204) 0,5 mg, biotiini (3a880) 0,2 mg \/ kg Teknologiset lis\u00e4aineet: karrageeni (E410) 5000 mg\/kg Metabolisoituva energia: 1099 kcal\/kg","og_url":"https:\/\/miumjau.ee\/fi\/tuote\/brit-pate-meat-pentueille-kanaa-ja-kalkkunaa-400-g\/","og_site_name":"MiuMjau","article_publisher":"https:\/\/www.facebook.com\/miumjaupood\/","article_modified_time":"2026-01-10T09:05:10+00:00","og_image":[{"width":600,"height":800,"url":"https:\/\/miumjau.ee\/wp-content\/uploads\/2025\/03\/brit-pate-meat-kana-kalkun-puppy-konserv-koerale2-Photoroom.webp","type":"image\/webp"}],"twitter_card":"summary_large_image","schema":{"@context":"https:\/\/schema.org","@graph":[{"@type":"WebPage","@id":"https:\/\/miumjau.ee\/fi\/tuote\/brit-pate-meat-pentueille-kanaa-ja-kalkkunaa-400-g\/","url":"https:\/\/miumjau.ee\/fi\/tuote\/brit-pate-meat-pentueille-kanaa-ja-kalkkunaa-400-g\/","name":"Brit P\u00e2t\u00e9 & Meat \u2013 pentueille kanaa ja kalkkunaa, 400 g - MiuMjau","isPartOf":{"@id":"https:\/\/miumjau.ee\/#website"},"primaryImageOfPage":{"@id":"https:\/\/miumjau.ee\/fi\/tuote\/brit-pate-meat-pentueille-kanaa-ja-kalkkunaa-400-g\/#primaryimage"},"image":{"@id":"https:\/\/miumjau.ee\/fi\/tuote\/brit-pate-meat-pentueille-kanaa-ja-kalkkunaa-400-g\/#primaryimage"},"thumbnailUrl":"https:\/\/miumjau.ee\/wp-content\/uploads\/2025\/03\/brit-pate-meat-kana-kalkun-puppy-konserv-koerale2-Photoroom.webp","datePublished":"2025-03-31T10:33:44+00:00","dateModified":"2026-01-10T09:05:10+00:00","breadcrumb":{"@id":"https:\/\/miumjau.ee\/fi\/tuote\/brit-pate-meat-pentueille-kanaa-ja-kalkkunaa-400-g\/#breadcrumb"},"inLanguage":"fi","potentialAction":[{"@type":"ReadAction","target":["https:\/\/miumjau.ee\/fi\/tuote\/brit-pate-meat-pentueille-kanaa-ja-kalkkunaa-400-g\/"]}]},{"@type":"ImageObject","inLanguage":"fi","@id":"https:\/\/miumjau.ee\/fi\/tuote\/brit-pate-meat-pentueille-kanaa-ja-kalkkunaa-400-g\/#primaryimage","url":"https:\/\/miumjau.ee\/wp-content\/uploads\/2025\/03\/brit-pate-meat-kana-kalkun-puppy-konserv-koerale2-Photoroom.webp","contentUrl":"https:\/\/miumjau.ee\/wp-content\/uploads\/2025\/03\/brit-pate-meat-kana-kalkun-puppy-konserv-koerale2-Photoroom.webp","width":600,"height":800,"caption":"Brit Pate konserv koerale"},{"@type":"BreadcrumbList","@id":"https:\/\/miumjau.ee\/fi\/tuote\/brit-pate-meat-pentueille-kanaa-ja-kalkkunaa-400-g\/#breadcrumb","itemListElement":[{"@type":"ListItem","position":1,"name":"Home","item":"https:\/\/miumjau.ee\/fi\/"},{"@type":"ListItem","position":2,"name":"Kauppa","item":"https:\/\/miumjau.ee\/fi\/kauppa\/"},{"@type":"ListItem","position":3,"name":"Brit P\u00e2t\u00e9 &#038; Meat \u2013 pentueille kanaa ja kalkkunaa, 400 g"}]},{"@type":"WebSite","@id":"https:\/\/miumjau.ee\/#website","url":"https:\/\/miumjau.ee\/","name":"MiuMjau","description":"Kraapimispuud kassidele","publisher":{"@id":"https:\/\/miumjau.ee\/#organization"},"potentialAction":[{"@type":"SearchAction","target":{"@type":"EntryPoint","urlTemplate":"https:\/\/miumjau.ee\/?s={search_term_string}"},"query-input":{"@type":"PropertyValueSpecification","valueRequired":true,"valueName":"search_term_string"}}],"inLanguage":"fi"},{"@type":"Organization","@id":"https:\/\/miumjau.ee\/#organization","name":"MiuMjau O\u00dc","url":"https:\/\/miumjau.ee\/","logo":{"@type":"ImageObject","inLanguage":"fi","@id":"https:\/\/miumjau.ee\/#\/schema\/logo\/image\/","url":"https:\/\/miumjau.ee\/wp-content\/uploads\/2022\/04\/MiuMjau-logo-kollane.png","contentUrl":"https:\/\/miumjau.ee\/wp-content\/uploads\/2022\/04\/MiuMjau-logo-kollane.png","width":219,"height":100,"caption":"MiuMjau O\u00dc"},"image":{"@id":"https:\/\/miumjau.ee\/#\/schema\/logo\/image\/"},"sameAs":["https:\/\/www.facebook.com\/miumjaupood\/"]}]}},"_links":{"self":[{"href":"https:\/\/miumjau.ee\/fi\/wp-json\/wp\/v2\/product\/52312","targetHints":{"allow":["GET"]}}],"collection":[{"href":"https:\/\/miumjau.ee\/fi\/wp-json\/wp\/v2\/product"}],"about":[{"href":"https:\/\/miumjau.ee\/fi\/wp-json\/wp\/v2\/types\/product"}],"wp:featuredmedia":[{"embeddable":true,"href":"https:\/\/miumjau.ee\/fi\/wp-json\/wp\/v2\/media\/31335"}],"wp:attachment":[{"href":"https:\/\/miumjau.ee\/fi\/wp-json\/wp\/v2\/media?parent=52312"}],"wp:term":[{"taxonomy":"product_brand","embeddable":true,"href":"https:\/\/miumjau.ee\/fi\/wp-json\/wp\/v2\/product_brand?post=52312"},{"taxonomy":"product_cat","embeddable":true,"href":"https:\/\/miumjau.ee\/fi\/wp-json\/wp\/v2\/product_cat?post=52312"},{"taxonomy":"product_tag","embeddable":true,"href":"https:\/\/miumjau.ee\/fi\/wp-json\/wp\/v2\/product_tag?post=52312"}],"curies":[{"name":"wp","href":"https:\/\/api.w.org\/{rel}","templated":true}]}}