{"id":52309,"date":"2025-03-28T15:37:14","date_gmt":"2025-03-28T13:37:14","guid":{"rendered":"https:\/\/miumjau.ee\/toode\/brit-dental-teeth-gums-puruluut-koirille\/"},"modified":"2025-03-28T15:37:14","modified_gmt":"2025-03-28T13:37:14","slug":"brit-dental-teeth-gums-puruluut-koirille","status":"publish","type":"product","link":"https:\/\/miumjau.ee\/fi\/tuote\/brit-dental-teeth-gums-puruluut-koirille\/","title":{"rendered":"Brit Dental Teeth &#038; Gums \u2013 puruluut koirille"},"content":{"rendered":"","protected":false},"excerpt":{"rendered":"<p data-start=\"125\" data-end=\"239\"><strong data-start=\"125\" data-end=\"237\">Britin puruluut tukevat hampaiden ja ikenien terveytt\u00e4 kamomillan ja salvia avulla. T\u00e4ydennysruoka koirille.<\/strong><\/p>\n<ul data-start=\"241\" data-end=\"492\">\n<li data-start=\"241\" data-end=\"283\">\n<p data-start=\"243\" data-end=\"283\"><strong data-start=\"243\" data-end=\"256\">Kamomilla<\/strong> \u2013 antioksidanttien l\u00e4hde<\/p>\n<\/li>\n<li data-start=\"284\" data-end=\"324\">\n<p data-start=\"286\" data-end=\"324\"><strong data-start=\"286\" data-end=\"296\">Salvia<\/strong> \u2013 tukee ikenien terveytt\u00e4<\/p>\n<\/li>\n<li data-start=\"325\" data-end=\"384\">\n<p data-start=\"327\" data-end=\"384\"><strong data-start=\"327\" data-end=\"337\">Minttu<\/strong> \u2013 antimikrobinen vaikutus ja raikas hengitys<\/p>\n<\/li>\n<li data-start=\"385\" data-end=\"431\">\n<p data-start=\"387\" data-end=\"431\"><strong data-start=\"387\" data-end=\"395\">SHMP<\/strong> \u2013 hampaille, ehk\u00e4isee hammaskive\u00e4<\/p>\n<\/li>\n<li data-start=\"432\" data-end=\"492\">\n<p data-start=\"434\" data-end=\"492\">Ei sis\u00e4ll\u00e4 gluteenia, GMO-aineita eik\u00e4 elintarvikev\u00e4rej\u00e4<\/p>\n<\/li>\n<\/ul>\n<p data-start=\"494\" data-end=\"777\"><strong data-start=\"494\" data-end=\"508\">Ainesosat:<\/strong><br data-start=\"508\" data-end=\"511\" \/>Kaurajauho, kasvipohjainen glyseroli (14 %), perunat\u00e4rkkelys (10 %), hydrolysoitu hiiva (5 %), keltainen herne (4 %), lignoselluloosa (3 %), melassi (3 %), kuivattu minttu (2 %), kuivattu kamomilla (1 %), kuivattu salvia (0,5 %), natriumheksametafosfaatti (0,3 %).<\/p>\n<p data-start=\"779\" data-end=\"944\"><strong data-start=\"779\" data-end=\"802\">Analysoidut aineet:<\/strong><br data-start=\"802\" data-end=\"805\" \/>Raakaproteiini 9,0 %, raakarasva 3,5 %, raakatuhka 2,4 %, raakakuitu 4,1 %, kosteus 17,0 %, kalsium 0,1 %, fosfori 0,2 %, natrium 0,05 %.<\/p>\n<p data-start=\"946\" data-end=\"996\"><strong data-start=\"946\" data-end=\"963\">Ravintolis\u00e4t:<\/strong><br data-start=\"963\" data-end=\"966\" \/>C-vitamiini (3a312) 35 mg\/kg<\/p>\n<p data-start=\"998\" data-end=\"1041\"><strong data-start=\"998\" data-end=\"1026\">Metabolisoituva energia:<\/strong> 3010 kcal\/kg<\/p>\n<p data-start=\"1043\" data-end=\"1163\"><strong data-start=\"1043\" data-end=\"1060\">Ruokintaohje:<\/strong> Tarjoa koiralle 1 kpl p\u00e4iv\u00e4ss\u00e4 herkkuna tai palkintona. Varmista aina p\u00e4\u00e4sy raikkaaseen juomaveteen.<\/p>\n","protected":false},"featured_media":30969,"template":"","meta":[],"product_brand":[],"product_cat":[480],"product_tag":[],"class_list":{"0":"post-52309","1":"product","2":"type-product","3":"status-publish","4":"has-post-thumbnail","6":"product_cat-herkut-koirille","8":"first","9":"instock","10":"taxable","11":"shipping-taxable","12":"purchasable","13":"product-type-simple"},"yoast_head":"<!-- This site is optimized with the Yoast SEO plugin v27.2 - https:\/\/yoast.com\/product\/yoast-seo-wordpress\/ -->\n<title>Brit Dental Teeth &amp; Gums \u2013 puruluut koirille - MiuMjau<\/title>\n<meta name=\"robots\" content=\"index, follow, max-snippet:-1, max-image-preview:large, max-video-preview:-1\" \/>\n<link rel=\"canonical\" href=\"https:\/\/miumjau.ee\/fi\/tuote\/brit-dental-teeth-gums-puruluut-koirille\/\" \/>\n<meta property=\"og:locale\" content=\"fi_FI\" \/>\n<meta property=\"og:type\" content=\"article\" \/>\n<meta property=\"og:title\" content=\"Brit Dental Teeth &amp; Gums \u2013 puruluut koirille - MiuMjau\" \/>\n<meta property=\"og:description\" content=\"Britin puruluut tukevat hampaiden ja ikenien terveytt\u00e4 kamomillan ja salvia avulla. T\u00e4ydennysruoka koirille.     Kamomilla \u2013 antioksidanttien l\u00e4hde    Salvia \u2013 tukee ikenien terveytt\u00e4    Minttu \u2013 antimikrobinen vaikutus ja raikas hengitys    SHMP \u2013 hampaille, ehk\u00e4isee hammaskive\u00e4    Ei sis\u00e4ll\u00e4 gluteenia, GMO-aineita eik\u00e4 elintarvikev\u00e4rej\u00e4   Ainesosat:Kaurajauho, kasvipohjainen glyseroli (14 %), perunat\u00e4rkkelys (10 %), hydrolysoitu hiiva (5 %), keltainen herne (4 %), lignoselluloosa (3 %), melassi (3 %), kuivattu minttu (2 %), kuivattu kamomilla (1 %), kuivattu salvia (0,5 %), natriumheksametafosfaatti (0,3 %). Analysoidut aineet:Raakaproteiini 9,0 %, raakarasva 3,5 %, raakatuhka 2,4 %, raakakuitu 4,1 %, kosteus 17,0 %, kalsium 0,1 %, fosfori 0,2 %, natrium 0,05 %. Ravintolis\u00e4t:C-vitamiini (3a312) 35 mg\/kg Metabolisoituva energia: 3010 kcal\/kg Ruokintaohje: Tarjoa koiralle 1 kpl p\u00e4iv\u00e4ss\u00e4 herkkuna tai palkintona. Varmista aina p\u00e4\u00e4sy raikkaaseen juomaveteen.\" \/>\n<meta property=\"og:url\" content=\"https:\/\/miumjau.ee\/fi\/tuote\/brit-dental-teeth-gums-puruluut-koirille\/\" \/>\n<meta property=\"og:site_name\" content=\"MiuMjau\" \/>\n<meta property=\"article:publisher\" content=\"https:\/\/www.facebook.com\/miumjaupood\/\" \/>\n<meta property=\"og:image\" content=\"https:\/\/miumjau.ee\/wp-content\/uploads\/2025\/03\/brit-narimispulgad-koertele4.webp\" \/>\n\t<meta property=\"og:image:width\" content=\"600\" \/>\n\t<meta property=\"og:image:height\" content=\"800\" \/>\n\t<meta property=\"og:image:type\" content=\"image\/webp\" \/>\n<meta name=\"twitter:card\" content=\"summary_large_image\" \/>\n<script type=\"application\/ld+json\" class=\"yoast-schema-graph\">{\"@context\":\"https:\/\/schema.org\",\"@graph\":[{\"@type\":\"WebPage\",\"@id\":\"https:\/\/miumjau.ee\/fi\/tuote\/brit-dental-teeth-gums-puruluut-koirille\/\",\"url\":\"https:\/\/miumjau.ee\/fi\/tuote\/brit-dental-teeth-gums-puruluut-koirille\/\",\"name\":\"Brit Dental Teeth & Gums \u2013 puruluut koirille - MiuMjau\",\"isPartOf\":{\"@id\":\"https:\/\/miumjau.ee\/#website\"},\"primaryImageOfPage\":{\"@id\":\"https:\/\/miumjau.ee\/fi\/tuote\/brit-dental-teeth-gums-puruluut-koirille\/#primaryimage\"},\"image\":{\"@id\":\"https:\/\/miumjau.ee\/fi\/tuote\/brit-dental-teeth-gums-puruluut-koirille\/#primaryimage\"},\"thumbnailUrl\":\"https:\/\/miumjau.ee\/wp-content\/uploads\/2025\/03\/brit-narimispulgad-koertele4.webp\",\"datePublished\":\"2025-03-28T13:37:14+00:00\",\"breadcrumb\":{\"@id\":\"https:\/\/miumjau.ee\/fi\/tuote\/brit-dental-teeth-gums-puruluut-koirille\/#breadcrumb\"},\"inLanguage\":\"fi\",\"potentialAction\":[{\"@type\":\"ReadAction\",\"target\":[\"https:\/\/miumjau.ee\/fi\/tuote\/brit-dental-teeth-gums-puruluut-koirille\/\"]}]},{\"@type\":\"ImageObject\",\"inLanguage\":\"fi\",\"@id\":\"https:\/\/miumjau.ee\/fi\/tuote\/brit-dental-teeth-gums-puruluut-koirille\/#primaryimage\",\"url\":\"https:\/\/miumjau.ee\/wp-content\/uploads\/2025\/03\/brit-narimispulgad-koertele4.webp\",\"contentUrl\":\"https:\/\/miumjau.ee\/wp-content\/uploads\/2025\/03\/brit-narimispulgad-koertele4.webp\",\"width\":600,\"height\":800,\"caption\":\"N\u00e4rimispulgad koertele Brit Dental\"},{\"@type\":\"BreadcrumbList\",\"@id\":\"https:\/\/miumjau.ee\/fi\/tuote\/brit-dental-teeth-gums-puruluut-koirille\/#breadcrumb\",\"itemListElement\":[{\"@type\":\"ListItem\",\"position\":1,\"name\":\"Home\",\"item\":\"https:\/\/miumjau.ee\/fi\/\"},{\"@type\":\"ListItem\",\"position\":2,\"name\":\"Kauppa\",\"item\":\"https:\/\/miumjau.ee\/fi\/kauppa\/\"},{\"@type\":\"ListItem\",\"position\":3,\"name\":\"Brit Dental Teeth &#038; Gums \u2013 puruluut koirille\"}]},{\"@type\":\"WebSite\",\"@id\":\"https:\/\/miumjau.ee\/#website\",\"url\":\"https:\/\/miumjau.ee\/\",\"name\":\"MiuMjau\",\"description\":\"Kraapimispuud kassidele\",\"publisher\":{\"@id\":\"https:\/\/miumjau.ee\/#organization\"},\"potentialAction\":[{\"@type\":\"SearchAction\",\"target\":{\"@type\":\"EntryPoint\",\"urlTemplate\":\"https:\/\/miumjau.ee\/?s={search_term_string}\"},\"query-input\":{\"@type\":\"PropertyValueSpecification\",\"valueRequired\":true,\"valueName\":\"search_term_string\"}}],\"inLanguage\":\"fi\"},{\"@type\":\"Organization\",\"@id\":\"https:\/\/miumjau.ee\/#organization\",\"name\":\"MiuMjau O\u00dc\",\"url\":\"https:\/\/miumjau.ee\/\",\"logo\":{\"@type\":\"ImageObject\",\"inLanguage\":\"fi\",\"@id\":\"https:\/\/miumjau.ee\/#\/schema\/logo\/image\/\",\"url\":\"https:\/\/miumjau.ee\/wp-content\/uploads\/2022\/04\/MiuMjau-logo-kollane.png\",\"contentUrl\":\"https:\/\/miumjau.ee\/wp-content\/uploads\/2022\/04\/MiuMjau-logo-kollane.png\",\"width\":219,\"height\":100,\"caption\":\"MiuMjau O\u00dc\"},\"image\":{\"@id\":\"https:\/\/miumjau.ee\/#\/schema\/logo\/image\/\"},\"sameAs\":[\"https:\/\/www.facebook.com\/miumjaupood\/\"]}]}<\/script>\n<!-- \/ Yoast SEO plugin. -->","yoast_head_json":{"title":"Brit Dental Teeth & Gums \u2013 puruluut koirille - MiuMjau","robots":{"index":"index","follow":"follow","max-snippet":"max-snippet:-1","max-image-preview":"max-image-preview:large","max-video-preview":"max-video-preview:-1"},"canonical":"https:\/\/miumjau.ee\/fi\/tuote\/brit-dental-teeth-gums-puruluut-koirille\/","og_locale":"fi_FI","og_type":"article","og_title":"Brit Dental Teeth & Gums \u2013 puruluut koirille - MiuMjau","og_description":"Britin puruluut tukevat hampaiden ja ikenien terveytt\u00e4 kamomillan ja salvia avulla. T\u00e4ydennysruoka koirille.     Kamomilla \u2013 antioksidanttien l\u00e4hde    Salvia \u2013 tukee ikenien terveytt\u00e4    Minttu \u2013 antimikrobinen vaikutus ja raikas hengitys    SHMP \u2013 hampaille, ehk\u00e4isee hammaskive\u00e4    Ei sis\u00e4ll\u00e4 gluteenia, GMO-aineita eik\u00e4 elintarvikev\u00e4rej\u00e4   Ainesosat:Kaurajauho, kasvipohjainen glyseroli (14 %), perunat\u00e4rkkelys (10 %), hydrolysoitu hiiva (5 %), keltainen herne (4 %), lignoselluloosa (3 %), melassi (3 %), kuivattu minttu (2 %), kuivattu kamomilla (1 %), kuivattu salvia (0,5 %), natriumheksametafosfaatti (0,3 %). Analysoidut aineet:Raakaproteiini 9,0 %, raakarasva 3,5 %, raakatuhka 2,4 %, raakakuitu 4,1 %, kosteus 17,0 %, kalsium 0,1 %, fosfori 0,2 %, natrium 0,05 %. Ravintolis\u00e4t:C-vitamiini (3a312) 35 mg\/kg Metabolisoituva energia: 3010 kcal\/kg Ruokintaohje: Tarjoa koiralle 1 kpl p\u00e4iv\u00e4ss\u00e4 herkkuna tai palkintona. Varmista aina p\u00e4\u00e4sy raikkaaseen juomaveteen.","og_url":"https:\/\/miumjau.ee\/fi\/tuote\/brit-dental-teeth-gums-puruluut-koirille\/","og_site_name":"MiuMjau","article_publisher":"https:\/\/www.facebook.com\/miumjaupood\/","og_image":[{"width":600,"height":800,"url":"https:\/\/miumjau.ee\/wp-content\/uploads\/2025\/03\/brit-narimispulgad-koertele4.webp","type":"image\/webp"}],"twitter_card":"summary_large_image","schema":{"@context":"https:\/\/schema.org","@graph":[{"@type":"WebPage","@id":"https:\/\/miumjau.ee\/fi\/tuote\/brit-dental-teeth-gums-puruluut-koirille\/","url":"https:\/\/miumjau.ee\/fi\/tuote\/brit-dental-teeth-gums-puruluut-koirille\/","name":"Brit Dental Teeth & Gums \u2013 puruluut koirille - MiuMjau","isPartOf":{"@id":"https:\/\/miumjau.ee\/#website"},"primaryImageOfPage":{"@id":"https:\/\/miumjau.ee\/fi\/tuote\/brit-dental-teeth-gums-puruluut-koirille\/#primaryimage"},"image":{"@id":"https:\/\/miumjau.ee\/fi\/tuote\/brit-dental-teeth-gums-puruluut-koirille\/#primaryimage"},"thumbnailUrl":"https:\/\/miumjau.ee\/wp-content\/uploads\/2025\/03\/brit-narimispulgad-koertele4.webp","datePublished":"2025-03-28T13:37:14+00:00","breadcrumb":{"@id":"https:\/\/miumjau.ee\/fi\/tuote\/brit-dental-teeth-gums-puruluut-koirille\/#breadcrumb"},"inLanguage":"fi","potentialAction":[{"@type":"ReadAction","target":["https:\/\/miumjau.ee\/fi\/tuote\/brit-dental-teeth-gums-puruluut-koirille\/"]}]},{"@type":"ImageObject","inLanguage":"fi","@id":"https:\/\/miumjau.ee\/fi\/tuote\/brit-dental-teeth-gums-puruluut-koirille\/#primaryimage","url":"https:\/\/miumjau.ee\/wp-content\/uploads\/2025\/03\/brit-narimispulgad-koertele4.webp","contentUrl":"https:\/\/miumjau.ee\/wp-content\/uploads\/2025\/03\/brit-narimispulgad-koertele4.webp","width":600,"height":800,"caption":"N\u00e4rimispulgad koertele Brit Dental"},{"@type":"BreadcrumbList","@id":"https:\/\/miumjau.ee\/fi\/tuote\/brit-dental-teeth-gums-puruluut-koirille\/#breadcrumb","itemListElement":[{"@type":"ListItem","position":1,"name":"Home","item":"https:\/\/miumjau.ee\/fi\/"},{"@type":"ListItem","position":2,"name":"Kauppa","item":"https:\/\/miumjau.ee\/fi\/kauppa\/"},{"@type":"ListItem","position":3,"name":"Brit Dental Teeth &#038; Gums \u2013 puruluut koirille"}]},{"@type":"WebSite","@id":"https:\/\/miumjau.ee\/#website","url":"https:\/\/miumjau.ee\/","name":"MiuMjau","description":"Kraapimispuud kassidele","publisher":{"@id":"https:\/\/miumjau.ee\/#organization"},"potentialAction":[{"@type":"SearchAction","target":{"@type":"EntryPoint","urlTemplate":"https:\/\/miumjau.ee\/?s={search_term_string}"},"query-input":{"@type":"PropertyValueSpecification","valueRequired":true,"valueName":"search_term_string"}}],"inLanguage":"fi"},{"@type":"Organization","@id":"https:\/\/miumjau.ee\/#organization","name":"MiuMjau O\u00dc","url":"https:\/\/miumjau.ee\/","logo":{"@type":"ImageObject","inLanguage":"fi","@id":"https:\/\/miumjau.ee\/#\/schema\/logo\/image\/","url":"https:\/\/miumjau.ee\/wp-content\/uploads\/2022\/04\/MiuMjau-logo-kollane.png","contentUrl":"https:\/\/miumjau.ee\/wp-content\/uploads\/2022\/04\/MiuMjau-logo-kollane.png","width":219,"height":100,"caption":"MiuMjau O\u00dc"},"image":{"@id":"https:\/\/miumjau.ee\/#\/schema\/logo\/image\/"},"sameAs":["https:\/\/www.facebook.com\/miumjaupood\/"]}]}},"_links":{"self":[{"href":"https:\/\/miumjau.ee\/fi\/wp-json\/wp\/v2\/product\/52309","targetHints":{"allow":["GET"]}}],"collection":[{"href":"https:\/\/miumjau.ee\/fi\/wp-json\/wp\/v2\/product"}],"about":[{"href":"https:\/\/miumjau.ee\/fi\/wp-json\/wp\/v2\/types\/product"}],"wp:featuredmedia":[{"embeddable":true,"href":"https:\/\/miumjau.ee\/fi\/wp-json\/wp\/v2\/media\/30969"}],"wp:attachment":[{"href":"https:\/\/miumjau.ee\/fi\/wp-json\/wp\/v2\/media?parent=52309"}],"wp:term":[{"taxonomy":"product_brand","embeddable":true,"href":"https:\/\/miumjau.ee\/fi\/wp-json\/wp\/v2\/product_brand?post=52309"},{"taxonomy":"product_cat","embeddable":true,"href":"https:\/\/miumjau.ee\/fi\/wp-json\/wp\/v2\/product_cat?post=52309"},{"taxonomy":"product_tag","embeddable":true,"href":"https:\/\/miumjau.ee\/fi\/wp-json\/wp\/v2\/product_tag?post=52309"}],"curies":[{"name":"wp","href":"https:\/\/api.w.org\/{rel}","templated":true}]}}