{"id":52306,"date":"2025-03-28T15:34:20","date_gmt":"2025-03-28T13:34:20","guid":{"rendered":"https:\/\/miumjau.ee\/toode\/brit-dental-stick-calm-puruluut-koirille-7-kpl\/"},"modified":"2025-03-28T15:34:20","modified_gmt":"2025-03-28T13:34:20","slug":"brit-dental-stick-calm-puruluut-koirille-7-kpl","status":"publish","type":"product","link":"https:\/\/miumjau.ee\/fi\/tuote\/brit-dental-stick-calm-puruluut-koirille-7-kpl\/","title":{"rendered":"Brit Dental Stick Calm \u2013 puruluut koirille, 7 kpl"},"content":{"rendered":"","protected":false},"excerpt":{"rendered":"<p data-start=\"130\" data-end=\"256\"><strong data-start=\"130\" data-end=\"254\">Britin puruluut auttavat v\u00e4hent\u00e4m\u00e4\u00e4n stressi\u00e4, koska ne sis\u00e4lt\u00e4v\u00e4t hamppua ja lehm\u00e4syd\u00e4nruohoa. T\u00e4ydennysruoka koirille.<\/strong><\/p>\n<ul data-start=\"258\" data-end=\"628\">\n<li data-start=\"258\" data-end=\"339\">\n<p data-start=\"260\" data-end=\"339\"><strong data-start=\"260\" data-end=\"287\">Hamppu ja L-triptofaani<\/strong> \u2013 luonnollinen stressin lievitys ja rentoutuminen<\/p>\n<\/li>\n<li data-start=\"340\" data-end=\"417\">\n<p data-start=\"342\" data-end=\"417\"><strong data-start=\"342\" data-end=\"361\">Lehm\u00e4syd\u00e4nruoho<\/strong> \u2013 kardioprotektiivinen ja stressi\u00e4 v\u00e4hent\u00e4v\u00e4 vaikutus<\/p>\n<\/li>\n<li data-start=\"418\" data-end=\"477\">\n<p data-start=\"420\" data-end=\"477\"><strong data-start=\"420\" data-end=\"430\">Minttu<\/strong> \u2013 antimikrobinen vaikutus ja raikas hengitys<\/p>\n<\/li>\n<li data-start=\"478\" data-end=\"520\">\n<p data-start=\"480\" data-end=\"520\"><strong data-start=\"480\" data-end=\"493\">Kamomilla<\/strong> \u2013 antioksidanttien l\u00e4hde<\/p>\n<\/li>\n<li data-start=\"521\" data-end=\"567\">\n<p data-start=\"523\" data-end=\"567\"><strong data-start=\"523\" data-end=\"531\">SHMP<\/strong> \u2013 hampaille, ehk\u00e4isee hammaskive\u00e4<\/p>\n<\/li>\n<li data-start=\"568\" data-end=\"628\">\n<p data-start=\"570\" data-end=\"628\">Ei sis\u00e4ll\u00e4 gluteenia, GMO-aineita eik\u00e4 elintarvikev\u00e4rej\u00e4<\/p>\n<\/li>\n<\/ul>\n<p data-start=\"630\" data-end=\"918\"><strong data-start=\"630\" data-end=\"644\">Ainesosat:<\/strong><br data-start=\"644\" data-end=\"647\" \/>Kaurajauho, kasvipohjainen glyseroli (14 %), perunat\u00e4rkkelys (10 %), hydrolysoitu hiiva (5 %), hamppujauho (4 %), lignoselluloosa (3 %), melassi (3 %), kuivattu kamomilla (2 %), kuivattu lehm\u00e4syd\u00e4nruoho (1 %), kuivattu minttu (0,5 %), natriumheksametafosfaatti (0,3 %).<\/p>\n<p data-start=\"920\" data-end=\"1085\"><strong data-start=\"920\" data-end=\"943\">Analysoidut aineet:<\/strong><br data-start=\"943\" data-end=\"946\" \/>Raakaproteiini 9,0 %, raakarasva 3,5 %, raakatuhka 2,4 %, raakakuitu 4,1 %, kosteus 17,0 %, kalsium 0,1 %, fosfori 0,2 %, natrium 0,05 %.<\/p>\n<p data-start=\"1087\" data-end=\"1171\"><strong data-start=\"1087\" data-end=\"1104\">Ravintolis\u00e4t:<\/strong><br data-start=\"1104\" data-end=\"1107\" \/>C-vitamiini (3a312) 35 mg\/kg, L-triptofaani (3c440) 2000 mg\/kg<\/p>\n<p data-start=\"1173\" data-end=\"1216\"><strong data-start=\"1173\" data-end=\"1201\">Metabolisoituva energia:<\/strong> 3010 kcal\/kg<\/p>\n<p data-start=\"1218\" data-end=\"1338\"><strong data-start=\"1218\" data-end=\"1235\">Ruokintaohje:<\/strong> Tarjoa koiralle 1 kpl p\u00e4iv\u00e4ss\u00e4 herkkuna tai palkintona. Varmista aina p\u00e4\u00e4sy raikkaaseen juomaveteen.<\/p>\n","protected":false},"featured_media":30957,"template":"","meta":[],"product_brand":[],"product_cat":[480],"product_tag":[],"class_list":{"0":"post-52306","1":"product","2":"type-product","3":"status-publish","4":"has-post-thumbnail","6":"product_cat-herkut-koirille","8":"first","9":"instock","10":"taxable","11":"shipping-taxable","12":"purchasable","13":"product-type-simple"},"yoast_head":"<!-- This site is optimized with the Yoast SEO plugin v27.2 - https:\/\/yoast.com\/product\/yoast-seo-wordpress\/ -->\n<title>Brit Dental Stick Calm \u2013 puruluut koirille, 7 kpl - MiuMjau<\/title>\n<meta name=\"robots\" content=\"index, follow, max-snippet:-1, max-image-preview:large, max-video-preview:-1\" \/>\n<link rel=\"canonical\" href=\"https:\/\/miumjau.ee\/fi\/tuote\/brit-dental-stick-calm-puruluut-koirille-7-kpl\/\" \/>\n<meta property=\"og:locale\" content=\"fi_FI\" \/>\n<meta property=\"og:type\" content=\"article\" \/>\n<meta property=\"og:title\" content=\"Brit Dental Stick Calm \u2013 puruluut koirille, 7 kpl - MiuMjau\" \/>\n<meta property=\"og:description\" content=\"Britin puruluut auttavat v\u00e4hent\u00e4m\u00e4\u00e4n stressi\u00e4, koska ne sis\u00e4lt\u00e4v\u00e4t hamppua ja lehm\u00e4syd\u00e4nruohoa. T\u00e4ydennysruoka koirille.     Hamppu ja L-triptofaani \u2013 luonnollinen stressin lievitys ja rentoutuminen    Lehm\u00e4syd\u00e4nruoho \u2013 kardioprotektiivinen ja stressi\u00e4 v\u00e4hent\u00e4v\u00e4 vaikutus    Minttu \u2013 antimikrobinen vaikutus ja raikas hengitys    Kamomilla \u2013 antioksidanttien l\u00e4hde    SHMP \u2013 hampaille, ehk\u00e4isee hammaskive\u00e4    Ei sis\u00e4ll\u00e4 gluteenia, GMO-aineita eik\u00e4 elintarvikev\u00e4rej\u00e4   Ainesosat:Kaurajauho, kasvipohjainen glyseroli (14 %), perunat\u00e4rkkelys (10 %), hydrolysoitu hiiva (5 %), hamppujauho (4 %), lignoselluloosa (3 %), melassi (3 %), kuivattu kamomilla (2 %), kuivattu lehm\u00e4syd\u00e4nruoho (1 %), kuivattu minttu (0,5 %), natriumheksametafosfaatti (0,3 %). Analysoidut aineet:Raakaproteiini 9,0 %, raakarasva 3,5 %, raakatuhka 2,4 %, raakakuitu 4,1 %, kosteus 17,0 %, kalsium 0,1 %, fosfori 0,2 %, natrium 0,05 %. Ravintolis\u00e4t:C-vitamiini (3a312) 35 mg\/kg, L-triptofaani (3c440) 2000 mg\/kg Metabolisoituva energia: 3010 kcal\/kg Ruokintaohje: Tarjoa koiralle 1 kpl p\u00e4iv\u00e4ss\u00e4 herkkuna tai palkintona. Varmista aina p\u00e4\u00e4sy raikkaaseen juomaveteen.\" \/>\n<meta property=\"og:url\" content=\"https:\/\/miumjau.ee\/fi\/tuote\/brit-dental-stick-calm-puruluut-koirille-7-kpl\/\" \/>\n<meta property=\"og:site_name\" content=\"MiuMjau\" \/>\n<meta property=\"article:publisher\" content=\"https:\/\/www.facebook.com\/miumjaupood\/\" \/>\n<meta property=\"og:image\" content=\"https:\/\/miumjau.ee\/wp-content\/uploads\/2025\/03\/brit-narimispulgad-koertele1.webp\" \/>\n\t<meta property=\"og:image:width\" content=\"600\" \/>\n\t<meta property=\"og:image:height\" content=\"800\" \/>\n\t<meta property=\"og:image:type\" content=\"image\/webp\" \/>\n<meta name=\"twitter:card\" content=\"summary_large_image\" \/>\n<script type=\"application\/ld+json\" class=\"yoast-schema-graph\">{\"@context\":\"https:\/\/schema.org\",\"@graph\":[{\"@type\":\"WebPage\",\"@id\":\"https:\/\/miumjau.ee\/fi\/tuote\/brit-dental-stick-calm-puruluut-koirille-7-kpl\/\",\"url\":\"https:\/\/miumjau.ee\/fi\/tuote\/brit-dental-stick-calm-puruluut-koirille-7-kpl\/\",\"name\":\"Brit Dental Stick Calm \u2013 puruluut koirille, 7 kpl - MiuMjau\",\"isPartOf\":{\"@id\":\"https:\/\/miumjau.ee\/#website\"},\"primaryImageOfPage\":{\"@id\":\"https:\/\/miumjau.ee\/fi\/tuote\/brit-dental-stick-calm-puruluut-koirille-7-kpl\/#primaryimage\"},\"image\":{\"@id\":\"https:\/\/miumjau.ee\/fi\/tuote\/brit-dental-stick-calm-puruluut-koirille-7-kpl\/#primaryimage\"},\"thumbnailUrl\":\"https:\/\/miumjau.ee\/wp-content\/uploads\/2025\/03\/brit-narimispulgad-koertele1.webp\",\"datePublished\":\"2025-03-28T13:34:20+00:00\",\"breadcrumb\":{\"@id\":\"https:\/\/miumjau.ee\/fi\/tuote\/brit-dental-stick-calm-puruluut-koirille-7-kpl\/#breadcrumb\"},\"inLanguage\":\"fi\",\"potentialAction\":[{\"@type\":\"ReadAction\",\"target\":[\"https:\/\/miumjau.ee\/fi\/tuote\/brit-dental-stick-calm-puruluut-koirille-7-kpl\/\"]}]},{\"@type\":\"ImageObject\",\"inLanguage\":\"fi\",\"@id\":\"https:\/\/miumjau.ee\/fi\/tuote\/brit-dental-stick-calm-puruluut-koirille-7-kpl\/#primaryimage\",\"url\":\"https:\/\/miumjau.ee\/wp-content\/uploads\/2025\/03\/brit-narimispulgad-koertele1.webp\",\"contentUrl\":\"https:\/\/miumjau.ee\/wp-content\/uploads\/2025\/03\/brit-narimispulgad-koertele1.webp\",\"width\":600,\"height\":800,\"caption\":\"N\u00e4rimispulgad koertele Brit Dental\"},{\"@type\":\"BreadcrumbList\",\"@id\":\"https:\/\/miumjau.ee\/fi\/tuote\/brit-dental-stick-calm-puruluut-koirille-7-kpl\/#breadcrumb\",\"itemListElement\":[{\"@type\":\"ListItem\",\"position\":1,\"name\":\"Home\",\"item\":\"https:\/\/miumjau.ee\/fi\/\"},{\"@type\":\"ListItem\",\"position\":2,\"name\":\"Kauppa\",\"item\":\"https:\/\/miumjau.ee\/fi\/kauppa\/\"},{\"@type\":\"ListItem\",\"position\":3,\"name\":\"Brit Dental Stick Calm \u2013 puruluut koirille, 7 kpl\"}]},{\"@type\":\"WebSite\",\"@id\":\"https:\/\/miumjau.ee\/#website\",\"url\":\"https:\/\/miumjau.ee\/\",\"name\":\"MiuMjau\",\"description\":\"Kraapimispuud kassidele\",\"publisher\":{\"@id\":\"https:\/\/miumjau.ee\/#organization\"},\"potentialAction\":[{\"@type\":\"SearchAction\",\"target\":{\"@type\":\"EntryPoint\",\"urlTemplate\":\"https:\/\/miumjau.ee\/?s={search_term_string}\"},\"query-input\":{\"@type\":\"PropertyValueSpecification\",\"valueRequired\":true,\"valueName\":\"search_term_string\"}}],\"inLanguage\":\"fi\"},{\"@type\":\"Organization\",\"@id\":\"https:\/\/miumjau.ee\/#organization\",\"name\":\"MiuMjau O\u00dc\",\"url\":\"https:\/\/miumjau.ee\/\",\"logo\":{\"@type\":\"ImageObject\",\"inLanguage\":\"fi\",\"@id\":\"https:\/\/miumjau.ee\/#\/schema\/logo\/image\/\",\"url\":\"https:\/\/miumjau.ee\/wp-content\/uploads\/2022\/04\/MiuMjau-logo-kollane.png\",\"contentUrl\":\"https:\/\/miumjau.ee\/wp-content\/uploads\/2022\/04\/MiuMjau-logo-kollane.png\",\"width\":219,\"height\":100,\"caption\":\"MiuMjau O\u00dc\"},\"image\":{\"@id\":\"https:\/\/miumjau.ee\/#\/schema\/logo\/image\/\"},\"sameAs\":[\"https:\/\/www.facebook.com\/miumjaupood\/\"]}]}<\/script>\n<!-- \/ Yoast SEO plugin. -->","yoast_head_json":{"title":"Brit Dental Stick Calm \u2013 puruluut koirille, 7 kpl - MiuMjau","robots":{"index":"index","follow":"follow","max-snippet":"max-snippet:-1","max-image-preview":"max-image-preview:large","max-video-preview":"max-video-preview:-1"},"canonical":"https:\/\/miumjau.ee\/fi\/tuote\/brit-dental-stick-calm-puruluut-koirille-7-kpl\/","og_locale":"fi_FI","og_type":"article","og_title":"Brit Dental Stick Calm \u2013 puruluut koirille, 7 kpl - MiuMjau","og_description":"Britin puruluut auttavat v\u00e4hent\u00e4m\u00e4\u00e4n stressi\u00e4, koska ne sis\u00e4lt\u00e4v\u00e4t hamppua ja lehm\u00e4syd\u00e4nruohoa. T\u00e4ydennysruoka koirille.     Hamppu ja L-triptofaani \u2013 luonnollinen stressin lievitys ja rentoutuminen    Lehm\u00e4syd\u00e4nruoho \u2013 kardioprotektiivinen ja stressi\u00e4 v\u00e4hent\u00e4v\u00e4 vaikutus    Minttu \u2013 antimikrobinen vaikutus ja raikas hengitys    Kamomilla \u2013 antioksidanttien l\u00e4hde    SHMP \u2013 hampaille, ehk\u00e4isee hammaskive\u00e4    Ei sis\u00e4ll\u00e4 gluteenia, GMO-aineita eik\u00e4 elintarvikev\u00e4rej\u00e4   Ainesosat:Kaurajauho, kasvipohjainen glyseroli (14 %), perunat\u00e4rkkelys (10 %), hydrolysoitu hiiva (5 %), hamppujauho (4 %), lignoselluloosa (3 %), melassi (3 %), kuivattu kamomilla (2 %), kuivattu lehm\u00e4syd\u00e4nruoho (1 %), kuivattu minttu (0,5 %), natriumheksametafosfaatti (0,3 %). Analysoidut aineet:Raakaproteiini 9,0 %, raakarasva 3,5 %, raakatuhka 2,4 %, raakakuitu 4,1 %, kosteus 17,0 %, kalsium 0,1 %, fosfori 0,2 %, natrium 0,05 %. Ravintolis\u00e4t:C-vitamiini (3a312) 35 mg\/kg, L-triptofaani (3c440) 2000 mg\/kg Metabolisoituva energia: 3010 kcal\/kg Ruokintaohje: Tarjoa koiralle 1 kpl p\u00e4iv\u00e4ss\u00e4 herkkuna tai palkintona. Varmista aina p\u00e4\u00e4sy raikkaaseen juomaveteen.","og_url":"https:\/\/miumjau.ee\/fi\/tuote\/brit-dental-stick-calm-puruluut-koirille-7-kpl\/","og_site_name":"MiuMjau","article_publisher":"https:\/\/www.facebook.com\/miumjaupood\/","og_image":[{"width":600,"height":800,"url":"https:\/\/miumjau.ee\/wp-content\/uploads\/2025\/03\/brit-narimispulgad-koertele1.webp","type":"image\/webp"}],"twitter_card":"summary_large_image","schema":{"@context":"https:\/\/schema.org","@graph":[{"@type":"WebPage","@id":"https:\/\/miumjau.ee\/fi\/tuote\/brit-dental-stick-calm-puruluut-koirille-7-kpl\/","url":"https:\/\/miumjau.ee\/fi\/tuote\/brit-dental-stick-calm-puruluut-koirille-7-kpl\/","name":"Brit Dental Stick Calm \u2013 puruluut koirille, 7 kpl - MiuMjau","isPartOf":{"@id":"https:\/\/miumjau.ee\/#website"},"primaryImageOfPage":{"@id":"https:\/\/miumjau.ee\/fi\/tuote\/brit-dental-stick-calm-puruluut-koirille-7-kpl\/#primaryimage"},"image":{"@id":"https:\/\/miumjau.ee\/fi\/tuote\/brit-dental-stick-calm-puruluut-koirille-7-kpl\/#primaryimage"},"thumbnailUrl":"https:\/\/miumjau.ee\/wp-content\/uploads\/2025\/03\/brit-narimispulgad-koertele1.webp","datePublished":"2025-03-28T13:34:20+00:00","breadcrumb":{"@id":"https:\/\/miumjau.ee\/fi\/tuote\/brit-dental-stick-calm-puruluut-koirille-7-kpl\/#breadcrumb"},"inLanguage":"fi","potentialAction":[{"@type":"ReadAction","target":["https:\/\/miumjau.ee\/fi\/tuote\/brit-dental-stick-calm-puruluut-koirille-7-kpl\/"]}]},{"@type":"ImageObject","inLanguage":"fi","@id":"https:\/\/miumjau.ee\/fi\/tuote\/brit-dental-stick-calm-puruluut-koirille-7-kpl\/#primaryimage","url":"https:\/\/miumjau.ee\/wp-content\/uploads\/2025\/03\/brit-narimispulgad-koertele1.webp","contentUrl":"https:\/\/miumjau.ee\/wp-content\/uploads\/2025\/03\/brit-narimispulgad-koertele1.webp","width":600,"height":800,"caption":"N\u00e4rimispulgad koertele Brit Dental"},{"@type":"BreadcrumbList","@id":"https:\/\/miumjau.ee\/fi\/tuote\/brit-dental-stick-calm-puruluut-koirille-7-kpl\/#breadcrumb","itemListElement":[{"@type":"ListItem","position":1,"name":"Home","item":"https:\/\/miumjau.ee\/fi\/"},{"@type":"ListItem","position":2,"name":"Kauppa","item":"https:\/\/miumjau.ee\/fi\/kauppa\/"},{"@type":"ListItem","position":3,"name":"Brit Dental Stick Calm \u2013 puruluut koirille, 7 kpl"}]},{"@type":"WebSite","@id":"https:\/\/miumjau.ee\/#website","url":"https:\/\/miumjau.ee\/","name":"MiuMjau","description":"Kraapimispuud kassidele","publisher":{"@id":"https:\/\/miumjau.ee\/#organization"},"potentialAction":[{"@type":"SearchAction","target":{"@type":"EntryPoint","urlTemplate":"https:\/\/miumjau.ee\/?s={search_term_string}"},"query-input":{"@type":"PropertyValueSpecification","valueRequired":true,"valueName":"search_term_string"}}],"inLanguage":"fi"},{"@type":"Organization","@id":"https:\/\/miumjau.ee\/#organization","name":"MiuMjau O\u00dc","url":"https:\/\/miumjau.ee\/","logo":{"@type":"ImageObject","inLanguage":"fi","@id":"https:\/\/miumjau.ee\/#\/schema\/logo\/image\/","url":"https:\/\/miumjau.ee\/wp-content\/uploads\/2022\/04\/MiuMjau-logo-kollane.png","contentUrl":"https:\/\/miumjau.ee\/wp-content\/uploads\/2022\/04\/MiuMjau-logo-kollane.png","width":219,"height":100,"caption":"MiuMjau O\u00dc"},"image":{"@id":"https:\/\/miumjau.ee\/#\/schema\/logo\/image\/"},"sameAs":["https:\/\/www.facebook.com\/miumjaupood\/"]}]}},"_links":{"self":[{"href":"https:\/\/miumjau.ee\/fi\/wp-json\/wp\/v2\/product\/52306","targetHints":{"allow":["GET"]}}],"collection":[{"href":"https:\/\/miumjau.ee\/fi\/wp-json\/wp\/v2\/product"}],"about":[{"href":"https:\/\/miumjau.ee\/fi\/wp-json\/wp\/v2\/types\/product"}],"wp:featuredmedia":[{"embeddable":true,"href":"https:\/\/miumjau.ee\/fi\/wp-json\/wp\/v2\/media\/30957"}],"wp:attachment":[{"href":"https:\/\/miumjau.ee\/fi\/wp-json\/wp\/v2\/media?parent=52306"}],"wp:term":[{"taxonomy":"product_brand","embeddable":true,"href":"https:\/\/miumjau.ee\/fi\/wp-json\/wp\/v2\/product_brand?post=52306"},{"taxonomy":"product_cat","embeddable":true,"href":"https:\/\/miumjau.ee\/fi\/wp-json\/wp\/v2\/product_cat?post=52306"},{"taxonomy":"product_tag","embeddable":true,"href":"https:\/\/miumjau.ee\/fi\/wp-json\/wp\/v2\/product_tag?post=52306"}],"curies":[{"name":"wp","href":"https:\/\/api.w.org\/{rel}","templated":true}]}}