{"id":52303,"date":"2025-03-28T15:34:18","date_gmt":"2025-03-28T13:34:18","guid":{"rendered":"https:\/\/miumjau.ee\/toode\/brit-dental-immuno-puruluut-koirille-7-kpl\/"},"modified":"2025-03-28T15:34:18","modified_gmt":"2025-03-28T13:34:18","slug":"brit-dental-immuno-puruluut-koirille-7-kpl","status":"publish","type":"product","link":"https:\/\/miumjau.ee\/fi\/tuote\/brit-dental-immuno-puruluut-koirille-7-kpl\/","title":{"rendered":"Brit Dental Immuno \u2013 puruluut koirille, 7 kpl"},"content":{"rendered":"","protected":false},"excerpt":{"rendered":"<p data-start=\"136\" data-end=\"242\"><strong data-start=\"136\" data-end=\"240\">Britin puruluut tukevat immuunij\u00e4rjestelm\u00e4\u00e4 probioottien ja kanelin avulla. T\u00e4ydennysruoka koirille.<\/strong><\/p>\n<ul data-start=\"244\" data-end=\"580\">\n<li data-start=\"244\" data-end=\"290\">\n<p data-start=\"246\" data-end=\"290\"><strong data-start=\"246\" data-end=\"256\">Kaneli<\/strong> \u2013 tulehdusta ehk\u00e4isev\u00e4 vaikutus<\/p>\n<\/li>\n<li data-start=\"291\" data-end=\"355\">\n<p data-start=\"293\" data-end=\"355\"><strong data-start=\"293\" data-end=\"323\">Probiootit (Lactobacillus)<\/strong> \u2013 tukevat immuunij\u00e4rjestelm\u00e4\u00e4<\/p>\n<\/li>\n<li data-start=\"356\" data-end=\"415\">\n<p data-start=\"358\" data-end=\"415\"><strong data-start=\"358\" data-end=\"368\">Minttu<\/strong> \u2013 antimikrobinen vaikutus ja raikas hengitys<\/p>\n<\/li>\n<li data-start=\"416\" data-end=\"472\">\n<p data-start=\"418\" data-end=\"472\"><strong data-start=\"418\" data-end=\"436\">Beetaglukaanit<\/strong> \u2013 suoliston terveys ja mikrobisto<\/p>\n<\/li>\n<li data-start=\"473\" data-end=\"519\">\n<p data-start=\"475\" data-end=\"519\"><strong data-start=\"475\" data-end=\"483\">SHMP<\/strong> \u2013 hampaille, ehk\u00e4isee hammaskive\u00e4<\/p>\n<\/li>\n<li data-start=\"520\" data-end=\"580\">\n<p data-start=\"522\" data-end=\"580\">Ei sis\u00e4ll\u00e4 gluteenia, GMO-aineita eik\u00e4 elintarvikev\u00e4rej\u00e4<\/p>\n<\/li>\n<\/ul>\n<p data-start=\"582\" data-end=\"980\"><strong data-start=\"582\" data-end=\"596\">Ainesosat:<\/strong><br data-start=\"596\" data-end=\"599\" \/>Kaurajauho, kasvipohjainen glyseroli (14 %), perunat\u00e4rkkelys (10 %), hydrolysoitu hiiva (5 %), punaiset linssit (4 %), lignoselluloosa (3 %), melassi (3 %), kuivattu kaneli (2 %), kuivattu timjami (1 %), kuivattu minttu (0,5 %), beetaglukaanit (0,3 %), natriumheksametafosfaatti (0,3 %), inaktivoidut bakteerit ja niiden osat (Lactobacillus helveticus HA-122, 15 x 10\u2079 solua\/kg).<\/p>\n<p data-start=\"982\" data-end=\"1147\"><strong data-start=\"982\" data-end=\"1005\">Analysoidut aineet:<\/strong><br data-start=\"1005\" data-end=\"1008\" \/>Raakaproteiini 9,0 %, raakarasva 3,5 %, raakatuhka 2,4 %, raakakuitu 4,1 %, kosteus 17,0 %, kalsium 0,1 %, fosfori 0,2 %, natrium 0,05 %.<\/p>\n<p data-start=\"1149\" data-end=\"1199\"><strong data-start=\"1149\" data-end=\"1166\">Ravintolis\u00e4t:<\/strong><br data-start=\"1166\" data-end=\"1169\" \/>C-vitamiini (3a312) 35 mg\/kg<\/p>\n<p data-start=\"1201\" data-end=\"1244\"><strong data-start=\"1201\" data-end=\"1229\">Metabolisoituva energia:<\/strong> 3010 kcal\/kg<\/p>\n<p data-start=\"1246\" data-end=\"1366\"><strong data-start=\"1246\" data-end=\"1263\">Ruokintaohje:<\/strong> Tarjoa koiralle 1 kpl p\u00e4iv\u00e4ss\u00e4 herkkuna tai palkintona. Varmista aina p\u00e4\u00e4sy raikkaaseen juomaveteen.<\/p>\n","protected":false},"featured_media":30961,"template":"","meta":[],"product_brand":[],"product_cat":[480],"product_tag":[],"class_list":{"0":"post-52303","1":"product","2":"type-product","3":"status-publish","4":"has-post-thumbnail","6":"product_cat-herkut-koirille","8":"first","9":"instock","10":"taxable","11":"shipping-taxable","12":"purchasable","13":"product-type-simple"},"yoast_head":"<!-- This site is optimized with the Yoast SEO plugin v27.2 - https:\/\/yoast.com\/product\/yoast-seo-wordpress\/ -->\n<title>Brit Dental Immuno \u2013 puruluut koirille, 7 kpl - MiuMjau<\/title>\n<meta name=\"robots\" content=\"index, follow, max-snippet:-1, max-image-preview:large, max-video-preview:-1\" \/>\n<link rel=\"canonical\" href=\"https:\/\/miumjau.ee\/fi\/tuote\/brit-dental-immuno-puruluut-koirille-7-kpl\/\" \/>\n<meta property=\"og:locale\" content=\"fi_FI\" \/>\n<meta property=\"og:type\" content=\"article\" \/>\n<meta property=\"og:title\" content=\"Brit Dental Immuno \u2013 puruluut koirille, 7 kpl - MiuMjau\" \/>\n<meta property=\"og:description\" content=\"Britin puruluut tukevat immuunij\u00e4rjestelm\u00e4\u00e4 probioottien ja kanelin avulla. T\u00e4ydennysruoka koirille.     Kaneli \u2013 tulehdusta ehk\u00e4isev\u00e4 vaikutus    Probiootit (Lactobacillus) \u2013 tukevat immuunij\u00e4rjestelm\u00e4\u00e4    Minttu \u2013 antimikrobinen vaikutus ja raikas hengitys    Beetaglukaanit \u2013 suoliston terveys ja mikrobisto    SHMP \u2013 hampaille, ehk\u00e4isee hammaskive\u00e4    Ei sis\u00e4ll\u00e4 gluteenia, GMO-aineita eik\u00e4 elintarvikev\u00e4rej\u00e4   Ainesosat:Kaurajauho, kasvipohjainen glyseroli (14 %), perunat\u00e4rkkelys (10 %), hydrolysoitu hiiva (5 %), punaiset linssit (4 %), lignoselluloosa (3 %), melassi (3 %), kuivattu kaneli (2 %), kuivattu timjami (1 %), kuivattu minttu (0,5 %), beetaglukaanit (0,3 %), natriumheksametafosfaatti (0,3 %), inaktivoidut bakteerit ja niiden osat (Lactobacillus helveticus HA-122, 15 x 10\u2079 solua\/kg). Analysoidut aineet:Raakaproteiini 9,0 %, raakarasva 3,5 %, raakatuhka 2,4 %, raakakuitu 4,1 %, kosteus 17,0 %, kalsium 0,1 %, fosfori 0,2 %, natrium 0,05 %. Ravintolis\u00e4t:C-vitamiini (3a312) 35 mg\/kg Metabolisoituva energia: 3010 kcal\/kg Ruokintaohje: Tarjoa koiralle 1 kpl p\u00e4iv\u00e4ss\u00e4 herkkuna tai palkintona. Varmista aina p\u00e4\u00e4sy raikkaaseen juomaveteen.\" \/>\n<meta property=\"og:url\" content=\"https:\/\/miumjau.ee\/fi\/tuote\/brit-dental-immuno-puruluut-koirille-7-kpl\/\" \/>\n<meta property=\"og:site_name\" content=\"MiuMjau\" \/>\n<meta property=\"article:publisher\" content=\"https:\/\/www.facebook.com\/miumjaupood\/\" \/>\n<meta property=\"og:image\" content=\"https:\/\/miumjau.ee\/wp-content\/uploads\/2025\/03\/brit-narimispulgad-koertele2.webp\" \/>\n\t<meta property=\"og:image:width\" content=\"600\" \/>\n\t<meta property=\"og:image:height\" content=\"800\" \/>\n\t<meta property=\"og:image:type\" content=\"image\/webp\" \/>\n<meta name=\"twitter:card\" content=\"summary_large_image\" \/>\n<script type=\"application\/ld+json\" class=\"yoast-schema-graph\">{\"@context\":\"https:\/\/schema.org\",\"@graph\":[{\"@type\":\"WebPage\",\"@id\":\"https:\/\/miumjau.ee\/fi\/tuote\/brit-dental-immuno-puruluut-koirille-7-kpl\/\",\"url\":\"https:\/\/miumjau.ee\/fi\/tuote\/brit-dental-immuno-puruluut-koirille-7-kpl\/\",\"name\":\"Brit Dental Immuno \u2013 puruluut koirille, 7 kpl - MiuMjau\",\"isPartOf\":{\"@id\":\"https:\/\/miumjau.ee\/#website\"},\"primaryImageOfPage\":{\"@id\":\"https:\/\/miumjau.ee\/fi\/tuote\/brit-dental-immuno-puruluut-koirille-7-kpl\/#primaryimage\"},\"image\":{\"@id\":\"https:\/\/miumjau.ee\/fi\/tuote\/brit-dental-immuno-puruluut-koirille-7-kpl\/#primaryimage\"},\"thumbnailUrl\":\"https:\/\/miumjau.ee\/wp-content\/uploads\/2025\/03\/brit-narimispulgad-koertele2.webp\",\"datePublished\":\"2025-03-28T13:34:18+00:00\",\"breadcrumb\":{\"@id\":\"https:\/\/miumjau.ee\/fi\/tuote\/brit-dental-immuno-puruluut-koirille-7-kpl\/#breadcrumb\"},\"inLanguage\":\"fi\",\"potentialAction\":[{\"@type\":\"ReadAction\",\"target\":[\"https:\/\/miumjau.ee\/fi\/tuote\/brit-dental-immuno-puruluut-koirille-7-kpl\/\"]}]},{\"@type\":\"ImageObject\",\"inLanguage\":\"fi\",\"@id\":\"https:\/\/miumjau.ee\/fi\/tuote\/brit-dental-immuno-puruluut-koirille-7-kpl\/#primaryimage\",\"url\":\"https:\/\/miumjau.ee\/wp-content\/uploads\/2025\/03\/brit-narimispulgad-koertele2.webp\",\"contentUrl\":\"https:\/\/miumjau.ee\/wp-content\/uploads\/2025\/03\/brit-narimispulgad-koertele2.webp\",\"width\":600,\"height\":800,\"caption\":\"N\u00e4rimispulgad koertele Brit Dental\"},{\"@type\":\"BreadcrumbList\",\"@id\":\"https:\/\/miumjau.ee\/fi\/tuote\/brit-dental-immuno-puruluut-koirille-7-kpl\/#breadcrumb\",\"itemListElement\":[{\"@type\":\"ListItem\",\"position\":1,\"name\":\"Home\",\"item\":\"https:\/\/miumjau.ee\/fi\/\"},{\"@type\":\"ListItem\",\"position\":2,\"name\":\"Kauppa\",\"item\":\"https:\/\/miumjau.ee\/fi\/kauppa\/\"},{\"@type\":\"ListItem\",\"position\":3,\"name\":\"Brit Dental Immuno \u2013 puruluut koirille, 7 kpl\"}]},{\"@type\":\"WebSite\",\"@id\":\"https:\/\/miumjau.ee\/#website\",\"url\":\"https:\/\/miumjau.ee\/\",\"name\":\"MiuMjau\",\"description\":\"Kraapimispuud kassidele\",\"publisher\":{\"@id\":\"https:\/\/miumjau.ee\/#organization\"},\"potentialAction\":[{\"@type\":\"SearchAction\",\"target\":{\"@type\":\"EntryPoint\",\"urlTemplate\":\"https:\/\/miumjau.ee\/?s={search_term_string}\"},\"query-input\":{\"@type\":\"PropertyValueSpecification\",\"valueRequired\":true,\"valueName\":\"search_term_string\"}}],\"inLanguage\":\"fi\"},{\"@type\":\"Organization\",\"@id\":\"https:\/\/miumjau.ee\/#organization\",\"name\":\"MiuMjau O\u00dc\",\"url\":\"https:\/\/miumjau.ee\/\",\"logo\":{\"@type\":\"ImageObject\",\"inLanguage\":\"fi\",\"@id\":\"https:\/\/miumjau.ee\/#\/schema\/logo\/image\/\",\"url\":\"https:\/\/miumjau.ee\/wp-content\/uploads\/2022\/04\/MiuMjau-logo-kollane.png\",\"contentUrl\":\"https:\/\/miumjau.ee\/wp-content\/uploads\/2022\/04\/MiuMjau-logo-kollane.png\",\"width\":219,\"height\":100,\"caption\":\"MiuMjau O\u00dc\"},\"image\":{\"@id\":\"https:\/\/miumjau.ee\/#\/schema\/logo\/image\/\"},\"sameAs\":[\"https:\/\/www.facebook.com\/miumjaupood\/\"]}]}<\/script>\n<!-- \/ Yoast SEO plugin. -->","yoast_head_json":{"title":"Brit Dental Immuno \u2013 puruluut koirille, 7 kpl - MiuMjau","robots":{"index":"index","follow":"follow","max-snippet":"max-snippet:-1","max-image-preview":"max-image-preview:large","max-video-preview":"max-video-preview:-1"},"canonical":"https:\/\/miumjau.ee\/fi\/tuote\/brit-dental-immuno-puruluut-koirille-7-kpl\/","og_locale":"fi_FI","og_type":"article","og_title":"Brit Dental Immuno \u2013 puruluut koirille, 7 kpl - MiuMjau","og_description":"Britin puruluut tukevat immuunij\u00e4rjestelm\u00e4\u00e4 probioottien ja kanelin avulla. T\u00e4ydennysruoka koirille.     Kaneli \u2013 tulehdusta ehk\u00e4isev\u00e4 vaikutus    Probiootit (Lactobacillus) \u2013 tukevat immuunij\u00e4rjestelm\u00e4\u00e4    Minttu \u2013 antimikrobinen vaikutus ja raikas hengitys    Beetaglukaanit \u2013 suoliston terveys ja mikrobisto    SHMP \u2013 hampaille, ehk\u00e4isee hammaskive\u00e4    Ei sis\u00e4ll\u00e4 gluteenia, GMO-aineita eik\u00e4 elintarvikev\u00e4rej\u00e4   Ainesosat:Kaurajauho, kasvipohjainen glyseroli (14 %), perunat\u00e4rkkelys (10 %), hydrolysoitu hiiva (5 %), punaiset linssit (4 %), lignoselluloosa (3 %), melassi (3 %), kuivattu kaneli (2 %), kuivattu timjami (1 %), kuivattu minttu (0,5 %), beetaglukaanit (0,3 %), natriumheksametafosfaatti (0,3 %), inaktivoidut bakteerit ja niiden osat (Lactobacillus helveticus HA-122, 15 x 10\u2079 solua\/kg). Analysoidut aineet:Raakaproteiini 9,0 %, raakarasva 3,5 %, raakatuhka 2,4 %, raakakuitu 4,1 %, kosteus 17,0 %, kalsium 0,1 %, fosfori 0,2 %, natrium 0,05 %. Ravintolis\u00e4t:C-vitamiini (3a312) 35 mg\/kg Metabolisoituva energia: 3010 kcal\/kg Ruokintaohje: Tarjoa koiralle 1 kpl p\u00e4iv\u00e4ss\u00e4 herkkuna tai palkintona. Varmista aina p\u00e4\u00e4sy raikkaaseen juomaveteen.","og_url":"https:\/\/miumjau.ee\/fi\/tuote\/brit-dental-immuno-puruluut-koirille-7-kpl\/","og_site_name":"MiuMjau","article_publisher":"https:\/\/www.facebook.com\/miumjaupood\/","og_image":[{"width":600,"height":800,"url":"https:\/\/miumjau.ee\/wp-content\/uploads\/2025\/03\/brit-narimispulgad-koertele2.webp","type":"image\/webp"}],"twitter_card":"summary_large_image","schema":{"@context":"https:\/\/schema.org","@graph":[{"@type":"WebPage","@id":"https:\/\/miumjau.ee\/fi\/tuote\/brit-dental-immuno-puruluut-koirille-7-kpl\/","url":"https:\/\/miumjau.ee\/fi\/tuote\/brit-dental-immuno-puruluut-koirille-7-kpl\/","name":"Brit Dental Immuno \u2013 puruluut koirille, 7 kpl - MiuMjau","isPartOf":{"@id":"https:\/\/miumjau.ee\/#website"},"primaryImageOfPage":{"@id":"https:\/\/miumjau.ee\/fi\/tuote\/brit-dental-immuno-puruluut-koirille-7-kpl\/#primaryimage"},"image":{"@id":"https:\/\/miumjau.ee\/fi\/tuote\/brit-dental-immuno-puruluut-koirille-7-kpl\/#primaryimage"},"thumbnailUrl":"https:\/\/miumjau.ee\/wp-content\/uploads\/2025\/03\/brit-narimispulgad-koertele2.webp","datePublished":"2025-03-28T13:34:18+00:00","breadcrumb":{"@id":"https:\/\/miumjau.ee\/fi\/tuote\/brit-dental-immuno-puruluut-koirille-7-kpl\/#breadcrumb"},"inLanguage":"fi","potentialAction":[{"@type":"ReadAction","target":["https:\/\/miumjau.ee\/fi\/tuote\/brit-dental-immuno-puruluut-koirille-7-kpl\/"]}]},{"@type":"ImageObject","inLanguage":"fi","@id":"https:\/\/miumjau.ee\/fi\/tuote\/brit-dental-immuno-puruluut-koirille-7-kpl\/#primaryimage","url":"https:\/\/miumjau.ee\/wp-content\/uploads\/2025\/03\/brit-narimispulgad-koertele2.webp","contentUrl":"https:\/\/miumjau.ee\/wp-content\/uploads\/2025\/03\/brit-narimispulgad-koertele2.webp","width":600,"height":800,"caption":"N\u00e4rimispulgad koertele Brit Dental"},{"@type":"BreadcrumbList","@id":"https:\/\/miumjau.ee\/fi\/tuote\/brit-dental-immuno-puruluut-koirille-7-kpl\/#breadcrumb","itemListElement":[{"@type":"ListItem","position":1,"name":"Home","item":"https:\/\/miumjau.ee\/fi\/"},{"@type":"ListItem","position":2,"name":"Kauppa","item":"https:\/\/miumjau.ee\/fi\/kauppa\/"},{"@type":"ListItem","position":3,"name":"Brit Dental Immuno \u2013 puruluut koirille, 7 kpl"}]},{"@type":"WebSite","@id":"https:\/\/miumjau.ee\/#website","url":"https:\/\/miumjau.ee\/","name":"MiuMjau","description":"Kraapimispuud kassidele","publisher":{"@id":"https:\/\/miumjau.ee\/#organization"},"potentialAction":[{"@type":"SearchAction","target":{"@type":"EntryPoint","urlTemplate":"https:\/\/miumjau.ee\/?s={search_term_string}"},"query-input":{"@type":"PropertyValueSpecification","valueRequired":true,"valueName":"search_term_string"}}],"inLanguage":"fi"},{"@type":"Organization","@id":"https:\/\/miumjau.ee\/#organization","name":"MiuMjau O\u00dc","url":"https:\/\/miumjau.ee\/","logo":{"@type":"ImageObject","inLanguage":"fi","@id":"https:\/\/miumjau.ee\/#\/schema\/logo\/image\/","url":"https:\/\/miumjau.ee\/wp-content\/uploads\/2022\/04\/MiuMjau-logo-kollane.png","contentUrl":"https:\/\/miumjau.ee\/wp-content\/uploads\/2022\/04\/MiuMjau-logo-kollane.png","width":219,"height":100,"caption":"MiuMjau O\u00dc"},"image":{"@id":"https:\/\/miumjau.ee\/#\/schema\/logo\/image\/"},"sameAs":["https:\/\/www.facebook.com\/miumjaupood\/"]}]}},"_links":{"self":[{"href":"https:\/\/miumjau.ee\/fi\/wp-json\/wp\/v2\/product\/52303","targetHints":{"allow":["GET"]}}],"collection":[{"href":"https:\/\/miumjau.ee\/fi\/wp-json\/wp\/v2\/product"}],"about":[{"href":"https:\/\/miumjau.ee\/fi\/wp-json\/wp\/v2\/types\/product"}],"wp:featuredmedia":[{"embeddable":true,"href":"https:\/\/miumjau.ee\/fi\/wp-json\/wp\/v2\/media\/30961"}],"wp:attachment":[{"href":"https:\/\/miumjau.ee\/fi\/wp-json\/wp\/v2\/media?parent=52303"}],"wp:term":[{"taxonomy":"product_brand","embeddable":true,"href":"https:\/\/miumjau.ee\/fi\/wp-json\/wp\/v2\/product_brand?post=52303"},{"taxonomy":"product_cat","embeddable":true,"href":"https:\/\/miumjau.ee\/fi\/wp-json\/wp\/v2\/product_cat?post=52303"},{"taxonomy":"product_tag","embeddable":true,"href":"https:\/\/miumjau.ee\/fi\/wp-json\/wp\/v2\/product_tag?post=52303"}],"curies":[{"name":"wp","href":"https:\/\/api.w.org\/{rel}","templated":true}]}}