{"id":52300,"date":"2025-03-28T15:34:16","date_gmt":"2025-03-28T13:34:16","guid":{"rendered":"https:\/\/miumjau.ee\/toode\/brit-dental-stick-mobility-puruluut-koirille\/"},"modified":"2025-03-28T15:34:16","modified_gmt":"2025-03-28T13:34:16","slug":"brit-dental-stick-mobility-puruluut-koirille","status":"publish","type":"product","link":"https:\/\/miumjau.ee\/fi\/tuote\/brit-dental-stick-mobility-puruluut-koirille\/","title":{"rendered":"Brit Dental Stick Mobility \u2013 puruluut koirille"},"content":{"rendered":"","protected":false},"excerpt":{"rendered":"<p data-start=\"73\" data-end=\"180\"><strong data-start=\"73\" data-end=\"178\">Brit puruluut, jotka tukevat liikkuvuutta. Sis\u00e4lt\u00e4\u00e4 kollageenia ja kurkumaa. T\u00e4ydennysruoka koirille.<\/strong><\/p>\n<ul data-start=\"182\" data-end=\"512\">\n<li data-start=\"182\" data-end=\"243\">\n<p data-start=\"184\" data-end=\"243\"><strong data-start=\"184\" data-end=\"198\">Kollageeni<\/strong> \u2013 tukee niveli\u00e4, j\u00e4nteit\u00e4 ja nivelsiteit\u00e4.<\/p>\n<\/li>\n<li data-start=\"244\" data-end=\"285\">\n<p data-start=\"246\" data-end=\"285\"><strong data-start=\"246\" data-end=\"258\">Kurkumaa<\/strong> \u2013 tulehdusten ehk\u00e4isyyn.<\/p>\n<\/li>\n<li data-start=\"286\" data-end=\"346\">\n<p data-start=\"288\" data-end=\"346\"><strong data-start=\"288\" data-end=\"298\">Minttu<\/strong> \u2013 antimikrobinen vaikutus ja raikas hengitys.<\/p>\n<\/li>\n<li data-start=\"347\" data-end=\"402\">\n<p data-start=\"349\" data-end=\"402\"><strong data-start=\"349\" data-end=\"365\">Glukosamiini<\/strong> \u2013 kondroprotektori, tukee rustoja.<\/p>\n<\/li>\n<li data-start=\"403\" data-end=\"450\">\n<p data-start=\"405\" data-end=\"450\"><strong data-start=\"405\" data-end=\"413\">SHMP<\/strong> \u2013 hampaille, ehk\u00e4isee hammaskive\u00e4.<\/p>\n<\/li>\n<li data-start=\"451\" data-end=\"512\">\n<p data-start=\"453\" data-end=\"512\">Ei sis\u00e4ll\u00e4 gluteenia, GMO-aineita eik\u00e4 elintarvikev\u00e4rej\u00e4.<\/p>\n<\/li>\n<\/ul>\n<p data-start=\"514\" data-end=\"837\"><strong data-start=\"514\" data-end=\"528\">Ainesosat:<\/strong><br data-start=\"528\" data-end=\"531\" \/>Kaurajauho, kasvipohjainen glyseroli (14 %), perunat\u00e4rkkelys (10 %), hydrolysoitu hiiva (5 %), lignoselluloosa (3 %), melassi (3 %), kollageeni (2 %), kuivattu kurkuma (2 %), glukosamiini (0,5 %), kuivattu mikrolev\u00e4 (Schizochytrium sp., 0,5 %), kuivattu minttu (0,5 %), natriumheksametafosfaatti (0,3 %).<\/p>\n<p data-start=\"839\" data-end=\"1031\"><strong data-start=\"839\" data-end=\"862\">Analysoidut aineet:<\/strong><br data-start=\"862\" data-end=\"865\" \/>Raakaproteiini 10,5 %, raakarasva 4,0 %, raakatuhka 2,5 %, raakakuitu 4,0 %, kosteus 17,0 %, kalsium 0,1 %, fosfori 0,2 %, natrium 0,05 %, Omega-3-rasvahapot 0,2 %.<\/p>\n<p data-start=\"1033\" data-end=\"1085\"><strong data-start=\"1033\" data-end=\"1050\">Ravintolis\u00e4t:<\/strong><br data-start=\"1050\" data-end=\"1053\" \/>C-vitamiini (3a312) 100 mg\/kg.<\/p>\n<p data-start=\"1087\" data-end=\"1130\"><strong data-start=\"1087\" data-end=\"1115\">Metabolisoituva energia:<\/strong> 3035 kcal\/kg<\/p>\n<p data-start=\"1132\" data-end=\"1252\"><strong data-start=\"1132\" data-end=\"1149\">Ruokintaohje:<\/strong> Tarjoa koiralle 1 kpl p\u00e4iv\u00e4ss\u00e4 herkkuna tai palkintona. Varmista aina p\u00e4\u00e4sy raikkaaseen juomaveteen.<\/p>\n","protected":false},"featured_media":30965,"template":"","meta":[],"product_brand":[],"product_cat":[480],"product_tag":[],"class_list":{"0":"post-52300","1":"product","2":"type-product","3":"status-publish","4":"has-post-thumbnail","6":"product_cat-herkut-koirille","8":"first","9":"instock","10":"taxable","11":"shipping-taxable","12":"purchasable","13":"product-type-simple"},"yoast_head":"<!-- This site is optimized with the Yoast SEO plugin v27.2 - https:\/\/yoast.com\/product\/yoast-seo-wordpress\/ -->\n<title>Brit Dental Stick Mobility \u2013 puruluut koirille - MiuMjau<\/title>\n<meta name=\"robots\" content=\"index, follow, max-snippet:-1, max-image-preview:large, max-video-preview:-1\" \/>\n<link rel=\"canonical\" href=\"https:\/\/miumjau.ee\/fi\/tuote\/brit-dental-stick-mobility-puruluut-koirille\/\" \/>\n<meta property=\"og:locale\" content=\"fi_FI\" \/>\n<meta property=\"og:type\" content=\"article\" \/>\n<meta property=\"og:title\" content=\"Brit Dental Stick Mobility \u2013 puruluut koirille - MiuMjau\" \/>\n<meta property=\"og:description\" content=\"Brit puruluut, jotka tukevat liikkuvuutta. Sis\u00e4lt\u00e4\u00e4 kollageenia ja kurkumaa. T\u00e4ydennysruoka koirille.     Kollageeni \u2013 tukee niveli\u00e4, j\u00e4nteit\u00e4 ja nivelsiteit\u00e4.    Kurkumaa \u2013 tulehdusten ehk\u00e4isyyn.    Minttu \u2013 antimikrobinen vaikutus ja raikas hengitys.    Glukosamiini \u2013 kondroprotektori, tukee rustoja.    SHMP \u2013 hampaille, ehk\u00e4isee hammaskive\u00e4.    Ei sis\u00e4ll\u00e4 gluteenia, GMO-aineita eik\u00e4 elintarvikev\u00e4rej\u00e4.   Ainesosat:Kaurajauho, kasvipohjainen glyseroli (14 %), perunat\u00e4rkkelys (10 %), hydrolysoitu hiiva (5 %), lignoselluloosa (3 %), melassi (3 %), kollageeni (2 %), kuivattu kurkuma (2 %), glukosamiini (0,5 %), kuivattu mikrolev\u00e4 (Schizochytrium sp., 0,5 %), kuivattu minttu (0,5 %), natriumheksametafosfaatti (0,3 %). Analysoidut aineet:Raakaproteiini 10,5 %, raakarasva 4,0 %, raakatuhka 2,5 %, raakakuitu 4,0 %, kosteus 17,0 %, kalsium 0,1 %, fosfori 0,2 %, natrium 0,05 %, Omega-3-rasvahapot 0,2 %. Ravintolis\u00e4t:C-vitamiini (3a312) 100 mg\/kg. Metabolisoituva energia: 3035 kcal\/kg Ruokintaohje: Tarjoa koiralle 1 kpl p\u00e4iv\u00e4ss\u00e4 herkkuna tai palkintona. Varmista aina p\u00e4\u00e4sy raikkaaseen juomaveteen.\" \/>\n<meta property=\"og:url\" content=\"https:\/\/miumjau.ee\/fi\/tuote\/brit-dental-stick-mobility-puruluut-koirille\/\" \/>\n<meta property=\"og:site_name\" content=\"MiuMjau\" \/>\n<meta property=\"article:publisher\" content=\"https:\/\/www.facebook.com\/miumjaupood\/\" \/>\n<meta property=\"og:image\" content=\"https:\/\/miumjau.ee\/wp-content\/uploads\/2025\/03\/brit-narimispulgad-koertele3.webp\" \/>\n\t<meta property=\"og:image:width\" content=\"600\" \/>\n\t<meta property=\"og:image:height\" content=\"800\" \/>\n\t<meta property=\"og:image:type\" content=\"image\/webp\" \/>\n<meta name=\"twitter:card\" content=\"summary_large_image\" \/>\n<script type=\"application\/ld+json\" class=\"yoast-schema-graph\">{\"@context\":\"https:\/\/schema.org\",\"@graph\":[{\"@type\":\"WebPage\",\"@id\":\"https:\/\/miumjau.ee\/fi\/tuote\/brit-dental-stick-mobility-puruluut-koirille\/\",\"url\":\"https:\/\/miumjau.ee\/fi\/tuote\/brit-dental-stick-mobility-puruluut-koirille\/\",\"name\":\"Brit Dental Stick Mobility \u2013 puruluut koirille - MiuMjau\",\"isPartOf\":{\"@id\":\"https:\/\/miumjau.ee\/#website\"},\"primaryImageOfPage\":{\"@id\":\"https:\/\/miumjau.ee\/fi\/tuote\/brit-dental-stick-mobility-puruluut-koirille\/#primaryimage\"},\"image\":{\"@id\":\"https:\/\/miumjau.ee\/fi\/tuote\/brit-dental-stick-mobility-puruluut-koirille\/#primaryimage\"},\"thumbnailUrl\":\"https:\/\/miumjau.ee\/wp-content\/uploads\/2025\/03\/brit-narimispulgad-koertele3.webp\",\"datePublished\":\"2025-03-28T13:34:16+00:00\",\"breadcrumb\":{\"@id\":\"https:\/\/miumjau.ee\/fi\/tuote\/brit-dental-stick-mobility-puruluut-koirille\/#breadcrumb\"},\"inLanguage\":\"fi\",\"potentialAction\":[{\"@type\":\"ReadAction\",\"target\":[\"https:\/\/miumjau.ee\/fi\/tuote\/brit-dental-stick-mobility-puruluut-koirille\/\"]}]},{\"@type\":\"ImageObject\",\"inLanguage\":\"fi\",\"@id\":\"https:\/\/miumjau.ee\/fi\/tuote\/brit-dental-stick-mobility-puruluut-koirille\/#primaryimage\",\"url\":\"https:\/\/miumjau.ee\/wp-content\/uploads\/2025\/03\/brit-narimispulgad-koertele3.webp\",\"contentUrl\":\"https:\/\/miumjau.ee\/wp-content\/uploads\/2025\/03\/brit-narimispulgad-koertele3.webp\",\"width\":600,\"height\":800,\"caption\":\"N\u00e4rimispulgad koertele Brit Dental\"},{\"@type\":\"BreadcrumbList\",\"@id\":\"https:\/\/miumjau.ee\/fi\/tuote\/brit-dental-stick-mobility-puruluut-koirille\/#breadcrumb\",\"itemListElement\":[{\"@type\":\"ListItem\",\"position\":1,\"name\":\"Home\",\"item\":\"https:\/\/miumjau.ee\/fi\/\"},{\"@type\":\"ListItem\",\"position\":2,\"name\":\"Kauppa\",\"item\":\"https:\/\/miumjau.ee\/fi\/kauppa\/\"},{\"@type\":\"ListItem\",\"position\":3,\"name\":\"Brit Dental Stick Mobility \u2013 puruluut koirille\"}]},{\"@type\":\"WebSite\",\"@id\":\"https:\/\/miumjau.ee\/#website\",\"url\":\"https:\/\/miumjau.ee\/\",\"name\":\"MiuMjau\",\"description\":\"Kraapimispuud kassidele\",\"publisher\":{\"@id\":\"https:\/\/miumjau.ee\/#organization\"},\"potentialAction\":[{\"@type\":\"SearchAction\",\"target\":{\"@type\":\"EntryPoint\",\"urlTemplate\":\"https:\/\/miumjau.ee\/?s={search_term_string}\"},\"query-input\":{\"@type\":\"PropertyValueSpecification\",\"valueRequired\":true,\"valueName\":\"search_term_string\"}}],\"inLanguage\":\"fi\"},{\"@type\":\"Organization\",\"@id\":\"https:\/\/miumjau.ee\/#organization\",\"name\":\"MiuMjau O\u00dc\",\"url\":\"https:\/\/miumjau.ee\/\",\"logo\":{\"@type\":\"ImageObject\",\"inLanguage\":\"fi\",\"@id\":\"https:\/\/miumjau.ee\/#\/schema\/logo\/image\/\",\"url\":\"https:\/\/miumjau.ee\/wp-content\/uploads\/2022\/04\/MiuMjau-logo-kollane.png\",\"contentUrl\":\"https:\/\/miumjau.ee\/wp-content\/uploads\/2022\/04\/MiuMjau-logo-kollane.png\",\"width\":219,\"height\":100,\"caption\":\"MiuMjau O\u00dc\"},\"image\":{\"@id\":\"https:\/\/miumjau.ee\/#\/schema\/logo\/image\/\"},\"sameAs\":[\"https:\/\/www.facebook.com\/miumjaupood\/\"]}]}<\/script>\n<!-- \/ Yoast SEO plugin. -->","yoast_head_json":{"title":"Brit Dental Stick Mobility \u2013 puruluut koirille - MiuMjau","robots":{"index":"index","follow":"follow","max-snippet":"max-snippet:-1","max-image-preview":"max-image-preview:large","max-video-preview":"max-video-preview:-1"},"canonical":"https:\/\/miumjau.ee\/fi\/tuote\/brit-dental-stick-mobility-puruluut-koirille\/","og_locale":"fi_FI","og_type":"article","og_title":"Brit Dental Stick Mobility \u2013 puruluut koirille - MiuMjau","og_description":"Brit puruluut, jotka tukevat liikkuvuutta. Sis\u00e4lt\u00e4\u00e4 kollageenia ja kurkumaa. T\u00e4ydennysruoka koirille.     Kollageeni \u2013 tukee niveli\u00e4, j\u00e4nteit\u00e4 ja nivelsiteit\u00e4.    Kurkumaa \u2013 tulehdusten ehk\u00e4isyyn.    Minttu \u2013 antimikrobinen vaikutus ja raikas hengitys.    Glukosamiini \u2013 kondroprotektori, tukee rustoja.    SHMP \u2013 hampaille, ehk\u00e4isee hammaskive\u00e4.    Ei sis\u00e4ll\u00e4 gluteenia, GMO-aineita eik\u00e4 elintarvikev\u00e4rej\u00e4.   Ainesosat:Kaurajauho, kasvipohjainen glyseroli (14 %), perunat\u00e4rkkelys (10 %), hydrolysoitu hiiva (5 %), lignoselluloosa (3 %), melassi (3 %), kollageeni (2 %), kuivattu kurkuma (2 %), glukosamiini (0,5 %), kuivattu mikrolev\u00e4 (Schizochytrium sp., 0,5 %), kuivattu minttu (0,5 %), natriumheksametafosfaatti (0,3 %). Analysoidut aineet:Raakaproteiini 10,5 %, raakarasva 4,0 %, raakatuhka 2,5 %, raakakuitu 4,0 %, kosteus 17,0 %, kalsium 0,1 %, fosfori 0,2 %, natrium 0,05 %, Omega-3-rasvahapot 0,2 %. Ravintolis\u00e4t:C-vitamiini (3a312) 100 mg\/kg. Metabolisoituva energia: 3035 kcal\/kg Ruokintaohje: Tarjoa koiralle 1 kpl p\u00e4iv\u00e4ss\u00e4 herkkuna tai palkintona. Varmista aina p\u00e4\u00e4sy raikkaaseen juomaveteen.","og_url":"https:\/\/miumjau.ee\/fi\/tuote\/brit-dental-stick-mobility-puruluut-koirille\/","og_site_name":"MiuMjau","article_publisher":"https:\/\/www.facebook.com\/miumjaupood\/","og_image":[{"width":600,"height":800,"url":"https:\/\/miumjau.ee\/wp-content\/uploads\/2025\/03\/brit-narimispulgad-koertele3.webp","type":"image\/webp"}],"twitter_card":"summary_large_image","schema":{"@context":"https:\/\/schema.org","@graph":[{"@type":"WebPage","@id":"https:\/\/miumjau.ee\/fi\/tuote\/brit-dental-stick-mobility-puruluut-koirille\/","url":"https:\/\/miumjau.ee\/fi\/tuote\/brit-dental-stick-mobility-puruluut-koirille\/","name":"Brit Dental Stick Mobility \u2013 puruluut koirille - MiuMjau","isPartOf":{"@id":"https:\/\/miumjau.ee\/#website"},"primaryImageOfPage":{"@id":"https:\/\/miumjau.ee\/fi\/tuote\/brit-dental-stick-mobility-puruluut-koirille\/#primaryimage"},"image":{"@id":"https:\/\/miumjau.ee\/fi\/tuote\/brit-dental-stick-mobility-puruluut-koirille\/#primaryimage"},"thumbnailUrl":"https:\/\/miumjau.ee\/wp-content\/uploads\/2025\/03\/brit-narimispulgad-koertele3.webp","datePublished":"2025-03-28T13:34:16+00:00","breadcrumb":{"@id":"https:\/\/miumjau.ee\/fi\/tuote\/brit-dental-stick-mobility-puruluut-koirille\/#breadcrumb"},"inLanguage":"fi","potentialAction":[{"@type":"ReadAction","target":["https:\/\/miumjau.ee\/fi\/tuote\/brit-dental-stick-mobility-puruluut-koirille\/"]}]},{"@type":"ImageObject","inLanguage":"fi","@id":"https:\/\/miumjau.ee\/fi\/tuote\/brit-dental-stick-mobility-puruluut-koirille\/#primaryimage","url":"https:\/\/miumjau.ee\/wp-content\/uploads\/2025\/03\/brit-narimispulgad-koertele3.webp","contentUrl":"https:\/\/miumjau.ee\/wp-content\/uploads\/2025\/03\/brit-narimispulgad-koertele3.webp","width":600,"height":800,"caption":"N\u00e4rimispulgad koertele Brit Dental"},{"@type":"BreadcrumbList","@id":"https:\/\/miumjau.ee\/fi\/tuote\/brit-dental-stick-mobility-puruluut-koirille\/#breadcrumb","itemListElement":[{"@type":"ListItem","position":1,"name":"Home","item":"https:\/\/miumjau.ee\/fi\/"},{"@type":"ListItem","position":2,"name":"Kauppa","item":"https:\/\/miumjau.ee\/fi\/kauppa\/"},{"@type":"ListItem","position":3,"name":"Brit Dental Stick Mobility \u2013 puruluut koirille"}]},{"@type":"WebSite","@id":"https:\/\/miumjau.ee\/#website","url":"https:\/\/miumjau.ee\/","name":"MiuMjau","description":"Kraapimispuud kassidele","publisher":{"@id":"https:\/\/miumjau.ee\/#organization"},"potentialAction":[{"@type":"SearchAction","target":{"@type":"EntryPoint","urlTemplate":"https:\/\/miumjau.ee\/?s={search_term_string}"},"query-input":{"@type":"PropertyValueSpecification","valueRequired":true,"valueName":"search_term_string"}}],"inLanguage":"fi"},{"@type":"Organization","@id":"https:\/\/miumjau.ee\/#organization","name":"MiuMjau O\u00dc","url":"https:\/\/miumjau.ee\/","logo":{"@type":"ImageObject","inLanguage":"fi","@id":"https:\/\/miumjau.ee\/#\/schema\/logo\/image\/","url":"https:\/\/miumjau.ee\/wp-content\/uploads\/2022\/04\/MiuMjau-logo-kollane.png","contentUrl":"https:\/\/miumjau.ee\/wp-content\/uploads\/2022\/04\/MiuMjau-logo-kollane.png","width":219,"height":100,"caption":"MiuMjau O\u00dc"},"image":{"@id":"https:\/\/miumjau.ee\/#\/schema\/logo\/image\/"},"sameAs":["https:\/\/www.facebook.com\/miumjaupood\/"]}]}},"_links":{"self":[{"href":"https:\/\/miumjau.ee\/fi\/wp-json\/wp\/v2\/product\/52300","targetHints":{"allow":["GET"]}}],"collection":[{"href":"https:\/\/miumjau.ee\/fi\/wp-json\/wp\/v2\/product"}],"about":[{"href":"https:\/\/miumjau.ee\/fi\/wp-json\/wp\/v2\/types\/product"}],"wp:featuredmedia":[{"embeddable":true,"href":"https:\/\/miumjau.ee\/fi\/wp-json\/wp\/v2\/media\/30965"}],"wp:attachment":[{"href":"https:\/\/miumjau.ee\/fi\/wp-json\/wp\/v2\/media?parent=52300"}],"wp:term":[{"taxonomy":"product_brand","embeddable":true,"href":"https:\/\/miumjau.ee\/fi\/wp-json\/wp\/v2\/product_brand?post=52300"},{"taxonomy":"product_cat","embeddable":true,"href":"https:\/\/miumjau.ee\/fi\/wp-json\/wp\/v2\/product_cat?post=52300"},{"taxonomy":"product_tag","embeddable":true,"href":"https:\/\/miumjau.ee\/fi\/wp-json\/wp\/v2\/product_tag?post=52300"}],"curies":[{"name":"wp","href":"https:\/\/api.w.org\/{rel}","templated":true}]}}