{"id":52294,"date":"2025-05-20T17:09:17","date_gmt":"2025-05-20T14:09:17","guid":{"rendered":"https:\/\/miumjau.ee\/toode\/polaris-grainfree-adult-duckturkey-12kg\/"},"modified":"2025-05-20T17:09:17","modified_gmt":"2025-05-20T14:09:17","slug":"polaris-grainfree-adult-duckturkey-12kg","status":"publish","type":"product","link":"https:\/\/miumjau.ee\/fi\/tuote\/polaris-grainfree-adult-duckturkey-12kg\/","title":{"rendered":"Polaris grainfree adult duck&#038;turkey 12kg"},"content":{"rendered":"","protected":false},"excerpt":{"rendered":"<p data-start=\"2119\" data-end=\"2809\">Viljaton koiranruoka, joka sis\u00e4lt\u00e4\u00e4 oikeaa lihaa (ei lihajauhoja). T\u00e4ysravinto parhaassa muodossaan. Tauriini tukee syd\u00e4men normaalia toimintaa. Omega-3- ja Omega-6-rasvahapot (lohi\u00f6ljyst\u00e4 ja pellavansiemenist\u00e4) tukevat syd\u00e4men, ihon ja turkin terveytt\u00e4. Glukosamiini ja kondroitiini tukevat nivelten terveytt\u00e4. <strong data-start=\"2431\" data-end=\"2444\">MACROGARD<\/strong>-superruokaseos luonnollisilla antioksidanteilla (beetaglukaanit, spirulina, tyrni, yrtit: timjami, persilja ja rosmariini) vahvistaa vastustuskyky\u00e4. <strong data-start=\"2594\" data-end=\"2607\">ActiveMOS<\/strong> ja <strong data-start=\"2611\" data-end=\"2623\">psyllium<\/strong> tukevat ruoansulatusta.<br data-start=\"2647\" data-end=\"2650\" \/>65 % valikoituja el\u00e4inper\u00e4isi\u00e4 ainesosia \u2013 luuttomia fileit\u00e4 ja rasvoja.<br data-start=\"2722\" data-end=\"2725\" \/>35 % vihanneksia, luonnollinen superruokaseos, yrtit, vitamiinit ja kivenn\u00e4isaineet.<\/p>\n<p data-start=\"2811\" data-end=\"3375\"><strong data-start=\"2811\" data-end=\"2825\">Koostumus:<\/strong><br data-start=\"2825\" data-end=\"2828\" \/>Luuttomaksi poistettu ankka (25 %), perunahiutaleet (20 %), kuivattu kalkkuna (18 %), herneet (12 %), kuivattu sianliha (11 %), perunat\u00e4rkkelys, siipikarjanrasva, kuivattu juurikasmassa (4 %), hydrolysoitu el\u00e4inproteiini, hiiva (3 %), kuivattu sikuri (2,5 %), vitamiinit ja kivenn\u00e4isaineet, lohi\u00f6ljy (0,5 %), psyllium (0,5 %), Yucca schidigera -uute (0,2 %), spirulina (0,2 %), ActiveMOS (0,2 %), MACROGARD (0,1 %), tyrni (0,1 %), yrtit (rosmariini, timjami, persilja \u2013 0,1 %), kondroitiinisulfaatti (270 mg\/kg), glukosamiinisulfaatti (200 mg\/kg).<\/p>\n<p data-start=\"3377\" data-end=\"3529\"><strong data-start=\"3377\" data-end=\"3404\">Analyyttiset ainesosat:<\/strong><br data-start=\"3404\" data-end=\"3407\" \/>Raakaproteiini 26,0 %, raakarasva 14,0 %, raakatuhka 8,0 %, raakakuitu 2,5 %.<br data-start=\"3484\" data-end=\"3487\" \/>Omega-6 : Omega-3-rasvahappojen suhde 8:1.<\/p>\n<p data-start=\"3531\" data-end=\"3980\"><strong data-start=\"3531\" data-end=\"3553\">Ravintolis\u00e4t \/ kg:<\/strong><br data-start=\"3553\" data-end=\"3556\" \/>A-vitamiini 15 000 IU, D3-vitamiini 1 000 IU, E-vitamiini 500 mg, C-vitamiini 140 mg, kupari (kupari(II)sulfaatti, pentahydraatti) 10 mg, rauta (rauta(II)sulfaatti, monohydraatti) 100 mg, jodi (kalsiumjodaatti, vedet\u00f6n) 2,0 mg, sinkki (sinkkisulfaatti, monohydraatti) 110 mg, mangaani (mangaanioksidi (II)) 40 mg, seleeni (natriumseleniitti) 0,3 mg, glukosamiini 200 mg, kondroitiini 270 mg, tauriini 200 mg, antioksidantit.<\/p>\n<p data-start=\"3982\" data-end=\"4182\"><strong data-start=\"3982\" data-end=\"3993\">K\u00e4ytt\u00f6:<\/strong><br data-start=\"3993\" data-end=\"3996\" \/>Tarjoa kuivana tai kostutettuna l\u00e4mpim\u00e4ll\u00e4 vedell\u00e4 tai liemell\u00e4. Raikasta juomavett\u00e4 on oltava aina saatavilla. Ruokintaohje on suuntaa antava \u2013 huomioi koiran paino, ik\u00e4 ja aktiivisuus.<\/p>\n","protected":false},"featured_media":35474,"template":"","meta":[],"product_brand":[],"product_cat":[478],"product_tag":[],"class_list":{"0":"post-52294","1":"product","2":"type-product","3":"status-publish","4":"has-post-thumbnail","6":"product_cat-kuivaruoka-koirille","8":"first","9":"instock","10":"sale","11":"taxable","12":"shipping-taxable","13":"purchasable","14":"product-type-simple"},"yoast_head":"<!-- This site is optimized with the Yoast SEO plugin v27.2 - https:\/\/yoast.com\/product\/yoast-seo-wordpress\/ -->\n<title>Polaris grainfree adult duck&amp;turkey 12kg - MiuMjau<\/title>\n<meta name=\"robots\" content=\"index, follow, max-snippet:-1, max-image-preview:large, max-video-preview:-1\" \/>\n<link rel=\"canonical\" href=\"https:\/\/miumjau.ee\/fi\/tuote\/polaris-grainfree-adult-duckturkey-12kg\/\" \/>\n<meta property=\"og:locale\" content=\"fi_FI\" \/>\n<meta property=\"og:type\" content=\"article\" \/>\n<meta property=\"og:title\" content=\"Polaris grainfree adult duck&amp;turkey 12kg - MiuMjau\" \/>\n<meta property=\"og:description\" content=\"Viljaton koiranruoka, joka sis\u00e4lt\u00e4\u00e4 oikeaa lihaa (ei lihajauhoja). T\u00e4ysravinto parhaassa muodossaan. Tauriini tukee syd\u00e4men normaalia toimintaa. Omega-3- ja Omega-6-rasvahapot (lohi\u00f6ljyst\u00e4 ja pellavansiemenist\u00e4) tukevat syd\u00e4men, ihon ja turkin terveytt\u00e4. Glukosamiini ja kondroitiini tukevat nivelten terveytt\u00e4. MACROGARD-superruokaseos luonnollisilla antioksidanteilla (beetaglukaanit, spirulina, tyrni, yrtit: timjami, persilja ja rosmariini) vahvistaa vastustuskyky\u00e4. ActiveMOS ja psyllium tukevat ruoansulatusta.65 % valikoituja el\u00e4inper\u00e4isi\u00e4 ainesosia \u2013 luuttomia fileit\u00e4 ja rasvoja.35 % vihanneksia, luonnollinen superruokaseos, yrtit, vitamiinit ja kivenn\u00e4isaineet. Koostumus:Luuttomaksi poistettu ankka (25 %), perunahiutaleet (20 %), kuivattu kalkkuna (18 %), herneet (12 %), kuivattu sianliha (11 %), perunat\u00e4rkkelys, siipikarjanrasva, kuivattu juurikasmassa (4 %), hydrolysoitu el\u00e4inproteiini, hiiva (3 %), kuivattu sikuri (2,5 %), vitamiinit ja kivenn\u00e4isaineet, lohi\u00f6ljy (0,5 %), psyllium (0,5 %), Yucca schidigera -uute (0,2 %), spirulina (0,2 %), ActiveMOS (0,2 %), MACROGARD (0,1 %), tyrni (0,1 %), yrtit (rosmariini, timjami, persilja \u2013 0,1 %), kondroitiinisulfaatti (270 mg\/kg), glukosamiinisulfaatti (200 mg\/kg). Analyyttiset ainesosat:Raakaproteiini 26,0 %, raakarasva 14,0 %, raakatuhka 8,0 %, raakakuitu 2,5 %.Omega-6 : Omega-3-rasvahappojen suhde 8:1. Ravintolis\u00e4t \/ kg:A-vitamiini 15 000 IU, D3-vitamiini 1 000 IU, E-vitamiini 500 mg, C-vitamiini 140 mg, kupari (kupari(II)sulfaatti, pentahydraatti) 10 mg, rauta (rauta(II)sulfaatti, monohydraatti) 100 mg, jodi (kalsiumjodaatti, vedet\u00f6n) 2,0 mg, sinkki (sinkkisulfaatti, monohydraatti) 110 mg, mangaani (mangaanioksidi (II)) 40 mg, seleeni (natriumseleniitti) 0,3 mg, glukosamiini 200 mg, kondroitiini 270 mg, tauriini 200 mg, antioksidantit. K\u00e4ytt\u00f6:Tarjoa kuivana tai kostutettuna l\u00e4mpim\u00e4ll\u00e4 vedell\u00e4 tai liemell\u00e4. Raikasta juomavett\u00e4 on oltava aina saatavilla. Ruokintaohje on suuntaa antava \u2013 huomioi koiran paino, ik\u00e4 ja aktiivisuus.\" \/>\n<meta property=\"og:url\" content=\"https:\/\/miumjau.ee\/fi\/tuote\/polaris-grainfree-adult-duckturkey-12kg\/\" \/>\n<meta property=\"og:site_name\" content=\"MiuMjau\" \/>\n<meta property=\"article:publisher\" content=\"https:\/\/www.facebook.com\/miumjaupood\/\" \/>\n<meta property=\"og:image\" content=\"https:\/\/miumjau.ee\/wp-content\/uploads\/2025\/05\/polaris-koeratoit-12kg1.webp\" \/>\n\t<meta property=\"og:image:width\" content=\"600\" \/>\n\t<meta property=\"og:image:height\" content=\"800\" \/>\n\t<meta property=\"og:image:type\" content=\"image\/webp\" \/>\n<meta name=\"twitter:card\" content=\"summary_large_image\" \/>\n<script type=\"application\/ld+json\" class=\"yoast-schema-graph\">{\"@context\":\"https:\/\/schema.org\",\"@graph\":[{\"@type\":\"WebPage\",\"@id\":\"https:\/\/miumjau.ee\/fi\/tuote\/polaris-grainfree-adult-duckturkey-12kg\/\",\"url\":\"https:\/\/miumjau.ee\/fi\/tuote\/polaris-grainfree-adult-duckturkey-12kg\/\",\"name\":\"Polaris grainfree adult duck&turkey 12kg - MiuMjau\",\"isPartOf\":{\"@id\":\"https:\/\/miumjau.ee\/#website\"},\"primaryImageOfPage\":{\"@id\":\"https:\/\/miumjau.ee\/fi\/tuote\/polaris-grainfree-adult-duckturkey-12kg\/#primaryimage\"},\"image\":{\"@id\":\"https:\/\/miumjau.ee\/fi\/tuote\/polaris-grainfree-adult-duckturkey-12kg\/#primaryimage\"},\"thumbnailUrl\":\"https:\/\/miumjau.ee\/wp-content\/uploads\/2025\/05\/polaris-koeratoit-12kg1.webp\",\"datePublished\":\"2025-05-20T14:09:17+00:00\",\"breadcrumb\":{\"@id\":\"https:\/\/miumjau.ee\/fi\/tuote\/polaris-grainfree-adult-duckturkey-12kg\/#breadcrumb\"},\"inLanguage\":\"fi\",\"potentialAction\":[{\"@type\":\"ReadAction\",\"target\":[\"https:\/\/miumjau.ee\/fi\/tuote\/polaris-grainfree-adult-duckturkey-12kg\/\"]}]},{\"@type\":\"ImageObject\",\"inLanguage\":\"fi\",\"@id\":\"https:\/\/miumjau.ee\/fi\/tuote\/polaris-grainfree-adult-duckturkey-12kg\/#primaryimage\",\"url\":\"https:\/\/miumjau.ee\/wp-content\/uploads\/2025\/05\/polaris-koeratoit-12kg1.webp\",\"contentUrl\":\"https:\/\/miumjau.ee\/wp-content\/uploads\/2025\/05\/polaris-koeratoit-12kg1.webp\",\"width\":600,\"height\":800,\"caption\":\"Polaris grainfree adult duck&turkey 12kg\"},{\"@type\":\"BreadcrumbList\",\"@id\":\"https:\/\/miumjau.ee\/fi\/tuote\/polaris-grainfree-adult-duckturkey-12kg\/#breadcrumb\",\"itemListElement\":[{\"@type\":\"ListItem\",\"position\":1,\"name\":\"Home\",\"item\":\"https:\/\/miumjau.ee\/fi\/\"},{\"@type\":\"ListItem\",\"position\":2,\"name\":\"Kauppa\",\"item\":\"https:\/\/miumjau.ee\/fi\/kauppa\/\"},{\"@type\":\"ListItem\",\"position\":3,\"name\":\"Polaris grainfree adult duck&#038;turkey 12kg\"}]},{\"@type\":\"WebSite\",\"@id\":\"https:\/\/miumjau.ee\/#website\",\"url\":\"https:\/\/miumjau.ee\/\",\"name\":\"MiuMjau\",\"description\":\"Kraapimispuud kassidele\",\"publisher\":{\"@id\":\"https:\/\/miumjau.ee\/#organization\"},\"potentialAction\":[{\"@type\":\"SearchAction\",\"target\":{\"@type\":\"EntryPoint\",\"urlTemplate\":\"https:\/\/miumjau.ee\/?s={search_term_string}\"},\"query-input\":{\"@type\":\"PropertyValueSpecification\",\"valueRequired\":true,\"valueName\":\"search_term_string\"}}],\"inLanguage\":\"fi\"},{\"@type\":\"Organization\",\"@id\":\"https:\/\/miumjau.ee\/#organization\",\"name\":\"MiuMjau O\u00dc\",\"url\":\"https:\/\/miumjau.ee\/\",\"logo\":{\"@type\":\"ImageObject\",\"inLanguage\":\"fi\",\"@id\":\"https:\/\/miumjau.ee\/#\/schema\/logo\/image\/\",\"url\":\"https:\/\/miumjau.ee\/wp-content\/uploads\/2022\/04\/MiuMjau-logo-kollane.png\",\"contentUrl\":\"https:\/\/miumjau.ee\/wp-content\/uploads\/2022\/04\/MiuMjau-logo-kollane.png\",\"width\":219,\"height\":100,\"caption\":\"MiuMjau O\u00dc\"},\"image\":{\"@id\":\"https:\/\/miumjau.ee\/#\/schema\/logo\/image\/\"},\"sameAs\":[\"https:\/\/www.facebook.com\/miumjaupood\/\"]}]}<\/script>\n<!-- \/ Yoast SEO plugin. -->","yoast_head_json":{"title":"Polaris grainfree adult duck&turkey 12kg - MiuMjau","robots":{"index":"index","follow":"follow","max-snippet":"max-snippet:-1","max-image-preview":"max-image-preview:large","max-video-preview":"max-video-preview:-1"},"canonical":"https:\/\/miumjau.ee\/fi\/tuote\/polaris-grainfree-adult-duckturkey-12kg\/","og_locale":"fi_FI","og_type":"article","og_title":"Polaris grainfree adult duck&turkey 12kg - MiuMjau","og_description":"Viljaton koiranruoka, joka sis\u00e4lt\u00e4\u00e4 oikeaa lihaa (ei lihajauhoja). T\u00e4ysravinto parhaassa muodossaan. Tauriini tukee syd\u00e4men normaalia toimintaa. Omega-3- ja Omega-6-rasvahapot (lohi\u00f6ljyst\u00e4 ja pellavansiemenist\u00e4) tukevat syd\u00e4men, ihon ja turkin terveytt\u00e4. Glukosamiini ja kondroitiini tukevat nivelten terveytt\u00e4. MACROGARD-superruokaseos luonnollisilla antioksidanteilla (beetaglukaanit, spirulina, tyrni, yrtit: timjami, persilja ja rosmariini) vahvistaa vastustuskyky\u00e4. ActiveMOS ja psyllium tukevat ruoansulatusta.65 % valikoituja el\u00e4inper\u00e4isi\u00e4 ainesosia \u2013 luuttomia fileit\u00e4 ja rasvoja.35 % vihanneksia, luonnollinen superruokaseos, yrtit, vitamiinit ja kivenn\u00e4isaineet. Koostumus:Luuttomaksi poistettu ankka (25 %), perunahiutaleet (20 %), kuivattu kalkkuna (18 %), herneet (12 %), kuivattu sianliha (11 %), perunat\u00e4rkkelys, siipikarjanrasva, kuivattu juurikasmassa (4 %), hydrolysoitu el\u00e4inproteiini, hiiva (3 %), kuivattu sikuri (2,5 %), vitamiinit ja kivenn\u00e4isaineet, lohi\u00f6ljy (0,5 %), psyllium (0,5 %), Yucca schidigera -uute (0,2 %), spirulina (0,2 %), ActiveMOS (0,2 %), MACROGARD (0,1 %), tyrni (0,1 %), yrtit (rosmariini, timjami, persilja \u2013 0,1 %), kondroitiinisulfaatti (270 mg\/kg), glukosamiinisulfaatti (200 mg\/kg). Analyyttiset ainesosat:Raakaproteiini 26,0 %, raakarasva 14,0 %, raakatuhka 8,0 %, raakakuitu 2,5 %.Omega-6 : Omega-3-rasvahappojen suhde 8:1. Ravintolis\u00e4t \/ kg:A-vitamiini 15 000 IU, D3-vitamiini 1 000 IU, E-vitamiini 500 mg, C-vitamiini 140 mg, kupari (kupari(II)sulfaatti, pentahydraatti) 10 mg, rauta (rauta(II)sulfaatti, monohydraatti) 100 mg, jodi (kalsiumjodaatti, vedet\u00f6n) 2,0 mg, sinkki (sinkkisulfaatti, monohydraatti) 110 mg, mangaani (mangaanioksidi (II)) 40 mg, seleeni (natriumseleniitti) 0,3 mg, glukosamiini 200 mg, kondroitiini 270 mg, tauriini 200 mg, antioksidantit. K\u00e4ytt\u00f6:Tarjoa kuivana tai kostutettuna l\u00e4mpim\u00e4ll\u00e4 vedell\u00e4 tai liemell\u00e4. Raikasta juomavett\u00e4 on oltava aina saatavilla. Ruokintaohje on suuntaa antava \u2013 huomioi koiran paino, ik\u00e4 ja aktiivisuus.","og_url":"https:\/\/miumjau.ee\/fi\/tuote\/polaris-grainfree-adult-duckturkey-12kg\/","og_site_name":"MiuMjau","article_publisher":"https:\/\/www.facebook.com\/miumjaupood\/","og_image":[{"width":600,"height":800,"url":"https:\/\/miumjau.ee\/wp-content\/uploads\/2025\/05\/polaris-koeratoit-12kg1.webp","type":"image\/webp"}],"twitter_card":"summary_large_image","schema":{"@context":"https:\/\/schema.org","@graph":[{"@type":"WebPage","@id":"https:\/\/miumjau.ee\/fi\/tuote\/polaris-grainfree-adult-duckturkey-12kg\/","url":"https:\/\/miumjau.ee\/fi\/tuote\/polaris-grainfree-adult-duckturkey-12kg\/","name":"Polaris grainfree adult duck&turkey 12kg - MiuMjau","isPartOf":{"@id":"https:\/\/miumjau.ee\/#website"},"primaryImageOfPage":{"@id":"https:\/\/miumjau.ee\/fi\/tuote\/polaris-grainfree-adult-duckturkey-12kg\/#primaryimage"},"image":{"@id":"https:\/\/miumjau.ee\/fi\/tuote\/polaris-grainfree-adult-duckturkey-12kg\/#primaryimage"},"thumbnailUrl":"https:\/\/miumjau.ee\/wp-content\/uploads\/2025\/05\/polaris-koeratoit-12kg1.webp","datePublished":"2025-05-20T14:09:17+00:00","breadcrumb":{"@id":"https:\/\/miumjau.ee\/fi\/tuote\/polaris-grainfree-adult-duckturkey-12kg\/#breadcrumb"},"inLanguage":"fi","potentialAction":[{"@type":"ReadAction","target":["https:\/\/miumjau.ee\/fi\/tuote\/polaris-grainfree-adult-duckturkey-12kg\/"]}]},{"@type":"ImageObject","inLanguage":"fi","@id":"https:\/\/miumjau.ee\/fi\/tuote\/polaris-grainfree-adult-duckturkey-12kg\/#primaryimage","url":"https:\/\/miumjau.ee\/wp-content\/uploads\/2025\/05\/polaris-koeratoit-12kg1.webp","contentUrl":"https:\/\/miumjau.ee\/wp-content\/uploads\/2025\/05\/polaris-koeratoit-12kg1.webp","width":600,"height":800,"caption":"Polaris grainfree adult duck&turkey 12kg"},{"@type":"BreadcrumbList","@id":"https:\/\/miumjau.ee\/fi\/tuote\/polaris-grainfree-adult-duckturkey-12kg\/#breadcrumb","itemListElement":[{"@type":"ListItem","position":1,"name":"Home","item":"https:\/\/miumjau.ee\/fi\/"},{"@type":"ListItem","position":2,"name":"Kauppa","item":"https:\/\/miumjau.ee\/fi\/kauppa\/"},{"@type":"ListItem","position":3,"name":"Polaris grainfree adult duck&#038;turkey 12kg"}]},{"@type":"WebSite","@id":"https:\/\/miumjau.ee\/#website","url":"https:\/\/miumjau.ee\/","name":"MiuMjau","description":"Kraapimispuud kassidele","publisher":{"@id":"https:\/\/miumjau.ee\/#organization"},"potentialAction":[{"@type":"SearchAction","target":{"@type":"EntryPoint","urlTemplate":"https:\/\/miumjau.ee\/?s={search_term_string}"},"query-input":{"@type":"PropertyValueSpecification","valueRequired":true,"valueName":"search_term_string"}}],"inLanguage":"fi"},{"@type":"Organization","@id":"https:\/\/miumjau.ee\/#organization","name":"MiuMjau O\u00dc","url":"https:\/\/miumjau.ee\/","logo":{"@type":"ImageObject","inLanguage":"fi","@id":"https:\/\/miumjau.ee\/#\/schema\/logo\/image\/","url":"https:\/\/miumjau.ee\/wp-content\/uploads\/2022\/04\/MiuMjau-logo-kollane.png","contentUrl":"https:\/\/miumjau.ee\/wp-content\/uploads\/2022\/04\/MiuMjau-logo-kollane.png","width":219,"height":100,"caption":"MiuMjau O\u00dc"},"image":{"@id":"https:\/\/miumjau.ee\/#\/schema\/logo\/image\/"},"sameAs":["https:\/\/www.facebook.com\/miumjaupood\/"]}]}},"_links":{"self":[{"href":"https:\/\/miumjau.ee\/fi\/wp-json\/wp\/v2\/product\/52294","targetHints":{"allow":["GET"]}}],"collection":[{"href":"https:\/\/miumjau.ee\/fi\/wp-json\/wp\/v2\/product"}],"about":[{"href":"https:\/\/miumjau.ee\/fi\/wp-json\/wp\/v2\/types\/product"}],"wp:featuredmedia":[{"embeddable":true,"href":"https:\/\/miumjau.ee\/fi\/wp-json\/wp\/v2\/media\/35474"}],"wp:attachment":[{"href":"https:\/\/miumjau.ee\/fi\/wp-json\/wp\/v2\/media?parent=52294"}],"wp:term":[{"taxonomy":"product_brand","embeddable":true,"href":"https:\/\/miumjau.ee\/fi\/wp-json\/wp\/v2\/product_brand?post=52294"},{"taxonomy":"product_cat","embeddable":true,"href":"https:\/\/miumjau.ee\/fi\/wp-json\/wp\/v2\/product_cat?post=52294"},{"taxonomy":"product_tag","embeddable":true,"href":"https:\/\/miumjau.ee\/fi\/wp-json\/wp\/v2\/product_tag?post=52294"}],"curies":[{"name":"wp","href":"https:\/\/api.w.org\/{rel}","templated":true}]}}