{"id":52285,"date":"2025-05-20T17:09:17","date_gmt":"2025-05-20T14:09:17","guid":{"rendered":"https:\/\/miumjau.ee\/toode\/polaris-grainfree-salmonlamb-adult-small-breeds-5kg\/"},"modified":"2025-05-20T17:09:17","modified_gmt":"2025-05-20T14:09:17","slug":"polaris-grainfree-salmonlamb-adult-small-breeds-5kg","status":"publish","type":"product","link":"https:\/\/miumjau.ee\/fi\/tuote\/polaris-grainfree-salmonlamb-adult-small-breeds-5kg\/","title":{"rendered":"Polaris grainfree salmon&#038;lamb adult small breeds 5kg"},"content":{"rendered":"","protected":false},"excerpt":{"rendered":"<p data-start=\"2148\" data-end=\"2874\">Viljaton koiranruoka, joka sis\u00e4lt\u00e4\u00e4 oikeaa lihaa (ei lihajauhoja). T\u00e4ysravinto, joka on erityisesti suunniteltu pienikokoisille koirille. Tauriini tukee syd\u00e4men normaalia toimintaa. Omega-3- ja Omega-6-rasvahapot (lohi\u00f6ljyst\u00e4 ja pellavansiemenist\u00e4) tukevat syd\u00e4men, ihon ja turkin terveytt\u00e4. Glukosamiini ja kondroitiini tukevat nivelten terveytt\u00e4. <strong data-start=\"2497\" data-end=\"2510\">MACROGARD<\/strong>-superruokaseos luonnollisilla antioksidanteilla (beetaglukaanit, spirulina, tyrni, yrtit: timjami, persilja ja rosmariini) vahvistaa vastustuskyky\u00e4. <strong data-start=\"2660\" data-end=\"2673\">ActiveMOS<\/strong> ja <strong data-start=\"2677\" data-end=\"2689\">psyllium<\/strong> tukevat ruoansulatusta.<br data-start=\"2713\" data-end=\"2716\" \/>68 % valittuja el\u00e4inper\u00e4isi\u00e4 ainesosia \u2013 luuttomia fileit\u00e4 ja rasvoja.<br data-start=\"2786\" data-end=\"2789\" \/>32 % vihanneksia, luonnollisia superruokia, yrttej\u00e4, vitamiineja ja kivenn\u00e4isaineita.<\/p>\n<p data-start=\"2876\" data-end=\"3434\"><strong data-start=\"2876\" data-end=\"2890\">Koostumus:<\/strong><br data-start=\"2890\" data-end=\"2893\" \/>Luuttomaksi poistettu lohi (25 %), perunahiutaleet (20 %), kuivattu lammas (15 %), kuivattu sianliha (15 %), herneet (12 %), siipikarjanrasva, perunat\u00e4rkkelys, hydrolysoitu el\u00e4inproteiini, kuivattu juurikasmassa (3,5 %), hiiva (3 %), vitamiinit ja kivenn\u00e4isaineet, kalsiumkarbonaatti, lohi\u00f6ljy (0,5 %), psyllium (0,5 %), Yucca schidigera -uute (0,2 %), spirulina (0,2 %), ActiveMOS (0,2 %), MACROGARD (0,1 %), tyrni (0,1 %), yrtit (rosmariini, timjami, persilja \u2013 0,1 %), kondroitiinisulfaatti (270 mg\/kg), glukosamiinisulfaatti (200 mg\/kg).<\/p>\n<p data-start=\"3436\" data-end=\"3575\"><strong data-start=\"3436\" data-end=\"3463\">Analyyttiset ainesosat:<\/strong><br data-start=\"3463\" data-end=\"3466\" \/>Raakaproteiini 28,0 %, raakarasva 16,0 %, raakatuhka 8,5 %, raakakuitu 2,5 %.<br data-start=\"3543\" data-end=\"3546\" \/>Omega-6 : Omega-3 -suhde 8:1.<\/p>\n<p data-start=\"3577\" data-end=\"4026\"><strong data-start=\"3577\" data-end=\"3599\">Ravintolis\u00e4t \/ kg:<\/strong><br data-start=\"3599\" data-end=\"3602\" \/>A-vitamiini 15 000 IU, D3-vitamiini 1 000 IU, E-vitamiini 500 mg, C-vitamiini 140 mg, kupari (kupari(II)sulfaatti, pentahydraatti) 10 mg, rauta (rauta(II)sulfaatti, monohydraatti) 100 mg, jodi (kalsiumjodaatti, vedet\u00f6n) 2,0 mg, sinkki (sinkkisulfaatti, monohydraatti) 110 mg, mangaani (mangaanioksidi (II)) 40 mg, seleeni (natriumseleniitti) 0,3 mg, glukosamiini 200 mg, kondroitiini 270 mg, tauriini 200 mg, antioksidantit.<\/p>\n<p data-start=\"4028\" data-end=\"4228\"><strong data-start=\"4028\" data-end=\"4039\">K\u00e4ytt\u00f6:<\/strong><br data-start=\"4039\" data-end=\"4042\" \/>Tarjoa kuivana tai kostutettuna l\u00e4mpim\u00e4ll\u00e4 vedell\u00e4 tai liemell\u00e4. Raikasta juomavett\u00e4 on oltava aina saatavilla. Ruokintaohje on suuntaa antava \u2013 huomioi koiran paino, ik\u00e4 ja aktiivisuus.<\/p>\n","protected":false},"featured_media":35515,"template":"","meta":[],"product_brand":[],"product_cat":[478],"product_tag":[],"class_list":{"0":"post-52285","1":"product","2":"type-product","3":"status-publish","4":"has-post-thumbnail","6":"product_cat-kuivaruoka-koirille","8":"first","9":"instock","10":"taxable","11":"shipping-taxable","12":"purchasable","13":"product-type-simple"},"yoast_head":"<!-- This site is optimized with the Yoast SEO plugin v27.2 - https:\/\/yoast.com\/product\/yoast-seo-wordpress\/ -->\n<title>Polaris grainfree salmon&amp;lamb adult small breeds 5kg - MiuMjau<\/title>\n<meta name=\"robots\" content=\"index, follow, max-snippet:-1, max-image-preview:large, max-video-preview:-1\" \/>\n<link rel=\"canonical\" href=\"https:\/\/miumjau.ee\/fi\/tuote\/polaris-grainfree-salmonlamb-adult-small-breeds-5kg\/\" \/>\n<meta property=\"og:locale\" content=\"fi_FI\" \/>\n<meta property=\"og:type\" content=\"article\" \/>\n<meta property=\"og:title\" content=\"Polaris grainfree salmon&amp;lamb adult small breeds 5kg - MiuMjau\" \/>\n<meta property=\"og:description\" content=\"Viljaton koiranruoka, joka sis\u00e4lt\u00e4\u00e4 oikeaa lihaa (ei lihajauhoja). T\u00e4ysravinto, joka on erityisesti suunniteltu pienikokoisille koirille. Tauriini tukee syd\u00e4men normaalia toimintaa. Omega-3- ja Omega-6-rasvahapot (lohi\u00f6ljyst\u00e4 ja pellavansiemenist\u00e4) tukevat syd\u00e4men, ihon ja turkin terveytt\u00e4. Glukosamiini ja kondroitiini tukevat nivelten terveytt\u00e4. MACROGARD-superruokaseos luonnollisilla antioksidanteilla (beetaglukaanit, spirulina, tyrni, yrtit: timjami, persilja ja rosmariini) vahvistaa vastustuskyky\u00e4. ActiveMOS ja psyllium tukevat ruoansulatusta.68 % valittuja el\u00e4inper\u00e4isi\u00e4 ainesosia \u2013 luuttomia fileit\u00e4 ja rasvoja.32 % vihanneksia, luonnollisia superruokia, yrttej\u00e4, vitamiineja ja kivenn\u00e4isaineita. Koostumus:Luuttomaksi poistettu lohi (25 %), perunahiutaleet (20 %), kuivattu lammas (15 %), kuivattu sianliha (15 %), herneet (12 %), siipikarjanrasva, perunat\u00e4rkkelys, hydrolysoitu el\u00e4inproteiini, kuivattu juurikasmassa (3,5 %), hiiva (3 %), vitamiinit ja kivenn\u00e4isaineet, kalsiumkarbonaatti, lohi\u00f6ljy (0,5 %), psyllium (0,5 %), Yucca schidigera -uute (0,2 %), spirulina (0,2 %), ActiveMOS (0,2 %), MACROGARD (0,1 %), tyrni (0,1 %), yrtit (rosmariini, timjami, persilja \u2013 0,1 %), kondroitiinisulfaatti (270 mg\/kg), glukosamiinisulfaatti (200 mg\/kg). Analyyttiset ainesosat:Raakaproteiini 28,0 %, raakarasva 16,0 %, raakatuhka 8,5 %, raakakuitu 2,5 %.Omega-6 : Omega-3 -suhde 8:1. Ravintolis\u00e4t \/ kg:A-vitamiini 15 000 IU, D3-vitamiini 1 000 IU, E-vitamiini 500 mg, C-vitamiini 140 mg, kupari (kupari(II)sulfaatti, pentahydraatti) 10 mg, rauta (rauta(II)sulfaatti, monohydraatti) 100 mg, jodi (kalsiumjodaatti, vedet\u00f6n) 2,0 mg, sinkki (sinkkisulfaatti, monohydraatti) 110 mg, mangaani (mangaanioksidi (II)) 40 mg, seleeni (natriumseleniitti) 0,3 mg, glukosamiini 200 mg, kondroitiini 270 mg, tauriini 200 mg, antioksidantit. K\u00e4ytt\u00f6:Tarjoa kuivana tai kostutettuna l\u00e4mpim\u00e4ll\u00e4 vedell\u00e4 tai liemell\u00e4. Raikasta juomavett\u00e4 on oltava aina saatavilla. Ruokintaohje on suuntaa antava \u2013 huomioi koiran paino, ik\u00e4 ja aktiivisuus.\" \/>\n<meta property=\"og:url\" content=\"https:\/\/miumjau.ee\/fi\/tuote\/polaris-grainfree-salmonlamb-adult-small-breeds-5kg\/\" \/>\n<meta property=\"og:site_name\" content=\"MiuMjau\" \/>\n<meta property=\"article:publisher\" content=\"https:\/\/www.facebook.com\/miumjaupood\/\" \/>\n<meta property=\"og:image\" content=\"https:\/\/miumjau.ee\/wp-content\/uploads\/2025\/05\/polaris-koeratoit-minitougudele-5kg-1-Photoroom-1.webp\" \/>\n\t<meta property=\"og:image:width\" content=\"1200\" \/>\n\t<meta property=\"og:image:height\" content=\"1600\" \/>\n\t<meta property=\"og:image:type\" content=\"image\/webp\" \/>\n<meta name=\"twitter:card\" content=\"summary_large_image\" \/>\n<script type=\"application\/ld+json\" class=\"yoast-schema-graph\">{\"@context\":\"https:\/\/schema.org\",\"@graph\":[{\"@type\":\"WebPage\",\"@id\":\"https:\/\/miumjau.ee\/fi\/tuote\/polaris-grainfree-salmonlamb-adult-small-breeds-5kg\/\",\"url\":\"https:\/\/miumjau.ee\/fi\/tuote\/polaris-grainfree-salmonlamb-adult-small-breeds-5kg\/\",\"name\":\"Polaris grainfree salmon&lamb adult small breeds 5kg - MiuMjau\",\"isPartOf\":{\"@id\":\"https:\/\/miumjau.ee\/#website\"},\"primaryImageOfPage\":{\"@id\":\"https:\/\/miumjau.ee\/fi\/tuote\/polaris-grainfree-salmonlamb-adult-small-breeds-5kg\/#primaryimage\"},\"image\":{\"@id\":\"https:\/\/miumjau.ee\/fi\/tuote\/polaris-grainfree-salmonlamb-adult-small-breeds-5kg\/#primaryimage\"},\"thumbnailUrl\":\"https:\/\/miumjau.ee\/wp-content\/uploads\/2025\/05\/polaris-koeratoit-minitougudele-5kg-1-Photoroom-1.webp\",\"datePublished\":\"2025-05-20T14:09:17+00:00\",\"breadcrumb\":{\"@id\":\"https:\/\/miumjau.ee\/fi\/tuote\/polaris-grainfree-salmonlamb-adult-small-breeds-5kg\/#breadcrumb\"},\"inLanguage\":\"fi\",\"potentialAction\":[{\"@type\":\"ReadAction\",\"target\":[\"https:\/\/miumjau.ee\/fi\/tuote\/polaris-grainfree-salmonlamb-adult-small-breeds-5kg\/\"]}]},{\"@type\":\"ImageObject\",\"inLanguage\":\"fi\",\"@id\":\"https:\/\/miumjau.ee\/fi\/tuote\/polaris-grainfree-salmonlamb-adult-small-breeds-5kg\/#primaryimage\",\"url\":\"https:\/\/miumjau.ee\/wp-content\/uploads\/2025\/05\/polaris-koeratoit-minitougudele-5kg-1-Photoroom-1.webp\",\"contentUrl\":\"https:\/\/miumjau.ee\/wp-content\/uploads\/2025\/05\/polaris-koeratoit-minitougudele-5kg-1-Photoroom-1.webp\",\"width\":1200,\"height\":1600,\"caption\":\"Polaris grainfree salmon&lamb adult small breeds 5kg\"},{\"@type\":\"BreadcrumbList\",\"@id\":\"https:\/\/miumjau.ee\/fi\/tuote\/polaris-grainfree-salmonlamb-adult-small-breeds-5kg\/#breadcrumb\",\"itemListElement\":[{\"@type\":\"ListItem\",\"position\":1,\"name\":\"Home\",\"item\":\"https:\/\/miumjau.ee\/fi\/\"},{\"@type\":\"ListItem\",\"position\":2,\"name\":\"Kauppa\",\"item\":\"https:\/\/miumjau.ee\/fi\/kauppa\/\"},{\"@type\":\"ListItem\",\"position\":3,\"name\":\"Polaris grainfree salmon&#038;lamb adult small breeds 5kg\"}]},{\"@type\":\"WebSite\",\"@id\":\"https:\/\/miumjau.ee\/#website\",\"url\":\"https:\/\/miumjau.ee\/\",\"name\":\"MiuMjau\",\"description\":\"Kraapimispuud kassidele\",\"publisher\":{\"@id\":\"https:\/\/miumjau.ee\/#organization\"},\"potentialAction\":[{\"@type\":\"SearchAction\",\"target\":{\"@type\":\"EntryPoint\",\"urlTemplate\":\"https:\/\/miumjau.ee\/?s={search_term_string}\"},\"query-input\":{\"@type\":\"PropertyValueSpecification\",\"valueRequired\":true,\"valueName\":\"search_term_string\"}}],\"inLanguage\":\"fi\"},{\"@type\":\"Organization\",\"@id\":\"https:\/\/miumjau.ee\/#organization\",\"name\":\"MiuMjau O\u00dc\",\"url\":\"https:\/\/miumjau.ee\/\",\"logo\":{\"@type\":\"ImageObject\",\"inLanguage\":\"fi\",\"@id\":\"https:\/\/miumjau.ee\/#\/schema\/logo\/image\/\",\"url\":\"https:\/\/miumjau.ee\/wp-content\/uploads\/2022\/04\/MiuMjau-logo-kollane.png\",\"contentUrl\":\"https:\/\/miumjau.ee\/wp-content\/uploads\/2022\/04\/MiuMjau-logo-kollane.png\",\"width\":219,\"height\":100,\"caption\":\"MiuMjau O\u00dc\"},\"image\":{\"@id\":\"https:\/\/miumjau.ee\/#\/schema\/logo\/image\/\"},\"sameAs\":[\"https:\/\/www.facebook.com\/miumjaupood\/\"]}]}<\/script>\n<!-- \/ Yoast SEO plugin. -->","yoast_head_json":{"title":"Polaris grainfree salmon&lamb adult small breeds 5kg - MiuMjau","robots":{"index":"index","follow":"follow","max-snippet":"max-snippet:-1","max-image-preview":"max-image-preview:large","max-video-preview":"max-video-preview:-1"},"canonical":"https:\/\/miumjau.ee\/fi\/tuote\/polaris-grainfree-salmonlamb-adult-small-breeds-5kg\/","og_locale":"fi_FI","og_type":"article","og_title":"Polaris grainfree salmon&lamb adult small breeds 5kg - MiuMjau","og_description":"Viljaton koiranruoka, joka sis\u00e4lt\u00e4\u00e4 oikeaa lihaa (ei lihajauhoja). T\u00e4ysravinto, joka on erityisesti suunniteltu pienikokoisille koirille. Tauriini tukee syd\u00e4men normaalia toimintaa. Omega-3- ja Omega-6-rasvahapot (lohi\u00f6ljyst\u00e4 ja pellavansiemenist\u00e4) tukevat syd\u00e4men, ihon ja turkin terveytt\u00e4. Glukosamiini ja kondroitiini tukevat nivelten terveytt\u00e4. MACROGARD-superruokaseos luonnollisilla antioksidanteilla (beetaglukaanit, spirulina, tyrni, yrtit: timjami, persilja ja rosmariini) vahvistaa vastustuskyky\u00e4. ActiveMOS ja psyllium tukevat ruoansulatusta.68 % valittuja el\u00e4inper\u00e4isi\u00e4 ainesosia \u2013 luuttomia fileit\u00e4 ja rasvoja.32 % vihanneksia, luonnollisia superruokia, yrttej\u00e4, vitamiineja ja kivenn\u00e4isaineita. Koostumus:Luuttomaksi poistettu lohi (25 %), perunahiutaleet (20 %), kuivattu lammas (15 %), kuivattu sianliha (15 %), herneet (12 %), siipikarjanrasva, perunat\u00e4rkkelys, hydrolysoitu el\u00e4inproteiini, kuivattu juurikasmassa (3,5 %), hiiva (3 %), vitamiinit ja kivenn\u00e4isaineet, kalsiumkarbonaatti, lohi\u00f6ljy (0,5 %), psyllium (0,5 %), Yucca schidigera -uute (0,2 %), spirulina (0,2 %), ActiveMOS (0,2 %), MACROGARD (0,1 %), tyrni (0,1 %), yrtit (rosmariini, timjami, persilja \u2013 0,1 %), kondroitiinisulfaatti (270 mg\/kg), glukosamiinisulfaatti (200 mg\/kg). Analyyttiset ainesosat:Raakaproteiini 28,0 %, raakarasva 16,0 %, raakatuhka 8,5 %, raakakuitu 2,5 %.Omega-6 : Omega-3 -suhde 8:1. Ravintolis\u00e4t \/ kg:A-vitamiini 15 000 IU, D3-vitamiini 1 000 IU, E-vitamiini 500 mg, C-vitamiini 140 mg, kupari (kupari(II)sulfaatti, pentahydraatti) 10 mg, rauta (rauta(II)sulfaatti, monohydraatti) 100 mg, jodi (kalsiumjodaatti, vedet\u00f6n) 2,0 mg, sinkki (sinkkisulfaatti, monohydraatti) 110 mg, mangaani (mangaanioksidi (II)) 40 mg, seleeni (natriumseleniitti) 0,3 mg, glukosamiini 200 mg, kondroitiini 270 mg, tauriini 200 mg, antioksidantit. K\u00e4ytt\u00f6:Tarjoa kuivana tai kostutettuna l\u00e4mpim\u00e4ll\u00e4 vedell\u00e4 tai liemell\u00e4. Raikasta juomavett\u00e4 on oltava aina saatavilla. Ruokintaohje on suuntaa antava \u2013 huomioi koiran paino, ik\u00e4 ja aktiivisuus.","og_url":"https:\/\/miumjau.ee\/fi\/tuote\/polaris-grainfree-salmonlamb-adult-small-breeds-5kg\/","og_site_name":"MiuMjau","article_publisher":"https:\/\/www.facebook.com\/miumjaupood\/","og_image":[{"width":1200,"height":1600,"url":"https:\/\/miumjau.ee\/wp-content\/uploads\/2025\/05\/polaris-koeratoit-minitougudele-5kg-1-Photoroom-1.webp","type":"image\/webp"}],"twitter_card":"summary_large_image","schema":{"@context":"https:\/\/schema.org","@graph":[{"@type":"WebPage","@id":"https:\/\/miumjau.ee\/fi\/tuote\/polaris-grainfree-salmonlamb-adult-small-breeds-5kg\/","url":"https:\/\/miumjau.ee\/fi\/tuote\/polaris-grainfree-salmonlamb-adult-small-breeds-5kg\/","name":"Polaris grainfree salmon&lamb adult small breeds 5kg - MiuMjau","isPartOf":{"@id":"https:\/\/miumjau.ee\/#website"},"primaryImageOfPage":{"@id":"https:\/\/miumjau.ee\/fi\/tuote\/polaris-grainfree-salmonlamb-adult-small-breeds-5kg\/#primaryimage"},"image":{"@id":"https:\/\/miumjau.ee\/fi\/tuote\/polaris-grainfree-salmonlamb-adult-small-breeds-5kg\/#primaryimage"},"thumbnailUrl":"https:\/\/miumjau.ee\/wp-content\/uploads\/2025\/05\/polaris-koeratoit-minitougudele-5kg-1-Photoroom-1.webp","datePublished":"2025-05-20T14:09:17+00:00","breadcrumb":{"@id":"https:\/\/miumjau.ee\/fi\/tuote\/polaris-grainfree-salmonlamb-adult-small-breeds-5kg\/#breadcrumb"},"inLanguage":"fi","potentialAction":[{"@type":"ReadAction","target":["https:\/\/miumjau.ee\/fi\/tuote\/polaris-grainfree-salmonlamb-adult-small-breeds-5kg\/"]}]},{"@type":"ImageObject","inLanguage":"fi","@id":"https:\/\/miumjau.ee\/fi\/tuote\/polaris-grainfree-salmonlamb-adult-small-breeds-5kg\/#primaryimage","url":"https:\/\/miumjau.ee\/wp-content\/uploads\/2025\/05\/polaris-koeratoit-minitougudele-5kg-1-Photoroom-1.webp","contentUrl":"https:\/\/miumjau.ee\/wp-content\/uploads\/2025\/05\/polaris-koeratoit-minitougudele-5kg-1-Photoroom-1.webp","width":1200,"height":1600,"caption":"Polaris grainfree salmon&lamb adult small breeds 5kg"},{"@type":"BreadcrumbList","@id":"https:\/\/miumjau.ee\/fi\/tuote\/polaris-grainfree-salmonlamb-adult-small-breeds-5kg\/#breadcrumb","itemListElement":[{"@type":"ListItem","position":1,"name":"Home","item":"https:\/\/miumjau.ee\/fi\/"},{"@type":"ListItem","position":2,"name":"Kauppa","item":"https:\/\/miumjau.ee\/fi\/kauppa\/"},{"@type":"ListItem","position":3,"name":"Polaris grainfree salmon&#038;lamb adult small breeds 5kg"}]},{"@type":"WebSite","@id":"https:\/\/miumjau.ee\/#website","url":"https:\/\/miumjau.ee\/","name":"MiuMjau","description":"Kraapimispuud kassidele","publisher":{"@id":"https:\/\/miumjau.ee\/#organization"},"potentialAction":[{"@type":"SearchAction","target":{"@type":"EntryPoint","urlTemplate":"https:\/\/miumjau.ee\/?s={search_term_string}"},"query-input":{"@type":"PropertyValueSpecification","valueRequired":true,"valueName":"search_term_string"}}],"inLanguage":"fi"},{"@type":"Organization","@id":"https:\/\/miumjau.ee\/#organization","name":"MiuMjau O\u00dc","url":"https:\/\/miumjau.ee\/","logo":{"@type":"ImageObject","inLanguage":"fi","@id":"https:\/\/miumjau.ee\/#\/schema\/logo\/image\/","url":"https:\/\/miumjau.ee\/wp-content\/uploads\/2022\/04\/MiuMjau-logo-kollane.png","contentUrl":"https:\/\/miumjau.ee\/wp-content\/uploads\/2022\/04\/MiuMjau-logo-kollane.png","width":219,"height":100,"caption":"MiuMjau O\u00dc"},"image":{"@id":"https:\/\/miumjau.ee\/#\/schema\/logo\/image\/"},"sameAs":["https:\/\/www.facebook.com\/miumjaupood\/"]}]}},"_links":{"self":[{"href":"https:\/\/miumjau.ee\/fi\/wp-json\/wp\/v2\/product\/52285","targetHints":{"allow":["GET"]}}],"collection":[{"href":"https:\/\/miumjau.ee\/fi\/wp-json\/wp\/v2\/product"}],"about":[{"href":"https:\/\/miumjau.ee\/fi\/wp-json\/wp\/v2\/types\/product"}],"wp:featuredmedia":[{"embeddable":true,"href":"https:\/\/miumjau.ee\/fi\/wp-json\/wp\/v2\/media\/35515"}],"wp:attachment":[{"href":"https:\/\/miumjau.ee\/fi\/wp-json\/wp\/v2\/media?parent=52285"}],"wp:term":[{"taxonomy":"product_brand","embeddable":true,"href":"https:\/\/miumjau.ee\/fi\/wp-json\/wp\/v2\/product_brand?post=52285"},{"taxonomy":"product_cat","embeddable":true,"href":"https:\/\/miumjau.ee\/fi\/wp-json\/wp\/v2\/product_cat?post=52285"},{"taxonomy":"product_tag","embeddable":true,"href":"https:\/\/miumjau.ee\/fi\/wp-json\/wp\/v2\/product_tag?post=52285"}],"curies":[{"name":"wp","href":"https:\/\/api.w.org\/{rel}","templated":true}]}}