{"id":52243,"date":"2025-05-20T17:09:22","date_gmt":"2025-05-20T14:09:22","guid":{"rendered":"https:\/\/miumjau.ee\/toode\/polaris-grainfree-puppy-large-lambsalmon-12kg\/"},"modified":"2025-05-20T17:09:22","modified_gmt":"2025-05-20T14:09:22","slug":"polaris-grainfree-puppy-large-lambsalmon-12kg","status":"publish","type":"product","link":"https:\/\/miumjau.ee\/fi\/tuote\/polaris-grainfree-puppy-large-lambsalmon-12kg\/","title":{"rendered":"Polaris grainfree puppy large lamb&#038;salmon 12kg"},"content":{"rendered":"","protected":false},"excerpt":{"rendered":"<p data-start=\"2138\" data-end=\"2605\"><strong data-start=\"2138\" data-end=\"2222\">Viljaton koiranruoka aidolla lihalla (ei lihajauhoja), optimaalinen kasvunopeus.<\/strong><br data-start=\"2222\" data-end=\"2225\" \/>Tauriini tukee syd\u00e4men normaalia toimintaa. Omega-3- ja Omega-6-rasvahapot (lohi\u00f6ljyst\u00e4 ja pellavansiemenist\u00e4) syd\u00e4melle, iholle ja turkille. Glukosamiini ja kondroitiini nivelten terveyteen. <strong data-start=\"2417\" data-end=\"2430\">MACROGARD<\/strong>-superruokaseos (beetaglukaanit, spirulina, tyrni, yrtit: timjami, persilja ja rosmariini) vahvistaa immuunij\u00e4rjestelm\u00e4\u00e4. <strong data-start=\"2552\" data-end=\"2565\">ActiveMOS<\/strong> ja <strong data-start=\"2569\" data-end=\"2581\">psyllium<\/strong> tukevat ruoansulatusta.<\/p>\n<p data-start=\"2607\" data-end=\"2767\">69 % valikoituja el\u00e4inper\u00e4isi\u00e4 ainesosia \u2013 luuttomia fileit\u00e4 ja rasvoja.<br data-start=\"2679\" data-end=\"2682\" \/>31 % vihanneksia, luonnollisia superruokia, yrttej\u00e4, vitamiineja ja kivenn\u00e4isaineita.<\/p>\n<p data-start=\"2769\" data-end=\"3361\"><strong data-start=\"2769\" data-end=\"2783\">Koostumus:<\/strong><br data-start=\"2783\" data-end=\"2786\" \/>Luuttomaksi poistettu lammas (25 %), kuivattu sianliha (24 %), perunahiutaleet (17 %), herneet (12 %), kuivattu lohi (11 %), perunat\u00e4rkkelys, siipikarjanrasva, hydrolysoidut el\u00e4inproteiinit, kuivattu juurikasmassa (3,5 %), hiiva (3 %), pellavansiemenet (1,5 %), vitamiinit ja kivenn\u00e4isaineet, lohi\u00f6ljy (0,5 %), psyllium (0,5 %), Yucca schidigera -uute (0,2 %), spirulina (0,2 %), ActiveMOS (0,2 %), MACROGARD (0,1 %), tyrni (0,1 %), yrtit (rosmariini, timjami, persilja \u2013 0,1 %), kondroitiinisulfaatti (270 mg\/kg), glukosamiinisulfaatti (200 mg\/kg), L-karnitiini (100 mg\/kg).<\/p>\n<p data-start=\"3363\" data-end=\"3515\"><strong data-start=\"3363\" data-end=\"3390\">Analyyttiset ainesosat:<\/strong><br data-start=\"3390\" data-end=\"3393\" \/>Raakaproteiini 34,0 %, raakarasva 14,0 %, raakatuhka 8,5 %, raakakuitu 2,5 %.<br data-start=\"3470\" data-end=\"3473\" \/>Omega-6 : Omega-3 rasvahappojen suhde 8:1.<\/p>\n<p data-start=\"3517\" data-end=\"3971\"><strong data-start=\"3517\" data-end=\"3539\">Ravintolis\u00e4t \/ kg:<\/strong><br data-start=\"3539\" data-end=\"3542\" \/>A-vitamiini 15 000 IU, D3-vitamiini 1 000 IU, E-vitamiini 500 mg, C-vitamiini 140 mg, kupari (kupari(II)sulfaatti, pentahydraatti) 10 mg, rauta (rauta(II)sulfaatti, monohydraatti) 100 mg, jodi (kalsiumjodaatti, vedet\u00f6n) 2,0 mg, sinkki (sinkkisulfaatti, monohydraatti) 110 mg, mangaani (mangaanioksidi (II)) 40 mg, seleeni (natriumseleniitti) 0,3 mg, glukosamiini 200 mg, kondroitiini 270 mg, tauriini 200 mg, L-karnitiini 100 mg.<\/p>\n<p data-start=\"3973\" data-end=\"4173\"><strong data-start=\"3973\" data-end=\"3984\">K\u00e4ytt\u00f6:<\/strong><br data-start=\"3984\" data-end=\"3987\" \/>Tarjoa kuivana tai kostutettuna l\u00e4mpim\u00e4ll\u00e4 vedell\u00e4 tai liemell\u00e4. Raikasta juomavett\u00e4 on oltava aina saatavilla. Ruokintaohje on suuntaa antava \u2013 huomioi koiran paino, ik\u00e4 ja aktiivisuus.<\/p>\n","protected":false},"featured_media":35482,"template":"","meta":[],"product_brand":[],"product_cat":[478],"product_tag":[],"class_list":{"0":"post-52243","1":"product","2":"type-product","3":"status-publish","4":"has-post-thumbnail","6":"product_cat-kuivaruoka-koirille","8":"first","9":"instock","10":"taxable","11":"shipping-taxable","12":"purchasable","13":"product-type-simple"},"yoast_head":"<!-- This site is optimized with the Yoast SEO plugin v27.2 - https:\/\/yoast.com\/product\/yoast-seo-wordpress\/ -->\n<title>Polaris grainfree puppy large lamb&amp;salmon 12kg - MiuMjau<\/title>\n<meta name=\"robots\" content=\"index, follow, max-snippet:-1, max-image-preview:large, max-video-preview:-1\" \/>\n<link rel=\"canonical\" href=\"https:\/\/miumjau.ee\/fi\/tuote\/polaris-grainfree-puppy-large-lambsalmon-12kg\/\" \/>\n<meta property=\"og:locale\" content=\"fi_FI\" \/>\n<meta property=\"og:type\" content=\"article\" \/>\n<meta property=\"og:title\" content=\"Polaris grainfree puppy large lamb&amp;salmon 12kg - MiuMjau\" \/>\n<meta property=\"og:description\" content=\"Viljaton koiranruoka aidolla lihalla (ei lihajauhoja), optimaalinen kasvunopeus.Tauriini tukee syd\u00e4men normaalia toimintaa. Omega-3- ja Omega-6-rasvahapot (lohi\u00f6ljyst\u00e4 ja pellavansiemenist\u00e4) syd\u00e4melle, iholle ja turkille. Glukosamiini ja kondroitiini nivelten terveyteen. MACROGARD-superruokaseos (beetaglukaanit, spirulina, tyrni, yrtit: timjami, persilja ja rosmariini) vahvistaa immuunij\u00e4rjestelm\u00e4\u00e4. ActiveMOS ja psyllium tukevat ruoansulatusta. 69 % valikoituja el\u00e4inper\u00e4isi\u00e4 ainesosia \u2013 luuttomia fileit\u00e4 ja rasvoja.31 % vihanneksia, luonnollisia superruokia, yrttej\u00e4, vitamiineja ja kivenn\u00e4isaineita. Koostumus:Luuttomaksi poistettu lammas (25 %), kuivattu sianliha (24 %), perunahiutaleet (17 %), herneet (12 %), kuivattu lohi (11 %), perunat\u00e4rkkelys, siipikarjanrasva, hydrolysoidut el\u00e4inproteiinit, kuivattu juurikasmassa (3,5 %), hiiva (3 %), pellavansiemenet (1,5 %), vitamiinit ja kivenn\u00e4isaineet, lohi\u00f6ljy (0,5 %), psyllium (0,5 %), Yucca schidigera -uute (0,2 %), spirulina (0,2 %), ActiveMOS (0,2 %), MACROGARD (0,1 %), tyrni (0,1 %), yrtit (rosmariini, timjami, persilja \u2013 0,1 %), kondroitiinisulfaatti (270 mg\/kg), glukosamiinisulfaatti (200 mg\/kg), L-karnitiini (100 mg\/kg). Analyyttiset ainesosat:Raakaproteiini 34,0 %, raakarasva 14,0 %, raakatuhka 8,5 %, raakakuitu 2,5 %.Omega-6 : Omega-3 rasvahappojen suhde 8:1. Ravintolis\u00e4t \/ kg:A-vitamiini 15 000 IU, D3-vitamiini 1 000 IU, E-vitamiini 500 mg, C-vitamiini 140 mg, kupari (kupari(II)sulfaatti, pentahydraatti) 10 mg, rauta (rauta(II)sulfaatti, monohydraatti) 100 mg, jodi (kalsiumjodaatti, vedet\u00f6n) 2,0 mg, sinkki (sinkkisulfaatti, monohydraatti) 110 mg, mangaani (mangaanioksidi (II)) 40 mg, seleeni (natriumseleniitti) 0,3 mg, glukosamiini 200 mg, kondroitiini 270 mg, tauriini 200 mg, L-karnitiini 100 mg. K\u00e4ytt\u00f6:Tarjoa kuivana tai kostutettuna l\u00e4mpim\u00e4ll\u00e4 vedell\u00e4 tai liemell\u00e4. Raikasta juomavett\u00e4 on oltava aina saatavilla. Ruokintaohje on suuntaa antava \u2013 huomioi koiran paino, ik\u00e4 ja aktiivisuus.\" \/>\n<meta property=\"og:url\" content=\"https:\/\/miumjau.ee\/fi\/tuote\/polaris-grainfree-puppy-large-lambsalmon-12kg\/\" \/>\n<meta property=\"og:site_name\" content=\"MiuMjau\" \/>\n<meta property=\"article:publisher\" content=\"https:\/\/www.facebook.com\/miumjaupood\/\" \/>\n<meta property=\"og:image\" content=\"https:\/\/miumjau.ee\/wp-content\/uploads\/2025\/05\/polaris-koeratoit-12kg3.webp\" \/>\n\t<meta property=\"og:image:width\" content=\"600\" \/>\n\t<meta property=\"og:image:height\" content=\"800\" \/>\n\t<meta property=\"og:image:type\" content=\"image\/webp\" \/>\n<meta name=\"twitter:card\" content=\"summary_large_image\" \/>\n<script type=\"application\/ld+json\" class=\"yoast-schema-graph\">{\"@context\":\"https:\/\/schema.org\",\"@graph\":[{\"@type\":\"WebPage\",\"@id\":\"https:\/\/miumjau.ee\/fi\/tuote\/polaris-grainfree-puppy-large-lambsalmon-12kg\/\",\"url\":\"https:\/\/miumjau.ee\/fi\/tuote\/polaris-grainfree-puppy-large-lambsalmon-12kg\/\",\"name\":\"Polaris grainfree puppy large lamb&salmon 12kg - MiuMjau\",\"isPartOf\":{\"@id\":\"https:\/\/miumjau.ee\/#website\"},\"primaryImageOfPage\":{\"@id\":\"https:\/\/miumjau.ee\/fi\/tuote\/polaris-grainfree-puppy-large-lambsalmon-12kg\/#primaryimage\"},\"image\":{\"@id\":\"https:\/\/miumjau.ee\/fi\/tuote\/polaris-grainfree-puppy-large-lambsalmon-12kg\/#primaryimage\"},\"thumbnailUrl\":\"https:\/\/miumjau.ee\/wp-content\/uploads\/2025\/05\/polaris-koeratoit-12kg3.webp\",\"datePublished\":\"2025-05-20T14:09:22+00:00\",\"breadcrumb\":{\"@id\":\"https:\/\/miumjau.ee\/fi\/tuote\/polaris-grainfree-puppy-large-lambsalmon-12kg\/#breadcrumb\"},\"inLanguage\":\"fi\",\"potentialAction\":[{\"@type\":\"ReadAction\",\"target\":[\"https:\/\/miumjau.ee\/fi\/tuote\/polaris-grainfree-puppy-large-lambsalmon-12kg\/\"]}]},{\"@type\":\"ImageObject\",\"inLanguage\":\"fi\",\"@id\":\"https:\/\/miumjau.ee\/fi\/tuote\/polaris-grainfree-puppy-large-lambsalmon-12kg\/#primaryimage\",\"url\":\"https:\/\/miumjau.ee\/wp-content\/uploads\/2025\/05\/polaris-koeratoit-12kg3.webp\",\"contentUrl\":\"https:\/\/miumjau.ee\/wp-content\/uploads\/2025\/05\/polaris-koeratoit-12kg3.webp\",\"width\":600,\"height\":800,\"caption\":\"Polaris grainfree puppy large lamb&salmon 12 kg\"},{\"@type\":\"BreadcrumbList\",\"@id\":\"https:\/\/miumjau.ee\/fi\/tuote\/polaris-grainfree-puppy-large-lambsalmon-12kg\/#breadcrumb\",\"itemListElement\":[{\"@type\":\"ListItem\",\"position\":1,\"name\":\"Home\",\"item\":\"https:\/\/miumjau.ee\/fi\/\"},{\"@type\":\"ListItem\",\"position\":2,\"name\":\"Kauppa\",\"item\":\"https:\/\/miumjau.ee\/fi\/kauppa\/\"},{\"@type\":\"ListItem\",\"position\":3,\"name\":\"Polaris grainfree puppy large lamb&#038;salmon 12kg\"}]},{\"@type\":\"WebSite\",\"@id\":\"https:\/\/miumjau.ee\/#website\",\"url\":\"https:\/\/miumjau.ee\/\",\"name\":\"MiuMjau\",\"description\":\"Kraapimispuud kassidele\",\"publisher\":{\"@id\":\"https:\/\/miumjau.ee\/#organization\"},\"potentialAction\":[{\"@type\":\"SearchAction\",\"target\":{\"@type\":\"EntryPoint\",\"urlTemplate\":\"https:\/\/miumjau.ee\/?s={search_term_string}\"},\"query-input\":{\"@type\":\"PropertyValueSpecification\",\"valueRequired\":true,\"valueName\":\"search_term_string\"}}],\"inLanguage\":\"fi\"},{\"@type\":\"Organization\",\"@id\":\"https:\/\/miumjau.ee\/#organization\",\"name\":\"MiuMjau O\u00dc\",\"url\":\"https:\/\/miumjau.ee\/\",\"logo\":{\"@type\":\"ImageObject\",\"inLanguage\":\"fi\",\"@id\":\"https:\/\/miumjau.ee\/#\/schema\/logo\/image\/\",\"url\":\"https:\/\/miumjau.ee\/wp-content\/uploads\/2022\/04\/MiuMjau-logo-kollane.png\",\"contentUrl\":\"https:\/\/miumjau.ee\/wp-content\/uploads\/2022\/04\/MiuMjau-logo-kollane.png\",\"width\":219,\"height\":100,\"caption\":\"MiuMjau O\u00dc\"},\"image\":{\"@id\":\"https:\/\/miumjau.ee\/#\/schema\/logo\/image\/\"},\"sameAs\":[\"https:\/\/www.facebook.com\/miumjaupood\/\"]}]}<\/script>\n<!-- \/ Yoast SEO plugin. -->","yoast_head_json":{"title":"Polaris grainfree puppy large lamb&salmon 12kg - MiuMjau","robots":{"index":"index","follow":"follow","max-snippet":"max-snippet:-1","max-image-preview":"max-image-preview:large","max-video-preview":"max-video-preview:-1"},"canonical":"https:\/\/miumjau.ee\/fi\/tuote\/polaris-grainfree-puppy-large-lambsalmon-12kg\/","og_locale":"fi_FI","og_type":"article","og_title":"Polaris grainfree puppy large lamb&salmon 12kg - MiuMjau","og_description":"Viljaton koiranruoka aidolla lihalla (ei lihajauhoja), optimaalinen kasvunopeus.Tauriini tukee syd\u00e4men normaalia toimintaa. Omega-3- ja Omega-6-rasvahapot (lohi\u00f6ljyst\u00e4 ja pellavansiemenist\u00e4) syd\u00e4melle, iholle ja turkille. Glukosamiini ja kondroitiini nivelten terveyteen. MACROGARD-superruokaseos (beetaglukaanit, spirulina, tyrni, yrtit: timjami, persilja ja rosmariini) vahvistaa immuunij\u00e4rjestelm\u00e4\u00e4. ActiveMOS ja psyllium tukevat ruoansulatusta. 69 % valikoituja el\u00e4inper\u00e4isi\u00e4 ainesosia \u2013 luuttomia fileit\u00e4 ja rasvoja.31 % vihanneksia, luonnollisia superruokia, yrttej\u00e4, vitamiineja ja kivenn\u00e4isaineita. Koostumus:Luuttomaksi poistettu lammas (25 %), kuivattu sianliha (24 %), perunahiutaleet (17 %), herneet (12 %), kuivattu lohi (11 %), perunat\u00e4rkkelys, siipikarjanrasva, hydrolysoidut el\u00e4inproteiinit, kuivattu juurikasmassa (3,5 %), hiiva (3 %), pellavansiemenet (1,5 %), vitamiinit ja kivenn\u00e4isaineet, lohi\u00f6ljy (0,5 %), psyllium (0,5 %), Yucca schidigera -uute (0,2 %), spirulina (0,2 %), ActiveMOS (0,2 %), MACROGARD (0,1 %), tyrni (0,1 %), yrtit (rosmariini, timjami, persilja \u2013 0,1 %), kondroitiinisulfaatti (270 mg\/kg), glukosamiinisulfaatti (200 mg\/kg), L-karnitiini (100 mg\/kg). Analyyttiset ainesosat:Raakaproteiini 34,0 %, raakarasva 14,0 %, raakatuhka 8,5 %, raakakuitu 2,5 %.Omega-6 : Omega-3 rasvahappojen suhde 8:1. Ravintolis\u00e4t \/ kg:A-vitamiini 15 000 IU, D3-vitamiini 1 000 IU, E-vitamiini 500 mg, C-vitamiini 140 mg, kupari (kupari(II)sulfaatti, pentahydraatti) 10 mg, rauta (rauta(II)sulfaatti, monohydraatti) 100 mg, jodi (kalsiumjodaatti, vedet\u00f6n) 2,0 mg, sinkki (sinkkisulfaatti, monohydraatti) 110 mg, mangaani (mangaanioksidi (II)) 40 mg, seleeni (natriumseleniitti) 0,3 mg, glukosamiini 200 mg, kondroitiini 270 mg, tauriini 200 mg, L-karnitiini 100 mg. K\u00e4ytt\u00f6:Tarjoa kuivana tai kostutettuna l\u00e4mpim\u00e4ll\u00e4 vedell\u00e4 tai liemell\u00e4. Raikasta juomavett\u00e4 on oltava aina saatavilla. Ruokintaohje on suuntaa antava \u2013 huomioi koiran paino, ik\u00e4 ja aktiivisuus.","og_url":"https:\/\/miumjau.ee\/fi\/tuote\/polaris-grainfree-puppy-large-lambsalmon-12kg\/","og_site_name":"MiuMjau","article_publisher":"https:\/\/www.facebook.com\/miumjaupood\/","og_image":[{"width":600,"height":800,"url":"https:\/\/miumjau.ee\/wp-content\/uploads\/2025\/05\/polaris-koeratoit-12kg3.webp","type":"image\/webp"}],"twitter_card":"summary_large_image","schema":{"@context":"https:\/\/schema.org","@graph":[{"@type":"WebPage","@id":"https:\/\/miumjau.ee\/fi\/tuote\/polaris-grainfree-puppy-large-lambsalmon-12kg\/","url":"https:\/\/miumjau.ee\/fi\/tuote\/polaris-grainfree-puppy-large-lambsalmon-12kg\/","name":"Polaris grainfree puppy large lamb&salmon 12kg - MiuMjau","isPartOf":{"@id":"https:\/\/miumjau.ee\/#website"},"primaryImageOfPage":{"@id":"https:\/\/miumjau.ee\/fi\/tuote\/polaris-grainfree-puppy-large-lambsalmon-12kg\/#primaryimage"},"image":{"@id":"https:\/\/miumjau.ee\/fi\/tuote\/polaris-grainfree-puppy-large-lambsalmon-12kg\/#primaryimage"},"thumbnailUrl":"https:\/\/miumjau.ee\/wp-content\/uploads\/2025\/05\/polaris-koeratoit-12kg3.webp","datePublished":"2025-05-20T14:09:22+00:00","breadcrumb":{"@id":"https:\/\/miumjau.ee\/fi\/tuote\/polaris-grainfree-puppy-large-lambsalmon-12kg\/#breadcrumb"},"inLanguage":"fi","potentialAction":[{"@type":"ReadAction","target":["https:\/\/miumjau.ee\/fi\/tuote\/polaris-grainfree-puppy-large-lambsalmon-12kg\/"]}]},{"@type":"ImageObject","inLanguage":"fi","@id":"https:\/\/miumjau.ee\/fi\/tuote\/polaris-grainfree-puppy-large-lambsalmon-12kg\/#primaryimage","url":"https:\/\/miumjau.ee\/wp-content\/uploads\/2025\/05\/polaris-koeratoit-12kg3.webp","contentUrl":"https:\/\/miumjau.ee\/wp-content\/uploads\/2025\/05\/polaris-koeratoit-12kg3.webp","width":600,"height":800,"caption":"Polaris grainfree puppy large lamb&salmon 12 kg"},{"@type":"BreadcrumbList","@id":"https:\/\/miumjau.ee\/fi\/tuote\/polaris-grainfree-puppy-large-lambsalmon-12kg\/#breadcrumb","itemListElement":[{"@type":"ListItem","position":1,"name":"Home","item":"https:\/\/miumjau.ee\/fi\/"},{"@type":"ListItem","position":2,"name":"Kauppa","item":"https:\/\/miumjau.ee\/fi\/kauppa\/"},{"@type":"ListItem","position":3,"name":"Polaris grainfree puppy large lamb&#038;salmon 12kg"}]},{"@type":"WebSite","@id":"https:\/\/miumjau.ee\/#website","url":"https:\/\/miumjau.ee\/","name":"MiuMjau","description":"Kraapimispuud kassidele","publisher":{"@id":"https:\/\/miumjau.ee\/#organization"},"potentialAction":[{"@type":"SearchAction","target":{"@type":"EntryPoint","urlTemplate":"https:\/\/miumjau.ee\/?s={search_term_string}"},"query-input":{"@type":"PropertyValueSpecification","valueRequired":true,"valueName":"search_term_string"}}],"inLanguage":"fi"},{"@type":"Organization","@id":"https:\/\/miumjau.ee\/#organization","name":"MiuMjau O\u00dc","url":"https:\/\/miumjau.ee\/","logo":{"@type":"ImageObject","inLanguage":"fi","@id":"https:\/\/miumjau.ee\/#\/schema\/logo\/image\/","url":"https:\/\/miumjau.ee\/wp-content\/uploads\/2022\/04\/MiuMjau-logo-kollane.png","contentUrl":"https:\/\/miumjau.ee\/wp-content\/uploads\/2022\/04\/MiuMjau-logo-kollane.png","width":219,"height":100,"caption":"MiuMjau O\u00dc"},"image":{"@id":"https:\/\/miumjau.ee\/#\/schema\/logo\/image\/"},"sameAs":["https:\/\/www.facebook.com\/miumjaupood\/"]}]}},"_links":{"self":[{"href":"https:\/\/miumjau.ee\/fi\/wp-json\/wp\/v2\/product\/52243","targetHints":{"allow":["GET"]}}],"collection":[{"href":"https:\/\/miumjau.ee\/fi\/wp-json\/wp\/v2\/product"}],"about":[{"href":"https:\/\/miumjau.ee\/fi\/wp-json\/wp\/v2\/types\/product"}],"wp:featuredmedia":[{"embeddable":true,"href":"https:\/\/miumjau.ee\/fi\/wp-json\/wp\/v2\/media\/35482"}],"wp:attachment":[{"href":"https:\/\/miumjau.ee\/fi\/wp-json\/wp\/v2\/media?parent=52243"}],"wp:term":[{"taxonomy":"product_brand","embeddable":true,"href":"https:\/\/miumjau.ee\/fi\/wp-json\/wp\/v2\/product_brand?post=52243"},{"taxonomy":"product_cat","embeddable":true,"href":"https:\/\/miumjau.ee\/fi\/wp-json\/wp\/v2\/product_cat?post=52243"},{"taxonomy":"product_tag","embeddable":true,"href":"https:\/\/miumjau.ee\/fi\/wp-json\/wp\/v2\/product_tag?post=52243"}],"curies":[{"name":"wp","href":"https:\/\/api.w.org\/{rel}","templated":true}]}}