{"id":52000,"date":"2025-03-28T14:39:09","date_gmt":"2025-03-28T12:39:09","guid":{"rendered":"https:\/\/miumjau.ee\/toode\/carnilove-rapea-koiranherkku-lampaalla-ja-karpaloilla-200-g\/"},"modified":"2025-03-28T14:39:09","modified_gmt":"2025-03-28T12:39:09","slug":"carnilove-rapea-koiranherkku-lampaalla-ja-karpaloilla-200-g","status":"publish","type":"product","link":"https:\/\/miumjau.ee\/fi\/tuote\/carnilove-rapea-koiranherkku-lampaalla-ja-karpaloilla-200-g\/","title":{"rendered":"Carnilove rapea koiranherkku lampaalla ja karpaloilla 200 g"},"content":{"rendered":"","protected":false},"excerpt":{"rendered":"<p data-start=\"158\" data-end=\"299\">Maukas lammasherkku sopii my\u00f6s herkille koirille. Sis\u00e4lt\u00e4\u00e4 karpaloita \u2013 luonnollisen antioksidanttien l\u00e4hteen tukemaan vahvaa vastustuskyky\u00e4.<\/p>\n<p data-start=\"301\" data-end=\"591\"><strong data-start=\"301\" data-end=\"315\">Koostumus:<\/strong> Lammas 50 % (kuivattua lammasta 35 %, tuoretta lammasta 15 %), kurpitsa 15 %, keltaiset herneet 8 %, kuivattu omena 5 %, porkkana 5 %, kikherneet 4 %, karpalot 4 %, kananrasva (s\u00e4il\u00f6tty tokoferoleilla) 4 %, pellavansiemenet 2 %, kuivattu pinaatti 2 %, pellavansiemen\u00f6ljy 1 %.<\/p>\n<p data-start=\"593\" data-end=\"786\"><strong data-start=\"593\" data-end=\"627\">Analyyttinen koostumus \/ 1 kg:<\/strong> Raakavalkuainen 30,0 %, rasvapitoisuus 10,0 %, kosteus 10,0 %, raakatuhka 8,0 %, raakakuitu 5,0 %, kalsium 1,5 %, fosfori 1,2 %, omega-3 0,2 %, omega-6 0,6 %.<\/p>\n<p data-start=\"788\" data-end=\"826\"><strong data-start=\"788\" data-end=\"812\">Metabolinen energia:<\/strong> 3 360 kcal\/kg<\/p>\n<p data-start=\"828\" data-end=\"847\"><strong data-start=\"828\" data-end=\"840\">Pakkaus:<\/strong> 0,2 kg<\/p>\n","protected":false},"featured_media":30904,"template":"","meta":[],"product_brand":[],"product_cat":[480],"product_tag":[],"class_list":{"0":"post-52000","1":"product","2":"type-product","3":"status-publish","4":"has-post-thumbnail","6":"product_cat-herkut-koirille","8":"first","9":"instock","10":"sale","11":"taxable","12":"shipping-taxable","13":"purchasable","14":"product-type-simple"},"yoast_head":"<!-- This site is optimized with the Yoast SEO plugin v27.2 - https:\/\/yoast.com\/product\/yoast-seo-wordpress\/ -->\n<title>Carnilove rapea koiranherkku lampaalla ja karpaloilla 200 g - MiuMjau<\/title>\n<meta name=\"robots\" content=\"index, follow, max-snippet:-1, max-image-preview:large, max-video-preview:-1\" \/>\n<link rel=\"canonical\" href=\"https:\/\/miumjau.ee\/fi\/tuote\/carnilove-rapea-koiranherkku-lampaalla-ja-karpaloilla-200-g\/\" \/>\n<meta property=\"og:locale\" content=\"fi_FI\" \/>\n<meta property=\"og:type\" content=\"article\" \/>\n<meta property=\"og:title\" content=\"Carnilove rapea koiranherkku lampaalla ja karpaloilla 200 g - MiuMjau\" \/>\n<meta property=\"og:description\" content=\"Maukas lammasherkku sopii my\u00f6s herkille koirille. Sis\u00e4lt\u00e4\u00e4 karpaloita \u2013 luonnollisen antioksidanttien l\u00e4hteen tukemaan vahvaa vastustuskyky\u00e4. Koostumus: Lammas 50 % (kuivattua lammasta 35 %, tuoretta lammasta 15 %), kurpitsa 15 %, keltaiset herneet 8 %, kuivattu omena 5 %, porkkana 5 %, kikherneet 4 %, karpalot 4 %, kananrasva (s\u00e4il\u00f6tty tokoferoleilla) 4 %, pellavansiemenet 2 %, kuivattu pinaatti 2 %, pellavansiemen\u00f6ljy 1 %. Analyyttinen koostumus \/ 1 kg: Raakavalkuainen 30,0 %, rasvapitoisuus 10,0 %, kosteus 10,0 %, raakatuhka 8,0 %, raakakuitu 5,0 %, kalsium 1,5 %, fosfori 1,2 %, omega-3 0,2 %, omega-6 0,6 %. Metabolinen energia: 3 360 kcal\/kg Pakkaus: 0,2 kg\" \/>\n<meta property=\"og:url\" content=\"https:\/\/miumjau.ee\/fi\/tuote\/carnilove-rapea-koiranherkku-lampaalla-ja-karpaloilla-200-g\/\" \/>\n<meta property=\"og:site_name\" content=\"MiuMjau\" \/>\n<meta property=\"article:publisher\" content=\"https:\/\/www.facebook.com\/miumjaupood\/\" \/>\n<meta property=\"og:image\" content=\"https:\/\/miumjau.ee\/wp-content\/uploads\/2025\/03\/carnilove-koeramaius7-Photoroom.jpg\" \/>\n\t<meta property=\"og:image:width\" content=\"600\" \/>\n\t<meta property=\"og:image:height\" content=\"800\" \/>\n\t<meta property=\"og:image:type\" content=\"image\/jpeg\" \/>\n<meta name=\"twitter:card\" content=\"summary_large_image\" \/>\n<script type=\"application\/ld+json\" class=\"yoast-schema-graph\">{\"@context\":\"https:\/\/schema.org\",\"@graph\":[{\"@type\":\"WebPage\",\"@id\":\"https:\/\/miumjau.ee\/fi\/tuote\/carnilove-rapea-koiranherkku-lampaalla-ja-karpaloilla-200-g\/\",\"url\":\"https:\/\/miumjau.ee\/fi\/tuote\/carnilove-rapea-koiranherkku-lampaalla-ja-karpaloilla-200-g\/\",\"name\":\"Carnilove rapea koiranherkku lampaalla ja karpaloilla 200 g - MiuMjau\",\"isPartOf\":{\"@id\":\"https:\/\/miumjau.ee\/#website\"},\"primaryImageOfPage\":{\"@id\":\"https:\/\/miumjau.ee\/fi\/tuote\/carnilove-rapea-koiranherkku-lampaalla-ja-karpaloilla-200-g\/#primaryimage\"},\"image\":{\"@id\":\"https:\/\/miumjau.ee\/fi\/tuote\/carnilove-rapea-koiranherkku-lampaalla-ja-karpaloilla-200-g\/#primaryimage\"},\"thumbnailUrl\":\"https:\/\/miumjau.ee\/wp-content\/uploads\/2025\/03\/carnilove-koeramaius7-Photoroom.jpg\",\"datePublished\":\"2025-03-28T12:39:09+00:00\",\"breadcrumb\":{\"@id\":\"https:\/\/miumjau.ee\/fi\/tuote\/carnilove-rapea-koiranherkku-lampaalla-ja-karpaloilla-200-g\/#breadcrumb\"},\"inLanguage\":\"fi\",\"potentialAction\":[{\"@type\":\"ReadAction\",\"target\":[\"https:\/\/miumjau.ee\/fi\/tuote\/carnilove-rapea-koiranherkku-lampaalla-ja-karpaloilla-200-g\/\"]}]},{\"@type\":\"ImageObject\",\"inLanguage\":\"fi\",\"@id\":\"https:\/\/miumjau.ee\/fi\/tuote\/carnilove-rapea-koiranherkku-lampaalla-ja-karpaloilla-200-g\/#primaryimage\",\"url\":\"https:\/\/miumjau.ee\/wp-content\/uploads\/2025\/03\/carnilove-koeramaius7-Photoroom.jpg\",\"contentUrl\":\"https:\/\/miumjau.ee\/wp-content\/uploads\/2025\/03\/carnilove-koeramaius7-Photoroom.jpg\",\"width\":600,\"height\":800,\"caption\":\"Carnilove koera maiused\"},{\"@type\":\"BreadcrumbList\",\"@id\":\"https:\/\/miumjau.ee\/fi\/tuote\/carnilove-rapea-koiranherkku-lampaalla-ja-karpaloilla-200-g\/#breadcrumb\",\"itemListElement\":[{\"@type\":\"ListItem\",\"position\":1,\"name\":\"Home\",\"item\":\"https:\/\/miumjau.ee\/fi\/\"},{\"@type\":\"ListItem\",\"position\":2,\"name\":\"Kauppa\",\"item\":\"https:\/\/miumjau.ee\/fi\/kauppa\/\"},{\"@type\":\"ListItem\",\"position\":3,\"name\":\"Carnilove rapea koiranherkku lampaalla ja karpaloilla 200 g\"}]},{\"@type\":\"WebSite\",\"@id\":\"https:\/\/miumjau.ee\/#website\",\"url\":\"https:\/\/miumjau.ee\/\",\"name\":\"MiuMjau\",\"description\":\"Kraapimispuud kassidele\",\"publisher\":{\"@id\":\"https:\/\/miumjau.ee\/#organization\"},\"potentialAction\":[{\"@type\":\"SearchAction\",\"target\":{\"@type\":\"EntryPoint\",\"urlTemplate\":\"https:\/\/miumjau.ee\/?s={search_term_string}\"},\"query-input\":{\"@type\":\"PropertyValueSpecification\",\"valueRequired\":true,\"valueName\":\"search_term_string\"}}],\"inLanguage\":\"fi\"},{\"@type\":\"Organization\",\"@id\":\"https:\/\/miumjau.ee\/#organization\",\"name\":\"MiuMjau O\u00dc\",\"url\":\"https:\/\/miumjau.ee\/\",\"logo\":{\"@type\":\"ImageObject\",\"inLanguage\":\"fi\",\"@id\":\"https:\/\/miumjau.ee\/#\/schema\/logo\/image\/\",\"url\":\"https:\/\/miumjau.ee\/wp-content\/uploads\/2022\/04\/MiuMjau-logo-kollane.png\",\"contentUrl\":\"https:\/\/miumjau.ee\/wp-content\/uploads\/2022\/04\/MiuMjau-logo-kollane.png\",\"width\":219,\"height\":100,\"caption\":\"MiuMjau O\u00dc\"},\"image\":{\"@id\":\"https:\/\/miumjau.ee\/#\/schema\/logo\/image\/\"},\"sameAs\":[\"https:\/\/www.facebook.com\/miumjaupood\/\"]}]}<\/script>\n<!-- \/ Yoast SEO plugin. -->","yoast_head_json":{"title":"Carnilove rapea koiranherkku lampaalla ja karpaloilla 200 g - MiuMjau","robots":{"index":"index","follow":"follow","max-snippet":"max-snippet:-1","max-image-preview":"max-image-preview:large","max-video-preview":"max-video-preview:-1"},"canonical":"https:\/\/miumjau.ee\/fi\/tuote\/carnilove-rapea-koiranherkku-lampaalla-ja-karpaloilla-200-g\/","og_locale":"fi_FI","og_type":"article","og_title":"Carnilove rapea koiranherkku lampaalla ja karpaloilla 200 g - MiuMjau","og_description":"Maukas lammasherkku sopii my\u00f6s herkille koirille. Sis\u00e4lt\u00e4\u00e4 karpaloita \u2013 luonnollisen antioksidanttien l\u00e4hteen tukemaan vahvaa vastustuskyky\u00e4. Koostumus: Lammas 50 % (kuivattua lammasta 35 %, tuoretta lammasta 15 %), kurpitsa 15 %, keltaiset herneet 8 %, kuivattu omena 5 %, porkkana 5 %, kikherneet 4 %, karpalot 4 %, kananrasva (s\u00e4il\u00f6tty tokoferoleilla) 4 %, pellavansiemenet 2 %, kuivattu pinaatti 2 %, pellavansiemen\u00f6ljy 1 %. Analyyttinen koostumus \/ 1 kg: Raakavalkuainen 30,0 %, rasvapitoisuus 10,0 %, kosteus 10,0 %, raakatuhka 8,0 %, raakakuitu 5,0 %, kalsium 1,5 %, fosfori 1,2 %, omega-3 0,2 %, omega-6 0,6 %. Metabolinen energia: 3 360 kcal\/kg Pakkaus: 0,2 kg","og_url":"https:\/\/miumjau.ee\/fi\/tuote\/carnilove-rapea-koiranherkku-lampaalla-ja-karpaloilla-200-g\/","og_site_name":"MiuMjau","article_publisher":"https:\/\/www.facebook.com\/miumjaupood\/","og_image":[{"width":600,"height":800,"url":"https:\/\/miumjau.ee\/wp-content\/uploads\/2025\/03\/carnilove-koeramaius7-Photoroom.jpg","type":"image\/jpeg"}],"twitter_card":"summary_large_image","schema":{"@context":"https:\/\/schema.org","@graph":[{"@type":"WebPage","@id":"https:\/\/miumjau.ee\/fi\/tuote\/carnilove-rapea-koiranherkku-lampaalla-ja-karpaloilla-200-g\/","url":"https:\/\/miumjau.ee\/fi\/tuote\/carnilove-rapea-koiranherkku-lampaalla-ja-karpaloilla-200-g\/","name":"Carnilove rapea koiranherkku lampaalla ja karpaloilla 200 g - MiuMjau","isPartOf":{"@id":"https:\/\/miumjau.ee\/#website"},"primaryImageOfPage":{"@id":"https:\/\/miumjau.ee\/fi\/tuote\/carnilove-rapea-koiranherkku-lampaalla-ja-karpaloilla-200-g\/#primaryimage"},"image":{"@id":"https:\/\/miumjau.ee\/fi\/tuote\/carnilove-rapea-koiranherkku-lampaalla-ja-karpaloilla-200-g\/#primaryimage"},"thumbnailUrl":"https:\/\/miumjau.ee\/wp-content\/uploads\/2025\/03\/carnilove-koeramaius7-Photoroom.jpg","datePublished":"2025-03-28T12:39:09+00:00","breadcrumb":{"@id":"https:\/\/miumjau.ee\/fi\/tuote\/carnilove-rapea-koiranherkku-lampaalla-ja-karpaloilla-200-g\/#breadcrumb"},"inLanguage":"fi","potentialAction":[{"@type":"ReadAction","target":["https:\/\/miumjau.ee\/fi\/tuote\/carnilove-rapea-koiranherkku-lampaalla-ja-karpaloilla-200-g\/"]}]},{"@type":"ImageObject","inLanguage":"fi","@id":"https:\/\/miumjau.ee\/fi\/tuote\/carnilove-rapea-koiranherkku-lampaalla-ja-karpaloilla-200-g\/#primaryimage","url":"https:\/\/miumjau.ee\/wp-content\/uploads\/2025\/03\/carnilove-koeramaius7-Photoroom.jpg","contentUrl":"https:\/\/miumjau.ee\/wp-content\/uploads\/2025\/03\/carnilove-koeramaius7-Photoroom.jpg","width":600,"height":800,"caption":"Carnilove koera maiused"},{"@type":"BreadcrumbList","@id":"https:\/\/miumjau.ee\/fi\/tuote\/carnilove-rapea-koiranherkku-lampaalla-ja-karpaloilla-200-g\/#breadcrumb","itemListElement":[{"@type":"ListItem","position":1,"name":"Home","item":"https:\/\/miumjau.ee\/fi\/"},{"@type":"ListItem","position":2,"name":"Kauppa","item":"https:\/\/miumjau.ee\/fi\/kauppa\/"},{"@type":"ListItem","position":3,"name":"Carnilove rapea koiranherkku lampaalla ja karpaloilla 200 g"}]},{"@type":"WebSite","@id":"https:\/\/miumjau.ee\/#website","url":"https:\/\/miumjau.ee\/","name":"MiuMjau","description":"Kraapimispuud kassidele","publisher":{"@id":"https:\/\/miumjau.ee\/#organization"},"potentialAction":[{"@type":"SearchAction","target":{"@type":"EntryPoint","urlTemplate":"https:\/\/miumjau.ee\/?s={search_term_string}"},"query-input":{"@type":"PropertyValueSpecification","valueRequired":true,"valueName":"search_term_string"}}],"inLanguage":"fi"},{"@type":"Organization","@id":"https:\/\/miumjau.ee\/#organization","name":"MiuMjau O\u00dc","url":"https:\/\/miumjau.ee\/","logo":{"@type":"ImageObject","inLanguage":"fi","@id":"https:\/\/miumjau.ee\/#\/schema\/logo\/image\/","url":"https:\/\/miumjau.ee\/wp-content\/uploads\/2022\/04\/MiuMjau-logo-kollane.png","contentUrl":"https:\/\/miumjau.ee\/wp-content\/uploads\/2022\/04\/MiuMjau-logo-kollane.png","width":219,"height":100,"caption":"MiuMjau O\u00dc"},"image":{"@id":"https:\/\/miumjau.ee\/#\/schema\/logo\/image\/"},"sameAs":["https:\/\/www.facebook.com\/miumjaupood\/"]}]}},"_links":{"self":[{"href":"https:\/\/miumjau.ee\/fi\/wp-json\/wp\/v2\/product\/52000","targetHints":{"allow":["GET"]}}],"collection":[{"href":"https:\/\/miumjau.ee\/fi\/wp-json\/wp\/v2\/product"}],"about":[{"href":"https:\/\/miumjau.ee\/fi\/wp-json\/wp\/v2\/types\/product"}],"wp:featuredmedia":[{"embeddable":true,"href":"https:\/\/miumjau.ee\/fi\/wp-json\/wp\/v2\/media\/30904"}],"wp:attachment":[{"href":"https:\/\/miumjau.ee\/fi\/wp-json\/wp\/v2\/media?parent=52000"}],"wp:term":[{"taxonomy":"product_brand","embeddable":true,"href":"https:\/\/miumjau.ee\/fi\/wp-json\/wp\/v2\/product_brand?post=52000"},{"taxonomy":"product_cat","embeddable":true,"href":"https:\/\/miumjau.ee\/fi\/wp-json\/wp\/v2\/product_cat?post=52000"},{"taxonomy":"product_tag","embeddable":true,"href":"https:\/\/miumjau.ee\/fi\/wp-json\/wp\/v2\/product_tag?post=52000"}],"curies":[{"name":"wp","href":"https:\/\/api.w.org\/{rel}","templated":true}]}}