{"id":51994,"date":"2025-03-28T14:39:18","date_gmt":"2025-03-28T12:39:18","guid":{"rendered":"https:\/\/miumjau.ee\/toode\/carnilove-puolipehme-herkku-karpilla-ja-timjamilla-200-g\/"},"modified":"2025-03-28T14:39:18","modified_gmt":"2025-03-28T12:39:18","slug":"carnilove-puolipehme-herkku-karpilla-ja-timjamilla-200-g","status":"publish","type":"product","link":"https:\/\/miumjau.ee\/fi\/tuote\/carnilove-puolipehme-herkku-karpilla-ja-timjamilla-200-g\/","title":{"rendered":"Carnilove puolipehme herkku karpilla ja timjamilla 200 g"},"content":{"rendered":"","protected":false},"excerpt":{"rendered":"<p data-start=\"175\" data-end=\"320\">Carniloven eksoottinen lihamaku! Maukas pehme herkku, joka sopii kaikille koirille. Sis\u00e4lt\u00e4\u00e4 timjamia, joka tukee hampaiden ja ikenien terveytt\u00e4.<\/p>\n<p data-start=\"322\" data-end=\"476\"><strong data-start=\"322\" data-end=\"336\">Koostumus:<\/strong> 35 % kuivattua karppia, keltaiset herneet, nestem\u00e4inen kasvit\u00e4rkkelys, lohiliemi, siipikarjanmaksaliemi, kollageeni, 1 % timjami, lohi\u00f6ljy.<\/p>\n<p data-start=\"478\" data-end=\"670\"><strong data-start=\"478\" data-end=\"512\">Analyyttinen koostumus \/ 1 kg:<\/strong> Raakavalkuainen 33,0 %, rasvapitoisuus 5,0 %, kosteus 17,0 %, raakatuhka 7,5 %, raakakuitu 1,0 %, kalsium 1,0 %, fosfori 0,9 %, omega-3 0,4 %, omega-6 0,5 %.<\/p>\n<p data-start=\"672\" data-end=\"710\"><strong data-start=\"672\" data-end=\"696\">Metabolinen energia:<\/strong> 3 150 kcal\/kg<\/p>\n<p data-start=\"712\" data-end=\"731\"><strong data-start=\"712\" data-end=\"724\">Pakkaus:<\/strong> 0,2 kg<\/p>\n","protected":false},"featured_media":30916,"template":"","meta":[],"product_brand":[],"product_cat":[480],"product_tag":[],"class_list":{"0":"post-51994","1":"product","2":"type-product","3":"status-publish","4":"has-post-thumbnail","6":"product_cat-herkut-koirille","8":"first","9":"instock","10":"taxable","11":"shipping-taxable","12":"purchasable","13":"product-type-simple"},"yoast_head":"<!-- This site is optimized with the Yoast SEO plugin v27.2 - https:\/\/yoast.com\/product\/yoast-seo-wordpress\/ -->\n<title>Carnilove puolipehme herkku karpilla ja timjamilla 200 g - MiuMjau<\/title>\n<meta name=\"robots\" content=\"index, follow, max-snippet:-1, max-image-preview:large, max-video-preview:-1\" \/>\n<link rel=\"canonical\" href=\"https:\/\/miumjau.ee\/fi\/tuote\/carnilove-puolipehme-herkku-karpilla-ja-timjamilla-200-g\/\" \/>\n<meta property=\"og:locale\" content=\"fi_FI\" \/>\n<meta property=\"og:type\" content=\"article\" \/>\n<meta property=\"og:title\" content=\"Carnilove puolipehme herkku karpilla ja timjamilla 200 g - MiuMjau\" \/>\n<meta property=\"og:description\" content=\"Carniloven eksoottinen lihamaku! Maukas pehme herkku, joka sopii kaikille koirille. Sis\u00e4lt\u00e4\u00e4 timjamia, joka tukee hampaiden ja ikenien terveytt\u00e4. Koostumus: 35 % kuivattua karppia, keltaiset herneet, nestem\u00e4inen kasvit\u00e4rkkelys, lohiliemi, siipikarjanmaksaliemi, kollageeni, 1 % timjami, lohi\u00f6ljy. Analyyttinen koostumus \/ 1 kg: Raakavalkuainen 33,0 %, rasvapitoisuus 5,0 %, kosteus 17,0 %, raakatuhka 7,5 %, raakakuitu 1,0 %, kalsium 1,0 %, fosfori 0,9 %, omega-3 0,4 %, omega-6 0,5 %. Metabolinen energia: 3 150 kcal\/kg Pakkaus: 0,2 kg\" \/>\n<meta property=\"og:url\" content=\"https:\/\/miumjau.ee\/fi\/tuote\/carnilove-puolipehme-herkku-karpilla-ja-timjamilla-200-g\/\" \/>\n<meta property=\"og:site_name\" content=\"MiuMjau\" \/>\n<meta property=\"article:publisher\" content=\"https:\/\/www.facebook.com\/miumjaupood\/\" \/>\n<meta property=\"og:image\" content=\"https:\/\/miumjau.ee\/wp-content\/uploads\/2025\/03\/carnilove-koeramaius10-Photoroom.jpg\" \/>\n\t<meta property=\"og:image:width\" content=\"600\" \/>\n\t<meta property=\"og:image:height\" content=\"800\" \/>\n\t<meta property=\"og:image:type\" content=\"image\/jpeg\" \/>\n<meta name=\"twitter:card\" content=\"summary_large_image\" \/>\n<script type=\"application\/ld+json\" class=\"yoast-schema-graph\">{\"@context\":\"https:\/\/schema.org\",\"@graph\":[{\"@type\":\"WebPage\",\"@id\":\"https:\/\/miumjau.ee\/fi\/tuote\/carnilove-puolipehme-herkku-karpilla-ja-timjamilla-200-g\/\",\"url\":\"https:\/\/miumjau.ee\/fi\/tuote\/carnilove-puolipehme-herkku-karpilla-ja-timjamilla-200-g\/\",\"name\":\"Carnilove puolipehme herkku karpilla ja timjamilla 200 g - MiuMjau\",\"isPartOf\":{\"@id\":\"https:\/\/miumjau.ee\/#website\"},\"primaryImageOfPage\":{\"@id\":\"https:\/\/miumjau.ee\/fi\/tuote\/carnilove-puolipehme-herkku-karpilla-ja-timjamilla-200-g\/#primaryimage\"},\"image\":{\"@id\":\"https:\/\/miumjau.ee\/fi\/tuote\/carnilove-puolipehme-herkku-karpilla-ja-timjamilla-200-g\/#primaryimage\"},\"thumbnailUrl\":\"https:\/\/miumjau.ee\/wp-content\/uploads\/2025\/03\/carnilove-koeramaius10-Photoroom.jpg\",\"datePublished\":\"2025-03-28T12:39:18+00:00\",\"breadcrumb\":{\"@id\":\"https:\/\/miumjau.ee\/fi\/tuote\/carnilove-puolipehme-herkku-karpilla-ja-timjamilla-200-g\/#breadcrumb\"},\"inLanguage\":\"fi\",\"potentialAction\":[{\"@type\":\"ReadAction\",\"target\":[\"https:\/\/miumjau.ee\/fi\/tuote\/carnilove-puolipehme-herkku-karpilla-ja-timjamilla-200-g\/\"]}]},{\"@type\":\"ImageObject\",\"inLanguage\":\"fi\",\"@id\":\"https:\/\/miumjau.ee\/fi\/tuote\/carnilove-puolipehme-herkku-karpilla-ja-timjamilla-200-g\/#primaryimage\",\"url\":\"https:\/\/miumjau.ee\/wp-content\/uploads\/2025\/03\/carnilove-koeramaius10-Photoroom.jpg\",\"contentUrl\":\"https:\/\/miumjau.ee\/wp-content\/uploads\/2025\/03\/carnilove-koeramaius10-Photoroom.jpg\",\"width\":600,\"height\":800,\"caption\":\"Carnilove koera maiused\"},{\"@type\":\"BreadcrumbList\",\"@id\":\"https:\/\/miumjau.ee\/fi\/tuote\/carnilove-puolipehme-herkku-karpilla-ja-timjamilla-200-g\/#breadcrumb\",\"itemListElement\":[{\"@type\":\"ListItem\",\"position\":1,\"name\":\"Home\",\"item\":\"https:\/\/miumjau.ee\/fi\/\"},{\"@type\":\"ListItem\",\"position\":2,\"name\":\"Kauppa\",\"item\":\"https:\/\/miumjau.ee\/fi\/kauppa\/\"},{\"@type\":\"ListItem\",\"position\":3,\"name\":\"Carnilove puolipehme herkku karpilla ja timjamilla 200 g\"}]},{\"@type\":\"WebSite\",\"@id\":\"https:\/\/miumjau.ee\/#website\",\"url\":\"https:\/\/miumjau.ee\/\",\"name\":\"MiuMjau\",\"description\":\"Kraapimispuud kassidele\",\"publisher\":{\"@id\":\"https:\/\/miumjau.ee\/#organization\"},\"potentialAction\":[{\"@type\":\"SearchAction\",\"target\":{\"@type\":\"EntryPoint\",\"urlTemplate\":\"https:\/\/miumjau.ee\/?s={search_term_string}\"},\"query-input\":{\"@type\":\"PropertyValueSpecification\",\"valueRequired\":true,\"valueName\":\"search_term_string\"}}],\"inLanguage\":\"fi\"},{\"@type\":\"Organization\",\"@id\":\"https:\/\/miumjau.ee\/#organization\",\"name\":\"MiuMjau O\u00dc\",\"url\":\"https:\/\/miumjau.ee\/\",\"logo\":{\"@type\":\"ImageObject\",\"inLanguage\":\"fi\",\"@id\":\"https:\/\/miumjau.ee\/#\/schema\/logo\/image\/\",\"url\":\"https:\/\/miumjau.ee\/wp-content\/uploads\/2022\/04\/MiuMjau-logo-kollane.png\",\"contentUrl\":\"https:\/\/miumjau.ee\/wp-content\/uploads\/2022\/04\/MiuMjau-logo-kollane.png\",\"width\":219,\"height\":100,\"caption\":\"MiuMjau O\u00dc\"},\"image\":{\"@id\":\"https:\/\/miumjau.ee\/#\/schema\/logo\/image\/\"},\"sameAs\":[\"https:\/\/www.facebook.com\/miumjaupood\/\"]}]}<\/script>\n<!-- \/ Yoast SEO plugin. -->","yoast_head_json":{"title":"Carnilove puolipehme herkku karpilla ja timjamilla 200 g - MiuMjau","robots":{"index":"index","follow":"follow","max-snippet":"max-snippet:-1","max-image-preview":"max-image-preview:large","max-video-preview":"max-video-preview:-1"},"canonical":"https:\/\/miumjau.ee\/fi\/tuote\/carnilove-puolipehme-herkku-karpilla-ja-timjamilla-200-g\/","og_locale":"fi_FI","og_type":"article","og_title":"Carnilove puolipehme herkku karpilla ja timjamilla 200 g - MiuMjau","og_description":"Carniloven eksoottinen lihamaku! Maukas pehme herkku, joka sopii kaikille koirille. Sis\u00e4lt\u00e4\u00e4 timjamia, joka tukee hampaiden ja ikenien terveytt\u00e4. Koostumus: 35 % kuivattua karppia, keltaiset herneet, nestem\u00e4inen kasvit\u00e4rkkelys, lohiliemi, siipikarjanmaksaliemi, kollageeni, 1 % timjami, lohi\u00f6ljy. Analyyttinen koostumus \/ 1 kg: Raakavalkuainen 33,0 %, rasvapitoisuus 5,0 %, kosteus 17,0 %, raakatuhka 7,5 %, raakakuitu 1,0 %, kalsium 1,0 %, fosfori 0,9 %, omega-3 0,4 %, omega-6 0,5 %. Metabolinen energia: 3 150 kcal\/kg Pakkaus: 0,2 kg","og_url":"https:\/\/miumjau.ee\/fi\/tuote\/carnilove-puolipehme-herkku-karpilla-ja-timjamilla-200-g\/","og_site_name":"MiuMjau","article_publisher":"https:\/\/www.facebook.com\/miumjaupood\/","og_image":[{"width":600,"height":800,"url":"https:\/\/miumjau.ee\/wp-content\/uploads\/2025\/03\/carnilove-koeramaius10-Photoroom.jpg","type":"image\/jpeg"}],"twitter_card":"summary_large_image","schema":{"@context":"https:\/\/schema.org","@graph":[{"@type":"WebPage","@id":"https:\/\/miumjau.ee\/fi\/tuote\/carnilove-puolipehme-herkku-karpilla-ja-timjamilla-200-g\/","url":"https:\/\/miumjau.ee\/fi\/tuote\/carnilove-puolipehme-herkku-karpilla-ja-timjamilla-200-g\/","name":"Carnilove puolipehme herkku karpilla ja timjamilla 200 g - MiuMjau","isPartOf":{"@id":"https:\/\/miumjau.ee\/#website"},"primaryImageOfPage":{"@id":"https:\/\/miumjau.ee\/fi\/tuote\/carnilove-puolipehme-herkku-karpilla-ja-timjamilla-200-g\/#primaryimage"},"image":{"@id":"https:\/\/miumjau.ee\/fi\/tuote\/carnilove-puolipehme-herkku-karpilla-ja-timjamilla-200-g\/#primaryimage"},"thumbnailUrl":"https:\/\/miumjau.ee\/wp-content\/uploads\/2025\/03\/carnilove-koeramaius10-Photoroom.jpg","datePublished":"2025-03-28T12:39:18+00:00","breadcrumb":{"@id":"https:\/\/miumjau.ee\/fi\/tuote\/carnilove-puolipehme-herkku-karpilla-ja-timjamilla-200-g\/#breadcrumb"},"inLanguage":"fi","potentialAction":[{"@type":"ReadAction","target":["https:\/\/miumjau.ee\/fi\/tuote\/carnilove-puolipehme-herkku-karpilla-ja-timjamilla-200-g\/"]}]},{"@type":"ImageObject","inLanguage":"fi","@id":"https:\/\/miumjau.ee\/fi\/tuote\/carnilove-puolipehme-herkku-karpilla-ja-timjamilla-200-g\/#primaryimage","url":"https:\/\/miumjau.ee\/wp-content\/uploads\/2025\/03\/carnilove-koeramaius10-Photoroom.jpg","contentUrl":"https:\/\/miumjau.ee\/wp-content\/uploads\/2025\/03\/carnilove-koeramaius10-Photoroom.jpg","width":600,"height":800,"caption":"Carnilove koera maiused"},{"@type":"BreadcrumbList","@id":"https:\/\/miumjau.ee\/fi\/tuote\/carnilove-puolipehme-herkku-karpilla-ja-timjamilla-200-g\/#breadcrumb","itemListElement":[{"@type":"ListItem","position":1,"name":"Home","item":"https:\/\/miumjau.ee\/fi\/"},{"@type":"ListItem","position":2,"name":"Kauppa","item":"https:\/\/miumjau.ee\/fi\/kauppa\/"},{"@type":"ListItem","position":3,"name":"Carnilove puolipehme herkku karpilla ja timjamilla 200 g"}]},{"@type":"WebSite","@id":"https:\/\/miumjau.ee\/#website","url":"https:\/\/miumjau.ee\/","name":"MiuMjau","description":"Kraapimispuud kassidele","publisher":{"@id":"https:\/\/miumjau.ee\/#organization"},"potentialAction":[{"@type":"SearchAction","target":{"@type":"EntryPoint","urlTemplate":"https:\/\/miumjau.ee\/?s={search_term_string}"},"query-input":{"@type":"PropertyValueSpecification","valueRequired":true,"valueName":"search_term_string"}}],"inLanguage":"fi"},{"@type":"Organization","@id":"https:\/\/miumjau.ee\/#organization","name":"MiuMjau O\u00dc","url":"https:\/\/miumjau.ee\/","logo":{"@type":"ImageObject","inLanguage":"fi","@id":"https:\/\/miumjau.ee\/#\/schema\/logo\/image\/","url":"https:\/\/miumjau.ee\/wp-content\/uploads\/2022\/04\/MiuMjau-logo-kollane.png","contentUrl":"https:\/\/miumjau.ee\/wp-content\/uploads\/2022\/04\/MiuMjau-logo-kollane.png","width":219,"height":100,"caption":"MiuMjau O\u00dc"},"image":{"@id":"https:\/\/miumjau.ee\/#\/schema\/logo\/image\/"},"sameAs":["https:\/\/www.facebook.com\/miumjaupood\/"]}]}},"_links":{"self":[{"href":"https:\/\/miumjau.ee\/fi\/wp-json\/wp\/v2\/product\/51994","targetHints":{"allow":["GET"]}}],"collection":[{"href":"https:\/\/miumjau.ee\/fi\/wp-json\/wp\/v2\/product"}],"about":[{"href":"https:\/\/miumjau.ee\/fi\/wp-json\/wp\/v2\/types\/product"}],"wp:featuredmedia":[{"embeddable":true,"href":"https:\/\/miumjau.ee\/fi\/wp-json\/wp\/v2\/media\/30916"}],"wp:attachment":[{"href":"https:\/\/miumjau.ee\/fi\/wp-json\/wp\/v2\/media?parent=51994"}],"wp:term":[{"taxonomy":"product_brand","embeddable":true,"href":"https:\/\/miumjau.ee\/fi\/wp-json\/wp\/v2\/product_brand?post=51994"},{"taxonomy":"product_cat","embeddable":true,"href":"https:\/\/miumjau.ee\/fi\/wp-json\/wp\/v2\/product_cat?post=51994"},{"taxonomy":"product_tag","embeddable":true,"href":"https:\/\/miumjau.ee\/fi\/wp-json\/wp\/v2\/product_tag?post=51994"}],"curies":[{"name":"wp","href":"https:\/\/api.w.org\/{rel}","templated":true}]}}