{"id":51982,"date":"2026-01-08T09:45:55","date_gmt":"2026-01-08T07:45:55","guid":{"rendered":"https:\/\/miumjau.ee\/toode\/koiran-ruokakuppi-dog-fantasy-gallery-750-ml\/"},"modified":"2026-01-08T09:45:55","modified_gmt":"2026-01-08T07:45:55","slug":"koiran-ruokakuppi-dog-fantasy-gallery-750-ml","status":"publish","type":"product","link":"https:\/\/miumjau.ee\/fi\/tuote\/koiran-ruokakuppi-dog-fantasy-gallery-750-ml\/","title":{"rendered":"Koiran ruokakuppi Dog Fantasy Gallery 750 ml"},"content":{"rendered":"","protected":false},"excerpt":{"rendered":"<p data-start=\"886\" data-end=\"1330\">\u201cGallery\u201d-malliston kuppi \u2013 kun jopa p\u00e4ivitt\u00e4inen ruokailu muuttuu taiteeksi.<br data-start=\"963\" data-end=\"966\" \/>Tyylik\u00e4s ja toiminnallinen koirankuppi ainutlaatuisella muotoilulla, joka yhdist\u00e4\u00e4 k\u00e4yt\u00e4nn\u00f6llisyyden ja eleganssin.<br data-start=\"1081\" data-end=\"1084\" \/>Sopii sek\u00e4 ruoalle ett\u00e4 vedelle, on helppo puhdistaa ja valmistettu kest\u00e4v\u00e4st\u00e4 ja pitk\u00e4ik\u00e4isest\u00e4 materiaalista, mik\u00e4 takaa mukavan p\u00e4ivitt\u00e4isen k\u00e4yt\u00f6n.<br data-start=\"1235\" data-end=\"1238\" \/>Se ei ole vain kuppi, vaan my\u00f6s kaunis sisustuselementti, joka sopii modernin kodin tyyliin.<\/p>\n<p data-start=\"1332\" data-end=\"1349\"><strong data-start=\"1332\" data-end=\"1349\">Ominaisuudet:<\/strong><\/p>\n<p data-start=\"1351\" data-end=\"1573\">Sopii sek\u00e4 vedelle ett\u00e4 ruoalle<br data-start=\"1382\" data-end=\"1385\" \/>Moderni \u201cGallery\u201d-malliston muotoilu<br data-start=\"1421\" data-end=\"1424\" \/>Helppo puhdistaa, helppo huoltaa<br data-start=\"1456\" data-end=\"1459\" \/>Vahva ja kest\u00e4v\u00e4 materiaalipinta \u2013 pitk\u00e4aikaiseen k\u00e4ytt\u00f6\u00f6n<br data-start=\"1517\" data-end=\"1520\" \/>Saatavana kolmessa koossa: 220 ml, 450 ml ja 750 ml<\/p>\n","protected":false},"featured_media":51864,"template":"","meta":[],"product_brand":[],"product_cat":[481],"product_tag":[],"class_list":{"0":"post-51982","1":"product","2":"type-product","3":"status-publish","4":"has-post-thumbnail","6":"product_cat-ruoka-ja-juomakupit","8":"first","9":"instock","10":"taxable","11":"shipping-taxable","12":"purchasable","13":"product-type-simple"},"yoast_head":"<!-- This site is optimized with the Yoast SEO plugin v27.2 - https:\/\/yoast.com\/product\/yoast-seo-wordpress\/ -->\n<title>Koiran ruokakuppi Dog Fantasy Gallery 750 ml - MiuMjau<\/title>\n<meta name=\"robots\" content=\"index, follow, max-snippet:-1, max-image-preview:large, max-video-preview:-1\" \/>\n<link rel=\"canonical\" href=\"https:\/\/miumjau.ee\/fi\/tuote\/koiran-ruokakuppi-dog-fantasy-gallery-750-ml\/\" \/>\n<meta property=\"og:locale\" content=\"fi_FI\" \/>\n<meta property=\"og:type\" content=\"article\" \/>\n<meta property=\"og:title\" content=\"Koiran ruokakuppi Dog Fantasy Gallery 750 ml - MiuMjau\" \/>\n<meta property=\"og:description\" content=\"\u201cGallery\u201d-malliston kuppi \u2013 kun jopa p\u00e4ivitt\u00e4inen ruokailu muuttuu taiteeksi.Tyylik\u00e4s ja toiminnallinen koirankuppi ainutlaatuisella muotoilulla, joka yhdist\u00e4\u00e4 k\u00e4yt\u00e4nn\u00f6llisyyden ja eleganssin.Sopii sek\u00e4 ruoalle ett\u00e4 vedelle, on helppo puhdistaa ja valmistettu kest\u00e4v\u00e4st\u00e4 ja pitk\u00e4ik\u00e4isest\u00e4 materiaalista, mik\u00e4 takaa mukavan p\u00e4ivitt\u00e4isen k\u00e4yt\u00f6n.Se ei ole vain kuppi, vaan my\u00f6s kaunis sisustuselementti, joka sopii modernin kodin tyyliin. Ominaisuudet: Sopii sek\u00e4 vedelle ett\u00e4 ruoalleModerni \u201cGallery\u201d-malliston muotoiluHelppo puhdistaa, helppo huoltaaVahva ja kest\u00e4v\u00e4 materiaalipinta \u2013 pitk\u00e4aikaiseen k\u00e4ytt\u00f6\u00f6nSaatavana kolmessa koossa: 220 ml, 450 ml ja 750 ml\" \/>\n<meta property=\"og:url\" content=\"https:\/\/miumjau.ee\/fi\/tuote\/koiran-ruokakuppi-dog-fantasy-gallery-750-ml\/\" \/>\n<meta property=\"og:site_name\" content=\"MiuMjau\" \/>\n<meta property=\"article:publisher\" content=\"https:\/\/www.facebook.com\/miumjaupood\/\" \/>\n<meta property=\"og:image\" content=\"https:\/\/miumjau.ee\/wp-content\/uploads\/2026\/01\/toidukauss-koerale-gallery3.jpg\" \/>\n\t<meta property=\"og:image:width\" content=\"600\" \/>\n\t<meta property=\"og:image:height\" content=\"800\" \/>\n\t<meta property=\"og:image:type\" content=\"image\/jpeg\" \/>\n<meta name=\"twitter:card\" content=\"summary_large_image\" \/>\n<script type=\"application\/ld+json\" class=\"yoast-schema-graph\">{\"@context\":\"https:\/\/schema.org\",\"@graph\":[{\"@type\":\"WebPage\",\"@id\":\"https:\/\/miumjau.ee\/fi\/tuote\/koiran-ruokakuppi-dog-fantasy-gallery-750-ml\/\",\"url\":\"https:\/\/miumjau.ee\/fi\/tuote\/koiran-ruokakuppi-dog-fantasy-gallery-750-ml\/\",\"name\":\"Koiran ruokakuppi Dog Fantasy Gallery 750 ml - MiuMjau\",\"isPartOf\":{\"@id\":\"https:\/\/miumjau.ee\/#website\"},\"primaryImageOfPage\":{\"@id\":\"https:\/\/miumjau.ee\/fi\/tuote\/koiran-ruokakuppi-dog-fantasy-gallery-750-ml\/#primaryimage\"},\"image\":{\"@id\":\"https:\/\/miumjau.ee\/fi\/tuote\/koiran-ruokakuppi-dog-fantasy-gallery-750-ml\/#primaryimage\"},\"thumbnailUrl\":\"https:\/\/miumjau.ee\/wp-content\/uploads\/2026\/01\/toidukauss-koerale-gallery3.jpg\",\"datePublished\":\"2026-01-08T07:45:55+00:00\",\"breadcrumb\":{\"@id\":\"https:\/\/miumjau.ee\/fi\/tuote\/koiran-ruokakuppi-dog-fantasy-gallery-750-ml\/#breadcrumb\"},\"inLanguage\":\"fi\",\"potentialAction\":[{\"@type\":\"ReadAction\",\"target\":[\"https:\/\/miumjau.ee\/fi\/tuote\/koiran-ruokakuppi-dog-fantasy-gallery-750-ml\/\"]}]},{\"@type\":\"ImageObject\",\"inLanguage\":\"fi\",\"@id\":\"https:\/\/miumjau.ee\/fi\/tuote\/koiran-ruokakuppi-dog-fantasy-gallery-750-ml\/#primaryimage\",\"url\":\"https:\/\/miumjau.ee\/wp-content\/uploads\/2026\/01\/toidukauss-koerale-gallery3.jpg\",\"contentUrl\":\"https:\/\/miumjau.ee\/wp-content\/uploads\/2026\/01\/toidukauss-koerale-gallery3.jpg\",\"width\":600,\"height\":800,\"caption\":\"Toidukauss koerale Dog Fantasy Gallery\"},{\"@type\":\"BreadcrumbList\",\"@id\":\"https:\/\/miumjau.ee\/fi\/tuote\/koiran-ruokakuppi-dog-fantasy-gallery-750-ml\/#breadcrumb\",\"itemListElement\":[{\"@type\":\"ListItem\",\"position\":1,\"name\":\"Home\",\"item\":\"https:\/\/miumjau.ee\/fi\/\"},{\"@type\":\"ListItem\",\"position\":2,\"name\":\"Kauppa\",\"item\":\"https:\/\/miumjau.ee\/fi\/kauppa\/\"},{\"@type\":\"ListItem\",\"position\":3,\"name\":\"Koiran ruokakuppi Dog Fantasy Gallery 750 ml\"}]},{\"@type\":\"WebSite\",\"@id\":\"https:\/\/miumjau.ee\/#website\",\"url\":\"https:\/\/miumjau.ee\/\",\"name\":\"MiuMjau\",\"description\":\"Kraapimispuud kassidele\",\"publisher\":{\"@id\":\"https:\/\/miumjau.ee\/#organization\"},\"potentialAction\":[{\"@type\":\"SearchAction\",\"target\":{\"@type\":\"EntryPoint\",\"urlTemplate\":\"https:\/\/miumjau.ee\/?s={search_term_string}\"},\"query-input\":{\"@type\":\"PropertyValueSpecification\",\"valueRequired\":true,\"valueName\":\"search_term_string\"}}],\"inLanguage\":\"fi\"},{\"@type\":\"Organization\",\"@id\":\"https:\/\/miumjau.ee\/#organization\",\"name\":\"MiuMjau O\u00dc\",\"url\":\"https:\/\/miumjau.ee\/\",\"logo\":{\"@type\":\"ImageObject\",\"inLanguage\":\"fi\",\"@id\":\"https:\/\/miumjau.ee\/#\/schema\/logo\/image\/\",\"url\":\"https:\/\/miumjau.ee\/wp-content\/uploads\/2022\/04\/MiuMjau-logo-kollane.png\",\"contentUrl\":\"https:\/\/miumjau.ee\/wp-content\/uploads\/2022\/04\/MiuMjau-logo-kollane.png\",\"width\":219,\"height\":100,\"caption\":\"MiuMjau O\u00dc\"},\"image\":{\"@id\":\"https:\/\/miumjau.ee\/#\/schema\/logo\/image\/\"},\"sameAs\":[\"https:\/\/www.facebook.com\/miumjaupood\/\"]}]}<\/script>\n<!-- \/ Yoast SEO plugin. -->","yoast_head_json":{"title":"Koiran ruokakuppi Dog Fantasy Gallery 750 ml - MiuMjau","robots":{"index":"index","follow":"follow","max-snippet":"max-snippet:-1","max-image-preview":"max-image-preview:large","max-video-preview":"max-video-preview:-1"},"canonical":"https:\/\/miumjau.ee\/fi\/tuote\/koiran-ruokakuppi-dog-fantasy-gallery-750-ml\/","og_locale":"fi_FI","og_type":"article","og_title":"Koiran ruokakuppi Dog Fantasy Gallery 750 ml - MiuMjau","og_description":"\u201cGallery\u201d-malliston kuppi \u2013 kun jopa p\u00e4ivitt\u00e4inen ruokailu muuttuu taiteeksi.Tyylik\u00e4s ja toiminnallinen koirankuppi ainutlaatuisella muotoilulla, joka yhdist\u00e4\u00e4 k\u00e4yt\u00e4nn\u00f6llisyyden ja eleganssin.Sopii sek\u00e4 ruoalle ett\u00e4 vedelle, on helppo puhdistaa ja valmistettu kest\u00e4v\u00e4st\u00e4 ja pitk\u00e4ik\u00e4isest\u00e4 materiaalista, mik\u00e4 takaa mukavan p\u00e4ivitt\u00e4isen k\u00e4yt\u00f6n.Se ei ole vain kuppi, vaan my\u00f6s kaunis sisustuselementti, joka sopii modernin kodin tyyliin. Ominaisuudet: Sopii sek\u00e4 vedelle ett\u00e4 ruoalleModerni \u201cGallery\u201d-malliston muotoiluHelppo puhdistaa, helppo huoltaaVahva ja kest\u00e4v\u00e4 materiaalipinta \u2013 pitk\u00e4aikaiseen k\u00e4ytt\u00f6\u00f6nSaatavana kolmessa koossa: 220 ml, 450 ml ja 750 ml","og_url":"https:\/\/miumjau.ee\/fi\/tuote\/koiran-ruokakuppi-dog-fantasy-gallery-750-ml\/","og_site_name":"MiuMjau","article_publisher":"https:\/\/www.facebook.com\/miumjaupood\/","og_image":[{"width":600,"height":800,"url":"https:\/\/miumjau.ee\/wp-content\/uploads\/2026\/01\/toidukauss-koerale-gallery3.jpg","type":"image\/jpeg"}],"twitter_card":"summary_large_image","schema":{"@context":"https:\/\/schema.org","@graph":[{"@type":"WebPage","@id":"https:\/\/miumjau.ee\/fi\/tuote\/koiran-ruokakuppi-dog-fantasy-gallery-750-ml\/","url":"https:\/\/miumjau.ee\/fi\/tuote\/koiran-ruokakuppi-dog-fantasy-gallery-750-ml\/","name":"Koiran ruokakuppi Dog Fantasy Gallery 750 ml - MiuMjau","isPartOf":{"@id":"https:\/\/miumjau.ee\/#website"},"primaryImageOfPage":{"@id":"https:\/\/miumjau.ee\/fi\/tuote\/koiran-ruokakuppi-dog-fantasy-gallery-750-ml\/#primaryimage"},"image":{"@id":"https:\/\/miumjau.ee\/fi\/tuote\/koiran-ruokakuppi-dog-fantasy-gallery-750-ml\/#primaryimage"},"thumbnailUrl":"https:\/\/miumjau.ee\/wp-content\/uploads\/2026\/01\/toidukauss-koerale-gallery3.jpg","datePublished":"2026-01-08T07:45:55+00:00","breadcrumb":{"@id":"https:\/\/miumjau.ee\/fi\/tuote\/koiran-ruokakuppi-dog-fantasy-gallery-750-ml\/#breadcrumb"},"inLanguage":"fi","potentialAction":[{"@type":"ReadAction","target":["https:\/\/miumjau.ee\/fi\/tuote\/koiran-ruokakuppi-dog-fantasy-gallery-750-ml\/"]}]},{"@type":"ImageObject","inLanguage":"fi","@id":"https:\/\/miumjau.ee\/fi\/tuote\/koiran-ruokakuppi-dog-fantasy-gallery-750-ml\/#primaryimage","url":"https:\/\/miumjau.ee\/wp-content\/uploads\/2026\/01\/toidukauss-koerale-gallery3.jpg","contentUrl":"https:\/\/miumjau.ee\/wp-content\/uploads\/2026\/01\/toidukauss-koerale-gallery3.jpg","width":600,"height":800,"caption":"Toidukauss koerale Dog Fantasy Gallery"},{"@type":"BreadcrumbList","@id":"https:\/\/miumjau.ee\/fi\/tuote\/koiran-ruokakuppi-dog-fantasy-gallery-750-ml\/#breadcrumb","itemListElement":[{"@type":"ListItem","position":1,"name":"Home","item":"https:\/\/miumjau.ee\/fi\/"},{"@type":"ListItem","position":2,"name":"Kauppa","item":"https:\/\/miumjau.ee\/fi\/kauppa\/"},{"@type":"ListItem","position":3,"name":"Koiran ruokakuppi Dog Fantasy Gallery 750 ml"}]},{"@type":"WebSite","@id":"https:\/\/miumjau.ee\/#website","url":"https:\/\/miumjau.ee\/","name":"MiuMjau","description":"Kraapimispuud kassidele","publisher":{"@id":"https:\/\/miumjau.ee\/#organization"},"potentialAction":[{"@type":"SearchAction","target":{"@type":"EntryPoint","urlTemplate":"https:\/\/miumjau.ee\/?s={search_term_string}"},"query-input":{"@type":"PropertyValueSpecification","valueRequired":true,"valueName":"search_term_string"}}],"inLanguage":"fi"},{"@type":"Organization","@id":"https:\/\/miumjau.ee\/#organization","name":"MiuMjau O\u00dc","url":"https:\/\/miumjau.ee\/","logo":{"@type":"ImageObject","inLanguage":"fi","@id":"https:\/\/miumjau.ee\/#\/schema\/logo\/image\/","url":"https:\/\/miumjau.ee\/wp-content\/uploads\/2022\/04\/MiuMjau-logo-kollane.png","contentUrl":"https:\/\/miumjau.ee\/wp-content\/uploads\/2022\/04\/MiuMjau-logo-kollane.png","width":219,"height":100,"caption":"MiuMjau O\u00dc"},"image":{"@id":"https:\/\/miumjau.ee\/#\/schema\/logo\/image\/"},"sameAs":["https:\/\/www.facebook.com\/miumjaupood\/"]}]}},"_links":{"self":[{"href":"https:\/\/miumjau.ee\/fi\/wp-json\/wp\/v2\/product\/51982","targetHints":{"allow":["GET"]}}],"collection":[{"href":"https:\/\/miumjau.ee\/fi\/wp-json\/wp\/v2\/product"}],"about":[{"href":"https:\/\/miumjau.ee\/fi\/wp-json\/wp\/v2\/types\/product"}],"wp:featuredmedia":[{"embeddable":true,"href":"https:\/\/miumjau.ee\/fi\/wp-json\/wp\/v2\/media\/51864"}],"wp:attachment":[{"href":"https:\/\/miumjau.ee\/fi\/wp-json\/wp\/v2\/media?parent=51982"}],"wp:term":[{"taxonomy":"product_brand","embeddable":true,"href":"https:\/\/miumjau.ee\/fi\/wp-json\/wp\/v2\/product_brand?post=51982"},{"taxonomy":"product_cat","embeddable":true,"href":"https:\/\/miumjau.ee\/fi\/wp-json\/wp\/v2\/product_cat?post=51982"},{"taxonomy":"product_tag","embeddable":true,"href":"https:\/\/miumjau.ee\/fi\/wp-json\/wp\/v2\/product_tag?post=51982"}],"curies":[{"name":"wp","href":"https:\/\/api.w.org\/{rel}","templated":true}]}}