{"id":51760,"date":"2025-03-20T14:45:44","date_gmt":"2025-03-20T12:45:44","guid":{"rendered":"https:\/\/miumjau.ee\/toode\/sana-luonnollinen-koiran-herkku-naudan-keuhko-150g\/"},"modified":"2026-01-07T22:40:34","modified_gmt":"2026-01-07T20:40:34","slug":"sana-luonnollinen-koiran-herkku-naudan-keuhko-150g","status":"publish","type":"product","link":"https:\/\/miumjau.ee\/fi\/tuote\/sana-luonnollinen-koiran-herkku-naudan-keuhko-150g\/","title":{"rendered":"Sana Luonnollinen Koiran Herkku, Naudan Keuhko 150g"},"content":{"rendered":"","protected":false},"excerpt":{"rendered":"<p data-start=\"831\" data-end=\"881\">Tarjoa koirallesi rapea ja maukas naudan keuhko!<\/p>\n<p data-start=\"883\" data-end=\"1122\">Herkku, jossa mieto aromi, helposti purtuva rakenne ja yksi ainesosa, josta kaikki koirat pit\u00e4v\u00e4t. Naudan keuhko on erinomainen proteiinin ja aminohappojen l\u00e4hde. Ei s\u00e4il\u00f6nt\u00e4aineita tai lis\u00e4aineita, sopii my\u00f6s herkk\u00e4vatsaisille koirille.<\/p>\n<p data-start=\"1124\" data-end=\"1264\"><strong data-start=\"1124\" data-end=\"1133\">Edut:<\/strong><br data-start=\"1133\" data-end=\"1136\" \/>\u2714 100 % puhdasta naudanlihaa<br data-start=\"1164\" data-end=\"1167\" \/>\u2714 Pehme\u00e4 ja rapea rakenne<br data-start=\"1192\" data-end=\"1195\" \/>\u2714 Luonnollisesti proteiinipitoinen<br data-start=\"1229\" data-end=\"1232\" \/>\u2714 Sopii raakaruokaa suosiville<\/p>\n<p data-start=\"1266\" data-end=\"1302\"><strong data-start=\"1266\" data-end=\"1280\">Ainesosat:<\/strong> 100 % naudan keuhko<\/p>\n<p data-start=\"1304\" data-end=\"1399\"><strong data-start=\"1304\" data-end=\"1321\">Ravintoarvot:<\/strong> Proteiini \u2013 54 %, Rasva \u2013 2,6 %, Kosteus \u2013 11 %, Tuhka \u2013 2 %, Kuitu \u2013 1,6 %<\/p>\n","protected":false},"featured_media":29770,"template":"","meta":[],"product_brand":[],"product_cat":[480],"product_tag":[],"class_list":{"0":"post-51760","1":"product","2":"type-product","3":"status-publish","4":"has-post-thumbnail","6":"product_cat-herkut-koirille","8":"first","9":"instock","10":"taxable","11":"shipping-taxable","12":"purchasable","13":"product-type-simple"},"yoast_head":"<!-- This site is optimized with the Yoast SEO plugin v27.2 - https:\/\/yoast.com\/product\/yoast-seo-wordpress\/ -->\n<title>Sana Luonnollinen Koiran Herkku, Naudan Keuhko 150g - MiuMjau<\/title>\n<meta name=\"robots\" content=\"index, follow, max-snippet:-1, max-image-preview:large, max-video-preview:-1\" \/>\n<link rel=\"canonical\" href=\"https:\/\/miumjau.ee\/fi\/tuote\/sana-luonnollinen-koiran-herkku-naudan-keuhko-150g\/\" \/>\n<meta property=\"og:locale\" content=\"fi_FI\" \/>\n<meta property=\"og:type\" content=\"article\" \/>\n<meta property=\"og:title\" content=\"Sana Luonnollinen Koiran Herkku, Naudan Keuhko 150g - MiuMjau\" \/>\n<meta property=\"og:description\" content=\"Tarjoa koirallesi rapea ja maukas naudan keuhko! Herkku, jossa mieto aromi, helposti purtuva rakenne ja yksi ainesosa, josta kaikki koirat pit\u00e4v\u00e4t. Naudan keuhko on erinomainen proteiinin ja aminohappojen l\u00e4hde. Ei s\u00e4il\u00f6nt\u00e4aineita tai lis\u00e4aineita, sopii my\u00f6s herkk\u00e4vatsaisille koirille. Edut:\u2714 100 % puhdasta naudanlihaa\u2714 Pehme\u00e4 ja rapea rakenne\u2714 Luonnollisesti proteiinipitoinen\u2714 Sopii raakaruokaa suosiville Ainesosat: 100 % naudan keuhko Ravintoarvot: Proteiini \u2013 54 %, Rasva \u2013 2,6 %, Kosteus \u2013 11 %, Tuhka \u2013 2 %, Kuitu \u2013 1,6 %\" \/>\n<meta property=\"og:url\" content=\"https:\/\/miumjau.ee\/fi\/tuote\/sana-luonnollinen-koiran-herkku-naudan-keuhko-150g\/\" \/>\n<meta property=\"og:site_name\" content=\"MiuMjau\" \/>\n<meta property=\"article:publisher\" content=\"https:\/\/www.facebook.com\/miumjaupood\/\" \/>\n<meta property=\"article:modified_time\" content=\"2026-01-07T20:40:34+00:00\" \/>\n<meta property=\"og:image\" content=\"https:\/\/miumjau.ee\/wp-content\/uploads\/2025\/03\/veise-kops-sana1.jpg\" \/>\n\t<meta property=\"og:image:width\" content=\"600\" \/>\n\t<meta property=\"og:image:height\" content=\"800\" \/>\n\t<meta property=\"og:image:type\" content=\"image\/jpeg\" \/>\n<meta name=\"twitter:card\" content=\"summary_large_image\" \/>\n<script type=\"application\/ld+json\" class=\"yoast-schema-graph\">{\"@context\":\"https:\/\/schema.org\",\"@graph\":[{\"@type\":\"WebPage\",\"@id\":\"https:\/\/miumjau.ee\/fi\/tuote\/sana-luonnollinen-koiran-herkku-naudan-keuhko-150g\/\",\"url\":\"https:\/\/miumjau.ee\/fi\/tuote\/sana-luonnollinen-koiran-herkku-naudan-keuhko-150g\/\",\"name\":\"Sana Luonnollinen Koiran Herkku, Naudan Keuhko 150g - MiuMjau\",\"isPartOf\":{\"@id\":\"https:\/\/miumjau.ee\/#website\"},\"primaryImageOfPage\":{\"@id\":\"https:\/\/miumjau.ee\/fi\/tuote\/sana-luonnollinen-koiran-herkku-naudan-keuhko-150g\/#primaryimage\"},\"image\":{\"@id\":\"https:\/\/miumjau.ee\/fi\/tuote\/sana-luonnollinen-koiran-herkku-naudan-keuhko-150g\/#primaryimage\"},\"thumbnailUrl\":\"https:\/\/miumjau.ee\/wp-content\/uploads\/2025\/03\/veise-kops-sana1.jpg\",\"datePublished\":\"2025-03-20T12:45:44+00:00\",\"dateModified\":\"2026-01-07T20:40:34+00:00\",\"breadcrumb\":{\"@id\":\"https:\/\/miumjau.ee\/fi\/tuote\/sana-luonnollinen-koiran-herkku-naudan-keuhko-150g\/#breadcrumb\"},\"inLanguage\":\"fi\",\"potentialAction\":[{\"@type\":\"ReadAction\",\"target\":[\"https:\/\/miumjau.ee\/fi\/tuote\/sana-luonnollinen-koiran-herkku-naudan-keuhko-150g\/\"]}]},{\"@type\":\"ImageObject\",\"inLanguage\":\"fi\",\"@id\":\"https:\/\/miumjau.ee\/fi\/tuote\/sana-luonnollinen-koiran-herkku-naudan-keuhko-150g\/#primaryimage\",\"url\":\"https:\/\/miumjau.ee\/wp-content\/uploads\/2025\/03\/veise-kops-sana1.jpg\",\"contentUrl\":\"https:\/\/miumjau.ee\/wp-content\/uploads\/2025\/03\/veise-kops-sana1.jpg\",\"width\":600,\"height\":800,\"caption\":\"Sana naturaalsed maiused koertele\"},{\"@type\":\"BreadcrumbList\",\"@id\":\"https:\/\/miumjau.ee\/fi\/tuote\/sana-luonnollinen-koiran-herkku-naudan-keuhko-150g\/#breadcrumb\",\"itemListElement\":[{\"@type\":\"ListItem\",\"position\":1,\"name\":\"Home\",\"item\":\"https:\/\/miumjau.ee\/fi\/\"},{\"@type\":\"ListItem\",\"position\":2,\"name\":\"Kauppa\",\"item\":\"https:\/\/miumjau.ee\/fi\/kauppa\/\"},{\"@type\":\"ListItem\",\"position\":3,\"name\":\"Sana Luonnollinen Koiran Herkku, Naudan Keuhko 150g\"}]},{\"@type\":\"WebSite\",\"@id\":\"https:\/\/miumjau.ee\/#website\",\"url\":\"https:\/\/miumjau.ee\/\",\"name\":\"MiuMjau\",\"description\":\"Kraapimispuud kassidele\",\"publisher\":{\"@id\":\"https:\/\/miumjau.ee\/#organization\"},\"potentialAction\":[{\"@type\":\"SearchAction\",\"target\":{\"@type\":\"EntryPoint\",\"urlTemplate\":\"https:\/\/miumjau.ee\/?s={search_term_string}\"},\"query-input\":{\"@type\":\"PropertyValueSpecification\",\"valueRequired\":true,\"valueName\":\"search_term_string\"}}],\"inLanguage\":\"fi\"},{\"@type\":\"Organization\",\"@id\":\"https:\/\/miumjau.ee\/#organization\",\"name\":\"MiuMjau O\u00dc\",\"url\":\"https:\/\/miumjau.ee\/\",\"logo\":{\"@type\":\"ImageObject\",\"inLanguage\":\"fi\",\"@id\":\"https:\/\/miumjau.ee\/#\/schema\/logo\/image\/\",\"url\":\"https:\/\/miumjau.ee\/wp-content\/uploads\/2022\/04\/MiuMjau-logo-kollane.png\",\"contentUrl\":\"https:\/\/miumjau.ee\/wp-content\/uploads\/2022\/04\/MiuMjau-logo-kollane.png\",\"width\":219,\"height\":100,\"caption\":\"MiuMjau O\u00dc\"},\"image\":{\"@id\":\"https:\/\/miumjau.ee\/#\/schema\/logo\/image\/\"},\"sameAs\":[\"https:\/\/www.facebook.com\/miumjaupood\/\"]}]}<\/script>\n<!-- \/ Yoast SEO plugin. -->","yoast_head_json":{"title":"Sana Luonnollinen Koiran Herkku, Naudan Keuhko 150g - MiuMjau","robots":{"index":"index","follow":"follow","max-snippet":"max-snippet:-1","max-image-preview":"max-image-preview:large","max-video-preview":"max-video-preview:-1"},"canonical":"https:\/\/miumjau.ee\/fi\/tuote\/sana-luonnollinen-koiran-herkku-naudan-keuhko-150g\/","og_locale":"fi_FI","og_type":"article","og_title":"Sana Luonnollinen Koiran Herkku, Naudan Keuhko 150g - MiuMjau","og_description":"Tarjoa koirallesi rapea ja maukas naudan keuhko! Herkku, jossa mieto aromi, helposti purtuva rakenne ja yksi ainesosa, josta kaikki koirat pit\u00e4v\u00e4t. Naudan keuhko on erinomainen proteiinin ja aminohappojen l\u00e4hde. Ei s\u00e4il\u00f6nt\u00e4aineita tai lis\u00e4aineita, sopii my\u00f6s herkk\u00e4vatsaisille koirille. Edut:\u2714 100 % puhdasta naudanlihaa\u2714 Pehme\u00e4 ja rapea rakenne\u2714 Luonnollisesti proteiinipitoinen\u2714 Sopii raakaruokaa suosiville Ainesosat: 100 % naudan keuhko Ravintoarvot: Proteiini \u2013 54 %, Rasva \u2013 2,6 %, Kosteus \u2013 11 %, Tuhka \u2013 2 %, Kuitu \u2013 1,6 %","og_url":"https:\/\/miumjau.ee\/fi\/tuote\/sana-luonnollinen-koiran-herkku-naudan-keuhko-150g\/","og_site_name":"MiuMjau","article_publisher":"https:\/\/www.facebook.com\/miumjaupood\/","article_modified_time":"2026-01-07T20:40:34+00:00","og_image":[{"width":600,"height":800,"url":"https:\/\/miumjau.ee\/wp-content\/uploads\/2025\/03\/veise-kops-sana1.jpg","type":"image\/jpeg"}],"twitter_card":"summary_large_image","schema":{"@context":"https:\/\/schema.org","@graph":[{"@type":"WebPage","@id":"https:\/\/miumjau.ee\/fi\/tuote\/sana-luonnollinen-koiran-herkku-naudan-keuhko-150g\/","url":"https:\/\/miumjau.ee\/fi\/tuote\/sana-luonnollinen-koiran-herkku-naudan-keuhko-150g\/","name":"Sana Luonnollinen Koiran Herkku, Naudan Keuhko 150g - MiuMjau","isPartOf":{"@id":"https:\/\/miumjau.ee\/#website"},"primaryImageOfPage":{"@id":"https:\/\/miumjau.ee\/fi\/tuote\/sana-luonnollinen-koiran-herkku-naudan-keuhko-150g\/#primaryimage"},"image":{"@id":"https:\/\/miumjau.ee\/fi\/tuote\/sana-luonnollinen-koiran-herkku-naudan-keuhko-150g\/#primaryimage"},"thumbnailUrl":"https:\/\/miumjau.ee\/wp-content\/uploads\/2025\/03\/veise-kops-sana1.jpg","datePublished":"2025-03-20T12:45:44+00:00","dateModified":"2026-01-07T20:40:34+00:00","breadcrumb":{"@id":"https:\/\/miumjau.ee\/fi\/tuote\/sana-luonnollinen-koiran-herkku-naudan-keuhko-150g\/#breadcrumb"},"inLanguage":"fi","potentialAction":[{"@type":"ReadAction","target":["https:\/\/miumjau.ee\/fi\/tuote\/sana-luonnollinen-koiran-herkku-naudan-keuhko-150g\/"]}]},{"@type":"ImageObject","inLanguage":"fi","@id":"https:\/\/miumjau.ee\/fi\/tuote\/sana-luonnollinen-koiran-herkku-naudan-keuhko-150g\/#primaryimage","url":"https:\/\/miumjau.ee\/wp-content\/uploads\/2025\/03\/veise-kops-sana1.jpg","contentUrl":"https:\/\/miumjau.ee\/wp-content\/uploads\/2025\/03\/veise-kops-sana1.jpg","width":600,"height":800,"caption":"Sana naturaalsed maiused koertele"},{"@type":"BreadcrumbList","@id":"https:\/\/miumjau.ee\/fi\/tuote\/sana-luonnollinen-koiran-herkku-naudan-keuhko-150g\/#breadcrumb","itemListElement":[{"@type":"ListItem","position":1,"name":"Home","item":"https:\/\/miumjau.ee\/fi\/"},{"@type":"ListItem","position":2,"name":"Kauppa","item":"https:\/\/miumjau.ee\/fi\/kauppa\/"},{"@type":"ListItem","position":3,"name":"Sana Luonnollinen Koiran Herkku, Naudan Keuhko 150g"}]},{"@type":"WebSite","@id":"https:\/\/miumjau.ee\/#website","url":"https:\/\/miumjau.ee\/","name":"MiuMjau","description":"Kraapimispuud kassidele","publisher":{"@id":"https:\/\/miumjau.ee\/#organization"},"potentialAction":[{"@type":"SearchAction","target":{"@type":"EntryPoint","urlTemplate":"https:\/\/miumjau.ee\/?s={search_term_string}"},"query-input":{"@type":"PropertyValueSpecification","valueRequired":true,"valueName":"search_term_string"}}],"inLanguage":"fi"},{"@type":"Organization","@id":"https:\/\/miumjau.ee\/#organization","name":"MiuMjau O\u00dc","url":"https:\/\/miumjau.ee\/","logo":{"@type":"ImageObject","inLanguage":"fi","@id":"https:\/\/miumjau.ee\/#\/schema\/logo\/image\/","url":"https:\/\/miumjau.ee\/wp-content\/uploads\/2022\/04\/MiuMjau-logo-kollane.png","contentUrl":"https:\/\/miumjau.ee\/wp-content\/uploads\/2022\/04\/MiuMjau-logo-kollane.png","width":219,"height":100,"caption":"MiuMjau O\u00dc"},"image":{"@id":"https:\/\/miumjau.ee\/#\/schema\/logo\/image\/"},"sameAs":["https:\/\/www.facebook.com\/miumjaupood\/"]}]}},"_links":{"self":[{"href":"https:\/\/miumjau.ee\/fi\/wp-json\/wp\/v2\/product\/51760","targetHints":{"allow":["GET"]}}],"collection":[{"href":"https:\/\/miumjau.ee\/fi\/wp-json\/wp\/v2\/product"}],"about":[{"href":"https:\/\/miumjau.ee\/fi\/wp-json\/wp\/v2\/types\/product"}],"wp:featuredmedia":[{"embeddable":true,"href":"https:\/\/miumjau.ee\/fi\/wp-json\/wp\/v2\/media\/29770"}],"wp:attachment":[{"href":"https:\/\/miumjau.ee\/fi\/wp-json\/wp\/v2\/media?parent=51760"}],"wp:term":[{"taxonomy":"product_brand","embeddable":true,"href":"https:\/\/miumjau.ee\/fi\/wp-json\/wp\/v2\/product_brand?post=51760"},{"taxonomy":"product_cat","embeddable":true,"href":"https:\/\/miumjau.ee\/fi\/wp-json\/wp\/v2\/product_cat?post=51760"},{"taxonomy":"product_tag","embeddable":true,"href":"https:\/\/miumjau.ee\/fi\/wp-json\/wp\/v2\/product_tag?post=51760"}],"curies":[{"name":"wp","href":"https:\/\/api.w.org\/{rel}","templated":true}]}}