{"id":51738,"date":"2025-03-25T11:18:31","date_gmt":"2025-03-25T09:18:31","guid":{"rendered":"https:\/\/miumjau.ee\/toode\/punottu-haran-penis-25cm-monster-1-kpl\/"},"modified":"2026-01-07T22:40:34","modified_gmt":"2026-01-07T20:40:34","slug":"punottu-haran-penis-25cm-monster-1-kpl","status":"publish","type":"product","link":"https:\/\/miumjau.ee\/fi\/tuote\/punottu-haran-penis-25cm-monster-1-kpl\/","title":{"rendered":"Punottu H\u00e4r\u00e4n Penis 25cm (Monster) 1 kpl"},"content":{"rendered":"","protected":false},"excerpt":{"rendered":"<p data-start=\"1725\" data-end=\"2108\">H\u00e4r\u00e4n penis on maailman vanhin ja suosituin koiran puruluu. Erityiset purukalumme tarjoavat jokaiselle koiralle terveellisen ja pitk\u00e4kestoisen puruel\u00e4myksen. Niiden korkea proteiinipitoisuus ja kollageeni tekev\u00e4t niist\u00e4 erityisen hy\u00f6dyllisen herkun. Punotut herkut ovat viel\u00e4kin erikoisempia \u2013 punoksen v\u00e4liin j\u00e4\u00e4v\u00e4t raot edist\u00e4v\u00e4t perusteellista ja intensiivist\u00e4 hammashoitamista.<\/p>\n<p data-start=\"2110\" data-end=\"2205\">Huomaa, t\u00e4m\u00e4 on vahvin ja paksuin purupalamme koirille. Ihanteellinen my\u00f6s suurille roduille!<\/p>\n<p data-start=\"2207\" data-end=\"2529\"><strong data-start=\"2207\" data-end=\"2260\">Miksi valita SANADOG h\u00e4r\u00e4n penis koiran herkkuna?<\/strong><br data-start=\"2260\" data-end=\"2263\" \/>\ud83d\udd39 Ei lis\u00e4aineita \u2013 puhdas ja luonnollinen<br data-start=\"2305\" data-end=\"2308\" \/>\ud83d\udd39 Hell\u00e4varaisesti ilmakuivattu, ilman ep\u00e4miellytt\u00e4v\u00e4\u00e4 hajua<br data-start=\"2368\" data-end=\"2371\" \/>\ud83d\udd39 Korkea proteiinipitoisuus ja runsas kollageeni<br data-start=\"2420\" data-end=\"2423\" \/>\ud83d\udd39 Auttaa puhdistamaan hampaita ja vahvistaa purulihaksia<br data-start=\"2480\" data-end=\"2483\" \/>\ud83d\udd39 100 % j\u00e4ljitett\u00e4v\u00e4 paikallinen raaka-aine<\/p>\n<p data-start=\"2531\" data-end=\"2708\">Halvempia h\u00e4r\u00e4n h\u00e4nti\u00e4 usein tuodaan Aasiasta, joissa ne kuivataan hitaasti auringossa ja sterilisoidaan nopeasti. T\u00e4m\u00e4 aiheuttaa k\u00e4ymist\u00e4 ja voimakasta ep\u00e4miellytt\u00e4v\u00e4\u00e4 hajua.<\/p>\n<p data-start=\"2710\" data-end=\"3163\">Herkkumme ovat t\u00e4ysin erilaisia! Ne ilmakuivataan erityisell\u00e4 tavalla omassa tuotannossamme, s\u00e4ilytt\u00e4en vain kevyen ja luonnollisen \u201cmaatilan tuoksun.\u201d Ilmakuivausteknologiamme on moderni tulkinta vuosisatoja vanhoista lihan s\u00e4ilytysmenetelmist\u00e4. Huolellisesti valitut raaka-aineet ovat paikallisia ja 100 % j\u00e4ljitett\u00e4vi\u00e4. Hell\u00e4varainen tuotantoprosessimme s\u00e4ilytt\u00e4\u00e4 t\u00e4rke\u00e4t ravintoaineet, auttaen koiraasi pysym\u00e4\u00e4n terveen\u00e4 ja elinvoimaisena pitk\u00e4\u00e4n.<\/p>\n<p data-start=\"3165\" data-end=\"3269\">Herkkupalat pakataan l\u00e4pin\u00e4kyv\u00e4\u00e4n uudelleen suljettavaan pussiin ostettujen kappaleiden m\u00e4\u00e4r\u00e4n mukaan.<\/p>\n","protected":false},"featured_media":30527,"template":"","meta":[],"product_brand":[],"product_cat":[480],"product_tag":[],"class_list":{"0":"post-51738","1":"product","2":"type-product","3":"status-publish","4":"has-post-thumbnail","6":"product_cat-herkut-koirille","8":"first","9":"instock","10":"taxable","11":"shipping-taxable","12":"purchasable","13":"product-type-simple"},"yoast_head":"<!-- This site is optimized with the Yoast SEO plugin v27.2 - https:\/\/yoast.com\/product\/yoast-seo-wordpress\/ -->\n<title>Punottu H\u00e4r\u00e4n Penis 25cm (Monster) 1 kpl - MiuMjau<\/title>\n<meta name=\"robots\" content=\"index, follow, max-snippet:-1, max-image-preview:large, max-video-preview:-1\" \/>\n<link rel=\"canonical\" href=\"https:\/\/miumjau.ee\/fi\/tuote\/punottu-haran-penis-25cm-monster-1-kpl\/\" \/>\n<meta property=\"og:locale\" content=\"fi_FI\" \/>\n<meta property=\"og:type\" content=\"article\" \/>\n<meta property=\"og:title\" content=\"Punottu H\u00e4r\u00e4n Penis 25cm (Monster) 1 kpl - MiuMjau\" \/>\n<meta property=\"og:description\" content=\"H\u00e4r\u00e4n penis on maailman vanhin ja suosituin koiran puruluu. Erityiset purukalumme tarjoavat jokaiselle koiralle terveellisen ja pitk\u00e4kestoisen puruel\u00e4myksen. Niiden korkea proteiinipitoisuus ja kollageeni tekev\u00e4t niist\u00e4 erityisen hy\u00f6dyllisen herkun. Punotut herkut ovat viel\u00e4kin erikoisempia \u2013 punoksen v\u00e4liin j\u00e4\u00e4v\u00e4t raot edist\u00e4v\u00e4t perusteellista ja intensiivist\u00e4 hammashoitamista. Huomaa, t\u00e4m\u00e4 on vahvin ja paksuin purupalamme koirille. Ihanteellinen my\u00f6s suurille roduille! Miksi valita SANADOG h\u00e4r\u00e4n penis koiran herkkuna?\ud83d\udd39 Ei lis\u00e4aineita \u2013 puhdas ja luonnollinen\ud83d\udd39 Hell\u00e4varaisesti ilmakuivattu, ilman ep\u00e4miellytt\u00e4v\u00e4\u00e4 hajua\ud83d\udd39 Korkea proteiinipitoisuus ja runsas kollageeni\ud83d\udd39 Auttaa puhdistamaan hampaita ja vahvistaa purulihaksia\ud83d\udd39 100 % j\u00e4ljitett\u00e4v\u00e4 paikallinen raaka-aine Halvempia h\u00e4r\u00e4n h\u00e4nti\u00e4 usein tuodaan Aasiasta, joissa ne kuivataan hitaasti auringossa ja sterilisoidaan nopeasti. T\u00e4m\u00e4 aiheuttaa k\u00e4ymist\u00e4 ja voimakasta ep\u00e4miellytt\u00e4v\u00e4\u00e4 hajua. Herkkumme ovat t\u00e4ysin erilaisia! Ne ilmakuivataan erityisell\u00e4 tavalla omassa tuotannossamme, s\u00e4ilytt\u00e4en vain kevyen ja luonnollisen \u201cmaatilan tuoksun.\u201d Ilmakuivausteknologiamme on moderni tulkinta vuosisatoja vanhoista lihan s\u00e4ilytysmenetelmist\u00e4. Huolellisesti valitut raaka-aineet ovat paikallisia ja 100 % j\u00e4ljitett\u00e4vi\u00e4. Hell\u00e4varainen tuotantoprosessimme s\u00e4ilytt\u00e4\u00e4 t\u00e4rke\u00e4t ravintoaineet, auttaen koiraasi pysym\u00e4\u00e4n terveen\u00e4 ja elinvoimaisena pitk\u00e4\u00e4n. Herkkupalat pakataan l\u00e4pin\u00e4kyv\u00e4\u00e4n uudelleen suljettavaan pussiin ostettujen kappaleiden m\u00e4\u00e4r\u00e4n mukaan.\" \/>\n<meta property=\"og:url\" content=\"https:\/\/miumjau.ee\/fi\/tuote\/punottu-haran-penis-25cm-monster-1-kpl\/\" \/>\n<meta property=\"og:site_name\" content=\"MiuMjau\" \/>\n<meta property=\"article:publisher\" content=\"https:\/\/www.facebook.com\/miumjaupood\/\" \/>\n<meta property=\"article:modified_time\" content=\"2026-01-07T20:40:34+00:00\" \/>\n<meta property=\"og:image\" content=\"https:\/\/miumjau.ee\/wp-content\/uploads\/2025\/03\/punutud-pullipeenis-25cm-monster2-Photoroom.webp\" \/>\n\t<meta property=\"og:image:width\" content=\"600\" \/>\n\t<meta property=\"og:image:height\" content=\"800\" \/>\n\t<meta property=\"og:image:type\" content=\"image\/webp\" \/>\n<meta name=\"twitter:card\" content=\"summary_large_image\" \/>\n<script type=\"application\/ld+json\" class=\"yoast-schema-graph\">{\"@context\":\"https:\/\/schema.org\",\"@graph\":[{\"@type\":\"WebPage\",\"@id\":\"https:\/\/miumjau.ee\/fi\/tuote\/punottu-haran-penis-25cm-monster-1-kpl\/\",\"url\":\"https:\/\/miumjau.ee\/fi\/tuote\/punottu-haran-penis-25cm-monster-1-kpl\/\",\"name\":\"Punottu H\u00e4r\u00e4n Penis 25cm (Monster) 1 kpl - MiuMjau\",\"isPartOf\":{\"@id\":\"https:\/\/miumjau.ee\/#website\"},\"primaryImageOfPage\":{\"@id\":\"https:\/\/miumjau.ee\/fi\/tuote\/punottu-haran-penis-25cm-monster-1-kpl\/#primaryimage\"},\"image\":{\"@id\":\"https:\/\/miumjau.ee\/fi\/tuote\/punottu-haran-penis-25cm-monster-1-kpl\/#primaryimage\"},\"thumbnailUrl\":\"https:\/\/miumjau.ee\/wp-content\/uploads\/2025\/03\/punutud-pullipeenis-25cm-monster2-Photoroom.webp\",\"datePublished\":\"2025-03-25T09:18:31+00:00\",\"dateModified\":\"2026-01-07T20:40:34+00:00\",\"breadcrumb\":{\"@id\":\"https:\/\/miumjau.ee\/fi\/tuote\/punottu-haran-penis-25cm-monster-1-kpl\/#breadcrumb\"},\"inLanguage\":\"fi\",\"potentialAction\":[{\"@type\":\"ReadAction\",\"target\":[\"https:\/\/miumjau.ee\/fi\/tuote\/punottu-haran-penis-25cm-monster-1-kpl\/\"]}]},{\"@type\":\"ImageObject\",\"inLanguage\":\"fi\",\"@id\":\"https:\/\/miumjau.ee\/fi\/tuote\/punottu-haran-penis-25cm-monster-1-kpl\/#primaryimage\",\"url\":\"https:\/\/miumjau.ee\/wp-content\/uploads\/2025\/03\/punutud-pullipeenis-25cm-monster2-Photoroom.webp\",\"contentUrl\":\"https:\/\/miumjau.ee\/wp-content\/uploads\/2025\/03\/punutud-pullipeenis-25cm-monster2-Photoroom.webp\",\"width\":600,\"height\":800,\"caption\":\"Pullipeenis Sana naturaalsed maiused koertele\"},{\"@type\":\"BreadcrumbList\",\"@id\":\"https:\/\/miumjau.ee\/fi\/tuote\/punottu-haran-penis-25cm-monster-1-kpl\/#breadcrumb\",\"itemListElement\":[{\"@type\":\"ListItem\",\"position\":1,\"name\":\"Home\",\"item\":\"https:\/\/miumjau.ee\/fi\/\"},{\"@type\":\"ListItem\",\"position\":2,\"name\":\"Kauppa\",\"item\":\"https:\/\/miumjau.ee\/fi\/kauppa\/\"},{\"@type\":\"ListItem\",\"position\":3,\"name\":\"Punottu H\u00e4r\u00e4n Penis 25cm (Monster) 1 kpl\"}]},{\"@type\":\"WebSite\",\"@id\":\"https:\/\/miumjau.ee\/#website\",\"url\":\"https:\/\/miumjau.ee\/\",\"name\":\"MiuMjau\",\"description\":\"Kraapimispuud kassidele\",\"publisher\":{\"@id\":\"https:\/\/miumjau.ee\/#organization\"},\"potentialAction\":[{\"@type\":\"SearchAction\",\"target\":{\"@type\":\"EntryPoint\",\"urlTemplate\":\"https:\/\/miumjau.ee\/?s={search_term_string}\"},\"query-input\":{\"@type\":\"PropertyValueSpecification\",\"valueRequired\":true,\"valueName\":\"search_term_string\"}}],\"inLanguage\":\"fi\"},{\"@type\":\"Organization\",\"@id\":\"https:\/\/miumjau.ee\/#organization\",\"name\":\"MiuMjau O\u00dc\",\"url\":\"https:\/\/miumjau.ee\/\",\"logo\":{\"@type\":\"ImageObject\",\"inLanguage\":\"fi\",\"@id\":\"https:\/\/miumjau.ee\/#\/schema\/logo\/image\/\",\"url\":\"https:\/\/miumjau.ee\/wp-content\/uploads\/2022\/04\/MiuMjau-logo-kollane.png\",\"contentUrl\":\"https:\/\/miumjau.ee\/wp-content\/uploads\/2022\/04\/MiuMjau-logo-kollane.png\",\"width\":219,\"height\":100,\"caption\":\"MiuMjau O\u00dc\"},\"image\":{\"@id\":\"https:\/\/miumjau.ee\/#\/schema\/logo\/image\/\"},\"sameAs\":[\"https:\/\/www.facebook.com\/miumjaupood\/\"]}]}<\/script>\n<!-- \/ Yoast SEO plugin. -->","yoast_head_json":{"title":"Punottu H\u00e4r\u00e4n Penis 25cm (Monster) 1 kpl - MiuMjau","robots":{"index":"index","follow":"follow","max-snippet":"max-snippet:-1","max-image-preview":"max-image-preview:large","max-video-preview":"max-video-preview:-1"},"canonical":"https:\/\/miumjau.ee\/fi\/tuote\/punottu-haran-penis-25cm-monster-1-kpl\/","og_locale":"fi_FI","og_type":"article","og_title":"Punottu H\u00e4r\u00e4n Penis 25cm (Monster) 1 kpl - MiuMjau","og_description":"H\u00e4r\u00e4n penis on maailman vanhin ja suosituin koiran puruluu. Erityiset purukalumme tarjoavat jokaiselle koiralle terveellisen ja pitk\u00e4kestoisen puruel\u00e4myksen. Niiden korkea proteiinipitoisuus ja kollageeni tekev\u00e4t niist\u00e4 erityisen hy\u00f6dyllisen herkun. Punotut herkut ovat viel\u00e4kin erikoisempia \u2013 punoksen v\u00e4liin j\u00e4\u00e4v\u00e4t raot edist\u00e4v\u00e4t perusteellista ja intensiivist\u00e4 hammashoitamista. Huomaa, t\u00e4m\u00e4 on vahvin ja paksuin purupalamme koirille. Ihanteellinen my\u00f6s suurille roduille! Miksi valita SANADOG h\u00e4r\u00e4n penis koiran herkkuna?\ud83d\udd39 Ei lis\u00e4aineita \u2013 puhdas ja luonnollinen\ud83d\udd39 Hell\u00e4varaisesti ilmakuivattu, ilman ep\u00e4miellytt\u00e4v\u00e4\u00e4 hajua\ud83d\udd39 Korkea proteiinipitoisuus ja runsas kollageeni\ud83d\udd39 Auttaa puhdistamaan hampaita ja vahvistaa purulihaksia\ud83d\udd39 100 % j\u00e4ljitett\u00e4v\u00e4 paikallinen raaka-aine Halvempia h\u00e4r\u00e4n h\u00e4nti\u00e4 usein tuodaan Aasiasta, joissa ne kuivataan hitaasti auringossa ja sterilisoidaan nopeasti. T\u00e4m\u00e4 aiheuttaa k\u00e4ymist\u00e4 ja voimakasta ep\u00e4miellytt\u00e4v\u00e4\u00e4 hajua. Herkkumme ovat t\u00e4ysin erilaisia! Ne ilmakuivataan erityisell\u00e4 tavalla omassa tuotannossamme, s\u00e4ilytt\u00e4en vain kevyen ja luonnollisen \u201cmaatilan tuoksun.\u201d Ilmakuivausteknologiamme on moderni tulkinta vuosisatoja vanhoista lihan s\u00e4ilytysmenetelmist\u00e4. Huolellisesti valitut raaka-aineet ovat paikallisia ja 100 % j\u00e4ljitett\u00e4vi\u00e4. Hell\u00e4varainen tuotantoprosessimme s\u00e4ilytt\u00e4\u00e4 t\u00e4rke\u00e4t ravintoaineet, auttaen koiraasi pysym\u00e4\u00e4n terveen\u00e4 ja elinvoimaisena pitk\u00e4\u00e4n. Herkkupalat pakataan l\u00e4pin\u00e4kyv\u00e4\u00e4n uudelleen suljettavaan pussiin ostettujen kappaleiden m\u00e4\u00e4r\u00e4n mukaan.","og_url":"https:\/\/miumjau.ee\/fi\/tuote\/punottu-haran-penis-25cm-monster-1-kpl\/","og_site_name":"MiuMjau","article_publisher":"https:\/\/www.facebook.com\/miumjaupood\/","article_modified_time":"2026-01-07T20:40:34+00:00","og_image":[{"width":600,"height":800,"url":"https:\/\/miumjau.ee\/wp-content\/uploads\/2025\/03\/punutud-pullipeenis-25cm-monster2-Photoroom.webp","type":"image\/webp"}],"twitter_card":"summary_large_image","schema":{"@context":"https:\/\/schema.org","@graph":[{"@type":"WebPage","@id":"https:\/\/miumjau.ee\/fi\/tuote\/punottu-haran-penis-25cm-monster-1-kpl\/","url":"https:\/\/miumjau.ee\/fi\/tuote\/punottu-haran-penis-25cm-monster-1-kpl\/","name":"Punottu H\u00e4r\u00e4n Penis 25cm (Monster) 1 kpl - MiuMjau","isPartOf":{"@id":"https:\/\/miumjau.ee\/#website"},"primaryImageOfPage":{"@id":"https:\/\/miumjau.ee\/fi\/tuote\/punottu-haran-penis-25cm-monster-1-kpl\/#primaryimage"},"image":{"@id":"https:\/\/miumjau.ee\/fi\/tuote\/punottu-haran-penis-25cm-monster-1-kpl\/#primaryimage"},"thumbnailUrl":"https:\/\/miumjau.ee\/wp-content\/uploads\/2025\/03\/punutud-pullipeenis-25cm-monster2-Photoroom.webp","datePublished":"2025-03-25T09:18:31+00:00","dateModified":"2026-01-07T20:40:34+00:00","breadcrumb":{"@id":"https:\/\/miumjau.ee\/fi\/tuote\/punottu-haran-penis-25cm-monster-1-kpl\/#breadcrumb"},"inLanguage":"fi","potentialAction":[{"@type":"ReadAction","target":["https:\/\/miumjau.ee\/fi\/tuote\/punottu-haran-penis-25cm-monster-1-kpl\/"]}]},{"@type":"ImageObject","inLanguage":"fi","@id":"https:\/\/miumjau.ee\/fi\/tuote\/punottu-haran-penis-25cm-monster-1-kpl\/#primaryimage","url":"https:\/\/miumjau.ee\/wp-content\/uploads\/2025\/03\/punutud-pullipeenis-25cm-monster2-Photoroom.webp","contentUrl":"https:\/\/miumjau.ee\/wp-content\/uploads\/2025\/03\/punutud-pullipeenis-25cm-monster2-Photoroom.webp","width":600,"height":800,"caption":"Pullipeenis Sana naturaalsed maiused koertele"},{"@type":"BreadcrumbList","@id":"https:\/\/miumjau.ee\/fi\/tuote\/punottu-haran-penis-25cm-monster-1-kpl\/#breadcrumb","itemListElement":[{"@type":"ListItem","position":1,"name":"Home","item":"https:\/\/miumjau.ee\/fi\/"},{"@type":"ListItem","position":2,"name":"Kauppa","item":"https:\/\/miumjau.ee\/fi\/kauppa\/"},{"@type":"ListItem","position":3,"name":"Punottu H\u00e4r\u00e4n Penis 25cm (Monster) 1 kpl"}]},{"@type":"WebSite","@id":"https:\/\/miumjau.ee\/#website","url":"https:\/\/miumjau.ee\/","name":"MiuMjau","description":"Kraapimispuud kassidele","publisher":{"@id":"https:\/\/miumjau.ee\/#organization"},"potentialAction":[{"@type":"SearchAction","target":{"@type":"EntryPoint","urlTemplate":"https:\/\/miumjau.ee\/?s={search_term_string}"},"query-input":{"@type":"PropertyValueSpecification","valueRequired":true,"valueName":"search_term_string"}}],"inLanguage":"fi"},{"@type":"Organization","@id":"https:\/\/miumjau.ee\/#organization","name":"MiuMjau O\u00dc","url":"https:\/\/miumjau.ee\/","logo":{"@type":"ImageObject","inLanguage":"fi","@id":"https:\/\/miumjau.ee\/#\/schema\/logo\/image\/","url":"https:\/\/miumjau.ee\/wp-content\/uploads\/2022\/04\/MiuMjau-logo-kollane.png","contentUrl":"https:\/\/miumjau.ee\/wp-content\/uploads\/2022\/04\/MiuMjau-logo-kollane.png","width":219,"height":100,"caption":"MiuMjau O\u00dc"},"image":{"@id":"https:\/\/miumjau.ee\/#\/schema\/logo\/image\/"},"sameAs":["https:\/\/www.facebook.com\/miumjaupood\/"]}]}},"_links":{"self":[{"href":"https:\/\/miumjau.ee\/fi\/wp-json\/wp\/v2\/product\/51738","targetHints":{"allow":["GET"]}}],"collection":[{"href":"https:\/\/miumjau.ee\/fi\/wp-json\/wp\/v2\/product"}],"about":[{"href":"https:\/\/miumjau.ee\/fi\/wp-json\/wp\/v2\/types\/product"}],"wp:featuredmedia":[{"embeddable":true,"href":"https:\/\/miumjau.ee\/fi\/wp-json\/wp\/v2\/media\/30527"}],"wp:attachment":[{"href":"https:\/\/miumjau.ee\/fi\/wp-json\/wp\/v2\/media?parent=51738"}],"wp:term":[{"taxonomy":"product_brand","embeddable":true,"href":"https:\/\/miumjau.ee\/fi\/wp-json\/wp\/v2\/product_brand?post=51738"},{"taxonomy":"product_cat","embeddable":true,"href":"https:\/\/miumjau.ee\/fi\/wp-json\/wp\/v2\/product_cat?post=51738"},{"taxonomy":"product_tag","embeddable":true,"href":"https:\/\/miumjau.ee\/fi\/wp-json\/wp\/v2\/product_tag?post=51738"}],"curies":[{"name":"wp","href":"https:\/\/api.w.org\/{rel}","templated":true}]}}