{"id":51699,"date":"2025-03-25T11:18:41","date_gmt":"2025-03-25T09:18:41","guid":{"rendered":"https:\/\/miumjau.ee\/toode\/kuivattu-kana-rintafilee-sana-1kg\/"},"modified":"2026-01-07T22:40:34","modified_gmt":"2026-01-07T20:40:34","slug":"kuivattu-kana-rintafilee-sana-1kg","status":"publish","type":"product","link":"https:\/\/miumjau.ee\/fi\/tuote\/kuivattu-kana-rintafilee-sana-1kg\/","title":{"rendered":"Kuivattu Kana Rintafilee Sana, 1kg"},"content":{"rendered":"","protected":false},"excerpt":{"rendered":"<p data-start=\"1635\" data-end=\"1760\">Kana rintafileet myyd\u00e4\u00e4n painon mukaan ja toimitetaan l\u00e4pin\u00e4kyv\u00e4ss\u00e4 uudelleen suljettavassa pussissa halutun m\u00e4\u00e4r\u00e4n mukaan.<\/p>\n<p data-start=\"1762\" data-end=\"2192\">Maukas kuivattu kanarintafilee on todellinen herkku luonnollisten puruluiden joukossa. Kanarintafile on v\u00e4h\u00e4rasvainen ja proteiinipitoinen liha, joka on helposti sulavaa, tehden siit\u00e4 erinomaisen valinnan sek\u00e4 pennuille ett\u00e4 vanhemmille koirille. Se sis\u00e4lt\u00e4\u00e4 t\u00e4rkeit\u00e4 B-vitamiineja ja tyydyttym\u00e4tt\u00f6mi\u00e4 rasvahappoja, jotka tukevat ihon ja turkin terveytt\u00e4. Magnesiumilla ja kaliumilla on t\u00e4rke\u00e4 rooli aineenvaihduntaprosesseissa.<\/p>\n<p data-start=\"2194\" data-end=\"2660\">Kanarin rintafileet valmistetaan omassa tuotannossamme ilman lis\u00e4aineita \u2013 ei maissia, vehn\u00e4\u00e4, soijaa, v\u00e4riaineita, s\u00e4il\u00f6nt\u00e4aineita, lihajauhoja tai t\u00e4yteaineita. Ne kuivataan hell\u00e4varaisesti ilmassa, jotta niiden luonnolliset ravintoaineet s\u00e4ilyv\u00e4t. Huolellisesti valitut kanarintafileet ovat paikallisia ja 100 % j\u00e4ljitett\u00e4vi\u00e4. Hell\u00e4varainen tuotantoprosessimme s\u00e4ilytt\u00e4\u00e4 kanan t\u00e4rke\u00e4t ravintoaineet, auttaen koiraasi pysym\u00e4\u00e4n terveen\u00e4 ja elinvoimaisena pitk\u00e4\u00e4n.<\/p>\n<p data-start=\"2662\" data-end=\"2742\"><strong data-start=\"2662\" data-end=\"2676\">Ainesosat:<\/strong> 100 % kananrintafilee. Yhden ainesosan t\u00e4ydennysruoka koirille.<\/p>\n<p data-start=\"2744\" data-end=\"2860\"><strong data-start=\"2744\" data-end=\"2771\">Analyyttinen koostumus:<\/strong> Proteiini \u2013 70 %, Raakarasva \u2013 3,7 %, Kosteus \u2013 12 %, Raakatuha \u2013 2,2 %, Kuitu \u2013 3,3 %<\/p>\n<p data-start=\"2862\" data-end=\"3073\"><strong data-start=\"2862\" data-end=\"2883\">Ruokintasuositus:<\/strong> Anna palkkiona tai v\u00e4lipalana aterioiden v\u00e4lill\u00e4. Tarvittaessa v\u00e4henn\u00e4 p\u00e4\u00e4ruoan m\u00e4\u00e4r\u00e4\u00e4. Varmista, ett\u00e4 lemmikill\u00e4si on aina raikasta vett\u00e4. Ei sovellu alle 3 kuukauden ik\u00e4isille koirille.<\/p>\n<p data-start=\"3075\" data-end=\"3130\"><strong data-start=\"3075\" data-end=\"3088\">S\u00e4ilytys:<\/strong> S\u00e4ilyt\u00e4 viile\u00e4ss\u00e4 ja kuivassa paikassa.<\/p>\n","protected":false},"featured_media":30499,"template":"","meta":[],"product_brand":[],"product_cat":[480],"product_tag":[],"class_list":{"0":"post-51699","1":"product","2":"type-product","3":"status-publish","4":"has-post-thumbnail","6":"product_cat-herkut-koirille","8":"first","9":"instock","10":"taxable","11":"shipping-taxable","12":"purchasable","13":"product-type-simple"},"yoast_head":"<!-- This site is optimized with the Yoast SEO plugin v27.2 - https:\/\/yoast.com\/product\/yoast-seo-wordpress\/ -->\n<title>Kuivattu Kana Rintafilee Sana, 1kg - MiuMjau<\/title>\n<meta name=\"robots\" content=\"index, follow, max-snippet:-1, max-image-preview:large, max-video-preview:-1\" \/>\n<link rel=\"canonical\" href=\"https:\/\/miumjau.ee\/fi\/tuote\/kuivattu-kana-rintafilee-sana-1kg\/\" \/>\n<meta property=\"og:locale\" content=\"fi_FI\" \/>\n<meta property=\"og:type\" content=\"article\" \/>\n<meta property=\"og:title\" content=\"Kuivattu Kana Rintafilee Sana, 1kg - MiuMjau\" \/>\n<meta property=\"og:description\" content=\"Kana rintafileet myyd\u00e4\u00e4n painon mukaan ja toimitetaan l\u00e4pin\u00e4kyv\u00e4ss\u00e4 uudelleen suljettavassa pussissa halutun m\u00e4\u00e4r\u00e4n mukaan. Maukas kuivattu kanarintafilee on todellinen herkku luonnollisten puruluiden joukossa. Kanarintafile on v\u00e4h\u00e4rasvainen ja proteiinipitoinen liha, joka on helposti sulavaa, tehden siit\u00e4 erinomaisen valinnan sek\u00e4 pennuille ett\u00e4 vanhemmille koirille. Se sis\u00e4lt\u00e4\u00e4 t\u00e4rkeit\u00e4 B-vitamiineja ja tyydyttym\u00e4tt\u00f6mi\u00e4 rasvahappoja, jotka tukevat ihon ja turkin terveytt\u00e4. Magnesiumilla ja kaliumilla on t\u00e4rke\u00e4 rooli aineenvaihduntaprosesseissa. Kanarin rintafileet valmistetaan omassa tuotannossamme ilman lis\u00e4aineita \u2013 ei maissia, vehn\u00e4\u00e4, soijaa, v\u00e4riaineita, s\u00e4il\u00f6nt\u00e4aineita, lihajauhoja tai t\u00e4yteaineita. Ne kuivataan hell\u00e4varaisesti ilmassa, jotta niiden luonnolliset ravintoaineet s\u00e4ilyv\u00e4t. Huolellisesti valitut kanarintafileet ovat paikallisia ja 100 % j\u00e4ljitett\u00e4vi\u00e4. Hell\u00e4varainen tuotantoprosessimme s\u00e4ilytt\u00e4\u00e4 kanan t\u00e4rke\u00e4t ravintoaineet, auttaen koiraasi pysym\u00e4\u00e4n terveen\u00e4 ja elinvoimaisena pitk\u00e4\u00e4n. Ainesosat: 100 % kananrintafilee. Yhden ainesosan t\u00e4ydennysruoka koirille. Analyyttinen koostumus: Proteiini \u2013 70 %, Raakarasva \u2013 3,7 %, Kosteus \u2013 12 %, Raakatuha \u2013 2,2 %, Kuitu \u2013 3,3 % Ruokintasuositus: Anna palkkiona tai v\u00e4lipalana aterioiden v\u00e4lill\u00e4. Tarvittaessa v\u00e4henn\u00e4 p\u00e4\u00e4ruoan m\u00e4\u00e4r\u00e4\u00e4. Varmista, ett\u00e4 lemmikill\u00e4si on aina raikasta vett\u00e4. Ei sovellu alle 3 kuukauden ik\u00e4isille koirille. S\u00e4ilytys: S\u00e4ilyt\u00e4 viile\u00e4ss\u00e4 ja kuivassa paikassa.\" \/>\n<meta property=\"og:url\" content=\"https:\/\/miumjau.ee\/fi\/tuote\/kuivattu-kana-rintafilee-sana-1kg\/\" \/>\n<meta property=\"og:site_name\" content=\"MiuMjau\" \/>\n<meta property=\"article:publisher\" content=\"https:\/\/www.facebook.com\/miumjaupood\/\" \/>\n<meta property=\"article:modified_time\" content=\"2026-01-07T20:40:34+00:00\" \/>\n<meta property=\"og:image\" content=\"https:\/\/miumjau.ee\/wp-content\/uploads\/2025\/03\/kana-rinnafilee-kuivatatud-Photoroom-1.webp\" \/>\n\t<meta property=\"og:image:width\" content=\"600\" \/>\n\t<meta property=\"og:image:height\" content=\"800\" \/>\n\t<meta property=\"og:image:type\" content=\"image\/webp\" \/>\n<meta name=\"twitter:card\" content=\"summary_large_image\" \/>\n<script type=\"application\/ld+json\" class=\"yoast-schema-graph\">{\"@context\":\"https:\/\/schema.org\",\"@graph\":[{\"@type\":\"WebPage\",\"@id\":\"https:\/\/miumjau.ee\/fi\/tuote\/kuivattu-kana-rintafilee-sana-1kg\/\",\"url\":\"https:\/\/miumjau.ee\/fi\/tuote\/kuivattu-kana-rintafilee-sana-1kg\/\",\"name\":\"Kuivattu Kana Rintafilee Sana, 1kg - MiuMjau\",\"isPartOf\":{\"@id\":\"https:\/\/miumjau.ee\/#website\"},\"primaryImageOfPage\":{\"@id\":\"https:\/\/miumjau.ee\/fi\/tuote\/kuivattu-kana-rintafilee-sana-1kg\/#primaryimage\"},\"image\":{\"@id\":\"https:\/\/miumjau.ee\/fi\/tuote\/kuivattu-kana-rintafilee-sana-1kg\/#primaryimage\"},\"thumbnailUrl\":\"https:\/\/miumjau.ee\/wp-content\/uploads\/2025\/03\/kana-rinnafilee-kuivatatud-Photoroom-1.webp\",\"datePublished\":\"2025-03-25T09:18:41+00:00\",\"dateModified\":\"2026-01-07T20:40:34+00:00\",\"breadcrumb\":{\"@id\":\"https:\/\/miumjau.ee\/fi\/tuote\/kuivattu-kana-rintafilee-sana-1kg\/#breadcrumb\"},\"inLanguage\":\"fi\",\"potentialAction\":[{\"@type\":\"ReadAction\",\"target\":[\"https:\/\/miumjau.ee\/fi\/tuote\/kuivattu-kana-rintafilee-sana-1kg\/\"]}]},{\"@type\":\"ImageObject\",\"inLanguage\":\"fi\",\"@id\":\"https:\/\/miumjau.ee\/fi\/tuote\/kuivattu-kana-rintafilee-sana-1kg\/#primaryimage\",\"url\":\"https:\/\/miumjau.ee\/wp-content\/uploads\/2025\/03\/kana-rinnafilee-kuivatatud-Photoroom-1.webp\",\"contentUrl\":\"https:\/\/miumjau.ee\/wp-content\/uploads\/2025\/03\/kana-rinnafilee-kuivatatud-Photoroom-1.webp\",\"width\":600,\"height\":800,\"caption\":\"Kana rinnafilee Sana naturaalne maius\"},{\"@type\":\"BreadcrumbList\",\"@id\":\"https:\/\/miumjau.ee\/fi\/tuote\/kuivattu-kana-rintafilee-sana-1kg\/#breadcrumb\",\"itemListElement\":[{\"@type\":\"ListItem\",\"position\":1,\"name\":\"Home\",\"item\":\"https:\/\/miumjau.ee\/fi\/\"},{\"@type\":\"ListItem\",\"position\":2,\"name\":\"Kauppa\",\"item\":\"https:\/\/miumjau.ee\/fi\/kauppa\/\"},{\"@type\":\"ListItem\",\"position\":3,\"name\":\"Kuivattu Kana Rintafilee Sana, 1kg\"}]},{\"@type\":\"WebSite\",\"@id\":\"https:\/\/miumjau.ee\/#website\",\"url\":\"https:\/\/miumjau.ee\/\",\"name\":\"MiuMjau\",\"description\":\"Kraapimispuud kassidele\",\"publisher\":{\"@id\":\"https:\/\/miumjau.ee\/#organization\"},\"potentialAction\":[{\"@type\":\"SearchAction\",\"target\":{\"@type\":\"EntryPoint\",\"urlTemplate\":\"https:\/\/miumjau.ee\/?s={search_term_string}\"},\"query-input\":{\"@type\":\"PropertyValueSpecification\",\"valueRequired\":true,\"valueName\":\"search_term_string\"}}],\"inLanguage\":\"fi\"},{\"@type\":\"Organization\",\"@id\":\"https:\/\/miumjau.ee\/#organization\",\"name\":\"MiuMjau O\u00dc\",\"url\":\"https:\/\/miumjau.ee\/\",\"logo\":{\"@type\":\"ImageObject\",\"inLanguage\":\"fi\",\"@id\":\"https:\/\/miumjau.ee\/#\/schema\/logo\/image\/\",\"url\":\"https:\/\/miumjau.ee\/wp-content\/uploads\/2022\/04\/MiuMjau-logo-kollane.png\",\"contentUrl\":\"https:\/\/miumjau.ee\/wp-content\/uploads\/2022\/04\/MiuMjau-logo-kollane.png\",\"width\":219,\"height\":100,\"caption\":\"MiuMjau O\u00dc\"},\"image\":{\"@id\":\"https:\/\/miumjau.ee\/#\/schema\/logo\/image\/\"},\"sameAs\":[\"https:\/\/www.facebook.com\/miumjaupood\/\"]}]}<\/script>\n<!-- \/ Yoast SEO plugin. -->","yoast_head_json":{"title":"Kuivattu Kana Rintafilee Sana, 1kg - MiuMjau","robots":{"index":"index","follow":"follow","max-snippet":"max-snippet:-1","max-image-preview":"max-image-preview:large","max-video-preview":"max-video-preview:-1"},"canonical":"https:\/\/miumjau.ee\/fi\/tuote\/kuivattu-kana-rintafilee-sana-1kg\/","og_locale":"fi_FI","og_type":"article","og_title":"Kuivattu Kana Rintafilee Sana, 1kg - MiuMjau","og_description":"Kana rintafileet myyd\u00e4\u00e4n painon mukaan ja toimitetaan l\u00e4pin\u00e4kyv\u00e4ss\u00e4 uudelleen suljettavassa pussissa halutun m\u00e4\u00e4r\u00e4n mukaan. Maukas kuivattu kanarintafilee on todellinen herkku luonnollisten puruluiden joukossa. Kanarintafile on v\u00e4h\u00e4rasvainen ja proteiinipitoinen liha, joka on helposti sulavaa, tehden siit\u00e4 erinomaisen valinnan sek\u00e4 pennuille ett\u00e4 vanhemmille koirille. Se sis\u00e4lt\u00e4\u00e4 t\u00e4rkeit\u00e4 B-vitamiineja ja tyydyttym\u00e4tt\u00f6mi\u00e4 rasvahappoja, jotka tukevat ihon ja turkin terveytt\u00e4. Magnesiumilla ja kaliumilla on t\u00e4rke\u00e4 rooli aineenvaihduntaprosesseissa. Kanarin rintafileet valmistetaan omassa tuotannossamme ilman lis\u00e4aineita \u2013 ei maissia, vehn\u00e4\u00e4, soijaa, v\u00e4riaineita, s\u00e4il\u00f6nt\u00e4aineita, lihajauhoja tai t\u00e4yteaineita. Ne kuivataan hell\u00e4varaisesti ilmassa, jotta niiden luonnolliset ravintoaineet s\u00e4ilyv\u00e4t. Huolellisesti valitut kanarintafileet ovat paikallisia ja 100 % j\u00e4ljitett\u00e4vi\u00e4. Hell\u00e4varainen tuotantoprosessimme s\u00e4ilytt\u00e4\u00e4 kanan t\u00e4rke\u00e4t ravintoaineet, auttaen koiraasi pysym\u00e4\u00e4n terveen\u00e4 ja elinvoimaisena pitk\u00e4\u00e4n. Ainesosat: 100 % kananrintafilee. Yhden ainesosan t\u00e4ydennysruoka koirille. Analyyttinen koostumus: Proteiini \u2013 70 %, Raakarasva \u2013 3,7 %, Kosteus \u2013 12 %, Raakatuha \u2013 2,2 %, Kuitu \u2013 3,3 % Ruokintasuositus: Anna palkkiona tai v\u00e4lipalana aterioiden v\u00e4lill\u00e4. Tarvittaessa v\u00e4henn\u00e4 p\u00e4\u00e4ruoan m\u00e4\u00e4r\u00e4\u00e4. Varmista, ett\u00e4 lemmikill\u00e4si on aina raikasta vett\u00e4. Ei sovellu alle 3 kuukauden ik\u00e4isille koirille. S\u00e4ilytys: S\u00e4ilyt\u00e4 viile\u00e4ss\u00e4 ja kuivassa paikassa.","og_url":"https:\/\/miumjau.ee\/fi\/tuote\/kuivattu-kana-rintafilee-sana-1kg\/","og_site_name":"MiuMjau","article_publisher":"https:\/\/www.facebook.com\/miumjaupood\/","article_modified_time":"2026-01-07T20:40:34+00:00","og_image":[{"width":600,"height":800,"url":"https:\/\/miumjau.ee\/wp-content\/uploads\/2025\/03\/kana-rinnafilee-kuivatatud-Photoroom-1.webp","type":"image\/webp"}],"twitter_card":"summary_large_image","schema":{"@context":"https:\/\/schema.org","@graph":[{"@type":"WebPage","@id":"https:\/\/miumjau.ee\/fi\/tuote\/kuivattu-kana-rintafilee-sana-1kg\/","url":"https:\/\/miumjau.ee\/fi\/tuote\/kuivattu-kana-rintafilee-sana-1kg\/","name":"Kuivattu Kana Rintafilee Sana, 1kg - MiuMjau","isPartOf":{"@id":"https:\/\/miumjau.ee\/#website"},"primaryImageOfPage":{"@id":"https:\/\/miumjau.ee\/fi\/tuote\/kuivattu-kana-rintafilee-sana-1kg\/#primaryimage"},"image":{"@id":"https:\/\/miumjau.ee\/fi\/tuote\/kuivattu-kana-rintafilee-sana-1kg\/#primaryimage"},"thumbnailUrl":"https:\/\/miumjau.ee\/wp-content\/uploads\/2025\/03\/kana-rinnafilee-kuivatatud-Photoroom-1.webp","datePublished":"2025-03-25T09:18:41+00:00","dateModified":"2026-01-07T20:40:34+00:00","breadcrumb":{"@id":"https:\/\/miumjau.ee\/fi\/tuote\/kuivattu-kana-rintafilee-sana-1kg\/#breadcrumb"},"inLanguage":"fi","potentialAction":[{"@type":"ReadAction","target":["https:\/\/miumjau.ee\/fi\/tuote\/kuivattu-kana-rintafilee-sana-1kg\/"]}]},{"@type":"ImageObject","inLanguage":"fi","@id":"https:\/\/miumjau.ee\/fi\/tuote\/kuivattu-kana-rintafilee-sana-1kg\/#primaryimage","url":"https:\/\/miumjau.ee\/wp-content\/uploads\/2025\/03\/kana-rinnafilee-kuivatatud-Photoroom-1.webp","contentUrl":"https:\/\/miumjau.ee\/wp-content\/uploads\/2025\/03\/kana-rinnafilee-kuivatatud-Photoroom-1.webp","width":600,"height":800,"caption":"Kana rinnafilee Sana naturaalne maius"},{"@type":"BreadcrumbList","@id":"https:\/\/miumjau.ee\/fi\/tuote\/kuivattu-kana-rintafilee-sana-1kg\/#breadcrumb","itemListElement":[{"@type":"ListItem","position":1,"name":"Home","item":"https:\/\/miumjau.ee\/fi\/"},{"@type":"ListItem","position":2,"name":"Kauppa","item":"https:\/\/miumjau.ee\/fi\/kauppa\/"},{"@type":"ListItem","position":3,"name":"Kuivattu Kana Rintafilee Sana, 1kg"}]},{"@type":"WebSite","@id":"https:\/\/miumjau.ee\/#website","url":"https:\/\/miumjau.ee\/","name":"MiuMjau","description":"Kraapimispuud kassidele","publisher":{"@id":"https:\/\/miumjau.ee\/#organization"},"potentialAction":[{"@type":"SearchAction","target":{"@type":"EntryPoint","urlTemplate":"https:\/\/miumjau.ee\/?s={search_term_string}"},"query-input":{"@type":"PropertyValueSpecification","valueRequired":true,"valueName":"search_term_string"}}],"inLanguage":"fi"},{"@type":"Organization","@id":"https:\/\/miumjau.ee\/#organization","name":"MiuMjau O\u00dc","url":"https:\/\/miumjau.ee\/","logo":{"@type":"ImageObject","inLanguage":"fi","@id":"https:\/\/miumjau.ee\/#\/schema\/logo\/image\/","url":"https:\/\/miumjau.ee\/wp-content\/uploads\/2022\/04\/MiuMjau-logo-kollane.png","contentUrl":"https:\/\/miumjau.ee\/wp-content\/uploads\/2022\/04\/MiuMjau-logo-kollane.png","width":219,"height":100,"caption":"MiuMjau O\u00dc"},"image":{"@id":"https:\/\/miumjau.ee\/#\/schema\/logo\/image\/"},"sameAs":["https:\/\/www.facebook.com\/miumjaupood\/"]}]}},"_links":{"self":[{"href":"https:\/\/miumjau.ee\/fi\/wp-json\/wp\/v2\/product\/51699","targetHints":{"allow":["GET"]}}],"collection":[{"href":"https:\/\/miumjau.ee\/fi\/wp-json\/wp\/v2\/product"}],"about":[{"href":"https:\/\/miumjau.ee\/fi\/wp-json\/wp\/v2\/types\/product"}],"wp:featuredmedia":[{"embeddable":true,"href":"https:\/\/miumjau.ee\/fi\/wp-json\/wp\/v2\/media\/30499"}],"wp:attachment":[{"href":"https:\/\/miumjau.ee\/fi\/wp-json\/wp\/v2\/media?parent=51699"}],"wp:term":[{"taxonomy":"product_brand","embeddable":true,"href":"https:\/\/miumjau.ee\/fi\/wp-json\/wp\/v2\/product_brand?post=51699"},{"taxonomy":"product_cat","embeddable":true,"href":"https:\/\/miumjau.ee\/fi\/wp-json\/wp\/v2\/product_cat?post=51699"},{"taxonomy":"product_tag","embeddable":true,"href":"https:\/\/miumjau.ee\/fi\/wp-json\/wp\/v2\/product_tag?post=51699"}],"curies":[{"name":"wp","href":"https:\/\/api.w.org\/{rel}","templated":true}]}}