{"id":51667,"date":"2025-04-06T16:19:17","date_gmt":"2025-04-06T13:19:17","guid":{"rendered":"https:\/\/miumjau.ee\/toode\/primal-spirit-iberian-salmon-kylmapuristettu-koiranruoka-1kg\/"},"modified":"2026-01-07T22:40:41","modified_gmt":"2026-01-07T20:40:41","slug":"primal-spirit-iberian-salmon-kylmapuristettu-koiranruoka-1kg","status":"publish","type":"product","link":"https:\/\/miumjau.ee\/fi\/tuote\/primal-spirit-iberian-salmon-kylmapuristettu-koiranruoka-1kg\/","title":{"rendered":"Primal Spirit Iberian Salmon Kylm\u00e4puristettu Koiranruoka 1kg"},"content":{"rendered":"","protected":false},"excerpt":{"rendered":"<p data-start=\"914\" data-end=\"1055\"><strong data-start=\"914\" data-end=\"955\">T\u00c4YDENNYSRAVINTO AIKUISILLE KOIRILLE.<\/strong> Aidon makuinen ja miellytt\u00e4v\u00e4n tuoksuinen. Ruoka, joka ei turpoa koirasi vatsassa, vaan liukenee!<\/p>\n<p data-start=\"1057\" data-end=\"1168\"><strong data-start=\"1057\" data-end=\"1071\">Koostumus:<\/strong> 40 % tuoretta sianlihaa, 30 % tuoretta lohta, riisi, jauhettu punajuuri, panimohiiva, kurkuma.<\/p>\n<p data-start=\"1170\" data-end=\"1345\"><strong data-start=\"1170\" data-end=\"1197\">Analyyttinen koostumus:<\/strong> Raakavalkuainen 28,2 %, raakakuitu 2 %, raakarasva 16,8 %, raakatuha 8,2 %, kosteus 18 %. Metaboloituva energia per 1 kg: 3 537 kcal \u2013 14 801 kJ.<\/p>\n<p data-start=\"1347\" data-end=\"1580\"><strong data-start=\"1347\" data-end=\"1362\">K\u00e4ytt\u00f6ohje:<\/strong> Sopii kaikille koiraroduille. Katso pakkausmerkinn\u00f6ist\u00e4 suositeltu ruokintaohje. Varmista, ett\u00e4 lemmikill\u00e4si on aina raikasta vett\u00e4. S\u00e4ilyt\u00e4 tuote viile\u00e4ss\u00e4 ja kuivassa paikassa, suoralta auringonvalolta suojattuna.<\/p>\n","protected":false},"featured_media":31673,"template":"","meta":[],"product_brand":[],"product_cat":[478],"product_tag":[],"class_list":{"0":"post-51667","1":"product","2":"type-product","3":"status-publish","4":"has-post-thumbnail","6":"product_cat-kuivaruoka-koirille","8":"first","9":"instock","10":"sale","11":"taxable","12":"shipping-taxable","13":"purchasable","14":"product-type-simple"},"yoast_head":"<!-- This site is optimized with the Yoast SEO plugin v27.2 - https:\/\/yoast.com\/product\/yoast-seo-wordpress\/ -->\n<title>Primal Spirit Iberian Salmon Kylm\u00e4puristettu Koiranruoka 1kg - MiuMjau<\/title>\n<meta name=\"robots\" content=\"index, follow, max-snippet:-1, max-image-preview:large, max-video-preview:-1\" \/>\n<link rel=\"canonical\" href=\"https:\/\/miumjau.ee\/fi\/tuote\/primal-spirit-iberian-salmon-kylmapuristettu-koiranruoka-1kg\/\" \/>\n<meta property=\"og:locale\" content=\"fi_FI\" \/>\n<meta property=\"og:type\" content=\"article\" \/>\n<meta property=\"og:title\" content=\"Primal Spirit Iberian Salmon Kylm\u00e4puristettu Koiranruoka 1kg - MiuMjau\" \/>\n<meta property=\"og:description\" content=\"T\u00c4YDENNYSRAVINTO AIKUISILLE KOIRILLE. Aidon makuinen ja miellytt\u00e4v\u00e4n tuoksuinen. Ruoka, joka ei turpoa koirasi vatsassa, vaan liukenee! Koostumus: 40 % tuoretta sianlihaa, 30 % tuoretta lohta, riisi, jauhettu punajuuri, panimohiiva, kurkuma. Analyyttinen koostumus: Raakavalkuainen 28,2 %, raakakuitu 2 %, raakarasva 16,8 %, raakatuha 8,2 %, kosteus 18 %. Metaboloituva energia per 1 kg: 3 537 kcal \u2013 14 801 kJ. K\u00e4ytt\u00f6ohje: Sopii kaikille koiraroduille. Katso pakkausmerkinn\u00f6ist\u00e4 suositeltu ruokintaohje. Varmista, ett\u00e4 lemmikill\u00e4si on aina raikasta vett\u00e4. S\u00e4ilyt\u00e4 tuote viile\u00e4ss\u00e4 ja kuivassa paikassa, suoralta auringonvalolta suojattuna.\" \/>\n<meta property=\"og:url\" content=\"https:\/\/miumjau.ee\/fi\/tuote\/primal-spirit-iberian-salmon-kylmapuristettu-koiranruoka-1kg\/\" \/>\n<meta property=\"og:site_name\" content=\"MiuMjau\" \/>\n<meta property=\"article:publisher\" content=\"https:\/\/www.facebook.com\/miumjaupood\/\" \/>\n<meta property=\"article:modified_time\" content=\"2026-01-07T20:40:41+00:00\" \/>\n<meta property=\"og:image\" content=\"https:\/\/miumjau.ee\/wp-content\/uploads\/2025\/04\/primal-spirit-salmon-koerale1-Photoroom.webp\" \/>\n\t<meta property=\"og:image:width\" content=\"600\" \/>\n\t<meta property=\"og:image:height\" content=\"800\" \/>\n\t<meta property=\"og:image:type\" content=\"image\/webp\" \/>\n<meta name=\"twitter:card\" content=\"summary_large_image\" \/>\n<script type=\"application\/ld+json\" class=\"yoast-schema-graph\">{\"@context\":\"https:\/\/schema.org\",\"@graph\":[{\"@type\":\"WebPage\",\"@id\":\"https:\/\/miumjau.ee\/fi\/tuote\/primal-spirit-iberian-salmon-kylmapuristettu-koiranruoka-1kg\/\",\"url\":\"https:\/\/miumjau.ee\/fi\/tuote\/primal-spirit-iberian-salmon-kylmapuristettu-koiranruoka-1kg\/\",\"name\":\"Primal Spirit Iberian Salmon Kylm\u00e4puristettu Koiranruoka 1kg - MiuMjau\",\"isPartOf\":{\"@id\":\"https:\/\/miumjau.ee\/#website\"},\"primaryImageOfPage\":{\"@id\":\"https:\/\/miumjau.ee\/fi\/tuote\/primal-spirit-iberian-salmon-kylmapuristettu-koiranruoka-1kg\/#primaryimage\"},\"image\":{\"@id\":\"https:\/\/miumjau.ee\/fi\/tuote\/primal-spirit-iberian-salmon-kylmapuristettu-koiranruoka-1kg\/#primaryimage\"},\"thumbnailUrl\":\"https:\/\/miumjau.ee\/wp-content\/uploads\/2025\/04\/primal-spirit-salmon-koerale1-Photoroom.webp\",\"datePublished\":\"2025-04-06T13:19:17+00:00\",\"dateModified\":\"2026-01-07T20:40:41+00:00\",\"breadcrumb\":{\"@id\":\"https:\/\/miumjau.ee\/fi\/tuote\/primal-spirit-iberian-salmon-kylmapuristettu-koiranruoka-1kg\/#breadcrumb\"},\"inLanguage\":\"fi\",\"potentialAction\":[{\"@type\":\"ReadAction\",\"target\":[\"https:\/\/miumjau.ee\/fi\/tuote\/primal-spirit-iberian-salmon-kylmapuristettu-koiranruoka-1kg\/\"]}]},{\"@type\":\"ImageObject\",\"inLanguage\":\"fi\",\"@id\":\"https:\/\/miumjau.ee\/fi\/tuote\/primal-spirit-iberian-salmon-kylmapuristettu-koiranruoka-1kg\/#primaryimage\",\"url\":\"https:\/\/miumjau.ee\/wp-content\/uploads\/2025\/04\/primal-spirit-salmon-koerale1-Photoroom.webp\",\"contentUrl\":\"https:\/\/miumjau.ee\/wp-content\/uploads\/2025\/04\/primal-spirit-salmon-koerale1-Photoroom.webp\",\"width\":600,\"height\":800,\"caption\":\"Primal Spirit k\u00fclmpressitud toit koertele\"},{\"@type\":\"BreadcrumbList\",\"@id\":\"https:\/\/miumjau.ee\/fi\/tuote\/primal-spirit-iberian-salmon-kylmapuristettu-koiranruoka-1kg\/#breadcrumb\",\"itemListElement\":[{\"@type\":\"ListItem\",\"position\":1,\"name\":\"Home\",\"item\":\"https:\/\/miumjau.ee\/fi\/\"},{\"@type\":\"ListItem\",\"position\":2,\"name\":\"Kauppa\",\"item\":\"https:\/\/miumjau.ee\/fi\/kauppa\/\"},{\"@type\":\"ListItem\",\"position\":3,\"name\":\"Primal Spirit Iberian Salmon Kylm\u00e4puristettu Koiranruoka 1kg\"}]},{\"@type\":\"WebSite\",\"@id\":\"https:\/\/miumjau.ee\/#website\",\"url\":\"https:\/\/miumjau.ee\/\",\"name\":\"MiuMjau\",\"description\":\"Kraapimispuud kassidele\",\"publisher\":{\"@id\":\"https:\/\/miumjau.ee\/#organization\"},\"potentialAction\":[{\"@type\":\"SearchAction\",\"target\":{\"@type\":\"EntryPoint\",\"urlTemplate\":\"https:\/\/miumjau.ee\/?s={search_term_string}\"},\"query-input\":{\"@type\":\"PropertyValueSpecification\",\"valueRequired\":true,\"valueName\":\"search_term_string\"}}],\"inLanguage\":\"fi\"},{\"@type\":\"Organization\",\"@id\":\"https:\/\/miumjau.ee\/#organization\",\"name\":\"MiuMjau O\u00dc\",\"url\":\"https:\/\/miumjau.ee\/\",\"logo\":{\"@type\":\"ImageObject\",\"inLanguage\":\"fi\",\"@id\":\"https:\/\/miumjau.ee\/#\/schema\/logo\/image\/\",\"url\":\"https:\/\/miumjau.ee\/wp-content\/uploads\/2022\/04\/MiuMjau-logo-kollane.png\",\"contentUrl\":\"https:\/\/miumjau.ee\/wp-content\/uploads\/2022\/04\/MiuMjau-logo-kollane.png\",\"width\":219,\"height\":100,\"caption\":\"MiuMjau O\u00dc\"},\"image\":{\"@id\":\"https:\/\/miumjau.ee\/#\/schema\/logo\/image\/\"},\"sameAs\":[\"https:\/\/www.facebook.com\/miumjaupood\/\"]}]}<\/script>\n<!-- \/ Yoast SEO plugin. -->","yoast_head_json":{"title":"Primal Spirit Iberian Salmon Kylm\u00e4puristettu Koiranruoka 1kg - MiuMjau","robots":{"index":"index","follow":"follow","max-snippet":"max-snippet:-1","max-image-preview":"max-image-preview:large","max-video-preview":"max-video-preview:-1"},"canonical":"https:\/\/miumjau.ee\/fi\/tuote\/primal-spirit-iberian-salmon-kylmapuristettu-koiranruoka-1kg\/","og_locale":"fi_FI","og_type":"article","og_title":"Primal Spirit Iberian Salmon Kylm\u00e4puristettu Koiranruoka 1kg - MiuMjau","og_description":"T\u00c4YDENNYSRAVINTO AIKUISILLE KOIRILLE. Aidon makuinen ja miellytt\u00e4v\u00e4n tuoksuinen. Ruoka, joka ei turpoa koirasi vatsassa, vaan liukenee! Koostumus: 40 % tuoretta sianlihaa, 30 % tuoretta lohta, riisi, jauhettu punajuuri, panimohiiva, kurkuma. Analyyttinen koostumus: Raakavalkuainen 28,2 %, raakakuitu 2 %, raakarasva 16,8 %, raakatuha 8,2 %, kosteus 18 %. Metaboloituva energia per 1 kg: 3 537 kcal \u2013 14 801 kJ. K\u00e4ytt\u00f6ohje: Sopii kaikille koiraroduille. Katso pakkausmerkinn\u00f6ist\u00e4 suositeltu ruokintaohje. Varmista, ett\u00e4 lemmikill\u00e4si on aina raikasta vett\u00e4. S\u00e4ilyt\u00e4 tuote viile\u00e4ss\u00e4 ja kuivassa paikassa, suoralta auringonvalolta suojattuna.","og_url":"https:\/\/miumjau.ee\/fi\/tuote\/primal-spirit-iberian-salmon-kylmapuristettu-koiranruoka-1kg\/","og_site_name":"MiuMjau","article_publisher":"https:\/\/www.facebook.com\/miumjaupood\/","article_modified_time":"2026-01-07T20:40:41+00:00","og_image":[{"width":600,"height":800,"url":"https:\/\/miumjau.ee\/wp-content\/uploads\/2025\/04\/primal-spirit-salmon-koerale1-Photoroom.webp","type":"image\/webp"}],"twitter_card":"summary_large_image","schema":{"@context":"https:\/\/schema.org","@graph":[{"@type":"WebPage","@id":"https:\/\/miumjau.ee\/fi\/tuote\/primal-spirit-iberian-salmon-kylmapuristettu-koiranruoka-1kg\/","url":"https:\/\/miumjau.ee\/fi\/tuote\/primal-spirit-iberian-salmon-kylmapuristettu-koiranruoka-1kg\/","name":"Primal Spirit Iberian Salmon Kylm\u00e4puristettu Koiranruoka 1kg - MiuMjau","isPartOf":{"@id":"https:\/\/miumjau.ee\/#website"},"primaryImageOfPage":{"@id":"https:\/\/miumjau.ee\/fi\/tuote\/primal-spirit-iberian-salmon-kylmapuristettu-koiranruoka-1kg\/#primaryimage"},"image":{"@id":"https:\/\/miumjau.ee\/fi\/tuote\/primal-spirit-iberian-salmon-kylmapuristettu-koiranruoka-1kg\/#primaryimage"},"thumbnailUrl":"https:\/\/miumjau.ee\/wp-content\/uploads\/2025\/04\/primal-spirit-salmon-koerale1-Photoroom.webp","datePublished":"2025-04-06T13:19:17+00:00","dateModified":"2026-01-07T20:40:41+00:00","breadcrumb":{"@id":"https:\/\/miumjau.ee\/fi\/tuote\/primal-spirit-iberian-salmon-kylmapuristettu-koiranruoka-1kg\/#breadcrumb"},"inLanguage":"fi","potentialAction":[{"@type":"ReadAction","target":["https:\/\/miumjau.ee\/fi\/tuote\/primal-spirit-iberian-salmon-kylmapuristettu-koiranruoka-1kg\/"]}]},{"@type":"ImageObject","inLanguage":"fi","@id":"https:\/\/miumjau.ee\/fi\/tuote\/primal-spirit-iberian-salmon-kylmapuristettu-koiranruoka-1kg\/#primaryimage","url":"https:\/\/miumjau.ee\/wp-content\/uploads\/2025\/04\/primal-spirit-salmon-koerale1-Photoroom.webp","contentUrl":"https:\/\/miumjau.ee\/wp-content\/uploads\/2025\/04\/primal-spirit-salmon-koerale1-Photoroom.webp","width":600,"height":800,"caption":"Primal Spirit k\u00fclmpressitud toit koertele"},{"@type":"BreadcrumbList","@id":"https:\/\/miumjau.ee\/fi\/tuote\/primal-spirit-iberian-salmon-kylmapuristettu-koiranruoka-1kg\/#breadcrumb","itemListElement":[{"@type":"ListItem","position":1,"name":"Home","item":"https:\/\/miumjau.ee\/fi\/"},{"@type":"ListItem","position":2,"name":"Kauppa","item":"https:\/\/miumjau.ee\/fi\/kauppa\/"},{"@type":"ListItem","position":3,"name":"Primal Spirit Iberian Salmon Kylm\u00e4puristettu Koiranruoka 1kg"}]},{"@type":"WebSite","@id":"https:\/\/miumjau.ee\/#website","url":"https:\/\/miumjau.ee\/","name":"MiuMjau","description":"Kraapimispuud kassidele","publisher":{"@id":"https:\/\/miumjau.ee\/#organization"},"potentialAction":[{"@type":"SearchAction","target":{"@type":"EntryPoint","urlTemplate":"https:\/\/miumjau.ee\/?s={search_term_string}"},"query-input":{"@type":"PropertyValueSpecification","valueRequired":true,"valueName":"search_term_string"}}],"inLanguage":"fi"},{"@type":"Organization","@id":"https:\/\/miumjau.ee\/#organization","name":"MiuMjau O\u00dc","url":"https:\/\/miumjau.ee\/","logo":{"@type":"ImageObject","inLanguage":"fi","@id":"https:\/\/miumjau.ee\/#\/schema\/logo\/image\/","url":"https:\/\/miumjau.ee\/wp-content\/uploads\/2022\/04\/MiuMjau-logo-kollane.png","contentUrl":"https:\/\/miumjau.ee\/wp-content\/uploads\/2022\/04\/MiuMjau-logo-kollane.png","width":219,"height":100,"caption":"MiuMjau O\u00dc"},"image":{"@id":"https:\/\/miumjau.ee\/#\/schema\/logo\/image\/"},"sameAs":["https:\/\/www.facebook.com\/miumjaupood\/"]}]}},"_links":{"self":[{"href":"https:\/\/miumjau.ee\/fi\/wp-json\/wp\/v2\/product\/51667","targetHints":{"allow":["GET"]}}],"collection":[{"href":"https:\/\/miumjau.ee\/fi\/wp-json\/wp\/v2\/product"}],"about":[{"href":"https:\/\/miumjau.ee\/fi\/wp-json\/wp\/v2\/types\/product"}],"wp:featuredmedia":[{"embeddable":true,"href":"https:\/\/miumjau.ee\/fi\/wp-json\/wp\/v2\/media\/31673"}],"wp:attachment":[{"href":"https:\/\/miumjau.ee\/fi\/wp-json\/wp\/v2\/media?parent=51667"}],"wp:term":[{"taxonomy":"product_brand","embeddable":true,"href":"https:\/\/miumjau.ee\/fi\/wp-json\/wp\/v2\/product_brand?post=51667"},{"taxonomy":"product_cat","embeddable":true,"href":"https:\/\/miumjau.ee\/fi\/wp-json\/wp\/v2\/product_cat?post=51667"},{"taxonomy":"product_tag","embeddable":true,"href":"https:\/\/miumjau.ee\/fi\/wp-json\/wp\/v2\/product_tag?post=51667"}],"curies":[{"name":"wp","href":"https:\/\/api.w.org\/{rel}","templated":true}]}}