{"id":51654,"date":"2025-04-07T09:36:58","date_gmt":"2025-04-07T06:36:58","guid":{"rendered":"https:\/\/miumjau.ee\/toode\/brit-care-hypoallergenic-adult-large-breed-12kg\/"},"modified":"2026-01-07T22:40:41","modified_gmt":"2026-01-07T20:40:41","slug":"brit-care-hypoallergenic-adult-large-breed-12kg","status":"publish","type":"product","link":"https:\/\/miumjau.ee\/fi\/tuote\/brit-care-hypoallergenic-adult-large-breed-12kg\/","title":{"rendered":"Brit Care Hypoallergenic Adult Large Breed 12kg"},"content":{"rendered":"","protected":false},"excerpt":{"rendered":"<p data-start=\"2013\" data-end=\"2655\"><strong data-start=\"2013\" data-end=\"2137\">SUPERPREMIUM-HYPOALLERGEENINEN RUOKA YHDEN EL\u00c4INPER\u00c4ISEN PROTEIINIL\u00c4HTEEN KANSSA ALLERGISTEN REAKTIOIDEN EHK\u00c4ISEMISEKSI.<\/strong><br data-start=\"2137\" data-end=\"2140\" \/>Ihanteellinen aikuisille suurille koirille (25+ kg), joilla on normaali energiantarve. Valitut proteiininl\u00e4hteet eiv\u00e4t aiheuta allergioita, mik\u00e4 v\u00e4hent\u00e4\u00e4 merkitt\u00e4v\u00e4sti allergisten reaktioiden riski\u00e4. Ruoka sopii erityisesti herkk\u00e4vatsaisille koirille, erikoisruokavaliota vaativille ja allergialle alttiille koirille. Resepti on rikastettu postbiooteilla, jotka tukevat tasapainoista suoliston mikroflooraa, ja maarianohdakkeen siemenill\u00e4, jotka tukevat maksan toimintaa ja auttavat elimist\u00f6\u00e4 poistamaan myrkkyj\u00e4.<\/p>\n<p data-start=\"2657\" data-end=\"3156\"><strong data-start=\"2657\" data-end=\"2671\">Koostumus:<\/strong> Kuivattu lammas (40%), riisi (38%), kuivattu omenamassa, kananrasva, luonnollinen aromi, panimohiiva, lohi\u00f6ljy (2%), hernejauho, glukosamiini (260 mg\/kg), frukto-oligosakkaridit (200 mg\/kg), kondroitiinisulfaatti (200 mg\/kg), mannan-oligosakkaridit (150 mg\/kg), Mojave-yucca (150 mg\/kg), maarianohdakkeen siemenet (90 mg\/kg), \u03b2-glukaanit (50 mg\/kg), kuivattu nokkonen (50 mg\/kg), kuivattu tyrni (50 mg\/kg), inaktivoitu probiootti <em data-start=\"3102\" data-end=\"3128\">Lactobacillus helveticus<\/em> HA\u2013122 (15\u00d710\u2079 solua\/kg).<\/p>\n<p data-start=\"3158\" data-end=\"3389\"><strong data-start=\"3158\" data-end=\"3185\">Analyyttinen koostumus:<\/strong> Raakavalkuainen 26,0%, raakarasva 14,0%, kosteus 10,0%, raakatuha 7,0%, raakakuitu 3,0%, kalsium 1,3%, fosfori 0,9%, natrium 0,4%, omega-3-rasvahapot 0,5%, omega-6-rasvahapot 1,7%, EPA 0,05%, DHA 0,1%.<\/p>\n<p data-start=\"3391\" data-end=\"3857\"><strong data-start=\"3391\" data-end=\"3415\">Ravintolis\u00e4t (1 kg):<\/strong> A-vitamiini 20 000 IU, D\u2083-vitamiini 1 500 IU, E-vitamiini 500 mg, C-vitamiini 300 mg, tauriini 1 500 mg, koliinikloridi 1 800 mg, L-karnitiini 250 mg, B1-vitamiini 2,5 mg, B2-vitamiini 9,6 mg, biotiini 3,5 mg, foolihappo 1,2 mg, B6-vitamiini 2,5 mg, kalsium-D-pantotenaatti 25 mg, niasiiniamidi 32,5 mg, B12-vitamiini 0,1 mg, jodi 0,8 mg, orgaaninen sinkki 85 mg, orgaaninen mangaani 40 mg, orgaaninen kupari 18 mg, orgaaninen rauta 75 mg.<\/p>\n<p data-start=\"3859\" data-end=\"3981\">Sis\u00e4lt\u00e4\u00e4 EU:ssa hyv\u00e4ksyttyj\u00e4 antioksidantteja: tokoferoliuutteet kasvi\u00f6ljyist\u00e4, askorbyylipalmitaatti ja rosmariiniuute.<\/p>\n<p data-start=\"3983\" data-end=\"4025\"><strong data-start=\"3983\" data-end=\"4009\">Metaboloituva energia:<\/strong> 3,690 kcal\/kg<\/p>\n","protected":false},"featured_media":31746,"template":"","meta":[],"product_brand":[],"product_cat":[478],"product_tag":[],"class_list":{"0":"post-51654","1":"product","2":"type-product","3":"status-publish","4":"has-post-thumbnail","6":"product_cat-kuivaruoka-koirille","8":"first","9":"instock","10":"sale","11":"taxable","12":"shipping-taxable","13":"purchasable","14":"product-type-simple"},"yoast_head":"<!-- This site is optimized with the Yoast SEO plugin v27.2 - https:\/\/yoast.com\/product\/yoast-seo-wordpress\/ -->\n<title>Brit Care Hypoallergenic Adult Large Breed 12kg - MiuMjau<\/title>\n<meta name=\"robots\" content=\"index, follow, max-snippet:-1, max-image-preview:large, max-video-preview:-1\" \/>\n<link rel=\"canonical\" href=\"https:\/\/miumjau.ee\/fi\/tuote\/brit-care-hypoallergenic-adult-large-breed-12kg\/\" \/>\n<meta property=\"og:locale\" content=\"fi_FI\" \/>\n<meta property=\"og:type\" content=\"article\" \/>\n<meta property=\"og:title\" content=\"Brit Care Hypoallergenic Adult Large Breed 12kg - MiuMjau\" \/>\n<meta property=\"og:description\" content=\"SUPERPREMIUM-HYPOALLERGEENINEN RUOKA YHDEN EL\u00c4INPER\u00c4ISEN PROTEIINIL\u00c4HTEEN KANSSA ALLERGISTEN REAKTIOIDEN EHK\u00c4ISEMISEKSI.Ihanteellinen aikuisille suurille koirille (25+ kg), joilla on normaali energiantarve. Valitut proteiininl\u00e4hteet eiv\u00e4t aiheuta allergioita, mik\u00e4 v\u00e4hent\u00e4\u00e4 merkitt\u00e4v\u00e4sti allergisten reaktioiden riski\u00e4. Ruoka sopii erityisesti herkk\u00e4vatsaisille koirille, erikoisruokavaliota vaativille ja allergialle alttiille koirille. Resepti on rikastettu postbiooteilla, jotka tukevat tasapainoista suoliston mikroflooraa, ja maarianohdakkeen siemenill\u00e4, jotka tukevat maksan toimintaa ja auttavat elimist\u00f6\u00e4 poistamaan myrkkyj\u00e4. Koostumus: Kuivattu lammas (40%), riisi (38%), kuivattu omenamassa, kananrasva, luonnollinen aromi, panimohiiva, lohi\u00f6ljy (2%), hernejauho, glukosamiini (260 mg\/kg), frukto-oligosakkaridit (200 mg\/kg), kondroitiinisulfaatti (200 mg\/kg), mannan-oligosakkaridit (150 mg\/kg), Mojave-yucca (150 mg\/kg), maarianohdakkeen siemenet (90 mg\/kg), \u03b2-glukaanit (50 mg\/kg), kuivattu nokkonen (50 mg\/kg), kuivattu tyrni (50 mg\/kg), inaktivoitu probiootti Lactobacillus helveticus HA\u2013122 (15\u00d710\u2079 solua\/kg). Analyyttinen koostumus: Raakavalkuainen 26,0%, raakarasva 14,0%, kosteus 10,0%, raakatuha 7,0%, raakakuitu 3,0%, kalsium 1,3%, fosfori 0,9%, natrium 0,4%, omega-3-rasvahapot 0,5%, omega-6-rasvahapot 1,7%, EPA 0,05%, DHA 0,1%. Ravintolis\u00e4t (1 kg): A-vitamiini 20 000 IU, D\u2083-vitamiini 1 500 IU, E-vitamiini 500 mg, C-vitamiini 300 mg, tauriini 1 500 mg, koliinikloridi 1 800 mg, L-karnitiini 250 mg, B1-vitamiini 2,5 mg, B2-vitamiini 9,6 mg, biotiini 3,5 mg, foolihappo 1,2 mg, B6-vitamiini 2,5 mg, kalsium-D-pantotenaatti 25 mg, niasiiniamidi 32,5 mg, B12-vitamiini 0,1 mg, jodi 0,8 mg, orgaaninen sinkki 85 mg, orgaaninen mangaani 40 mg, orgaaninen kupari 18 mg, orgaaninen rauta 75 mg. Sis\u00e4lt\u00e4\u00e4 EU:ssa hyv\u00e4ksyttyj\u00e4 antioksidantteja: tokoferoliuutteet kasvi\u00f6ljyist\u00e4, askorbyylipalmitaatti ja rosmariiniuute. Metaboloituva energia: 3,690 kcal\/kg\" \/>\n<meta property=\"og:url\" content=\"https:\/\/miumjau.ee\/fi\/tuote\/brit-care-hypoallergenic-adult-large-breed-12kg\/\" \/>\n<meta property=\"og:site_name\" content=\"MiuMjau\" \/>\n<meta property=\"article:publisher\" content=\"https:\/\/www.facebook.com\/miumjaupood\/\" \/>\n<meta property=\"article:modified_time\" content=\"2026-01-07T20:40:41+00:00\" \/>\n<meta property=\"og:image\" content=\"https:\/\/miumjau.ee\/wp-content\/uploads\/2025\/04\/brit-care-adult-large-breed-lamb-Photoroom.webp\" \/>\n\t<meta property=\"og:image:width\" content=\"600\" \/>\n\t<meta property=\"og:image:height\" content=\"800\" \/>\n\t<meta property=\"og:image:type\" content=\"image\/webp\" \/>\n<meta name=\"twitter:card\" content=\"summary_large_image\" \/>\n<script type=\"application\/ld+json\" class=\"yoast-schema-graph\">{\"@context\":\"https:\/\/schema.org\",\"@graph\":[{\"@type\":\"WebPage\",\"@id\":\"https:\/\/miumjau.ee\/fi\/tuote\/brit-care-hypoallergenic-adult-large-breed-12kg\/\",\"url\":\"https:\/\/miumjau.ee\/fi\/tuote\/brit-care-hypoallergenic-adult-large-breed-12kg\/\",\"name\":\"Brit Care Hypoallergenic Adult Large Breed 12kg - MiuMjau\",\"isPartOf\":{\"@id\":\"https:\/\/miumjau.ee\/#website\"},\"primaryImageOfPage\":{\"@id\":\"https:\/\/miumjau.ee\/fi\/tuote\/brit-care-hypoallergenic-adult-large-breed-12kg\/#primaryimage\"},\"image\":{\"@id\":\"https:\/\/miumjau.ee\/fi\/tuote\/brit-care-hypoallergenic-adult-large-breed-12kg\/#primaryimage\"},\"thumbnailUrl\":\"https:\/\/miumjau.ee\/wp-content\/uploads\/2025\/04\/brit-care-adult-large-breed-lamb-Photoroom.webp\",\"datePublished\":\"2025-04-07T06:36:58+00:00\",\"dateModified\":\"2026-01-07T20:40:41+00:00\",\"breadcrumb\":{\"@id\":\"https:\/\/miumjau.ee\/fi\/tuote\/brit-care-hypoallergenic-adult-large-breed-12kg\/#breadcrumb\"},\"inLanguage\":\"fi\",\"potentialAction\":[{\"@type\":\"ReadAction\",\"target\":[\"https:\/\/miumjau.ee\/fi\/tuote\/brit-care-hypoallergenic-adult-large-breed-12kg\/\"]}]},{\"@type\":\"ImageObject\",\"inLanguage\":\"fi\",\"@id\":\"https:\/\/miumjau.ee\/fi\/tuote\/brit-care-hypoallergenic-adult-large-breed-12kg\/#primaryimage\",\"url\":\"https:\/\/miumjau.ee\/wp-content\/uploads\/2025\/04\/brit-care-adult-large-breed-lamb-Photoroom.webp\",\"contentUrl\":\"https:\/\/miumjau.ee\/wp-content\/uploads\/2025\/04\/brit-care-adult-large-breed-lamb-Photoroom.webp\",\"width\":600,\"height\":800,\"caption\":\"Brit Care koeratoit, kr\u00f5binad\"},{\"@type\":\"BreadcrumbList\",\"@id\":\"https:\/\/miumjau.ee\/fi\/tuote\/brit-care-hypoallergenic-adult-large-breed-12kg\/#breadcrumb\",\"itemListElement\":[{\"@type\":\"ListItem\",\"position\":1,\"name\":\"Home\",\"item\":\"https:\/\/miumjau.ee\/fi\/\"},{\"@type\":\"ListItem\",\"position\":2,\"name\":\"Kauppa\",\"item\":\"https:\/\/miumjau.ee\/fi\/kauppa\/\"},{\"@type\":\"ListItem\",\"position\":3,\"name\":\"Brit Care Hypoallergenic Adult Large Breed 12kg\"}]},{\"@type\":\"WebSite\",\"@id\":\"https:\/\/miumjau.ee\/#website\",\"url\":\"https:\/\/miumjau.ee\/\",\"name\":\"MiuMjau\",\"description\":\"Kraapimispuud kassidele\",\"publisher\":{\"@id\":\"https:\/\/miumjau.ee\/#organization\"},\"potentialAction\":[{\"@type\":\"SearchAction\",\"target\":{\"@type\":\"EntryPoint\",\"urlTemplate\":\"https:\/\/miumjau.ee\/?s={search_term_string}\"},\"query-input\":{\"@type\":\"PropertyValueSpecification\",\"valueRequired\":true,\"valueName\":\"search_term_string\"}}],\"inLanguage\":\"fi\"},{\"@type\":\"Organization\",\"@id\":\"https:\/\/miumjau.ee\/#organization\",\"name\":\"MiuMjau O\u00dc\",\"url\":\"https:\/\/miumjau.ee\/\",\"logo\":{\"@type\":\"ImageObject\",\"inLanguage\":\"fi\",\"@id\":\"https:\/\/miumjau.ee\/#\/schema\/logo\/image\/\",\"url\":\"https:\/\/miumjau.ee\/wp-content\/uploads\/2022\/04\/MiuMjau-logo-kollane.png\",\"contentUrl\":\"https:\/\/miumjau.ee\/wp-content\/uploads\/2022\/04\/MiuMjau-logo-kollane.png\",\"width\":219,\"height\":100,\"caption\":\"MiuMjau O\u00dc\"},\"image\":{\"@id\":\"https:\/\/miumjau.ee\/#\/schema\/logo\/image\/\"},\"sameAs\":[\"https:\/\/www.facebook.com\/miumjaupood\/\"]}]}<\/script>\n<!-- \/ Yoast SEO plugin. -->","yoast_head_json":{"title":"Brit Care Hypoallergenic Adult Large Breed 12kg - MiuMjau","robots":{"index":"index","follow":"follow","max-snippet":"max-snippet:-1","max-image-preview":"max-image-preview:large","max-video-preview":"max-video-preview:-1"},"canonical":"https:\/\/miumjau.ee\/fi\/tuote\/brit-care-hypoallergenic-adult-large-breed-12kg\/","og_locale":"fi_FI","og_type":"article","og_title":"Brit Care Hypoallergenic Adult Large Breed 12kg - MiuMjau","og_description":"SUPERPREMIUM-HYPOALLERGEENINEN RUOKA YHDEN EL\u00c4INPER\u00c4ISEN PROTEIINIL\u00c4HTEEN KANSSA ALLERGISTEN REAKTIOIDEN EHK\u00c4ISEMISEKSI.Ihanteellinen aikuisille suurille koirille (25+ kg), joilla on normaali energiantarve. Valitut proteiininl\u00e4hteet eiv\u00e4t aiheuta allergioita, mik\u00e4 v\u00e4hent\u00e4\u00e4 merkitt\u00e4v\u00e4sti allergisten reaktioiden riski\u00e4. Ruoka sopii erityisesti herkk\u00e4vatsaisille koirille, erikoisruokavaliota vaativille ja allergialle alttiille koirille. Resepti on rikastettu postbiooteilla, jotka tukevat tasapainoista suoliston mikroflooraa, ja maarianohdakkeen siemenill\u00e4, jotka tukevat maksan toimintaa ja auttavat elimist\u00f6\u00e4 poistamaan myrkkyj\u00e4. Koostumus: Kuivattu lammas (40%), riisi (38%), kuivattu omenamassa, kananrasva, luonnollinen aromi, panimohiiva, lohi\u00f6ljy (2%), hernejauho, glukosamiini (260 mg\/kg), frukto-oligosakkaridit (200 mg\/kg), kondroitiinisulfaatti (200 mg\/kg), mannan-oligosakkaridit (150 mg\/kg), Mojave-yucca (150 mg\/kg), maarianohdakkeen siemenet (90 mg\/kg), \u03b2-glukaanit (50 mg\/kg), kuivattu nokkonen (50 mg\/kg), kuivattu tyrni (50 mg\/kg), inaktivoitu probiootti Lactobacillus helveticus HA\u2013122 (15\u00d710\u2079 solua\/kg). Analyyttinen koostumus: Raakavalkuainen 26,0%, raakarasva 14,0%, kosteus 10,0%, raakatuha 7,0%, raakakuitu 3,0%, kalsium 1,3%, fosfori 0,9%, natrium 0,4%, omega-3-rasvahapot 0,5%, omega-6-rasvahapot 1,7%, EPA 0,05%, DHA 0,1%. Ravintolis\u00e4t (1 kg): A-vitamiini 20 000 IU, D\u2083-vitamiini 1 500 IU, E-vitamiini 500 mg, C-vitamiini 300 mg, tauriini 1 500 mg, koliinikloridi 1 800 mg, L-karnitiini 250 mg, B1-vitamiini 2,5 mg, B2-vitamiini 9,6 mg, biotiini 3,5 mg, foolihappo 1,2 mg, B6-vitamiini 2,5 mg, kalsium-D-pantotenaatti 25 mg, niasiiniamidi 32,5 mg, B12-vitamiini 0,1 mg, jodi 0,8 mg, orgaaninen sinkki 85 mg, orgaaninen mangaani 40 mg, orgaaninen kupari 18 mg, orgaaninen rauta 75 mg. Sis\u00e4lt\u00e4\u00e4 EU:ssa hyv\u00e4ksyttyj\u00e4 antioksidantteja: tokoferoliuutteet kasvi\u00f6ljyist\u00e4, askorbyylipalmitaatti ja rosmariiniuute. Metaboloituva energia: 3,690 kcal\/kg","og_url":"https:\/\/miumjau.ee\/fi\/tuote\/brit-care-hypoallergenic-adult-large-breed-12kg\/","og_site_name":"MiuMjau","article_publisher":"https:\/\/www.facebook.com\/miumjaupood\/","article_modified_time":"2026-01-07T20:40:41+00:00","og_image":[{"width":600,"height":800,"url":"https:\/\/miumjau.ee\/wp-content\/uploads\/2025\/04\/brit-care-adult-large-breed-lamb-Photoroom.webp","type":"image\/webp"}],"twitter_card":"summary_large_image","schema":{"@context":"https:\/\/schema.org","@graph":[{"@type":"WebPage","@id":"https:\/\/miumjau.ee\/fi\/tuote\/brit-care-hypoallergenic-adult-large-breed-12kg\/","url":"https:\/\/miumjau.ee\/fi\/tuote\/brit-care-hypoallergenic-adult-large-breed-12kg\/","name":"Brit Care Hypoallergenic Adult Large Breed 12kg - MiuMjau","isPartOf":{"@id":"https:\/\/miumjau.ee\/#website"},"primaryImageOfPage":{"@id":"https:\/\/miumjau.ee\/fi\/tuote\/brit-care-hypoallergenic-adult-large-breed-12kg\/#primaryimage"},"image":{"@id":"https:\/\/miumjau.ee\/fi\/tuote\/brit-care-hypoallergenic-adult-large-breed-12kg\/#primaryimage"},"thumbnailUrl":"https:\/\/miumjau.ee\/wp-content\/uploads\/2025\/04\/brit-care-adult-large-breed-lamb-Photoroom.webp","datePublished":"2025-04-07T06:36:58+00:00","dateModified":"2026-01-07T20:40:41+00:00","breadcrumb":{"@id":"https:\/\/miumjau.ee\/fi\/tuote\/brit-care-hypoallergenic-adult-large-breed-12kg\/#breadcrumb"},"inLanguage":"fi","potentialAction":[{"@type":"ReadAction","target":["https:\/\/miumjau.ee\/fi\/tuote\/brit-care-hypoallergenic-adult-large-breed-12kg\/"]}]},{"@type":"ImageObject","inLanguage":"fi","@id":"https:\/\/miumjau.ee\/fi\/tuote\/brit-care-hypoallergenic-adult-large-breed-12kg\/#primaryimage","url":"https:\/\/miumjau.ee\/wp-content\/uploads\/2025\/04\/brit-care-adult-large-breed-lamb-Photoroom.webp","contentUrl":"https:\/\/miumjau.ee\/wp-content\/uploads\/2025\/04\/brit-care-adult-large-breed-lamb-Photoroom.webp","width":600,"height":800,"caption":"Brit Care koeratoit, kr\u00f5binad"},{"@type":"BreadcrumbList","@id":"https:\/\/miumjau.ee\/fi\/tuote\/brit-care-hypoallergenic-adult-large-breed-12kg\/#breadcrumb","itemListElement":[{"@type":"ListItem","position":1,"name":"Home","item":"https:\/\/miumjau.ee\/fi\/"},{"@type":"ListItem","position":2,"name":"Kauppa","item":"https:\/\/miumjau.ee\/fi\/kauppa\/"},{"@type":"ListItem","position":3,"name":"Brit Care Hypoallergenic Adult Large Breed 12kg"}]},{"@type":"WebSite","@id":"https:\/\/miumjau.ee\/#website","url":"https:\/\/miumjau.ee\/","name":"MiuMjau","description":"Kraapimispuud kassidele","publisher":{"@id":"https:\/\/miumjau.ee\/#organization"},"potentialAction":[{"@type":"SearchAction","target":{"@type":"EntryPoint","urlTemplate":"https:\/\/miumjau.ee\/?s={search_term_string}"},"query-input":{"@type":"PropertyValueSpecification","valueRequired":true,"valueName":"search_term_string"}}],"inLanguage":"fi"},{"@type":"Organization","@id":"https:\/\/miumjau.ee\/#organization","name":"MiuMjau O\u00dc","url":"https:\/\/miumjau.ee\/","logo":{"@type":"ImageObject","inLanguage":"fi","@id":"https:\/\/miumjau.ee\/#\/schema\/logo\/image\/","url":"https:\/\/miumjau.ee\/wp-content\/uploads\/2022\/04\/MiuMjau-logo-kollane.png","contentUrl":"https:\/\/miumjau.ee\/wp-content\/uploads\/2022\/04\/MiuMjau-logo-kollane.png","width":219,"height":100,"caption":"MiuMjau O\u00dc"},"image":{"@id":"https:\/\/miumjau.ee\/#\/schema\/logo\/image\/"},"sameAs":["https:\/\/www.facebook.com\/miumjaupood\/"]}]}},"_links":{"self":[{"href":"https:\/\/miumjau.ee\/fi\/wp-json\/wp\/v2\/product\/51654","targetHints":{"allow":["GET"]}}],"collection":[{"href":"https:\/\/miumjau.ee\/fi\/wp-json\/wp\/v2\/product"}],"about":[{"href":"https:\/\/miumjau.ee\/fi\/wp-json\/wp\/v2\/types\/product"}],"wp:featuredmedia":[{"embeddable":true,"href":"https:\/\/miumjau.ee\/fi\/wp-json\/wp\/v2\/media\/31746"}],"wp:attachment":[{"href":"https:\/\/miumjau.ee\/fi\/wp-json\/wp\/v2\/media?parent=51654"}],"wp:term":[{"taxonomy":"product_brand","embeddable":true,"href":"https:\/\/miumjau.ee\/fi\/wp-json\/wp\/v2\/product_brand?post=51654"},{"taxonomy":"product_cat","embeddable":true,"href":"https:\/\/miumjau.ee\/fi\/wp-json\/wp\/v2\/product_cat?post=51654"},{"taxonomy":"product_tag","embeddable":true,"href":"https:\/\/miumjau.ee\/fi\/wp-json\/wp\/v2\/product_tag?post=51654"}],"curies":[{"name":"wp","href":"https:\/\/api.w.org\/{rel}","templated":true}]}}