{"id":51634,"date":"2025-04-07T09:59:59","date_gmt":"2025-04-07T06:59:59","guid":{"rendered":"https:\/\/miumjau.ee\/toode\/brit-care-dog-hypoallergenic-junior-large-breed-lamb-12-kg\/"},"modified":"2026-01-07T22:40:48","modified_gmt":"2026-01-07T20:40:48","slug":"brit-care-dog-hypoallergenic-junior-large-breed-lamb-12-kg","status":"publish","type":"product","link":"https:\/\/miumjau.ee\/fi\/tuote\/brit-care-dog-hypoallergenic-junior-large-breed-lamb-12-kg\/","title":{"rendered":"Brit Care Dog Hypoallergenic Junior Large Breed Lamb 12 kg"},"content":{"rendered":"","protected":false},"excerpt":{"rendered":"<p data-start=\"2256\" data-end=\"2376\">Hypoallergeeninen lammas- ja riisiresepti suurille rotukoiran pennuille (yli 25 kg), 3 kk \u2013 2 v. T\u00e4ysravinto koirille.<\/p>\n<p data-start=\"2378\" data-end=\"2929\"><strong data-start=\"2378\" data-end=\"2557\">SUPERPREMIUM-HYPOALLERGEENINEN RUOKA YHDEN EL\u00c4INPER\u00c4ISEN PROTEIINIL\u00c4HTEEN KANSSA, SUUNNITELTU SUURTEN ROTUJEN PENTUJEN TERVEELLISEEN KASVUUN JA IMMUUNIJ\u00c4RJESTELM\u00c4N TUKEMISEEN.<\/strong><br data-start=\"2557\" data-end=\"2560\" \/>Valitut proteiininl\u00e4hteet eiv\u00e4t aiheuta allergioita, mik\u00e4 v\u00e4hent\u00e4\u00e4 allergisten reaktioiden riski\u00e4. Ruoka sopii erityisesti herkk\u00e4vatsaisille koirille, erikoisruokavaliota vaativille sek\u00e4 ruokien allergiariskille alttiille pennuille. Reseptit on rikastettu postbiooteilla, jotka tukevat suoliston tasapainoista mikroflooraa ja vahvistavat pentujen immuunij\u00e4rjestelm\u00e4\u00e4.<\/p>\n<p data-start=\"2931\" data-end=\"3494\"><strong data-start=\"2931\" data-end=\"2945\">Koostumus:<\/strong> Kuivattu lammas (42%), riisi (35%), kananrasva, kuivattu omenamassa, lohi\u00f6ljy (3%), panimohiiva, luonnollinen aromi, hydrolysoitu hiiva (0,5% \u2013 inositolin ja aminohappojen l\u00e4hde), hernejauho, glukosamiini (300 mg\/kg), frukto-oligosakkaridit (230 mg\/kg), kondroitiinisulfaatti (230 mg\/kg), mannan-oligosakkaridit (180 mg\/kg), Mojave-yucca (180 mg\/kg), maarianohdakkeen siemenet (110 mg\/kg), \u03b2-glukaanit (60 mg\/kg), kuivattu nokkonen (60 mg\/kg), kuivattu tyrni (60 mg\/kg), inaktivoitu probiootti <em data-start=\"3440\" data-end=\"3466\">Lactobacillus helveticus<\/em> HA\u2013122 (15\u00d710\u2079 solua\/kg).<\/p>\n<p data-start=\"3496\" data-end=\"3727\"><strong data-start=\"3496\" data-end=\"3523\">Analyyttinen koostumus:<\/strong> Raakavalkuainen 28,0%, raakarasva 16,0%, kosteus 10,0%, raakatuha 7,0%, raakakuitu 2,2%, kalsium 1,3%, fosfori 1,0%, natrium 0,4%, omega-3-rasvahapot 0,7%, omega-6-rasvahapot 2,0%, EPA 0,05%, DHA 0,1%.<\/p>\n<p data-start=\"3729\" data-end=\"4188\"><strong data-start=\"3729\" data-end=\"3753\">Ravintolis\u00e4t (1 kg):<\/strong> A-vitamiini 23 000 IU, D\u2083-vitamiini 1 700 IU, E-vitamiini 550 mg, C-vitamiini 350 mg, tauriini 1 500 mg, koliinikloridi 1 800 mg, L-karnitiini 300 mg, B1-vitamiini 3 mg, B2-vitamiini 11 mg, biotiini 4 mg, foolihappo 1,4 mg, B6-vitamiini 3 mg, kalsium-D-pantotenaatti 30 mg, niasiiniamidi 38 mg, B12-vitamiini 0,12 mg, jodi 0,9 mg, orgaaninen sinkki 100 mg, orgaaninen mangaani 45 mg, orgaaninen kupari 20 mg, orgaaninen rauta 88 mg.<\/p>\n<p data-start=\"4190\" data-end=\"4312\">Sis\u00e4lt\u00e4\u00e4 EU:ssa hyv\u00e4ksyttyj\u00e4 antioksidantteja: tokoferoliuutteet kasvi\u00f6ljyist\u00e4, askorbyylipalmitaatti ja rosmariiniuute.<\/p>\n<p data-start=\"4314\" data-end=\"4356\"><strong data-start=\"4314\" data-end=\"4340\">Metaboloituva energia:<\/strong> 3,850 kcal\/kg<\/p>\n","protected":false},"featured_media":31774,"template":"","meta":[],"product_brand":[],"product_cat":[478],"product_tag":[],"class_list":{"0":"post-51634","1":"product","2":"type-product","3":"status-publish","4":"has-post-thumbnail","6":"product_cat-kuivaruoka-koirille","8":"first","9":"instock","10":"sale","11":"taxable","12":"shipping-taxable","13":"purchasable","14":"product-type-simple"},"yoast_head":"<!-- This site is optimized with the Yoast SEO plugin v27.2 - https:\/\/yoast.com\/product\/yoast-seo-wordpress\/ -->\n<title>Brit Care Dog Hypoallergenic Junior Large Breed Lamb 12 kg - MiuMjau<\/title>\n<meta name=\"robots\" content=\"index, follow, max-snippet:-1, max-image-preview:large, max-video-preview:-1\" \/>\n<link rel=\"canonical\" href=\"https:\/\/miumjau.ee\/fi\/tuote\/brit-care-dog-hypoallergenic-junior-large-breed-lamb-12-kg\/\" \/>\n<meta property=\"og:locale\" content=\"fi_FI\" \/>\n<meta property=\"og:type\" content=\"article\" \/>\n<meta property=\"og:title\" content=\"Brit Care Dog Hypoallergenic Junior Large Breed Lamb 12 kg - MiuMjau\" \/>\n<meta property=\"og:description\" content=\"Hypoallergeeninen lammas- ja riisiresepti suurille rotukoiran pennuille (yli 25 kg), 3 kk \u2013 2 v. T\u00e4ysravinto koirille. SUPERPREMIUM-HYPOALLERGEENINEN RUOKA YHDEN EL\u00c4INPER\u00c4ISEN PROTEIINIL\u00c4HTEEN KANSSA, SUUNNITELTU SUURTEN ROTUJEN PENTUJEN TERVEELLISEEN KASVUUN JA IMMUUNIJ\u00c4RJESTELM\u00c4N TUKEMISEEN.Valitut proteiininl\u00e4hteet eiv\u00e4t aiheuta allergioita, mik\u00e4 v\u00e4hent\u00e4\u00e4 allergisten reaktioiden riski\u00e4. Ruoka sopii erityisesti herkk\u00e4vatsaisille koirille, erikoisruokavaliota vaativille sek\u00e4 ruokien allergiariskille alttiille pennuille. Reseptit on rikastettu postbiooteilla, jotka tukevat suoliston tasapainoista mikroflooraa ja vahvistavat pentujen immuunij\u00e4rjestelm\u00e4\u00e4. Koostumus: Kuivattu lammas (42%), riisi (35%), kananrasva, kuivattu omenamassa, lohi\u00f6ljy (3%), panimohiiva, luonnollinen aromi, hydrolysoitu hiiva (0,5% \u2013 inositolin ja aminohappojen l\u00e4hde), hernejauho, glukosamiini (300 mg\/kg), frukto-oligosakkaridit (230 mg\/kg), kondroitiinisulfaatti (230 mg\/kg), mannan-oligosakkaridit (180 mg\/kg), Mojave-yucca (180 mg\/kg), maarianohdakkeen siemenet (110 mg\/kg), \u03b2-glukaanit (60 mg\/kg), kuivattu nokkonen (60 mg\/kg), kuivattu tyrni (60 mg\/kg), inaktivoitu probiootti Lactobacillus helveticus HA\u2013122 (15\u00d710\u2079 solua\/kg). Analyyttinen koostumus: Raakavalkuainen 28,0%, raakarasva 16,0%, kosteus 10,0%, raakatuha 7,0%, raakakuitu 2,2%, kalsium 1,3%, fosfori 1,0%, natrium 0,4%, omega-3-rasvahapot 0,7%, omega-6-rasvahapot 2,0%, EPA 0,05%, DHA 0,1%. Ravintolis\u00e4t (1 kg): A-vitamiini 23 000 IU, D\u2083-vitamiini 1 700 IU, E-vitamiini 550 mg, C-vitamiini 350 mg, tauriini 1 500 mg, koliinikloridi 1 800 mg, L-karnitiini 300 mg, B1-vitamiini 3 mg, B2-vitamiini 11 mg, biotiini 4 mg, foolihappo 1,4 mg, B6-vitamiini 3 mg, kalsium-D-pantotenaatti 30 mg, niasiiniamidi 38 mg, B12-vitamiini 0,12 mg, jodi 0,9 mg, orgaaninen sinkki 100 mg, orgaaninen mangaani 45 mg, orgaaninen kupari 20 mg, orgaaninen rauta 88 mg. Sis\u00e4lt\u00e4\u00e4 EU:ssa hyv\u00e4ksyttyj\u00e4 antioksidantteja: tokoferoliuutteet kasvi\u00f6ljyist\u00e4, askorbyylipalmitaatti ja rosmariiniuute. Metaboloituva energia: 3,850 kcal\/kg\" \/>\n<meta property=\"og:url\" content=\"https:\/\/miumjau.ee\/fi\/tuote\/brit-care-dog-hypoallergenic-junior-large-breed-lamb-12-kg\/\" \/>\n<meta property=\"og:site_name\" content=\"MiuMjau\" \/>\n<meta property=\"article:publisher\" content=\"https:\/\/www.facebook.com\/miumjaupood\/\" \/>\n<meta property=\"article:modified_time\" content=\"2026-01-07T20:40:48+00:00\" \/>\n<meta property=\"og:image\" content=\"https:\/\/miumjau.ee\/wp-content\/uploads\/2025\/04\/brit-care-junior-large-breed-lamb-Photoroom.webp\" \/>\n\t<meta property=\"og:image:width\" content=\"600\" \/>\n\t<meta property=\"og:image:height\" content=\"800\" \/>\n\t<meta property=\"og:image:type\" content=\"image\/webp\" \/>\n<meta name=\"twitter:card\" content=\"summary_large_image\" \/>\n<script type=\"application\/ld+json\" class=\"yoast-schema-graph\">{\"@context\":\"https:\/\/schema.org\",\"@graph\":[{\"@type\":\"WebPage\",\"@id\":\"https:\/\/miumjau.ee\/fi\/tuote\/brit-care-dog-hypoallergenic-junior-large-breed-lamb-12-kg\/\",\"url\":\"https:\/\/miumjau.ee\/fi\/tuote\/brit-care-dog-hypoallergenic-junior-large-breed-lamb-12-kg\/\",\"name\":\"Brit Care Dog Hypoallergenic Junior Large Breed Lamb 12 kg - MiuMjau\",\"isPartOf\":{\"@id\":\"https:\/\/miumjau.ee\/#website\"},\"primaryImageOfPage\":{\"@id\":\"https:\/\/miumjau.ee\/fi\/tuote\/brit-care-dog-hypoallergenic-junior-large-breed-lamb-12-kg\/#primaryimage\"},\"image\":{\"@id\":\"https:\/\/miumjau.ee\/fi\/tuote\/brit-care-dog-hypoallergenic-junior-large-breed-lamb-12-kg\/#primaryimage\"},\"thumbnailUrl\":\"https:\/\/miumjau.ee\/wp-content\/uploads\/2025\/04\/brit-care-junior-large-breed-lamb-Photoroom.webp\",\"datePublished\":\"2025-04-07T06:59:59+00:00\",\"dateModified\":\"2026-01-07T20:40:48+00:00\",\"breadcrumb\":{\"@id\":\"https:\/\/miumjau.ee\/fi\/tuote\/brit-care-dog-hypoallergenic-junior-large-breed-lamb-12-kg\/#breadcrumb\"},\"inLanguage\":\"fi\",\"potentialAction\":[{\"@type\":\"ReadAction\",\"target\":[\"https:\/\/miumjau.ee\/fi\/tuote\/brit-care-dog-hypoallergenic-junior-large-breed-lamb-12-kg\/\"]}]},{\"@type\":\"ImageObject\",\"inLanguage\":\"fi\",\"@id\":\"https:\/\/miumjau.ee\/fi\/tuote\/brit-care-dog-hypoallergenic-junior-large-breed-lamb-12-kg\/#primaryimage\",\"url\":\"https:\/\/miumjau.ee\/wp-content\/uploads\/2025\/04\/brit-care-junior-large-breed-lamb-Photoroom.webp\",\"contentUrl\":\"https:\/\/miumjau.ee\/wp-content\/uploads\/2025\/04\/brit-care-junior-large-breed-lamb-Photoroom.webp\",\"width\":600,\"height\":800,\"caption\":\"Brit Care koeratoit, kr\u00f5binad\"},{\"@type\":\"BreadcrumbList\",\"@id\":\"https:\/\/miumjau.ee\/fi\/tuote\/brit-care-dog-hypoallergenic-junior-large-breed-lamb-12-kg\/#breadcrumb\",\"itemListElement\":[{\"@type\":\"ListItem\",\"position\":1,\"name\":\"Home\",\"item\":\"https:\/\/miumjau.ee\/fi\/\"},{\"@type\":\"ListItem\",\"position\":2,\"name\":\"Kauppa\",\"item\":\"https:\/\/miumjau.ee\/fi\/kauppa\/\"},{\"@type\":\"ListItem\",\"position\":3,\"name\":\"Brit Care Dog Hypoallergenic Junior Large Breed Lamb 12 kg\"}]},{\"@type\":\"WebSite\",\"@id\":\"https:\/\/miumjau.ee\/#website\",\"url\":\"https:\/\/miumjau.ee\/\",\"name\":\"MiuMjau\",\"description\":\"Kraapimispuud kassidele\",\"publisher\":{\"@id\":\"https:\/\/miumjau.ee\/#organization\"},\"potentialAction\":[{\"@type\":\"SearchAction\",\"target\":{\"@type\":\"EntryPoint\",\"urlTemplate\":\"https:\/\/miumjau.ee\/?s={search_term_string}\"},\"query-input\":{\"@type\":\"PropertyValueSpecification\",\"valueRequired\":true,\"valueName\":\"search_term_string\"}}],\"inLanguage\":\"fi\"},{\"@type\":\"Organization\",\"@id\":\"https:\/\/miumjau.ee\/#organization\",\"name\":\"MiuMjau O\u00dc\",\"url\":\"https:\/\/miumjau.ee\/\",\"logo\":{\"@type\":\"ImageObject\",\"inLanguage\":\"fi\",\"@id\":\"https:\/\/miumjau.ee\/#\/schema\/logo\/image\/\",\"url\":\"https:\/\/miumjau.ee\/wp-content\/uploads\/2022\/04\/MiuMjau-logo-kollane.png\",\"contentUrl\":\"https:\/\/miumjau.ee\/wp-content\/uploads\/2022\/04\/MiuMjau-logo-kollane.png\",\"width\":219,\"height\":100,\"caption\":\"MiuMjau O\u00dc\"},\"image\":{\"@id\":\"https:\/\/miumjau.ee\/#\/schema\/logo\/image\/\"},\"sameAs\":[\"https:\/\/www.facebook.com\/miumjaupood\/\"]}]}<\/script>\n<!-- \/ Yoast SEO plugin. -->","yoast_head_json":{"title":"Brit Care Dog Hypoallergenic Junior Large Breed Lamb 12 kg - MiuMjau","robots":{"index":"index","follow":"follow","max-snippet":"max-snippet:-1","max-image-preview":"max-image-preview:large","max-video-preview":"max-video-preview:-1"},"canonical":"https:\/\/miumjau.ee\/fi\/tuote\/brit-care-dog-hypoallergenic-junior-large-breed-lamb-12-kg\/","og_locale":"fi_FI","og_type":"article","og_title":"Brit Care Dog Hypoallergenic Junior Large Breed Lamb 12 kg - MiuMjau","og_description":"Hypoallergeeninen lammas- ja riisiresepti suurille rotukoiran pennuille (yli 25 kg), 3 kk \u2013 2 v. T\u00e4ysravinto koirille. SUPERPREMIUM-HYPOALLERGEENINEN RUOKA YHDEN EL\u00c4INPER\u00c4ISEN PROTEIINIL\u00c4HTEEN KANSSA, SUUNNITELTU SUURTEN ROTUJEN PENTUJEN TERVEELLISEEN KASVUUN JA IMMUUNIJ\u00c4RJESTELM\u00c4N TUKEMISEEN.Valitut proteiininl\u00e4hteet eiv\u00e4t aiheuta allergioita, mik\u00e4 v\u00e4hent\u00e4\u00e4 allergisten reaktioiden riski\u00e4. Ruoka sopii erityisesti herkk\u00e4vatsaisille koirille, erikoisruokavaliota vaativille sek\u00e4 ruokien allergiariskille alttiille pennuille. Reseptit on rikastettu postbiooteilla, jotka tukevat suoliston tasapainoista mikroflooraa ja vahvistavat pentujen immuunij\u00e4rjestelm\u00e4\u00e4. Koostumus: Kuivattu lammas (42%), riisi (35%), kananrasva, kuivattu omenamassa, lohi\u00f6ljy (3%), panimohiiva, luonnollinen aromi, hydrolysoitu hiiva (0,5% \u2013 inositolin ja aminohappojen l\u00e4hde), hernejauho, glukosamiini (300 mg\/kg), frukto-oligosakkaridit (230 mg\/kg), kondroitiinisulfaatti (230 mg\/kg), mannan-oligosakkaridit (180 mg\/kg), Mojave-yucca (180 mg\/kg), maarianohdakkeen siemenet (110 mg\/kg), \u03b2-glukaanit (60 mg\/kg), kuivattu nokkonen (60 mg\/kg), kuivattu tyrni (60 mg\/kg), inaktivoitu probiootti Lactobacillus helveticus HA\u2013122 (15\u00d710\u2079 solua\/kg). Analyyttinen koostumus: Raakavalkuainen 28,0%, raakarasva 16,0%, kosteus 10,0%, raakatuha 7,0%, raakakuitu 2,2%, kalsium 1,3%, fosfori 1,0%, natrium 0,4%, omega-3-rasvahapot 0,7%, omega-6-rasvahapot 2,0%, EPA 0,05%, DHA 0,1%. Ravintolis\u00e4t (1 kg): A-vitamiini 23 000 IU, D\u2083-vitamiini 1 700 IU, E-vitamiini 550 mg, C-vitamiini 350 mg, tauriini 1 500 mg, koliinikloridi 1 800 mg, L-karnitiini 300 mg, B1-vitamiini 3 mg, B2-vitamiini 11 mg, biotiini 4 mg, foolihappo 1,4 mg, B6-vitamiini 3 mg, kalsium-D-pantotenaatti 30 mg, niasiiniamidi 38 mg, B12-vitamiini 0,12 mg, jodi 0,9 mg, orgaaninen sinkki 100 mg, orgaaninen mangaani 45 mg, orgaaninen kupari 20 mg, orgaaninen rauta 88 mg. Sis\u00e4lt\u00e4\u00e4 EU:ssa hyv\u00e4ksyttyj\u00e4 antioksidantteja: tokoferoliuutteet kasvi\u00f6ljyist\u00e4, askorbyylipalmitaatti ja rosmariiniuute. Metaboloituva energia: 3,850 kcal\/kg","og_url":"https:\/\/miumjau.ee\/fi\/tuote\/brit-care-dog-hypoallergenic-junior-large-breed-lamb-12-kg\/","og_site_name":"MiuMjau","article_publisher":"https:\/\/www.facebook.com\/miumjaupood\/","article_modified_time":"2026-01-07T20:40:48+00:00","og_image":[{"width":600,"height":800,"url":"https:\/\/miumjau.ee\/wp-content\/uploads\/2025\/04\/brit-care-junior-large-breed-lamb-Photoroom.webp","type":"image\/webp"}],"twitter_card":"summary_large_image","schema":{"@context":"https:\/\/schema.org","@graph":[{"@type":"WebPage","@id":"https:\/\/miumjau.ee\/fi\/tuote\/brit-care-dog-hypoallergenic-junior-large-breed-lamb-12-kg\/","url":"https:\/\/miumjau.ee\/fi\/tuote\/brit-care-dog-hypoallergenic-junior-large-breed-lamb-12-kg\/","name":"Brit Care Dog Hypoallergenic Junior Large Breed Lamb 12 kg - MiuMjau","isPartOf":{"@id":"https:\/\/miumjau.ee\/#website"},"primaryImageOfPage":{"@id":"https:\/\/miumjau.ee\/fi\/tuote\/brit-care-dog-hypoallergenic-junior-large-breed-lamb-12-kg\/#primaryimage"},"image":{"@id":"https:\/\/miumjau.ee\/fi\/tuote\/brit-care-dog-hypoallergenic-junior-large-breed-lamb-12-kg\/#primaryimage"},"thumbnailUrl":"https:\/\/miumjau.ee\/wp-content\/uploads\/2025\/04\/brit-care-junior-large-breed-lamb-Photoroom.webp","datePublished":"2025-04-07T06:59:59+00:00","dateModified":"2026-01-07T20:40:48+00:00","breadcrumb":{"@id":"https:\/\/miumjau.ee\/fi\/tuote\/brit-care-dog-hypoallergenic-junior-large-breed-lamb-12-kg\/#breadcrumb"},"inLanguage":"fi","potentialAction":[{"@type":"ReadAction","target":["https:\/\/miumjau.ee\/fi\/tuote\/brit-care-dog-hypoallergenic-junior-large-breed-lamb-12-kg\/"]}]},{"@type":"ImageObject","inLanguage":"fi","@id":"https:\/\/miumjau.ee\/fi\/tuote\/brit-care-dog-hypoallergenic-junior-large-breed-lamb-12-kg\/#primaryimage","url":"https:\/\/miumjau.ee\/wp-content\/uploads\/2025\/04\/brit-care-junior-large-breed-lamb-Photoroom.webp","contentUrl":"https:\/\/miumjau.ee\/wp-content\/uploads\/2025\/04\/brit-care-junior-large-breed-lamb-Photoroom.webp","width":600,"height":800,"caption":"Brit Care koeratoit, kr\u00f5binad"},{"@type":"BreadcrumbList","@id":"https:\/\/miumjau.ee\/fi\/tuote\/brit-care-dog-hypoallergenic-junior-large-breed-lamb-12-kg\/#breadcrumb","itemListElement":[{"@type":"ListItem","position":1,"name":"Home","item":"https:\/\/miumjau.ee\/fi\/"},{"@type":"ListItem","position":2,"name":"Kauppa","item":"https:\/\/miumjau.ee\/fi\/kauppa\/"},{"@type":"ListItem","position":3,"name":"Brit Care Dog Hypoallergenic Junior Large Breed Lamb 12 kg"}]},{"@type":"WebSite","@id":"https:\/\/miumjau.ee\/#website","url":"https:\/\/miumjau.ee\/","name":"MiuMjau","description":"Kraapimispuud kassidele","publisher":{"@id":"https:\/\/miumjau.ee\/#organization"},"potentialAction":[{"@type":"SearchAction","target":{"@type":"EntryPoint","urlTemplate":"https:\/\/miumjau.ee\/?s={search_term_string}"},"query-input":{"@type":"PropertyValueSpecification","valueRequired":true,"valueName":"search_term_string"}}],"inLanguage":"fi"},{"@type":"Organization","@id":"https:\/\/miumjau.ee\/#organization","name":"MiuMjau O\u00dc","url":"https:\/\/miumjau.ee\/","logo":{"@type":"ImageObject","inLanguage":"fi","@id":"https:\/\/miumjau.ee\/#\/schema\/logo\/image\/","url":"https:\/\/miumjau.ee\/wp-content\/uploads\/2022\/04\/MiuMjau-logo-kollane.png","contentUrl":"https:\/\/miumjau.ee\/wp-content\/uploads\/2022\/04\/MiuMjau-logo-kollane.png","width":219,"height":100,"caption":"MiuMjau O\u00dc"},"image":{"@id":"https:\/\/miumjau.ee\/#\/schema\/logo\/image\/"},"sameAs":["https:\/\/www.facebook.com\/miumjaupood\/"]}]}},"_links":{"self":[{"href":"https:\/\/miumjau.ee\/fi\/wp-json\/wp\/v2\/product\/51634","targetHints":{"allow":["GET"]}}],"collection":[{"href":"https:\/\/miumjau.ee\/fi\/wp-json\/wp\/v2\/product"}],"about":[{"href":"https:\/\/miumjau.ee\/fi\/wp-json\/wp\/v2\/types\/product"}],"wp:featuredmedia":[{"embeddable":true,"href":"https:\/\/miumjau.ee\/fi\/wp-json\/wp\/v2\/media\/31774"}],"wp:attachment":[{"href":"https:\/\/miumjau.ee\/fi\/wp-json\/wp\/v2\/media?parent=51634"}],"wp:term":[{"taxonomy":"product_brand","embeddable":true,"href":"https:\/\/miumjau.ee\/fi\/wp-json\/wp\/v2\/product_brand?post=51634"},{"taxonomy":"product_cat","embeddable":true,"href":"https:\/\/miumjau.ee\/fi\/wp-json\/wp\/v2\/product_cat?post=51634"},{"taxonomy":"product_tag","embeddable":true,"href":"https:\/\/miumjau.ee\/fi\/wp-json\/wp\/v2\/product_tag?post=51634"}],"curies":[{"name":"wp","href":"https:\/\/api.w.org\/{rel}","templated":true}]}}