{"id":51623,"date":"2025-04-07T10:03:09","date_gmt":"2025-04-07T07:03:09","guid":{"rendered":"https:\/\/miumjau.ee\/toode\/brit-care-dog-hypoallergenic-dog-show-champion-3-kg\/"},"modified":"2026-01-07T22:40:48","modified_gmt":"2026-01-07T20:40:48","slug":"brit-care-dog-hypoallergenic-dog-show-champion-3-kg","status":"publish","type":"product","link":"https:\/\/miumjau.ee\/fi\/tuote\/brit-care-dog-hypoallergenic-dog-show-champion-3-kg\/","title":{"rendered":"Brit Care Dog Hypoallergenic Dog Show Champion 3 kg"},"content":{"rendered":"","protected":false},"excerpt":{"rendered":"<p data-start=\"2269\" data-end=\"2407\">Hypoallergeeninen t\u00e4ysravinto lohella ja sillill\u00e4 aikuisille koirille \u2013 ihanteellinen n\u00e4yttelykoirien erinomaisen kunnon yll\u00e4pit\u00e4miseen.<\/p>\n<p data-start=\"2409\" data-end=\"2568\">Superpremium-luokan hypoallergeeninen koiranruoka yhdell\u00e4 el\u00e4inper\u00e4isell\u00e4 proteiinil\u00e4hteell\u00e4, suunniteltu erityisesti pit\u00e4m\u00e4\u00e4n n\u00e4yttelykoirat huippukunnossa.<\/p>\n<p data-start=\"2570\" data-end=\"2948\">Omega-3-rasvahapot kuten ALA, EPA ja DHA tukevat ihon kosteutta ja antavat turkille terveellisen, kiilt\u00e4v\u00e4n ulkon\u00e4\u00f6n. L-triptofani tukee rauhallista mielialaa stressaavissa tilanteissa. Ruoka on rikastettu probiooteilla ruoansulatuksen tukemiseksi ja immuunij\u00e4rjestelm\u00e4n vahvistamiseksi sek\u00e4 maarianohdakkeen siemenill\u00e4 maksan toiminnan tukemiseksi ja myrkkyjen poistamiseksi.<\/p>\n<p data-start=\"2950\" data-end=\"3569\"><strong data-start=\"2950\" data-end=\"2964\">Koostumus:<\/strong> Lohi (36%) (kuivattu lohi, hydrolysoitu lohi), riisi (26%), kuivattu silli (14%), kananrasva, pellavansiemenet (4%), kuivattu omenamassa, lohi\u00f6ljy (3%), luonnollinen aromi, panimohiiva, kuivattu lev\u00e4 (0,5%, <em data-start=\"3172\" data-end=\"3198\">Schizochytrium limacinum<\/em>), hernejauho, glukosamiini (300 mg\/kg), frukto-oligosakkaridit (230 mg\/kg), kondroitiinisulfaatti (230 mg\/kg), mannan-oligosakkaridit (180 mg\/kg), Mojave-yucca (180 mg\/kg), maarianohdakkeen siemenet (110 mg\/kg), \u03b2-glukaanit (60 mg\/kg), kuivattu em\u00e4juuri (60 mg\/kg), kuivattu tyrni (60 mg\/kg), inaktivoitu probiootti <em data-start=\"3515\" data-end=\"3541\">Lactobacillus helveticus<\/em> HA\u2013122 (15\u00d710\u2079 solua\/kg).<\/p>\n<p data-start=\"3571\" data-end=\"3802\"><strong data-start=\"3571\" data-end=\"3598\">Analyyttinen koostumus:<\/strong> Raakavalkuainen 26,0%, raakarasva 16,0%, kosteus 10,0%, raakatuha 5,8%, raakakuitu 3,0%, kalsium 1,1%, fosfori 0,9%, natrium 0,4%, omega-3-rasvahapot 2,1%, omega-6-rasvahapot 2,2%, EPA 0,1%, DHA 0,25%.<\/p>\n<p data-start=\"3804\" data-end=\"4175\"><strong data-start=\"3804\" data-end=\"3828\">Ravintolis\u00e4t (1 kg):<\/strong> A-vitamiini 23 000 IU, D\u2083-vitamiini 1 700 IU, E-vitamiini 550 mg, C-vitamiini 350 mg, tauriini 1 500 mg, koliinikloridi 1 800 mg, L-karnitiini 300 mg, vitamiinit B1, B2, B6, B12, biotiini, foolihappo, pantoteenihappo, niasiiniamidi.<br data-start=\"4061\" data-end=\"4064\" \/>Mineralit: jodi 0,9 mg, orgaaninen sinkki 100 mg, mangaani 45 mg, kupari 20 mg, rauta 88 mg, seleeni 0,18 mg.<\/p>\n<p data-start=\"4177\" data-end=\"4299\">Sis\u00e4lt\u00e4\u00e4 EU:ssa hyv\u00e4ksyttyj\u00e4 antioksidantteja: tokoferoliuutteet kasvi\u00f6ljyist\u00e4, askorbyylipalmitaatti ja rosmariiniuute.<\/p>\n<p data-start=\"4301\" data-end=\"4343\"><strong data-start=\"4301\" data-end=\"4327\">Metaboloituva energia:<\/strong> 3 830 kcal\/kg<\/p>\n","protected":false},"featured_media":31766,"template":"","meta":[],"product_brand":[],"product_cat":[478],"product_tag":[],"class_list":{"0":"post-51623","1":"product","2":"type-product","3":"status-publish","4":"has-post-thumbnail","6":"product_cat-kuivaruoka-koirille","8":"first","9":"instock","10":"sale","11":"taxable","12":"shipping-taxable","13":"purchasable","14":"product-type-simple"},"yoast_head":"<!-- This site is optimized with the Yoast SEO plugin v27.2 - https:\/\/yoast.com\/product\/yoast-seo-wordpress\/ -->\n<title>Brit Care Dog Hypoallergenic Dog Show Champion 3 kg - MiuMjau<\/title>\n<meta name=\"robots\" content=\"index, follow, max-snippet:-1, max-image-preview:large, max-video-preview:-1\" \/>\n<link rel=\"canonical\" href=\"https:\/\/miumjau.ee\/fi\/tuote\/brit-care-dog-hypoallergenic-dog-show-champion-3-kg\/\" \/>\n<meta property=\"og:locale\" content=\"fi_FI\" \/>\n<meta property=\"og:type\" content=\"article\" \/>\n<meta property=\"og:title\" content=\"Brit Care Dog Hypoallergenic Dog Show Champion 3 kg - MiuMjau\" \/>\n<meta property=\"og:description\" content=\"Hypoallergeeninen t\u00e4ysravinto lohella ja sillill\u00e4 aikuisille koirille \u2013 ihanteellinen n\u00e4yttelykoirien erinomaisen kunnon yll\u00e4pit\u00e4miseen. Superpremium-luokan hypoallergeeninen koiranruoka yhdell\u00e4 el\u00e4inper\u00e4isell\u00e4 proteiinil\u00e4hteell\u00e4, suunniteltu erityisesti pit\u00e4m\u00e4\u00e4n n\u00e4yttelykoirat huippukunnossa. Omega-3-rasvahapot kuten ALA, EPA ja DHA tukevat ihon kosteutta ja antavat turkille terveellisen, kiilt\u00e4v\u00e4n ulkon\u00e4\u00f6n. L-triptofani tukee rauhallista mielialaa stressaavissa tilanteissa. Ruoka on rikastettu probiooteilla ruoansulatuksen tukemiseksi ja immuunij\u00e4rjestelm\u00e4n vahvistamiseksi sek\u00e4 maarianohdakkeen siemenill\u00e4 maksan toiminnan tukemiseksi ja myrkkyjen poistamiseksi. Koostumus: Lohi (36%) (kuivattu lohi, hydrolysoitu lohi), riisi (26%), kuivattu silli (14%), kananrasva, pellavansiemenet (4%), kuivattu omenamassa, lohi\u00f6ljy (3%), luonnollinen aromi, panimohiiva, kuivattu lev\u00e4 (0,5%, Schizochytrium limacinum), hernejauho, glukosamiini (300 mg\/kg), frukto-oligosakkaridit (230 mg\/kg), kondroitiinisulfaatti (230 mg\/kg), mannan-oligosakkaridit (180 mg\/kg), Mojave-yucca (180 mg\/kg), maarianohdakkeen siemenet (110 mg\/kg), \u03b2-glukaanit (60 mg\/kg), kuivattu em\u00e4juuri (60 mg\/kg), kuivattu tyrni (60 mg\/kg), inaktivoitu probiootti Lactobacillus helveticus HA\u2013122 (15\u00d710\u2079 solua\/kg). Analyyttinen koostumus: Raakavalkuainen 26,0%, raakarasva 16,0%, kosteus 10,0%, raakatuha 5,8%, raakakuitu 3,0%, kalsium 1,1%, fosfori 0,9%, natrium 0,4%, omega-3-rasvahapot 2,1%, omega-6-rasvahapot 2,2%, EPA 0,1%, DHA 0,25%. Ravintolis\u00e4t (1 kg): A-vitamiini 23 000 IU, D\u2083-vitamiini 1 700 IU, E-vitamiini 550 mg, C-vitamiini 350 mg, tauriini 1 500 mg, koliinikloridi 1 800 mg, L-karnitiini 300 mg, vitamiinit B1, B2, B6, B12, biotiini, foolihappo, pantoteenihappo, niasiiniamidi.Mineralit: jodi 0,9 mg, orgaaninen sinkki 100 mg, mangaani 45 mg, kupari 20 mg, rauta 88 mg, seleeni 0,18 mg. Sis\u00e4lt\u00e4\u00e4 EU:ssa hyv\u00e4ksyttyj\u00e4 antioksidantteja: tokoferoliuutteet kasvi\u00f6ljyist\u00e4, askorbyylipalmitaatti ja rosmariiniuute. Metaboloituva energia: 3 830 kcal\/kg\" \/>\n<meta property=\"og:url\" content=\"https:\/\/miumjau.ee\/fi\/tuote\/brit-care-dog-hypoallergenic-dog-show-champion-3-kg\/\" \/>\n<meta property=\"og:site_name\" content=\"MiuMjau\" \/>\n<meta property=\"article:publisher\" content=\"https:\/\/www.facebook.com\/miumjaupood\/\" \/>\n<meta property=\"article:modified_time\" content=\"2026-01-07T20:40:48+00:00\" \/>\n<meta property=\"og:image\" content=\"https:\/\/miumjau.ee\/wp-content\/uploads\/2025\/04\/brit-care-dog-show-champion-Photoroom.webp\" \/>\n\t<meta property=\"og:image:width\" content=\"600\" \/>\n\t<meta property=\"og:image:height\" content=\"800\" \/>\n\t<meta property=\"og:image:type\" content=\"image\/webp\" \/>\n<meta name=\"twitter:card\" content=\"summary_large_image\" \/>\n<script type=\"application\/ld+json\" class=\"yoast-schema-graph\">{\"@context\":\"https:\/\/schema.org\",\"@graph\":[{\"@type\":\"WebPage\",\"@id\":\"https:\/\/miumjau.ee\/fi\/tuote\/brit-care-dog-hypoallergenic-dog-show-champion-3-kg\/\",\"url\":\"https:\/\/miumjau.ee\/fi\/tuote\/brit-care-dog-hypoallergenic-dog-show-champion-3-kg\/\",\"name\":\"Brit Care Dog Hypoallergenic Dog Show Champion 3 kg - MiuMjau\",\"isPartOf\":{\"@id\":\"https:\/\/miumjau.ee\/#website\"},\"primaryImageOfPage\":{\"@id\":\"https:\/\/miumjau.ee\/fi\/tuote\/brit-care-dog-hypoallergenic-dog-show-champion-3-kg\/#primaryimage\"},\"image\":{\"@id\":\"https:\/\/miumjau.ee\/fi\/tuote\/brit-care-dog-hypoallergenic-dog-show-champion-3-kg\/#primaryimage\"},\"thumbnailUrl\":\"https:\/\/miumjau.ee\/wp-content\/uploads\/2025\/04\/brit-care-dog-show-champion-Photoroom.webp\",\"datePublished\":\"2025-04-07T07:03:09+00:00\",\"dateModified\":\"2026-01-07T20:40:48+00:00\",\"breadcrumb\":{\"@id\":\"https:\/\/miumjau.ee\/fi\/tuote\/brit-care-dog-hypoallergenic-dog-show-champion-3-kg\/#breadcrumb\"},\"inLanguage\":\"fi\",\"potentialAction\":[{\"@type\":\"ReadAction\",\"target\":[\"https:\/\/miumjau.ee\/fi\/tuote\/brit-care-dog-hypoallergenic-dog-show-champion-3-kg\/\"]}]},{\"@type\":\"ImageObject\",\"inLanguage\":\"fi\",\"@id\":\"https:\/\/miumjau.ee\/fi\/tuote\/brit-care-dog-hypoallergenic-dog-show-champion-3-kg\/#primaryimage\",\"url\":\"https:\/\/miumjau.ee\/wp-content\/uploads\/2025\/04\/brit-care-dog-show-champion-Photoroom.webp\",\"contentUrl\":\"https:\/\/miumjau.ee\/wp-content\/uploads\/2025\/04\/brit-care-dog-show-champion-Photoroom.webp\",\"width\":600,\"height\":800,\"caption\":\"Brit Care koeratoit, kr\u00f5binad\"},{\"@type\":\"BreadcrumbList\",\"@id\":\"https:\/\/miumjau.ee\/fi\/tuote\/brit-care-dog-hypoallergenic-dog-show-champion-3-kg\/#breadcrumb\",\"itemListElement\":[{\"@type\":\"ListItem\",\"position\":1,\"name\":\"Home\",\"item\":\"https:\/\/miumjau.ee\/fi\/\"},{\"@type\":\"ListItem\",\"position\":2,\"name\":\"Kauppa\",\"item\":\"https:\/\/miumjau.ee\/fi\/kauppa\/\"},{\"@type\":\"ListItem\",\"position\":3,\"name\":\"Brit Care Dog Hypoallergenic Dog Show Champion 3 kg\"}]},{\"@type\":\"WebSite\",\"@id\":\"https:\/\/miumjau.ee\/#website\",\"url\":\"https:\/\/miumjau.ee\/\",\"name\":\"MiuMjau\",\"description\":\"Kraapimispuud kassidele\",\"publisher\":{\"@id\":\"https:\/\/miumjau.ee\/#organization\"},\"potentialAction\":[{\"@type\":\"SearchAction\",\"target\":{\"@type\":\"EntryPoint\",\"urlTemplate\":\"https:\/\/miumjau.ee\/?s={search_term_string}\"},\"query-input\":{\"@type\":\"PropertyValueSpecification\",\"valueRequired\":true,\"valueName\":\"search_term_string\"}}],\"inLanguage\":\"fi\"},{\"@type\":\"Organization\",\"@id\":\"https:\/\/miumjau.ee\/#organization\",\"name\":\"MiuMjau O\u00dc\",\"url\":\"https:\/\/miumjau.ee\/\",\"logo\":{\"@type\":\"ImageObject\",\"inLanguage\":\"fi\",\"@id\":\"https:\/\/miumjau.ee\/#\/schema\/logo\/image\/\",\"url\":\"https:\/\/miumjau.ee\/wp-content\/uploads\/2022\/04\/MiuMjau-logo-kollane.png\",\"contentUrl\":\"https:\/\/miumjau.ee\/wp-content\/uploads\/2022\/04\/MiuMjau-logo-kollane.png\",\"width\":219,\"height\":100,\"caption\":\"MiuMjau O\u00dc\"},\"image\":{\"@id\":\"https:\/\/miumjau.ee\/#\/schema\/logo\/image\/\"},\"sameAs\":[\"https:\/\/www.facebook.com\/miumjaupood\/\"]}]}<\/script>\n<!-- \/ Yoast SEO plugin. -->","yoast_head_json":{"title":"Brit Care Dog Hypoallergenic Dog Show Champion 3 kg - MiuMjau","robots":{"index":"index","follow":"follow","max-snippet":"max-snippet:-1","max-image-preview":"max-image-preview:large","max-video-preview":"max-video-preview:-1"},"canonical":"https:\/\/miumjau.ee\/fi\/tuote\/brit-care-dog-hypoallergenic-dog-show-champion-3-kg\/","og_locale":"fi_FI","og_type":"article","og_title":"Brit Care Dog Hypoallergenic Dog Show Champion 3 kg - MiuMjau","og_description":"Hypoallergeeninen t\u00e4ysravinto lohella ja sillill\u00e4 aikuisille koirille \u2013 ihanteellinen n\u00e4yttelykoirien erinomaisen kunnon yll\u00e4pit\u00e4miseen. Superpremium-luokan hypoallergeeninen koiranruoka yhdell\u00e4 el\u00e4inper\u00e4isell\u00e4 proteiinil\u00e4hteell\u00e4, suunniteltu erityisesti pit\u00e4m\u00e4\u00e4n n\u00e4yttelykoirat huippukunnossa. Omega-3-rasvahapot kuten ALA, EPA ja DHA tukevat ihon kosteutta ja antavat turkille terveellisen, kiilt\u00e4v\u00e4n ulkon\u00e4\u00f6n. L-triptofani tukee rauhallista mielialaa stressaavissa tilanteissa. Ruoka on rikastettu probiooteilla ruoansulatuksen tukemiseksi ja immuunij\u00e4rjestelm\u00e4n vahvistamiseksi sek\u00e4 maarianohdakkeen siemenill\u00e4 maksan toiminnan tukemiseksi ja myrkkyjen poistamiseksi. Koostumus: Lohi (36%) (kuivattu lohi, hydrolysoitu lohi), riisi (26%), kuivattu silli (14%), kananrasva, pellavansiemenet (4%), kuivattu omenamassa, lohi\u00f6ljy (3%), luonnollinen aromi, panimohiiva, kuivattu lev\u00e4 (0,5%, Schizochytrium limacinum), hernejauho, glukosamiini (300 mg\/kg), frukto-oligosakkaridit (230 mg\/kg), kondroitiinisulfaatti (230 mg\/kg), mannan-oligosakkaridit (180 mg\/kg), Mojave-yucca (180 mg\/kg), maarianohdakkeen siemenet (110 mg\/kg), \u03b2-glukaanit (60 mg\/kg), kuivattu em\u00e4juuri (60 mg\/kg), kuivattu tyrni (60 mg\/kg), inaktivoitu probiootti Lactobacillus helveticus HA\u2013122 (15\u00d710\u2079 solua\/kg). Analyyttinen koostumus: Raakavalkuainen 26,0%, raakarasva 16,0%, kosteus 10,0%, raakatuha 5,8%, raakakuitu 3,0%, kalsium 1,1%, fosfori 0,9%, natrium 0,4%, omega-3-rasvahapot 2,1%, omega-6-rasvahapot 2,2%, EPA 0,1%, DHA 0,25%. Ravintolis\u00e4t (1 kg): A-vitamiini 23 000 IU, D\u2083-vitamiini 1 700 IU, E-vitamiini 550 mg, C-vitamiini 350 mg, tauriini 1 500 mg, koliinikloridi 1 800 mg, L-karnitiini 300 mg, vitamiinit B1, B2, B6, B12, biotiini, foolihappo, pantoteenihappo, niasiiniamidi.Mineralit: jodi 0,9 mg, orgaaninen sinkki 100 mg, mangaani 45 mg, kupari 20 mg, rauta 88 mg, seleeni 0,18 mg. Sis\u00e4lt\u00e4\u00e4 EU:ssa hyv\u00e4ksyttyj\u00e4 antioksidantteja: tokoferoliuutteet kasvi\u00f6ljyist\u00e4, askorbyylipalmitaatti ja rosmariiniuute. Metaboloituva energia: 3 830 kcal\/kg","og_url":"https:\/\/miumjau.ee\/fi\/tuote\/brit-care-dog-hypoallergenic-dog-show-champion-3-kg\/","og_site_name":"MiuMjau","article_publisher":"https:\/\/www.facebook.com\/miumjaupood\/","article_modified_time":"2026-01-07T20:40:48+00:00","og_image":[{"width":600,"height":800,"url":"https:\/\/miumjau.ee\/wp-content\/uploads\/2025\/04\/brit-care-dog-show-champion-Photoroom.webp","type":"image\/webp"}],"twitter_card":"summary_large_image","schema":{"@context":"https:\/\/schema.org","@graph":[{"@type":"WebPage","@id":"https:\/\/miumjau.ee\/fi\/tuote\/brit-care-dog-hypoallergenic-dog-show-champion-3-kg\/","url":"https:\/\/miumjau.ee\/fi\/tuote\/brit-care-dog-hypoallergenic-dog-show-champion-3-kg\/","name":"Brit Care Dog Hypoallergenic Dog Show Champion 3 kg - MiuMjau","isPartOf":{"@id":"https:\/\/miumjau.ee\/#website"},"primaryImageOfPage":{"@id":"https:\/\/miumjau.ee\/fi\/tuote\/brit-care-dog-hypoallergenic-dog-show-champion-3-kg\/#primaryimage"},"image":{"@id":"https:\/\/miumjau.ee\/fi\/tuote\/brit-care-dog-hypoallergenic-dog-show-champion-3-kg\/#primaryimage"},"thumbnailUrl":"https:\/\/miumjau.ee\/wp-content\/uploads\/2025\/04\/brit-care-dog-show-champion-Photoroom.webp","datePublished":"2025-04-07T07:03:09+00:00","dateModified":"2026-01-07T20:40:48+00:00","breadcrumb":{"@id":"https:\/\/miumjau.ee\/fi\/tuote\/brit-care-dog-hypoallergenic-dog-show-champion-3-kg\/#breadcrumb"},"inLanguage":"fi","potentialAction":[{"@type":"ReadAction","target":["https:\/\/miumjau.ee\/fi\/tuote\/brit-care-dog-hypoallergenic-dog-show-champion-3-kg\/"]}]},{"@type":"ImageObject","inLanguage":"fi","@id":"https:\/\/miumjau.ee\/fi\/tuote\/brit-care-dog-hypoallergenic-dog-show-champion-3-kg\/#primaryimage","url":"https:\/\/miumjau.ee\/wp-content\/uploads\/2025\/04\/brit-care-dog-show-champion-Photoroom.webp","contentUrl":"https:\/\/miumjau.ee\/wp-content\/uploads\/2025\/04\/brit-care-dog-show-champion-Photoroom.webp","width":600,"height":800,"caption":"Brit Care koeratoit, kr\u00f5binad"},{"@type":"BreadcrumbList","@id":"https:\/\/miumjau.ee\/fi\/tuote\/brit-care-dog-hypoallergenic-dog-show-champion-3-kg\/#breadcrumb","itemListElement":[{"@type":"ListItem","position":1,"name":"Home","item":"https:\/\/miumjau.ee\/fi\/"},{"@type":"ListItem","position":2,"name":"Kauppa","item":"https:\/\/miumjau.ee\/fi\/kauppa\/"},{"@type":"ListItem","position":3,"name":"Brit Care Dog Hypoallergenic Dog Show Champion 3 kg"}]},{"@type":"WebSite","@id":"https:\/\/miumjau.ee\/#website","url":"https:\/\/miumjau.ee\/","name":"MiuMjau","description":"Kraapimispuud kassidele","publisher":{"@id":"https:\/\/miumjau.ee\/#organization"},"potentialAction":[{"@type":"SearchAction","target":{"@type":"EntryPoint","urlTemplate":"https:\/\/miumjau.ee\/?s={search_term_string}"},"query-input":{"@type":"PropertyValueSpecification","valueRequired":true,"valueName":"search_term_string"}}],"inLanguage":"fi"},{"@type":"Organization","@id":"https:\/\/miumjau.ee\/#organization","name":"MiuMjau O\u00dc","url":"https:\/\/miumjau.ee\/","logo":{"@type":"ImageObject","inLanguage":"fi","@id":"https:\/\/miumjau.ee\/#\/schema\/logo\/image\/","url":"https:\/\/miumjau.ee\/wp-content\/uploads\/2022\/04\/MiuMjau-logo-kollane.png","contentUrl":"https:\/\/miumjau.ee\/wp-content\/uploads\/2022\/04\/MiuMjau-logo-kollane.png","width":219,"height":100,"caption":"MiuMjau O\u00dc"},"image":{"@id":"https:\/\/miumjau.ee\/#\/schema\/logo\/image\/"},"sameAs":["https:\/\/www.facebook.com\/miumjaupood\/"]}]}},"_links":{"self":[{"href":"https:\/\/miumjau.ee\/fi\/wp-json\/wp\/v2\/product\/51623","targetHints":{"allow":["GET"]}}],"collection":[{"href":"https:\/\/miumjau.ee\/fi\/wp-json\/wp\/v2\/product"}],"about":[{"href":"https:\/\/miumjau.ee\/fi\/wp-json\/wp\/v2\/types\/product"}],"wp:featuredmedia":[{"embeddable":true,"href":"https:\/\/miumjau.ee\/fi\/wp-json\/wp\/v2\/media\/31766"}],"wp:attachment":[{"href":"https:\/\/miumjau.ee\/fi\/wp-json\/wp\/v2\/media?parent=51623"}],"wp:term":[{"taxonomy":"product_brand","embeddable":true,"href":"https:\/\/miumjau.ee\/fi\/wp-json\/wp\/v2\/product_brand?post=51623"},{"taxonomy":"product_cat","embeddable":true,"href":"https:\/\/miumjau.ee\/fi\/wp-json\/wp\/v2\/product_cat?post=51623"},{"taxonomy":"product_tag","embeddable":true,"href":"https:\/\/miumjau.ee\/fi\/wp-json\/wp\/v2\/product_tag?post=51623"}],"curies":[{"name":"wp","href":"https:\/\/api.w.org\/{rel}","templated":true}]}}