{"id":51605,"date":"2025-04-07T10:17:45","date_gmt":"2025-04-07T07:17:45","guid":{"rendered":"https:\/\/miumjau.ee\/toode\/brit-care-dog-hypoallergenic-puppy-penturuoka-12-kg\/"},"modified":"2026-01-07T22:40:55","modified_gmt":"2026-01-07T20:40:55","slug":"brit-care-dog-hypoallergenic-puppy-penturuoka-12-kg","status":"publish","type":"product","link":"https:\/\/miumjau.ee\/fi\/tuote\/brit-care-dog-hypoallergenic-puppy-penturuoka-12-kg\/","title":{"rendered":"Brit Care Dog Hypoallergenic Puppy -penturuoka 12 kg"},"content":{"rendered":"","protected":false},"excerpt":{"rendered":"<p data-start=\"2222\" data-end=\"2916\">Hypoallergeeninen t\u00e4ysravinto lampaanlihalla ja riisill\u00e4 pennuille ja nuorille koirille (4 viikkoa\u201312 kuukautta) kaikille roduille.<br data-start=\"2353\" data-end=\"2356\" \/>Superpremium-luokan hypoallergeeninen ruoka, jossa on yksi el\u00e4inper\u00e4inen proteiininl\u00e4hde allergisten reaktioiden ehk\u00e4isemiseksi. Ihanteellinen kaikille pennuille. Valitut proteiinil\u00e4hteet ovat ei-allergisoivia ja v\u00e4hent\u00e4v\u00e4t allergisten reaktioiden riski\u00e4. Soveltuu erityisesti koirille, joilla on herkk\u00e4 ruoansulatus, erityiset ravitsemustarpeet tai alttius ruoka-aineallergioille. Resepti on rikastettu postbiooteilla tasapainoisen suolistomikroflooran tukemiseksi sek\u00e4 maarianohdakkeella maksan toiminnan tukemiseksi ja haitallisten toksiinien poistamiseksi.<\/p>\n<p data-start=\"2918\" data-end=\"3484\"><strong data-start=\"2918\" data-end=\"2932\">Koostumus:<\/strong> Kuivattu lampaanliha (46%), riisi (30%), kananrasva, lohi\u00f6ljy (3%), panimohiiva, luonnollinen aromi, kuivattu omenamassa, hydrolysoitu hiiva (0,5% \u2013 inositolin ja aminohappojen l\u00e4hde), hernejauho, glukosamiini (300 mg\/kg), frukto-oligosakkaridit (230 mg\/kg), kondroitiinisulfaatti (230 mg\/kg), mannan-oligosakkaridit (180 mg\/kg), Mojave-yucca (180 mg\/kg), maarianohdakkeen siemenet (110 mg\/kg), \u03b2-glukaanit (60 mg\/kg), kuivattu em\u00e4juuri (60 mg\/kg), kuivattu tyrni (60 mg\/kg), inaktivoitu probiootti <em data-start=\"3432\" data-end=\"3458\">Lactobacillus helveticus<\/em> HA\u2013122 (15\u00d710\u2079 solua\/kg).<\/p>\n<p data-start=\"3486\" data-end=\"3715\"><strong data-start=\"3486\" data-end=\"3513\">Analyyttinen koostumus:<\/strong> Raakavalkuainen 32,0%, raakarasva 18,0%, kosteus 10,0%, raakatuha 7,7%, raakakuitu 1,5%, kalsium 1,4%, fosfori 1,1%, natrium 0,4%, omega-3-rasvahapot 0,8%, omega-6-rasvahapot 2,2%, EPA 0,05%, DHA 0,1%.<\/p>\n<p data-start=\"3717\" data-end=\"4195\"><strong data-start=\"3717\" data-end=\"3741\">Ravintolis\u00e4t (1 kg):<\/strong> A-vitamiini 23 000 IU, D\u2083-vitamiini 1 700 IU, E-vitamiini 550 mg, C-vitamiini 350 mg, tauriini 1 500 mg, koliinikloridi 1 800 mg, L-karnitiini 300 mg, vitamiinit B1, B2, B6, B12, biotiini, foolihappo, pantoteenihappo, niasiiniamidi. Mineraalit: jodi 0,9 mg, sinkki 100 mg, mangaani 45 mg, kupari 20 mg, rauta 88 mg. Sis\u00e4lt\u00e4\u00e4 EU:ssa hyv\u00e4ksyttyj\u00e4 antioksidantteja: tokoferoliuutteet kasvi\u00f6ljyist\u00e4 (1b306(i)), askorbyylipalmitaatti (1b304), rosmariiniuute.<\/p>\n<p data-start=\"4197\" data-end=\"4237\"><strong data-start=\"4197\" data-end=\"4223\">Metaboloituva energia:<\/strong> 3 980 kcal\/kg<\/p>\n","protected":false},"featured_media":31836,"template":"","meta":[],"product_brand":[],"product_cat":[478],"product_tag":[],"class_list":{"0":"post-51605","1":"product","2":"type-product","3":"status-publish","4":"has-post-thumbnail","6":"product_cat-kuivaruoka-koirille","8":"first","9":"instock","10":"sale","11":"taxable","12":"shipping-taxable","13":"purchasable","14":"product-type-simple"},"yoast_head":"<!-- This site is optimized with the Yoast SEO plugin v27.2 - https:\/\/yoast.com\/product\/yoast-seo-wordpress\/ -->\n<title>Brit Care Dog Hypoallergenic Puppy -penturuoka 12 kg - MiuMjau<\/title>\n<meta name=\"robots\" content=\"index, follow, max-snippet:-1, max-image-preview:large, max-video-preview:-1\" \/>\n<link rel=\"canonical\" href=\"https:\/\/miumjau.ee\/fi\/tuote\/brit-care-dog-hypoallergenic-puppy-penturuoka-12-kg\/\" \/>\n<meta property=\"og:locale\" content=\"fi_FI\" \/>\n<meta property=\"og:type\" content=\"article\" \/>\n<meta property=\"og:title\" content=\"Brit Care Dog Hypoallergenic Puppy -penturuoka 12 kg - MiuMjau\" \/>\n<meta property=\"og:description\" content=\"Hypoallergeeninen t\u00e4ysravinto lampaanlihalla ja riisill\u00e4 pennuille ja nuorille koirille (4 viikkoa\u201312 kuukautta) kaikille roduille.Superpremium-luokan hypoallergeeninen ruoka, jossa on yksi el\u00e4inper\u00e4inen proteiininl\u00e4hde allergisten reaktioiden ehk\u00e4isemiseksi. Ihanteellinen kaikille pennuille. Valitut proteiinil\u00e4hteet ovat ei-allergisoivia ja v\u00e4hent\u00e4v\u00e4t allergisten reaktioiden riski\u00e4. Soveltuu erityisesti koirille, joilla on herkk\u00e4 ruoansulatus, erityiset ravitsemustarpeet tai alttius ruoka-aineallergioille. Resepti on rikastettu postbiooteilla tasapainoisen suolistomikroflooran tukemiseksi sek\u00e4 maarianohdakkeella maksan toiminnan tukemiseksi ja haitallisten toksiinien poistamiseksi. Koostumus: Kuivattu lampaanliha (46%), riisi (30%), kananrasva, lohi\u00f6ljy (3%), panimohiiva, luonnollinen aromi, kuivattu omenamassa, hydrolysoitu hiiva (0,5% \u2013 inositolin ja aminohappojen l\u00e4hde), hernejauho, glukosamiini (300 mg\/kg), frukto-oligosakkaridit (230 mg\/kg), kondroitiinisulfaatti (230 mg\/kg), mannan-oligosakkaridit (180 mg\/kg), Mojave-yucca (180 mg\/kg), maarianohdakkeen siemenet (110 mg\/kg), \u03b2-glukaanit (60 mg\/kg), kuivattu em\u00e4juuri (60 mg\/kg), kuivattu tyrni (60 mg\/kg), inaktivoitu probiootti Lactobacillus helveticus HA\u2013122 (15\u00d710\u2079 solua\/kg). Analyyttinen koostumus: Raakavalkuainen 32,0%, raakarasva 18,0%, kosteus 10,0%, raakatuha 7,7%, raakakuitu 1,5%, kalsium 1,4%, fosfori 1,1%, natrium 0,4%, omega-3-rasvahapot 0,8%, omega-6-rasvahapot 2,2%, EPA 0,05%, DHA 0,1%. Ravintolis\u00e4t (1 kg): A-vitamiini 23 000 IU, D\u2083-vitamiini 1 700 IU, E-vitamiini 550 mg, C-vitamiini 350 mg, tauriini 1 500 mg, koliinikloridi 1 800 mg, L-karnitiini 300 mg, vitamiinit B1, B2, B6, B12, biotiini, foolihappo, pantoteenihappo, niasiiniamidi. Mineraalit: jodi 0,9 mg, sinkki 100 mg, mangaani 45 mg, kupari 20 mg, rauta 88 mg. Sis\u00e4lt\u00e4\u00e4 EU:ssa hyv\u00e4ksyttyj\u00e4 antioksidantteja: tokoferoliuutteet kasvi\u00f6ljyist\u00e4 (1b306(i)), askorbyylipalmitaatti (1b304), rosmariiniuute. Metaboloituva energia: 3 980 kcal\/kg\" \/>\n<meta property=\"og:url\" content=\"https:\/\/miumjau.ee\/fi\/tuote\/brit-care-dog-hypoallergenic-puppy-penturuoka-12-kg\/\" \/>\n<meta property=\"og:site_name\" content=\"MiuMjau\" \/>\n<meta property=\"article:publisher\" content=\"https:\/\/www.facebook.com\/miumjaupood\/\" \/>\n<meta property=\"article:modified_time\" content=\"2026-01-07T20:40:55+00:00\" \/>\n<meta property=\"og:image\" content=\"https:\/\/miumjau.ee\/wp-content\/uploads\/2025\/04\/brit-care-hypoallergenicpuppy-kuivtoit.jpg\" \/>\n\t<meta property=\"og:image:width\" content=\"600\" \/>\n\t<meta property=\"og:image:height\" content=\"800\" \/>\n\t<meta property=\"og:image:type\" content=\"image\/jpeg\" \/>\n<meta name=\"twitter:card\" content=\"summary_large_image\" \/>\n<script type=\"application\/ld+json\" class=\"yoast-schema-graph\">{\"@context\":\"https:\/\/schema.org\",\"@graph\":[{\"@type\":\"WebPage\",\"@id\":\"https:\/\/miumjau.ee\/fi\/tuote\/brit-care-dog-hypoallergenic-puppy-penturuoka-12-kg\/\",\"url\":\"https:\/\/miumjau.ee\/fi\/tuote\/brit-care-dog-hypoallergenic-puppy-penturuoka-12-kg\/\",\"name\":\"Brit Care Dog Hypoallergenic Puppy -penturuoka 12 kg - MiuMjau\",\"isPartOf\":{\"@id\":\"https:\/\/miumjau.ee\/#website\"},\"primaryImageOfPage\":{\"@id\":\"https:\/\/miumjau.ee\/fi\/tuote\/brit-care-dog-hypoallergenic-puppy-penturuoka-12-kg\/#primaryimage\"},\"image\":{\"@id\":\"https:\/\/miumjau.ee\/fi\/tuote\/brit-care-dog-hypoallergenic-puppy-penturuoka-12-kg\/#primaryimage\"},\"thumbnailUrl\":\"https:\/\/miumjau.ee\/wp-content\/uploads\/2025\/04\/brit-care-hypoallergenicpuppy-kuivtoit.jpg\",\"datePublished\":\"2025-04-07T07:17:45+00:00\",\"dateModified\":\"2026-01-07T20:40:55+00:00\",\"breadcrumb\":{\"@id\":\"https:\/\/miumjau.ee\/fi\/tuote\/brit-care-dog-hypoallergenic-puppy-penturuoka-12-kg\/#breadcrumb\"},\"inLanguage\":\"fi\",\"potentialAction\":[{\"@type\":\"ReadAction\",\"target\":[\"https:\/\/miumjau.ee\/fi\/tuote\/brit-care-dog-hypoallergenic-puppy-penturuoka-12-kg\/\"]}]},{\"@type\":\"ImageObject\",\"inLanguage\":\"fi\",\"@id\":\"https:\/\/miumjau.ee\/fi\/tuote\/brit-care-dog-hypoallergenic-puppy-penturuoka-12-kg\/#primaryimage\",\"url\":\"https:\/\/miumjau.ee\/wp-content\/uploads\/2025\/04\/brit-care-hypoallergenicpuppy-kuivtoit.jpg\",\"contentUrl\":\"https:\/\/miumjau.ee\/wp-content\/uploads\/2025\/04\/brit-care-hypoallergenicpuppy-kuivtoit.jpg\",\"width\":600,\"height\":800,\"caption\":\"Brit Care Hypoallergenic kutsikate toit\"},{\"@type\":\"BreadcrumbList\",\"@id\":\"https:\/\/miumjau.ee\/fi\/tuote\/brit-care-dog-hypoallergenic-puppy-penturuoka-12-kg\/#breadcrumb\",\"itemListElement\":[{\"@type\":\"ListItem\",\"position\":1,\"name\":\"Home\",\"item\":\"https:\/\/miumjau.ee\/fi\/\"},{\"@type\":\"ListItem\",\"position\":2,\"name\":\"Kauppa\",\"item\":\"https:\/\/miumjau.ee\/fi\/kauppa\/\"},{\"@type\":\"ListItem\",\"position\":3,\"name\":\"Brit Care Dog Hypoallergenic Puppy -penturuoka 12 kg\"}]},{\"@type\":\"WebSite\",\"@id\":\"https:\/\/miumjau.ee\/#website\",\"url\":\"https:\/\/miumjau.ee\/\",\"name\":\"MiuMjau\",\"description\":\"Kraapimispuud kassidele\",\"publisher\":{\"@id\":\"https:\/\/miumjau.ee\/#organization\"},\"potentialAction\":[{\"@type\":\"SearchAction\",\"target\":{\"@type\":\"EntryPoint\",\"urlTemplate\":\"https:\/\/miumjau.ee\/?s={search_term_string}\"},\"query-input\":{\"@type\":\"PropertyValueSpecification\",\"valueRequired\":true,\"valueName\":\"search_term_string\"}}],\"inLanguage\":\"fi\"},{\"@type\":\"Organization\",\"@id\":\"https:\/\/miumjau.ee\/#organization\",\"name\":\"MiuMjau O\u00dc\",\"url\":\"https:\/\/miumjau.ee\/\",\"logo\":{\"@type\":\"ImageObject\",\"inLanguage\":\"fi\",\"@id\":\"https:\/\/miumjau.ee\/#\/schema\/logo\/image\/\",\"url\":\"https:\/\/miumjau.ee\/wp-content\/uploads\/2022\/04\/MiuMjau-logo-kollane.png\",\"contentUrl\":\"https:\/\/miumjau.ee\/wp-content\/uploads\/2022\/04\/MiuMjau-logo-kollane.png\",\"width\":219,\"height\":100,\"caption\":\"MiuMjau O\u00dc\"},\"image\":{\"@id\":\"https:\/\/miumjau.ee\/#\/schema\/logo\/image\/\"},\"sameAs\":[\"https:\/\/www.facebook.com\/miumjaupood\/\"]}]}<\/script>\n<!-- \/ Yoast SEO plugin. -->","yoast_head_json":{"title":"Brit Care Dog Hypoallergenic Puppy -penturuoka 12 kg - MiuMjau","robots":{"index":"index","follow":"follow","max-snippet":"max-snippet:-1","max-image-preview":"max-image-preview:large","max-video-preview":"max-video-preview:-1"},"canonical":"https:\/\/miumjau.ee\/fi\/tuote\/brit-care-dog-hypoallergenic-puppy-penturuoka-12-kg\/","og_locale":"fi_FI","og_type":"article","og_title":"Brit Care Dog Hypoallergenic Puppy -penturuoka 12 kg - MiuMjau","og_description":"Hypoallergeeninen t\u00e4ysravinto lampaanlihalla ja riisill\u00e4 pennuille ja nuorille koirille (4 viikkoa\u201312 kuukautta) kaikille roduille.Superpremium-luokan hypoallergeeninen ruoka, jossa on yksi el\u00e4inper\u00e4inen proteiininl\u00e4hde allergisten reaktioiden ehk\u00e4isemiseksi. Ihanteellinen kaikille pennuille. Valitut proteiinil\u00e4hteet ovat ei-allergisoivia ja v\u00e4hent\u00e4v\u00e4t allergisten reaktioiden riski\u00e4. Soveltuu erityisesti koirille, joilla on herkk\u00e4 ruoansulatus, erityiset ravitsemustarpeet tai alttius ruoka-aineallergioille. Resepti on rikastettu postbiooteilla tasapainoisen suolistomikroflooran tukemiseksi sek\u00e4 maarianohdakkeella maksan toiminnan tukemiseksi ja haitallisten toksiinien poistamiseksi. Koostumus: Kuivattu lampaanliha (46%), riisi (30%), kananrasva, lohi\u00f6ljy (3%), panimohiiva, luonnollinen aromi, kuivattu omenamassa, hydrolysoitu hiiva (0,5% \u2013 inositolin ja aminohappojen l\u00e4hde), hernejauho, glukosamiini (300 mg\/kg), frukto-oligosakkaridit (230 mg\/kg), kondroitiinisulfaatti (230 mg\/kg), mannan-oligosakkaridit (180 mg\/kg), Mojave-yucca (180 mg\/kg), maarianohdakkeen siemenet (110 mg\/kg), \u03b2-glukaanit (60 mg\/kg), kuivattu em\u00e4juuri (60 mg\/kg), kuivattu tyrni (60 mg\/kg), inaktivoitu probiootti Lactobacillus helveticus HA\u2013122 (15\u00d710\u2079 solua\/kg). Analyyttinen koostumus: Raakavalkuainen 32,0%, raakarasva 18,0%, kosteus 10,0%, raakatuha 7,7%, raakakuitu 1,5%, kalsium 1,4%, fosfori 1,1%, natrium 0,4%, omega-3-rasvahapot 0,8%, omega-6-rasvahapot 2,2%, EPA 0,05%, DHA 0,1%. Ravintolis\u00e4t (1 kg): A-vitamiini 23 000 IU, D\u2083-vitamiini 1 700 IU, E-vitamiini 550 mg, C-vitamiini 350 mg, tauriini 1 500 mg, koliinikloridi 1 800 mg, L-karnitiini 300 mg, vitamiinit B1, B2, B6, B12, biotiini, foolihappo, pantoteenihappo, niasiiniamidi. Mineraalit: jodi 0,9 mg, sinkki 100 mg, mangaani 45 mg, kupari 20 mg, rauta 88 mg. Sis\u00e4lt\u00e4\u00e4 EU:ssa hyv\u00e4ksyttyj\u00e4 antioksidantteja: tokoferoliuutteet kasvi\u00f6ljyist\u00e4 (1b306(i)), askorbyylipalmitaatti (1b304), rosmariiniuute. Metaboloituva energia: 3 980 kcal\/kg","og_url":"https:\/\/miumjau.ee\/fi\/tuote\/brit-care-dog-hypoallergenic-puppy-penturuoka-12-kg\/","og_site_name":"MiuMjau","article_publisher":"https:\/\/www.facebook.com\/miumjaupood\/","article_modified_time":"2026-01-07T20:40:55+00:00","og_image":[{"width":600,"height":800,"url":"https:\/\/miumjau.ee\/wp-content\/uploads\/2025\/04\/brit-care-hypoallergenicpuppy-kuivtoit.jpg","type":"image\/jpeg"}],"twitter_card":"summary_large_image","schema":{"@context":"https:\/\/schema.org","@graph":[{"@type":"WebPage","@id":"https:\/\/miumjau.ee\/fi\/tuote\/brit-care-dog-hypoallergenic-puppy-penturuoka-12-kg\/","url":"https:\/\/miumjau.ee\/fi\/tuote\/brit-care-dog-hypoallergenic-puppy-penturuoka-12-kg\/","name":"Brit Care Dog Hypoallergenic Puppy -penturuoka 12 kg - MiuMjau","isPartOf":{"@id":"https:\/\/miumjau.ee\/#website"},"primaryImageOfPage":{"@id":"https:\/\/miumjau.ee\/fi\/tuote\/brit-care-dog-hypoallergenic-puppy-penturuoka-12-kg\/#primaryimage"},"image":{"@id":"https:\/\/miumjau.ee\/fi\/tuote\/brit-care-dog-hypoallergenic-puppy-penturuoka-12-kg\/#primaryimage"},"thumbnailUrl":"https:\/\/miumjau.ee\/wp-content\/uploads\/2025\/04\/brit-care-hypoallergenicpuppy-kuivtoit.jpg","datePublished":"2025-04-07T07:17:45+00:00","dateModified":"2026-01-07T20:40:55+00:00","breadcrumb":{"@id":"https:\/\/miumjau.ee\/fi\/tuote\/brit-care-dog-hypoallergenic-puppy-penturuoka-12-kg\/#breadcrumb"},"inLanguage":"fi","potentialAction":[{"@type":"ReadAction","target":["https:\/\/miumjau.ee\/fi\/tuote\/brit-care-dog-hypoallergenic-puppy-penturuoka-12-kg\/"]}]},{"@type":"ImageObject","inLanguage":"fi","@id":"https:\/\/miumjau.ee\/fi\/tuote\/brit-care-dog-hypoallergenic-puppy-penturuoka-12-kg\/#primaryimage","url":"https:\/\/miumjau.ee\/wp-content\/uploads\/2025\/04\/brit-care-hypoallergenicpuppy-kuivtoit.jpg","contentUrl":"https:\/\/miumjau.ee\/wp-content\/uploads\/2025\/04\/brit-care-hypoallergenicpuppy-kuivtoit.jpg","width":600,"height":800,"caption":"Brit Care Hypoallergenic kutsikate toit"},{"@type":"BreadcrumbList","@id":"https:\/\/miumjau.ee\/fi\/tuote\/brit-care-dog-hypoallergenic-puppy-penturuoka-12-kg\/#breadcrumb","itemListElement":[{"@type":"ListItem","position":1,"name":"Home","item":"https:\/\/miumjau.ee\/fi\/"},{"@type":"ListItem","position":2,"name":"Kauppa","item":"https:\/\/miumjau.ee\/fi\/kauppa\/"},{"@type":"ListItem","position":3,"name":"Brit Care Dog Hypoallergenic Puppy -penturuoka 12 kg"}]},{"@type":"WebSite","@id":"https:\/\/miumjau.ee\/#website","url":"https:\/\/miumjau.ee\/","name":"MiuMjau","description":"Kraapimispuud kassidele","publisher":{"@id":"https:\/\/miumjau.ee\/#organization"},"potentialAction":[{"@type":"SearchAction","target":{"@type":"EntryPoint","urlTemplate":"https:\/\/miumjau.ee\/?s={search_term_string}"},"query-input":{"@type":"PropertyValueSpecification","valueRequired":true,"valueName":"search_term_string"}}],"inLanguage":"fi"},{"@type":"Organization","@id":"https:\/\/miumjau.ee\/#organization","name":"MiuMjau O\u00dc","url":"https:\/\/miumjau.ee\/","logo":{"@type":"ImageObject","inLanguage":"fi","@id":"https:\/\/miumjau.ee\/#\/schema\/logo\/image\/","url":"https:\/\/miumjau.ee\/wp-content\/uploads\/2022\/04\/MiuMjau-logo-kollane.png","contentUrl":"https:\/\/miumjau.ee\/wp-content\/uploads\/2022\/04\/MiuMjau-logo-kollane.png","width":219,"height":100,"caption":"MiuMjau O\u00dc"},"image":{"@id":"https:\/\/miumjau.ee\/#\/schema\/logo\/image\/"},"sameAs":["https:\/\/www.facebook.com\/miumjaupood\/"]}]}},"_links":{"self":[{"href":"https:\/\/miumjau.ee\/fi\/wp-json\/wp\/v2\/product\/51605","targetHints":{"allow":["GET"]}}],"collection":[{"href":"https:\/\/miumjau.ee\/fi\/wp-json\/wp\/v2\/product"}],"about":[{"href":"https:\/\/miumjau.ee\/fi\/wp-json\/wp\/v2\/types\/product"}],"wp:featuredmedia":[{"embeddable":true,"href":"https:\/\/miumjau.ee\/fi\/wp-json\/wp\/v2\/media\/31836"}],"wp:attachment":[{"href":"https:\/\/miumjau.ee\/fi\/wp-json\/wp\/v2\/media?parent=51605"}],"wp:term":[{"taxonomy":"product_brand","embeddable":true,"href":"https:\/\/miumjau.ee\/fi\/wp-json\/wp\/v2\/product_brand?post=51605"},{"taxonomy":"product_cat","embeddable":true,"href":"https:\/\/miumjau.ee\/fi\/wp-json\/wp\/v2\/product_cat?post=51605"},{"taxonomy":"product_tag","embeddable":true,"href":"https:\/\/miumjau.ee\/fi\/wp-json\/wp\/v2\/product_tag?post=51605"}],"curies":[{"name":"wp","href":"https:\/\/api.w.org\/{rel}","templated":true}]}}