{"id":51579,"date":"2025-04-07T10:43:55","date_gmt":"2025-04-07T07:43:55","guid":{"rendered":"https:\/\/miumjau.ee\/toode\/brit-care-dog-grain-free-puppy-lohta-12-kg\/"},"modified":"2026-01-07T22:40:55","modified_gmt":"2026-01-07T20:40:55","slug":"brit-care-dog-grain-free-puppy-lohta-12-kg","status":"publish","type":"product","link":"https:\/\/miumjau.ee\/fi\/tuote\/brit-care-dog-grain-free-puppy-lohta-12-kg\/","title":{"rendered":"Brit Care Dog Grain-free Puppy Lohta \u2013 12\u202fkg"},"content":{"rendered":"","protected":false},"excerpt":{"rendered":"<p data-start=\"2028\" data-end=\"2210\">Hypoallergeeninen, viljaton ruoka pennuille ja nuorille koirille (4 viikkoa \u2013 12 kuukautta) kaikille roduille. Soveltuu my\u00f6s maidon sekaan, kun aloitellaan kuivaruokaan totuttelua.<\/p>\n<p data-start=\"2212\" data-end=\"2225\"><strong data-start=\"2212\" data-end=\"2223\">Hy\u00f6dyt:<\/strong><\/p>\n<ul data-start=\"2226\" data-end=\"2518\">\n<li data-start=\"2226\" data-end=\"2274\">\n<p data-start=\"2228\" data-end=\"2274\">Tukee tervett\u00e4 kasvua ja immuunij\u00e4rjestelm\u00e4\u00e4<\/p>\n<\/li>\n<li data-start=\"2275\" data-end=\"2379\">\n<p data-start=\"2277\" data-end=\"2379\">Korkea ravintoarvo: proteiinit ja rasvat tukevat ihoa, turkkia, aivotoimintaa ja optimaalista painoa<\/p>\n<\/li>\n<li data-start=\"2380\" data-end=\"2441\">\n<p data-start=\"2382\" data-end=\"2441\">Viljaton resepti sopii herkille tai allergisille koirille<\/p>\n<\/li>\n<li data-start=\"2442\" data-end=\"2518\">\n<p data-start=\"2444\" data-end=\"2518\">Omega-3 ja omega-6 rasvahapot tukevat pennun kokonaisvaltaista kehityst\u00e4<\/p>\n<\/li>\n<\/ul>\n<p data-start=\"2520\" data-end=\"3113\"><strong data-start=\"2520\" data-end=\"2534\">Ainesosat:<\/strong> Lohi (55\u202f%) (kuivattu lohi, hydrolysoitu lohi), perunat (26\u202f%), kananrasva, lohi\u00f6ljy (3\u202f%), kuivattu omenamassa, luonnollinen maku, oluthiiva, hydrolysoitu hiiva (0,5\u202f% \u2013 inositoli ja aminohappojen l\u00e4hde), hernejauho, glukosamiini (300\u202fmg\/kg), frukto-oligosakkaridit (230\u202fmg\/kg), kondroitiinisulfaatti (230\u202fmg\/kg), mannan-oligosakkaridit (180\u202fmg\/kg), Mojave jukka (180\u202fmg\/kg), maitohorsman siemenet (110\u202fmg\/kg), \u03b2-glukaanit (60\u202fmg\/kg), kuivattu kananmunankeltuainen (60\u202fmg\/kg), kuivattu tyrni (60\u202fmg\/kg), inaktivoitu probiootti Lactobacillus helveticus HA\u2013122 (15\u00d710\u2079 CFU\/kg).<\/p>\n<p data-start=\"3115\" data-end=\"3332\"><strong data-start=\"3115\" data-end=\"3142\">Analyyttinen koostumus:<\/strong> Proteiini 30\u202f%, rasva 18\u202f%, kosteus 10\u202f%, tuhka 7\u202f%, kuidut 2,5\u202f%, kalsium 1,2\u202f%, fosfori 0,9\u202f%, natrium 0,5\u202f%, omega-3 rasvahapot 1,3\u202f%, omega-6 rasvahapot 2,3\u202f%, EPA 0,12\u202f%, DHA 0,16\u202f%.<\/p>\n<p data-start=\"3334\" data-end=\"3808\"><strong data-start=\"3334\" data-end=\"3375\">Vitamiinit ja kivenn\u00e4isaineet per kg:<\/strong> A-vitamiini 23\u202f000\u202fIU, D3-vitamiini 1\u202f700\u202fIU, E-vitamiini 550\u202fmg, C-vitamiini 350\u202fmg, tauriini 1\u202f500\u202fmg, koliini 1\u202f800\u202fmg, L-karnitiini 300\u202fmg, B1, B2, B6, B12, biotiini, foolihappo, pantoteenihappo, niasiiniamidi. Mineraalit: jodi 0,9\u202fmg, sinkki 100\u202fmg, mangaani 45\u202fmg, kupari 20\u202fmg, rauta 88\u202fmg, seleeni 0,18\u202fmg. Sis\u00e4lt\u00e4\u00e4 EU:n hyv\u00e4ksymi\u00e4 antioksidantteja: tokoferoliuutteet kasvi\u00f6ljyst\u00e4, askorbyylipalmitaatti ja rosmariiniuute.<\/p>\n<p data-start=\"3810\" data-end=\"3850\"><strong data-start=\"3810\" data-end=\"3834\">Metaboloitu energia:<\/strong> 3\u202f930\u202fkcal\/kg<\/p>\n","protected":false},"featured_media":31770,"template":"","meta":[],"product_brand":[],"product_cat":[478],"product_tag":[],"class_list":{"0":"post-51579","1":"product","2":"type-product","3":"status-publish","4":"has-post-thumbnail","6":"product_cat-kuivaruoka-koirille","8":"first","9":"instock","10":"sale","11":"taxable","12":"shipping-taxable","13":"purchasable","14":"product-type-simple"},"yoast_head":"<!-- This site is optimized with the Yoast SEO plugin v27.2 - https:\/\/yoast.com\/product\/yoast-seo-wordpress\/ -->\n<title>Brit Care Dog Grain-free Puppy Lohta \u2013 12\u202fkg - MiuMjau<\/title>\n<meta name=\"robots\" content=\"index, follow, max-snippet:-1, max-image-preview:large, max-video-preview:-1\" \/>\n<link rel=\"canonical\" href=\"https:\/\/miumjau.ee\/fi\/tuote\/brit-care-dog-grain-free-puppy-lohta-12-kg\/\" \/>\n<meta property=\"og:locale\" content=\"fi_FI\" \/>\n<meta property=\"og:type\" content=\"article\" \/>\n<meta property=\"og:title\" content=\"Brit Care Dog Grain-free Puppy Lohta \u2013 12\u202fkg - MiuMjau\" \/>\n<meta property=\"og:description\" content=\"Hypoallergeeninen, viljaton ruoka pennuille ja nuorille koirille (4 viikkoa \u2013 12 kuukautta) kaikille roduille. Soveltuu my\u00f6s maidon sekaan, kun aloitellaan kuivaruokaan totuttelua. Hy\u00f6dyt:     Tukee tervett\u00e4 kasvua ja immuunij\u00e4rjestelm\u00e4\u00e4    Korkea ravintoarvo: proteiinit ja rasvat tukevat ihoa, turkkia, aivotoimintaa ja optimaalista painoa    Viljaton resepti sopii herkille tai allergisille koirille    Omega-3 ja omega-6 rasvahapot tukevat pennun kokonaisvaltaista kehityst\u00e4   Ainesosat: Lohi (55\u202f%) (kuivattu lohi, hydrolysoitu lohi), perunat (26\u202f%), kananrasva, lohi\u00f6ljy (3\u202f%), kuivattu omenamassa, luonnollinen maku, oluthiiva, hydrolysoitu hiiva (0,5\u202f% \u2013 inositoli ja aminohappojen l\u00e4hde), hernejauho, glukosamiini (300\u202fmg\/kg), frukto-oligosakkaridit (230\u202fmg\/kg), kondroitiinisulfaatti (230\u202fmg\/kg), mannan-oligosakkaridit (180\u202fmg\/kg), Mojave jukka (180\u202fmg\/kg), maitohorsman siemenet (110\u202fmg\/kg), \u03b2-glukaanit (60\u202fmg\/kg), kuivattu kananmunankeltuainen (60\u202fmg\/kg), kuivattu tyrni (60\u202fmg\/kg), inaktivoitu probiootti Lactobacillus helveticus HA\u2013122 (15\u00d710\u2079 CFU\/kg). Analyyttinen koostumus: Proteiini 30\u202f%, rasva 18\u202f%, kosteus 10\u202f%, tuhka 7\u202f%, kuidut 2,5\u202f%, kalsium 1,2\u202f%, fosfori 0,9\u202f%, natrium 0,5\u202f%, omega-3 rasvahapot 1,3\u202f%, omega-6 rasvahapot 2,3\u202f%, EPA 0,12\u202f%, DHA 0,16\u202f%. Vitamiinit ja kivenn\u00e4isaineet per kg: A-vitamiini 23\u202f000\u202fIU, D3-vitamiini 1\u202f700\u202fIU, E-vitamiini 550\u202fmg, C-vitamiini 350\u202fmg, tauriini 1\u202f500\u202fmg, koliini 1\u202f800\u202fmg, L-karnitiini 300\u202fmg, B1, B2, B6, B12, biotiini, foolihappo, pantoteenihappo, niasiiniamidi. Mineraalit: jodi 0,9\u202fmg, sinkki 100\u202fmg, mangaani 45\u202fmg, kupari 20\u202fmg, rauta 88\u202fmg, seleeni 0,18\u202fmg. Sis\u00e4lt\u00e4\u00e4 EU:n hyv\u00e4ksymi\u00e4 antioksidantteja: tokoferoliuutteet kasvi\u00f6ljyst\u00e4, askorbyylipalmitaatti ja rosmariiniuute. Metaboloitu energia: 3\u202f930\u202fkcal\/kg\" \/>\n<meta property=\"og:url\" content=\"https:\/\/miumjau.ee\/fi\/tuote\/brit-care-dog-grain-free-puppy-lohta-12-kg\/\" \/>\n<meta property=\"og:site_name\" content=\"MiuMjau\" \/>\n<meta property=\"article:publisher\" content=\"https:\/\/www.facebook.com\/miumjaupood\/\" \/>\n<meta property=\"article:modified_time\" content=\"2026-01-07T20:40:55+00:00\" \/>\n<meta property=\"og:image\" content=\"https:\/\/miumjau.ee\/wp-content\/uploads\/2025\/04\/brit-care-grainfree-puppy-salmon-Photoroom.webp\" \/>\n\t<meta property=\"og:image:width\" content=\"600\" \/>\n\t<meta property=\"og:image:height\" content=\"800\" \/>\n\t<meta property=\"og:image:type\" content=\"image\/webp\" \/>\n<meta name=\"twitter:card\" content=\"summary_large_image\" \/>\n<script type=\"application\/ld+json\" class=\"yoast-schema-graph\">{\"@context\":\"https:\/\/schema.org\",\"@graph\":[{\"@type\":\"WebPage\",\"@id\":\"https:\/\/miumjau.ee\/fi\/tuote\/brit-care-dog-grain-free-puppy-lohta-12-kg\/\",\"url\":\"https:\/\/miumjau.ee\/fi\/tuote\/brit-care-dog-grain-free-puppy-lohta-12-kg\/\",\"name\":\"Brit Care Dog Grain-free Puppy Lohta \u2013 12\u202fkg - MiuMjau\",\"isPartOf\":{\"@id\":\"https:\/\/miumjau.ee\/#website\"},\"primaryImageOfPage\":{\"@id\":\"https:\/\/miumjau.ee\/fi\/tuote\/brit-care-dog-grain-free-puppy-lohta-12-kg\/#primaryimage\"},\"image\":{\"@id\":\"https:\/\/miumjau.ee\/fi\/tuote\/brit-care-dog-grain-free-puppy-lohta-12-kg\/#primaryimage\"},\"thumbnailUrl\":\"https:\/\/miumjau.ee\/wp-content\/uploads\/2025\/04\/brit-care-grainfree-puppy-salmon-Photoroom.webp\",\"datePublished\":\"2025-04-07T07:43:55+00:00\",\"dateModified\":\"2026-01-07T20:40:55+00:00\",\"breadcrumb\":{\"@id\":\"https:\/\/miumjau.ee\/fi\/tuote\/brit-care-dog-grain-free-puppy-lohta-12-kg\/#breadcrumb\"},\"inLanguage\":\"fi\",\"potentialAction\":[{\"@type\":\"ReadAction\",\"target\":[\"https:\/\/miumjau.ee\/fi\/tuote\/brit-care-dog-grain-free-puppy-lohta-12-kg\/\"]}]},{\"@type\":\"ImageObject\",\"inLanguage\":\"fi\",\"@id\":\"https:\/\/miumjau.ee\/fi\/tuote\/brit-care-dog-grain-free-puppy-lohta-12-kg\/#primaryimage\",\"url\":\"https:\/\/miumjau.ee\/wp-content\/uploads\/2025\/04\/brit-care-grainfree-puppy-salmon-Photoroom.webp\",\"contentUrl\":\"https:\/\/miumjau.ee\/wp-content\/uploads\/2025\/04\/brit-care-grainfree-puppy-salmon-Photoroom.webp\",\"width\":600,\"height\":800,\"caption\":\"Brit Care koeratoit, kr\u00f5binad\"},{\"@type\":\"BreadcrumbList\",\"@id\":\"https:\/\/miumjau.ee\/fi\/tuote\/brit-care-dog-grain-free-puppy-lohta-12-kg\/#breadcrumb\",\"itemListElement\":[{\"@type\":\"ListItem\",\"position\":1,\"name\":\"Home\",\"item\":\"https:\/\/miumjau.ee\/fi\/\"},{\"@type\":\"ListItem\",\"position\":2,\"name\":\"Kauppa\",\"item\":\"https:\/\/miumjau.ee\/fi\/kauppa\/\"},{\"@type\":\"ListItem\",\"position\":3,\"name\":\"Brit Care Dog Grain-free Puppy Lohta \u2013 12\u202fkg\"}]},{\"@type\":\"WebSite\",\"@id\":\"https:\/\/miumjau.ee\/#website\",\"url\":\"https:\/\/miumjau.ee\/\",\"name\":\"MiuMjau\",\"description\":\"Kraapimispuud kassidele\",\"publisher\":{\"@id\":\"https:\/\/miumjau.ee\/#organization\"},\"potentialAction\":[{\"@type\":\"SearchAction\",\"target\":{\"@type\":\"EntryPoint\",\"urlTemplate\":\"https:\/\/miumjau.ee\/?s={search_term_string}\"},\"query-input\":{\"@type\":\"PropertyValueSpecification\",\"valueRequired\":true,\"valueName\":\"search_term_string\"}}],\"inLanguage\":\"fi\"},{\"@type\":\"Organization\",\"@id\":\"https:\/\/miumjau.ee\/#organization\",\"name\":\"MiuMjau O\u00dc\",\"url\":\"https:\/\/miumjau.ee\/\",\"logo\":{\"@type\":\"ImageObject\",\"inLanguage\":\"fi\",\"@id\":\"https:\/\/miumjau.ee\/#\/schema\/logo\/image\/\",\"url\":\"https:\/\/miumjau.ee\/wp-content\/uploads\/2022\/04\/MiuMjau-logo-kollane.png\",\"contentUrl\":\"https:\/\/miumjau.ee\/wp-content\/uploads\/2022\/04\/MiuMjau-logo-kollane.png\",\"width\":219,\"height\":100,\"caption\":\"MiuMjau O\u00dc\"},\"image\":{\"@id\":\"https:\/\/miumjau.ee\/#\/schema\/logo\/image\/\"},\"sameAs\":[\"https:\/\/www.facebook.com\/miumjaupood\/\"]}]}<\/script>\n<!-- \/ Yoast SEO plugin. -->","yoast_head_json":{"title":"Brit Care Dog Grain-free Puppy Lohta \u2013 12\u202fkg - MiuMjau","robots":{"index":"index","follow":"follow","max-snippet":"max-snippet:-1","max-image-preview":"max-image-preview:large","max-video-preview":"max-video-preview:-1"},"canonical":"https:\/\/miumjau.ee\/fi\/tuote\/brit-care-dog-grain-free-puppy-lohta-12-kg\/","og_locale":"fi_FI","og_type":"article","og_title":"Brit Care Dog Grain-free Puppy Lohta \u2013 12\u202fkg - MiuMjau","og_description":"Hypoallergeeninen, viljaton ruoka pennuille ja nuorille koirille (4 viikkoa \u2013 12 kuukautta) kaikille roduille. Soveltuu my\u00f6s maidon sekaan, kun aloitellaan kuivaruokaan totuttelua. Hy\u00f6dyt:     Tukee tervett\u00e4 kasvua ja immuunij\u00e4rjestelm\u00e4\u00e4    Korkea ravintoarvo: proteiinit ja rasvat tukevat ihoa, turkkia, aivotoimintaa ja optimaalista painoa    Viljaton resepti sopii herkille tai allergisille koirille    Omega-3 ja omega-6 rasvahapot tukevat pennun kokonaisvaltaista kehityst\u00e4   Ainesosat: Lohi (55\u202f%) (kuivattu lohi, hydrolysoitu lohi), perunat (26\u202f%), kananrasva, lohi\u00f6ljy (3\u202f%), kuivattu omenamassa, luonnollinen maku, oluthiiva, hydrolysoitu hiiva (0,5\u202f% \u2013 inositoli ja aminohappojen l\u00e4hde), hernejauho, glukosamiini (300\u202fmg\/kg), frukto-oligosakkaridit (230\u202fmg\/kg), kondroitiinisulfaatti (230\u202fmg\/kg), mannan-oligosakkaridit (180\u202fmg\/kg), Mojave jukka (180\u202fmg\/kg), maitohorsman siemenet (110\u202fmg\/kg), \u03b2-glukaanit (60\u202fmg\/kg), kuivattu kananmunankeltuainen (60\u202fmg\/kg), kuivattu tyrni (60\u202fmg\/kg), inaktivoitu probiootti Lactobacillus helveticus HA\u2013122 (15\u00d710\u2079 CFU\/kg). Analyyttinen koostumus: Proteiini 30\u202f%, rasva 18\u202f%, kosteus 10\u202f%, tuhka 7\u202f%, kuidut 2,5\u202f%, kalsium 1,2\u202f%, fosfori 0,9\u202f%, natrium 0,5\u202f%, omega-3 rasvahapot 1,3\u202f%, omega-6 rasvahapot 2,3\u202f%, EPA 0,12\u202f%, DHA 0,16\u202f%. Vitamiinit ja kivenn\u00e4isaineet per kg: A-vitamiini 23\u202f000\u202fIU, D3-vitamiini 1\u202f700\u202fIU, E-vitamiini 550\u202fmg, C-vitamiini 350\u202fmg, tauriini 1\u202f500\u202fmg, koliini 1\u202f800\u202fmg, L-karnitiini 300\u202fmg, B1, B2, B6, B12, biotiini, foolihappo, pantoteenihappo, niasiiniamidi. Mineraalit: jodi 0,9\u202fmg, sinkki 100\u202fmg, mangaani 45\u202fmg, kupari 20\u202fmg, rauta 88\u202fmg, seleeni 0,18\u202fmg. Sis\u00e4lt\u00e4\u00e4 EU:n hyv\u00e4ksymi\u00e4 antioksidantteja: tokoferoliuutteet kasvi\u00f6ljyst\u00e4, askorbyylipalmitaatti ja rosmariiniuute. Metaboloitu energia: 3\u202f930\u202fkcal\/kg","og_url":"https:\/\/miumjau.ee\/fi\/tuote\/brit-care-dog-grain-free-puppy-lohta-12-kg\/","og_site_name":"MiuMjau","article_publisher":"https:\/\/www.facebook.com\/miumjaupood\/","article_modified_time":"2026-01-07T20:40:55+00:00","og_image":[{"width":600,"height":800,"url":"https:\/\/miumjau.ee\/wp-content\/uploads\/2025\/04\/brit-care-grainfree-puppy-salmon-Photoroom.webp","type":"image\/webp"}],"twitter_card":"summary_large_image","schema":{"@context":"https:\/\/schema.org","@graph":[{"@type":"WebPage","@id":"https:\/\/miumjau.ee\/fi\/tuote\/brit-care-dog-grain-free-puppy-lohta-12-kg\/","url":"https:\/\/miumjau.ee\/fi\/tuote\/brit-care-dog-grain-free-puppy-lohta-12-kg\/","name":"Brit Care Dog Grain-free Puppy Lohta \u2013 12\u202fkg - MiuMjau","isPartOf":{"@id":"https:\/\/miumjau.ee\/#website"},"primaryImageOfPage":{"@id":"https:\/\/miumjau.ee\/fi\/tuote\/brit-care-dog-grain-free-puppy-lohta-12-kg\/#primaryimage"},"image":{"@id":"https:\/\/miumjau.ee\/fi\/tuote\/brit-care-dog-grain-free-puppy-lohta-12-kg\/#primaryimage"},"thumbnailUrl":"https:\/\/miumjau.ee\/wp-content\/uploads\/2025\/04\/brit-care-grainfree-puppy-salmon-Photoroom.webp","datePublished":"2025-04-07T07:43:55+00:00","dateModified":"2026-01-07T20:40:55+00:00","breadcrumb":{"@id":"https:\/\/miumjau.ee\/fi\/tuote\/brit-care-dog-grain-free-puppy-lohta-12-kg\/#breadcrumb"},"inLanguage":"fi","potentialAction":[{"@type":"ReadAction","target":["https:\/\/miumjau.ee\/fi\/tuote\/brit-care-dog-grain-free-puppy-lohta-12-kg\/"]}]},{"@type":"ImageObject","inLanguage":"fi","@id":"https:\/\/miumjau.ee\/fi\/tuote\/brit-care-dog-grain-free-puppy-lohta-12-kg\/#primaryimage","url":"https:\/\/miumjau.ee\/wp-content\/uploads\/2025\/04\/brit-care-grainfree-puppy-salmon-Photoroom.webp","contentUrl":"https:\/\/miumjau.ee\/wp-content\/uploads\/2025\/04\/brit-care-grainfree-puppy-salmon-Photoroom.webp","width":600,"height":800,"caption":"Brit Care koeratoit, kr\u00f5binad"},{"@type":"BreadcrumbList","@id":"https:\/\/miumjau.ee\/fi\/tuote\/brit-care-dog-grain-free-puppy-lohta-12-kg\/#breadcrumb","itemListElement":[{"@type":"ListItem","position":1,"name":"Home","item":"https:\/\/miumjau.ee\/fi\/"},{"@type":"ListItem","position":2,"name":"Kauppa","item":"https:\/\/miumjau.ee\/fi\/kauppa\/"},{"@type":"ListItem","position":3,"name":"Brit Care Dog Grain-free Puppy Lohta \u2013 12\u202fkg"}]},{"@type":"WebSite","@id":"https:\/\/miumjau.ee\/#website","url":"https:\/\/miumjau.ee\/","name":"MiuMjau","description":"Kraapimispuud kassidele","publisher":{"@id":"https:\/\/miumjau.ee\/#organization"},"potentialAction":[{"@type":"SearchAction","target":{"@type":"EntryPoint","urlTemplate":"https:\/\/miumjau.ee\/?s={search_term_string}"},"query-input":{"@type":"PropertyValueSpecification","valueRequired":true,"valueName":"search_term_string"}}],"inLanguage":"fi"},{"@type":"Organization","@id":"https:\/\/miumjau.ee\/#organization","name":"MiuMjau O\u00dc","url":"https:\/\/miumjau.ee\/","logo":{"@type":"ImageObject","inLanguage":"fi","@id":"https:\/\/miumjau.ee\/#\/schema\/logo\/image\/","url":"https:\/\/miumjau.ee\/wp-content\/uploads\/2022\/04\/MiuMjau-logo-kollane.png","contentUrl":"https:\/\/miumjau.ee\/wp-content\/uploads\/2022\/04\/MiuMjau-logo-kollane.png","width":219,"height":100,"caption":"MiuMjau O\u00dc"},"image":{"@id":"https:\/\/miumjau.ee\/#\/schema\/logo\/image\/"},"sameAs":["https:\/\/www.facebook.com\/miumjaupood\/"]}]}},"_links":{"self":[{"href":"https:\/\/miumjau.ee\/fi\/wp-json\/wp\/v2\/product\/51579","targetHints":{"allow":["GET"]}}],"collection":[{"href":"https:\/\/miumjau.ee\/fi\/wp-json\/wp\/v2\/product"}],"about":[{"href":"https:\/\/miumjau.ee\/fi\/wp-json\/wp\/v2\/types\/product"}],"wp:featuredmedia":[{"embeddable":true,"href":"https:\/\/miumjau.ee\/fi\/wp-json\/wp\/v2\/media\/31770"}],"wp:attachment":[{"href":"https:\/\/miumjau.ee\/fi\/wp-json\/wp\/v2\/media?parent=51579"}],"wp:term":[{"taxonomy":"product_brand","embeddable":true,"href":"https:\/\/miumjau.ee\/fi\/wp-json\/wp\/v2\/product_brand?post=51579"},{"taxonomy":"product_cat","embeddable":true,"href":"https:\/\/miumjau.ee\/fi\/wp-json\/wp\/v2\/product_cat?post=51579"},{"taxonomy":"product_tag","embeddable":true,"href":"https:\/\/miumjau.ee\/fi\/wp-json\/wp\/v2\/product_tag?post=51579"}],"curies":[{"name":"wp","href":"https:\/\/api.w.org\/{rel}","templated":true}]}}