{"id":51571,"date":"2025-04-07T11:01:48","date_gmt":"2025-04-07T08:01:48","guid":{"rendered":"https:\/\/miumjau.ee\/toode\/brit-care-grain-free-junior-large-breed-lohta-3-kg\/"},"modified":"2026-01-07T22:40:55","modified_gmt":"2026-01-07T20:40:55","slug":"brit-care-grain-free-junior-large-breed-lohta-3-kg","status":"publish","type":"product","link":"https:\/\/miumjau.ee\/fi\/tuote\/brit-care-grain-free-junior-large-breed-lohta-3-kg\/","title":{"rendered":"Brit Care Grain-free Junior Large Breed Lohta \u2013 3\u202fkg"},"content":{"rendered":"","protected":false},"excerpt":{"rendered":"<p data-start=\"179\" data-end=\"299\">Viljaton resepti <strong data-start=\"196\" data-end=\"245\">isojen rotujen pennuille ja nuorille koirille<\/strong> (3 kk \u2013 2 vuotta, yli 25\u202fkg). T\u00e4ysravinto koirille.<\/p>\n<p data-start=\"301\" data-end=\"312\"><strong data-start=\"301\" data-end=\"310\">Edut:<\/strong><\/p>\n<ul data-start=\"313\" data-end=\"779\">\n<li data-start=\"313\" data-end=\"407\">\n<p data-start=\"315\" data-end=\"407\"><strong data-start=\"315\" data-end=\"334\">Kasvun hallinta<\/strong> \u2013 Tasapainoinen proteiini ja rasvan sis\u00e4lt\u00f6 tukee optimaalista kasvua.<\/p>\n<\/li>\n<li data-start=\"408\" data-end=\"543\">\n<p data-start=\"410\" data-end=\"543\"><strong data-start=\"410\" data-end=\"439\">Nivelten ja rustojen tuki<\/strong> \u2013 Kondroprotektiivit tukevat terveit\u00e4 niveli\u00e4, luita ja rustoja, erityisen t\u00e4rke\u00e4\u00e4 suurille roduille.<\/p>\n<\/li>\n<li data-start=\"544\" data-end=\"660\">\n<p data-start=\"546\" data-end=\"660\"><strong data-start=\"546\" data-end=\"568\">Immuunij\u00e4rjestelm\u00e4<\/strong> \u2013 Probiootit ja antioksidantit vahvistavat immuunij\u00e4rjestelm\u00e4\u00e4 ja tukevat ruoansulatusta.<\/p>\n<\/li>\n<li data-start=\"661\" data-end=\"779\">\n<p data-start=\"663\" data-end=\"779\"><strong data-start=\"663\" data-end=\"680\">Iho ja turkki<\/strong> \u2013 Omega-3-rasvahapot ja korkealaatuiset proteiinit edist\u00e4v\u00e4t tervett\u00e4 ihoa ja kiilt\u00e4v\u00e4\u00e4 turkkia.<\/p>\n<\/li>\n<\/ul>\n<p data-start=\"781\" data-end=\"1366\"><strong data-start=\"781\" data-end=\"795\">Ainesosat:<\/strong> Lohi (52\u202f%) (kuivattu lohi, hydrolysoitu lohi), peruna (26\u202f%), kananrasva, kuivattu omenamassa, lohi\u00f6ljy (3\u202f%), luonnollinen maku, oluthiivauute, hydrolysoitu hiiva (0,5\u202f% \u2013 inositoli ja aminohappojen l\u00e4hde), hernejauho, glukosamiini (300\u202fmg\/kg), frukto-oligosakkaridit (230\u202fmg\/kg), kondroitiinisulfaatti (230\u202fmg\/kg), mannan-oligosakkaridit (180\u202fmg\/kg), Mojave jukka (180\u202fmg\/kg), maitohorsman siemenet (110\u202fmg\/kg), \u03b2-glukaanit (60\u202fmg\/kg), kuivattu lohenm\u00e4ti (60\u202fmg\/kg), kuivattu tyrni (60\u202fmg\/kg), inaktivoitu probiootti Lactobacillus helveticus HA\u2013122 (15\u00d710\u2079 CFU\/kg).<\/p>\n<p data-start=\"1368\" data-end=\"1601\"><strong data-start=\"1368\" data-end=\"1395\">Analyyttinen koostumus:<\/strong> Kokonaisproteiini 28\u202f%, kokonaisrasva 15\u202f%, kosteus 10\u202f%, tuhka 7\u202f%, kuidut 3,2\u202f%, kalsium 1,2\u202f%, fosfori 0,9\u202f%, natrium 0,5\u202f%, omega-3-rasvahapot 1,2\u202f%, omega-6-rasvahapot 1,9\u202f%, EPA 0,12\u202f%, DHA 0,16\u202f%.<\/p>\n<p data-start=\"1603\" data-end=\"2167\"><strong data-start=\"1603\" data-end=\"1644\">Vitamiinit ja kivenn\u00e4isaineet per kg:<\/strong> A-vitamiini 23\u202f000\u202fIU, D3-vitamiini 1\u202f700\u202fIU, E-vitamiini 550\u202fmg, C-vitamiini 350\u202fmg, tauriini 1\u202f500\u202fmg, koliini 1\u202f800\u202fmg, L-karnitiini 300\u202fmg, B1-vitamiini 3\u202fmg, B2-vitamiini 11\u202fmg, biotiini 4\u202fmg, foolihappo 1,4\u202fmg, B6-vitamiini 3\u202fmg, kalsium-D-pantotenaatti 30\u202fmg, niasiini 38\u202fmg, B12-vitamiini 0,12\u202fmg, jodi 0,9\u202fmg, orgaaninen sinkki 100\u202fmg, mangaani 45\u202fmg, kupari 20\u202fmg, rauta 88\u202fmg, seleeni 0,18\u202fmg. Sis\u00e4lt\u00e4\u00e4 EU:n hyv\u00e4ksymi\u00e4 antioksidantteja: tokoferoliuutteet kasvi\u00f6ljyst\u00e4, askorbyylipalmitaatti ja rosmariiniuute.<\/p>\n<p data-start=\"2169\" data-end=\"2209\"><strong data-start=\"2169\" data-end=\"2193\">Metaboloitu energia:<\/strong> 3\u202f730\u202fkcal\/kg<\/p>\n","protected":false},"featured_media":31778,"template":"","meta":[],"product_brand":[],"product_cat":[478],"product_tag":[],"class_list":{"0":"post-51571","1":"product","2":"type-product","3":"status-publish","4":"has-post-thumbnail","6":"product_cat-kuivaruoka-koirille","8":"first","9":"instock","10":"sale","11":"taxable","12":"shipping-taxable","13":"purchasable","14":"product-type-simple"},"yoast_head":"<!-- This site is optimized with the Yoast SEO plugin v27.2 - https:\/\/yoast.com\/product\/yoast-seo-wordpress\/ -->\n<title>Brit Care Grain-free Junior Large Breed Lohta \u2013 3\u202fkg - MiuMjau<\/title>\n<meta name=\"robots\" content=\"index, follow, max-snippet:-1, max-image-preview:large, max-video-preview:-1\" \/>\n<link rel=\"canonical\" href=\"https:\/\/miumjau.ee\/fi\/tuote\/brit-care-grain-free-junior-large-breed-lohta-3-kg\/\" \/>\n<meta property=\"og:locale\" content=\"fi_FI\" \/>\n<meta property=\"og:type\" content=\"article\" \/>\n<meta property=\"og:title\" content=\"Brit Care Grain-free Junior Large Breed Lohta \u2013 3\u202fkg - MiuMjau\" \/>\n<meta property=\"og:description\" content=\"Viljaton resepti isojen rotujen pennuille ja nuorille koirille (3 kk \u2013 2 vuotta, yli 25\u202fkg). T\u00e4ysravinto koirille. Edut:     Kasvun hallinta \u2013 Tasapainoinen proteiini ja rasvan sis\u00e4lt\u00f6 tukee optimaalista kasvua.    Nivelten ja rustojen tuki \u2013 Kondroprotektiivit tukevat terveit\u00e4 niveli\u00e4, luita ja rustoja, erityisen t\u00e4rke\u00e4\u00e4 suurille roduille.    Immuunij\u00e4rjestelm\u00e4 \u2013 Probiootit ja antioksidantit vahvistavat immuunij\u00e4rjestelm\u00e4\u00e4 ja tukevat ruoansulatusta.    Iho ja turkki \u2013 Omega-3-rasvahapot ja korkealaatuiset proteiinit edist\u00e4v\u00e4t tervett\u00e4 ihoa ja kiilt\u00e4v\u00e4\u00e4 turkkia.   Ainesosat: Lohi (52\u202f%) (kuivattu lohi, hydrolysoitu lohi), peruna (26\u202f%), kananrasva, kuivattu omenamassa, lohi\u00f6ljy (3\u202f%), luonnollinen maku, oluthiivauute, hydrolysoitu hiiva (0,5\u202f% \u2013 inositoli ja aminohappojen l\u00e4hde), hernejauho, glukosamiini (300\u202fmg\/kg), frukto-oligosakkaridit (230\u202fmg\/kg), kondroitiinisulfaatti (230\u202fmg\/kg), mannan-oligosakkaridit (180\u202fmg\/kg), Mojave jukka (180\u202fmg\/kg), maitohorsman siemenet (110\u202fmg\/kg), \u03b2-glukaanit (60\u202fmg\/kg), kuivattu lohenm\u00e4ti (60\u202fmg\/kg), kuivattu tyrni (60\u202fmg\/kg), inaktivoitu probiootti Lactobacillus helveticus HA\u2013122 (15\u00d710\u2079 CFU\/kg). Analyyttinen koostumus: Kokonaisproteiini 28\u202f%, kokonaisrasva 15\u202f%, kosteus 10\u202f%, tuhka 7\u202f%, kuidut 3,2\u202f%, kalsium 1,2\u202f%, fosfori 0,9\u202f%, natrium 0,5\u202f%, omega-3-rasvahapot 1,2\u202f%, omega-6-rasvahapot 1,9\u202f%, EPA 0,12\u202f%, DHA 0,16\u202f%. Vitamiinit ja kivenn\u00e4isaineet per kg: A-vitamiini 23\u202f000\u202fIU, D3-vitamiini 1\u202f700\u202fIU, E-vitamiini 550\u202fmg, C-vitamiini 350\u202fmg, tauriini 1\u202f500\u202fmg, koliini 1\u202f800\u202fmg, L-karnitiini 300\u202fmg, B1-vitamiini 3\u202fmg, B2-vitamiini 11\u202fmg, biotiini 4\u202fmg, foolihappo 1,4\u202fmg, B6-vitamiini 3\u202fmg, kalsium-D-pantotenaatti 30\u202fmg, niasiini 38\u202fmg, B12-vitamiini 0,12\u202fmg, jodi 0,9\u202fmg, orgaaninen sinkki 100\u202fmg, mangaani 45\u202fmg, kupari 20\u202fmg, rauta 88\u202fmg, seleeni 0,18\u202fmg. Sis\u00e4lt\u00e4\u00e4 EU:n hyv\u00e4ksymi\u00e4 antioksidantteja: tokoferoliuutteet kasvi\u00f6ljyst\u00e4, askorbyylipalmitaatti ja rosmariiniuute. Metaboloitu energia: 3\u202f730\u202fkcal\/kg\" \/>\n<meta property=\"og:url\" content=\"https:\/\/miumjau.ee\/fi\/tuote\/brit-care-grain-free-junior-large-breed-lohta-3-kg\/\" \/>\n<meta property=\"og:site_name\" content=\"MiuMjau\" \/>\n<meta property=\"article:publisher\" content=\"https:\/\/www.facebook.com\/miumjaupood\/\" \/>\n<meta property=\"article:modified_time\" content=\"2026-01-07T20:40:55+00:00\" \/>\n<meta property=\"og:image\" content=\"https:\/\/miumjau.ee\/wp-content\/uploads\/2025\/04\/brit-care-junior-large-breed-salmon-Photoroom.webp\" \/>\n\t<meta property=\"og:image:width\" content=\"600\" \/>\n\t<meta property=\"og:image:height\" content=\"800\" \/>\n\t<meta property=\"og:image:type\" content=\"image\/webp\" \/>\n<meta name=\"twitter:card\" content=\"summary_large_image\" \/>\n<script type=\"application\/ld+json\" class=\"yoast-schema-graph\">{\"@context\":\"https:\/\/schema.org\",\"@graph\":[{\"@type\":\"WebPage\",\"@id\":\"https:\/\/miumjau.ee\/fi\/tuote\/brit-care-grain-free-junior-large-breed-lohta-3-kg\/\",\"url\":\"https:\/\/miumjau.ee\/fi\/tuote\/brit-care-grain-free-junior-large-breed-lohta-3-kg\/\",\"name\":\"Brit Care Grain-free Junior Large Breed Lohta \u2013 3\u202fkg - MiuMjau\",\"isPartOf\":{\"@id\":\"https:\/\/miumjau.ee\/#website\"},\"primaryImageOfPage\":{\"@id\":\"https:\/\/miumjau.ee\/fi\/tuote\/brit-care-grain-free-junior-large-breed-lohta-3-kg\/#primaryimage\"},\"image\":{\"@id\":\"https:\/\/miumjau.ee\/fi\/tuote\/brit-care-grain-free-junior-large-breed-lohta-3-kg\/#primaryimage\"},\"thumbnailUrl\":\"https:\/\/miumjau.ee\/wp-content\/uploads\/2025\/04\/brit-care-junior-large-breed-salmon-Photoroom.webp\",\"datePublished\":\"2025-04-07T08:01:48+00:00\",\"dateModified\":\"2026-01-07T20:40:55+00:00\",\"breadcrumb\":{\"@id\":\"https:\/\/miumjau.ee\/fi\/tuote\/brit-care-grain-free-junior-large-breed-lohta-3-kg\/#breadcrumb\"},\"inLanguage\":\"fi\",\"potentialAction\":[{\"@type\":\"ReadAction\",\"target\":[\"https:\/\/miumjau.ee\/fi\/tuote\/brit-care-grain-free-junior-large-breed-lohta-3-kg\/\"]}]},{\"@type\":\"ImageObject\",\"inLanguage\":\"fi\",\"@id\":\"https:\/\/miumjau.ee\/fi\/tuote\/brit-care-grain-free-junior-large-breed-lohta-3-kg\/#primaryimage\",\"url\":\"https:\/\/miumjau.ee\/wp-content\/uploads\/2025\/04\/brit-care-junior-large-breed-salmon-Photoroom.webp\",\"contentUrl\":\"https:\/\/miumjau.ee\/wp-content\/uploads\/2025\/04\/brit-care-junior-large-breed-salmon-Photoroom.webp\",\"width\":600,\"height\":800,\"caption\":\"Brit Care koeratoit, kr\u00f5binad\"},{\"@type\":\"BreadcrumbList\",\"@id\":\"https:\/\/miumjau.ee\/fi\/tuote\/brit-care-grain-free-junior-large-breed-lohta-3-kg\/#breadcrumb\",\"itemListElement\":[{\"@type\":\"ListItem\",\"position\":1,\"name\":\"Home\",\"item\":\"https:\/\/miumjau.ee\/fi\/\"},{\"@type\":\"ListItem\",\"position\":2,\"name\":\"Kauppa\",\"item\":\"https:\/\/miumjau.ee\/fi\/kauppa\/\"},{\"@type\":\"ListItem\",\"position\":3,\"name\":\"Brit Care Grain-free Junior Large Breed Lohta \u2013 3\u202fkg\"}]},{\"@type\":\"WebSite\",\"@id\":\"https:\/\/miumjau.ee\/#website\",\"url\":\"https:\/\/miumjau.ee\/\",\"name\":\"MiuMjau\",\"description\":\"Kraapimispuud kassidele\",\"publisher\":{\"@id\":\"https:\/\/miumjau.ee\/#organization\"},\"potentialAction\":[{\"@type\":\"SearchAction\",\"target\":{\"@type\":\"EntryPoint\",\"urlTemplate\":\"https:\/\/miumjau.ee\/?s={search_term_string}\"},\"query-input\":{\"@type\":\"PropertyValueSpecification\",\"valueRequired\":true,\"valueName\":\"search_term_string\"}}],\"inLanguage\":\"fi\"},{\"@type\":\"Organization\",\"@id\":\"https:\/\/miumjau.ee\/#organization\",\"name\":\"MiuMjau O\u00dc\",\"url\":\"https:\/\/miumjau.ee\/\",\"logo\":{\"@type\":\"ImageObject\",\"inLanguage\":\"fi\",\"@id\":\"https:\/\/miumjau.ee\/#\/schema\/logo\/image\/\",\"url\":\"https:\/\/miumjau.ee\/wp-content\/uploads\/2022\/04\/MiuMjau-logo-kollane.png\",\"contentUrl\":\"https:\/\/miumjau.ee\/wp-content\/uploads\/2022\/04\/MiuMjau-logo-kollane.png\",\"width\":219,\"height\":100,\"caption\":\"MiuMjau O\u00dc\"},\"image\":{\"@id\":\"https:\/\/miumjau.ee\/#\/schema\/logo\/image\/\"},\"sameAs\":[\"https:\/\/www.facebook.com\/miumjaupood\/\"]}]}<\/script>\n<!-- \/ Yoast SEO plugin. -->","yoast_head_json":{"title":"Brit Care Grain-free Junior Large Breed Lohta \u2013 3\u202fkg - MiuMjau","robots":{"index":"index","follow":"follow","max-snippet":"max-snippet:-1","max-image-preview":"max-image-preview:large","max-video-preview":"max-video-preview:-1"},"canonical":"https:\/\/miumjau.ee\/fi\/tuote\/brit-care-grain-free-junior-large-breed-lohta-3-kg\/","og_locale":"fi_FI","og_type":"article","og_title":"Brit Care Grain-free Junior Large Breed Lohta \u2013 3\u202fkg - MiuMjau","og_description":"Viljaton resepti isojen rotujen pennuille ja nuorille koirille (3 kk \u2013 2 vuotta, yli 25\u202fkg). T\u00e4ysravinto koirille. Edut:     Kasvun hallinta \u2013 Tasapainoinen proteiini ja rasvan sis\u00e4lt\u00f6 tukee optimaalista kasvua.    Nivelten ja rustojen tuki \u2013 Kondroprotektiivit tukevat terveit\u00e4 niveli\u00e4, luita ja rustoja, erityisen t\u00e4rke\u00e4\u00e4 suurille roduille.    Immuunij\u00e4rjestelm\u00e4 \u2013 Probiootit ja antioksidantit vahvistavat immuunij\u00e4rjestelm\u00e4\u00e4 ja tukevat ruoansulatusta.    Iho ja turkki \u2013 Omega-3-rasvahapot ja korkealaatuiset proteiinit edist\u00e4v\u00e4t tervett\u00e4 ihoa ja kiilt\u00e4v\u00e4\u00e4 turkkia.   Ainesosat: Lohi (52\u202f%) (kuivattu lohi, hydrolysoitu lohi), peruna (26\u202f%), kananrasva, kuivattu omenamassa, lohi\u00f6ljy (3\u202f%), luonnollinen maku, oluthiivauute, hydrolysoitu hiiva (0,5\u202f% \u2013 inositoli ja aminohappojen l\u00e4hde), hernejauho, glukosamiini (300\u202fmg\/kg), frukto-oligosakkaridit (230\u202fmg\/kg), kondroitiinisulfaatti (230\u202fmg\/kg), mannan-oligosakkaridit (180\u202fmg\/kg), Mojave jukka (180\u202fmg\/kg), maitohorsman siemenet (110\u202fmg\/kg), \u03b2-glukaanit (60\u202fmg\/kg), kuivattu lohenm\u00e4ti (60\u202fmg\/kg), kuivattu tyrni (60\u202fmg\/kg), inaktivoitu probiootti Lactobacillus helveticus HA\u2013122 (15\u00d710\u2079 CFU\/kg). Analyyttinen koostumus: Kokonaisproteiini 28\u202f%, kokonaisrasva 15\u202f%, kosteus 10\u202f%, tuhka 7\u202f%, kuidut 3,2\u202f%, kalsium 1,2\u202f%, fosfori 0,9\u202f%, natrium 0,5\u202f%, omega-3-rasvahapot 1,2\u202f%, omega-6-rasvahapot 1,9\u202f%, EPA 0,12\u202f%, DHA 0,16\u202f%. Vitamiinit ja kivenn\u00e4isaineet per kg: A-vitamiini 23\u202f000\u202fIU, D3-vitamiini 1\u202f700\u202fIU, E-vitamiini 550\u202fmg, C-vitamiini 350\u202fmg, tauriini 1\u202f500\u202fmg, koliini 1\u202f800\u202fmg, L-karnitiini 300\u202fmg, B1-vitamiini 3\u202fmg, B2-vitamiini 11\u202fmg, biotiini 4\u202fmg, foolihappo 1,4\u202fmg, B6-vitamiini 3\u202fmg, kalsium-D-pantotenaatti 30\u202fmg, niasiini 38\u202fmg, B12-vitamiini 0,12\u202fmg, jodi 0,9\u202fmg, orgaaninen sinkki 100\u202fmg, mangaani 45\u202fmg, kupari 20\u202fmg, rauta 88\u202fmg, seleeni 0,18\u202fmg. Sis\u00e4lt\u00e4\u00e4 EU:n hyv\u00e4ksymi\u00e4 antioksidantteja: tokoferoliuutteet kasvi\u00f6ljyst\u00e4, askorbyylipalmitaatti ja rosmariiniuute. Metaboloitu energia: 3\u202f730\u202fkcal\/kg","og_url":"https:\/\/miumjau.ee\/fi\/tuote\/brit-care-grain-free-junior-large-breed-lohta-3-kg\/","og_site_name":"MiuMjau","article_publisher":"https:\/\/www.facebook.com\/miumjaupood\/","article_modified_time":"2026-01-07T20:40:55+00:00","og_image":[{"width":600,"height":800,"url":"https:\/\/miumjau.ee\/wp-content\/uploads\/2025\/04\/brit-care-junior-large-breed-salmon-Photoroom.webp","type":"image\/webp"}],"twitter_card":"summary_large_image","schema":{"@context":"https:\/\/schema.org","@graph":[{"@type":"WebPage","@id":"https:\/\/miumjau.ee\/fi\/tuote\/brit-care-grain-free-junior-large-breed-lohta-3-kg\/","url":"https:\/\/miumjau.ee\/fi\/tuote\/brit-care-grain-free-junior-large-breed-lohta-3-kg\/","name":"Brit Care Grain-free Junior Large Breed Lohta \u2013 3\u202fkg - MiuMjau","isPartOf":{"@id":"https:\/\/miumjau.ee\/#website"},"primaryImageOfPage":{"@id":"https:\/\/miumjau.ee\/fi\/tuote\/brit-care-grain-free-junior-large-breed-lohta-3-kg\/#primaryimage"},"image":{"@id":"https:\/\/miumjau.ee\/fi\/tuote\/brit-care-grain-free-junior-large-breed-lohta-3-kg\/#primaryimage"},"thumbnailUrl":"https:\/\/miumjau.ee\/wp-content\/uploads\/2025\/04\/brit-care-junior-large-breed-salmon-Photoroom.webp","datePublished":"2025-04-07T08:01:48+00:00","dateModified":"2026-01-07T20:40:55+00:00","breadcrumb":{"@id":"https:\/\/miumjau.ee\/fi\/tuote\/brit-care-grain-free-junior-large-breed-lohta-3-kg\/#breadcrumb"},"inLanguage":"fi","potentialAction":[{"@type":"ReadAction","target":["https:\/\/miumjau.ee\/fi\/tuote\/brit-care-grain-free-junior-large-breed-lohta-3-kg\/"]}]},{"@type":"ImageObject","inLanguage":"fi","@id":"https:\/\/miumjau.ee\/fi\/tuote\/brit-care-grain-free-junior-large-breed-lohta-3-kg\/#primaryimage","url":"https:\/\/miumjau.ee\/wp-content\/uploads\/2025\/04\/brit-care-junior-large-breed-salmon-Photoroom.webp","contentUrl":"https:\/\/miumjau.ee\/wp-content\/uploads\/2025\/04\/brit-care-junior-large-breed-salmon-Photoroom.webp","width":600,"height":800,"caption":"Brit Care koeratoit, kr\u00f5binad"},{"@type":"BreadcrumbList","@id":"https:\/\/miumjau.ee\/fi\/tuote\/brit-care-grain-free-junior-large-breed-lohta-3-kg\/#breadcrumb","itemListElement":[{"@type":"ListItem","position":1,"name":"Home","item":"https:\/\/miumjau.ee\/fi\/"},{"@type":"ListItem","position":2,"name":"Kauppa","item":"https:\/\/miumjau.ee\/fi\/kauppa\/"},{"@type":"ListItem","position":3,"name":"Brit Care Grain-free Junior Large Breed Lohta \u2013 3\u202fkg"}]},{"@type":"WebSite","@id":"https:\/\/miumjau.ee\/#website","url":"https:\/\/miumjau.ee\/","name":"MiuMjau","description":"Kraapimispuud kassidele","publisher":{"@id":"https:\/\/miumjau.ee\/#organization"},"potentialAction":[{"@type":"SearchAction","target":{"@type":"EntryPoint","urlTemplate":"https:\/\/miumjau.ee\/?s={search_term_string}"},"query-input":{"@type":"PropertyValueSpecification","valueRequired":true,"valueName":"search_term_string"}}],"inLanguage":"fi"},{"@type":"Organization","@id":"https:\/\/miumjau.ee\/#organization","name":"MiuMjau O\u00dc","url":"https:\/\/miumjau.ee\/","logo":{"@type":"ImageObject","inLanguage":"fi","@id":"https:\/\/miumjau.ee\/#\/schema\/logo\/image\/","url":"https:\/\/miumjau.ee\/wp-content\/uploads\/2022\/04\/MiuMjau-logo-kollane.png","contentUrl":"https:\/\/miumjau.ee\/wp-content\/uploads\/2022\/04\/MiuMjau-logo-kollane.png","width":219,"height":100,"caption":"MiuMjau O\u00dc"},"image":{"@id":"https:\/\/miumjau.ee\/#\/schema\/logo\/image\/"},"sameAs":["https:\/\/www.facebook.com\/miumjaupood\/"]}]}},"_links":{"self":[{"href":"https:\/\/miumjau.ee\/fi\/wp-json\/wp\/v2\/product\/51571","targetHints":{"allow":["GET"]}}],"collection":[{"href":"https:\/\/miumjau.ee\/fi\/wp-json\/wp\/v2\/product"}],"about":[{"href":"https:\/\/miumjau.ee\/fi\/wp-json\/wp\/v2\/types\/product"}],"wp:featuredmedia":[{"embeddable":true,"href":"https:\/\/miumjau.ee\/fi\/wp-json\/wp\/v2\/media\/31778"}],"wp:attachment":[{"href":"https:\/\/miumjau.ee\/fi\/wp-json\/wp\/v2\/media?parent=51571"}],"wp:term":[{"taxonomy":"product_brand","embeddable":true,"href":"https:\/\/miumjau.ee\/fi\/wp-json\/wp\/v2\/product_brand?post=51571"},{"taxonomy":"product_cat","embeddable":true,"href":"https:\/\/miumjau.ee\/fi\/wp-json\/wp\/v2\/product_cat?post=51571"},{"taxonomy":"product_tag","embeddable":true,"href":"https:\/\/miumjau.ee\/fi\/wp-json\/wp\/v2\/product_tag?post=51571"}],"curies":[{"name":"wp","href":"https:\/\/api.w.org\/{rel}","templated":true}]}}