{"id":51556,"date":"2025-04-07T11:47:38","date_gmt":"2025-04-07T08:47:38","guid":{"rendered":"https:\/\/miumjau.ee\/toode\/brit-care-viljaton-aikuisten-suurten-rotujen-lohi-12-kg\/"},"modified":"2026-01-07T22:41:02","modified_gmt":"2026-01-07T20:41:02","slug":"brit-care-viljaton-aikuisten-suurten-rotujen-lohi-12-kg","status":"publish","type":"product","link":"https:\/\/miumjau.ee\/fi\/tuote\/brit-care-viljaton-aikuisten-suurten-rotujen-lohi-12-kg\/","title":{"rendered":"Brit Care Viljaton Aikuisten Suurten Rotujen Lohi \u2013 12 kg"},"content":{"rendered":"","protected":false},"excerpt":{"rendered":"<p data-start=\"2486\" data-end=\"2587\">Viljaton resepti lohella ja perunalla suurten rotujen aikuisille koirille (yli 25\u202fkg). T\u00e4ysravinto.<\/p>\n<p data-start=\"2589\" data-end=\"2602\"><strong data-start=\"2589\" data-end=\"2600\">Hy\u00f6dyt:<\/strong><\/p>\n<ul data-start=\"2603\" data-end=\"2927\">\n<li data-start=\"2603\" data-end=\"2729\">\n<p data-start=\"2605\" data-end=\"2729\">Nivelille ja rustolle \u2013 Kondroprotektiivit tukevat terveit\u00e4 niveli\u00e4, luita ja rustoa, erityisen t\u00e4rke\u00e4\u00e4 suurille roduille.<\/p>\n<\/li>\n<li data-start=\"2730\" data-end=\"2842\">\n<p data-start=\"2732\" data-end=\"2842\">Immuunij\u00e4rjestelm\u00e4 \u2013 Probiootit ja antioksidantit vahvistavat immuunij\u00e4rjestelm\u00e4\u00e4 ja tukevat ruoansulatusta.<\/p>\n<\/li>\n<li data-start=\"2843\" data-end=\"2927\">\n<p data-start=\"2845\" data-end=\"2927\">Lihakset \u2013 Rikas omega-3-rasvahapoissa tukee lihasten synteesi\u00e4 ja palautumista.<\/p>\n<\/li>\n<\/ul>\n<p data-start=\"2929\" data-end=\"3444\"><strong data-start=\"2929\" data-end=\"2943\">Ainesosat:<\/strong> Lohi (48%) (kuivattu lohi, hydrolysoitu lohi), peruna (30%), kuivattu omenam\u00e4ski, kananrasva, lohi\u00f6ljy (3%), luonnollinen maku, hiiva, hernejauho, glukosamiini (260\u202fmg\/kg), frukto-oligosakkaridit (200\u202fmg\/kg), kondroitiinisulfaatti (200\u202fmg\/kg), mannaani-oligosakkaridit (150\u202fmg\/kg), Mojave-jucca (150\u202fmg\/kg), maitoruusukkeen siemenet (90\u202fmg\/kg), \u03b2-glukaanit (50\u202fmg\/kg), kuivattu lohenm\u00e4ti (50\u202fmg\/kg), kuivattu tyrni (50\u202fmg\/kg), inaktivoitu probiootti Lactobacillus helveticus HA\u2013122 (15\u00d710\u2079 CFU\/kg).<\/p>\n<p data-start=\"3446\" data-end=\"3664\"><strong data-start=\"3446\" data-end=\"3473\">Analyyttinen koostumus:<\/strong> Raakavalku 25,0\u202f%, raakarasva 14,0\u202f%, kosteus 10,0\u202f%, raakatuhka 6,5\u202f%, raakakuitu 4,0\u202f%, kalsium 1,1\u202f%, fosfori 0,8\u202f%, natrium 0,4\u202f%, omega-3 1,0\u202f%, omega-6 1,7\u202f%, EPA 0,12\u202f%, DHA 0,16\u202f%.<\/p>\n<p data-start=\"3666\" data-end=\"4224\"><strong data-start=\"3666\" data-end=\"3693\">Ravintolis\u00e4t kg kohden:<\/strong> A-vitamiini 20\u202f000\u202fIU, D3 1\u202f500\u202fIU, E-vitamiini 500\u202fmg, C-vitamiini 300\u202fmg, tauriini 1\u202f500\u202fmg, koliini 1\u202f800\u202fmg, L-karnitiini 250\u202fmg, B1 2,5\u202fmg, B2 9,6\u202fmg, biotiini 3,5\u202fmg, foolihappo 1,2\u202fmg, B6 2,5\u202fmg, kalsium-D-pantotenaatti 25\u202fmg, niasiiniamidi 32,5\u202fmg, B12 0,1\u202fmg, jodi 0,8\u202fmg, orgaaninen sinkki 85\u202fmg, orgaaninen mangaani 40\u202fmg, orgaaninen kupari 18\u202fmg, orgaaninen rauta 75\u202fmg, orgaaninen seleeni 0,16\u202fmg. Sis\u00e4lt\u00e4\u00e4 EU:n hyv\u00e4ksymi\u00e4 antioksidantteja: tokoferoliuutteet kasvi\u00f6ljyist\u00e4, askorbyylipalmitaatti, rosmariiniuutteet.<\/p>\n<p data-start=\"4226\" data-end=\"4268\"><strong data-start=\"4226\" data-end=\"4252\">Metaboloituva energia:<\/strong> 3\u202f640\u202fkcal\/kg<\/p>\n","protected":false},"featured_media":31750,"template":"","meta":[],"product_brand":[],"product_cat":[478],"product_tag":[],"class_list":{"0":"post-51556","1":"product","2":"type-product","3":"status-publish","4":"has-post-thumbnail","6":"product_cat-kuivaruoka-koirille","8":"first","9":"instock","10":"taxable","11":"shipping-taxable","12":"purchasable","13":"product-type-simple"},"yoast_head":"<!-- This site is optimized with the Yoast SEO plugin v27.2 - https:\/\/yoast.com\/product\/yoast-seo-wordpress\/ -->\n<title>Brit Care Viljaton Aikuisten Suurten Rotujen Lohi \u2013 12 kg - MiuMjau<\/title>\n<meta name=\"robots\" content=\"index, follow, max-snippet:-1, max-image-preview:large, max-video-preview:-1\" \/>\n<link rel=\"canonical\" href=\"https:\/\/miumjau.ee\/fi\/tuote\/brit-care-viljaton-aikuisten-suurten-rotujen-lohi-12-kg\/\" \/>\n<meta property=\"og:locale\" content=\"fi_FI\" \/>\n<meta property=\"og:type\" content=\"article\" \/>\n<meta property=\"og:title\" content=\"Brit Care Viljaton Aikuisten Suurten Rotujen Lohi \u2013 12 kg - MiuMjau\" \/>\n<meta property=\"og:description\" content=\"Viljaton resepti lohella ja perunalla suurten rotujen aikuisille koirille (yli 25\u202fkg). T\u00e4ysravinto. Hy\u00f6dyt:     Nivelille ja rustolle \u2013 Kondroprotektiivit tukevat terveit\u00e4 niveli\u00e4, luita ja rustoa, erityisen t\u00e4rke\u00e4\u00e4 suurille roduille.    Immuunij\u00e4rjestelm\u00e4 \u2013 Probiootit ja antioksidantit vahvistavat immuunij\u00e4rjestelm\u00e4\u00e4 ja tukevat ruoansulatusta.    Lihakset \u2013 Rikas omega-3-rasvahapoissa tukee lihasten synteesi\u00e4 ja palautumista.   Ainesosat: Lohi (48%) (kuivattu lohi, hydrolysoitu lohi), peruna (30%), kuivattu omenam\u00e4ski, kananrasva, lohi\u00f6ljy (3%), luonnollinen maku, hiiva, hernejauho, glukosamiini (260\u202fmg\/kg), frukto-oligosakkaridit (200\u202fmg\/kg), kondroitiinisulfaatti (200\u202fmg\/kg), mannaani-oligosakkaridit (150\u202fmg\/kg), Mojave-jucca (150\u202fmg\/kg), maitoruusukkeen siemenet (90\u202fmg\/kg), \u03b2-glukaanit (50\u202fmg\/kg), kuivattu lohenm\u00e4ti (50\u202fmg\/kg), kuivattu tyrni (50\u202fmg\/kg), inaktivoitu probiootti Lactobacillus helveticus HA\u2013122 (15\u00d710\u2079 CFU\/kg). Analyyttinen koostumus: Raakavalku 25,0\u202f%, raakarasva 14,0\u202f%, kosteus 10,0\u202f%, raakatuhka 6,5\u202f%, raakakuitu 4,0\u202f%, kalsium 1,1\u202f%, fosfori 0,8\u202f%, natrium 0,4\u202f%, omega-3 1,0\u202f%, omega-6 1,7\u202f%, EPA 0,12\u202f%, DHA 0,16\u202f%. Ravintolis\u00e4t kg kohden: A-vitamiini 20\u202f000\u202fIU, D3 1\u202f500\u202fIU, E-vitamiini 500\u202fmg, C-vitamiini 300\u202fmg, tauriini 1\u202f500\u202fmg, koliini 1\u202f800\u202fmg, L-karnitiini 250\u202fmg, B1 2,5\u202fmg, B2 9,6\u202fmg, biotiini 3,5\u202fmg, foolihappo 1,2\u202fmg, B6 2,5\u202fmg, kalsium-D-pantotenaatti 25\u202fmg, niasiiniamidi 32,5\u202fmg, B12 0,1\u202fmg, jodi 0,8\u202fmg, orgaaninen sinkki 85\u202fmg, orgaaninen mangaani 40\u202fmg, orgaaninen kupari 18\u202fmg, orgaaninen rauta 75\u202fmg, orgaaninen seleeni 0,16\u202fmg. Sis\u00e4lt\u00e4\u00e4 EU:n hyv\u00e4ksymi\u00e4 antioksidantteja: tokoferoliuutteet kasvi\u00f6ljyist\u00e4, askorbyylipalmitaatti, rosmariiniuutteet. Metaboloituva energia: 3\u202f640\u202fkcal\/kg\" \/>\n<meta property=\"og:url\" content=\"https:\/\/miumjau.ee\/fi\/tuote\/brit-care-viljaton-aikuisten-suurten-rotujen-lohi-12-kg\/\" \/>\n<meta property=\"og:site_name\" content=\"MiuMjau\" \/>\n<meta property=\"article:publisher\" content=\"https:\/\/www.facebook.com\/miumjaupood\/\" \/>\n<meta property=\"article:modified_time\" content=\"2026-01-07T20:41:02+00:00\" \/>\n<meta property=\"og:image\" content=\"https:\/\/miumjau.ee\/wp-content\/uploads\/2025\/04\/brit-care-adult-large-breed-salmon-Photoroom.webp\" \/>\n\t<meta property=\"og:image:width\" content=\"600\" \/>\n\t<meta property=\"og:image:height\" content=\"800\" \/>\n\t<meta property=\"og:image:type\" content=\"image\/webp\" \/>\n<meta name=\"twitter:card\" content=\"summary_large_image\" \/>\n<script type=\"application\/ld+json\" class=\"yoast-schema-graph\">{\"@context\":\"https:\/\/schema.org\",\"@graph\":[{\"@type\":\"WebPage\",\"@id\":\"https:\/\/miumjau.ee\/fi\/tuote\/brit-care-viljaton-aikuisten-suurten-rotujen-lohi-12-kg\/\",\"url\":\"https:\/\/miumjau.ee\/fi\/tuote\/brit-care-viljaton-aikuisten-suurten-rotujen-lohi-12-kg\/\",\"name\":\"Brit Care Viljaton Aikuisten Suurten Rotujen Lohi \u2013 12 kg - MiuMjau\",\"isPartOf\":{\"@id\":\"https:\/\/miumjau.ee\/#website\"},\"primaryImageOfPage\":{\"@id\":\"https:\/\/miumjau.ee\/fi\/tuote\/brit-care-viljaton-aikuisten-suurten-rotujen-lohi-12-kg\/#primaryimage\"},\"image\":{\"@id\":\"https:\/\/miumjau.ee\/fi\/tuote\/brit-care-viljaton-aikuisten-suurten-rotujen-lohi-12-kg\/#primaryimage\"},\"thumbnailUrl\":\"https:\/\/miumjau.ee\/wp-content\/uploads\/2025\/04\/brit-care-adult-large-breed-salmon-Photoroom.webp\",\"datePublished\":\"2025-04-07T08:47:38+00:00\",\"dateModified\":\"2026-01-07T20:41:02+00:00\",\"breadcrumb\":{\"@id\":\"https:\/\/miumjau.ee\/fi\/tuote\/brit-care-viljaton-aikuisten-suurten-rotujen-lohi-12-kg\/#breadcrumb\"},\"inLanguage\":\"fi\",\"potentialAction\":[{\"@type\":\"ReadAction\",\"target\":[\"https:\/\/miumjau.ee\/fi\/tuote\/brit-care-viljaton-aikuisten-suurten-rotujen-lohi-12-kg\/\"]}]},{\"@type\":\"ImageObject\",\"inLanguage\":\"fi\",\"@id\":\"https:\/\/miumjau.ee\/fi\/tuote\/brit-care-viljaton-aikuisten-suurten-rotujen-lohi-12-kg\/#primaryimage\",\"url\":\"https:\/\/miumjau.ee\/wp-content\/uploads\/2025\/04\/brit-care-adult-large-breed-salmon-Photoroom.webp\",\"contentUrl\":\"https:\/\/miumjau.ee\/wp-content\/uploads\/2025\/04\/brit-care-adult-large-breed-salmon-Photoroom.webp\",\"width\":600,\"height\":800,\"caption\":\"Brit Care koeratoit, kr\u00f5binad\"},{\"@type\":\"BreadcrumbList\",\"@id\":\"https:\/\/miumjau.ee\/fi\/tuote\/brit-care-viljaton-aikuisten-suurten-rotujen-lohi-12-kg\/#breadcrumb\",\"itemListElement\":[{\"@type\":\"ListItem\",\"position\":1,\"name\":\"Home\",\"item\":\"https:\/\/miumjau.ee\/fi\/\"},{\"@type\":\"ListItem\",\"position\":2,\"name\":\"Kauppa\",\"item\":\"https:\/\/miumjau.ee\/fi\/kauppa\/\"},{\"@type\":\"ListItem\",\"position\":3,\"name\":\"Brit Care Viljaton Aikuisten Suurten Rotujen Lohi \u2013 12 kg\"}]},{\"@type\":\"WebSite\",\"@id\":\"https:\/\/miumjau.ee\/#website\",\"url\":\"https:\/\/miumjau.ee\/\",\"name\":\"MiuMjau\",\"description\":\"Kraapimispuud kassidele\",\"publisher\":{\"@id\":\"https:\/\/miumjau.ee\/#organization\"},\"potentialAction\":[{\"@type\":\"SearchAction\",\"target\":{\"@type\":\"EntryPoint\",\"urlTemplate\":\"https:\/\/miumjau.ee\/?s={search_term_string}\"},\"query-input\":{\"@type\":\"PropertyValueSpecification\",\"valueRequired\":true,\"valueName\":\"search_term_string\"}}],\"inLanguage\":\"fi\"},{\"@type\":\"Organization\",\"@id\":\"https:\/\/miumjau.ee\/#organization\",\"name\":\"MiuMjau O\u00dc\",\"url\":\"https:\/\/miumjau.ee\/\",\"logo\":{\"@type\":\"ImageObject\",\"inLanguage\":\"fi\",\"@id\":\"https:\/\/miumjau.ee\/#\/schema\/logo\/image\/\",\"url\":\"https:\/\/miumjau.ee\/wp-content\/uploads\/2022\/04\/MiuMjau-logo-kollane.png\",\"contentUrl\":\"https:\/\/miumjau.ee\/wp-content\/uploads\/2022\/04\/MiuMjau-logo-kollane.png\",\"width\":219,\"height\":100,\"caption\":\"MiuMjau O\u00dc\"},\"image\":{\"@id\":\"https:\/\/miumjau.ee\/#\/schema\/logo\/image\/\"},\"sameAs\":[\"https:\/\/www.facebook.com\/miumjaupood\/\"]}]}<\/script>\n<!-- \/ Yoast SEO plugin. -->","yoast_head_json":{"title":"Brit Care Viljaton Aikuisten Suurten Rotujen Lohi \u2013 12 kg - MiuMjau","robots":{"index":"index","follow":"follow","max-snippet":"max-snippet:-1","max-image-preview":"max-image-preview:large","max-video-preview":"max-video-preview:-1"},"canonical":"https:\/\/miumjau.ee\/fi\/tuote\/brit-care-viljaton-aikuisten-suurten-rotujen-lohi-12-kg\/","og_locale":"fi_FI","og_type":"article","og_title":"Brit Care Viljaton Aikuisten Suurten Rotujen Lohi \u2013 12 kg - MiuMjau","og_description":"Viljaton resepti lohella ja perunalla suurten rotujen aikuisille koirille (yli 25\u202fkg). T\u00e4ysravinto. Hy\u00f6dyt:     Nivelille ja rustolle \u2013 Kondroprotektiivit tukevat terveit\u00e4 niveli\u00e4, luita ja rustoa, erityisen t\u00e4rke\u00e4\u00e4 suurille roduille.    Immuunij\u00e4rjestelm\u00e4 \u2013 Probiootit ja antioksidantit vahvistavat immuunij\u00e4rjestelm\u00e4\u00e4 ja tukevat ruoansulatusta.    Lihakset \u2013 Rikas omega-3-rasvahapoissa tukee lihasten synteesi\u00e4 ja palautumista.   Ainesosat: Lohi (48%) (kuivattu lohi, hydrolysoitu lohi), peruna (30%), kuivattu omenam\u00e4ski, kananrasva, lohi\u00f6ljy (3%), luonnollinen maku, hiiva, hernejauho, glukosamiini (260\u202fmg\/kg), frukto-oligosakkaridit (200\u202fmg\/kg), kondroitiinisulfaatti (200\u202fmg\/kg), mannaani-oligosakkaridit (150\u202fmg\/kg), Mojave-jucca (150\u202fmg\/kg), maitoruusukkeen siemenet (90\u202fmg\/kg), \u03b2-glukaanit (50\u202fmg\/kg), kuivattu lohenm\u00e4ti (50\u202fmg\/kg), kuivattu tyrni (50\u202fmg\/kg), inaktivoitu probiootti Lactobacillus helveticus HA\u2013122 (15\u00d710\u2079 CFU\/kg). Analyyttinen koostumus: Raakavalku 25,0\u202f%, raakarasva 14,0\u202f%, kosteus 10,0\u202f%, raakatuhka 6,5\u202f%, raakakuitu 4,0\u202f%, kalsium 1,1\u202f%, fosfori 0,8\u202f%, natrium 0,4\u202f%, omega-3 1,0\u202f%, omega-6 1,7\u202f%, EPA 0,12\u202f%, DHA 0,16\u202f%. Ravintolis\u00e4t kg kohden: A-vitamiini 20\u202f000\u202fIU, D3 1\u202f500\u202fIU, E-vitamiini 500\u202fmg, C-vitamiini 300\u202fmg, tauriini 1\u202f500\u202fmg, koliini 1\u202f800\u202fmg, L-karnitiini 250\u202fmg, B1 2,5\u202fmg, B2 9,6\u202fmg, biotiini 3,5\u202fmg, foolihappo 1,2\u202fmg, B6 2,5\u202fmg, kalsium-D-pantotenaatti 25\u202fmg, niasiiniamidi 32,5\u202fmg, B12 0,1\u202fmg, jodi 0,8\u202fmg, orgaaninen sinkki 85\u202fmg, orgaaninen mangaani 40\u202fmg, orgaaninen kupari 18\u202fmg, orgaaninen rauta 75\u202fmg, orgaaninen seleeni 0,16\u202fmg. Sis\u00e4lt\u00e4\u00e4 EU:n hyv\u00e4ksymi\u00e4 antioksidantteja: tokoferoliuutteet kasvi\u00f6ljyist\u00e4, askorbyylipalmitaatti, rosmariiniuutteet. Metaboloituva energia: 3\u202f640\u202fkcal\/kg","og_url":"https:\/\/miumjau.ee\/fi\/tuote\/brit-care-viljaton-aikuisten-suurten-rotujen-lohi-12-kg\/","og_site_name":"MiuMjau","article_publisher":"https:\/\/www.facebook.com\/miumjaupood\/","article_modified_time":"2026-01-07T20:41:02+00:00","og_image":[{"width":600,"height":800,"url":"https:\/\/miumjau.ee\/wp-content\/uploads\/2025\/04\/brit-care-adult-large-breed-salmon-Photoroom.webp","type":"image\/webp"}],"twitter_card":"summary_large_image","schema":{"@context":"https:\/\/schema.org","@graph":[{"@type":"WebPage","@id":"https:\/\/miumjau.ee\/fi\/tuote\/brit-care-viljaton-aikuisten-suurten-rotujen-lohi-12-kg\/","url":"https:\/\/miumjau.ee\/fi\/tuote\/brit-care-viljaton-aikuisten-suurten-rotujen-lohi-12-kg\/","name":"Brit Care Viljaton Aikuisten Suurten Rotujen Lohi \u2013 12 kg - MiuMjau","isPartOf":{"@id":"https:\/\/miumjau.ee\/#website"},"primaryImageOfPage":{"@id":"https:\/\/miumjau.ee\/fi\/tuote\/brit-care-viljaton-aikuisten-suurten-rotujen-lohi-12-kg\/#primaryimage"},"image":{"@id":"https:\/\/miumjau.ee\/fi\/tuote\/brit-care-viljaton-aikuisten-suurten-rotujen-lohi-12-kg\/#primaryimage"},"thumbnailUrl":"https:\/\/miumjau.ee\/wp-content\/uploads\/2025\/04\/brit-care-adult-large-breed-salmon-Photoroom.webp","datePublished":"2025-04-07T08:47:38+00:00","dateModified":"2026-01-07T20:41:02+00:00","breadcrumb":{"@id":"https:\/\/miumjau.ee\/fi\/tuote\/brit-care-viljaton-aikuisten-suurten-rotujen-lohi-12-kg\/#breadcrumb"},"inLanguage":"fi","potentialAction":[{"@type":"ReadAction","target":["https:\/\/miumjau.ee\/fi\/tuote\/brit-care-viljaton-aikuisten-suurten-rotujen-lohi-12-kg\/"]}]},{"@type":"ImageObject","inLanguage":"fi","@id":"https:\/\/miumjau.ee\/fi\/tuote\/brit-care-viljaton-aikuisten-suurten-rotujen-lohi-12-kg\/#primaryimage","url":"https:\/\/miumjau.ee\/wp-content\/uploads\/2025\/04\/brit-care-adult-large-breed-salmon-Photoroom.webp","contentUrl":"https:\/\/miumjau.ee\/wp-content\/uploads\/2025\/04\/brit-care-adult-large-breed-salmon-Photoroom.webp","width":600,"height":800,"caption":"Brit Care koeratoit, kr\u00f5binad"},{"@type":"BreadcrumbList","@id":"https:\/\/miumjau.ee\/fi\/tuote\/brit-care-viljaton-aikuisten-suurten-rotujen-lohi-12-kg\/#breadcrumb","itemListElement":[{"@type":"ListItem","position":1,"name":"Home","item":"https:\/\/miumjau.ee\/fi\/"},{"@type":"ListItem","position":2,"name":"Kauppa","item":"https:\/\/miumjau.ee\/fi\/kauppa\/"},{"@type":"ListItem","position":3,"name":"Brit Care Viljaton Aikuisten Suurten Rotujen Lohi \u2013 12 kg"}]},{"@type":"WebSite","@id":"https:\/\/miumjau.ee\/#website","url":"https:\/\/miumjau.ee\/","name":"MiuMjau","description":"Kraapimispuud kassidele","publisher":{"@id":"https:\/\/miumjau.ee\/#organization"},"potentialAction":[{"@type":"SearchAction","target":{"@type":"EntryPoint","urlTemplate":"https:\/\/miumjau.ee\/?s={search_term_string}"},"query-input":{"@type":"PropertyValueSpecification","valueRequired":true,"valueName":"search_term_string"}}],"inLanguage":"fi"},{"@type":"Organization","@id":"https:\/\/miumjau.ee\/#organization","name":"MiuMjau O\u00dc","url":"https:\/\/miumjau.ee\/","logo":{"@type":"ImageObject","inLanguage":"fi","@id":"https:\/\/miumjau.ee\/#\/schema\/logo\/image\/","url":"https:\/\/miumjau.ee\/wp-content\/uploads\/2022\/04\/MiuMjau-logo-kollane.png","contentUrl":"https:\/\/miumjau.ee\/wp-content\/uploads\/2022\/04\/MiuMjau-logo-kollane.png","width":219,"height":100,"caption":"MiuMjau O\u00dc"},"image":{"@id":"https:\/\/miumjau.ee\/#\/schema\/logo\/image\/"},"sameAs":["https:\/\/www.facebook.com\/miumjaupood\/"]}]}},"_links":{"self":[{"href":"https:\/\/miumjau.ee\/fi\/wp-json\/wp\/v2\/product\/51556","targetHints":{"allow":["GET"]}}],"collection":[{"href":"https:\/\/miumjau.ee\/fi\/wp-json\/wp\/v2\/product"}],"about":[{"href":"https:\/\/miumjau.ee\/fi\/wp-json\/wp\/v2\/types\/product"}],"wp:featuredmedia":[{"embeddable":true,"href":"https:\/\/miumjau.ee\/fi\/wp-json\/wp\/v2\/media\/31750"}],"wp:attachment":[{"href":"https:\/\/miumjau.ee\/fi\/wp-json\/wp\/v2\/media?parent=51556"}],"wp:term":[{"taxonomy":"product_brand","embeddable":true,"href":"https:\/\/miumjau.ee\/fi\/wp-json\/wp\/v2\/product_brand?post=51556"},{"taxonomy":"product_cat","embeddable":true,"href":"https:\/\/miumjau.ee\/fi\/wp-json\/wp\/v2\/product_cat?post=51556"},{"taxonomy":"product_tag","embeddable":true,"href":"https:\/\/miumjau.ee\/fi\/wp-json\/wp\/v2\/product_tag?post=51556"}],"curies":[{"name":"wp","href":"https:\/\/api.w.org\/{rel}","templated":true}]}}