{"id":51542,"date":"2025-04-07T21:14:52","date_gmt":"2025-04-07T18:14:52","guid":{"rendered":"https:\/\/miumjau.ee\/toode\/brit-care-mini-puppy-viljaton-ruoka-lampaanlihalla-400-g\/"},"modified":"2026-01-07T22:41:02","modified_gmt":"2026-01-07T20:41:02","slug":"brit-care-mini-puppy-viljaton-ruoka-lampaanlihalla-400-g","status":"publish","type":"product","link":"https:\/\/miumjau.ee\/fi\/tuote\/brit-care-mini-puppy-viljaton-ruoka-lampaanlihalla-400-g\/","title":{"rendered":"Brit Care Mini Puppy Viljaton Ruoka Lampaanlihalla \u2013 400\u202fg"},"content":{"rendered":"","protected":false},"excerpt":{"rendered":"<p data-start=\"1952\" data-end=\"2061\">Viljaton, hypoallergeeninen resepti mini-rotuisille pennuille (4 viikosta 10 kuukauteen) ja niiden emoille.<\/p>\n<p data-start=\"2063\" data-end=\"2818\"><strong data-start=\"2063\" data-end=\"2077\">Ainesosat:<\/strong> Lampaanlihajauho (35\u202f%), tuore lampaanproteiinia (20\u202f%), keltainen herne, kanarasva (s\u00e4ilytetty tokoferoleilla), kikherneet, pellavansiemen (5\u202f%), lohi\u00f6ljy (3\u202f%), tattari, kuivatut omenat, olutm\u00e4ski, merilev\u00e4 (0,5\u202f%, Ascophyllum nodosum), hydrolysoidut \u00e4yri\u00e4iskuoressa (glukosamiinin l\u00e4hde, 290\u202fmg\/kg), mustikat (250\u202fmg\/kg \u2013 polyfenolien l\u00e4hde 75\u202fmg\/kg, flavonoidien l\u00e4hde 35\u202fmg\/kg), rusto-uute (kondroitiinin l\u00e4hde, 180\u202fmg\/kg), mannaani-oligosakkaridit (170\u202fmg\/kg), yrtit ja hedelm\u00e4t (rosmariini, neilikka, sitrushedelm\u00e4t, kurkuma \u2013 160\u202fmg\/kg), frukto-oligosakkaridit (110\u202fmg\/kg), Yucca schidigera (110\u202fmg\/kg), inuliini (100\u202fmg\/kg), maitoruusuke (80\u202fmg\/kg), tyrni (80\u202fmg\/kg), kamomilla (35\u202fmg\/kg), neilikka (35\u202fmg\/kg), salvia (30\u202fmg\/kg).<\/p>\n<p data-start=\"2820\" data-end=\"3055\"><strong data-start=\"2820\" data-end=\"2847\">Analyyttinen koostumus:<\/strong> Raakavalku 33,0\u202f%, raakarasva 23,0\u202f%, kosteus 10,0\u202f%, raakatuhka 8,5\u202f%, raakakuitu 1,5\u202f%, kalsium 1,6\u202f%, fosfori 1,3\u202f%, omega-3-rasvahapot 1,9\u202f%, omega-6-rasvahapot 3,2\u202f%, eikosapentaeenihappo (EPA) 0,2\u202f%.<\/p>\n<p data-start=\"3057\" data-end=\"3613\"><strong data-start=\"3057\" data-end=\"3074\">Ravintolis\u00e4t:<\/strong> A-vitamiini (3a672a) 23\u202f000\u202fIU, D3-vitamiini (E671) 1\u202f800\u202fIU, E-vitamiini (\u03b1-tokoferoli) (3a700) 650\u202fmg, C-vitamiini (3a312) 350\u202fmg, koliinikloridi (3a890) 700\u202fmg, tauriini (3a370) 220\u202fmg, biotiini (3a880) 3,5\u202fmg, B1-vitamiini (3a821) 1,2\u202fmg, B2-vitamiini 4,5\u202fmg, niasiinimidi (3a315) 15\u202fmg, kalsium-D-pantotenaatti (3a841) 12\u202fmg, B6-vitamiini (3a831) 1,2\u202fmg, foolihappo (3a316) 0,6\u202fmg, B12-vitamiini 0,04\u202fmg, sinkki (3b606) 110\u202fmg, rauta (E1) 90\u202fmg, mangaani (E5) 45\u202fmg, jodi (3b201) 0,8\u202fmg, kupari (E4) 18\u202fmg, seleeni (3b8.10) 0,2\u202fmg.<\/p>\n<p data-start=\"3615\" data-end=\"3657\"><strong data-start=\"3615\" data-end=\"3641\">Metaboloituva energia:<\/strong> 4\u202f200\u202fkcal\/kg<\/p>\n","protected":false},"featured_media":31976,"template":"","meta":[],"product_brand":[],"product_cat":[478],"product_tag":[],"class_list":{"0":"post-51542","1":"product","2":"type-product","3":"status-publish","4":"has-post-thumbnail","6":"product_cat-kuivaruoka-koirille","8":"first","9":"instock","10":"sale","11":"taxable","12":"shipping-taxable","13":"purchasable","14":"product-type-simple"},"yoast_head":"<!-- This site is optimized with the Yoast SEO plugin v27.2 - https:\/\/yoast.com\/product\/yoast-seo-wordpress\/ -->\n<title>Brit Care Mini Puppy Viljaton Ruoka Lampaanlihalla \u2013 400\u202fg - MiuMjau<\/title>\n<meta name=\"robots\" content=\"index, follow, max-snippet:-1, max-image-preview:large, max-video-preview:-1\" \/>\n<link rel=\"canonical\" href=\"https:\/\/miumjau.ee\/fi\/tuote\/brit-care-mini-puppy-viljaton-ruoka-lampaanlihalla-400-g\/\" \/>\n<meta property=\"og:locale\" content=\"fi_FI\" \/>\n<meta property=\"og:type\" content=\"article\" \/>\n<meta property=\"og:title\" content=\"Brit Care Mini Puppy Viljaton Ruoka Lampaanlihalla \u2013 400\u202fg - MiuMjau\" \/>\n<meta property=\"og:description\" content=\"Viljaton, hypoallergeeninen resepti mini-rotuisille pennuille (4 viikosta 10 kuukauteen) ja niiden emoille. Ainesosat: Lampaanlihajauho (35\u202f%), tuore lampaanproteiinia (20\u202f%), keltainen herne, kanarasva (s\u00e4ilytetty tokoferoleilla), kikherneet, pellavansiemen (5\u202f%), lohi\u00f6ljy (3\u202f%), tattari, kuivatut omenat, olutm\u00e4ski, merilev\u00e4 (0,5\u202f%, Ascophyllum nodosum), hydrolysoidut \u00e4yri\u00e4iskuoressa (glukosamiinin l\u00e4hde, 290\u202fmg\/kg), mustikat (250\u202fmg\/kg \u2013 polyfenolien l\u00e4hde 75\u202fmg\/kg, flavonoidien l\u00e4hde 35\u202fmg\/kg), rusto-uute (kondroitiinin l\u00e4hde, 180\u202fmg\/kg), mannaani-oligosakkaridit (170\u202fmg\/kg), yrtit ja hedelm\u00e4t (rosmariini, neilikka, sitrushedelm\u00e4t, kurkuma \u2013 160\u202fmg\/kg), frukto-oligosakkaridit (110\u202fmg\/kg), Yucca schidigera (110\u202fmg\/kg), inuliini (100\u202fmg\/kg), maitoruusuke (80\u202fmg\/kg), tyrni (80\u202fmg\/kg), kamomilla (35\u202fmg\/kg), neilikka (35\u202fmg\/kg), salvia (30\u202fmg\/kg). Analyyttinen koostumus: Raakavalku 33,0\u202f%, raakarasva 23,0\u202f%, kosteus 10,0\u202f%, raakatuhka 8,5\u202f%, raakakuitu 1,5\u202f%, kalsium 1,6\u202f%, fosfori 1,3\u202f%, omega-3-rasvahapot 1,9\u202f%, omega-6-rasvahapot 3,2\u202f%, eikosapentaeenihappo (EPA) 0,2\u202f%. Ravintolis\u00e4t: A-vitamiini (3a672a) 23\u202f000\u202fIU, D3-vitamiini (E671) 1\u202f800\u202fIU, E-vitamiini (\u03b1-tokoferoli) (3a700) 650\u202fmg, C-vitamiini (3a312) 350\u202fmg, koliinikloridi (3a890) 700\u202fmg, tauriini (3a370) 220\u202fmg, biotiini (3a880) 3,5\u202fmg, B1-vitamiini (3a821) 1,2\u202fmg, B2-vitamiini 4,5\u202fmg, niasiinimidi (3a315) 15\u202fmg, kalsium-D-pantotenaatti (3a841) 12\u202fmg, B6-vitamiini (3a831) 1,2\u202fmg, foolihappo (3a316) 0,6\u202fmg, B12-vitamiini 0,04\u202fmg, sinkki (3b606) 110\u202fmg, rauta (E1) 90\u202fmg, mangaani (E5) 45\u202fmg, jodi (3b201) 0,8\u202fmg, kupari (E4) 18\u202fmg, seleeni (3b8.10) 0,2\u202fmg. Metaboloituva energia: 4\u202f200\u202fkcal\/kg\" \/>\n<meta property=\"og:url\" content=\"https:\/\/miumjau.ee\/fi\/tuote\/brit-care-mini-puppy-viljaton-ruoka-lampaanlihalla-400-g\/\" \/>\n<meta property=\"og:site_name\" content=\"MiuMjau\" \/>\n<meta property=\"article:publisher\" content=\"https:\/\/www.facebook.com\/miumjaupood\/\" \/>\n<meta property=\"article:modified_time\" content=\"2026-01-07T20:41:02+00:00\" \/>\n<meta property=\"og:image\" content=\"https:\/\/miumjau.ee\/wp-content\/uploads\/2025\/04\/brit-care-mini-koeratoit4.webp\" \/>\n\t<meta property=\"og:image:width\" content=\"600\" \/>\n\t<meta property=\"og:image:height\" content=\"800\" \/>\n\t<meta property=\"og:image:type\" content=\"image\/webp\" \/>\n<meta name=\"twitter:card\" content=\"summary_large_image\" \/>\n<script type=\"application\/ld+json\" class=\"yoast-schema-graph\">{\"@context\":\"https:\/\/schema.org\",\"@graph\":[{\"@type\":\"WebPage\",\"@id\":\"https:\/\/miumjau.ee\/fi\/tuote\/brit-care-mini-puppy-viljaton-ruoka-lampaanlihalla-400-g\/\",\"url\":\"https:\/\/miumjau.ee\/fi\/tuote\/brit-care-mini-puppy-viljaton-ruoka-lampaanlihalla-400-g\/\",\"name\":\"Brit Care Mini Puppy Viljaton Ruoka Lampaanlihalla \u2013 400\u202fg - MiuMjau\",\"isPartOf\":{\"@id\":\"https:\/\/miumjau.ee\/#website\"},\"primaryImageOfPage\":{\"@id\":\"https:\/\/miumjau.ee\/fi\/tuote\/brit-care-mini-puppy-viljaton-ruoka-lampaanlihalla-400-g\/#primaryimage\"},\"image\":{\"@id\":\"https:\/\/miumjau.ee\/fi\/tuote\/brit-care-mini-puppy-viljaton-ruoka-lampaanlihalla-400-g\/#primaryimage\"},\"thumbnailUrl\":\"https:\/\/miumjau.ee\/wp-content\/uploads\/2025\/04\/brit-care-mini-koeratoit4.webp\",\"datePublished\":\"2025-04-07T18:14:52+00:00\",\"dateModified\":\"2026-01-07T20:41:02+00:00\",\"breadcrumb\":{\"@id\":\"https:\/\/miumjau.ee\/fi\/tuote\/brit-care-mini-puppy-viljaton-ruoka-lampaanlihalla-400-g\/#breadcrumb\"},\"inLanguage\":\"fi\",\"potentialAction\":[{\"@type\":\"ReadAction\",\"target\":[\"https:\/\/miumjau.ee\/fi\/tuote\/brit-care-mini-puppy-viljaton-ruoka-lampaanlihalla-400-g\/\"]}]},{\"@type\":\"ImageObject\",\"inLanguage\":\"fi\",\"@id\":\"https:\/\/miumjau.ee\/fi\/tuote\/brit-care-mini-puppy-viljaton-ruoka-lampaanlihalla-400-g\/#primaryimage\",\"url\":\"https:\/\/miumjau.ee\/wp-content\/uploads\/2025\/04\/brit-care-mini-koeratoit4.webp\",\"contentUrl\":\"https:\/\/miumjau.ee\/wp-content\/uploads\/2025\/04\/brit-care-mini-koeratoit4.webp\",\"width\":600,\"height\":800,\"caption\":\"Brit Care Mini Puppy teraviljavaba toit kutsikatele lambaga 2kg\"},{\"@type\":\"BreadcrumbList\",\"@id\":\"https:\/\/miumjau.ee\/fi\/tuote\/brit-care-mini-puppy-viljaton-ruoka-lampaanlihalla-400-g\/#breadcrumb\",\"itemListElement\":[{\"@type\":\"ListItem\",\"position\":1,\"name\":\"Home\",\"item\":\"https:\/\/miumjau.ee\/fi\/\"},{\"@type\":\"ListItem\",\"position\":2,\"name\":\"Kauppa\",\"item\":\"https:\/\/miumjau.ee\/fi\/kauppa\/\"},{\"@type\":\"ListItem\",\"position\":3,\"name\":\"Brit Care Mini Puppy Viljaton Ruoka Lampaanlihalla \u2013 400\u202fg\"}]},{\"@type\":\"WebSite\",\"@id\":\"https:\/\/miumjau.ee\/#website\",\"url\":\"https:\/\/miumjau.ee\/\",\"name\":\"MiuMjau\",\"description\":\"Kraapimispuud kassidele\",\"publisher\":{\"@id\":\"https:\/\/miumjau.ee\/#organization\"},\"potentialAction\":[{\"@type\":\"SearchAction\",\"target\":{\"@type\":\"EntryPoint\",\"urlTemplate\":\"https:\/\/miumjau.ee\/?s={search_term_string}\"},\"query-input\":{\"@type\":\"PropertyValueSpecification\",\"valueRequired\":true,\"valueName\":\"search_term_string\"}}],\"inLanguage\":\"fi\"},{\"@type\":\"Organization\",\"@id\":\"https:\/\/miumjau.ee\/#organization\",\"name\":\"MiuMjau O\u00dc\",\"url\":\"https:\/\/miumjau.ee\/\",\"logo\":{\"@type\":\"ImageObject\",\"inLanguage\":\"fi\",\"@id\":\"https:\/\/miumjau.ee\/#\/schema\/logo\/image\/\",\"url\":\"https:\/\/miumjau.ee\/wp-content\/uploads\/2022\/04\/MiuMjau-logo-kollane.png\",\"contentUrl\":\"https:\/\/miumjau.ee\/wp-content\/uploads\/2022\/04\/MiuMjau-logo-kollane.png\",\"width\":219,\"height\":100,\"caption\":\"MiuMjau O\u00dc\"},\"image\":{\"@id\":\"https:\/\/miumjau.ee\/#\/schema\/logo\/image\/\"},\"sameAs\":[\"https:\/\/www.facebook.com\/miumjaupood\/\"]}]}<\/script>\n<!-- \/ Yoast SEO plugin. -->","yoast_head_json":{"title":"Brit Care Mini Puppy Viljaton Ruoka Lampaanlihalla \u2013 400\u202fg - MiuMjau","robots":{"index":"index","follow":"follow","max-snippet":"max-snippet:-1","max-image-preview":"max-image-preview:large","max-video-preview":"max-video-preview:-1"},"canonical":"https:\/\/miumjau.ee\/fi\/tuote\/brit-care-mini-puppy-viljaton-ruoka-lampaanlihalla-400-g\/","og_locale":"fi_FI","og_type":"article","og_title":"Brit Care Mini Puppy Viljaton Ruoka Lampaanlihalla \u2013 400\u202fg - MiuMjau","og_description":"Viljaton, hypoallergeeninen resepti mini-rotuisille pennuille (4 viikosta 10 kuukauteen) ja niiden emoille. Ainesosat: Lampaanlihajauho (35\u202f%), tuore lampaanproteiinia (20\u202f%), keltainen herne, kanarasva (s\u00e4ilytetty tokoferoleilla), kikherneet, pellavansiemen (5\u202f%), lohi\u00f6ljy (3\u202f%), tattari, kuivatut omenat, olutm\u00e4ski, merilev\u00e4 (0,5\u202f%, Ascophyllum nodosum), hydrolysoidut \u00e4yri\u00e4iskuoressa (glukosamiinin l\u00e4hde, 290\u202fmg\/kg), mustikat (250\u202fmg\/kg \u2013 polyfenolien l\u00e4hde 75\u202fmg\/kg, flavonoidien l\u00e4hde 35\u202fmg\/kg), rusto-uute (kondroitiinin l\u00e4hde, 180\u202fmg\/kg), mannaani-oligosakkaridit (170\u202fmg\/kg), yrtit ja hedelm\u00e4t (rosmariini, neilikka, sitrushedelm\u00e4t, kurkuma \u2013 160\u202fmg\/kg), frukto-oligosakkaridit (110\u202fmg\/kg), Yucca schidigera (110\u202fmg\/kg), inuliini (100\u202fmg\/kg), maitoruusuke (80\u202fmg\/kg), tyrni (80\u202fmg\/kg), kamomilla (35\u202fmg\/kg), neilikka (35\u202fmg\/kg), salvia (30\u202fmg\/kg). Analyyttinen koostumus: Raakavalku 33,0\u202f%, raakarasva 23,0\u202f%, kosteus 10,0\u202f%, raakatuhka 8,5\u202f%, raakakuitu 1,5\u202f%, kalsium 1,6\u202f%, fosfori 1,3\u202f%, omega-3-rasvahapot 1,9\u202f%, omega-6-rasvahapot 3,2\u202f%, eikosapentaeenihappo (EPA) 0,2\u202f%. Ravintolis\u00e4t: A-vitamiini (3a672a) 23\u202f000\u202fIU, D3-vitamiini (E671) 1\u202f800\u202fIU, E-vitamiini (\u03b1-tokoferoli) (3a700) 650\u202fmg, C-vitamiini (3a312) 350\u202fmg, koliinikloridi (3a890) 700\u202fmg, tauriini (3a370) 220\u202fmg, biotiini (3a880) 3,5\u202fmg, B1-vitamiini (3a821) 1,2\u202fmg, B2-vitamiini 4,5\u202fmg, niasiinimidi (3a315) 15\u202fmg, kalsium-D-pantotenaatti (3a841) 12\u202fmg, B6-vitamiini (3a831) 1,2\u202fmg, foolihappo (3a316) 0,6\u202fmg, B12-vitamiini 0,04\u202fmg, sinkki (3b606) 110\u202fmg, rauta (E1) 90\u202fmg, mangaani (E5) 45\u202fmg, jodi (3b201) 0,8\u202fmg, kupari (E4) 18\u202fmg, seleeni (3b8.10) 0,2\u202fmg. Metaboloituva energia: 4\u202f200\u202fkcal\/kg","og_url":"https:\/\/miumjau.ee\/fi\/tuote\/brit-care-mini-puppy-viljaton-ruoka-lampaanlihalla-400-g\/","og_site_name":"MiuMjau","article_publisher":"https:\/\/www.facebook.com\/miumjaupood\/","article_modified_time":"2026-01-07T20:41:02+00:00","og_image":[{"width":600,"height":800,"url":"https:\/\/miumjau.ee\/wp-content\/uploads\/2025\/04\/brit-care-mini-koeratoit4.webp","type":"image\/webp"}],"twitter_card":"summary_large_image","schema":{"@context":"https:\/\/schema.org","@graph":[{"@type":"WebPage","@id":"https:\/\/miumjau.ee\/fi\/tuote\/brit-care-mini-puppy-viljaton-ruoka-lampaanlihalla-400-g\/","url":"https:\/\/miumjau.ee\/fi\/tuote\/brit-care-mini-puppy-viljaton-ruoka-lampaanlihalla-400-g\/","name":"Brit Care Mini Puppy Viljaton Ruoka Lampaanlihalla \u2013 400\u202fg - MiuMjau","isPartOf":{"@id":"https:\/\/miumjau.ee\/#website"},"primaryImageOfPage":{"@id":"https:\/\/miumjau.ee\/fi\/tuote\/brit-care-mini-puppy-viljaton-ruoka-lampaanlihalla-400-g\/#primaryimage"},"image":{"@id":"https:\/\/miumjau.ee\/fi\/tuote\/brit-care-mini-puppy-viljaton-ruoka-lampaanlihalla-400-g\/#primaryimage"},"thumbnailUrl":"https:\/\/miumjau.ee\/wp-content\/uploads\/2025\/04\/brit-care-mini-koeratoit4.webp","datePublished":"2025-04-07T18:14:52+00:00","dateModified":"2026-01-07T20:41:02+00:00","breadcrumb":{"@id":"https:\/\/miumjau.ee\/fi\/tuote\/brit-care-mini-puppy-viljaton-ruoka-lampaanlihalla-400-g\/#breadcrumb"},"inLanguage":"fi","potentialAction":[{"@type":"ReadAction","target":["https:\/\/miumjau.ee\/fi\/tuote\/brit-care-mini-puppy-viljaton-ruoka-lampaanlihalla-400-g\/"]}]},{"@type":"ImageObject","inLanguage":"fi","@id":"https:\/\/miumjau.ee\/fi\/tuote\/brit-care-mini-puppy-viljaton-ruoka-lampaanlihalla-400-g\/#primaryimage","url":"https:\/\/miumjau.ee\/wp-content\/uploads\/2025\/04\/brit-care-mini-koeratoit4.webp","contentUrl":"https:\/\/miumjau.ee\/wp-content\/uploads\/2025\/04\/brit-care-mini-koeratoit4.webp","width":600,"height":800,"caption":"Brit Care Mini Puppy teraviljavaba toit kutsikatele lambaga 2kg"},{"@type":"BreadcrumbList","@id":"https:\/\/miumjau.ee\/fi\/tuote\/brit-care-mini-puppy-viljaton-ruoka-lampaanlihalla-400-g\/#breadcrumb","itemListElement":[{"@type":"ListItem","position":1,"name":"Home","item":"https:\/\/miumjau.ee\/fi\/"},{"@type":"ListItem","position":2,"name":"Kauppa","item":"https:\/\/miumjau.ee\/fi\/kauppa\/"},{"@type":"ListItem","position":3,"name":"Brit Care Mini Puppy Viljaton Ruoka Lampaanlihalla \u2013 400\u202fg"}]},{"@type":"WebSite","@id":"https:\/\/miumjau.ee\/#website","url":"https:\/\/miumjau.ee\/","name":"MiuMjau","description":"Kraapimispuud kassidele","publisher":{"@id":"https:\/\/miumjau.ee\/#organization"},"potentialAction":[{"@type":"SearchAction","target":{"@type":"EntryPoint","urlTemplate":"https:\/\/miumjau.ee\/?s={search_term_string}"},"query-input":{"@type":"PropertyValueSpecification","valueRequired":true,"valueName":"search_term_string"}}],"inLanguage":"fi"},{"@type":"Organization","@id":"https:\/\/miumjau.ee\/#organization","name":"MiuMjau O\u00dc","url":"https:\/\/miumjau.ee\/","logo":{"@type":"ImageObject","inLanguage":"fi","@id":"https:\/\/miumjau.ee\/#\/schema\/logo\/image\/","url":"https:\/\/miumjau.ee\/wp-content\/uploads\/2022\/04\/MiuMjau-logo-kollane.png","contentUrl":"https:\/\/miumjau.ee\/wp-content\/uploads\/2022\/04\/MiuMjau-logo-kollane.png","width":219,"height":100,"caption":"MiuMjau O\u00dc"},"image":{"@id":"https:\/\/miumjau.ee\/#\/schema\/logo\/image\/"},"sameAs":["https:\/\/www.facebook.com\/miumjaupood\/"]}]}},"_links":{"self":[{"href":"https:\/\/miumjau.ee\/fi\/wp-json\/wp\/v2\/product\/51542","targetHints":{"allow":["GET"]}}],"collection":[{"href":"https:\/\/miumjau.ee\/fi\/wp-json\/wp\/v2\/product"}],"about":[{"href":"https:\/\/miumjau.ee\/fi\/wp-json\/wp\/v2\/types\/product"}],"wp:featuredmedia":[{"embeddable":true,"href":"https:\/\/miumjau.ee\/fi\/wp-json\/wp\/v2\/media\/31976"}],"wp:attachment":[{"href":"https:\/\/miumjau.ee\/fi\/wp-json\/wp\/v2\/media?parent=51542"}],"wp:term":[{"taxonomy":"product_brand","embeddable":true,"href":"https:\/\/miumjau.ee\/fi\/wp-json\/wp\/v2\/product_brand?post=51542"},{"taxonomy":"product_cat","embeddable":true,"href":"https:\/\/miumjau.ee\/fi\/wp-json\/wp\/v2\/product_cat?post=51542"},{"taxonomy":"product_tag","embeddable":true,"href":"https:\/\/miumjau.ee\/fi\/wp-json\/wp\/v2\/product_tag?post=51542"}],"curies":[{"name":"wp","href":"https:\/\/api.w.org\/{rel}","templated":true}]}}