{"id":51511,"date":"2025-05-20T17:09:27","date_gmt":"2025-05-20T14:09:27","guid":{"rendered":"https:\/\/miumjau.ee\/toode\/polaris-yhden-proteiinin-possupatee-6x400-g\/"},"modified":"2026-01-07T22:41:08","modified_gmt":"2026-01-07T20:41:08","slug":"polaris-yhden-proteiinin-possupatee-6x400-g","status":"publish","type":"product","link":"https:\/\/miumjau.ee\/fi\/tuote\/polaris-yhden-proteiinin-possupatee-6x400-g\/","title":{"rendered":"Polaris Yhden Proteiinin Possupatee 6&#215;400\u202fg"},"content":{"rendered":"","protected":false},"excerpt":{"rendered":"<p data-start=\"1475\" data-end=\"1599\">T\u00e4ysravinto koirille yhdell\u00e4 el\u00e4inproteiinin l\u00e4hteell\u00e4 \u2013 possu. Sopii kaikenrotuisille, normaalisti aktiivisille koirille.<\/p>\n<ul data-start=\"1601\" data-end=\"1939\">\n<li data-start=\"1601\" data-end=\"1746\">\n<p data-start=\"1603\" data-end=\"1746\">98,7\u202f% possua ja lient\u00e4 \u2013 yksi el\u00e4inproteiinin l\u00e4hde \u2013 sopii herkk\u00e4vatsaisille, allergisille ja ruoka-aineyliherkkyydest\u00e4 k\u00e4rsiville koirille<\/p>\n<\/li>\n<li data-start=\"1747\" data-end=\"1782\">\n<p data-start=\"1749\" data-end=\"1782\">Viljaton, soijaton, gluteeniton<\/p>\n<\/li>\n<li data-start=\"1783\" data-end=\"1830\">\n<p data-start=\"1785\" data-end=\"1830\">D3-vitamiini vahvoille luuille ja hampaille<\/p>\n<\/li>\n<li data-start=\"1831\" data-end=\"1877\">\n<p data-start=\"1833\" data-end=\"1877\">E-vitamiini immuunij\u00e4rjestelm\u00e4n toimintaan<\/p>\n<\/li>\n<li data-start=\"1878\" data-end=\"1939\">\n<p data-start=\"1880\" data-end=\"1939\">Pellavansiemen\u00f6ljy ja sinkki terveelle iholle ja turkille<\/p>\n<\/li>\n<\/ul>\n<p data-start=\"1941\" data-end=\"2050\"><strong data-start=\"1941\" data-end=\"1955\">Ainesosat:<\/strong> Possu 70\u202f%, possuliemi 28,7\u202f%, mineraalit 0,7\u202f%, selluloosa 0,5\u202f%, pellavansiemen\u00f6ljy 0,1\u202f%.<\/p>\n<p data-start=\"2052\" data-end=\"2167\"><strong data-start=\"2052\" data-end=\"2079\">Analyyttinen koostumus:<\/strong> Kosteus 78,0\u202f%, raakavalku 10,5\u202f%, raakrasva 7\u202f%, raakatuhka 2,5\u202f%, raakakuitu 0,5\u202f%.<\/p>\n<p data-start=\"2169\" data-end=\"2392\"><strong data-start=\"2169\" data-end=\"2195\">Ravintolis\u00e4t kg kohti:<\/strong> D3-vitamiini 140\u202fIU, E-vitamiini 30\u202fmg, Sinkki (sinkkisulfaattimonohydraatti) 20\u202fmg, Kupari (kuparisulfaattipentahydraatti) 2,3\u202fmg, Mangaani (mangaanioksidi) 2\u202fmg, Jodi (kalsiumjodaatti) 0,5\u202fmg.<\/p>\n<p data-start=\"2394\" data-end=\"2566\"><strong data-start=\"2394\" data-end=\"2411\">Ruokintaohje:<\/strong> Suositellut m\u00e4\u00e4r\u00e4t pakkauksessa. Yksil\u00f6lliset tarpeet riippuvat koiran i\u00e4st\u00e4, koosta ja aktiivisuudesta. Varmista, ett\u00e4 koiralla on aina raikasta vett\u00e4.<\/p>\n<p data-start=\"2568\" data-end=\"2653\">Tarjoile huoneenl\u00e4mp\u00f6isen\u00e4. Avattuna s\u00e4ilyt\u00e4 j\u00e4\u00e4kaapissa enint\u00e4\u00e4n 4 p\u00e4iv\u00e4\u00e4 (+4\u202f\u00b0C).<\/p>\n<p data-start=\"2655\" data-end=\"2698\">Parasta ennen ja er\u00e4numero: katso pakkaus<\/p>\n<p data-start=\"2700\" data-end=\"2759\">Valmistaja: Partner in Pet Food. Valmistettu Alankomaissa<\/p>\n","protected":false},"featured_media":35458,"template":"","meta":[],"product_brand":[],"product_cat":[479],"product_tag":[],"class_list":{"0":"post-51511","1":"product","2":"type-product","3":"status-publish","4":"has-post-thumbnail","6":"product_cat-markaruoka-koirille","8":"first","9":"instock","10":"taxable","11":"shipping-taxable","12":"purchasable","13":"product-type-simple"},"yoast_head":"<!-- This site is optimized with the Yoast SEO plugin v27.2 - https:\/\/yoast.com\/product\/yoast-seo-wordpress\/ -->\n<title>Polaris Yhden Proteiinin Possupatee 6x400\u202fg - MiuMjau<\/title>\n<meta name=\"robots\" content=\"index, follow, max-snippet:-1, max-image-preview:large, max-video-preview:-1\" \/>\n<link rel=\"canonical\" href=\"https:\/\/miumjau.ee\/fi\/tuote\/polaris-yhden-proteiinin-possupatee-6x400-g\/\" \/>\n<meta property=\"og:locale\" content=\"fi_FI\" \/>\n<meta property=\"og:type\" content=\"article\" \/>\n<meta property=\"og:title\" content=\"Polaris Yhden Proteiinin Possupatee 6x400\u202fg - MiuMjau\" \/>\n<meta property=\"og:description\" content=\"T\u00e4ysravinto koirille yhdell\u00e4 el\u00e4inproteiinin l\u00e4hteell\u00e4 \u2013 possu. Sopii kaikenrotuisille, normaalisti aktiivisille koirille.     98,7\u202f% possua ja lient\u00e4 \u2013 yksi el\u00e4inproteiinin l\u00e4hde \u2013 sopii herkk\u00e4vatsaisille, allergisille ja ruoka-aineyliherkkyydest\u00e4 k\u00e4rsiville koirille    Viljaton, soijaton, gluteeniton    D3-vitamiini vahvoille luuille ja hampaille    E-vitamiini immuunij\u00e4rjestelm\u00e4n toimintaan    Pellavansiemen\u00f6ljy ja sinkki terveelle iholle ja turkille   Ainesosat: Possu 70\u202f%, possuliemi 28,7\u202f%, mineraalit 0,7\u202f%, selluloosa 0,5\u202f%, pellavansiemen\u00f6ljy 0,1\u202f%. Analyyttinen koostumus: Kosteus 78,0\u202f%, raakavalku 10,5\u202f%, raakrasva 7\u202f%, raakatuhka 2,5\u202f%, raakakuitu 0,5\u202f%. Ravintolis\u00e4t kg kohti: D3-vitamiini 140\u202fIU, E-vitamiini 30\u202fmg, Sinkki (sinkkisulfaattimonohydraatti) 20\u202fmg, Kupari (kuparisulfaattipentahydraatti) 2,3\u202fmg, Mangaani (mangaanioksidi) 2\u202fmg, Jodi (kalsiumjodaatti) 0,5\u202fmg. Ruokintaohje: Suositellut m\u00e4\u00e4r\u00e4t pakkauksessa. Yksil\u00f6lliset tarpeet riippuvat koiran i\u00e4st\u00e4, koosta ja aktiivisuudesta. Varmista, ett\u00e4 koiralla on aina raikasta vett\u00e4. Tarjoile huoneenl\u00e4mp\u00f6isen\u00e4. Avattuna s\u00e4ilyt\u00e4 j\u00e4\u00e4kaapissa enint\u00e4\u00e4n 4 p\u00e4iv\u00e4\u00e4 (+4\u202f\u00b0C). Parasta ennen ja er\u00e4numero: katso pakkaus Valmistaja: Partner in Pet Food. Valmistettu Alankomaissa\" \/>\n<meta property=\"og:url\" content=\"https:\/\/miumjau.ee\/fi\/tuote\/polaris-yhden-proteiinin-possupatee-6x400-g\/\" \/>\n<meta property=\"og:site_name\" content=\"MiuMjau\" \/>\n<meta property=\"article:publisher\" content=\"https:\/\/www.facebook.com\/miumjaupood\/\" \/>\n<meta property=\"article:modified_time\" content=\"2026-01-07T20:41:08+00:00\" \/>\n<meta property=\"og:image\" content=\"https:\/\/miumjau.ee\/wp-content\/uploads\/2025\/05\/polaris-koer-konserv-monoproteiin3.webp\" \/>\n\t<meta property=\"og:image:width\" content=\"600\" \/>\n\t<meta property=\"og:image:height\" content=\"800\" \/>\n\t<meta property=\"og:image:type\" content=\"image\/webp\" \/>\n<meta name=\"twitter:card\" content=\"summary_large_image\" \/>\n<script type=\"application\/ld+json\" class=\"yoast-schema-graph\">{\"@context\":\"https:\/\/schema.org\",\"@graph\":[{\"@type\":\"WebPage\",\"@id\":\"https:\/\/miumjau.ee\/fi\/tuote\/polaris-yhden-proteiinin-possupatee-6x400-g\/\",\"url\":\"https:\/\/miumjau.ee\/fi\/tuote\/polaris-yhden-proteiinin-possupatee-6x400-g\/\",\"name\":\"Polaris Yhden Proteiinin Possupatee 6x400\u202fg - MiuMjau\",\"isPartOf\":{\"@id\":\"https:\/\/miumjau.ee\/#website\"},\"primaryImageOfPage\":{\"@id\":\"https:\/\/miumjau.ee\/fi\/tuote\/polaris-yhden-proteiinin-possupatee-6x400-g\/#primaryimage\"},\"image\":{\"@id\":\"https:\/\/miumjau.ee\/fi\/tuote\/polaris-yhden-proteiinin-possupatee-6x400-g\/#primaryimage\"},\"thumbnailUrl\":\"https:\/\/miumjau.ee\/wp-content\/uploads\/2025\/05\/polaris-koer-konserv-monoproteiin3.webp\",\"datePublished\":\"2025-05-20T14:09:27+00:00\",\"dateModified\":\"2026-01-07T20:41:08+00:00\",\"breadcrumb\":{\"@id\":\"https:\/\/miumjau.ee\/fi\/tuote\/polaris-yhden-proteiinin-possupatee-6x400-g\/#breadcrumb\"},\"inLanguage\":\"fi\",\"potentialAction\":[{\"@type\":\"ReadAction\",\"target\":[\"https:\/\/miumjau.ee\/fi\/tuote\/polaris-yhden-proteiinin-possupatee-6x400-g\/\"]}]},{\"@type\":\"ImageObject\",\"inLanguage\":\"fi\",\"@id\":\"https:\/\/miumjau.ee\/fi\/tuote\/polaris-yhden-proteiinin-possupatee-6x400-g\/#primaryimage\",\"url\":\"https:\/\/miumjau.ee\/wp-content\/uploads\/2025\/05\/polaris-koer-konserv-monoproteiin3.webp\",\"contentUrl\":\"https:\/\/miumjau.ee\/wp-content\/uploads\/2025\/05\/polaris-koer-konserv-monoproteiin3.webp\",\"width\":600,\"height\":800,\"caption\":\"Polaris seaga monoproteiin koerakonserv 6x400g\"},{\"@type\":\"BreadcrumbList\",\"@id\":\"https:\/\/miumjau.ee\/fi\/tuote\/polaris-yhden-proteiinin-possupatee-6x400-g\/#breadcrumb\",\"itemListElement\":[{\"@type\":\"ListItem\",\"position\":1,\"name\":\"Home\",\"item\":\"https:\/\/miumjau.ee\/fi\/\"},{\"@type\":\"ListItem\",\"position\":2,\"name\":\"Kauppa\",\"item\":\"https:\/\/miumjau.ee\/fi\/kauppa\/\"},{\"@type\":\"ListItem\",\"position\":3,\"name\":\"Polaris Yhden Proteiinin Possupatee 6&#215;400\u202fg\"}]},{\"@type\":\"WebSite\",\"@id\":\"https:\/\/miumjau.ee\/#website\",\"url\":\"https:\/\/miumjau.ee\/\",\"name\":\"MiuMjau\",\"description\":\"Kraapimispuud kassidele\",\"publisher\":{\"@id\":\"https:\/\/miumjau.ee\/#organization\"},\"potentialAction\":[{\"@type\":\"SearchAction\",\"target\":{\"@type\":\"EntryPoint\",\"urlTemplate\":\"https:\/\/miumjau.ee\/?s={search_term_string}\"},\"query-input\":{\"@type\":\"PropertyValueSpecification\",\"valueRequired\":true,\"valueName\":\"search_term_string\"}}],\"inLanguage\":\"fi\"},{\"@type\":\"Organization\",\"@id\":\"https:\/\/miumjau.ee\/#organization\",\"name\":\"MiuMjau O\u00dc\",\"url\":\"https:\/\/miumjau.ee\/\",\"logo\":{\"@type\":\"ImageObject\",\"inLanguage\":\"fi\",\"@id\":\"https:\/\/miumjau.ee\/#\/schema\/logo\/image\/\",\"url\":\"https:\/\/miumjau.ee\/wp-content\/uploads\/2022\/04\/MiuMjau-logo-kollane.png\",\"contentUrl\":\"https:\/\/miumjau.ee\/wp-content\/uploads\/2022\/04\/MiuMjau-logo-kollane.png\",\"width\":219,\"height\":100,\"caption\":\"MiuMjau O\u00dc\"},\"image\":{\"@id\":\"https:\/\/miumjau.ee\/#\/schema\/logo\/image\/\"},\"sameAs\":[\"https:\/\/www.facebook.com\/miumjaupood\/\"]}]}<\/script>\n<!-- \/ Yoast SEO plugin. -->","yoast_head_json":{"title":"Polaris Yhden Proteiinin Possupatee 6x400\u202fg - MiuMjau","robots":{"index":"index","follow":"follow","max-snippet":"max-snippet:-1","max-image-preview":"max-image-preview:large","max-video-preview":"max-video-preview:-1"},"canonical":"https:\/\/miumjau.ee\/fi\/tuote\/polaris-yhden-proteiinin-possupatee-6x400-g\/","og_locale":"fi_FI","og_type":"article","og_title":"Polaris Yhden Proteiinin Possupatee 6x400\u202fg - MiuMjau","og_description":"T\u00e4ysravinto koirille yhdell\u00e4 el\u00e4inproteiinin l\u00e4hteell\u00e4 \u2013 possu. Sopii kaikenrotuisille, normaalisti aktiivisille koirille.     98,7\u202f% possua ja lient\u00e4 \u2013 yksi el\u00e4inproteiinin l\u00e4hde \u2013 sopii herkk\u00e4vatsaisille, allergisille ja ruoka-aineyliherkkyydest\u00e4 k\u00e4rsiville koirille    Viljaton, soijaton, gluteeniton    D3-vitamiini vahvoille luuille ja hampaille    E-vitamiini immuunij\u00e4rjestelm\u00e4n toimintaan    Pellavansiemen\u00f6ljy ja sinkki terveelle iholle ja turkille   Ainesosat: Possu 70\u202f%, possuliemi 28,7\u202f%, mineraalit 0,7\u202f%, selluloosa 0,5\u202f%, pellavansiemen\u00f6ljy 0,1\u202f%. Analyyttinen koostumus: Kosteus 78,0\u202f%, raakavalku 10,5\u202f%, raakrasva 7\u202f%, raakatuhka 2,5\u202f%, raakakuitu 0,5\u202f%. Ravintolis\u00e4t kg kohti: D3-vitamiini 140\u202fIU, E-vitamiini 30\u202fmg, Sinkki (sinkkisulfaattimonohydraatti) 20\u202fmg, Kupari (kuparisulfaattipentahydraatti) 2,3\u202fmg, Mangaani (mangaanioksidi) 2\u202fmg, Jodi (kalsiumjodaatti) 0,5\u202fmg. Ruokintaohje: Suositellut m\u00e4\u00e4r\u00e4t pakkauksessa. Yksil\u00f6lliset tarpeet riippuvat koiran i\u00e4st\u00e4, koosta ja aktiivisuudesta. Varmista, ett\u00e4 koiralla on aina raikasta vett\u00e4. Tarjoile huoneenl\u00e4mp\u00f6isen\u00e4. Avattuna s\u00e4ilyt\u00e4 j\u00e4\u00e4kaapissa enint\u00e4\u00e4n 4 p\u00e4iv\u00e4\u00e4 (+4\u202f\u00b0C). Parasta ennen ja er\u00e4numero: katso pakkaus Valmistaja: Partner in Pet Food. Valmistettu Alankomaissa","og_url":"https:\/\/miumjau.ee\/fi\/tuote\/polaris-yhden-proteiinin-possupatee-6x400-g\/","og_site_name":"MiuMjau","article_publisher":"https:\/\/www.facebook.com\/miumjaupood\/","article_modified_time":"2026-01-07T20:41:08+00:00","og_image":[{"width":600,"height":800,"url":"https:\/\/miumjau.ee\/wp-content\/uploads\/2025\/05\/polaris-koer-konserv-monoproteiin3.webp","type":"image\/webp"}],"twitter_card":"summary_large_image","schema":{"@context":"https:\/\/schema.org","@graph":[{"@type":"WebPage","@id":"https:\/\/miumjau.ee\/fi\/tuote\/polaris-yhden-proteiinin-possupatee-6x400-g\/","url":"https:\/\/miumjau.ee\/fi\/tuote\/polaris-yhden-proteiinin-possupatee-6x400-g\/","name":"Polaris Yhden Proteiinin Possupatee 6x400\u202fg - MiuMjau","isPartOf":{"@id":"https:\/\/miumjau.ee\/#website"},"primaryImageOfPage":{"@id":"https:\/\/miumjau.ee\/fi\/tuote\/polaris-yhden-proteiinin-possupatee-6x400-g\/#primaryimage"},"image":{"@id":"https:\/\/miumjau.ee\/fi\/tuote\/polaris-yhden-proteiinin-possupatee-6x400-g\/#primaryimage"},"thumbnailUrl":"https:\/\/miumjau.ee\/wp-content\/uploads\/2025\/05\/polaris-koer-konserv-monoproteiin3.webp","datePublished":"2025-05-20T14:09:27+00:00","dateModified":"2026-01-07T20:41:08+00:00","breadcrumb":{"@id":"https:\/\/miumjau.ee\/fi\/tuote\/polaris-yhden-proteiinin-possupatee-6x400-g\/#breadcrumb"},"inLanguage":"fi","potentialAction":[{"@type":"ReadAction","target":["https:\/\/miumjau.ee\/fi\/tuote\/polaris-yhden-proteiinin-possupatee-6x400-g\/"]}]},{"@type":"ImageObject","inLanguage":"fi","@id":"https:\/\/miumjau.ee\/fi\/tuote\/polaris-yhden-proteiinin-possupatee-6x400-g\/#primaryimage","url":"https:\/\/miumjau.ee\/wp-content\/uploads\/2025\/05\/polaris-koer-konserv-monoproteiin3.webp","contentUrl":"https:\/\/miumjau.ee\/wp-content\/uploads\/2025\/05\/polaris-koer-konserv-monoproteiin3.webp","width":600,"height":800,"caption":"Polaris seaga monoproteiin koerakonserv 6x400g"},{"@type":"BreadcrumbList","@id":"https:\/\/miumjau.ee\/fi\/tuote\/polaris-yhden-proteiinin-possupatee-6x400-g\/#breadcrumb","itemListElement":[{"@type":"ListItem","position":1,"name":"Home","item":"https:\/\/miumjau.ee\/fi\/"},{"@type":"ListItem","position":2,"name":"Kauppa","item":"https:\/\/miumjau.ee\/fi\/kauppa\/"},{"@type":"ListItem","position":3,"name":"Polaris Yhden Proteiinin Possupatee 6&#215;400\u202fg"}]},{"@type":"WebSite","@id":"https:\/\/miumjau.ee\/#website","url":"https:\/\/miumjau.ee\/","name":"MiuMjau","description":"Kraapimispuud kassidele","publisher":{"@id":"https:\/\/miumjau.ee\/#organization"},"potentialAction":[{"@type":"SearchAction","target":{"@type":"EntryPoint","urlTemplate":"https:\/\/miumjau.ee\/?s={search_term_string}"},"query-input":{"@type":"PropertyValueSpecification","valueRequired":true,"valueName":"search_term_string"}}],"inLanguage":"fi"},{"@type":"Organization","@id":"https:\/\/miumjau.ee\/#organization","name":"MiuMjau O\u00dc","url":"https:\/\/miumjau.ee\/","logo":{"@type":"ImageObject","inLanguage":"fi","@id":"https:\/\/miumjau.ee\/#\/schema\/logo\/image\/","url":"https:\/\/miumjau.ee\/wp-content\/uploads\/2022\/04\/MiuMjau-logo-kollane.png","contentUrl":"https:\/\/miumjau.ee\/wp-content\/uploads\/2022\/04\/MiuMjau-logo-kollane.png","width":219,"height":100,"caption":"MiuMjau O\u00dc"},"image":{"@id":"https:\/\/miumjau.ee\/#\/schema\/logo\/image\/"},"sameAs":["https:\/\/www.facebook.com\/miumjaupood\/"]}]}},"_links":{"self":[{"href":"https:\/\/miumjau.ee\/fi\/wp-json\/wp\/v2\/product\/51511","targetHints":{"allow":["GET"]}}],"collection":[{"href":"https:\/\/miumjau.ee\/fi\/wp-json\/wp\/v2\/product"}],"about":[{"href":"https:\/\/miumjau.ee\/fi\/wp-json\/wp\/v2\/types\/product"}],"wp:featuredmedia":[{"embeddable":true,"href":"https:\/\/miumjau.ee\/fi\/wp-json\/wp\/v2\/media\/35458"}],"wp:attachment":[{"href":"https:\/\/miumjau.ee\/fi\/wp-json\/wp\/v2\/media?parent=51511"}],"wp:term":[{"taxonomy":"product_brand","embeddable":true,"href":"https:\/\/miumjau.ee\/fi\/wp-json\/wp\/v2\/product_brand?post=51511"},{"taxonomy":"product_cat","embeddable":true,"href":"https:\/\/miumjau.ee\/fi\/wp-json\/wp\/v2\/product_cat?post=51511"},{"taxonomy":"product_tag","embeddable":true,"href":"https:\/\/miumjau.ee\/fi\/wp-json\/wp\/v2\/product_tag?post=51511"}],"curies":[{"name":"wp","href":"https:\/\/api.w.org\/{rel}","templated":true}]}}