{"id":51504,"date":"2025-12-23T20:32:15","date_gmt":"2025-12-23T18:32:15","guid":{"rendered":"https:\/\/miumjau.ee\/toode\/pharmasentials-puolikosteat-multivitamiinisherkut-125-g\/"},"modified":"2026-01-07T22:41:08","modified_gmt":"2026-01-07T20:41:08","slug":"pharmasentials-puolikosteat-multivitamiinisherkut-125-g","status":"publish","type":"product","link":"https:\/\/miumjau.ee\/fi\/tuote\/pharmasentials-puolikosteat-multivitamiinisherkut-125-g\/","title":{"rendered":"Pharmasentials Puolikosteat Multivitamiinisherkut 125\u202fg"},"content":{"rendered":"","protected":false},"excerpt":{"rendered":"<p data-start=\"1430\" data-end=\"1915\">Pharmasentialsin funktionaaliset herkut ovat ihanteellinen palkinto rakkaalle karvaiselle yst\u00e4v\u00e4llesi, joka tarvitsee hieman lis\u00e4huolenpitoa. Laadukkaat reseptimme on erityisesti suunniteltu tukemaan koirasi terveytt\u00e4 ja elinvoimaa. Valikoimasta l\u00f6ytyy vaihtoehtoja nivelten hoitoon ja turkin hyvinvointiin, joten l\u00f6yd\u00e4t varmasti sopivan herkun koirasi tarpeisiin. Sopii t\u00e4ydent\u00e4m\u00e4\u00e4n hoitokuuria tai yksinkertaisesti palkinnoksi hyvinvoinnin tukemiseksi. <strong data-start=\"1885\" data-end=\"1913\">T\u00e4ydennysruoka koirille.<\/strong><\/p>\n<p data-start=\"1917\" data-end=\"2115\"><strong data-start=\"1917\" data-end=\"1931\">Ainesosat:<\/strong> Viljat ja kasvipohjaiset tuotteet, \u00f6ljyt ja rasvat, liha ja el\u00e4inper\u00e4iset tuotteet, propyleeniglykoli, mineraalit, vitamiinit A, B1, B2, B4, B5, B6, B7, B9, B12, C, D3, E, K3 ja PP.<\/p>\n<p data-start=\"2117\" data-end=\"2215\"><strong data-start=\"2117\" data-end=\"2144\">Analyyttinen koostumus:<\/strong> Proteiini 11\u202f%, Rasva 5,6\u202f%, Tuhka 3,3\u202f%, Kuitu 1,1\u202f%, Kosteus 24\u202f%.<\/p>\n<p data-start=\"2217\" data-end=\"2230\"><strong data-start=\"2217\" data-end=\"2228\">Hy\u00f6dyt:<\/strong><\/p>\n<ul data-start=\"2231\" data-end=\"2604\">\n<li data-start=\"2231\" data-end=\"2285\">\n<p data-start=\"2233\" data-end=\"2285\">Tukee immuunij\u00e4rjestelm\u00e4\u00e4 (vitamiinit A, C, D3, E)<\/p>\n<\/li>\n<li data-start=\"2286\" data-end=\"2353\">\n<p data-start=\"2288\" data-end=\"2353\">Edist\u00e4\u00e4 energiantuotantoa ja hermoston toimintaa (B-vitamiinit)<\/p>\n<\/li>\n<li data-start=\"2354\" data-end=\"2413\">\n<p data-start=\"2356\" data-end=\"2413\">Tukee ihon, turkin ja limakalvojen terveytt\u00e4 (A, B7, E)<\/p>\n<\/li>\n<li data-start=\"2414\" data-end=\"2460\">\n<p data-start=\"2416\" data-end=\"2460\">Auttaa yll\u00e4pit\u00e4m\u00e4\u00e4n luita ja hampaita (D3)<\/p>\n<\/li>\n<li data-start=\"2461\" data-end=\"2604\">\n<p data-start=\"2463\" data-end=\"2604\">Sopii kasvaville ja aktiivisille koirille, vanhemmille koirille elinvoiman tueksi sek\u00e4 koirille, jotka tarvitsevat lis\u00e4tukea vitamiineista.<\/p>\n<\/li>\n<\/ul>\n","protected":false},"featured_media":49818,"template":"","meta":[],"product_brand":[],"product_cat":[869],"product_tag":[],"class_list":{"0":"post-51504","1":"product","2":"type-product","3":"status-publish","4":"has-post-thumbnail","6":"product_cat-ravintolisat-koirille","8":"first","9":"instock","10":"sale","11":"taxable","12":"shipping-taxable","13":"purchasable","14":"product-type-simple"},"yoast_head":"<!-- This site is optimized with the Yoast SEO plugin v27.4 - https:\/\/yoast.com\/product\/yoast-seo-wordpress\/ -->\n<title>Pharmasentials Puolikosteat Multivitamiinisherkut 125\u202fg - MiuMjau<\/title>\n<meta name=\"robots\" content=\"index, follow, max-snippet:-1, max-image-preview:large, max-video-preview:-1\" \/>\n<link rel=\"canonical\" href=\"https:\/\/miumjau.ee\/fi\/tuote\/pharmasentials-puolikosteat-multivitamiinisherkut-125-g\/\" \/>\n<meta property=\"og:locale\" content=\"fi_FI\" \/>\n<meta property=\"og:type\" content=\"article\" \/>\n<meta property=\"og:title\" content=\"Pharmasentials Puolikosteat Multivitamiinisherkut 125\u202fg - MiuMjau\" \/>\n<meta property=\"og:description\" content=\"Pharmasentialsin funktionaaliset herkut ovat ihanteellinen palkinto rakkaalle karvaiselle yst\u00e4v\u00e4llesi, joka tarvitsee hieman lis\u00e4huolenpitoa. Laadukkaat reseptimme on erityisesti suunniteltu tukemaan koirasi terveytt\u00e4 ja elinvoimaa. Valikoimasta l\u00f6ytyy vaihtoehtoja nivelten hoitoon ja turkin hyvinvointiin, joten l\u00f6yd\u00e4t varmasti sopivan herkun koirasi tarpeisiin. Sopii t\u00e4ydent\u00e4m\u00e4\u00e4n hoitokuuria tai yksinkertaisesti palkinnoksi hyvinvoinnin tukemiseksi. T\u00e4ydennysruoka koirille. Ainesosat: Viljat ja kasvipohjaiset tuotteet, \u00f6ljyt ja rasvat, liha ja el\u00e4inper\u00e4iset tuotteet, propyleeniglykoli, mineraalit, vitamiinit A, B1, B2, B4, B5, B6, B7, B9, B12, C, D3, E, K3 ja PP. Analyyttinen koostumus: Proteiini 11\u202f%, Rasva 5,6\u202f%, Tuhka 3,3\u202f%, Kuitu 1,1\u202f%, Kosteus 24\u202f%. Hy\u00f6dyt:     Tukee immuunij\u00e4rjestelm\u00e4\u00e4 (vitamiinit A, C, D3, E)    Edist\u00e4\u00e4 energiantuotantoa ja hermoston toimintaa (B-vitamiinit)    Tukee ihon, turkin ja limakalvojen terveytt\u00e4 (A, B7, E)    Auttaa yll\u00e4pit\u00e4m\u00e4\u00e4n luita ja hampaita (D3)    Sopii kasvaville ja aktiivisille koirille, vanhemmille koirille elinvoiman tueksi sek\u00e4 koirille, jotka tarvitsevat lis\u00e4tukea vitamiineista.\" \/>\n<meta property=\"og:url\" content=\"https:\/\/miumjau.ee\/fi\/tuote\/pharmasentials-puolikosteat-multivitamiinisherkut-125-g\/\" \/>\n<meta property=\"og:site_name\" content=\"MiuMjau\" \/>\n<meta property=\"article:publisher\" content=\"https:\/\/www.facebook.com\/miumjaupood\/\" \/>\n<meta property=\"article:modified_time\" content=\"2026-01-07T20:41:08+00:00\" \/>\n<meta property=\"og:image\" content=\"https:\/\/miumjau.ee\/wp-content\/uploads\/2025\/12\/pharmasentials-maiused-koertele1.png\" \/>\n\t<meta property=\"og:image:width\" content=\"600\" \/>\n\t<meta property=\"og:image:height\" content=\"800\" \/>\n\t<meta property=\"og:image:type\" content=\"image\/png\" \/>\n<meta name=\"twitter:card\" content=\"summary_large_image\" \/>\n<script type=\"application\/ld+json\" class=\"yoast-schema-graph\">{\"@context\":\"https:\\\/\\\/schema.org\",\"@graph\":[{\"@type\":\"WebPage\",\"@id\":\"https:\\\/\\\/miumjau.ee\\\/fi\\\/tuote\\\/pharmasentials-puolikosteat-multivitamiinisherkut-125-g\\\/\",\"url\":\"https:\\\/\\\/miumjau.ee\\\/fi\\\/tuote\\\/pharmasentials-puolikosteat-multivitamiinisherkut-125-g\\\/\",\"name\":\"Pharmasentials Puolikosteat Multivitamiinisherkut 125\u202fg - MiuMjau\",\"isPartOf\":{\"@id\":\"https:\\\/\\\/miumjau.ee\\\/#website\"},\"primaryImageOfPage\":{\"@id\":\"https:\\\/\\\/miumjau.ee\\\/fi\\\/tuote\\\/pharmasentials-puolikosteat-multivitamiinisherkut-125-g\\\/#primaryimage\"},\"image\":{\"@id\":\"https:\\\/\\\/miumjau.ee\\\/fi\\\/tuote\\\/pharmasentials-puolikosteat-multivitamiinisherkut-125-g\\\/#primaryimage\"},\"thumbnailUrl\":\"https:\\\/\\\/miumjau.ee\\\/wp-content\\\/uploads\\\/2025\\\/12\\\/pharmasentials-maiused-koertele1.png\",\"datePublished\":\"2025-12-23T18:32:15+00:00\",\"dateModified\":\"2026-01-07T20:41:08+00:00\",\"breadcrumb\":{\"@id\":\"https:\\\/\\\/miumjau.ee\\\/fi\\\/tuote\\\/pharmasentials-puolikosteat-multivitamiinisherkut-125-g\\\/#breadcrumb\"},\"inLanguage\":\"fi\",\"potentialAction\":[{\"@type\":\"ReadAction\",\"target\":[\"https:\\\/\\\/miumjau.ee\\\/fi\\\/tuote\\\/pharmasentials-puolikosteat-multivitamiinisherkut-125-g\\\/\"]}]},{\"@type\":\"ImageObject\",\"inLanguage\":\"fi\",\"@id\":\"https:\\\/\\\/miumjau.ee\\\/fi\\\/tuote\\\/pharmasentials-puolikosteat-multivitamiinisherkut-125-g\\\/#primaryimage\",\"url\":\"https:\\\/\\\/miumjau.ee\\\/wp-content\\\/uploads\\\/2025\\\/12\\\/pharmasentials-maiused-koertele1.png\",\"contentUrl\":\"https:\\\/\\\/miumjau.ee\\\/wp-content\\\/uploads\\\/2025\\\/12\\\/pharmasentials-maiused-koertele1.png\",\"width\":600,\"height\":800,\"caption\":\"Pharmasentials poolniisked multivitamiini maiused 125g\"},{\"@type\":\"BreadcrumbList\",\"@id\":\"https:\\\/\\\/miumjau.ee\\\/fi\\\/tuote\\\/pharmasentials-puolikosteat-multivitamiinisherkut-125-g\\\/#breadcrumb\",\"itemListElement\":[{\"@type\":\"ListItem\",\"position\":1,\"name\":\"Home\",\"item\":\"https:\\\/\\\/miumjau.ee\\\/fi\\\/\"},{\"@type\":\"ListItem\",\"position\":2,\"name\":\"Kauppa\",\"item\":\"https:\\\/\\\/miumjau.ee\\\/fi\\\/kauppa\\\/\"},{\"@type\":\"ListItem\",\"position\":3,\"name\":\"Pharmasentials Puolikosteat Multivitamiinisherkut 125\u202fg\"}]},{\"@type\":\"WebSite\",\"@id\":\"https:\\\/\\\/miumjau.ee\\\/#website\",\"url\":\"https:\\\/\\\/miumjau.ee\\\/\",\"name\":\"MiuMjau\",\"description\":\"Kraapimispuud kassidele\",\"publisher\":{\"@id\":\"https:\\\/\\\/miumjau.ee\\\/#organization\"},\"potentialAction\":[{\"@type\":\"SearchAction\",\"target\":{\"@type\":\"EntryPoint\",\"urlTemplate\":\"https:\\\/\\\/miumjau.ee\\\/?s={search_term_string}\"},\"query-input\":{\"@type\":\"PropertyValueSpecification\",\"valueRequired\":true,\"valueName\":\"search_term_string\"}}],\"inLanguage\":\"fi\"},{\"@type\":\"Organization\",\"@id\":\"https:\\\/\\\/miumjau.ee\\\/#organization\",\"name\":\"MiuMjau O\u00dc\",\"url\":\"https:\\\/\\\/miumjau.ee\\\/\",\"logo\":{\"@type\":\"ImageObject\",\"inLanguage\":\"fi\",\"@id\":\"https:\\\/\\\/miumjau.ee\\\/#\\\/schema\\\/logo\\\/image\\\/\",\"url\":\"https:\\\/\\\/miumjau.ee\\\/wp-content\\\/uploads\\\/2022\\\/04\\\/MiuMjau-logo-kollane.png\",\"contentUrl\":\"https:\\\/\\\/miumjau.ee\\\/wp-content\\\/uploads\\\/2022\\\/04\\\/MiuMjau-logo-kollane.png\",\"width\":219,\"height\":100,\"caption\":\"MiuMjau O\u00dc\"},\"image\":{\"@id\":\"https:\\\/\\\/miumjau.ee\\\/#\\\/schema\\\/logo\\\/image\\\/\"},\"sameAs\":[\"https:\\\/\\\/www.facebook.com\\\/miumjaupood\\\/\"]}]}<\/script>\n<!-- \/ Yoast SEO plugin. -->","yoast_head_json":{"title":"Pharmasentials Puolikosteat Multivitamiinisherkut 125\u202fg - MiuMjau","robots":{"index":"index","follow":"follow","max-snippet":"max-snippet:-1","max-image-preview":"max-image-preview:large","max-video-preview":"max-video-preview:-1"},"canonical":"https:\/\/miumjau.ee\/fi\/tuote\/pharmasentials-puolikosteat-multivitamiinisherkut-125-g\/","og_locale":"fi_FI","og_type":"article","og_title":"Pharmasentials Puolikosteat Multivitamiinisherkut 125\u202fg - MiuMjau","og_description":"Pharmasentialsin funktionaaliset herkut ovat ihanteellinen palkinto rakkaalle karvaiselle yst\u00e4v\u00e4llesi, joka tarvitsee hieman lis\u00e4huolenpitoa. Laadukkaat reseptimme on erityisesti suunniteltu tukemaan koirasi terveytt\u00e4 ja elinvoimaa. Valikoimasta l\u00f6ytyy vaihtoehtoja nivelten hoitoon ja turkin hyvinvointiin, joten l\u00f6yd\u00e4t varmasti sopivan herkun koirasi tarpeisiin. Sopii t\u00e4ydent\u00e4m\u00e4\u00e4n hoitokuuria tai yksinkertaisesti palkinnoksi hyvinvoinnin tukemiseksi. T\u00e4ydennysruoka koirille. Ainesosat: Viljat ja kasvipohjaiset tuotteet, \u00f6ljyt ja rasvat, liha ja el\u00e4inper\u00e4iset tuotteet, propyleeniglykoli, mineraalit, vitamiinit A, B1, B2, B4, B5, B6, B7, B9, B12, C, D3, E, K3 ja PP. Analyyttinen koostumus: Proteiini 11\u202f%, Rasva 5,6\u202f%, Tuhka 3,3\u202f%, Kuitu 1,1\u202f%, Kosteus 24\u202f%. Hy\u00f6dyt:     Tukee immuunij\u00e4rjestelm\u00e4\u00e4 (vitamiinit A, C, D3, E)    Edist\u00e4\u00e4 energiantuotantoa ja hermoston toimintaa (B-vitamiinit)    Tukee ihon, turkin ja limakalvojen terveytt\u00e4 (A, B7, E)    Auttaa yll\u00e4pit\u00e4m\u00e4\u00e4n luita ja hampaita (D3)    Sopii kasvaville ja aktiivisille koirille, vanhemmille koirille elinvoiman tueksi sek\u00e4 koirille, jotka tarvitsevat lis\u00e4tukea vitamiineista.","og_url":"https:\/\/miumjau.ee\/fi\/tuote\/pharmasentials-puolikosteat-multivitamiinisherkut-125-g\/","og_site_name":"MiuMjau","article_publisher":"https:\/\/www.facebook.com\/miumjaupood\/","article_modified_time":"2026-01-07T20:41:08+00:00","og_image":[{"width":600,"height":800,"url":"https:\/\/miumjau.ee\/wp-content\/uploads\/2025\/12\/pharmasentials-maiused-koertele1.png","type":"image\/png"}],"twitter_card":"summary_large_image","schema":{"@context":"https:\/\/schema.org","@graph":[{"@type":"WebPage","@id":"https:\/\/miumjau.ee\/fi\/tuote\/pharmasentials-puolikosteat-multivitamiinisherkut-125-g\/","url":"https:\/\/miumjau.ee\/fi\/tuote\/pharmasentials-puolikosteat-multivitamiinisherkut-125-g\/","name":"Pharmasentials Puolikosteat Multivitamiinisherkut 125\u202fg - MiuMjau","isPartOf":{"@id":"https:\/\/miumjau.ee\/#website"},"primaryImageOfPage":{"@id":"https:\/\/miumjau.ee\/fi\/tuote\/pharmasentials-puolikosteat-multivitamiinisherkut-125-g\/#primaryimage"},"image":{"@id":"https:\/\/miumjau.ee\/fi\/tuote\/pharmasentials-puolikosteat-multivitamiinisherkut-125-g\/#primaryimage"},"thumbnailUrl":"https:\/\/miumjau.ee\/wp-content\/uploads\/2025\/12\/pharmasentials-maiused-koertele1.png","datePublished":"2025-12-23T18:32:15+00:00","dateModified":"2026-01-07T20:41:08+00:00","breadcrumb":{"@id":"https:\/\/miumjau.ee\/fi\/tuote\/pharmasentials-puolikosteat-multivitamiinisherkut-125-g\/#breadcrumb"},"inLanguage":"fi","potentialAction":[{"@type":"ReadAction","target":["https:\/\/miumjau.ee\/fi\/tuote\/pharmasentials-puolikosteat-multivitamiinisherkut-125-g\/"]}]},{"@type":"ImageObject","inLanguage":"fi","@id":"https:\/\/miumjau.ee\/fi\/tuote\/pharmasentials-puolikosteat-multivitamiinisherkut-125-g\/#primaryimage","url":"https:\/\/miumjau.ee\/wp-content\/uploads\/2025\/12\/pharmasentials-maiused-koertele1.png","contentUrl":"https:\/\/miumjau.ee\/wp-content\/uploads\/2025\/12\/pharmasentials-maiused-koertele1.png","width":600,"height":800,"caption":"Pharmasentials poolniisked multivitamiini maiused 125g"},{"@type":"BreadcrumbList","@id":"https:\/\/miumjau.ee\/fi\/tuote\/pharmasentials-puolikosteat-multivitamiinisherkut-125-g\/#breadcrumb","itemListElement":[{"@type":"ListItem","position":1,"name":"Home","item":"https:\/\/miumjau.ee\/fi\/"},{"@type":"ListItem","position":2,"name":"Kauppa","item":"https:\/\/miumjau.ee\/fi\/kauppa\/"},{"@type":"ListItem","position":3,"name":"Pharmasentials Puolikosteat Multivitamiinisherkut 125\u202fg"}]},{"@type":"WebSite","@id":"https:\/\/miumjau.ee\/#website","url":"https:\/\/miumjau.ee\/","name":"MiuMjau","description":"Kraapimispuud kassidele","publisher":{"@id":"https:\/\/miumjau.ee\/#organization"},"potentialAction":[{"@type":"SearchAction","target":{"@type":"EntryPoint","urlTemplate":"https:\/\/miumjau.ee\/?s={search_term_string}"},"query-input":{"@type":"PropertyValueSpecification","valueRequired":true,"valueName":"search_term_string"}}],"inLanguage":"fi"},{"@type":"Organization","@id":"https:\/\/miumjau.ee\/#organization","name":"MiuMjau O\u00dc","url":"https:\/\/miumjau.ee\/","logo":{"@type":"ImageObject","inLanguage":"fi","@id":"https:\/\/miumjau.ee\/#\/schema\/logo\/image\/","url":"https:\/\/miumjau.ee\/wp-content\/uploads\/2022\/04\/MiuMjau-logo-kollane.png","contentUrl":"https:\/\/miumjau.ee\/wp-content\/uploads\/2022\/04\/MiuMjau-logo-kollane.png","width":219,"height":100,"caption":"MiuMjau O\u00dc"},"image":{"@id":"https:\/\/miumjau.ee\/#\/schema\/logo\/image\/"},"sameAs":["https:\/\/www.facebook.com\/miumjaupood\/"]}]}},"_links":{"self":[{"href":"https:\/\/miumjau.ee\/fi\/wp-json\/wp\/v2\/product\/51504","targetHints":{"allow":["GET"]}}],"collection":[{"href":"https:\/\/miumjau.ee\/fi\/wp-json\/wp\/v2\/product"}],"about":[{"href":"https:\/\/miumjau.ee\/fi\/wp-json\/wp\/v2\/types\/product"}],"wp:featuredmedia":[{"embeddable":true,"href":"https:\/\/miumjau.ee\/fi\/wp-json\/wp\/v2\/media\/49818"}],"wp:attachment":[{"href":"https:\/\/miumjau.ee\/fi\/wp-json\/wp\/v2\/media?parent=51504"}],"wp:term":[{"taxonomy":"product_brand","embeddable":true,"href":"https:\/\/miumjau.ee\/fi\/wp-json\/wp\/v2\/product_brand?post=51504"},{"taxonomy":"product_cat","embeddable":true,"href":"https:\/\/miumjau.ee\/fi\/wp-json\/wp\/v2\/product_cat?post=51504"},{"taxonomy":"product_tag","embeddable":true,"href":"https:\/\/miumjau.ee\/fi\/wp-json\/wp\/v2\/product_tag?post=51504"}],"curies":[{"name":"wp","href":"https:\/\/api.w.org\/{rel}","templated":true}]}}