{"id":51499,"date":"2025-12-23T20:32:11","date_gmt":"2025-12-23T18:32:11","guid":{"rendered":"https:\/\/miumjau.ee\/toode\/pharmasentials-puolikosteat-nivelten-tukiherkut-125-g\/"},"modified":"2026-01-07T22:41:08","modified_gmt":"2026-01-07T20:41:08","slug":"pharmasentials-puolikosteat-nivelten-tukiherkut-125-g","status":"publish","type":"product","link":"https:\/\/miumjau.ee\/fi\/tuote\/pharmasentials-puolikosteat-nivelten-tukiherkut-125-g\/","title":{"rendered":"Pharmasentials Puolikosteat Nivelten Tukiherkut 125\u202fg"},"content":{"rendered":"","protected":false},"excerpt":{"rendered":"<p data-start=\"1620\" data-end=\"2105\">Pharmasentialsin funktionaaliset herkut ovat ihanteellinen palkinto rakkaalle karvaiselle yst\u00e4v\u00e4llesi, joka tarvitsee hieman lis\u00e4huolenpitoa. Laadukkaat reseptimme on erityisesti suunniteltu tukemaan koirasi terveytt\u00e4 ja elinvoimaa. Valikoimasta l\u00f6ytyy vaihtoehtoja nivelten hoitoon ja turkin hyvinvointiin, joten l\u00f6yd\u00e4t varmasti sopivan herkun koirasi tarpeisiin. Sopii t\u00e4ydent\u00e4m\u00e4\u00e4n hoitokuuria tai yksinkertaisesti palkinnoksi hyvinvoinnin tukemiseksi. <strong data-start=\"2075\" data-end=\"2103\">T\u00e4ydennysruoka koirille.<\/strong><\/p>\n<p data-start=\"2107\" data-end=\"2290\"><strong data-start=\"2107\" data-end=\"2121\">Ainesosat:<\/strong> Viljat ja kasvipohjaiset tuotteet (0,5\u202f% oliivi\u00f6ljyuutteita), \u00f6ljyt ja rasvat, liha ja el\u00e4inper\u00e4iset tuotteet, propyleeniglykoli, glukosamiini, kondroitiinisulfaatti.<\/p>\n<p data-start=\"2292\" data-end=\"2390\"><strong data-start=\"2292\" data-end=\"2319\">Analyyttinen koostumus:<\/strong> Proteiini 11\u202f%, Rasva 5,6\u202f%, Tuhka 3,3\u202f%, Kuitu 1,1\u202f%, Kosteus 24\u202f%.<\/p>\n<p data-start=\"2392\" data-end=\"2425\"><strong data-start=\"2392\" data-end=\"2423\">Miksi tuote on hy\u00f6dyllinen:<\/strong><\/p>\n<ul data-start=\"2426\" data-end=\"3031\">\n<li data-start=\"2426\" data-end=\"2602\">\n<p data-start=\"2428\" data-end=\"2602\"><strong data-start=\"2428\" data-end=\"2444\">Glukosamiini<\/strong>: Tukee nivelruston rakennetta ja uudistumista, yll\u00e4pit\u00e4\u00e4 nivelten joustavuutta ja liikkuvuutta, erityisen hy\u00f6dyllinen vanhemmille ja aktiivisille koirille.<\/p>\n<\/li>\n<li data-start=\"2603\" data-end=\"2753\">\n<p data-start=\"2605\" data-end=\"2753\"><strong data-start=\"2605\" data-end=\"2630\">Kondroitiinisulfaatti<\/strong>: Auttaa s\u00e4ilytt\u00e4m\u00e4\u00e4n ruston kosteuden ja lujuuden, voi hidastaa nivelten kulumista, toimii yhdess\u00e4 glukosamiinin kanssa.<\/p>\n<\/li>\n<li data-start=\"2754\" data-end=\"2894\">\n<p data-start=\"2756\" data-end=\"2894\"><strong data-start=\"2756\" data-end=\"2785\">Oliivi\u00f6ljyuutteet (0,5\u202f%)<\/strong>: Sis\u00e4lt\u00e4v\u00e4t antioksidantteja, auttavat v\u00e4hent\u00e4m\u00e4\u00e4n nivelten tulehdusta, tukevat solujen yleist\u00e4 terveytt\u00e4.<\/p>\n<\/li>\n<li data-start=\"2895\" data-end=\"3031\">\n<p data-start=\"2897\" data-end=\"3031\"><strong data-start=\"2897\" data-end=\"2943\">Tasapainoinen rasva- ja proteiinipitoisuus<\/strong>: Auttaa yll\u00e4pit\u00e4m\u00e4\u00e4n lihaksia ja energiatason ilman liiallista kuormitusta nivelille.<\/p>\n<\/li>\n<\/ul>\n","protected":false},"featured_media":49806,"template":"","meta":[],"product_brand":[],"product_cat":[869],"product_tag":[],"class_list":{"0":"post-51499","1":"product","2":"type-product","3":"status-publish","4":"has-post-thumbnail","6":"product_cat-ravintolisat-koirille","8":"first","9":"instock","10":"sale","11":"taxable","12":"shipping-taxable","13":"purchasable","14":"product-type-simple"},"yoast_head":"<!-- This site is optimized with the Yoast SEO plugin v27.4 - https:\/\/yoast.com\/product\/yoast-seo-wordpress\/ -->\n<title>Pharmasentials Puolikosteat Nivelten Tukiherkut 125\u202fg - MiuMjau<\/title>\n<meta name=\"robots\" content=\"index, follow, max-snippet:-1, max-image-preview:large, max-video-preview:-1\" \/>\n<link rel=\"canonical\" href=\"https:\/\/miumjau.ee\/fi\/tuote\/pharmasentials-puolikosteat-nivelten-tukiherkut-125-g\/\" \/>\n<meta property=\"og:locale\" content=\"fi_FI\" \/>\n<meta property=\"og:type\" content=\"article\" \/>\n<meta property=\"og:title\" content=\"Pharmasentials Puolikosteat Nivelten Tukiherkut 125\u202fg - MiuMjau\" \/>\n<meta property=\"og:description\" content=\"Pharmasentialsin funktionaaliset herkut ovat ihanteellinen palkinto rakkaalle karvaiselle yst\u00e4v\u00e4llesi, joka tarvitsee hieman lis\u00e4huolenpitoa. Laadukkaat reseptimme on erityisesti suunniteltu tukemaan koirasi terveytt\u00e4 ja elinvoimaa. Valikoimasta l\u00f6ytyy vaihtoehtoja nivelten hoitoon ja turkin hyvinvointiin, joten l\u00f6yd\u00e4t varmasti sopivan herkun koirasi tarpeisiin. Sopii t\u00e4ydent\u00e4m\u00e4\u00e4n hoitokuuria tai yksinkertaisesti palkinnoksi hyvinvoinnin tukemiseksi. T\u00e4ydennysruoka koirille. Ainesosat: Viljat ja kasvipohjaiset tuotteet (0,5\u202f% oliivi\u00f6ljyuutteita), \u00f6ljyt ja rasvat, liha ja el\u00e4inper\u00e4iset tuotteet, propyleeniglykoli, glukosamiini, kondroitiinisulfaatti. Analyyttinen koostumus: Proteiini 11\u202f%, Rasva 5,6\u202f%, Tuhka 3,3\u202f%, Kuitu 1,1\u202f%, Kosteus 24\u202f%. Miksi tuote on hy\u00f6dyllinen:     Glukosamiini: Tukee nivelruston rakennetta ja uudistumista, yll\u00e4pit\u00e4\u00e4 nivelten joustavuutta ja liikkuvuutta, erityisen hy\u00f6dyllinen vanhemmille ja aktiivisille koirille.    Kondroitiinisulfaatti: Auttaa s\u00e4ilytt\u00e4m\u00e4\u00e4n ruston kosteuden ja lujuuden, voi hidastaa nivelten kulumista, toimii yhdess\u00e4 glukosamiinin kanssa.    Oliivi\u00f6ljyuutteet (0,5\u202f%): Sis\u00e4lt\u00e4v\u00e4t antioksidantteja, auttavat v\u00e4hent\u00e4m\u00e4\u00e4n nivelten tulehdusta, tukevat solujen yleist\u00e4 terveytt\u00e4.    Tasapainoinen rasva- ja proteiinipitoisuus: Auttaa yll\u00e4pit\u00e4m\u00e4\u00e4n lihaksia ja energiatason ilman liiallista kuormitusta nivelille.\" \/>\n<meta property=\"og:url\" content=\"https:\/\/miumjau.ee\/fi\/tuote\/pharmasentials-puolikosteat-nivelten-tukiherkut-125-g\/\" \/>\n<meta property=\"og:site_name\" content=\"MiuMjau\" \/>\n<meta property=\"article:publisher\" content=\"https:\/\/www.facebook.com\/miumjaupood\/\" \/>\n<meta property=\"article:modified_time\" content=\"2026-01-07T20:41:08+00:00\" \/>\n<meta property=\"og:image\" content=\"https:\/\/miumjau.ee\/wp-content\/uploads\/2025\/12\/pharmasentials-maiused-koertele3.png\" \/>\n\t<meta property=\"og:image:width\" content=\"600\" \/>\n\t<meta property=\"og:image:height\" content=\"800\" \/>\n\t<meta property=\"og:image:type\" content=\"image\/png\" \/>\n<meta name=\"twitter:card\" content=\"summary_large_image\" \/>\n<script type=\"application\/ld+json\" class=\"yoast-schema-graph\">{\"@context\":\"https:\\\/\\\/schema.org\",\"@graph\":[{\"@type\":\"WebPage\",\"@id\":\"https:\\\/\\\/miumjau.ee\\\/fi\\\/tuote\\\/pharmasentials-puolikosteat-nivelten-tukiherkut-125-g\\\/\",\"url\":\"https:\\\/\\\/miumjau.ee\\\/fi\\\/tuote\\\/pharmasentials-puolikosteat-nivelten-tukiherkut-125-g\\\/\",\"name\":\"Pharmasentials Puolikosteat Nivelten Tukiherkut 125\u202fg - MiuMjau\",\"isPartOf\":{\"@id\":\"https:\\\/\\\/miumjau.ee\\\/#website\"},\"primaryImageOfPage\":{\"@id\":\"https:\\\/\\\/miumjau.ee\\\/fi\\\/tuote\\\/pharmasentials-puolikosteat-nivelten-tukiherkut-125-g\\\/#primaryimage\"},\"image\":{\"@id\":\"https:\\\/\\\/miumjau.ee\\\/fi\\\/tuote\\\/pharmasentials-puolikosteat-nivelten-tukiherkut-125-g\\\/#primaryimage\"},\"thumbnailUrl\":\"https:\\\/\\\/miumjau.ee\\\/wp-content\\\/uploads\\\/2025\\\/12\\\/pharmasentials-maiused-koertele3.png\",\"datePublished\":\"2025-12-23T18:32:11+00:00\",\"dateModified\":\"2026-01-07T20:41:08+00:00\",\"breadcrumb\":{\"@id\":\"https:\\\/\\\/miumjau.ee\\\/fi\\\/tuote\\\/pharmasentials-puolikosteat-nivelten-tukiherkut-125-g\\\/#breadcrumb\"},\"inLanguage\":\"fi\",\"potentialAction\":[{\"@type\":\"ReadAction\",\"target\":[\"https:\\\/\\\/miumjau.ee\\\/fi\\\/tuote\\\/pharmasentials-puolikosteat-nivelten-tukiherkut-125-g\\\/\"]}]},{\"@type\":\"ImageObject\",\"inLanguage\":\"fi\",\"@id\":\"https:\\\/\\\/miumjau.ee\\\/fi\\\/tuote\\\/pharmasentials-puolikosteat-nivelten-tukiherkut-125-g\\\/#primaryimage\",\"url\":\"https:\\\/\\\/miumjau.ee\\\/wp-content\\\/uploads\\\/2025\\\/12\\\/pharmasentials-maiused-koertele3.png\",\"contentUrl\":\"https:\\\/\\\/miumjau.ee\\\/wp-content\\\/uploads\\\/2025\\\/12\\\/pharmasentials-maiused-koertele3.png\",\"width\":600,\"height\":800,\"caption\":\"Pharmasentials poolniisked liigeseid toetavad maiused\"},{\"@type\":\"BreadcrumbList\",\"@id\":\"https:\\\/\\\/miumjau.ee\\\/fi\\\/tuote\\\/pharmasentials-puolikosteat-nivelten-tukiherkut-125-g\\\/#breadcrumb\",\"itemListElement\":[{\"@type\":\"ListItem\",\"position\":1,\"name\":\"Home\",\"item\":\"https:\\\/\\\/miumjau.ee\\\/fi\\\/\"},{\"@type\":\"ListItem\",\"position\":2,\"name\":\"Kauppa\",\"item\":\"https:\\\/\\\/miumjau.ee\\\/fi\\\/kauppa\\\/\"},{\"@type\":\"ListItem\",\"position\":3,\"name\":\"Pharmasentials Puolikosteat Nivelten Tukiherkut 125\u202fg\"}]},{\"@type\":\"WebSite\",\"@id\":\"https:\\\/\\\/miumjau.ee\\\/#website\",\"url\":\"https:\\\/\\\/miumjau.ee\\\/\",\"name\":\"MiuMjau\",\"description\":\"Kraapimispuud kassidele\",\"publisher\":{\"@id\":\"https:\\\/\\\/miumjau.ee\\\/#organization\"},\"potentialAction\":[{\"@type\":\"SearchAction\",\"target\":{\"@type\":\"EntryPoint\",\"urlTemplate\":\"https:\\\/\\\/miumjau.ee\\\/?s={search_term_string}\"},\"query-input\":{\"@type\":\"PropertyValueSpecification\",\"valueRequired\":true,\"valueName\":\"search_term_string\"}}],\"inLanguage\":\"fi\"},{\"@type\":\"Organization\",\"@id\":\"https:\\\/\\\/miumjau.ee\\\/#organization\",\"name\":\"MiuMjau O\u00dc\",\"url\":\"https:\\\/\\\/miumjau.ee\\\/\",\"logo\":{\"@type\":\"ImageObject\",\"inLanguage\":\"fi\",\"@id\":\"https:\\\/\\\/miumjau.ee\\\/#\\\/schema\\\/logo\\\/image\\\/\",\"url\":\"https:\\\/\\\/miumjau.ee\\\/wp-content\\\/uploads\\\/2022\\\/04\\\/MiuMjau-logo-kollane.png\",\"contentUrl\":\"https:\\\/\\\/miumjau.ee\\\/wp-content\\\/uploads\\\/2022\\\/04\\\/MiuMjau-logo-kollane.png\",\"width\":219,\"height\":100,\"caption\":\"MiuMjau O\u00dc\"},\"image\":{\"@id\":\"https:\\\/\\\/miumjau.ee\\\/#\\\/schema\\\/logo\\\/image\\\/\"},\"sameAs\":[\"https:\\\/\\\/www.facebook.com\\\/miumjaupood\\\/\"]}]}<\/script>\n<!-- \/ Yoast SEO plugin. -->","yoast_head_json":{"title":"Pharmasentials Puolikosteat Nivelten Tukiherkut 125\u202fg - MiuMjau","robots":{"index":"index","follow":"follow","max-snippet":"max-snippet:-1","max-image-preview":"max-image-preview:large","max-video-preview":"max-video-preview:-1"},"canonical":"https:\/\/miumjau.ee\/fi\/tuote\/pharmasentials-puolikosteat-nivelten-tukiherkut-125-g\/","og_locale":"fi_FI","og_type":"article","og_title":"Pharmasentials Puolikosteat Nivelten Tukiherkut 125\u202fg - MiuMjau","og_description":"Pharmasentialsin funktionaaliset herkut ovat ihanteellinen palkinto rakkaalle karvaiselle yst\u00e4v\u00e4llesi, joka tarvitsee hieman lis\u00e4huolenpitoa. Laadukkaat reseptimme on erityisesti suunniteltu tukemaan koirasi terveytt\u00e4 ja elinvoimaa. Valikoimasta l\u00f6ytyy vaihtoehtoja nivelten hoitoon ja turkin hyvinvointiin, joten l\u00f6yd\u00e4t varmasti sopivan herkun koirasi tarpeisiin. Sopii t\u00e4ydent\u00e4m\u00e4\u00e4n hoitokuuria tai yksinkertaisesti palkinnoksi hyvinvoinnin tukemiseksi. T\u00e4ydennysruoka koirille. Ainesosat: Viljat ja kasvipohjaiset tuotteet (0,5\u202f% oliivi\u00f6ljyuutteita), \u00f6ljyt ja rasvat, liha ja el\u00e4inper\u00e4iset tuotteet, propyleeniglykoli, glukosamiini, kondroitiinisulfaatti. Analyyttinen koostumus: Proteiini 11\u202f%, Rasva 5,6\u202f%, Tuhka 3,3\u202f%, Kuitu 1,1\u202f%, Kosteus 24\u202f%. Miksi tuote on hy\u00f6dyllinen:     Glukosamiini: Tukee nivelruston rakennetta ja uudistumista, yll\u00e4pit\u00e4\u00e4 nivelten joustavuutta ja liikkuvuutta, erityisen hy\u00f6dyllinen vanhemmille ja aktiivisille koirille.    Kondroitiinisulfaatti: Auttaa s\u00e4ilytt\u00e4m\u00e4\u00e4n ruston kosteuden ja lujuuden, voi hidastaa nivelten kulumista, toimii yhdess\u00e4 glukosamiinin kanssa.    Oliivi\u00f6ljyuutteet (0,5\u202f%): Sis\u00e4lt\u00e4v\u00e4t antioksidantteja, auttavat v\u00e4hent\u00e4m\u00e4\u00e4n nivelten tulehdusta, tukevat solujen yleist\u00e4 terveytt\u00e4.    Tasapainoinen rasva- ja proteiinipitoisuus: Auttaa yll\u00e4pit\u00e4m\u00e4\u00e4n lihaksia ja energiatason ilman liiallista kuormitusta nivelille.","og_url":"https:\/\/miumjau.ee\/fi\/tuote\/pharmasentials-puolikosteat-nivelten-tukiherkut-125-g\/","og_site_name":"MiuMjau","article_publisher":"https:\/\/www.facebook.com\/miumjaupood\/","article_modified_time":"2026-01-07T20:41:08+00:00","og_image":[{"width":600,"height":800,"url":"https:\/\/miumjau.ee\/wp-content\/uploads\/2025\/12\/pharmasentials-maiused-koertele3.png","type":"image\/png"}],"twitter_card":"summary_large_image","schema":{"@context":"https:\/\/schema.org","@graph":[{"@type":"WebPage","@id":"https:\/\/miumjau.ee\/fi\/tuote\/pharmasentials-puolikosteat-nivelten-tukiherkut-125-g\/","url":"https:\/\/miumjau.ee\/fi\/tuote\/pharmasentials-puolikosteat-nivelten-tukiherkut-125-g\/","name":"Pharmasentials Puolikosteat Nivelten Tukiherkut 125\u202fg - MiuMjau","isPartOf":{"@id":"https:\/\/miumjau.ee\/#website"},"primaryImageOfPage":{"@id":"https:\/\/miumjau.ee\/fi\/tuote\/pharmasentials-puolikosteat-nivelten-tukiherkut-125-g\/#primaryimage"},"image":{"@id":"https:\/\/miumjau.ee\/fi\/tuote\/pharmasentials-puolikosteat-nivelten-tukiherkut-125-g\/#primaryimage"},"thumbnailUrl":"https:\/\/miumjau.ee\/wp-content\/uploads\/2025\/12\/pharmasentials-maiused-koertele3.png","datePublished":"2025-12-23T18:32:11+00:00","dateModified":"2026-01-07T20:41:08+00:00","breadcrumb":{"@id":"https:\/\/miumjau.ee\/fi\/tuote\/pharmasentials-puolikosteat-nivelten-tukiherkut-125-g\/#breadcrumb"},"inLanguage":"fi","potentialAction":[{"@type":"ReadAction","target":["https:\/\/miumjau.ee\/fi\/tuote\/pharmasentials-puolikosteat-nivelten-tukiherkut-125-g\/"]}]},{"@type":"ImageObject","inLanguage":"fi","@id":"https:\/\/miumjau.ee\/fi\/tuote\/pharmasentials-puolikosteat-nivelten-tukiherkut-125-g\/#primaryimage","url":"https:\/\/miumjau.ee\/wp-content\/uploads\/2025\/12\/pharmasentials-maiused-koertele3.png","contentUrl":"https:\/\/miumjau.ee\/wp-content\/uploads\/2025\/12\/pharmasentials-maiused-koertele3.png","width":600,"height":800,"caption":"Pharmasentials poolniisked liigeseid toetavad maiused"},{"@type":"BreadcrumbList","@id":"https:\/\/miumjau.ee\/fi\/tuote\/pharmasentials-puolikosteat-nivelten-tukiherkut-125-g\/#breadcrumb","itemListElement":[{"@type":"ListItem","position":1,"name":"Home","item":"https:\/\/miumjau.ee\/fi\/"},{"@type":"ListItem","position":2,"name":"Kauppa","item":"https:\/\/miumjau.ee\/fi\/kauppa\/"},{"@type":"ListItem","position":3,"name":"Pharmasentials Puolikosteat Nivelten Tukiherkut 125\u202fg"}]},{"@type":"WebSite","@id":"https:\/\/miumjau.ee\/#website","url":"https:\/\/miumjau.ee\/","name":"MiuMjau","description":"Kraapimispuud kassidele","publisher":{"@id":"https:\/\/miumjau.ee\/#organization"},"potentialAction":[{"@type":"SearchAction","target":{"@type":"EntryPoint","urlTemplate":"https:\/\/miumjau.ee\/?s={search_term_string}"},"query-input":{"@type":"PropertyValueSpecification","valueRequired":true,"valueName":"search_term_string"}}],"inLanguage":"fi"},{"@type":"Organization","@id":"https:\/\/miumjau.ee\/#organization","name":"MiuMjau O\u00dc","url":"https:\/\/miumjau.ee\/","logo":{"@type":"ImageObject","inLanguage":"fi","@id":"https:\/\/miumjau.ee\/#\/schema\/logo\/image\/","url":"https:\/\/miumjau.ee\/wp-content\/uploads\/2022\/04\/MiuMjau-logo-kollane.png","contentUrl":"https:\/\/miumjau.ee\/wp-content\/uploads\/2022\/04\/MiuMjau-logo-kollane.png","width":219,"height":100,"caption":"MiuMjau O\u00dc"},"image":{"@id":"https:\/\/miumjau.ee\/#\/schema\/logo\/image\/"},"sameAs":["https:\/\/www.facebook.com\/miumjaupood\/"]}]}},"_links":{"self":[{"href":"https:\/\/miumjau.ee\/fi\/wp-json\/wp\/v2\/product\/51499","targetHints":{"allow":["GET"]}}],"collection":[{"href":"https:\/\/miumjau.ee\/fi\/wp-json\/wp\/v2\/product"}],"about":[{"href":"https:\/\/miumjau.ee\/fi\/wp-json\/wp\/v2\/types\/product"}],"wp:featuredmedia":[{"embeddable":true,"href":"https:\/\/miumjau.ee\/fi\/wp-json\/wp\/v2\/media\/49806"}],"wp:attachment":[{"href":"https:\/\/miumjau.ee\/fi\/wp-json\/wp\/v2\/media?parent=51499"}],"wp:term":[{"taxonomy":"product_brand","embeddable":true,"href":"https:\/\/miumjau.ee\/fi\/wp-json\/wp\/v2\/product_brand?post=51499"},{"taxonomy":"product_cat","embeddable":true,"href":"https:\/\/miumjau.ee\/fi\/wp-json\/wp\/v2\/product_cat?post=51499"},{"taxonomy":"product_tag","embeddable":true,"href":"https:\/\/miumjau.ee\/fi\/wp-json\/wp\/v2\/product_tag?post=51499"}],"curies":[{"name":"wp","href":"https:\/\/api.w.org\/{rel}","templated":true}]}}