{"id":51494,"date":"2025-12-23T20:32:09","date_gmt":"2025-12-23T18:32:09","guid":{"rendered":"https:\/\/miumjau.ee\/toode\/pharmasentials-puolikosteat-herkut-skin-coat-125-g\/"},"modified":"2026-01-07T22:41:08","modified_gmt":"2026-01-07T20:41:08","slug":"pharmasentials-puolikosteat-herkut-skin-coat-125-g","status":"publish","type":"product","link":"https:\/\/miumjau.ee\/fi\/tuote\/pharmasentials-puolikosteat-herkut-skin-coat-125-g\/","title":{"rendered":"Pharmasentials Puolikosteat Herkut Skin &#038; Coat 125\u202fg"},"content":{"rendered":"","protected":false},"excerpt":{"rendered":"<p data-start=\"1405\" data-end=\"1967\">Pharmasentialsin funktionaaliset herkut ovat ihanteellinen palkinto rakkaalle karvaiselle yst\u00e4v\u00e4llesi, joka tarvitsee hieman lis\u00e4huolenpitoa. Laadukkaat reseptimme on erityisesti suunniteltu tukemaan koirasi terveytt\u00e4 ja elinvoimaa. Valikoimasta l\u00f6ytyy vaihtoehtoja nivelten hoitoon ja turkin hyvinvointiin. Sopii t\u00e4ydent\u00e4m\u00e4\u00e4n hoitokuuria tai yksinkertaisesti palkinnoksi, joka tukee koiran kokonaisvaltaista hyvinvointia. <strong data-start=\"1828\" data-end=\"1856\">T\u00e4ydennysruoka koirille.<\/strong> Erityisen sopiva koirille, joilla on: samea tai kuiva turkki, herkk\u00e4 iho, vuodenaikaan liittyv\u00e4 karvanl\u00e4ht\u00f6.<\/p>\n<p data-start=\"1969\" data-end=\"2134\"><strong data-start=\"1969\" data-end=\"1983\">Ainesosat:<\/strong> Viljat ja kasvipohjaiset tuotteet, \u00f6ljyt ja rasvat, liha ja el\u00e4inper\u00e4iset tuotteet, propyleeniglykoli, omega-3, kondroitiinisulfaatti, B7-vitamiini.<\/p>\n<p data-start=\"2136\" data-end=\"2234\"><strong data-start=\"2136\" data-end=\"2163\">Analyyttinen koostumus:<\/strong> Proteiini 11\u202f%, Rasva 5,6\u202f%, Tuhka 3,3\u202f%, Kuitu 1,1\u202f%, Kosteus 24\u202f%.<\/p>\n<p data-start=\"2236\" data-end=\"2249\"><strong data-start=\"2236\" data-end=\"2247\">Hy\u00f6dyt:<\/strong><\/p>\n<ul data-start=\"2250\" data-end=\"2582\">\n<li data-start=\"2250\" data-end=\"2325\">\n<p data-start=\"2252\" data-end=\"2325\">Omega-3-rasvahapot: tukevat tervett\u00e4 ihoa ja kiilt\u00e4v\u00e4\u00e4, vahvaa turkkia.<\/p>\n<\/li>\n<li data-start=\"2326\" data-end=\"2403\">\n<p data-start=\"2328\" data-end=\"2403\">B7-vitamiini (biotiini): v\u00e4ltt\u00e4m\u00e4t\u00f6n ihon ja turkin normaalille kasvulle.<\/p>\n<\/li>\n<li data-start=\"2404\" data-end=\"2493\">\n<p data-start=\"2406\" data-end=\"2493\">\u00d6ljyt ja rasvat: auttavat yll\u00e4pit\u00e4m\u00e4\u00e4n ihon kosteutta ja v\u00e4hent\u00e4v\u00e4t kuivuuden riski\u00e4.<\/p>\n<\/li>\n<li data-start=\"2494\" data-end=\"2582\">\n<p data-start=\"2496\" data-end=\"2582\">Tasapainoinen rasvapitoisuus (5,6\u202f%): tukee turkin laatua ilman ruoansulatuskuormaa<\/p>\n<\/li>\n<\/ul>\n","protected":false},"featured_media":49800,"template":"","meta":[],"product_brand":[],"product_cat":[869],"product_tag":[],"class_list":{"0":"post-51494","1":"product","2":"type-product","3":"status-publish","4":"has-post-thumbnail","6":"product_cat-ravintolisat-koirille","8":"first","9":"instock","10":"sale","11":"taxable","12":"shipping-taxable","13":"purchasable","14":"product-type-simple"},"yoast_head":"<!-- This site is optimized with the Yoast SEO plugin v27.4 - https:\/\/yoast.com\/product\/yoast-seo-wordpress\/ -->\n<title>Pharmasentials Puolikosteat Herkut Skin &amp; Coat 125\u202fg - MiuMjau<\/title>\n<meta name=\"robots\" content=\"index, follow, max-snippet:-1, max-image-preview:large, max-video-preview:-1\" \/>\n<link rel=\"canonical\" href=\"https:\/\/miumjau.ee\/fi\/tuote\/pharmasentials-puolikosteat-herkut-skin-coat-125-g\/\" \/>\n<meta property=\"og:locale\" content=\"fi_FI\" \/>\n<meta property=\"og:type\" content=\"article\" \/>\n<meta property=\"og:title\" content=\"Pharmasentials Puolikosteat Herkut Skin &amp; Coat 125\u202fg - MiuMjau\" \/>\n<meta property=\"og:description\" content=\"Pharmasentialsin funktionaaliset herkut ovat ihanteellinen palkinto rakkaalle karvaiselle yst\u00e4v\u00e4llesi, joka tarvitsee hieman lis\u00e4huolenpitoa. Laadukkaat reseptimme on erityisesti suunniteltu tukemaan koirasi terveytt\u00e4 ja elinvoimaa. Valikoimasta l\u00f6ytyy vaihtoehtoja nivelten hoitoon ja turkin hyvinvointiin. Sopii t\u00e4ydent\u00e4m\u00e4\u00e4n hoitokuuria tai yksinkertaisesti palkinnoksi, joka tukee koiran kokonaisvaltaista hyvinvointia. T\u00e4ydennysruoka koirille. Erityisen sopiva koirille, joilla on: samea tai kuiva turkki, herkk\u00e4 iho, vuodenaikaan liittyv\u00e4 karvanl\u00e4ht\u00f6. Ainesosat: Viljat ja kasvipohjaiset tuotteet, \u00f6ljyt ja rasvat, liha ja el\u00e4inper\u00e4iset tuotteet, propyleeniglykoli, omega-3, kondroitiinisulfaatti, B7-vitamiini. Analyyttinen koostumus: Proteiini 11\u202f%, Rasva 5,6\u202f%, Tuhka 3,3\u202f%, Kuitu 1,1\u202f%, Kosteus 24\u202f%. Hy\u00f6dyt:     Omega-3-rasvahapot: tukevat tervett\u00e4 ihoa ja kiilt\u00e4v\u00e4\u00e4, vahvaa turkkia.    B7-vitamiini (biotiini): v\u00e4ltt\u00e4m\u00e4t\u00f6n ihon ja turkin normaalille kasvulle.    \u00d6ljyt ja rasvat: auttavat yll\u00e4pit\u00e4m\u00e4\u00e4n ihon kosteutta ja v\u00e4hent\u00e4v\u00e4t kuivuuden riski\u00e4.    Tasapainoinen rasvapitoisuus (5,6\u202f%): tukee turkin laatua ilman ruoansulatuskuormaa\" \/>\n<meta property=\"og:url\" content=\"https:\/\/miumjau.ee\/fi\/tuote\/pharmasentials-puolikosteat-herkut-skin-coat-125-g\/\" \/>\n<meta property=\"og:site_name\" content=\"MiuMjau\" \/>\n<meta property=\"article:publisher\" content=\"https:\/\/www.facebook.com\/miumjaupood\/\" \/>\n<meta property=\"article:modified_time\" content=\"2026-01-07T20:41:08+00:00\" \/>\n<meta property=\"og:image\" content=\"https:\/\/miumjau.ee\/wp-content\/uploads\/2025\/12\/pharmasentials-maiused-koertele4.png\" \/>\n\t<meta property=\"og:image:width\" content=\"600\" \/>\n\t<meta property=\"og:image:height\" content=\"800\" \/>\n\t<meta property=\"og:image:type\" content=\"image\/png\" \/>\n<meta name=\"twitter:card\" content=\"summary_large_image\" \/>\n<script type=\"application\/ld+json\" class=\"yoast-schema-graph\">{\"@context\":\"https:\\\/\\\/schema.org\",\"@graph\":[{\"@type\":\"WebPage\",\"@id\":\"https:\\\/\\\/miumjau.ee\\\/fi\\\/tuote\\\/pharmasentials-puolikosteat-herkut-skin-coat-125-g\\\/\",\"url\":\"https:\\\/\\\/miumjau.ee\\\/fi\\\/tuote\\\/pharmasentials-puolikosteat-herkut-skin-coat-125-g\\\/\",\"name\":\"Pharmasentials Puolikosteat Herkut Skin & Coat 125\u202fg - MiuMjau\",\"isPartOf\":{\"@id\":\"https:\\\/\\\/miumjau.ee\\\/#website\"},\"primaryImageOfPage\":{\"@id\":\"https:\\\/\\\/miumjau.ee\\\/fi\\\/tuote\\\/pharmasentials-puolikosteat-herkut-skin-coat-125-g\\\/#primaryimage\"},\"image\":{\"@id\":\"https:\\\/\\\/miumjau.ee\\\/fi\\\/tuote\\\/pharmasentials-puolikosteat-herkut-skin-coat-125-g\\\/#primaryimage\"},\"thumbnailUrl\":\"https:\\\/\\\/miumjau.ee\\\/wp-content\\\/uploads\\\/2025\\\/12\\\/pharmasentials-maiused-koertele4.png\",\"datePublished\":\"2025-12-23T18:32:09+00:00\",\"dateModified\":\"2026-01-07T20:41:08+00:00\",\"breadcrumb\":{\"@id\":\"https:\\\/\\\/miumjau.ee\\\/fi\\\/tuote\\\/pharmasentials-puolikosteat-herkut-skin-coat-125-g\\\/#breadcrumb\"},\"inLanguage\":\"fi\",\"potentialAction\":[{\"@type\":\"ReadAction\",\"target\":[\"https:\\\/\\\/miumjau.ee\\\/fi\\\/tuote\\\/pharmasentials-puolikosteat-herkut-skin-coat-125-g\\\/\"]}]},{\"@type\":\"ImageObject\",\"inLanguage\":\"fi\",\"@id\":\"https:\\\/\\\/miumjau.ee\\\/fi\\\/tuote\\\/pharmasentials-puolikosteat-herkut-skin-coat-125-g\\\/#primaryimage\",\"url\":\"https:\\\/\\\/miumjau.ee\\\/wp-content\\\/uploads\\\/2025\\\/12\\\/pharmasentials-maiused-koertele4.png\",\"contentUrl\":\"https:\\\/\\\/miumjau.ee\\\/wp-content\\\/uploads\\\/2025\\\/12\\\/pharmasentials-maiused-koertele4.png\",\"width\":600,\"height\":800,\"caption\":\"Pharmasentials poolniisked maiused Skin & Coat\"},{\"@type\":\"BreadcrumbList\",\"@id\":\"https:\\\/\\\/miumjau.ee\\\/fi\\\/tuote\\\/pharmasentials-puolikosteat-herkut-skin-coat-125-g\\\/#breadcrumb\",\"itemListElement\":[{\"@type\":\"ListItem\",\"position\":1,\"name\":\"Home\",\"item\":\"https:\\\/\\\/miumjau.ee\\\/fi\\\/\"},{\"@type\":\"ListItem\",\"position\":2,\"name\":\"Kauppa\",\"item\":\"https:\\\/\\\/miumjau.ee\\\/fi\\\/kauppa\\\/\"},{\"@type\":\"ListItem\",\"position\":3,\"name\":\"Pharmasentials Puolikosteat Herkut Skin &#038; Coat 125\u202fg\"}]},{\"@type\":\"WebSite\",\"@id\":\"https:\\\/\\\/miumjau.ee\\\/#website\",\"url\":\"https:\\\/\\\/miumjau.ee\\\/\",\"name\":\"MiuMjau\",\"description\":\"Kraapimispuud kassidele\",\"publisher\":{\"@id\":\"https:\\\/\\\/miumjau.ee\\\/#organization\"},\"potentialAction\":[{\"@type\":\"SearchAction\",\"target\":{\"@type\":\"EntryPoint\",\"urlTemplate\":\"https:\\\/\\\/miumjau.ee\\\/?s={search_term_string}\"},\"query-input\":{\"@type\":\"PropertyValueSpecification\",\"valueRequired\":true,\"valueName\":\"search_term_string\"}}],\"inLanguage\":\"fi\"},{\"@type\":\"Organization\",\"@id\":\"https:\\\/\\\/miumjau.ee\\\/#organization\",\"name\":\"MiuMjau O\u00dc\",\"url\":\"https:\\\/\\\/miumjau.ee\\\/\",\"logo\":{\"@type\":\"ImageObject\",\"inLanguage\":\"fi\",\"@id\":\"https:\\\/\\\/miumjau.ee\\\/#\\\/schema\\\/logo\\\/image\\\/\",\"url\":\"https:\\\/\\\/miumjau.ee\\\/wp-content\\\/uploads\\\/2022\\\/04\\\/MiuMjau-logo-kollane.png\",\"contentUrl\":\"https:\\\/\\\/miumjau.ee\\\/wp-content\\\/uploads\\\/2022\\\/04\\\/MiuMjau-logo-kollane.png\",\"width\":219,\"height\":100,\"caption\":\"MiuMjau O\u00dc\"},\"image\":{\"@id\":\"https:\\\/\\\/miumjau.ee\\\/#\\\/schema\\\/logo\\\/image\\\/\"},\"sameAs\":[\"https:\\\/\\\/www.facebook.com\\\/miumjaupood\\\/\"]}]}<\/script>\n<!-- \/ Yoast SEO plugin. -->","yoast_head_json":{"title":"Pharmasentials Puolikosteat Herkut Skin & Coat 125\u202fg - MiuMjau","robots":{"index":"index","follow":"follow","max-snippet":"max-snippet:-1","max-image-preview":"max-image-preview:large","max-video-preview":"max-video-preview:-1"},"canonical":"https:\/\/miumjau.ee\/fi\/tuote\/pharmasentials-puolikosteat-herkut-skin-coat-125-g\/","og_locale":"fi_FI","og_type":"article","og_title":"Pharmasentials Puolikosteat Herkut Skin & Coat 125\u202fg - MiuMjau","og_description":"Pharmasentialsin funktionaaliset herkut ovat ihanteellinen palkinto rakkaalle karvaiselle yst\u00e4v\u00e4llesi, joka tarvitsee hieman lis\u00e4huolenpitoa. Laadukkaat reseptimme on erityisesti suunniteltu tukemaan koirasi terveytt\u00e4 ja elinvoimaa. Valikoimasta l\u00f6ytyy vaihtoehtoja nivelten hoitoon ja turkin hyvinvointiin. Sopii t\u00e4ydent\u00e4m\u00e4\u00e4n hoitokuuria tai yksinkertaisesti palkinnoksi, joka tukee koiran kokonaisvaltaista hyvinvointia. T\u00e4ydennysruoka koirille. Erityisen sopiva koirille, joilla on: samea tai kuiva turkki, herkk\u00e4 iho, vuodenaikaan liittyv\u00e4 karvanl\u00e4ht\u00f6. Ainesosat: Viljat ja kasvipohjaiset tuotteet, \u00f6ljyt ja rasvat, liha ja el\u00e4inper\u00e4iset tuotteet, propyleeniglykoli, omega-3, kondroitiinisulfaatti, B7-vitamiini. Analyyttinen koostumus: Proteiini 11\u202f%, Rasva 5,6\u202f%, Tuhka 3,3\u202f%, Kuitu 1,1\u202f%, Kosteus 24\u202f%. Hy\u00f6dyt:     Omega-3-rasvahapot: tukevat tervett\u00e4 ihoa ja kiilt\u00e4v\u00e4\u00e4, vahvaa turkkia.    B7-vitamiini (biotiini): v\u00e4ltt\u00e4m\u00e4t\u00f6n ihon ja turkin normaalille kasvulle.    \u00d6ljyt ja rasvat: auttavat yll\u00e4pit\u00e4m\u00e4\u00e4n ihon kosteutta ja v\u00e4hent\u00e4v\u00e4t kuivuuden riski\u00e4.    Tasapainoinen rasvapitoisuus (5,6\u202f%): tukee turkin laatua ilman ruoansulatuskuormaa","og_url":"https:\/\/miumjau.ee\/fi\/tuote\/pharmasentials-puolikosteat-herkut-skin-coat-125-g\/","og_site_name":"MiuMjau","article_publisher":"https:\/\/www.facebook.com\/miumjaupood\/","article_modified_time":"2026-01-07T20:41:08+00:00","og_image":[{"width":600,"height":800,"url":"https:\/\/miumjau.ee\/wp-content\/uploads\/2025\/12\/pharmasentials-maiused-koertele4.png","type":"image\/png"}],"twitter_card":"summary_large_image","schema":{"@context":"https:\/\/schema.org","@graph":[{"@type":"WebPage","@id":"https:\/\/miumjau.ee\/fi\/tuote\/pharmasentials-puolikosteat-herkut-skin-coat-125-g\/","url":"https:\/\/miumjau.ee\/fi\/tuote\/pharmasentials-puolikosteat-herkut-skin-coat-125-g\/","name":"Pharmasentials Puolikosteat Herkut Skin & Coat 125\u202fg - MiuMjau","isPartOf":{"@id":"https:\/\/miumjau.ee\/#website"},"primaryImageOfPage":{"@id":"https:\/\/miumjau.ee\/fi\/tuote\/pharmasentials-puolikosteat-herkut-skin-coat-125-g\/#primaryimage"},"image":{"@id":"https:\/\/miumjau.ee\/fi\/tuote\/pharmasentials-puolikosteat-herkut-skin-coat-125-g\/#primaryimage"},"thumbnailUrl":"https:\/\/miumjau.ee\/wp-content\/uploads\/2025\/12\/pharmasentials-maiused-koertele4.png","datePublished":"2025-12-23T18:32:09+00:00","dateModified":"2026-01-07T20:41:08+00:00","breadcrumb":{"@id":"https:\/\/miumjau.ee\/fi\/tuote\/pharmasentials-puolikosteat-herkut-skin-coat-125-g\/#breadcrumb"},"inLanguage":"fi","potentialAction":[{"@type":"ReadAction","target":["https:\/\/miumjau.ee\/fi\/tuote\/pharmasentials-puolikosteat-herkut-skin-coat-125-g\/"]}]},{"@type":"ImageObject","inLanguage":"fi","@id":"https:\/\/miumjau.ee\/fi\/tuote\/pharmasentials-puolikosteat-herkut-skin-coat-125-g\/#primaryimage","url":"https:\/\/miumjau.ee\/wp-content\/uploads\/2025\/12\/pharmasentials-maiused-koertele4.png","contentUrl":"https:\/\/miumjau.ee\/wp-content\/uploads\/2025\/12\/pharmasentials-maiused-koertele4.png","width":600,"height":800,"caption":"Pharmasentials poolniisked maiused Skin & Coat"},{"@type":"BreadcrumbList","@id":"https:\/\/miumjau.ee\/fi\/tuote\/pharmasentials-puolikosteat-herkut-skin-coat-125-g\/#breadcrumb","itemListElement":[{"@type":"ListItem","position":1,"name":"Home","item":"https:\/\/miumjau.ee\/fi\/"},{"@type":"ListItem","position":2,"name":"Kauppa","item":"https:\/\/miumjau.ee\/fi\/kauppa\/"},{"@type":"ListItem","position":3,"name":"Pharmasentials Puolikosteat Herkut Skin &#038; Coat 125\u202fg"}]},{"@type":"WebSite","@id":"https:\/\/miumjau.ee\/#website","url":"https:\/\/miumjau.ee\/","name":"MiuMjau","description":"Kraapimispuud kassidele","publisher":{"@id":"https:\/\/miumjau.ee\/#organization"},"potentialAction":[{"@type":"SearchAction","target":{"@type":"EntryPoint","urlTemplate":"https:\/\/miumjau.ee\/?s={search_term_string}"},"query-input":{"@type":"PropertyValueSpecification","valueRequired":true,"valueName":"search_term_string"}}],"inLanguage":"fi"},{"@type":"Organization","@id":"https:\/\/miumjau.ee\/#organization","name":"MiuMjau O\u00dc","url":"https:\/\/miumjau.ee\/","logo":{"@type":"ImageObject","inLanguage":"fi","@id":"https:\/\/miumjau.ee\/#\/schema\/logo\/image\/","url":"https:\/\/miumjau.ee\/wp-content\/uploads\/2022\/04\/MiuMjau-logo-kollane.png","contentUrl":"https:\/\/miumjau.ee\/wp-content\/uploads\/2022\/04\/MiuMjau-logo-kollane.png","width":219,"height":100,"caption":"MiuMjau O\u00dc"},"image":{"@id":"https:\/\/miumjau.ee\/#\/schema\/logo\/image\/"},"sameAs":["https:\/\/www.facebook.com\/miumjaupood\/"]}]}},"_links":{"self":[{"href":"https:\/\/miumjau.ee\/fi\/wp-json\/wp\/v2\/product\/51494","targetHints":{"allow":["GET"]}}],"collection":[{"href":"https:\/\/miumjau.ee\/fi\/wp-json\/wp\/v2\/product"}],"about":[{"href":"https:\/\/miumjau.ee\/fi\/wp-json\/wp\/v2\/types\/product"}],"wp:featuredmedia":[{"embeddable":true,"href":"https:\/\/miumjau.ee\/fi\/wp-json\/wp\/v2\/media\/49800"}],"wp:attachment":[{"href":"https:\/\/miumjau.ee\/fi\/wp-json\/wp\/v2\/media?parent=51494"}],"wp:term":[{"taxonomy":"product_brand","embeddable":true,"href":"https:\/\/miumjau.ee\/fi\/wp-json\/wp\/v2\/product_brand?post=51494"},{"taxonomy":"product_cat","embeddable":true,"href":"https:\/\/miumjau.ee\/fi\/wp-json\/wp\/v2\/product_cat?post=51494"},{"taxonomy":"product_tag","embeddable":true,"href":"https:\/\/miumjau.ee\/fi\/wp-json\/wp\/v2\/product_tag?post=51494"}],"curies":[{"name":"wp","href":"https:\/\/api.w.org\/{rel}","templated":true}]}}