{"id":51489,"date":"2025-12-23T20:32:06","date_gmt":"2025-12-23T18:32:06","guid":{"rendered":"https:\/\/miumjau.ee\/toode\/pharmasentials-puolikosteat-herkut-gastro-125-g\/"},"modified":"2026-01-07T22:41:08","modified_gmt":"2026-01-07T20:41:08","slug":"pharmasentials-puolikosteat-herkut-gastro-125-g","status":"publish","type":"product","link":"https:\/\/miumjau.ee\/fi\/tuote\/pharmasentials-puolikosteat-herkut-gastro-125-g\/","title":{"rendered":"Pharmasentials Puolikosteat Herkut Gastro 125\u202fg"},"content":{"rendered":"","protected":false},"excerpt":{"rendered":"<p data-start=\"1549\" data-end=\"2073\">Pharmasentialsin funktionaaliset herkut ovat ihanteellinen palkinto rakkaalle karvaiselle yst\u00e4v\u00e4llesi, joka tarvitsee hieman lis\u00e4huolenpitoa. Laadukkaat reseptimme on suunniteltu tukemaan koirasi terveytt\u00e4 ja elinvoimaa. Valikoimasta l\u00f6ytyy makupaloja nivelten hoitoon ja turkin hyvinvointiin. Sopii erinomaisesti osaksi koiran hoitokuuria tai yksinkertaisesti palkinnoksi, joka tukee sen kokonaisvaltaista hyvinvointia. Hemmottele koiraasi maukkailla ja ravitsevilla Pharmasentials-herkuilla! <strong data-start=\"2043\" data-end=\"2071\">T\u00e4ydennysruoka koirille.<\/strong><\/p>\n<p data-start=\"2075\" data-end=\"2088\"><strong data-start=\"2075\" data-end=\"2086\">Hy\u00f6dyt:<\/strong><\/p>\n<ul data-start=\"2089\" data-end=\"2660\">\n<li data-start=\"2089\" data-end=\"2199\">\n<p data-start=\"2091\" data-end=\"2199\">Sikuri on luonnollinen prebiootti (sis\u00e4lt\u00e4\u00e4 inuliinia), joka tukee hy\u00f6dyllisten suolistobakteerien kasvua.<\/p>\n<\/li>\n<li data-start=\"2200\" data-end=\"2252\">\n<p data-start=\"2202\" data-end=\"2252\">Parantaa ruoansulatusta ja suoliston tasapainoa.<\/p>\n<\/li>\n<li data-start=\"2253\" data-end=\"2346\">\n<p data-start=\"2255\" data-end=\"2346\">Kurkuma tunnetaan tulehdusta lievitt\u00e4vist\u00e4 ja ruoansulatusta tukevista ominaisuuksistaan.<\/p>\n<\/li>\n<li data-start=\"2347\" data-end=\"2442\">\n<p data-start=\"2349\" data-end=\"2442\">Voi auttaa rauhoittamaan ruoansulatuskanavaa ja tukemaan mahalaukun ja suoliston terveytt\u00e4.<\/p>\n<\/li>\n<li data-start=\"2443\" data-end=\"2564\">\n<p data-start=\"2445\" data-end=\"2564\">Puolikostea koostumus: helpompi pureskella ja sulattaa, sopii erityisesti herkk\u00e4vatsaisille tai vanhemmille koirille.<\/p>\n<\/li>\n<li data-start=\"2565\" data-end=\"2660\">\n<p data-start=\"2567\" data-end=\"2660\">Kohtalainen kuitupitoisuus: tukee normaalia suoliston toimintaa ilman liiallista rasitusta.<\/p>\n<\/li>\n<\/ul>\n<p data-start=\"2662\" data-end=\"2815\"><strong data-start=\"2662\" data-end=\"2676\">Ainesosat:<\/strong> Viljat ja kasvipohjaiset tuotteet (1\u202f% sikurijauhe, 0,33\u202f% kurkuma), \u00f6ljyt ja rasvat, liha ja el\u00e4inper\u00e4iset tuotteet, propyleeniglykoli.<\/p>\n<p data-start=\"2817\" data-end=\"2915\"><strong data-start=\"2817\" data-end=\"2844\">Analyyttinen koostumus:<\/strong> Proteiini 11\u202f%, Rasva 5,6\u202f%, Tuhka 3,3\u202f%, Kuitu 1,1\u202f%, Kosteus 24\u202f%.<\/p>\n","protected":false},"featured_media":49812,"template":"","meta":[],"product_brand":[],"product_cat":[869],"product_tag":[],"class_list":{"0":"post-51489","1":"product","2":"type-product","3":"status-publish","4":"has-post-thumbnail","6":"product_cat-ravintolisat-koirille","8":"first","9":"instock","10":"sale","11":"taxable","12":"shipping-taxable","13":"purchasable","14":"product-type-simple"},"yoast_head":"<!-- This site is optimized with the Yoast SEO plugin v27.4 - https:\/\/yoast.com\/product\/yoast-seo-wordpress\/ -->\n<title>Pharmasentials Puolikosteat Herkut Gastro 125\u202fg - MiuMjau<\/title>\n<meta name=\"robots\" content=\"index, follow, max-snippet:-1, max-image-preview:large, max-video-preview:-1\" \/>\n<link rel=\"canonical\" href=\"https:\/\/miumjau.ee\/fi\/tuote\/pharmasentials-puolikosteat-herkut-gastro-125-g\/\" \/>\n<meta property=\"og:locale\" content=\"fi_FI\" \/>\n<meta property=\"og:type\" content=\"article\" \/>\n<meta property=\"og:title\" content=\"Pharmasentials Puolikosteat Herkut Gastro 125\u202fg - MiuMjau\" \/>\n<meta property=\"og:description\" content=\"Pharmasentialsin funktionaaliset herkut ovat ihanteellinen palkinto rakkaalle karvaiselle yst\u00e4v\u00e4llesi, joka tarvitsee hieman lis\u00e4huolenpitoa. Laadukkaat reseptimme on suunniteltu tukemaan koirasi terveytt\u00e4 ja elinvoimaa. Valikoimasta l\u00f6ytyy makupaloja nivelten hoitoon ja turkin hyvinvointiin. Sopii erinomaisesti osaksi koiran hoitokuuria tai yksinkertaisesti palkinnoksi, joka tukee sen kokonaisvaltaista hyvinvointia. Hemmottele koiraasi maukkailla ja ravitsevilla Pharmasentials-herkuilla! T\u00e4ydennysruoka koirille. Hy\u00f6dyt:     Sikuri on luonnollinen prebiootti (sis\u00e4lt\u00e4\u00e4 inuliinia), joka tukee hy\u00f6dyllisten suolistobakteerien kasvua.    Parantaa ruoansulatusta ja suoliston tasapainoa.    Kurkuma tunnetaan tulehdusta lievitt\u00e4vist\u00e4 ja ruoansulatusta tukevista ominaisuuksistaan.    Voi auttaa rauhoittamaan ruoansulatuskanavaa ja tukemaan mahalaukun ja suoliston terveytt\u00e4.    Puolikostea koostumus: helpompi pureskella ja sulattaa, sopii erityisesti herkk\u00e4vatsaisille tai vanhemmille koirille.    Kohtalainen kuitupitoisuus: tukee normaalia suoliston toimintaa ilman liiallista rasitusta.   Ainesosat: Viljat ja kasvipohjaiset tuotteet (1\u202f% sikurijauhe, 0,33\u202f% kurkuma), \u00f6ljyt ja rasvat, liha ja el\u00e4inper\u00e4iset tuotteet, propyleeniglykoli. Analyyttinen koostumus: Proteiini 11\u202f%, Rasva 5,6\u202f%, Tuhka 3,3\u202f%, Kuitu 1,1\u202f%, Kosteus 24\u202f%.\" \/>\n<meta property=\"og:url\" content=\"https:\/\/miumjau.ee\/fi\/tuote\/pharmasentials-puolikosteat-herkut-gastro-125-g\/\" \/>\n<meta property=\"og:site_name\" content=\"MiuMjau\" \/>\n<meta property=\"article:publisher\" content=\"https:\/\/www.facebook.com\/miumjaupood\/\" \/>\n<meta property=\"article:modified_time\" content=\"2026-01-07T20:41:08+00:00\" \/>\n<meta property=\"og:image\" content=\"https:\/\/miumjau.ee\/wp-content\/uploads\/2025\/12\/pharmasentials-maiused-koertele2.png\" \/>\n\t<meta property=\"og:image:width\" content=\"600\" \/>\n\t<meta property=\"og:image:height\" content=\"800\" \/>\n\t<meta property=\"og:image:type\" content=\"image\/png\" \/>\n<meta name=\"twitter:card\" content=\"summary_large_image\" \/>\n<script type=\"application\/ld+json\" class=\"yoast-schema-graph\">{\"@context\":\"https:\\\/\\\/schema.org\",\"@graph\":[{\"@type\":\"WebPage\",\"@id\":\"https:\\\/\\\/miumjau.ee\\\/fi\\\/tuote\\\/pharmasentials-puolikosteat-herkut-gastro-125-g\\\/\",\"url\":\"https:\\\/\\\/miumjau.ee\\\/fi\\\/tuote\\\/pharmasentials-puolikosteat-herkut-gastro-125-g\\\/\",\"name\":\"Pharmasentials Puolikosteat Herkut Gastro 125\u202fg - MiuMjau\",\"isPartOf\":{\"@id\":\"https:\\\/\\\/miumjau.ee\\\/#website\"},\"primaryImageOfPage\":{\"@id\":\"https:\\\/\\\/miumjau.ee\\\/fi\\\/tuote\\\/pharmasentials-puolikosteat-herkut-gastro-125-g\\\/#primaryimage\"},\"image\":{\"@id\":\"https:\\\/\\\/miumjau.ee\\\/fi\\\/tuote\\\/pharmasentials-puolikosteat-herkut-gastro-125-g\\\/#primaryimage\"},\"thumbnailUrl\":\"https:\\\/\\\/miumjau.ee\\\/wp-content\\\/uploads\\\/2025\\\/12\\\/pharmasentials-maiused-koertele2.png\",\"datePublished\":\"2025-12-23T18:32:06+00:00\",\"dateModified\":\"2026-01-07T20:41:08+00:00\",\"breadcrumb\":{\"@id\":\"https:\\\/\\\/miumjau.ee\\\/fi\\\/tuote\\\/pharmasentials-puolikosteat-herkut-gastro-125-g\\\/#breadcrumb\"},\"inLanguage\":\"fi\",\"potentialAction\":[{\"@type\":\"ReadAction\",\"target\":[\"https:\\\/\\\/miumjau.ee\\\/fi\\\/tuote\\\/pharmasentials-puolikosteat-herkut-gastro-125-g\\\/\"]}]},{\"@type\":\"ImageObject\",\"inLanguage\":\"fi\",\"@id\":\"https:\\\/\\\/miumjau.ee\\\/fi\\\/tuote\\\/pharmasentials-puolikosteat-herkut-gastro-125-g\\\/#primaryimage\",\"url\":\"https:\\\/\\\/miumjau.ee\\\/wp-content\\\/uploads\\\/2025\\\/12\\\/pharmasentials-maiused-koertele2.png\",\"contentUrl\":\"https:\\\/\\\/miumjau.ee\\\/wp-content\\\/uploads\\\/2025\\\/12\\\/pharmasentials-maiused-koertele2.png\",\"width\":600,\"height\":800,\"caption\":\"Pharmasentials poolniisked maiused Gastro\"},{\"@type\":\"BreadcrumbList\",\"@id\":\"https:\\\/\\\/miumjau.ee\\\/fi\\\/tuote\\\/pharmasentials-puolikosteat-herkut-gastro-125-g\\\/#breadcrumb\",\"itemListElement\":[{\"@type\":\"ListItem\",\"position\":1,\"name\":\"Home\",\"item\":\"https:\\\/\\\/miumjau.ee\\\/fi\\\/\"},{\"@type\":\"ListItem\",\"position\":2,\"name\":\"Kauppa\",\"item\":\"https:\\\/\\\/miumjau.ee\\\/fi\\\/kauppa\\\/\"},{\"@type\":\"ListItem\",\"position\":3,\"name\":\"Pharmasentials Puolikosteat Herkut Gastro 125\u202fg\"}]},{\"@type\":\"WebSite\",\"@id\":\"https:\\\/\\\/miumjau.ee\\\/#website\",\"url\":\"https:\\\/\\\/miumjau.ee\\\/\",\"name\":\"MiuMjau\",\"description\":\"Kraapimispuud kassidele\",\"publisher\":{\"@id\":\"https:\\\/\\\/miumjau.ee\\\/#organization\"},\"potentialAction\":[{\"@type\":\"SearchAction\",\"target\":{\"@type\":\"EntryPoint\",\"urlTemplate\":\"https:\\\/\\\/miumjau.ee\\\/?s={search_term_string}\"},\"query-input\":{\"@type\":\"PropertyValueSpecification\",\"valueRequired\":true,\"valueName\":\"search_term_string\"}}],\"inLanguage\":\"fi\"},{\"@type\":\"Organization\",\"@id\":\"https:\\\/\\\/miumjau.ee\\\/#organization\",\"name\":\"MiuMjau O\u00dc\",\"url\":\"https:\\\/\\\/miumjau.ee\\\/\",\"logo\":{\"@type\":\"ImageObject\",\"inLanguage\":\"fi\",\"@id\":\"https:\\\/\\\/miumjau.ee\\\/#\\\/schema\\\/logo\\\/image\\\/\",\"url\":\"https:\\\/\\\/miumjau.ee\\\/wp-content\\\/uploads\\\/2022\\\/04\\\/MiuMjau-logo-kollane.png\",\"contentUrl\":\"https:\\\/\\\/miumjau.ee\\\/wp-content\\\/uploads\\\/2022\\\/04\\\/MiuMjau-logo-kollane.png\",\"width\":219,\"height\":100,\"caption\":\"MiuMjau O\u00dc\"},\"image\":{\"@id\":\"https:\\\/\\\/miumjau.ee\\\/#\\\/schema\\\/logo\\\/image\\\/\"},\"sameAs\":[\"https:\\\/\\\/www.facebook.com\\\/miumjaupood\\\/\"]}]}<\/script>\n<!-- \/ Yoast SEO plugin. -->","yoast_head_json":{"title":"Pharmasentials Puolikosteat Herkut Gastro 125\u202fg - MiuMjau","robots":{"index":"index","follow":"follow","max-snippet":"max-snippet:-1","max-image-preview":"max-image-preview:large","max-video-preview":"max-video-preview:-1"},"canonical":"https:\/\/miumjau.ee\/fi\/tuote\/pharmasentials-puolikosteat-herkut-gastro-125-g\/","og_locale":"fi_FI","og_type":"article","og_title":"Pharmasentials Puolikosteat Herkut Gastro 125\u202fg - MiuMjau","og_description":"Pharmasentialsin funktionaaliset herkut ovat ihanteellinen palkinto rakkaalle karvaiselle yst\u00e4v\u00e4llesi, joka tarvitsee hieman lis\u00e4huolenpitoa. Laadukkaat reseptimme on suunniteltu tukemaan koirasi terveytt\u00e4 ja elinvoimaa. Valikoimasta l\u00f6ytyy makupaloja nivelten hoitoon ja turkin hyvinvointiin. Sopii erinomaisesti osaksi koiran hoitokuuria tai yksinkertaisesti palkinnoksi, joka tukee sen kokonaisvaltaista hyvinvointia. Hemmottele koiraasi maukkailla ja ravitsevilla Pharmasentials-herkuilla! T\u00e4ydennysruoka koirille. Hy\u00f6dyt:     Sikuri on luonnollinen prebiootti (sis\u00e4lt\u00e4\u00e4 inuliinia), joka tukee hy\u00f6dyllisten suolistobakteerien kasvua.    Parantaa ruoansulatusta ja suoliston tasapainoa.    Kurkuma tunnetaan tulehdusta lievitt\u00e4vist\u00e4 ja ruoansulatusta tukevista ominaisuuksistaan.    Voi auttaa rauhoittamaan ruoansulatuskanavaa ja tukemaan mahalaukun ja suoliston terveytt\u00e4.    Puolikostea koostumus: helpompi pureskella ja sulattaa, sopii erityisesti herkk\u00e4vatsaisille tai vanhemmille koirille.    Kohtalainen kuitupitoisuus: tukee normaalia suoliston toimintaa ilman liiallista rasitusta.   Ainesosat: Viljat ja kasvipohjaiset tuotteet (1\u202f% sikurijauhe, 0,33\u202f% kurkuma), \u00f6ljyt ja rasvat, liha ja el\u00e4inper\u00e4iset tuotteet, propyleeniglykoli. Analyyttinen koostumus: Proteiini 11\u202f%, Rasva 5,6\u202f%, Tuhka 3,3\u202f%, Kuitu 1,1\u202f%, Kosteus 24\u202f%.","og_url":"https:\/\/miumjau.ee\/fi\/tuote\/pharmasentials-puolikosteat-herkut-gastro-125-g\/","og_site_name":"MiuMjau","article_publisher":"https:\/\/www.facebook.com\/miumjaupood\/","article_modified_time":"2026-01-07T20:41:08+00:00","og_image":[{"width":600,"height":800,"url":"https:\/\/miumjau.ee\/wp-content\/uploads\/2025\/12\/pharmasentials-maiused-koertele2.png","type":"image\/png"}],"twitter_card":"summary_large_image","schema":{"@context":"https:\/\/schema.org","@graph":[{"@type":"WebPage","@id":"https:\/\/miumjau.ee\/fi\/tuote\/pharmasentials-puolikosteat-herkut-gastro-125-g\/","url":"https:\/\/miumjau.ee\/fi\/tuote\/pharmasentials-puolikosteat-herkut-gastro-125-g\/","name":"Pharmasentials Puolikosteat Herkut Gastro 125\u202fg - MiuMjau","isPartOf":{"@id":"https:\/\/miumjau.ee\/#website"},"primaryImageOfPage":{"@id":"https:\/\/miumjau.ee\/fi\/tuote\/pharmasentials-puolikosteat-herkut-gastro-125-g\/#primaryimage"},"image":{"@id":"https:\/\/miumjau.ee\/fi\/tuote\/pharmasentials-puolikosteat-herkut-gastro-125-g\/#primaryimage"},"thumbnailUrl":"https:\/\/miumjau.ee\/wp-content\/uploads\/2025\/12\/pharmasentials-maiused-koertele2.png","datePublished":"2025-12-23T18:32:06+00:00","dateModified":"2026-01-07T20:41:08+00:00","breadcrumb":{"@id":"https:\/\/miumjau.ee\/fi\/tuote\/pharmasentials-puolikosteat-herkut-gastro-125-g\/#breadcrumb"},"inLanguage":"fi","potentialAction":[{"@type":"ReadAction","target":["https:\/\/miumjau.ee\/fi\/tuote\/pharmasentials-puolikosteat-herkut-gastro-125-g\/"]}]},{"@type":"ImageObject","inLanguage":"fi","@id":"https:\/\/miumjau.ee\/fi\/tuote\/pharmasentials-puolikosteat-herkut-gastro-125-g\/#primaryimage","url":"https:\/\/miumjau.ee\/wp-content\/uploads\/2025\/12\/pharmasentials-maiused-koertele2.png","contentUrl":"https:\/\/miumjau.ee\/wp-content\/uploads\/2025\/12\/pharmasentials-maiused-koertele2.png","width":600,"height":800,"caption":"Pharmasentials poolniisked maiused Gastro"},{"@type":"BreadcrumbList","@id":"https:\/\/miumjau.ee\/fi\/tuote\/pharmasentials-puolikosteat-herkut-gastro-125-g\/#breadcrumb","itemListElement":[{"@type":"ListItem","position":1,"name":"Home","item":"https:\/\/miumjau.ee\/fi\/"},{"@type":"ListItem","position":2,"name":"Kauppa","item":"https:\/\/miumjau.ee\/fi\/kauppa\/"},{"@type":"ListItem","position":3,"name":"Pharmasentials Puolikosteat Herkut Gastro 125\u202fg"}]},{"@type":"WebSite","@id":"https:\/\/miumjau.ee\/#website","url":"https:\/\/miumjau.ee\/","name":"MiuMjau","description":"Kraapimispuud kassidele","publisher":{"@id":"https:\/\/miumjau.ee\/#organization"},"potentialAction":[{"@type":"SearchAction","target":{"@type":"EntryPoint","urlTemplate":"https:\/\/miumjau.ee\/?s={search_term_string}"},"query-input":{"@type":"PropertyValueSpecification","valueRequired":true,"valueName":"search_term_string"}}],"inLanguage":"fi"},{"@type":"Organization","@id":"https:\/\/miumjau.ee\/#organization","name":"MiuMjau O\u00dc","url":"https:\/\/miumjau.ee\/","logo":{"@type":"ImageObject","inLanguage":"fi","@id":"https:\/\/miumjau.ee\/#\/schema\/logo\/image\/","url":"https:\/\/miumjau.ee\/wp-content\/uploads\/2022\/04\/MiuMjau-logo-kollane.png","contentUrl":"https:\/\/miumjau.ee\/wp-content\/uploads\/2022\/04\/MiuMjau-logo-kollane.png","width":219,"height":100,"caption":"MiuMjau O\u00dc"},"image":{"@id":"https:\/\/miumjau.ee\/#\/schema\/logo\/image\/"},"sameAs":["https:\/\/www.facebook.com\/miumjaupood\/"]}]}},"_links":{"self":[{"href":"https:\/\/miumjau.ee\/fi\/wp-json\/wp\/v2\/product\/51489","targetHints":{"allow":["GET"]}}],"collection":[{"href":"https:\/\/miumjau.ee\/fi\/wp-json\/wp\/v2\/product"}],"about":[{"href":"https:\/\/miumjau.ee\/fi\/wp-json\/wp\/v2\/types\/product"}],"wp:featuredmedia":[{"embeddable":true,"href":"https:\/\/miumjau.ee\/fi\/wp-json\/wp\/v2\/media\/49812"}],"wp:attachment":[{"href":"https:\/\/miumjau.ee\/fi\/wp-json\/wp\/v2\/media?parent=51489"}],"wp:term":[{"taxonomy":"product_brand","embeddable":true,"href":"https:\/\/miumjau.ee\/fi\/wp-json\/wp\/v2\/product_brand?post=51489"},{"taxonomy":"product_cat","embeddable":true,"href":"https:\/\/miumjau.ee\/fi\/wp-json\/wp\/v2\/product_cat?post=51489"},{"taxonomy":"product_tag","embeddable":true,"href":"https:\/\/miumjau.ee\/fi\/wp-json\/wp\/v2\/product_tag?post=51489"}],"curies":[{"name":"wp","href":"https:\/\/api.w.org\/{rel}","templated":true}]}}