{"id":51484,"date":"2026-01-05T15:46:21","date_gmt":"2026-01-05T13:46:21","guid":{"rendered":"https:\/\/miumjau.ee\/toode\/dr-malou-kylmakuivatetut-tikkumakeiset-koirille-48-g-6-kpl\/"},"modified":"2026-01-07T22:41:08","modified_gmt":"2026-01-07T20:41:08","slug":"dr-malou-kylmakuivatetut-tikkumakeiset-koirille-48-g-6-kpl","status":"publish","type":"product","link":"https:\/\/miumjau.ee\/fi\/tuote\/dr-malou-kylmakuivatetut-tikkumakeiset-koirille-48-g-6-kpl\/","title":{"rendered":"Dr Malou Kylm\u00e4kuivatetut tikkumakeiset koirille 48\u202fg, 6 kpl"},"content":{"rendered":"","protected":false},"excerpt":{"rendered":"<p data-start=\"2172\" data-end=\"2477\">Terveellinen herkku, joka tuo iloa ja tekemist\u00e4! \ud83c\udf6d<br data-start=\"2223\" data-end=\"2226\" \/>Etsitk\u00f6 tapaa palkita koiraasi terveellisell\u00e4, maukkaalla ja viihdytt\u00e4v\u00e4ll\u00e4 tavalla? Dr. Malou kylm\u00e4kuivatetut tikkumakeiset eiv\u00e4t ole tavallisia herkkuja \u2013 ne tekev\u00e4t palkitsemisesta yhteisen leikin ja tarjoavat koiralle mielenkiintoista tekemist\u00e4.<\/p>\n<p data-start=\"2479\" data-end=\"2687\">Makukokonaisuus sis\u00e4lt\u00e4\u00e4 kolme erilaista funktionaalista makua, jotka on valmistettu hell\u00e4varaisesti kylm\u00e4kuivaamalla, s\u00e4ilytt\u00e4en 100\u202f% luonnollisen maun ja kaikki arvokkaat ravintoaineet ilman lis\u00e4aineita.<\/p>\n<p data-start=\"2689\" data-end=\"2733\"><strong data-start=\"2689\" data-end=\"2731\">Miksi koirasi rakastaa n\u00e4it\u00e4 herkkuja:<\/strong><\/p>\n<ul data-start=\"2734\" data-end=\"3455\">\n<li data-start=\"2734\" data-end=\"2820\">\n<p data-start=\"2736\" data-end=\"2820\"><strong data-start=\"2736\" data-end=\"2761\">Korkea lihapitoisuus:<\/strong> Valmistettu 94\u202f% laadukkaasta kanasta ja kanan maksasta.<\/p>\n<\/li>\n<li data-start=\"2821\" data-end=\"3084\">\n<p data-start=\"2823\" data-end=\"2875\"><strong data-start=\"2823\" data-end=\"2873\">Kolme terveellist\u00e4 makua yhdess\u00e4 pakkauksessa:<\/strong><\/p>\n<ul data-start=\"2878\" data-end=\"3084\">\n<li data-start=\"2878\" data-end=\"2946\">\n<p data-start=\"2880\" data-end=\"2946\"><strong data-start=\"2880\" data-end=\"2893\">Kurpitsa:<\/strong> Tukee ruoansulatusta, rikas B- ja E-vitamiineista.<\/p>\n<\/li>\n<li data-start=\"2949\" data-end=\"3011\">\n<p data-start=\"2951\" data-end=\"3011\"><strong data-start=\"2951\" data-end=\"2964\">Mustikka:<\/strong> Tehokas luonnollinen antioksidanttien l\u00e4hde.<\/p>\n<\/li>\n<li data-start=\"3014\" data-end=\"3084\">\n<p data-start=\"3016\" data-end=\"3084\"><strong data-start=\"3016\" data-end=\"3028\">Karpalo:<\/strong> Tukee virtsateiden terveytt\u00e4 ja tarjoaa C-vitamiinia.<\/p>\n<\/li>\n<\/ul>\n<\/li>\n<li data-start=\"3085\" data-end=\"3298\">\n<p data-start=\"3087\" data-end=\"3298\"><strong data-start=\"3087\" data-end=\"3113\">Leikkis\u00e4 ja kehitt\u00e4v\u00e4:<\/strong> Nuoleminen ja pureskelu rauhoittavat koiraa ja tarjoavat tekemist\u00e4. Voit pit\u00e4\u00e4 tikkua k\u00e4dess\u00e4 vahvistaaksesi sidett\u00e4 lemmikkisi kanssa tai antaa rapean kiekon itsen\u00e4iseen nautintoon.<\/p>\n<\/li>\n<li data-start=\"3299\" data-end=\"3455\">\n<p data-start=\"3301\" data-end=\"3455\"><strong data-start=\"3301\" data-end=\"3334\">100\u202f% luonnollinen koostumus:<\/strong> Ei viljaa, lihajauhoa, sokeria, s\u00e4il\u00f6nt\u00e4aineita tai v\u00e4rej\u00e4. Tikku on valmistettu myrkytt\u00f6m\u00e4st\u00e4 paperista (ei sy\u00f6t\u00e4v\u00e4).<\/p>\n<\/li>\n<\/ul>\n<p data-start=\"3457\" data-end=\"3473\"><strong data-start=\"3457\" data-end=\"3471\">Ainesosat:<\/strong><\/p>\n<ul data-start=\"3474\" data-end=\"3885\">\n<li data-start=\"3474\" data-end=\"3611\">\n<p data-start=\"3476\" data-end=\"3611\"><strong data-start=\"3476\" data-end=\"3493\">Kurpitsamaku:<\/strong> Kylm\u00e4kuivattu kana 84\u202f%, kylm\u00e4kuivattu kananmaksa 10\u202f%, kuivattu kurpitsa 2,5\u202f%, jamssijauhe 3\u202f%, selluloosa 0,5\u202f%.<\/p>\n<\/li>\n<li data-start=\"3612\" data-end=\"3749\">\n<p data-start=\"3614\" data-end=\"3749\"><strong data-start=\"3614\" data-end=\"3631\">Mustikkamaku:<\/strong> Kylm\u00e4kuivattu kana 84\u202f%, kylm\u00e4kuivattu kananmaksa 10\u202f%, kuivattu mustikka 2,5\u202f%, jamssijauhe 3\u202f%, selluloosa 0,5\u202f%.<\/p>\n<\/li>\n<li data-start=\"3750\" data-end=\"3885\">\n<p data-start=\"3752\" data-end=\"3885\"><strong data-start=\"3752\" data-end=\"3768\">Karpalomaku:<\/strong> Kylm\u00e4kuivattu kana 84\u202f%, kylm\u00e4kuivattu kananmaksa 10\u202f%, kuivattu karpalo 2,5\u202f%, jamssijauhe 3\u202f%, selluloosa 0,5\u202f%.<\/p>\n<\/li>\n<\/ul>\n<p data-start=\"3887\" data-end=\"3935\">Luonnollisesti s\u00e4il\u00f6ttyn\u00e4 rosmariiniuutteella.<\/p>\n<p data-start=\"3937\" data-end=\"4097\"><strong data-start=\"3937\" data-end=\"3964\">Analyyttinen koostumus:<\/strong> Proteiini 72\u202f%; Rasva 10\u202f%; Kuitu 2\u202f%; Tuhka 6\u202f%; Kosteus 6\u202f%<br data-start=\"4026\" data-end=\"4029\" \/><strong data-start=\"4029\" data-end=\"4046\">Energia-arvo:<\/strong> 351 kcal\/100\u202fg (yksi 6\u202fg tikkumakeinen ~21\u202fkcal)<\/p>\n<p data-start=\"4099\" data-end=\"4254\"><strong data-start=\"4099\" data-end=\"4110\">K\u00e4ytt\u00f6:<\/strong> Tarjoa v\u00e4lipalana tai palkintona. Pakkaus sis\u00e4lt\u00e4\u00e4 6 kpl. Sopii kaikille roduille. Varmista, ett\u00e4 koiralla on aina raikasta vett\u00e4 saatavilla.<\/p>\n","protected":false},"featured_media":51232,"template":"","meta":[],"product_brand":[],"product_cat":[480],"product_tag":[],"class_list":{"0":"post-51484","1":"product","2":"type-product","3":"status-publish","4":"has-post-thumbnail","6":"product_cat-herkut-koirille","8":"first","9":"instock","10":"taxable","11":"shipping-taxable","12":"purchasable","13":"product-type-simple"},"yoast_head":"<!-- This site is optimized with the Yoast SEO plugin v27.2 - https:\/\/yoast.com\/product\/yoast-seo-wordpress\/ -->\n<title>Dr Malou Kylm\u00e4kuivatetut tikkumakeiset koirille 48\u202fg, 6 kpl - MiuMjau<\/title>\n<meta name=\"robots\" content=\"index, follow, max-snippet:-1, max-image-preview:large, max-video-preview:-1\" \/>\n<link rel=\"canonical\" href=\"https:\/\/miumjau.ee\/fi\/tuote\/dr-malou-kylmakuivatetut-tikkumakeiset-koirille-48-g-6-kpl\/\" \/>\n<meta property=\"og:locale\" content=\"fi_FI\" \/>\n<meta property=\"og:type\" content=\"article\" \/>\n<meta property=\"og:title\" content=\"Dr Malou Kylm\u00e4kuivatetut tikkumakeiset koirille 48\u202fg, 6 kpl - MiuMjau\" \/>\n<meta property=\"og:description\" content=\"Terveellinen herkku, joka tuo iloa ja tekemist\u00e4! \ud83c\udf6dEtsitk\u00f6 tapaa palkita koiraasi terveellisell\u00e4, maukkaalla ja viihdytt\u00e4v\u00e4ll\u00e4 tavalla? Dr. Malou kylm\u00e4kuivatetut tikkumakeiset eiv\u00e4t ole tavallisia herkkuja \u2013 ne tekev\u00e4t palkitsemisesta yhteisen leikin ja tarjoavat koiralle mielenkiintoista tekemist\u00e4. Makukokonaisuus sis\u00e4lt\u00e4\u00e4 kolme erilaista funktionaalista makua, jotka on valmistettu hell\u00e4varaisesti kylm\u00e4kuivaamalla, s\u00e4ilytt\u00e4en 100\u202f% luonnollisen maun ja kaikki arvokkaat ravintoaineet ilman lis\u00e4aineita. Miksi koirasi rakastaa n\u00e4it\u00e4 herkkuja:     Korkea lihapitoisuus: Valmistettu 94\u202f% laadukkaasta kanasta ja kanan maksasta.    Kolme terveellist\u00e4 makua yhdess\u00e4 pakkauksessa:     Kurpitsa: Tukee ruoansulatusta, rikas B- ja E-vitamiineista.    Mustikka: Tehokas luonnollinen antioksidanttien l\u00e4hde.    Karpalo: Tukee virtsateiden terveytt\u00e4 ja tarjoaa C-vitamiinia.      Leikkis\u00e4 ja kehitt\u00e4v\u00e4: Nuoleminen ja pureskelu rauhoittavat koiraa ja tarjoavat tekemist\u00e4. Voit pit\u00e4\u00e4 tikkua k\u00e4dess\u00e4 vahvistaaksesi sidett\u00e4 lemmikkisi kanssa tai antaa rapean kiekon itsen\u00e4iseen nautintoon.    100\u202f% luonnollinen koostumus: Ei viljaa, lihajauhoa, sokeria, s\u00e4il\u00f6nt\u00e4aineita tai v\u00e4rej\u00e4. Tikku on valmistettu myrkytt\u00f6m\u00e4st\u00e4 paperista (ei sy\u00f6t\u00e4v\u00e4).   Ainesosat:     Kurpitsamaku: Kylm\u00e4kuivattu kana 84\u202f%, kylm\u00e4kuivattu kananmaksa 10\u202f%, kuivattu kurpitsa 2,5\u202f%, jamssijauhe 3\u202f%, selluloosa 0,5\u202f%.    Mustikkamaku: Kylm\u00e4kuivattu kana 84\u202f%, kylm\u00e4kuivattu kananmaksa 10\u202f%, kuivattu mustikka 2,5\u202f%, jamssijauhe 3\u202f%, selluloosa 0,5\u202f%.    Karpalomaku: Kylm\u00e4kuivattu kana 84\u202f%, kylm\u00e4kuivattu kananmaksa 10\u202f%, kuivattu karpalo 2,5\u202f%, jamssijauhe 3\u202f%, selluloosa 0,5\u202f%.   Luonnollisesti s\u00e4il\u00f6ttyn\u00e4 rosmariiniuutteella. Analyyttinen koostumus: Proteiini 72\u202f%; Rasva 10\u202f%; Kuitu 2\u202f%; Tuhka 6\u202f%; Kosteus 6\u202f%Energia-arvo: 351 kcal\/100\u202fg (yksi 6\u202fg tikkumakeinen ~21\u202fkcal) K\u00e4ytt\u00f6: Tarjoa v\u00e4lipalana tai palkintona. Pakkaus sis\u00e4lt\u00e4\u00e4 6 kpl. Sopii kaikille roduille. Varmista, ett\u00e4 koiralla on aina raikasta vett\u00e4 saatavilla.\" \/>\n<meta property=\"og:url\" content=\"https:\/\/miumjau.ee\/fi\/tuote\/dr-malou-kylmakuivatetut-tikkumakeiset-koirille-48-g-6-kpl\/\" \/>\n<meta property=\"og:site_name\" content=\"MiuMjau\" \/>\n<meta property=\"article:publisher\" content=\"https:\/\/www.facebook.com\/miumjaupood\/\" \/>\n<meta property=\"article:modified_time\" content=\"2026-01-07T20:41:08+00:00\" \/>\n<meta property=\"og:image\" content=\"https:\/\/miumjau.ee\/wp-content\/uploads\/2026\/01\/koeramaiused-kulmkuivatatud5.jpg\" \/>\n\t<meta property=\"og:image:width\" content=\"600\" \/>\n\t<meta property=\"og:image:height\" content=\"800\" \/>\n\t<meta property=\"og:image:type\" content=\"image\/jpeg\" \/>\n<meta name=\"twitter:card\" content=\"summary_large_image\" \/>\n<script type=\"application\/ld+json\" class=\"yoast-schema-graph\">{\"@context\":\"https:\/\/schema.org\",\"@graph\":[{\"@type\":\"WebPage\",\"@id\":\"https:\/\/miumjau.ee\/fi\/tuote\/dr-malou-kylmakuivatetut-tikkumakeiset-koirille-48-g-6-kpl\/\",\"url\":\"https:\/\/miumjau.ee\/fi\/tuote\/dr-malou-kylmakuivatetut-tikkumakeiset-koirille-48-g-6-kpl\/\",\"name\":\"Dr Malou Kylm\u00e4kuivatetut tikkumakeiset koirille 48\u202fg, 6 kpl - MiuMjau\",\"isPartOf\":{\"@id\":\"https:\/\/miumjau.ee\/#website\"},\"primaryImageOfPage\":{\"@id\":\"https:\/\/miumjau.ee\/fi\/tuote\/dr-malou-kylmakuivatetut-tikkumakeiset-koirille-48-g-6-kpl\/#primaryimage\"},\"image\":{\"@id\":\"https:\/\/miumjau.ee\/fi\/tuote\/dr-malou-kylmakuivatetut-tikkumakeiset-koirille-48-g-6-kpl\/#primaryimage\"},\"thumbnailUrl\":\"https:\/\/miumjau.ee\/wp-content\/uploads\/2026\/01\/koeramaiused-kulmkuivatatud5.jpg\",\"datePublished\":\"2026-01-05T13:46:21+00:00\",\"dateModified\":\"2026-01-07T20:41:08+00:00\",\"breadcrumb\":{\"@id\":\"https:\/\/miumjau.ee\/fi\/tuote\/dr-malou-kylmakuivatetut-tikkumakeiset-koirille-48-g-6-kpl\/#breadcrumb\"},\"inLanguage\":\"fi\",\"potentialAction\":[{\"@type\":\"ReadAction\",\"target\":[\"https:\/\/miumjau.ee\/fi\/tuote\/dr-malou-kylmakuivatetut-tikkumakeiset-koirille-48-g-6-kpl\/\"]}]},{\"@type\":\"ImageObject\",\"inLanguage\":\"fi\",\"@id\":\"https:\/\/miumjau.ee\/fi\/tuote\/dr-malou-kylmakuivatetut-tikkumakeiset-koirille-48-g-6-kpl\/#primaryimage\",\"url\":\"https:\/\/miumjau.ee\/wp-content\/uploads\/2026\/01\/koeramaiused-kulmkuivatatud5.jpg\",\"contentUrl\":\"https:\/\/miumjau.ee\/wp-content\/uploads\/2026\/01\/koeramaiused-kulmkuivatatud5.jpg\",\"width\":600,\"height\":800,\"caption\":\"Dr Malou k\u00fclmkuivatatud pulgakommid koerale 48g, 6tk\"},{\"@type\":\"BreadcrumbList\",\"@id\":\"https:\/\/miumjau.ee\/fi\/tuote\/dr-malou-kylmakuivatetut-tikkumakeiset-koirille-48-g-6-kpl\/#breadcrumb\",\"itemListElement\":[{\"@type\":\"ListItem\",\"position\":1,\"name\":\"Home\",\"item\":\"https:\/\/miumjau.ee\/fi\/\"},{\"@type\":\"ListItem\",\"position\":2,\"name\":\"Kauppa\",\"item\":\"https:\/\/miumjau.ee\/fi\/kauppa\/\"},{\"@type\":\"ListItem\",\"position\":3,\"name\":\"Dr Malou Kylm\u00e4kuivatetut tikkumakeiset koirille 48\u202fg, 6 kpl\"}]},{\"@type\":\"WebSite\",\"@id\":\"https:\/\/miumjau.ee\/#website\",\"url\":\"https:\/\/miumjau.ee\/\",\"name\":\"MiuMjau\",\"description\":\"Kraapimispuud kassidele\",\"publisher\":{\"@id\":\"https:\/\/miumjau.ee\/#organization\"},\"potentialAction\":[{\"@type\":\"SearchAction\",\"target\":{\"@type\":\"EntryPoint\",\"urlTemplate\":\"https:\/\/miumjau.ee\/?s={search_term_string}\"},\"query-input\":{\"@type\":\"PropertyValueSpecification\",\"valueRequired\":true,\"valueName\":\"search_term_string\"}}],\"inLanguage\":\"fi\"},{\"@type\":\"Organization\",\"@id\":\"https:\/\/miumjau.ee\/#organization\",\"name\":\"MiuMjau O\u00dc\",\"url\":\"https:\/\/miumjau.ee\/\",\"logo\":{\"@type\":\"ImageObject\",\"inLanguage\":\"fi\",\"@id\":\"https:\/\/miumjau.ee\/#\/schema\/logo\/image\/\",\"url\":\"https:\/\/miumjau.ee\/wp-content\/uploads\/2022\/04\/MiuMjau-logo-kollane.png\",\"contentUrl\":\"https:\/\/miumjau.ee\/wp-content\/uploads\/2022\/04\/MiuMjau-logo-kollane.png\",\"width\":219,\"height\":100,\"caption\":\"MiuMjau O\u00dc\"},\"image\":{\"@id\":\"https:\/\/miumjau.ee\/#\/schema\/logo\/image\/\"},\"sameAs\":[\"https:\/\/www.facebook.com\/miumjaupood\/\"]}]}<\/script>\n<!-- \/ Yoast SEO plugin. -->","yoast_head_json":{"title":"Dr Malou Kylm\u00e4kuivatetut tikkumakeiset koirille 48\u202fg, 6 kpl - MiuMjau","robots":{"index":"index","follow":"follow","max-snippet":"max-snippet:-1","max-image-preview":"max-image-preview:large","max-video-preview":"max-video-preview:-1"},"canonical":"https:\/\/miumjau.ee\/fi\/tuote\/dr-malou-kylmakuivatetut-tikkumakeiset-koirille-48-g-6-kpl\/","og_locale":"fi_FI","og_type":"article","og_title":"Dr Malou Kylm\u00e4kuivatetut tikkumakeiset koirille 48\u202fg, 6 kpl - MiuMjau","og_description":"Terveellinen herkku, joka tuo iloa ja tekemist\u00e4! \ud83c\udf6dEtsitk\u00f6 tapaa palkita koiraasi terveellisell\u00e4, maukkaalla ja viihdytt\u00e4v\u00e4ll\u00e4 tavalla? Dr. Malou kylm\u00e4kuivatetut tikkumakeiset eiv\u00e4t ole tavallisia herkkuja \u2013 ne tekev\u00e4t palkitsemisesta yhteisen leikin ja tarjoavat koiralle mielenkiintoista tekemist\u00e4. Makukokonaisuus sis\u00e4lt\u00e4\u00e4 kolme erilaista funktionaalista makua, jotka on valmistettu hell\u00e4varaisesti kylm\u00e4kuivaamalla, s\u00e4ilytt\u00e4en 100\u202f% luonnollisen maun ja kaikki arvokkaat ravintoaineet ilman lis\u00e4aineita. Miksi koirasi rakastaa n\u00e4it\u00e4 herkkuja:     Korkea lihapitoisuus: Valmistettu 94\u202f% laadukkaasta kanasta ja kanan maksasta.    Kolme terveellist\u00e4 makua yhdess\u00e4 pakkauksessa:     Kurpitsa: Tukee ruoansulatusta, rikas B- ja E-vitamiineista.    Mustikka: Tehokas luonnollinen antioksidanttien l\u00e4hde.    Karpalo: Tukee virtsateiden terveytt\u00e4 ja tarjoaa C-vitamiinia.      Leikkis\u00e4 ja kehitt\u00e4v\u00e4: Nuoleminen ja pureskelu rauhoittavat koiraa ja tarjoavat tekemist\u00e4. Voit pit\u00e4\u00e4 tikkua k\u00e4dess\u00e4 vahvistaaksesi sidett\u00e4 lemmikkisi kanssa tai antaa rapean kiekon itsen\u00e4iseen nautintoon.    100\u202f% luonnollinen koostumus: Ei viljaa, lihajauhoa, sokeria, s\u00e4il\u00f6nt\u00e4aineita tai v\u00e4rej\u00e4. Tikku on valmistettu myrkytt\u00f6m\u00e4st\u00e4 paperista (ei sy\u00f6t\u00e4v\u00e4).   Ainesosat:     Kurpitsamaku: Kylm\u00e4kuivattu kana 84\u202f%, kylm\u00e4kuivattu kananmaksa 10\u202f%, kuivattu kurpitsa 2,5\u202f%, jamssijauhe 3\u202f%, selluloosa 0,5\u202f%.    Mustikkamaku: Kylm\u00e4kuivattu kana 84\u202f%, kylm\u00e4kuivattu kananmaksa 10\u202f%, kuivattu mustikka 2,5\u202f%, jamssijauhe 3\u202f%, selluloosa 0,5\u202f%.    Karpalomaku: Kylm\u00e4kuivattu kana 84\u202f%, kylm\u00e4kuivattu kananmaksa 10\u202f%, kuivattu karpalo 2,5\u202f%, jamssijauhe 3\u202f%, selluloosa 0,5\u202f%.   Luonnollisesti s\u00e4il\u00f6ttyn\u00e4 rosmariiniuutteella. Analyyttinen koostumus: Proteiini 72\u202f%; Rasva 10\u202f%; Kuitu 2\u202f%; Tuhka 6\u202f%; Kosteus 6\u202f%Energia-arvo: 351 kcal\/100\u202fg (yksi 6\u202fg tikkumakeinen ~21\u202fkcal) K\u00e4ytt\u00f6: Tarjoa v\u00e4lipalana tai palkintona. Pakkaus sis\u00e4lt\u00e4\u00e4 6 kpl. Sopii kaikille roduille. Varmista, ett\u00e4 koiralla on aina raikasta vett\u00e4 saatavilla.","og_url":"https:\/\/miumjau.ee\/fi\/tuote\/dr-malou-kylmakuivatetut-tikkumakeiset-koirille-48-g-6-kpl\/","og_site_name":"MiuMjau","article_publisher":"https:\/\/www.facebook.com\/miumjaupood\/","article_modified_time":"2026-01-07T20:41:08+00:00","og_image":[{"width":600,"height":800,"url":"https:\/\/miumjau.ee\/wp-content\/uploads\/2026\/01\/koeramaiused-kulmkuivatatud5.jpg","type":"image\/jpeg"}],"twitter_card":"summary_large_image","schema":{"@context":"https:\/\/schema.org","@graph":[{"@type":"WebPage","@id":"https:\/\/miumjau.ee\/fi\/tuote\/dr-malou-kylmakuivatetut-tikkumakeiset-koirille-48-g-6-kpl\/","url":"https:\/\/miumjau.ee\/fi\/tuote\/dr-malou-kylmakuivatetut-tikkumakeiset-koirille-48-g-6-kpl\/","name":"Dr Malou Kylm\u00e4kuivatetut tikkumakeiset koirille 48\u202fg, 6 kpl - MiuMjau","isPartOf":{"@id":"https:\/\/miumjau.ee\/#website"},"primaryImageOfPage":{"@id":"https:\/\/miumjau.ee\/fi\/tuote\/dr-malou-kylmakuivatetut-tikkumakeiset-koirille-48-g-6-kpl\/#primaryimage"},"image":{"@id":"https:\/\/miumjau.ee\/fi\/tuote\/dr-malou-kylmakuivatetut-tikkumakeiset-koirille-48-g-6-kpl\/#primaryimage"},"thumbnailUrl":"https:\/\/miumjau.ee\/wp-content\/uploads\/2026\/01\/koeramaiused-kulmkuivatatud5.jpg","datePublished":"2026-01-05T13:46:21+00:00","dateModified":"2026-01-07T20:41:08+00:00","breadcrumb":{"@id":"https:\/\/miumjau.ee\/fi\/tuote\/dr-malou-kylmakuivatetut-tikkumakeiset-koirille-48-g-6-kpl\/#breadcrumb"},"inLanguage":"fi","potentialAction":[{"@type":"ReadAction","target":["https:\/\/miumjau.ee\/fi\/tuote\/dr-malou-kylmakuivatetut-tikkumakeiset-koirille-48-g-6-kpl\/"]}]},{"@type":"ImageObject","inLanguage":"fi","@id":"https:\/\/miumjau.ee\/fi\/tuote\/dr-malou-kylmakuivatetut-tikkumakeiset-koirille-48-g-6-kpl\/#primaryimage","url":"https:\/\/miumjau.ee\/wp-content\/uploads\/2026\/01\/koeramaiused-kulmkuivatatud5.jpg","contentUrl":"https:\/\/miumjau.ee\/wp-content\/uploads\/2026\/01\/koeramaiused-kulmkuivatatud5.jpg","width":600,"height":800,"caption":"Dr Malou k\u00fclmkuivatatud pulgakommid koerale 48g, 6tk"},{"@type":"BreadcrumbList","@id":"https:\/\/miumjau.ee\/fi\/tuote\/dr-malou-kylmakuivatetut-tikkumakeiset-koirille-48-g-6-kpl\/#breadcrumb","itemListElement":[{"@type":"ListItem","position":1,"name":"Home","item":"https:\/\/miumjau.ee\/fi\/"},{"@type":"ListItem","position":2,"name":"Kauppa","item":"https:\/\/miumjau.ee\/fi\/kauppa\/"},{"@type":"ListItem","position":3,"name":"Dr Malou Kylm\u00e4kuivatetut tikkumakeiset koirille 48\u202fg, 6 kpl"}]},{"@type":"WebSite","@id":"https:\/\/miumjau.ee\/#website","url":"https:\/\/miumjau.ee\/","name":"MiuMjau","description":"Kraapimispuud kassidele","publisher":{"@id":"https:\/\/miumjau.ee\/#organization"},"potentialAction":[{"@type":"SearchAction","target":{"@type":"EntryPoint","urlTemplate":"https:\/\/miumjau.ee\/?s={search_term_string}"},"query-input":{"@type":"PropertyValueSpecification","valueRequired":true,"valueName":"search_term_string"}}],"inLanguage":"fi"},{"@type":"Organization","@id":"https:\/\/miumjau.ee\/#organization","name":"MiuMjau O\u00dc","url":"https:\/\/miumjau.ee\/","logo":{"@type":"ImageObject","inLanguage":"fi","@id":"https:\/\/miumjau.ee\/#\/schema\/logo\/image\/","url":"https:\/\/miumjau.ee\/wp-content\/uploads\/2022\/04\/MiuMjau-logo-kollane.png","contentUrl":"https:\/\/miumjau.ee\/wp-content\/uploads\/2022\/04\/MiuMjau-logo-kollane.png","width":219,"height":100,"caption":"MiuMjau O\u00dc"},"image":{"@id":"https:\/\/miumjau.ee\/#\/schema\/logo\/image\/"},"sameAs":["https:\/\/www.facebook.com\/miumjaupood\/"]}]}},"_links":{"self":[{"href":"https:\/\/miumjau.ee\/fi\/wp-json\/wp\/v2\/product\/51484","targetHints":{"allow":["GET"]}}],"collection":[{"href":"https:\/\/miumjau.ee\/fi\/wp-json\/wp\/v2\/product"}],"about":[{"href":"https:\/\/miumjau.ee\/fi\/wp-json\/wp\/v2\/types\/product"}],"wp:featuredmedia":[{"embeddable":true,"href":"https:\/\/miumjau.ee\/fi\/wp-json\/wp\/v2\/media\/51232"}],"wp:attachment":[{"href":"https:\/\/miumjau.ee\/fi\/wp-json\/wp\/v2\/media?parent=51484"}],"wp:term":[{"taxonomy":"product_brand","embeddable":true,"href":"https:\/\/miumjau.ee\/fi\/wp-json\/wp\/v2\/product_brand?post=51484"},{"taxonomy":"product_cat","embeddable":true,"href":"https:\/\/miumjau.ee\/fi\/wp-json\/wp\/v2\/product_cat?post=51484"},{"taxonomy":"product_tag","embeddable":true,"href":"https:\/\/miumjau.ee\/fi\/wp-json\/wp\/v2\/product_tag?post=51484"}],"curies":[{"name":"wp","href":"https:\/\/api.w.org\/{rel}","templated":true}]}}