{"id":51460,"date":"2025-05-20T17:09:22","date_gmt":"2025-05-20T14:09:22","guid":{"rendered":"https:\/\/miumjau.ee\/toode\/magnum-kylmapuristettu-penturuoka-iberian-porsas-kana-merikala-12-kg\/"},"modified":"2026-01-07T22:41:15","modified_gmt":"2026-01-07T20:41:15","slug":"magnum-kylmapuristettu-penturuoka-iberian-porsas-kana-merikala-12-kg","status":"publish","type":"product","link":"https:\/\/miumjau.ee\/fi\/tuote\/magnum-kylmapuristettu-penturuoka-iberian-porsas-kana-merikala-12-kg\/","title":{"rendered":"Magnum kylm\u00e4puristettu penturuoka \u2013 Iberian porsas, kana &#038; merikala 12 kg"},"content":{"rendered":"","protected":false},"excerpt":{"rendered":"<p data-start=\"2200\" data-end=\"2392\">Magnum Dog Food Iberian Pork Puppy &amp; Junior. Kylm\u00e4puristettu t\u00e4ysravinto pennuille (4\u201315 kk) tuoreesta iberian porsaanlihasta (puolivilli rotu), merikalasta ja vapaasti kasvatetusta kanasta.<\/p>\n<p data-start=\"2394\" data-end=\"2559\">Kylm\u00e4puristettu ruoka on l\u00e4himp\u00e4n\u00e4 raakaruokaa ja sopii k\u00e4ytett\u00e4v\u00e4ksi yhdess\u00e4 raakaruokinnan kanssa. Ei turpoa vatsassa ja auttaa ehk\u00e4isem\u00e4\u00e4n mahalaukun kiertym\u00e4\u00e4.<\/p>\n<p data-start=\"2561\" data-end=\"2962\">Gluteeniton. Ei sis\u00e4ll\u00e4 lihajauhoa, keinotekoisia maku- tai v\u00e4riaineita. Ei lis\u00e4ttyj\u00e4 rasvoja, vitamiineja tai kivenn\u00e4isaineita \u2013 100 % luonnollinen koostumus. Helposti sulava ja sopii pennuille, joilla on ruoka-aineherkkyyksi\u00e4. Ei sis\u00e4ll\u00e4 soijaa, vehn\u00e4\u00e4 tai maissia.<br data-start=\"2828\" data-end=\"2831\" \/>T\u00e4ysjyv\u00e4inen ruskea riisi ei ole teollisesti prosessoitu ja sis\u00e4lt\u00e4\u00e4 enemm\u00e4n ravintoaineita ja kuitua, mik\u00e4 tukee ruoansulatusta.<\/p>\n<ul data-start=\"2964\" data-end=\"3113\">\n<li data-start=\"2964\" data-end=\"3005\">\n<p data-start=\"2966\" data-end=\"3005\">Kurkuma \u2013 luonnollinen antioksidantti<\/p>\n<\/li>\n<li data-start=\"3006\" data-end=\"3041\">\n<p data-start=\"3008\" data-end=\"3041\">Oluthiiva \u2013 B-vitamiinien l\u00e4hde<\/p>\n<\/li>\n<li data-start=\"3042\" data-end=\"3113\">\n<p data-start=\"3044\" data-end=\"3113\">Punajuuri \u2013 luonnollinen antioksidantti, foolihapon ja raudan l\u00e4hde<\/p>\n<\/li>\n<\/ul>\n<p data-start=\"3115\" data-end=\"3389\">Iberian porsaat ovat puolivilli rotu, ravinnokseen p\u00e4\u00e4asiassa tammenterhoja, ruohoa ja yrttej\u00e4. Vapaasti kasvatettu liha on terveellisemp\u00e4\u00e4 ja sis\u00e4lt\u00e4\u00e4 tyydyttym\u00e4tt\u00f6mi\u00e4 rasvahappoja. Kana tulee vapaasti kasvatettujen kanojen tiloilta. Merikala tulee Atlantin valtamerest\u00e4.<\/p>\n<p data-start=\"3391\" data-end=\"3582\"><strong data-start=\"3391\" data-end=\"3405\">Koostumus:<\/strong> Iberian porsaanliha 30 %, kana 34 %, merikala 8 %, t\u00e4ysjyv\u00e4riisi, punajuuri, oluthiiva, kumina, kurkuma. Ei sis\u00e4ll\u00e4 keinotekoisia maku- tai v\u00e4riaineita eik\u00e4 antioksidantteja.<\/p>\n<p data-start=\"3584\" data-end=\"3700\"><strong data-start=\"3584\" data-end=\"3611\">Analyyttinen koostumus:<\/strong> raakavalkuainen 28 %, raakakuitu 2 %, raakarasva 16,5 %, raakatuhka 7 %, kosteus 18 %.<\/p>\n<p data-start=\"3702\" data-end=\"3754\">Valmistaja: Tenesco s.r.o., T\u0161ekki. Alkuper\u00e4maa: EU.<\/p>\n","protected":false},"featured_media":35428,"template":"","meta":[],"product_brand":[],"product_cat":[478],"product_tag":[],"class_list":{"0":"post-51460","1":"product","2":"type-product","3":"status-publish","4":"has-post-thumbnail","6":"product_cat-kuivaruoka-koirille","8":"first","9":"instock","10":"sale","11":"taxable","12":"shipping-taxable","13":"purchasable","14":"product-type-simple"},"yoast_head":"<!-- This site is optimized with the Yoast SEO plugin v27.2 - https:\/\/yoast.com\/product\/yoast-seo-wordpress\/ -->\n<title>Magnum kylm\u00e4puristettu penturuoka \u2013 Iberian porsas, kana &amp; merikala 12 kg - MiuMjau<\/title>\n<meta name=\"robots\" content=\"index, follow, max-snippet:-1, max-image-preview:large, max-video-preview:-1\" \/>\n<link rel=\"canonical\" href=\"https:\/\/miumjau.ee\/fi\/tuote\/magnum-kylmapuristettu-penturuoka-iberian-porsas-kana-merikala-12-kg\/\" \/>\n<meta property=\"og:locale\" content=\"fi_FI\" \/>\n<meta property=\"og:type\" content=\"article\" \/>\n<meta property=\"og:title\" content=\"Magnum kylm\u00e4puristettu penturuoka \u2013 Iberian porsas, kana &amp; merikala 12 kg - MiuMjau\" \/>\n<meta property=\"og:description\" content=\"Magnum Dog Food Iberian Pork Puppy &amp; Junior. Kylm\u00e4puristettu t\u00e4ysravinto pennuille (4\u201315 kk) tuoreesta iberian porsaanlihasta (puolivilli rotu), merikalasta ja vapaasti kasvatetusta kanasta. Kylm\u00e4puristettu ruoka on l\u00e4himp\u00e4n\u00e4 raakaruokaa ja sopii k\u00e4ytett\u00e4v\u00e4ksi yhdess\u00e4 raakaruokinnan kanssa. Ei turpoa vatsassa ja auttaa ehk\u00e4isem\u00e4\u00e4n mahalaukun kiertym\u00e4\u00e4. Gluteeniton. Ei sis\u00e4ll\u00e4 lihajauhoa, keinotekoisia maku- tai v\u00e4riaineita. Ei lis\u00e4ttyj\u00e4 rasvoja, vitamiineja tai kivenn\u00e4isaineita \u2013 100 % luonnollinen koostumus. Helposti sulava ja sopii pennuille, joilla on ruoka-aineherkkyyksi\u00e4. Ei sis\u00e4ll\u00e4 soijaa, vehn\u00e4\u00e4 tai maissia.T\u00e4ysjyv\u00e4inen ruskea riisi ei ole teollisesti prosessoitu ja sis\u00e4lt\u00e4\u00e4 enemm\u00e4n ravintoaineita ja kuitua, mik\u00e4 tukee ruoansulatusta.     Kurkuma \u2013 luonnollinen antioksidantti    Oluthiiva \u2013 B-vitamiinien l\u00e4hde    Punajuuri \u2013 luonnollinen antioksidantti, foolihapon ja raudan l\u00e4hde   Iberian porsaat ovat puolivilli rotu, ravinnokseen p\u00e4\u00e4asiassa tammenterhoja, ruohoa ja yrttej\u00e4. Vapaasti kasvatettu liha on terveellisemp\u00e4\u00e4 ja sis\u00e4lt\u00e4\u00e4 tyydyttym\u00e4tt\u00f6mi\u00e4 rasvahappoja. Kana tulee vapaasti kasvatettujen kanojen tiloilta. Merikala tulee Atlantin valtamerest\u00e4. Koostumus: Iberian porsaanliha 30 %, kana 34 %, merikala 8 %, t\u00e4ysjyv\u00e4riisi, punajuuri, oluthiiva, kumina, kurkuma. Ei sis\u00e4ll\u00e4 keinotekoisia maku- tai v\u00e4riaineita eik\u00e4 antioksidantteja. Analyyttinen koostumus: raakavalkuainen 28 %, raakakuitu 2 %, raakarasva 16,5 %, raakatuhka 7 %, kosteus 18 %. Valmistaja: Tenesco s.r.o., T\u0161ekki. Alkuper\u00e4maa: EU.\" \/>\n<meta property=\"og:url\" content=\"https:\/\/miumjau.ee\/fi\/tuote\/magnum-kylmapuristettu-penturuoka-iberian-porsas-kana-merikala-12-kg\/\" \/>\n<meta property=\"og:site_name\" content=\"MiuMjau\" \/>\n<meta property=\"article:publisher\" content=\"https:\/\/www.facebook.com\/miumjaupood\/\" \/>\n<meta property=\"article:modified_time\" content=\"2026-01-07T20:41:15+00:00\" \/>\n<meta property=\"og:image\" content=\"https:\/\/miumjau.ee\/wp-content\/uploads\/2025\/05\/magnum-kulmpressitud-koeratoit6.webp\" \/>\n\t<meta property=\"og:image:width\" content=\"600\" \/>\n\t<meta property=\"og:image:height\" content=\"800\" \/>\n\t<meta property=\"og:image:type\" content=\"image\/webp\" \/>\n<meta name=\"twitter:card\" content=\"summary_large_image\" \/>\n<script type=\"application\/ld+json\" class=\"yoast-schema-graph\">{\"@context\":\"https:\/\/schema.org\",\"@graph\":[{\"@type\":\"WebPage\",\"@id\":\"https:\/\/miumjau.ee\/fi\/tuote\/magnum-kylmapuristettu-penturuoka-iberian-porsas-kana-merikala-12-kg\/\",\"url\":\"https:\/\/miumjau.ee\/fi\/tuote\/magnum-kylmapuristettu-penturuoka-iberian-porsas-kana-merikala-12-kg\/\",\"name\":\"Magnum kylm\u00e4puristettu penturuoka \u2013 Iberian porsas, kana & merikala 12 kg - MiuMjau\",\"isPartOf\":{\"@id\":\"https:\/\/miumjau.ee\/#website\"},\"primaryImageOfPage\":{\"@id\":\"https:\/\/miumjau.ee\/fi\/tuote\/magnum-kylmapuristettu-penturuoka-iberian-porsas-kana-merikala-12-kg\/#primaryimage\"},\"image\":{\"@id\":\"https:\/\/miumjau.ee\/fi\/tuote\/magnum-kylmapuristettu-penturuoka-iberian-porsas-kana-merikala-12-kg\/#primaryimage\"},\"thumbnailUrl\":\"https:\/\/miumjau.ee\/wp-content\/uploads\/2025\/05\/magnum-kulmpressitud-koeratoit6.webp\",\"datePublished\":\"2025-05-20T14:09:22+00:00\",\"dateModified\":\"2026-01-07T20:41:15+00:00\",\"breadcrumb\":{\"@id\":\"https:\/\/miumjau.ee\/fi\/tuote\/magnum-kylmapuristettu-penturuoka-iberian-porsas-kana-merikala-12-kg\/#breadcrumb\"},\"inLanguage\":\"fi\",\"potentialAction\":[{\"@type\":\"ReadAction\",\"target\":[\"https:\/\/miumjau.ee\/fi\/tuote\/magnum-kylmapuristettu-penturuoka-iberian-porsas-kana-merikala-12-kg\/\"]}]},{\"@type\":\"ImageObject\",\"inLanguage\":\"fi\",\"@id\":\"https:\/\/miumjau.ee\/fi\/tuote\/magnum-kylmapuristettu-penturuoka-iberian-porsas-kana-merikala-12-kg\/#primaryimage\",\"url\":\"https:\/\/miumjau.ee\/wp-content\/uploads\/2025\/05\/magnum-kulmpressitud-koeratoit6.webp\",\"contentUrl\":\"https:\/\/miumjau.ee\/wp-content\/uploads\/2025\/05\/magnum-kulmpressitud-koeratoit6.webp\",\"width\":600,\"height\":800,\"caption\":\"Magnum kutsikatoit k\u00fclmpressitud Ibeeria siga\/kana\/kala 12 kg\"},{\"@type\":\"BreadcrumbList\",\"@id\":\"https:\/\/miumjau.ee\/fi\/tuote\/magnum-kylmapuristettu-penturuoka-iberian-porsas-kana-merikala-12-kg\/#breadcrumb\",\"itemListElement\":[{\"@type\":\"ListItem\",\"position\":1,\"name\":\"Home\",\"item\":\"https:\/\/miumjau.ee\/fi\/\"},{\"@type\":\"ListItem\",\"position\":2,\"name\":\"Kauppa\",\"item\":\"https:\/\/miumjau.ee\/fi\/kauppa\/\"},{\"@type\":\"ListItem\",\"position\":3,\"name\":\"Magnum kylm\u00e4puristettu penturuoka \u2013 Iberian porsas, kana &#038; merikala 12 kg\"}]},{\"@type\":\"WebSite\",\"@id\":\"https:\/\/miumjau.ee\/#website\",\"url\":\"https:\/\/miumjau.ee\/\",\"name\":\"MiuMjau\",\"description\":\"Kraapimispuud kassidele\",\"publisher\":{\"@id\":\"https:\/\/miumjau.ee\/#organization\"},\"potentialAction\":[{\"@type\":\"SearchAction\",\"target\":{\"@type\":\"EntryPoint\",\"urlTemplate\":\"https:\/\/miumjau.ee\/?s={search_term_string}\"},\"query-input\":{\"@type\":\"PropertyValueSpecification\",\"valueRequired\":true,\"valueName\":\"search_term_string\"}}],\"inLanguage\":\"fi\"},{\"@type\":\"Organization\",\"@id\":\"https:\/\/miumjau.ee\/#organization\",\"name\":\"MiuMjau O\u00dc\",\"url\":\"https:\/\/miumjau.ee\/\",\"logo\":{\"@type\":\"ImageObject\",\"inLanguage\":\"fi\",\"@id\":\"https:\/\/miumjau.ee\/#\/schema\/logo\/image\/\",\"url\":\"https:\/\/miumjau.ee\/wp-content\/uploads\/2022\/04\/MiuMjau-logo-kollane.png\",\"contentUrl\":\"https:\/\/miumjau.ee\/wp-content\/uploads\/2022\/04\/MiuMjau-logo-kollane.png\",\"width\":219,\"height\":100,\"caption\":\"MiuMjau O\u00dc\"},\"image\":{\"@id\":\"https:\/\/miumjau.ee\/#\/schema\/logo\/image\/\"},\"sameAs\":[\"https:\/\/www.facebook.com\/miumjaupood\/\"]}]}<\/script>\n<!-- \/ Yoast SEO plugin. -->","yoast_head_json":{"title":"Magnum kylm\u00e4puristettu penturuoka \u2013 Iberian porsas, kana & merikala 12 kg - MiuMjau","robots":{"index":"index","follow":"follow","max-snippet":"max-snippet:-1","max-image-preview":"max-image-preview:large","max-video-preview":"max-video-preview:-1"},"canonical":"https:\/\/miumjau.ee\/fi\/tuote\/magnum-kylmapuristettu-penturuoka-iberian-porsas-kana-merikala-12-kg\/","og_locale":"fi_FI","og_type":"article","og_title":"Magnum kylm\u00e4puristettu penturuoka \u2013 Iberian porsas, kana & merikala 12 kg - MiuMjau","og_description":"Magnum Dog Food Iberian Pork Puppy &amp; Junior. Kylm\u00e4puristettu t\u00e4ysravinto pennuille (4\u201315 kk) tuoreesta iberian porsaanlihasta (puolivilli rotu), merikalasta ja vapaasti kasvatetusta kanasta. Kylm\u00e4puristettu ruoka on l\u00e4himp\u00e4n\u00e4 raakaruokaa ja sopii k\u00e4ytett\u00e4v\u00e4ksi yhdess\u00e4 raakaruokinnan kanssa. Ei turpoa vatsassa ja auttaa ehk\u00e4isem\u00e4\u00e4n mahalaukun kiertym\u00e4\u00e4. Gluteeniton. Ei sis\u00e4ll\u00e4 lihajauhoa, keinotekoisia maku- tai v\u00e4riaineita. Ei lis\u00e4ttyj\u00e4 rasvoja, vitamiineja tai kivenn\u00e4isaineita \u2013 100 % luonnollinen koostumus. Helposti sulava ja sopii pennuille, joilla on ruoka-aineherkkyyksi\u00e4. Ei sis\u00e4ll\u00e4 soijaa, vehn\u00e4\u00e4 tai maissia.T\u00e4ysjyv\u00e4inen ruskea riisi ei ole teollisesti prosessoitu ja sis\u00e4lt\u00e4\u00e4 enemm\u00e4n ravintoaineita ja kuitua, mik\u00e4 tukee ruoansulatusta.     Kurkuma \u2013 luonnollinen antioksidantti    Oluthiiva \u2013 B-vitamiinien l\u00e4hde    Punajuuri \u2013 luonnollinen antioksidantti, foolihapon ja raudan l\u00e4hde   Iberian porsaat ovat puolivilli rotu, ravinnokseen p\u00e4\u00e4asiassa tammenterhoja, ruohoa ja yrttej\u00e4. Vapaasti kasvatettu liha on terveellisemp\u00e4\u00e4 ja sis\u00e4lt\u00e4\u00e4 tyydyttym\u00e4tt\u00f6mi\u00e4 rasvahappoja. Kana tulee vapaasti kasvatettujen kanojen tiloilta. Merikala tulee Atlantin valtamerest\u00e4. Koostumus: Iberian porsaanliha 30 %, kana 34 %, merikala 8 %, t\u00e4ysjyv\u00e4riisi, punajuuri, oluthiiva, kumina, kurkuma. Ei sis\u00e4ll\u00e4 keinotekoisia maku- tai v\u00e4riaineita eik\u00e4 antioksidantteja. Analyyttinen koostumus: raakavalkuainen 28 %, raakakuitu 2 %, raakarasva 16,5 %, raakatuhka 7 %, kosteus 18 %. Valmistaja: Tenesco s.r.o., T\u0161ekki. Alkuper\u00e4maa: EU.","og_url":"https:\/\/miumjau.ee\/fi\/tuote\/magnum-kylmapuristettu-penturuoka-iberian-porsas-kana-merikala-12-kg\/","og_site_name":"MiuMjau","article_publisher":"https:\/\/www.facebook.com\/miumjaupood\/","article_modified_time":"2026-01-07T20:41:15+00:00","og_image":[{"width":600,"height":800,"url":"https:\/\/miumjau.ee\/wp-content\/uploads\/2025\/05\/magnum-kulmpressitud-koeratoit6.webp","type":"image\/webp"}],"twitter_card":"summary_large_image","schema":{"@context":"https:\/\/schema.org","@graph":[{"@type":"WebPage","@id":"https:\/\/miumjau.ee\/fi\/tuote\/magnum-kylmapuristettu-penturuoka-iberian-porsas-kana-merikala-12-kg\/","url":"https:\/\/miumjau.ee\/fi\/tuote\/magnum-kylmapuristettu-penturuoka-iberian-porsas-kana-merikala-12-kg\/","name":"Magnum kylm\u00e4puristettu penturuoka \u2013 Iberian porsas, kana & merikala 12 kg - MiuMjau","isPartOf":{"@id":"https:\/\/miumjau.ee\/#website"},"primaryImageOfPage":{"@id":"https:\/\/miumjau.ee\/fi\/tuote\/magnum-kylmapuristettu-penturuoka-iberian-porsas-kana-merikala-12-kg\/#primaryimage"},"image":{"@id":"https:\/\/miumjau.ee\/fi\/tuote\/magnum-kylmapuristettu-penturuoka-iberian-porsas-kana-merikala-12-kg\/#primaryimage"},"thumbnailUrl":"https:\/\/miumjau.ee\/wp-content\/uploads\/2025\/05\/magnum-kulmpressitud-koeratoit6.webp","datePublished":"2025-05-20T14:09:22+00:00","dateModified":"2026-01-07T20:41:15+00:00","breadcrumb":{"@id":"https:\/\/miumjau.ee\/fi\/tuote\/magnum-kylmapuristettu-penturuoka-iberian-porsas-kana-merikala-12-kg\/#breadcrumb"},"inLanguage":"fi","potentialAction":[{"@type":"ReadAction","target":["https:\/\/miumjau.ee\/fi\/tuote\/magnum-kylmapuristettu-penturuoka-iberian-porsas-kana-merikala-12-kg\/"]}]},{"@type":"ImageObject","inLanguage":"fi","@id":"https:\/\/miumjau.ee\/fi\/tuote\/magnum-kylmapuristettu-penturuoka-iberian-porsas-kana-merikala-12-kg\/#primaryimage","url":"https:\/\/miumjau.ee\/wp-content\/uploads\/2025\/05\/magnum-kulmpressitud-koeratoit6.webp","contentUrl":"https:\/\/miumjau.ee\/wp-content\/uploads\/2025\/05\/magnum-kulmpressitud-koeratoit6.webp","width":600,"height":800,"caption":"Magnum kutsikatoit k\u00fclmpressitud Ibeeria siga\/kana\/kala 12 kg"},{"@type":"BreadcrumbList","@id":"https:\/\/miumjau.ee\/fi\/tuote\/magnum-kylmapuristettu-penturuoka-iberian-porsas-kana-merikala-12-kg\/#breadcrumb","itemListElement":[{"@type":"ListItem","position":1,"name":"Home","item":"https:\/\/miumjau.ee\/fi\/"},{"@type":"ListItem","position":2,"name":"Kauppa","item":"https:\/\/miumjau.ee\/fi\/kauppa\/"},{"@type":"ListItem","position":3,"name":"Magnum kylm\u00e4puristettu penturuoka \u2013 Iberian porsas, kana &#038; merikala 12 kg"}]},{"@type":"WebSite","@id":"https:\/\/miumjau.ee\/#website","url":"https:\/\/miumjau.ee\/","name":"MiuMjau","description":"Kraapimispuud kassidele","publisher":{"@id":"https:\/\/miumjau.ee\/#organization"},"potentialAction":[{"@type":"SearchAction","target":{"@type":"EntryPoint","urlTemplate":"https:\/\/miumjau.ee\/?s={search_term_string}"},"query-input":{"@type":"PropertyValueSpecification","valueRequired":true,"valueName":"search_term_string"}}],"inLanguage":"fi"},{"@type":"Organization","@id":"https:\/\/miumjau.ee\/#organization","name":"MiuMjau O\u00dc","url":"https:\/\/miumjau.ee\/","logo":{"@type":"ImageObject","inLanguage":"fi","@id":"https:\/\/miumjau.ee\/#\/schema\/logo\/image\/","url":"https:\/\/miumjau.ee\/wp-content\/uploads\/2022\/04\/MiuMjau-logo-kollane.png","contentUrl":"https:\/\/miumjau.ee\/wp-content\/uploads\/2022\/04\/MiuMjau-logo-kollane.png","width":219,"height":100,"caption":"MiuMjau O\u00dc"},"image":{"@id":"https:\/\/miumjau.ee\/#\/schema\/logo\/image\/"},"sameAs":["https:\/\/www.facebook.com\/miumjaupood\/"]}]}},"_links":{"self":[{"href":"https:\/\/miumjau.ee\/fi\/wp-json\/wp\/v2\/product\/51460","targetHints":{"allow":["GET"]}}],"collection":[{"href":"https:\/\/miumjau.ee\/fi\/wp-json\/wp\/v2\/product"}],"about":[{"href":"https:\/\/miumjau.ee\/fi\/wp-json\/wp\/v2\/types\/product"}],"wp:featuredmedia":[{"embeddable":true,"href":"https:\/\/miumjau.ee\/fi\/wp-json\/wp\/v2\/media\/35428"}],"wp:attachment":[{"href":"https:\/\/miumjau.ee\/fi\/wp-json\/wp\/v2\/media?parent=51460"}],"wp:term":[{"taxonomy":"product_brand","embeddable":true,"href":"https:\/\/miumjau.ee\/fi\/wp-json\/wp\/v2\/product_brand?post=51460"},{"taxonomy":"product_cat","embeddable":true,"href":"https:\/\/miumjau.ee\/fi\/wp-json\/wp\/v2\/product_cat?post=51460"},{"taxonomy":"product_tag","embeddable":true,"href":"https:\/\/miumjau.ee\/fi\/wp-json\/wp\/v2\/product_tag?post=51460"}],"curies":[{"name":"wp","href":"https:\/\/api.w.org\/{rel}","templated":true}]}}