{"id":51408,"date":"2025-05-20T17:09:27","date_gmt":"2025-05-20T14:09:27","guid":{"rendered":"https:\/\/miumjau.ee\/toode\/magnum-kylmapuristettu-koiranruoka-iberian-porsas-merikala-12-kg\/"},"modified":"2026-01-07T22:41:22","modified_gmt":"2026-01-07T20:41:22","slug":"magnum-kylmapuristettu-koiranruoka-iberian-porsas-merikala-12-kg","status":"publish","type":"product","link":"https:\/\/miumjau.ee\/fi\/tuote\/magnum-kylmapuristettu-koiranruoka-iberian-porsas-merikala-12-kg\/","title":{"rendered":"Magnum kylm\u00e4puristettu koiranruoka \u2013 iberian porsas &#038; merikala 12 kg"},"content":{"rendered":"","protected":false},"excerpt":{"rendered":"<p data-start=\"2106\" data-end=\"2274\">Magnum Dog Food Iberian Pork &amp; Ocean Fish. Kylm\u00e4puristettu t\u00e4ysravinto kaikille koirille, valmistettu tuoreesta iberian porsaanlihasta (puolivilli rotu) ja merikalasta.<\/p>\n<p data-start=\"2276\" data-end=\"2465\">Kylm\u00e4puristettu ruoka on l\u00e4himp\u00e4n\u00e4 raakaruokaa ja sopii k\u00e4ytett\u00e4v\u00e4ksi rinnakkain raakaruokinnan kanssa. Ei turpoa vatsassa ja auttaa ehk\u00e4isem\u00e4\u00e4n terveysongelmia, kuten mahalaukun kiertym\u00e4\u00e4.<\/p>\n<p data-start=\"2467\" data-end=\"2841\">Gluteeniton. Ei sis\u00e4ll\u00e4 lihajauhoa, keinotekoisia maku- tai v\u00e4riaineita. Ei lis\u00e4ttyj\u00e4 rasvoja, vitamiineja tai kivenn\u00e4isaineita \u2013 100 % luonnollinen koostumus. Helposti sulava ja sopii herkille koirille. Ei sis\u00e4ll\u00e4 soijaa, vehn\u00e4\u00e4 tai maissia.<br data-start=\"2709\" data-end=\"2712\" \/>T\u00e4ysjyv\u00e4inen ruskea riisi ei ole teollisesti prosessoitu ja sis\u00e4lt\u00e4\u00e4 enemm\u00e4n ravintoaineita ja kuitua, mik\u00e4 tukee ruoansulatusta.<\/p>\n<p data-start=\"2843\" data-end=\"2953\"><strong data-start=\"2843\" data-end=\"2857\">Koostumus:<\/strong> iberian porsaanliha 40 %, sardiinit 28 %, t\u00e4ysjyv\u00e4riisi, punajuuri, oluthiiva, kumina, kurkuma.<\/p>\n<p data-start=\"2955\" data-end=\"3071\"><strong data-start=\"2955\" data-end=\"2982\">Analyyttinen koostumus:<\/strong> raakavalkuainen 28 %, raakakuitu 2,3 %, raakarasva 19 %, raakatuhka 7,5 %, kosteus 18 %.<\/p>\n<p data-start=\"3073\" data-end=\"3125\">Valmistaja: Tenesco s.r.o., T\u0161ekki. Alkuper\u00e4maa: EU.<\/p>\n","protected":false},"featured_media":35432,"template":"","meta":[],"product_brand":[],"product_cat":[478],"product_tag":[],"class_list":{"0":"post-51408","1":"product","2":"type-product","3":"status-publish","4":"has-post-thumbnail","6":"product_cat-kuivaruoka-koirille","8":"first","9":"instock","10":"sale","11":"taxable","12":"shipping-taxable","13":"purchasable","14":"product-type-simple"},"yoast_head":"<!-- This site is optimized with the Yoast SEO plugin v27.2 - https:\/\/yoast.com\/product\/yoast-seo-wordpress\/ -->\n<title>Magnum kylm\u00e4puristettu koiranruoka \u2013 iberian porsas &amp; merikala 12 kg - MiuMjau<\/title>\n<meta name=\"robots\" content=\"index, follow, max-snippet:-1, max-image-preview:large, max-video-preview:-1\" \/>\n<link rel=\"canonical\" href=\"https:\/\/miumjau.ee\/fi\/tuote\/magnum-kylmapuristettu-koiranruoka-iberian-porsas-merikala-12-kg\/\" \/>\n<meta property=\"og:locale\" content=\"fi_FI\" \/>\n<meta property=\"og:type\" content=\"article\" \/>\n<meta property=\"og:title\" content=\"Magnum kylm\u00e4puristettu koiranruoka \u2013 iberian porsas &amp; merikala 12 kg - MiuMjau\" \/>\n<meta property=\"og:description\" content=\"Magnum Dog Food Iberian Pork &amp; Ocean Fish. Kylm\u00e4puristettu t\u00e4ysravinto kaikille koirille, valmistettu tuoreesta iberian porsaanlihasta (puolivilli rotu) ja merikalasta. Kylm\u00e4puristettu ruoka on l\u00e4himp\u00e4n\u00e4 raakaruokaa ja sopii k\u00e4ytett\u00e4v\u00e4ksi rinnakkain raakaruokinnan kanssa. Ei turpoa vatsassa ja auttaa ehk\u00e4isem\u00e4\u00e4n terveysongelmia, kuten mahalaukun kiertym\u00e4\u00e4. Gluteeniton. Ei sis\u00e4ll\u00e4 lihajauhoa, keinotekoisia maku- tai v\u00e4riaineita. Ei lis\u00e4ttyj\u00e4 rasvoja, vitamiineja tai kivenn\u00e4isaineita \u2013 100 % luonnollinen koostumus. Helposti sulava ja sopii herkille koirille. Ei sis\u00e4ll\u00e4 soijaa, vehn\u00e4\u00e4 tai maissia.T\u00e4ysjyv\u00e4inen ruskea riisi ei ole teollisesti prosessoitu ja sis\u00e4lt\u00e4\u00e4 enemm\u00e4n ravintoaineita ja kuitua, mik\u00e4 tukee ruoansulatusta. Koostumus: iberian porsaanliha 40 %, sardiinit 28 %, t\u00e4ysjyv\u00e4riisi, punajuuri, oluthiiva, kumina, kurkuma. Analyyttinen koostumus: raakavalkuainen 28 %, raakakuitu 2,3 %, raakarasva 19 %, raakatuhka 7,5 %, kosteus 18 %. Valmistaja: Tenesco s.r.o., T\u0161ekki. Alkuper\u00e4maa: EU.\" \/>\n<meta property=\"og:url\" content=\"https:\/\/miumjau.ee\/fi\/tuote\/magnum-kylmapuristettu-koiranruoka-iberian-porsas-merikala-12-kg\/\" \/>\n<meta property=\"og:site_name\" content=\"MiuMjau\" \/>\n<meta property=\"article:publisher\" content=\"https:\/\/www.facebook.com\/miumjaupood\/\" \/>\n<meta property=\"article:modified_time\" content=\"2026-01-07T20:41:22+00:00\" \/>\n<meta property=\"og:image\" content=\"https:\/\/miumjau.ee\/wp-content\/uploads\/2025\/05\/magnum-kulmpressitud-koeratoit7.webp\" \/>\n\t<meta property=\"og:image:width\" content=\"600\" \/>\n\t<meta property=\"og:image:height\" content=\"800\" \/>\n\t<meta property=\"og:image:type\" content=\"image\/webp\" \/>\n<meta name=\"twitter:card\" content=\"summary_large_image\" \/>\n<script type=\"application\/ld+json\" class=\"yoast-schema-graph\">{\"@context\":\"https:\/\/schema.org\",\"@graph\":[{\"@type\":\"WebPage\",\"@id\":\"https:\/\/miumjau.ee\/fi\/tuote\/magnum-kylmapuristettu-koiranruoka-iberian-porsas-merikala-12-kg\/\",\"url\":\"https:\/\/miumjau.ee\/fi\/tuote\/magnum-kylmapuristettu-koiranruoka-iberian-porsas-merikala-12-kg\/\",\"name\":\"Magnum kylm\u00e4puristettu koiranruoka \u2013 iberian porsas & merikala 12 kg - MiuMjau\",\"isPartOf\":{\"@id\":\"https:\/\/miumjau.ee\/#website\"},\"primaryImageOfPage\":{\"@id\":\"https:\/\/miumjau.ee\/fi\/tuote\/magnum-kylmapuristettu-koiranruoka-iberian-porsas-merikala-12-kg\/#primaryimage\"},\"image\":{\"@id\":\"https:\/\/miumjau.ee\/fi\/tuote\/magnum-kylmapuristettu-koiranruoka-iberian-porsas-merikala-12-kg\/#primaryimage\"},\"thumbnailUrl\":\"https:\/\/miumjau.ee\/wp-content\/uploads\/2025\/05\/magnum-kulmpressitud-koeratoit7.webp\",\"datePublished\":\"2025-05-20T14:09:27+00:00\",\"dateModified\":\"2026-01-07T20:41:22+00:00\",\"breadcrumb\":{\"@id\":\"https:\/\/miumjau.ee\/fi\/tuote\/magnum-kylmapuristettu-koiranruoka-iberian-porsas-merikala-12-kg\/#breadcrumb\"},\"inLanguage\":\"fi\",\"potentialAction\":[{\"@type\":\"ReadAction\",\"target\":[\"https:\/\/miumjau.ee\/fi\/tuote\/magnum-kylmapuristettu-koiranruoka-iberian-porsas-merikala-12-kg\/\"]}]},{\"@type\":\"ImageObject\",\"inLanguage\":\"fi\",\"@id\":\"https:\/\/miumjau.ee\/fi\/tuote\/magnum-kylmapuristettu-koiranruoka-iberian-porsas-merikala-12-kg\/#primaryimage\",\"url\":\"https:\/\/miumjau.ee\/wp-content\/uploads\/2025\/05\/magnum-kulmpressitud-koeratoit7.webp\",\"contentUrl\":\"https:\/\/miumjau.ee\/wp-content\/uploads\/2025\/05\/magnum-kulmpressitud-koeratoit7.webp\",\"width\":600,\"height\":800,\"caption\":\"Magnum Ibeeria siga\/ookeanikala k\u00fclmpressitud koeratoit 12 kg\"},{\"@type\":\"BreadcrumbList\",\"@id\":\"https:\/\/miumjau.ee\/fi\/tuote\/magnum-kylmapuristettu-koiranruoka-iberian-porsas-merikala-12-kg\/#breadcrumb\",\"itemListElement\":[{\"@type\":\"ListItem\",\"position\":1,\"name\":\"Home\",\"item\":\"https:\/\/miumjau.ee\/fi\/\"},{\"@type\":\"ListItem\",\"position\":2,\"name\":\"Kauppa\",\"item\":\"https:\/\/miumjau.ee\/fi\/kauppa\/\"},{\"@type\":\"ListItem\",\"position\":3,\"name\":\"Magnum kylm\u00e4puristettu koiranruoka \u2013 iberian porsas &#038; merikala 12 kg\"}]},{\"@type\":\"WebSite\",\"@id\":\"https:\/\/miumjau.ee\/#website\",\"url\":\"https:\/\/miumjau.ee\/\",\"name\":\"MiuMjau\",\"description\":\"Kraapimispuud kassidele\",\"publisher\":{\"@id\":\"https:\/\/miumjau.ee\/#organization\"},\"potentialAction\":[{\"@type\":\"SearchAction\",\"target\":{\"@type\":\"EntryPoint\",\"urlTemplate\":\"https:\/\/miumjau.ee\/?s={search_term_string}\"},\"query-input\":{\"@type\":\"PropertyValueSpecification\",\"valueRequired\":true,\"valueName\":\"search_term_string\"}}],\"inLanguage\":\"fi\"},{\"@type\":\"Organization\",\"@id\":\"https:\/\/miumjau.ee\/#organization\",\"name\":\"MiuMjau O\u00dc\",\"url\":\"https:\/\/miumjau.ee\/\",\"logo\":{\"@type\":\"ImageObject\",\"inLanguage\":\"fi\",\"@id\":\"https:\/\/miumjau.ee\/#\/schema\/logo\/image\/\",\"url\":\"https:\/\/miumjau.ee\/wp-content\/uploads\/2022\/04\/MiuMjau-logo-kollane.png\",\"contentUrl\":\"https:\/\/miumjau.ee\/wp-content\/uploads\/2022\/04\/MiuMjau-logo-kollane.png\",\"width\":219,\"height\":100,\"caption\":\"MiuMjau O\u00dc\"},\"image\":{\"@id\":\"https:\/\/miumjau.ee\/#\/schema\/logo\/image\/\"},\"sameAs\":[\"https:\/\/www.facebook.com\/miumjaupood\/\"]}]}<\/script>\n<!-- \/ Yoast SEO plugin. -->","yoast_head_json":{"title":"Magnum kylm\u00e4puristettu koiranruoka \u2013 iberian porsas & merikala 12 kg - MiuMjau","robots":{"index":"index","follow":"follow","max-snippet":"max-snippet:-1","max-image-preview":"max-image-preview:large","max-video-preview":"max-video-preview:-1"},"canonical":"https:\/\/miumjau.ee\/fi\/tuote\/magnum-kylmapuristettu-koiranruoka-iberian-porsas-merikala-12-kg\/","og_locale":"fi_FI","og_type":"article","og_title":"Magnum kylm\u00e4puristettu koiranruoka \u2013 iberian porsas & merikala 12 kg - MiuMjau","og_description":"Magnum Dog Food Iberian Pork &amp; Ocean Fish. Kylm\u00e4puristettu t\u00e4ysravinto kaikille koirille, valmistettu tuoreesta iberian porsaanlihasta (puolivilli rotu) ja merikalasta. Kylm\u00e4puristettu ruoka on l\u00e4himp\u00e4n\u00e4 raakaruokaa ja sopii k\u00e4ytett\u00e4v\u00e4ksi rinnakkain raakaruokinnan kanssa. Ei turpoa vatsassa ja auttaa ehk\u00e4isem\u00e4\u00e4n terveysongelmia, kuten mahalaukun kiertym\u00e4\u00e4. Gluteeniton. Ei sis\u00e4ll\u00e4 lihajauhoa, keinotekoisia maku- tai v\u00e4riaineita. Ei lis\u00e4ttyj\u00e4 rasvoja, vitamiineja tai kivenn\u00e4isaineita \u2013 100 % luonnollinen koostumus. Helposti sulava ja sopii herkille koirille. Ei sis\u00e4ll\u00e4 soijaa, vehn\u00e4\u00e4 tai maissia.T\u00e4ysjyv\u00e4inen ruskea riisi ei ole teollisesti prosessoitu ja sis\u00e4lt\u00e4\u00e4 enemm\u00e4n ravintoaineita ja kuitua, mik\u00e4 tukee ruoansulatusta. Koostumus: iberian porsaanliha 40 %, sardiinit 28 %, t\u00e4ysjyv\u00e4riisi, punajuuri, oluthiiva, kumina, kurkuma. Analyyttinen koostumus: raakavalkuainen 28 %, raakakuitu 2,3 %, raakarasva 19 %, raakatuhka 7,5 %, kosteus 18 %. Valmistaja: Tenesco s.r.o., T\u0161ekki. Alkuper\u00e4maa: EU.","og_url":"https:\/\/miumjau.ee\/fi\/tuote\/magnum-kylmapuristettu-koiranruoka-iberian-porsas-merikala-12-kg\/","og_site_name":"MiuMjau","article_publisher":"https:\/\/www.facebook.com\/miumjaupood\/","article_modified_time":"2026-01-07T20:41:22+00:00","og_image":[{"width":600,"height":800,"url":"https:\/\/miumjau.ee\/wp-content\/uploads\/2025\/05\/magnum-kulmpressitud-koeratoit7.webp","type":"image\/webp"}],"twitter_card":"summary_large_image","schema":{"@context":"https:\/\/schema.org","@graph":[{"@type":"WebPage","@id":"https:\/\/miumjau.ee\/fi\/tuote\/magnum-kylmapuristettu-koiranruoka-iberian-porsas-merikala-12-kg\/","url":"https:\/\/miumjau.ee\/fi\/tuote\/magnum-kylmapuristettu-koiranruoka-iberian-porsas-merikala-12-kg\/","name":"Magnum kylm\u00e4puristettu koiranruoka \u2013 iberian porsas & merikala 12 kg - MiuMjau","isPartOf":{"@id":"https:\/\/miumjau.ee\/#website"},"primaryImageOfPage":{"@id":"https:\/\/miumjau.ee\/fi\/tuote\/magnum-kylmapuristettu-koiranruoka-iberian-porsas-merikala-12-kg\/#primaryimage"},"image":{"@id":"https:\/\/miumjau.ee\/fi\/tuote\/magnum-kylmapuristettu-koiranruoka-iberian-porsas-merikala-12-kg\/#primaryimage"},"thumbnailUrl":"https:\/\/miumjau.ee\/wp-content\/uploads\/2025\/05\/magnum-kulmpressitud-koeratoit7.webp","datePublished":"2025-05-20T14:09:27+00:00","dateModified":"2026-01-07T20:41:22+00:00","breadcrumb":{"@id":"https:\/\/miumjau.ee\/fi\/tuote\/magnum-kylmapuristettu-koiranruoka-iberian-porsas-merikala-12-kg\/#breadcrumb"},"inLanguage":"fi","potentialAction":[{"@type":"ReadAction","target":["https:\/\/miumjau.ee\/fi\/tuote\/magnum-kylmapuristettu-koiranruoka-iberian-porsas-merikala-12-kg\/"]}]},{"@type":"ImageObject","inLanguage":"fi","@id":"https:\/\/miumjau.ee\/fi\/tuote\/magnum-kylmapuristettu-koiranruoka-iberian-porsas-merikala-12-kg\/#primaryimage","url":"https:\/\/miumjau.ee\/wp-content\/uploads\/2025\/05\/magnum-kulmpressitud-koeratoit7.webp","contentUrl":"https:\/\/miumjau.ee\/wp-content\/uploads\/2025\/05\/magnum-kulmpressitud-koeratoit7.webp","width":600,"height":800,"caption":"Magnum Ibeeria siga\/ookeanikala k\u00fclmpressitud koeratoit 12 kg"},{"@type":"BreadcrumbList","@id":"https:\/\/miumjau.ee\/fi\/tuote\/magnum-kylmapuristettu-koiranruoka-iberian-porsas-merikala-12-kg\/#breadcrumb","itemListElement":[{"@type":"ListItem","position":1,"name":"Home","item":"https:\/\/miumjau.ee\/fi\/"},{"@type":"ListItem","position":2,"name":"Kauppa","item":"https:\/\/miumjau.ee\/fi\/kauppa\/"},{"@type":"ListItem","position":3,"name":"Magnum kylm\u00e4puristettu koiranruoka \u2013 iberian porsas &#038; merikala 12 kg"}]},{"@type":"WebSite","@id":"https:\/\/miumjau.ee\/#website","url":"https:\/\/miumjau.ee\/","name":"MiuMjau","description":"Kraapimispuud kassidele","publisher":{"@id":"https:\/\/miumjau.ee\/#organization"},"potentialAction":[{"@type":"SearchAction","target":{"@type":"EntryPoint","urlTemplate":"https:\/\/miumjau.ee\/?s={search_term_string}"},"query-input":{"@type":"PropertyValueSpecification","valueRequired":true,"valueName":"search_term_string"}}],"inLanguage":"fi"},{"@type":"Organization","@id":"https:\/\/miumjau.ee\/#organization","name":"MiuMjau O\u00dc","url":"https:\/\/miumjau.ee\/","logo":{"@type":"ImageObject","inLanguage":"fi","@id":"https:\/\/miumjau.ee\/#\/schema\/logo\/image\/","url":"https:\/\/miumjau.ee\/wp-content\/uploads\/2022\/04\/MiuMjau-logo-kollane.png","contentUrl":"https:\/\/miumjau.ee\/wp-content\/uploads\/2022\/04\/MiuMjau-logo-kollane.png","width":219,"height":100,"caption":"MiuMjau O\u00dc"},"image":{"@id":"https:\/\/miumjau.ee\/#\/schema\/logo\/image\/"},"sameAs":["https:\/\/www.facebook.com\/miumjaupood\/"]}]}},"_links":{"self":[{"href":"https:\/\/miumjau.ee\/fi\/wp-json\/wp\/v2\/product\/51408","targetHints":{"allow":["GET"]}}],"collection":[{"href":"https:\/\/miumjau.ee\/fi\/wp-json\/wp\/v2\/product"}],"about":[{"href":"https:\/\/miumjau.ee\/fi\/wp-json\/wp\/v2\/types\/product"}],"wp:featuredmedia":[{"embeddable":true,"href":"https:\/\/miumjau.ee\/fi\/wp-json\/wp\/v2\/media\/35432"}],"wp:attachment":[{"href":"https:\/\/miumjau.ee\/fi\/wp-json\/wp\/v2\/media?parent=51408"}],"wp:term":[{"taxonomy":"product_brand","embeddable":true,"href":"https:\/\/miumjau.ee\/fi\/wp-json\/wp\/v2\/product_brand?post=51408"},{"taxonomy":"product_cat","embeddable":true,"href":"https:\/\/miumjau.ee\/fi\/wp-json\/wp\/v2\/product_cat?post=51408"},{"taxonomy":"product_tag","embeddable":true,"href":"https:\/\/miumjau.ee\/fi\/wp-json\/wp\/v2\/product_tag?post=51408"}],"curies":[{"name":"wp","href":"https:\/\/api.w.org\/{rel}","templated":true}]}}