{"id":51391,"date":"2025-05-20T17:09:27","date_gmt":"2025-05-20T14:09:27","guid":{"rendered":"https:\/\/miumjau.ee\/toode\/polaris-monoproteiininen-koiran-markaruoka-lampaanliha-6-x-400-g\/"},"modified":"2026-01-07T22:41:22","modified_gmt":"2026-01-07T20:41:22","slug":"polaris-monoproteiininen-koiran-markaruoka-lampaanliha-6-x-400-g","status":"publish","type":"product","link":"https:\/\/miumjau.ee\/fi\/tuote\/polaris-monoproteiininen-koiran-markaruoka-lampaanliha-6-x-400-g\/","title":{"rendered":"Polaris monoproteiininen koiran m\u00e4rk\u00e4ruoka \u2013 lampaanliha 6 \u00d7 400 g"},"content":{"rendered":"","protected":false},"excerpt":{"rendered":"<p data-start=\"1692\" data-end=\"1871\">Polaris Single Protein Lamb P\u00e2t\u00e9 6 \u00d7 400 g. T\u00e4ysravinto koirille, jossa on yksi el\u00e4inper\u00e4inen proteiininl\u00e4hde \u2013 lampaanliha. Sopii kaikille normaalisti aktiivisille koiraroduille.<\/p>\n<p data-start=\"1873\" data-end=\"2065\">98,7 % lampaanlihaa ja lient\u00e4 \u2013 yksi el\u00e4inproteiinil\u00e4hde \u2013 sopii koirille, joilla on herkk\u00e4 ruoansulatus, allergioita tai ruoka-aineintoleransseja.<br data-start=\"2020\" data-end=\"2023\" \/>Ei sis\u00e4ll\u00e4 viljoja, soijaa eik\u00e4 gluteenia.<\/p>\n<ul data-start=\"2067\" data-end=\"2233\">\n<li data-start=\"2067\" data-end=\"2113\">\n<p data-start=\"2069\" data-end=\"2113\">D3-vitamiini vahvoille luille ja hampaille<\/p>\n<\/li>\n<li data-start=\"2114\" data-end=\"2171\">\n<p data-start=\"2116\" data-end=\"2171\">E-vitamiini immuunij\u00e4rjestelm\u00e4n normaaliin toimintaan<\/p>\n<\/li>\n<li data-start=\"2172\" data-end=\"2233\">\n<p data-start=\"2174\" data-end=\"2233\">Pellavansiemen\u00f6ljy ja sinkki terveelle iholle ja turkille<\/p>\n<\/li>\n<\/ul>\n<p data-start=\"2235\" data-end=\"2355\"><strong data-start=\"2235\" data-end=\"2249\">Koostumus:<\/strong> lampaanliha 70 %, lampaanliemi 28,7 %, kivenn\u00e4isaineet 0,7 %, selluloosa 0,5 %, pellavansiemen\u00f6ljy 0,1 %.<\/p>\n<p data-start=\"2357\" data-end=\"2478\"><strong data-start=\"2357\" data-end=\"2384\">Analyyttinen koostumus:<\/strong> kosteus 78,0 %, raakavalkuainen 11,0 %, raakarasva 7,0 %, raakatuhka 3,3 %, raakakuitu 0,5 %.<\/p>\n<p data-start=\"2480\" data-end=\"2535\"><strong data-start=\"2480\" data-end=\"2497\">Ruokintaohje:<\/strong> suositellut annokset \u2013 katso pakkaus.<\/p>\n<p data-start=\"2537\" data-end=\"2595\">Valmistaja: Partner in Pet Food. Valmistettu Alankomaissa.<\/p>\n","protected":false},"featured_media":35454,"template":"","meta":[],"product_brand":[],"product_cat":[479],"product_tag":[],"class_list":{"0":"post-51391","1":"product","2":"type-product","3":"status-publish","4":"has-post-thumbnail","6":"product_cat-markaruoka-koirille","8":"first","9":"instock","10":"taxable","11":"shipping-taxable","12":"purchasable","13":"product-type-simple"},"yoast_head":"<!-- This site is optimized with the Yoast SEO plugin v27.2 - https:\/\/yoast.com\/product\/yoast-seo-wordpress\/ -->\n<title>Polaris monoproteiininen koiran m\u00e4rk\u00e4ruoka \u2013 lampaanliha 6 \u00d7 400 g - MiuMjau<\/title>\n<meta name=\"robots\" content=\"index, follow, max-snippet:-1, max-image-preview:large, max-video-preview:-1\" \/>\n<link rel=\"canonical\" href=\"https:\/\/miumjau.ee\/fi\/tuote\/polaris-monoproteiininen-koiran-markaruoka-lampaanliha-6-x-400-g\/\" \/>\n<meta property=\"og:locale\" content=\"fi_FI\" \/>\n<meta property=\"og:type\" content=\"article\" \/>\n<meta property=\"og:title\" content=\"Polaris monoproteiininen koiran m\u00e4rk\u00e4ruoka \u2013 lampaanliha 6 \u00d7 400 g - MiuMjau\" \/>\n<meta property=\"og:description\" content=\"Polaris Single Protein Lamb P\u00e2t\u00e9 6 \u00d7 400 g. T\u00e4ysravinto koirille, jossa on yksi el\u00e4inper\u00e4inen proteiininl\u00e4hde \u2013 lampaanliha. Sopii kaikille normaalisti aktiivisille koiraroduille. 98,7 % lampaanlihaa ja lient\u00e4 \u2013 yksi el\u00e4inproteiinil\u00e4hde \u2013 sopii koirille, joilla on herkk\u00e4 ruoansulatus, allergioita tai ruoka-aineintoleransseja.Ei sis\u00e4ll\u00e4 viljoja, soijaa eik\u00e4 gluteenia.     D3-vitamiini vahvoille luille ja hampaille    E-vitamiini immuunij\u00e4rjestelm\u00e4n normaaliin toimintaan    Pellavansiemen\u00f6ljy ja sinkki terveelle iholle ja turkille   Koostumus: lampaanliha 70 %, lampaanliemi 28,7 %, kivenn\u00e4isaineet 0,7 %, selluloosa 0,5 %, pellavansiemen\u00f6ljy 0,1 %. Analyyttinen koostumus: kosteus 78,0 %, raakavalkuainen 11,0 %, raakarasva 7,0 %, raakatuhka 3,3 %, raakakuitu 0,5 %. Ruokintaohje: suositellut annokset \u2013 katso pakkaus. Valmistaja: Partner in Pet Food. Valmistettu Alankomaissa.\" \/>\n<meta property=\"og:url\" content=\"https:\/\/miumjau.ee\/fi\/tuote\/polaris-monoproteiininen-koiran-markaruoka-lampaanliha-6-x-400-g\/\" \/>\n<meta property=\"og:site_name\" content=\"MiuMjau\" \/>\n<meta property=\"article:publisher\" content=\"https:\/\/www.facebook.com\/miumjaupood\/\" \/>\n<meta property=\"article:modified_time\" content=\"2026-01-07T20:41:22+00:00\" \/>\n<meta property=\"og:image\" content=\"https:\/\/miumjau.ee\/wp-content\/uploads\/2025\/05\/polaris-koer-konserv-monoproteiin2.webp\" \/>\n\t<meta property=\"og:image:width\" content=\"600\" \/>\n\t<meta property=\"og:image:height\" content=\"800\" \/>\n\t<meta property=\"og:image:type\" content=\"image\/webp\" \/>\n<meta name=\"twitter:card\" content=\"summary_large_image\" \/>\n<script type=\"application\/ld+json\" class=\"yoast-schema-graph\">{\"@context\":\"https:\/\/schema.org\",\"@graph\":[{\"@type\":\"WebPage\",\"@id\":\"https:\/\/miumjau.ee\/fi\/tuote\/polaris-monoproteiininen-koiran-markaruoka-lampaanliha-6-x-400-g\/\",\"url\":\"https:\/\/miumjau.ee\/fi\/tuote\/polaris-monoproteiininen-koiran-markaruoka-lampaanliha-6-x-400-g\/\",\"name\":\"Polaris monoproteiininen koiran m\u00e4rk\u00e4ruoka \u2013 lampaanliha 6 \u00d7 400 g - MiuMjau\",\"isPartOf\":{\"@id\":\"https:\/\/miumjau.ee\/#website\"},\"primaryImageOfPage\":{\"@id\":\"https:\/\/miumjau.ee\/fi\/tuote\/polaris-monoproteiininen-koiran-markaruoka-lampaanliha-6-x-400-g\/#primaryimage\"},\"image\":{\"@id\":\"https:\/\/miumjau.ee\/fi\/tuote\/polaris-monoproteiininen-koiran-markaruoka-lampaanliha-6-x-400-g\/#primaryimage\"},\"thumbnailUrl\":\"https:\/\/miumjau.ee\/wp-content\/uploads\/2025\/05\/polaris-koer-konserv-monoproteiin2.webp\",\"datePublished\":\"2025-05-20T14:09:27+00:00\",\"dateModified\":\"2026-01-07T20:41:22+00:00\",\"breadcrumb\":{\"@id\":\"https:\/\/miumjau.ee\/fi\/tuote\/polaris-monoproteiininen-koiran-markaruoka-lampaanliha-6-x-400-g\/#breadcrumb\"},\"inLanguage\":\"fi\",\"potentialAction\":[{\"@type\":\"ReadAction\",\"target\":[\"https:\/\/miumjau.ee\/fi\/tuote\/polaris-monoproteiininen-koiran-markaruoka-lampaanliha-6-x-400-g\/\"]}]},{\"@type\":\"ImageObject\",\"inLanguage\":\"fi\",\"@id\":\"https:\/\/miumjau.ee\/fi\/tuote\/polaris-monoproteiininen-koiran-markaruoka-lampaanliha-6-x-400-g\/#primaryimage\",\"url\":\"https:\/\/miumjau.ee\/wp-content\/uploads\/2025\/05\/polaris-koer-konserv-monoproteiin2.webp\",\"contentUrl\":\"https:\/\/miumjau.ee\/wp-content\/uploads\/2025\/05\/polaris-koer-konserv-monoproteiin2.webp\",\"width\":600,\"height\":800,\"caption\":\"Polaris lambaga monoproteiin koerakonserv 6x400g\"},{\"@type\":\"BreadcrumbList\",\"@id\":\"https:\/\/miumjau.ee\/fi\/tuote\/polaris-monoproteiininen-koiran-markaruoka-lampaanliha-6-x-400-g\/#breadcrumb\",\"itemListElement\":[{\"@type\":\"ListItem\",\"position\":1,\"name\":\"Home\",\"item\":\"https:\/\/miumjau.ee\/fi\/\"},{\"@type\":\"ListItem\",\"position\":2,\"name\":\"Kauppa\",\"item\":\"https:\/\/miumjau.ee\/fi\/kauppa\/\"},{\"@type\":\"ListItem\",\"position\":3,\"name\":\"Polaris monoproteiininen koiran m\u00e4rk\u00e4ruoka \u2013 lampaanliha 6 \u00d7 400 g\"}]},{\"@type\":\"WebSite\",\"@id\":\"https:\/\/miumjau.ee\/#website\",\"url\":\"https:\/\/miumjau.ee\/\",\"name\":\"MiuMjau\",\"description\":\"Kraapimispuud kassidele\",\"publisher\":{\"@id\":\"https:\/\/miumjau.ee\/#organization\"},\"potentialAction\":[{\"@type\":\"SearchAction\",\"target\":{\"@type\":\"EntryPoint\",\"urlTemplate\":\"https:\/\/miumjau.ee\/?s={search_term_string}\"},\"query-input\":{\"@type\":\"PropertyValueSpecification\",\"valueRequired\":true,\"valueName\":\"search_term_string\"}}],\"inLanguage\":\"fi\"},{\"@type\":\"Organization\",\"@id\":\"https:\/\/miumjau.ee\/#organization\",\"name\":\"MiuMjau O\u00dc\",\"url\":\"https:\/\/miumjau.ee\/\",\"logo\":{\"@type\":\"ImageObject\",\"inLanguage\":\"fi\",\"@id\":\"https:\/\/miumjau.ee\/#\/schema\/logo\/image\/\",\"url\":\"https:\/\/miumjau.ee\/wp-content\/uploads\/2022\/04\/MiuMjau-logo-kollane.png\",\"contentUrl\":\"https:\/\/miumjau.ee\/wp-content\/uploads\/2022\/04\/MiuMjau-logo-kollane.png\",\"width\":219,\"height\":100,\"caption\":\"MiuMjau O\u00dc\"},\"image\":{\"@id\":\"https:\/\/miumjau.ee\/#\/schema\/logo\/image\/\"},\"sameAs\":[\"https:\/\/www.facebook.com\/miumjaupood\/\"]}]}<\/script>\n<!-- \/ Yoast SEO plugin. -->","yoast_head_json":{"title":"Polaris monoproteiininen koiran m\u00e4rk\u00e4ruoka \u2013 lampaanliha 6 \u00d7 400 g - MiuMjau","robots":{"index":"index","follow":"follow","max-snippet":"max-snippet:-1","max-image-preview":"max-image-preview:large","max-video-preview":"max-video-preview:-1"},"canonical":"https:\/\/miumjau.ee\/fi\/tuote\/polaris-monoproteiininen-koiran-markaruoka-lampaanliha-6-x-400-g\/","og_locale":"fi_FI","og_type":"article","og_title":"Polaris monoproteiininen koiran m\u00e4rk\u00e4ruoka \u2013 lampaanliha 6 \u00d7 400 g - MiuMjau","og_description":"Polaris Single Protein Lamb P\u00e2t\u00e9 6 \u00d7 400 g. T\u00e4ysravinto koirille, jossa on yksi el\u00e4inper\u00e4inen proteiininl\u00e4hde \u2013 lampaanliha. Sopii kaikille normaalisti aktiivisille koiraroduille. 98,7 % lampaanlihaa ja lient\u00e4 \u2013 yksi el\u00e4inproteiinil\u00e4hde \u2013 sopii koirille, joilla on herkk\u00e4 ruoansulatus, allergioita tai ruoka-aineintoleransseja.Ei sis\u00e4ll\u00e4 viljoja, soijaa eik\u00e4 gluteenia.     D3-vitamiini vahvoille luille ja hampaille    E-vitamiini immuunij\u00e4rjestelm\u00e4n normaaliin toimintaan    Pellavansiemen\u00f6ljy ja sinkki terveelle iholle ja turkille   Koostumus: lampaanliha 70 %, lampaanliemi 28,7 %, kivenn\u00e4isaineet 0,7 %, selluloosa 0,5 %, pellavansiemen\u00f6ljy 0,1 %. Analyyttinen koostumus: kosteus 78,0 %, raakavalkuainen 11,0 %, raakarasva 7,0 %, raakatuhka 3,3 %, raakakuitu 0,5 %. Ruokintaohje: suositellut annokset \u2013 katso pakkaus. Valmistaja: Partner in Pet Food. Valmistettu Alankomaissa.","og_url":"https:\/\/miumjau.ee\/fi\/tuote\/polaris-monoproteiininen-koiran-markaruoka-lampaanliha-6-x-400-g\/","og_site_name":"MiuMjau","article_publisher":"https:\/\/www.facebook.com\/miumjaupood\/","article_modified_time":"2026-01-07T20:41:22+00:00","og_image":[{"width":600,"height":800,"url":"https:\/\/miumjau.ee\/wp-content\/uploads\/2025\/05\/polaris-koer-konserv-monoproteiin2.webp","type":"image\/webp"}],"twitter_card":"summary_large_image","schema":{"@context":"https:\/\/schema.org","@graph":[{"@type":"WebPage","@id":"https:\/\/miumjau.ee\/fi\/tuote\/polaris-monoproteiininen-koiran-markaruoka-lampaanliha-6-x-400-g\/","url":"https:\/\/miumjau.ee\/fi\/tuote\/polaris-monoproteiininen-koiran-markaruoka-lampaanliha-6-x-400-g\/","name":"Polaris monoproteiininen koiran m\u00e4rk\u00e4ruoka \u2013 lampaanliha 6 \u00d7 400 g - MiuMjau","isPartOf":{"@id":"https:\/\/miumjau.ee\/#website"},"primaryImageOfPage":{"@id":"https:\/\/miumjau.ee\/fi\/tuote\/polaris-monoproteiininen-koiran-markaruoka-lampaanliha-6-x-400-g\/#primaryimage"},"image":{"@id":"https:\/\/miumjau.ee\/fi\/tuote\/polaris-monoproteiininen-koiran-markaruoka-lampaanliha-6-x-400-g\/#primaryimage"},"thumbnailUrl":"https:\/\/miumjau.ee\/wp-content\/uploads\/2025\/05\/polaris-koer-konserv-monoproteiin2.webp","datePublished":"2025-05-20T14:09:27+00:00","dateModified":"2026-01-07T20:41:22+00:00","breadcrumb":{"@id":"https:\/\/miumjau.ee\/fi\/tuote\/polaris-monoproteiininen-koiran-markaruoka-lampaanliha-6-x-400-g\/#breadcrumb"},"inLanguage":"fi","potentialAction":[{"@type":"ReadAction","target":["https:\/\/miumjau.ee\/fi\/tuote\/polaris-monoproteiininen-koiran-markaruoka-lampaanliha-6-x-400-g\/"]}]},{"@type":"ImageObject","inLanguage":"fi","@id":"https:\/\/miumjau.ee\/fi\/tuote\/polaris-monoproteiininen-koiran-markaruoka-lampaanliha-6-x-400-g\/#primaryimage","url":"https:\/\/miumjau.ee\/wp-content\/uploads\/2025\/05\/polaris-koer-konserv-monoproteiin2.webp","contentUrl":"https:\/\/miumjau.ee\/wp-content\/uploads\/2025\/05\/polaris-koer-konserv-monoproteiin2.webp","width":600,"height":800,"caption":"Polaris lambaga monoproteiin koerakonserv 6x400g"},{"@type":"BreadcrumbList","@id":"https:\/\/miumjau.ee\/fi\/tuote\/polaris-monoproteiininen-koiran-markaruoka-lampaanliha-6-x-400-g\/#breadcrumb","itemListElement":[{"@type":"ListItem","position":1,"name":"Home","item":"https:\/\/miumjau.ee\/fi\/"},{"@type":"ListItem","position":2,"name":"Kauppa","item":"https:\/\/miumjau.ee\/fi\/kauppa\/"},{"@type":"ListItem","position":3,"name":"Polaris monoproteiininen koiran m\u00e4rk\u00e4ruoka \u2013 lampaanliha 6 \u00d7 400 g"}]},{"@type":"WebSite","@id":"https:\/\/miumjau.ee\/#website","url":"https:\/\/miumjau.ee\/","name":"MiuMjau","description":"Kraapimispuud kassidele","publisher":{"@id":"https:\/\/miumjau.ee\/#organization"},"potentialAction":[{"@type":"SearchAction","target":{"@type":"EntryPoint","urlTemplate":"https:\/\/miumjau.ee\/?s={search_term_string}"},"query-input":{"@type":"PropertyValueSpecification","valueRequired":true,"valueName":"search_term_string"}}],"inLanguage":"fi"},{"@type":"Organization","@id":"https:\/\/miumjau.ee\/#organization","name":"MiuMjau O\u00dc","url":"https:\/\/miumjau.ee\/","logo":{"@type":"ImageObject","inLanguage":"fi","@id":"https:\/\/miumjau.ee\/#\/schema\/logo\/image\/","url":"https:\/\/miumjau.ee\/wp-content\/uploads\/2022\/04\/MiuMjau-logo-kollane.png","contentUrl":"https:\/\/miumjau.ee\/wp-content\/uploads\/2022\/04\/MiuMjau-logo-kollane.png","width":219,"height":100,"caption":"MiuMjau O\u00dc"},"image":{"@id":"https:\/\/miumjau.ee\/#\/schema\/logo\/image\/"},"sameAs":["https:\/\/www.facebook.com\/miumjaupood\/"]}]}},"_links":{"self":[{"href":"https:\/\/miumjau.ee\/fi\/wp-json\/wp\/v2\/product\/51391","targetHints":{"allow":["GET"]}}],"collection":[{"href":"https:\/\/miumjau.ee\/fi\/wp-json\/wp\/v2\/product"}],"about":[{"href":"https:\/\/miumjau.ee\/fi\/wp-json\/wp\/v2\/types\/product"}],"wp:featuredmedia":[{"embeddable":true,"href":"https:\/\/miumjau.ee\/fi\/wp-json\/wp\/v2\/media\/35454"}],"wp:attachment":[{"href":"https:\/\/miumjau.ee\/fi\/wp-json\/wp\/v2\/media?parent=51391"}],"wp:term":[{"taxonomy":"product_brand","embeddable":true,"href":"https:\/\/miumjau.ee\/fi\/wp-json\/wp\/v2\/product_brand?post=51391"},{"taxonomy":"product_cat","embeddable":true,"href":"https:\/\/miumjau.ee\/fi\/wp-json\/wp\/v2\/product_cat?post=51391"},{"taxonomy":"product_tag","embeddable":true,"href":"https:\/\/miumjau.ee\/fi\/wp-json\/wp\/v2\/product_tag?post=51391"}],"curies":[{"name":"wp","href":"https:\/\/api.w.org\/{rel}","templated":true}]}}