{"id":51098,"date":"2025-04-07T13:45:49","date_gmt":"2025-04-07T10:45:49","guid":{"rendered":"https:\/\/miumjau.ee\/toode\/ambrosia-viljaton-kuivaruoka-koirille-naudanliha-lohi-12-kg\/"},"modified":"2026-01-07T22:41:29","modified_gmt":"2026-01-07T20:41:29","slug":"ambrosia-viljaton-kuivaruoka-koirille-naudanliha-lohi-12-kg","status":"publish","type":"product","link":"https:\/\/miumjau.ee\/fi\/tuote\/ambrosia-viljaton-kuivaruoka-koirille-naudanliha-lohi-12-kg\/","title":{"rendered":"Ambrosia Viljaton kuivaruoka koirille naudanliha &#038; lohi 12 kg"},"content":{"rendered":"","protected":false},"excerpt":{"rendered":"<p data-start=\"2115\" data-end=\"2193\"><strong data-start=\"2115\" data-end=\"2147\">Ambrosia Beef &amp; Fresh Salmon<\/strong> \u2013 ravinteikas ja viljaton nappula koirille!<\/p>\n<p data-start=\"2195\" data-end=\"2575\">Tuore lohifilee tarjoaa helposti sulavaa proteiinia, ja kuivatettu korkeaproteiininen naudanliha takaa t\u00e4ysipainoisen ja maukkaan aterian. Pre- ja probiootit tukevat ruoansulatusta ja immuunij\u00e4rjestelm\u00e4\u00e4, kun taas glukosamiini ja kondroitiini suojaavat niveli\u00e4. L-karnitiini ja tauriini tukevat syd\u00e4men ja lihasten terveytt\u00e4. Keskikokoiset nappulat sopivat kaikille koiraroduille.<\/p>\n<p data-start=\"2577\" data-end=\"3158\"><strong data-start=\"2577\" data-end=\"2649\">Luonnolliset ainesosat \u2013 optimaalinen terveys jokaisessa suupalassa!<\/strong><br data-start=\"2649\" data-end=\"2652\" \/>\ud83e\udd6c <strong data-start=\"2655\" data-end=\"2667\">Pinaatti<\/strong> \u2013 antioksidanttipitoinen superruoka, joka tukee immuunij\u00e4rjestelm\u00e4\u00e4 ja auttaa alentamaan verenpainetta<br data-start=\"2770\" data-end=\"2773\" \/>\ud83e\udd66 <strong data-start=\"2776\" data-end=\"2790\">Parsakaali<\/strong> \u2013 sis\u00e4lt\u00e4\u00e4 tulehdusta ehk\u00e4isevi\u00e4 yhdisteit\u00e4, tukee silmien terveytt\u00e4 ja voi ehk\u00e4ist\u00e4 syd\u00e4nsairauksia ja sy\u00f6p\u00e4\u00e4<br data-start=\"2901\" data-end=\"2904\" \/>\ud83c\udf52 <strong data-start=\"2907\" data-end=\"2918\">Karpalo<\/strong> \u2013 tukee syd\u00e4men terveytt\u00e4, auttaa verenpaineen s\u00e4\u00e4telyss\u00e4 ja tarjoaa kuituja ja hy\u00f6dyllisi\u00e4 rasvahappoja<br data-start=\"3023\" data-end=\"3026\" \/>\ud83e\uded0 <strong data-start=\"3029\" data-end=\"3041\">Mustikka<\/strong> \u2013 vahvistaa immuunij\u00e4rjestelm\u00e4\u00e4, tukee syd\u00e4men terveytt\u00e4 ja auttaa yll\u00e4pit\u00e4m\u00e4\u00e4n vahvoja luita ja henkist\u00e4 vireytt\u00e4<\/p>\n<p data-start=\"3160\" data-end=\"3691\"><strong data-start=\"3160\" data-end=\"3174\">Ainesosat:<\/strong><br data-start=\"3174\" data-end=\"3177\" \/>Tuore luuton lohi 21 %, kuivatettu naudan proteiini 21 %, kuivatettu peruna, herneet, halkaistut herneet, hydrolysoitu el\u00e4inproteiini 10 %, el\u00e4inrasva 9 %, pellavansiemenet, kuivatettu punajuurimassa, panimohiiva, mineraalit, sikuri (luonnollinen FOS ja inuliini), MOS &amp; beetaglukaanit, lohi\u00f6ljy (0,5 %), kuivatettu parsakaali, pinaatti, tomaatit, karpalot, mustikat, glukosamiini (150 mg\/kg), kondroitiinisulfaatti (150 mg\/kg), kasviuutteet (rosmariini, viiniryp\u00e4leen siemen, kurkuma, sitrushedelm\u00e4t, neilikka).<\/p>\n<p data-start=\"3693\" data-end=\"3837\"><strong data-start=\"3693\" data-end=\"3719\">Lis\u00e4aineet (kg kohti):<\/strong><br data-start=\"3719\" data-end=\"3722\" \/>A-vitamiini \u2013 14 000 IU, D3-vitamiini \u2013 1 000 IU, E-vitamiini \u2013 100 mg, Tauriini \u2013 1 000 mg, L-karnitiini \u2013 50 mg<\/p>\n<p data-start=\"3839\" data-end=\"4030\"><strong data-start=\"3839\" data-end=\"3866\">Analyyttinen koostumus:<\/strong><br data-start=\"3866\" data-end=\"3869\" \/>Raakavalkuainen 30 %, Raakarasva 20 %, Omega-3-rasvahapot 0,6 %, Omega-6-rasvahapot 2,5 %, Raakakuitu 3 %, Tuhka 8 %, Kosteus 9 %, Kalsium 1,2 %, Fosfori 0,9 %<\/p>\n<p data-start=\"4032\" data-end=\"4074\"><strong data-start=\"4032\" data-end=\"4058\">Metaboloituva energia:<\/strong> 3 962 kcal\/kg<\/p>\n<p data-start=\"4076\" data-end=\"4165\">\ud83d\udc99 <strong data-start=\"4079\" data-end=\"4111\">Ambrosia Beef &amp; Fresh Salmon<\/strong> \u2013 terveellinen ja tasapainoinen valinta koirallesi!<\/p>\n","protected":false},"featured_media":27953,"template":"","meta":[],"product_brand":[],"product_cat":[478],"product_tag":[],"class_list":{"0":"post-51098","1":"product","2":"type-product","3":"status-publish","4":"has-post-thumbnail","6":"product_cat-kuivaruoka-koirille","8":"first","9":"instock","10":"sale","11":"taxable","12":"shipping-taxable","13":"purchasable","14":"product-type-simple"},"yoast_head":"<!-- This site is optimized with the Yoast SEO plugin v27.2 - https:\/\/yoast.com\/product\/yoast-seo-wordpress\/ -->\n<title>Ambrosia Viljaton kuivaruoka koirille naudanliha &amp; lohi 12 kg - MiuMjau<\/title>\n<meta name=\"robots\" content=\"index, follow, max-snippet:-1, max-image-preview:large, max-video-preview:-1\" \/>\n<link rel=\"canonical\" href=\"https:\/\/miumjau.ee\/fi\/tuote\/ambrosia-viljaton-kuivaruoka-koirille-naudanliha-lohi-12-kg\/\" \/>\n<meta property=\"og:locale\" content=\"fi_FI\" \/>\n<meta property=\"og:type\" content=\"article\" \/>\n<meta property=\"og:title\" content=\"Ambrosia Viljaton kuivaruoka koirille naudanliha &amp; lohi 12 kg - MiuMjau\" \/>\n<meta property=\"og:description\" content=\"Ambrosia Beef &amp; Fresh Salmon \u2013 ravinteikas ja viljaton nappula koirille! Tuore lohifilee tarjoaa helposti sulavaa proteiinia, ja kuivatettu korkeaproteiininen naudanliha takaa t\u00e4ysipainoisen ja maukkaan aterian. Pre- ja probiootit tukevat ruoansulatusta ja immuunij\u00e4rjestelm\u00e4\u00e4, kun taas glukosamiini ja kondroitiini suojaavat niveli\u00e4. L-karnitiini ja tauriini tukevat syd\u00e4men ja lihasten terveytt\u00e4. Keskikokoiset nappulat sopivat kaikille koiraroduille. Luonnolliset ainesosat \u2013 optimaalinen terveys jokaisessa suupalassa!\ud83e\udd6c Pinaatti \u2013 antioksidanttipitoinen superruoka, joka tukee immuunij\u00e4rjestelm\u00e4\u00e4 ja auttaa alentamaan verenpainetta\ud83e\udd66 Parsakaali \u2013 sis\u00e4lt\u00e4\u00e4 tulehdusta ehk\u00e4isevi\u00e4 yhdisteit\u00e4, tukee silmien terveytt\u00e4 ja voi ehk\u00e4ist\u00e4 syd\u00e4nsairauksia ja sy\u00f6p\u00e4\u00e4\ud83c\udf52 Karpalo \u2013 tukee syd\u00e4men terveytt\u00e4, auttaa verenpaineen s\u00e4\u00e4telyss\u00e4 ja tarjoaa kuituja ja hy\u00f6dyllisi\u00e4 rasvahappoja\ud83e\uded0 Mustikka \u2013 vahvistaa immuunij\u00e4rjestelm\u00e4\u00e4, tukee syd\u00e4men terveytt\u00e4 ja auttaa yll\u00e4pit\u00e4m\u00e4\u00e4n vahvoja luita ja henkist\u00e4 vireytt\u00e4 Ainesosat:Tuore luuton lohi 21 %, kuivatettu naudan proteiini 21 %, kuivatettu peruna, herneet, halkaistut herneet, hydrolysoitu el\u00e4inproteiini 10 %, el\u00e4inrasva 9 %, pellavansiemenet, kuivatettu punajuurimassa, panimohiiva, mineraalit, sikuri (luonnollinen FOS ja inuliini), MOS &amp; beetaglukaanit, lohi\u00f6ljy (0,5 %), kuivatettu parsakaali, pinaatti, tomaatit, karpalot, mustikat, glukosamiini (150 mg\/kg), kondroitiinisulfaatti (150 mg\/kg), kasviuutteet (rosmariini, viiniryp\u00e4leen siemen, kurkuma, sitrushedelm\u00e4t, neilikka). Lis\u00e4aineet (kg kohti):A-vitamiini \u2013 14 000 IU, D3-vitamiini \u2013 1 000 IU, E-vitamiini \u2013 100 mg, Tauriini \u2013 1 000 mg, L-karnitiini \u2013 50 mg Analyyttinen koostumus:Raakavalkuainen 30 %, Raakarasva 20 %, Omega-3-rasvahapot 0,6 %, Omega-6-rasvahapot 2,5 %, Raakakuitu 3 %, Tuhka 8 %, Kosteus 9 %, Kalsium 1,2 %, Fosfori 0,9 % Metaboloituva energia: 3 962 kcal\/kg \ud83d\udc99 Ambrosia Beef &amp; Fresh Salmon \u2013 terveellinen ja tasapainoinen valinta koirallesi!\" \/>\n<meta property=\"og:url\" content=\"https:\/\/miumjau.ee\/fi\/tuote\/ambrosia-viljaton-kuivaruoka-koirille-naudanliha-lohi-12-kg\/\" \/>\n<meta property=\"og:site_name\" content=\"MiuMjau\" \/>\n<meta property=\"article:publisher\" content=\"https:\/\/www.facebook.com\/miumjaupood\/\" \/>\n<meta property=\"article:modified_time\" content=\"2026-01-07T20:41:29+00:00\" \/>\n<meta property=\"og:image\" content=\"https:\/\/miumjau.ee\/wp-content\/uploads\/2025\/03\/kuivtoit-koerale-ambrosia-veisjalohe.jpg\" \/>\n\t<meta property=\"og:image:width\" content=\"600\" \/>\n\t<meta property=\"og:image:height\" content=\"800\" \/>\n\t<meta property=\"og:image:type\" content=\"image\/jpeg\" \/>\n<meta name=\"twitter:card\" content=\"summary_large_image\" \/>\n<script type=\"application\/ld+json\" class=\"yoast-schema-graph\">{\"@context\":\"https:\/\/schema.org\",\"@graph\":[{\"@type\":\"WebPage\",\"@id\":\"https:\/\/miumjau.ee\/fi\/tuote\/ambrosia-viljaton-kuivaruoka-koirille-naudanliha-lohi-12-kg\/\",\"url\":\"https:\/\/miumjau.ee\/fi\/tuote\/ambrosia-viljaton-kuivaruoka-koirille-naudanliha-lohi-12-kg\/\",\"name\":\"Ambrosia Viljaton kuivaruoka koirille naudanliha & lohi 12 kg - MiuMjau\",\"isPartOf\":{\"@id\":\"https:\/\/miumjau.ee\/#website\"},\"primaryImageOfPage\":{\"@id\":\"https:\/\/miumjau.ee\/fi\/tuote\/ambrosia-viljaton-kuivaruoka-koirille-naudanliha-lohi-12-kg\/#primaryimage\"},\"image\":{\"@id\":\"https:\/\/miumjau.ee\/fi\/tuote\/ambrosia-viljaton-kuivaruoka-koirille-naudanliha-lohi-12-kg\/#primaryimage\"},\"thumbnailUrl\":\"https:\/\/miumjau.ee\/wp-content\/uploads\/2025\/03\/kuivtoit-koerale-ambrosia-veisjalohe.jpg\",\"datePublished\":\"2025-04-07T10:45:49+00:00\",\"dateModified\":\"2026-01-07T20:41:29+00:00\",\"breadcrumb\":{\"@id\":\"https:\/\/miumjau.ee\/fi\/tuote\/ambrosia-viljaton-kuivaruoka-koirille-naudanliha-lohi-12-kg\/#breadcrumb\"},\"inLanguage\":\"fi\",\"potentialAction\":[{\"@type\":\"ReadAction\",\"target\":[\"https:\/\/miumjau.ee\/fi\/tuote\/ambrosia-viljaton-kuivaruoka-koirille-naudanliha-lohi-12-kg\/\"]}]},{\"@type\":\"ImageObject\",\"inLanguage\":\"fi\",\"@id\":\"https:\/\/miumjau.ee\/fi\/tuote\/ambrosia-viljaton-kuivaruoka-koirille-naudanliha-lohi-12-kg\/#primaryimage\",\"url\":\"https:\/\/miumjau.ee\/wp-content\/uploads\/2025\/03\/kuivtoit-koerale-ambrosia-veisjalohe.jpg\",\"contentUrl\":\"https:\/\/miumjau.ee\/wp-content\/uploads\/2025\/03\/kuivtoit-koerale-ambrosia-veisjalohe.jpg\",\"width\":600,\"height\":800,\"caption\":\"Ambrosia teraviljavaba kuivtoit koerale veise ja l\u00f5hega 2kg\"},{\"@type\":\"BreadcrumbList\",\"@id\":\"https:\/\/miumjau.ee\/fi\/tuote\/ambrosia-viljaton-kuivaruoka-koirille-naudanliha-lohi-12-kg\/#breadcrumb\",\"itemListElement\":[{\"@type\":\"ListItem\",\"position\":1,\"name\":\"Home\",\"item\":\"https:\/\/miumjau.ee\/fi\/\"},{\"@type\":\"ListItem\",\"position\":2,\"name\":\"Kauppa\",\"item\":\"https:\/\/miumjau.ee\/fi\/kauppa\/\"},{\"@type\":\"ListItem\",\"position\":3,\"name\":\"Ambrosia Viljaton kuivaruoka koirille naudanliha &#038; lohi 12 kg\"}]},{\"@type\":\"WebSite\",\"@id\":\"https:\/\/miumjau.ee\/#website\",\"url\":\"https:\/\/miumjau.ee\/\",\"name\":\"MiuMjau\",\"description\":\"Kraapimispuud kassidele\",\"publisher\":{\"@id\":\"https:\/\/miumjau.ee\/#organization\"},\"potentialAction\":[{\"@type\":\"SearchAction\",\"target\":{\"@type\":\"EntryPoint\",\"urlTemplate\":\"https:\/\/miumjau.ee\/?s={search_term_string}\"},\"query-input\":{\"@type\":\"PropertyValueSpecification\",\"valueRequired\":true,\"valueName\":\"search_term_string\"}}],\"inLanguage\":\"fi\"},{\"@type\":\"Organization\",\"@id\":\"https:\/\/miumjau.ee\/#organization\",\"name\":\"MiuMjau O\u00dc\",\"url\":\"https:\/\/miumjau.ee\/\",\"logo\":{\"@type\":\"ImageObject\",\"inLanguage\":\"fi\",\"@id\":\"https:\/\/miumjau.ee\/#\/schema\/logo\/image\/\",\"url\":\"https:\/\/miumjau.ee\/wp-content\/uploads\/2022\/04\/MiuMjau-logo-kollane.png\",\"contentUrl\":\"https:\/\/miumjau.ee\/wp-content\/uploads\/2022\/04\/MiuMjau-logo-kollane.png\",\"width\":219,\"height\":100,\"caption\":\"MiuMjau O\u00dc\"},\"image\":{\"@id\":\"https:\/\/miumjau.ee\/#\/schema\/logo\/image\/\"},\"sameAs\":[\"https:\/\/www.facebook.com\/miumjaupood\/\"]}]}<\/script>\n<!-- \/ Yoast SEO plugin. -->","yoast_head_json":{"title":"Ambrosia Viljaton kuivaruoka koirille naudanliha & lohi 12 kg - MiuMjau","robots":{"index":"index","follow":"follow","max-snippet":"max-snippet:-1","max-image-preview":"max-image-preview:large","max-video-preview":"max-video-preview:-1"},"canonical":"https:\/\/miumjau.ee\/fi\/tuote\/ambrosia-viljaton-kuivaruoka-koirille-naudanliha-lohi-12-kg\/","og_locale":"fi_FI","og_type":"article","og_title":"Ambrosia Viljaton kuivaruoka koirille naudanliha & lohi 12 kg - MiuMjau","og_description":"Ambrosia Beef &amp; Fresh Salmon \u2013 ravinteikas ja viljaton nappula koirille! Tuore lohifilee tarjoaa helposti sulavaa proteiinia, ja kuivatettu korkeaproteiininen naudanliha takaa t\u00e4ysipainoisen ja maukkaan aterian. Pre- ja probiootit tukevat ruoansulatusta ja immuunij\u00e4rjestelm\u00e4\u00e4, kun taas glukosamiini ja kondroitiini suojaavat niveli\u00e4. L-karnitiini ja tauriini tukevat syd\u00e4men ja lihasten terveytt\u00e4. Keskikokoiset nappulat sopivat kaikille koiraroduille. Luonnolliset ainesosat \u2013 optimaalinen terveys jokaisessa suupalassa!\ud83e\udd6c Pinaatti \u2013 antioksidanttipitoinen superruoka, joka tukee immuunij\u00e4rjestelm\u00e4\u00e4 ja auttaa alentamaan verenpainetta\ud83e\udd66 Parsakaali \u2013 sis\u00e4lt\u00e4\u00e4 tulehdusta ehk\u00e4isevi\u00e4 yhdisteit\u00e4, tukee silmien terveytt\u00e4 ja voi ehk\u00e4ist\u00e4 syd\u00e4nsairauksia ja sy\u00f6p\u00e4\u00e4\ud83c\udf52 Karpalo \u2013 tukee syd\u00e4men terveytt\u00e4, auttaa verenpaineen s\u00e4\u00e4telyss\u00e4 ja tarjoaa kuituja ja hy\u00f6dyllisi\u00e4 rasvahappoja\ud83e\uded0 Mustikka \u2013 vahvistaa immuunij\u00e4rjestelm\u00e4\u00e4, tukee syd\u00e4men terveytt\u00e4 ja auttaa yll\u00e4pit\u00e4m\u00e4\u00e4n vahvoja luita ja henkist\u00e4 vireytt\u00e4 Ainesosat:Tuore luuton lohi 21 %, kuivatettu naudan proteiini 21 %, kuivatettu peruna, herneet, halkaistut herneet, hydrolysoitu el\u00e4inproteiini 10 %, el\u00e4inrasva 9 %, pellavansiemenet, kuivatettu punajuurimassa, panimohiiva, mineraalit, sikuri (luonnollinen FOS ja inuliini), MOS &amp; beetaglukaanit, lohi\u00f6ljy (0,5 %), kuivatettu parsakaali, pinaatti, tomaatit, karpalot, mustikat, glukosamiini (150 mg\/kg), kondroitiinisulfaatti (150 mg\/kg), kasviuutteet (rosmariini, viiniryp\u00e4leen siemen, kurkuma, sitrushedelm\u00e4t, neilikka). Lis\u00e4aineet (kg kohti):A-vitamiini \u2013 14 000 IU, D3-vitamiini \u2013 1 000 IU, E-vitamiini \u2013 100 mg, Tauriini \u2013 1 000 mg, L-karnitiini \u2013 50 mg Analyyttinen koostumus:Raakavalkuainen 30 %, Raakarasva 20 %, Omega-3-rasvahapot 0,6 %, Omega-6-rasvahapot 2,5 %, Raakakuitu 3 %, Tuhka 8 %, Kosteus 9 %, Kalsium 1,2 %, Fosfori 0,9 % Metaboloituva energia: 3 962 kcal\/kg \ud83d\udc99 Ambrosia Beef &amp; Fresh Salmon \u2013 terveellinen ja tasapainoinen valinta koirallesi!","og_url":"https:\/\/miumjau.ee\/fi\/tuote\/ambrosia-viljaton-kuivaruoka-koirille-naudanliha-lohi-12-kg\/","og_site_name":"MiuMjau","article_publisher":"https:\/\/www.facebook.com\/miumjaupood\/","article_modified_time":"2026-01-07T20:41:29+00:00","og_image":[{"width":600,"height":800,"url":"https:\/\/miumjau.ee\/wp-content\/uploads\/2025\/03\/kuivtoit-koerale-ambrosia-veisjalohe.jpg","type":"image\/jpeg"}],"twitter_card":"summary_large_image","schema":{"@context":"https:\/\/schema.org","@graph":[{"@type":"WebPage","@id":"https:\/\/miumjau.ee\/fi\/tuote\/ambrosia-viljaton-kuivaruoka-koirille-naudanliha-lohi-12-kg\/","url":"https:\/\/miumjau.ee\/fi\/tuote\/ambrosia-viljaton-kuivaruoka-koirille-naudanliha-lohi-12-kg\/","name":"Ambrosia Viljaton kuivaruoka koirille naudanliha & lohi 12 kg - MiuMjau","isPartOf":{"@id":"https:\/\/miumjau.ee\/#website"},"primaryImageOfPage":{"@id":"https:\/\/miumjau.ee\/fi\/tuote\/ambrosia-viljaton-kuivaruoka-koirille-naudanliha-lohi-12-kg\/#primaryimage"},"image":{"@id":"https:\/\/miumjau.ee\/fi\/tuote\/ambrosia-viljaton-kuivaruoka-koirille-naudanliha-lohi-12-kg\/#primaryimage"},"thumbnailUrl":"https:\/\/miumjau.ee\/wp-content\/uploads\/2025\/03\/kuivtoit-koerale-ambrosia-veisjalohe.jpg","datePublished":"2025-04-07T10:45:49+00:00","dateModified":"2026-01-07T20:41:29+00:00","breadcrumb":{"@id":"https:\/\/miumjau.ee\/fi\/tuote\/ambrosia-viljaton-kuivaruoka-koirille-naudanliha-lohi-12-kg\/#breadcrumb"},"inLanguage":"fi","potentialAction":[{"@type":"ReadAction","target":["https:\/\/miumjau.ee\/fi\/tuote\/ambrosia-viljaton-kuivaruoka-koirille-naudanliha-lohi-12-kg\/"]}]},{"@type":"ImageObject","inLanguage":"fi","@id":"https:\/\/miumjau.ee\/fi\/tuote\/ambrosia-viljaton-kuivaruoka-koirille-naudanliha-lohi-12-kg\/#primaryimage","url":"https:\/\/miumjau.ee\/wp-content\/uploads\/2025\/03\/kuivtoit-koerale-ambrosia-veisjalohe.jpg","contentUrl":"https:\/\/miumjau.ee\/wp-content\/uploads\/2025\/03\/kuivtoit-koerale-ambrosia-veisjalohe.jpg","width":600,"height":800,"caption":"Ambrosia teraviljavaba kuivtoit koerale veise ja l\u00f5hega 2kg"},{"@type":"BreadcrumbList","@id":"https:\/\/miumjau.ee\/fi\/tuote\/ambrosia-viljaton-kuivaruoka-koirille-naudanliha-lohi-12-kg\/#breadcrumb","itemListElement":[{"@type":"ListItem","position":1,"name":"Home","item":"https:\/\/miumjau.ee\/fi\/"},{"@type":"ListItem","position":2,"name":"Kauppa","item":"https:\/\/miumjau.ee\/fi\/kauppa\/"},{"@type":"ListItem","position":3,"name":"Ambrosia Viljaton kuivaruoka koirille naudanliha &#038; lohi 12 kg"}]},{"@type":"WebSite","@id":"https:\/\/miumjau.ee\/#website","url":"https:\/\/miumjau.ee\/","name":"MiuMjau","description":"Kraapimispuud kassidele","publisher":{"@id":"https:\/\/miumjau.ee\/#organization"},"potentialAction":[{"@type":"SearchAction","target":{"@type":"EntryPoint","urlTemplate":"https:\/\/miumjau.ee\/?s={search_term_string}"},"query-input":{"@type":"PropertyValueSpecification","valueRequired":true,"valueName":"search_term_string"}}],"inLanguage":"fi"},{"@type":"Organization","@id":"https:\/\/miumjau.ee\/#organization","name":"MiuMjau O\u00dc","url":"https:\/\/miumjau.ee\/","logo":{"@type":"ImageObject","inLanguage":"fi","@id":"https:\/\/miumjau.ee\/#\/schema\/logo\/image\/","url":"https:\/\/miumjau.ee\/wp-content\/uploads\/2022\/04\/MiuMjau-logo-kollane.png","contentUrl":"https:\/\/miumjau.ee\/wp-content\/uploads\/2022\/04\/MiuMjau-logo-kollane.png","width":219,"height":100,"caption":"MiuMjau O\u00dc"},"image":{"@id":"https:\/\/miumjau.ee\/#\/schema\/logo\/image\/"},"sameAs":["https:\/\/www.facebook.com\/miumjaupood\/"]}]}},"_links":{"self":[{"href":"https:\/\/miumjau.ee\/fi\/wp-json\/wp\/v2\/product\/51098","targetHints":{"allow":["GET"]}}],"collection":[{"href":"https:\/\/miumjau.ee\/fi\/wp-json\/wp\/v2\/product"}],"about":[{"href":"https:\/\/miumjau.ee\/fi\/wp-json\/wp\/v2\/types\/product"}],"wp:featuredmedia":[{"embeddable":true,"href":"https:\/\/miumjau.ee\/fi\/wp-json\/wp\/v2\/media\/27953"}],"wp:attachment":[{"href":"https:\/\/miumjau.ee\/fi\/wp-json\/wp\/v2\/media?parent=51098"}],"wp:term":[{"taxonomy":"product_brand","embeddable":true,"href":"https:\/\/miumjau.ee\/fi\/wp-json\/wp\/v2\/product_brand?post=51098"},{"taxonomy":"product_cat","embeddable":true,"href":"https:\/\/miumjau.ee\/fi\/wp-json\/wp\/v2\/product_cat?post=51098"},{"taxonomy":"product_tag","embeddable":true,"href":"https:\/\/miumjau.ee\/fi\/wp-json\/wp\/v2\/product_tag?post=51098"}],"curies":[{"name":"wp","href":"https:\/\/api.w.org\/{rel}","templated":true}]}}