{"id":51089,"date":"2025-04-07T13:45:52","date_gmt":"2025-04-07T10:45:52","guid":{"rendered":"https:\/\/miumjau.ee\/toode\/ambrosia-viljaton-kuivaruoka-koirille-lammas-lohi-12-kg\/"},"modified":"2026-01-07T22:41:29","modified_gmt":"2026-01-07T20:41:29","slug":"ambrosia-viljaton-kuivaruoka-koirille-lammas-lohi-12-kg","status":"publish","type":"product","link":"https:\/\/miumjau.ee\/fi\/tuote\/ambrosia-viljaton-kuivaruoka-koirille-lammas-lohi-12-kg\/","title":{"rendered":"Ambrosia Viljaton kuivaruoka koirille lammas &#038; lohi 12 kg"},"content":{"rendered":"","protected":false},"excerpt":{"rendered":"<p data-start=\"2143\" data-end=\"2221\"><strong data-start=\"2143\" data-end=\"2175\">Ambrosia Lamb &amp; Fresh Salmon<\/strong> \u2013 ravinteikas ja viljaton nappula koirille!<\/p>\n<p data-start=\"2223\" data-end=\"2593\">Tuore lohifilee tarjoaa helposti sulavaa proteiinia, ja kuivatettu korkeaproteiininen lammas takaa t\u00e4ysipainoisen ja maukkaan aterian. Pre- ja probiootit tukevat ruoansulatusta ja immuniteettia, kun taas glukosamiini ja kondroitiini suojaavat niveli\u00e4. L-karnitiini ja tauriini tukevat syd\u00e4men ja lihasten terveytt\u00e4. Keskikokoiset nappulat sopivat kaikille koiraroduille.<\/p>\n<p data-start=\"2595\" data-end=\"3138\"><strong data-start=\"2595\" data-end=\"2667\">Luonnolliset ainesosat \u2013 optimaalinen terveys jokaisessa suupalassa!<\/strong><br data-start=\"2667\" data-end=\"2670\" \/>\ud83e\udd6c <strong data-start=\"2673\" data-end=\"2685\">Pinaatti<\/strong> \u2013 superruoka, tukee immuunij\u00e4rjestelm\u00e4\u00e4, auttaa s\u00e4\u00e4telem\u00e4\u00e4n verenpainetta ja ehk\u00e4isee virtsateiden tulehduksia<br data-start=\"2796\" data-end=\"2799\" \/>\ud83e\udd66 <strong data-start=\"2802\" data-end=\"2816\">Parsakaali<\/strong> \u2013 antioksidanttipitoinen kasvi, v\u00e4hent\u00e4\u00e4 tulehduksia, tukee silmi\u00e4 ja syd\u00e4nt\u00e4, voi ehk\u00e4ist\u00e4 sy\u00f6p\u00e4\u00e4<br data-start=\"2915\" data-end=\"2918\" \/>\ud83c\udf52 <strong data-start=\"2921\" data-end=\"2932\">Karpalo<\/strong> \u2013 tukee syd\u00e4men terveytt\u00e4, s\u00e4\u00e4telee verenpainetta ja tarjoaa hy\u00f6dyllisi\u00e4 kuituja ja rasvahappoja<br data-start=\"3029\" data-end=\"3032\" \/>\ud83e\uded0 <strong data-start=\"3035\" data-end=\"3047\">Mustikka<\/strong> \u2013 vahvistaa immuunij\u00e4rjestelm\u00e4\u00e4, tukee syd\u00e4men ja luiden terveytt\u00e4, pit\u00e4\u00e4 aivot virkein\u00e4<\/p>\n<p data-start=\"3140\" data-end=\"3748\"><strong data-start=\"3140\" data-end=\"3154\">Ainesosat:<\/strong><br data-start=\"3154\" data-end=\"3157\" \/>Tuore luuton lohi 18 %, kuivatettu peruna, kuivatettu lampaan proteiini 12 %, kuivatettu el\u00e4inproteiini 12 %, vihre\u00e4t herneet, halkaistut vihre\u00e4t herneet, el\u00e4inrasva 9 %, hydrolysoitu el\u00e4inproteiini 9 %, pellavansiemenet, kuivatettu punajuurimassa, perunaproteiini, mineraalit, hiivaekstrakti (luonnollinen MOS &amp; beetaglukaanit), lohi\u00f6ljy, sikuri (luonnollinen FOS ja inuliini), panimohiiva, kuivatettu parsakaali, pinaatti, karpalot, mustikat, glukosamiini (150 mg\/kg), kondroitiinisulfaatti (150 mg\/kg), kasviuutteet (rosmariini, viiniryp\u00e4leen siemen, kurkuma, sitrushedelm\u00e4t, neilikka).<\/p>\n<p data-start=\"3750\" data-end=\"3894\"><strong data-start=\"3750\" data-end=\"3776\">Lis\u00e4aineet (kg kohti):<\/strong><br data-start=\"3776\" data-end=\"3779\" \/>A-vitamiini \u2013 14 000 IU, D3-vitamiini \u2013 1 350 IU, E-vitamiini \u2013 400 mg, Tauriini \u2013 1 000 mg, L-karnitiini \u2013 50 mg<\/p>\n<p data-start=\"3896\" data-end=\"4087\"><strong data-start=\"3896\" data-end=\"3923\">Analyyttinen koostumus:<\/strong><br data-start=\"3923\" data-end=\"3926\" \/>Raakavalkuainen 32 %, Raakarasva 18 %, Omega-3-rasvahapot 0,7 %, Omega-6-rasvahapot 3,1 %, Raakakuitu 3 %, Tuhka 8 %, Kosteus 9 %, Kalsium 1,8 %, Fosfori 1,2 %<\/p>\n<p data-start=\"4089\" data-end=\"4131\"><strong data-start=\"4089\" data-end=\"4115\">Metaboloituva energia:<\/strong> 3 998 kcal\/kg<\/p>\n<p data-start=\"4133\" data-end=\"4213\">\ud83d\udc99 <strong data-start=\"4136\" data-end=\"4168\">Ambrosia Lamb &amp; Fresh Salmon<\/strong> \u2013 terveellinen ja maukas valinta koirallesi!<\/p>\n","protected":false},"featured_media":27958,"template":"","meta":[],"product_brand":[],"product_cat":[478],"product_tag":[],"class_list":{"0":"post-51089","1":"product","2":"type-product","3":"status-publish","4":"has-post-thumbnail","6":"product_cat-kuivaruoka-koirille","8":"first","9":"instock","10":"taxable","11":"shipping-taxable","12":"purchasable","13":"product-type-simple"},"yoast_head":"<!-- This site is optimized with the Yoast SEO plugin v27.2 - https:\/\/yoast.com\/product\/yoast-seo-wordpress\/ -->\n<title>Ambrosia Viljaton kuivaruoka koirille lammas &amp; lohi 12 kg - MiuMjau<\/title>\n<meta name=\"robots\" content=\"index, follow, max-snippet:-1, max-image-preview:large, max-video-preview:-1\" \/>\n<link rel=\"canonical\" href=\"https:\/\/miumjau.ee\/fi\/tuote\/ambrosia-viljaton-kuivaruoka-koirille-lammas-lohi-12-kg\/\" \/>\n<meta property=\"og:locale\" content=\"fi_FI\" \/>\n<meta property=\"og:type\" content=\"article\" \/>\n<meta property=\"og:title\" content=\"Ambrosia Viljaton kuivaruoka koirille lammas &amp; lohi 12 kg - MiuMjau\" \/>\n<meta property=\"og:description\" content=\"Ambrosia Lamb &amp; Fresh Salmon \u2013 ravinteikas ja viljaton nappula koirille! Tuore lohifilee tarjoaa helposti sulavaa proteiinia, ja kuivatettu korkeaproteiininen lammas takaa t\u00e4ysipainoisen ja maukkaan aterian. Pre- ja probiootit tukevat ruoansulatusta ja immuniteettia, kun taas glukosamiini ja kondroitiini suojaavat niveli\u00e4. L-karnitiini ja tauriini tukevat syd\u00e4men ja lihasten terveytt\u00e4. Keskikokoiset nappulat sopivat kaikille koiraroduille. Luonnolliset ainesosat \u2013 optimaalinen terveys jokaisessa suupalassa!\ud83e\udd6c Pinaatti \u2013 superruoka, tukee immuunij\u00e4rjestelm\u00e4\u00e4, auttaa s\u00e4\u00e4telem\u00e4\u00e4n verenpainetta ja ehk\u00e4isee virtsateiden tulehduksia\ud83e\udd66 Parsakaali \u2013 antioksidanttipitoinen kasvi, v\u00e4hent\u00e4\u00e4 tulehduksia, tukee silmi\u00e4 ja syd\u00e4nt\u00e4, voi ehk\u00e4ist\u00e4 sy\u00f6p\u00e4\u00e4\ud83c\udf52 Karpalo \u2013 tukee syd\u00e4men terveytt\u00e4, s\u00e4\u00e4telee verenpainetta ja tarjoaa hy\u00f6dyllisi\u00e4 kuituja ja rasvahappoja\ud83e\uded0 Mustikka \u2013 vahvistaa immuunij\u00e4rjestelm\u00e4\u00e4, tukee syd\u00e4men ja luiden terveytt\u00e4, pit\u00e4\u00e4 aivot virkein\u00e4 Ainesosat:Tuore luuton lohi 18 %, kuivatettu peruna, kuivatettu lampaan proteiini 12 %, kuivatettu el\u00e4inproteiini 12 %, vihre\u00e4t herneet, halkaistut vihre\u00e4t herneet, el\u00e4inrasva 9 %, hydrolysoitu el\u00e4inproteiini 9 %, pellavansiemenet, kuivatettu punajuurimassa, perunaproteiini, mineraalit, hiivaekstrakti (luonnollinen MOS &amp; beetaglukaanit), lohi\u00f6ljy, sikuri (luonnollinen FOS ja inuliini), panimohiiva, kuivatettu parsakaali, pinaatti, karpalot, mustikat, glukosamiini (150 mg\/kg), kondroitiinisulfaatti (150 mg\/kg), kasviuutteet (rosmariini, viiniryp\u00e4leen siemen, kurkuma, sitrushedelm\u00e4t, neilikka). Lis\u00e4aineet (kg kohti):A-vitamiini \u2013 14 000 IU, D3-vitamiini \u2013 1 350 IU, E-vitamiini \u2013 400 mg, Tauriini \u2013 1 000 mg, L-karnitiini \u2013 50 mg Analyyttinen koostumus:Raakavalkuainen 32 %, Raakarasva 18 %, Omega-3-rasvahapot 0,7 %, Omega-6-rasvahapot 3,1 %, Raakakuitu 3 %, Tuhka 8 %, Kosteus 9 %, Kalsium 1,8 %, Fosfori 1,2 % Metaboloituva energia: 3 998 kcal\/kg \ud83d\udc99 Ambrosia Lamb &amp; Fresh Salmon \u2013 terveellinen ja maukas valinta koirallesi!\" \/>\n<meta property=\"og:url\" content=\"https:\/\/miumjau.ee\/fi\/tuote\/ambrosia-viljaton-kuivaruoka-koirille-lammas-lohi-12-kg\/\" \/>\n<meta property=\"og:site_name\" content=\"MiuMjau\" \/>\n<meta property=\"article:publisher\" content=\"https:\/\/www.facebook.com\/miumjaupood\/\" \/>\n<meta property=\"article:modified_time\" content=\"2026-01-07T20:41:29+00:00\" \/>\n<meta property=\"og:image\" content=\"https:\/\/miumjau.ee\/wp-content\/uploads\/2025\/03\/ambrosia-kuivtoit-koerale-lamb-salmon.jpg\" \/>\n\t<meta property=\"og:image:width\" content=\"600\" \/>\n\t<meta property=\"og:image:height\" content=\"800\" \/>\n\t<meta property=\"og:image:type\" content=\"image\/jpeg\" \/>\n<meta name=\"twitter:card\" content=\"summary_large_image\" \/>\n<script type=\"application\/ld+json\" class=\"yoast-schema-graph\">{\"@context\":\"https:\/\/schema.org\",\"@graph\":[{\"@type\":\"WebPage\",\"@id\":\"https:\/\/miumjau.ee\/fi\/tuote\/ambrosia-viljaton-kuivaruoka-koirille-lammas-lohi-12-kg\/\",\"url\":\"https:\/\/miumjau.ee\/fi\/tuote\/ambrosia-viljaton-kuivaruoka-koirille-lammas-lohi-12-kg\/\",\"name\":\"Ambrosia Viljaton kuivaruoka koirille lammas & lohi 12 kg - MiuMjau\",\"isPartOf\":{\"@id\":\"https:\/\/miumjau.ee\/#website\"},\"primaryImageOfPage\":{\"@id\":\"https:\/\/miumjau.ee\/fi\/tuote\/ambrosia-viljaton-kuivaruoka-koirille-lammas-lohi-12-kg\/#primaryimage\"},\"image\":{\"@id\":\"https:\/\/miumjau.ee\/fi\/tuote\/ambrosia-viljaton-kuivaruoka-koirille-lammas-lohi-12-kg\/#primaryimage\"},\"thumbnailUrl\":\"https:\/\/miumjau.ee\/wp-content\/uploads\/2025\/03\/ambrosia-kuivtoit-koerale-lamb-salmon.jpg\",\"datePublished\":\"2025-04-07T10:45:52+00:00\",\"dateModified\":\"2026-01-07T20:41:29+00:00\",\"breadcrumb\":{\"@id\":\"https:\/\/miumjau.ee\/fi\/tuote\/ambrosia-viljaton-kuivaruoka-koirille-lammas-lohi-12-kg\/#breadcrumb\"},\"inLanguage\":\"fi\",\"potentialAction\":[{\"@type\":\"ReadAction\",\"target\":[\"https:\/\/miumjau.ee\/fi\/tuote\/ambrosia-viljaton-kuivaruoka-koirille-lammas-lohi-12-kg\/\"]}]},{\"@type\":\"ImageObject\",\"inLanguage\":\"fi\",\"@id\":\"https:\/\/miumjau.ee\/fi\/tuote\/ambrosia-viljaton-kuivaruoka-koirille-lammas-lohi-12-kg\/#primaryimage\",\"url\":\"https:\/\/miumjau.ee\/wp-content\/uploads\/2025\/03\/ambrosia-kuivtoit-koerale-lamb-salmon.jpg\",\"contentUrl\":\"https:\/\/miumjau.ee\/wp-content\/uploads\/2025\/03\/ambrosia-kuivtoit-koerale-lamb-salmon.jpg\",\"width\":600,\"height\":800,\"caption\":\"Ambrosia teraviljavaba kuivtoit koerale lamba ja l\u00f5hega 2kg\"},{\"@type\":\"BreadcrumbList\",\"@id\":\"https:\/\/miumjau.ee\/fi\/tuote\/ambrosia-viljaton-kuivaruoka-koirille-lammas-lohi-12-kg\/#breadcrumb\",\"itemListElement\":[{\"@type\":\"ListItem\",\"position\":1,\"name\":\"Home\",\"item\":\"https:\/\/miumjau.ee\/fi\/\"},{\"@type\":\"ListItem\",\"position\":2,\"name\":\"Kauppa\",\"item\":\"https:\/\/miumjau.ee\/fi\/kauppa\/\"},{\"@type\":\"ListItem\",\"position\":3,\"name\":\"Ambrosia Viljaton kuivaruoka koirille lammas &#038; lohi 12 kg\"}]},{\"@type\":\"WebSite\",\"@id\":\"https:\/\/miumjau.ee\/#website\",\"url\":\"https:\/\/miumjau.ee\/\",\"name\":\"MiuMjau\",\"description\":\"Kraapimispuud kassidele\",\"publisher\":{\"@id\":\"https:\/\/miumjau.ee\/#organization\"},\"potentialAction\":[{\"@type\":\"SearchAction\",\"target\":{\"@type\":\"EntryPoint\",\"urlTemplate\":\"https:\/\/miumjau.ee\/?s={search_term_string}\"},\"query-input\":{\"@type\":\"PropertyValueSpecification\",\"valueRequired\":true,\"valueName\":\"search_term_string\"}}],\"inLanguage\":\"fi\"},{\"@type\":\"Organization\",\"@id\":\"https:\/\/miumjau.ee\/#organization\",\"name\":\"MiuMjau O\u00dc\",\"url\":\"https:\/\/miumjau.ee\/\",\"logo\":{\"@type\":\"ImageObject\",\"inLanguage\":\"fi\",\"@id\":\"https:\/\/miumjau.ee\/#\/schema\/logo\/image\/\",\"url\":\"https:\/\/miumjau.ee\/wp-content\/uploads\/2022\/04\/MiuMjau-logo-kollane.png\",\"contentUrl\":\"https:\/\/miumjau.ee\/wp-content\/uploads\/2022\/04\/MiuMjau-logo-kollane.png\",\"width\":219,\"height\":100,\"caption\":\"MiuMjau O\u00dc\"},\"image\":{\"@id\":\"https:\/\/miumjau.ee\/#\/schema\/logo\/image\/\"},\"sameAs\":[\"https:\/\/www.facebook.com\/miumjaupood\/\"]}]}<\/script>\n<!-- \/ Yoast SEO plugin. -->","yoast_head_json":{"title":"Ambrosia Viljaton kuivaruoka koirille lammas & lohi 12 kg - MiuMjau","robots":{"index":"index","follow":"follow","max-snippet":"max-snippet:-1","max-image-preview":"max-image-preview:large","max-video-preview":"max-video-preview:-1"},"canonical":"https:\/\/miumjau.ee\/fi\/tuote\/ambrosia-viljaton-kuivaruoka-koirille-lammas-lohi-12-kg\/","og_locale":"fi_FI","og_type":"article","og_title":"Ambrosia Viljaton kuivaruoka koirille lammas & lohi 12 kg - MiuMjau","og_description":"Ambrosia Lamb &amp; Fresh Salmon \u2013 ravinteikas ja viljaton nappula koirille! Tuore lohifilee tarjoaa helposti sulavaa proteiinia, ja kuivatettu korkeaproteiininen lammas takaa t\u00e4ysipainoisen ja maukkaan aterian. Pre- ja probiootit tukevat ruoansulatusta ja immuniteettia, kun taas glukosamiini ja kondroitiini suojaavat niveli\u00e4. L-karnitiini ja tauriini tukevat syd\u00e4men ja lihasten terveytt\u00e4. Keskikokoiset nappulat sopivat kaikille koiraroduille. Luonnolliset ainesosat \u2013 optimaalinen terveys jokaisessa suupalassa!\ud83e\udd6c Pinaatti \u2013 superruoka, tukee immuunij\u00e4rjestelm\u00e4\u00e4, auttaa s\u00e4\u00e4telem\u00e4\u00e4n verenpainetta ja ehk\u00e4isee virtsateiden tulehduksia\ud83e\udd66 Parsakaali \u2013 antioksidanttipitoinen kasvi, v\u00e4hent\u00e4\u00e4 tulehduksia, tukee silmi\u00e4 ja syd\u00e4nt\u00e4, voi ehk\u00e4ist\u00e4 sy\u00f6p\u00e4\u00e4\ud83c\udf52 Karpalo \u2013 tukee syd\u00e4men terveytt\u00e4, s\u00e4\u00e4telee verenpainetta ja tarjoaa hy\u00f6dyllisi\u00e4 kuituja ja rasvahappoja\ud83e\uded0 Mustikka \u2013 vahvistaa immuunij\u00e4rjestelm\u00e4\u00e4, tukee syd\u00e4men ja luiden terveytt\u00e4, pit\u00e4\u00e4 aivot virkein\u00e4 Ainesosat:Tuore luuton lohi 18 %, kuivatettu peruna, kuivatettu lampaan proteiini 12 %, kuivatettu el\u00e4inproteiini 12 %, vihre\u00e4t herneet, halkaistut vihre\u00e4t herneet, el\u00e4inrasva 9 %, hydrolysoitu el\u00e4inproteiini 9 %, pellavansiemenet, kuivatettu punajuurimassa, perunaproteiini, mineraalit, hiivaekstrakti (luonnollinen MOS &amp; beetaglukaanit), lohi\u00f6ljy, sikuri (luonnollinen FOS ja inuliini), panimohiiva, kuivatettu parsakaali, pinaatti, karpalot, mustikat, glukosamiini (150 mg\/kg), kondroitiinisulfaatti (150 mg\/kg), kasviuutteet (rosmariini, viiniryp\u00e4leen siemen, kurkuma, sitrushedelm\u00e4t, neilikka). Lis\u00e4aineet (kg kohti):A-vitamiini \u2013 14 000 IU, D3-vitamiini \u2013 1 350 IU, E-vitamiini \u2013 400 mg, Tauriini \u2013 1 000 mg, L-karnitiini \u2013 50 mg Analyyttinen koostumus:Raakavalkuainen 32 %, Raakarasva 18 %, Omega-3-rasvahapot 0,7 %, Omega-6-rasvahapot 3,1 %, Raakakuitu 3 %, Tuhka 8 %, Kosteus 9 %, Kalsium 1,8 %, Fosfori 1,2 % Metaboloituva energia: 3 998 kcal\/kg \ud83d\udc99 Ambrosia Lamb &amp; Fresh Salmon \u2013 terveellinen ja maukas valinta koirallesi!","og_url":"https:\/\/miumjau.ee\/fi\/tuote\/ambrosia-viljaton-kuivaruoka-koirille-lammas-lohi-12-kg\/","og_site_name":"MiuMjau","article_publisher":"https:\/\/www.facebook.com\/miumjaupood\/","article_modified_time":"2026-01-07T20:41:29+00:00","og_image":[{"width":600,"height":800,"url":"https:\/\/miumjau.ee\/wp-content\/uploads\/2025\/03\/ambrosia-kuivtoit-koerale-lamb-salmon.jpg","type":"image\/jpeg"}],"twitter_card":"summary_large_image","schema":{"@context":"https:\/\/schema.org","@graph":[{"@type":"WebPage","@id":"https:\/\/miumjau.ee\/fi\/tuote\/ambrosia-viljaton-kuivaruoka-koirille-lammas-lohi-12-kg\/","url":"https:\/\/miumjau.ee\/fi\/tuote\/ambrosia-viljaton-kuivaruoka-koirille-lammas-lohi-12-kg\/","name":"Ambrosia Viljaton kuivaruoka koirille lammas & lohi 12 kg - MiuMjau","isPartOf":{"@id":"https:\/\/miumjau.ee\/#website"},"primaryImageOfPage":{"@id":"https:\/\/miumjau.ee\/fi\/tuote\/ambrosia-viljaton-kuivaruoka-koirille-lammas-lohi-12-kg\/#primaryimage"},"image":{"@id":"https:\/\/miumjau.ee\/fi\/tuote\/ambrosia-viljaton-kuivaruoka-koirille-lammas-lohi-12-kg\/#primaryimage"},"thumbnailUrl":"https:\/\/miumjau.ee\/wp-content\/uploads\/2025\/03\/ambrosia-kuivtoit-koerale-lamb-salmon.jpg","datePublished":"2025-04-07T10:45:52+00:00","dateModified":"2026-01-07T20:41:29+00:00","breadcrumb":{"@id":"https:\/\/miumjau.ee\/fi\/tuote\/ambrosia-viljaton-kuivaruoka-koirille-lammas-lohi-12-kg\/#breadcrumb"},"inLanguage":"fi","potentialAction":[{"@type":"ReadAction","target":["https:\/\/miumjau.ee\/fi\/tuote\/ambrosia-viljaton-kuivaruoka-koirille-lammas-lohi-12-kg\/"]}]},{"@type":"ImageObject","inLanguage":"fi","@id":"https:\/\/miumjau.ee\/fi\/tuote\/ambrosia-viljaton-kuivaruoka-koirille-lammas-lohi-12-kg\/#primaryimage","url":"https:\/\/miumjau.ee\/wp-content\/uploads\/2025\/03\/ambrosia-kuivtoit-koerale-lamb-salmon.jpg","contentUrl":"https:\/\/miumjau.ee\/wp-content\/uploads\/2025\/03\/ambrosia-kuivtoit-koerale-lamb-salmon.jpg","width":600,"height":800,"caption":"Ambrosia teraviljavaba kuivtoit koerale lamba ja l\u00f5hega 2kg"},{"@type":"BreadcrumbList","@id":"https:\/\/miumjau.ee\/fi\/tuote\/ambrosia-viljaton-kuivaruoka-koirille-lammas-lohi-12-kg\/#breadcrumb","itemListElement":[{"@type":"ListItem","position":1,"name":"Home","item":"https:\/\/miumjau.ee\/fi\/"},{"@type":"ListItem","position":2,"name":"Kauppa","item":"https:\/\/miumjau.ee\/fi\/kauppa\/"},{"@type":"ListItem","position":3,"name":"Ambrosia Viljaton kuivaruoka koirille lammas &#038; lohi 12 kg"}]},{"@type":"WebSite","@id":"https:\/\/miumjau.ee\/#website","url":"https:\/\/miumjau.ee\/","name":"MiuMjau","description":"Kraapimispuud kassidele","publisher":{"@id":"https:\/\/miumjau.ee\/#organization"},"potentialAction":[{"@type":"SearchAction","target":{"@type":"EntryPoint","urlTemplate":"https:\/\/miumjau.ee\/?s={search_term_string}"},"query-input":{"@type":"PropertyValueSpecification","valueRequired":true,"valueName":"search_term_string"}}],"inLanguage":"fi"},{"@type":"Organization","@id":"https:\/\/miumjau.ee\/#organization","name":"MiuMjau O\u00dc","url":"https:\/\/miumjau.ee\/","logo":{"@type":"ImageObject","inLanguage":"fi","@id":"https:\/\/miumjau.ee\/#\/schema\/logo\/image\/","url":"https:\/\/miumjau.ee\/wp-content\/uploads\/2022\/04\/MiuMjau-logo-kollane.png","contentUrl":"https:\/\/miumjau.ee\/wp-content\/uploads\/2022\/04\/MiuMjau-logo-kollane.png","width":219,"height":100,"caption":"MiuMjau O\u00dc"},"image":{"@id":"https:\/\/miumjau.ee\/#\/schema\/logo\/image\/"},"sameAs":["https:\/\/www.facebook.com\/miumjaupood\/"]}]}},"_links":{"self":[{"href":"https:\/\/miumjau.ee\/fi\/wp-json\/wp\/v2\/product\/51089","targetHints":{"allow":["GET"]}}],"collection":[{"href":"https:\/\/miumjau.ee\/fi\/wp-json\/wp\/v2\/product"}],"about":[{"href":"https:\/\/miumjau.ee\/fi\/wp-json\/wp\/v2\/types\/product"}],"wp:featuredmedia":[{"embeddable":true,"href":"https:\/\/miumjau.ee\/fi\/wp-json\/wp\/v2\/media\/27958"}],"wp:attachment":[{"href":"https:\/\/miumjau.ee\/fi\/wp-json\/wp\/v2\/media?parent=51089"}],"wp:term":[{"taxonomy":"product_brand","embeddable":true,"href":"https:\/\/miumjau.ee\/fi\/wp-json\/wp\/v2\/product_brand?post=51089"},{"taxonomy":"product_cat","embeddable":true,"href":"https:\/\/miumjau.ee\/fi\/wp-json\/wp\/v2\/product_cat?post=51089"},{"taxonomy":"product_tag","embeddable":true,"href":"https:\/\/miumjau.ee\/fi\/wp-json\/wp\/v2\/product_tag?post=51089"}],"curies":[{"name":"wp","href":"https:\/\/api.w.org\/{rel}","templated":true}]}}