{"id":51081,"date":"2025-04-07T14:14:30","date_gmt":"2025-04-07T11:14:30","guid":{"rendered":"https:\/\/miumjau.ee\/toode\/ambrosia-viljaton-seniorikoiranruoka-kalkkuna-lohi-2-kg\/"},"modified":"2026-01-07T22:41:36","modified_gmt":"2026-01-07T20:41:36","slug":"ambrosia-viljaton-seniorikoiranruoka-kalkkuna-lohi-2-kg","status":"publish","type":"product","link":"https:\/\/miumjau.ee\/fi\/tuote\/ambrosia-viljaton-seniorikoiranruoka-kalkkuna-lohi-2-kg\/","title":{"rendered":"Ambrosia Viljaton seniorikoiranruoka kalkkuna &#038; lohi 2 kg"},"content":{"rendered":"","protected":false},"excerpt":{"rendered":"<p data-start=\"2415\" data-end=\"2529\"><strong data-start=\"2415\" data-end=\"2449\">Ambrosia Fresh Turkey &amp; Salmon<\/strong> \u2013 tasapainoinen resepti vanhemmille, steriloiduille ja ylipainoisille koirille!<\/p>\n<p data-start=\"2531\" data-end=\"2948\">Tuore kalkkunafile ja lohi tarjoavat korkealaatuista ja helposti sulavaa proteiinia, ja optimoitu rasvapitoisuus sek\u00e4 matala kalorim\u00e4\u00e4r\u00e4 auttavat yll\u00e4pit\u00e4m\u00e4\u00e4n terveellist\u00e4 painoa. Resepti sis\u00e4lt\u00e4\u00e4 pre- ja probiootteja, jotka tukevat ruoansulatusta ja vahvistavat immuunij\u00e4rjestelm\u00e4\u00e4. Kondroitiini ja glukosamiini suojaavat niveli\u00e4, L-karnitiini ja tauriini tukevat syd\u00e4men ja lihasten terveytt\u00e4 sek\u00e4 aineenvaihduntaa.<\/p>\n<p data-start=\"2950\" data-end=\"3324\"><strong data-start=\"2950\" data-end=\"3023\">Erityinen kaava vanhemmille koirille \u2013 terveys jokaisessa puraisussa!<\/strong><br data-start=\"3023\" data-end=\"3026\" \/>\ud83d\udc1f <strong data-start=\"3029\" data-end=\"3053\">Helposti sulava kala<\/strong> \u2013 ihanteellinen herkk\u00e4vatsaisille koirille<br data-start=\"3096\" data-end=\"3099\" \/>\ud83e\uddb4 <strong data-start=\"3102\" data-end=\"3133\">Glukosamiini &amp; kondroitiini<\/strong> \u2013 nivelten tukemiseen i\u00e4n my\u00f6t\u00e4<br data-start=\"3165\" data-end=\"3168\" \/>\ud83d\udcaa <strong data-start=\"3171\" data-end=\"3187\">L-karnitiini<\/strong> \u2013 auttaa yll\u00e4pit\u00e4m\u00e4\u00e4n lihasmassaa ja tukee aineenvaihduntaa<br data-start=\"3247\" data-end=\"3250\" \/>\ud83e\udda0 <strong data-start=\"3253\" data-end=\"3275\">Pre- ja probiootit<\/strong> \u2013 lis\u00e4tuki ruoansulatukselle ja immuniteetille<\/p>\n<p data-start=\"3326\" data-end=\"3687\"><strong data-start=\"3326\" data-end=\"3366\">Luonnolliset superruoat terveydelle!<\/strong><br data-start=\"3366\" data-end=\"3369\" \/>\ud83e\udd66 <strong data-start=\"3372\" data-end=\"3386\">Parsakaali<\/strong> \u2013 tulehdusta ehk\u00e4isev\u00e4, tukee silmi\u00e4 ja syd\u00e4nt\u00e4<br data-start=\"3434\" data-end=\"3437\" \/>\ud83e\udd6c <strong data-start=\"3440\" data-end=\"3452\">Pinaatti<\/strong> \u2013 antioksidanttien l\u00e4hde, tukee tervett\u00e4 verenpainetta<br data-start=\"3507\" data-end=\"3510\" \/>\ud83c\udf45 <strong data-start=\"3513\" data-end=\"3525\">Tomaatti<\/strong> \u2013 vitamiinirikas, vahvistaa immuniteettia<br data-start=\"3567\" data-end=\"3570\" \/>\ud83c\udf52 <strong data-start=\"3573\" data-end=\"3584\">Karpalo<\/strong> \u2013 tukee virtsateiden ja syd\u00e4men terveytt\u00e4<br data-start=\"3626\" data-end=\"3629\" \/>\ud83e\uded0 <strong data-start=\"3632\" data-end=\"3644\">Mustikka<\/strong> \u2013 pit\u00e4\u00e4 luut vahvoina ja mielen virke\u00e4n\u00e4<\/p>\n<p data-start=\"3689\" data-end=\"4274\"><strong data-start=\"3689\" data-end=\"3703\">Koostumus:<\/strong><br data-start=\"3703\" data-end=\"3706\" \/>Siipikarjanliha (30 %, josta tuore luuton kalkkuna 15 %, kuivattu kanan proteiini 15 %), peruna, vihre\u00e4t herneet, halkaistut herneet, hydrolysoitu el\u00e4inproteiini (9 %), el\u00e4inrasva (6 %), kuivattu lohen proteiini (4 %), punajuurimassa, pellavansiemenet, sikuri (luonnollinen FOS ja inuliinin l\u00e4hde), mineraalit, panimohiiva, hiivaekstrakti (MOS &amp; beetaglukaanit), glukosamiini (300 mg\/kg), kondroitiinisulfaatti (300 mg\/kg), kuivattu parsakaali, pinaatti, tomaatit, karpalot, mustikat, kasviuutteet (rosmariini, viiniryp\u00e4leen siemen, kurkuma, sitrushedelm\u00e4t, neilikka).<\/p>\n<p data-start=\"4276\" data-end=\"4418\"><strong data-start=\"4276\" data-end=\"4302\">Lis\u00e4aineet (kg kohti):<\/strong><br data-start=\"4302\" data-end=\"4305\" \/>A-vitamiini \u2013 14 000 IU, D3-vitamiini \u2013 1 000 IU, E-vitamiini \u2013 150 mg, Tauriini \u2013 1 500 mg, L-karnitiini \u2013 50 mg<\/p>\n<p data-start=\"4420\" data-end=\"4611\"><strong data-start=\"4420\" data-end=\"4447\">Analyyttinen koostumus:<\/strong><br data-start=\"4447\" data-end=\"4450\" \/>Raakavalkuainen 27 %, Raakarasva 12,5 %, Omega-3-rasvahapot 0,4 %, Omega-6-rasvahapot 1,7 %, Raakakuitu 3 %, Tuhka 6,5 %, Kosteus 9 %, Kalsium 1 %, Fosfori 0,7 %<\/p>\n<p data-start=\"4613\" data-end=\"4653\"><strong data-start=\"4613\" data-end=\"4639\">Metaboloituva energia:<\/strong> 3 240 kcal\/kg<\/p>\n<p data-start=\"4655\" data-end=\"4762\">\ud83d\udc99 <strong data-start=\"4658\" data-end=\"4692\">Ambrosia Fresh Turkey &amp; Salmon<\/strong> \u2013 ihanteellinen ja terveellinen valinta koirasi kultaisille vuosille!<\/p>\n","protected":false},"featured_media":31867,"template":"","meta":[],"product_brand":[],"product_cat":[478],"product_tag":[],"class_list":{"0":"post-51081","1":"product","2":"type-product","3":"status-publish","4":"has-post-thumbnail","6":"product_cat-kuivaruoka-koirille","8":"first","9":"instock","10":"taxable","11":"shipping-taxable","12":"purchasable","13":"product-type-simple"},"yoast_head":"<!-- This site is optimized with the Yoast SEO plugin v27.2 - https:\/\/yoast.com\/product\/yoast-seo-wordpress\/ -->\n<title>Ambrosia Viljaton seniorikoiranruoka kalkkuna &amp; lohi 2 kg - MiuMjau<\/title>\n<meta name=\"robots\" content=\"index, follow, max-snippet:-1, max-image-preview:large, max-video-preview:-1\" \/>\n<link rel=\"canonical\" href=\"https:\/\/miumjau.ee\/fi\/tuote\/ambrosia-viljaton-seniorikoiranruoka-kalkkuna-lohi-2-kg\/\" \/>\n<meta property=\"og:locale\" content=\"fi_FI\" \/>\n<meta property=\"og:type\" content=\"article\" \/>\n<meta property=\"og:title\" content=\"Ambrosia Viljaton seniorikoiranruoka kalkkuna &amp; lohi 2 kg - MiuMjau\" \/>\n<meta property=\"og:description\" content=\"Ambrosia Fresh Turkey &amp; Salmon \u2013 tasapainoinen resepti vanhemmille, steriloiduille ja ylipainoisille koirille! Tuore kalkkunafile ja lohi tarjoavat korkealaatuista ja helposti sulavaa proteiinia, ja optimoitu rasvapitoisuus sek\u00e4 matala kalorim\u00e4\u00e4r\u00e4 auttavat yll\u00e4pit\u00e4m\u00e4\u00e4n terveellist\u00e4 painoa. Resepti sis\u00e4lt\u00e4\u00e4 pre- ja probiootteja, jotka tukevat ruoansulatusta ja vahvistavat immuunij\u00e4rjestelm\u00e4\u00e4. Kondroitiini ja glukosamiini suojaavat niveli\u00e4, L-karnitiini ja tauriini tukevat syd\u00e4men ja lihasten terveytt\u00e4 sek\u00e4 aineenvaihduntaa. Erityinen kaava vanhemmille koirille \u2013 terveys jokaisessa puraisussa!\ud83d\udc1f Helposti sulava kala \u2013 ihanteellinen herkk\u00e4vatsaisille koirille\ud83e\uddb4 Glukosamiini &amp; kondroitiini \u2013 nivelten tukemiseen i\u00e4n my\u00f6t\u00e4\ud83d\udcaa L-karnitiini \u2013 auttaa yll\u00e4pit\u00e4m\u00e4\u00e4n lihasmassaa ja tukee aineenvaihduntaa\ud83e\udda0 Pre- ja probiootit \u2013 lis\u00e4tuki ruoansulatukselle ja immuniteetille Luonnolliset superruoat terveydelle!\ud83e\udd66 Parsakaali \u2013 tulehdusta ehk\u00e4isev\u00e4, tukee silmi\u00e4 ja syd\u00e4nt\u00e4\ud83e\udd6c Pinaatti \u2013 antioksidanttien l\u00e4hde, tukee tervett\u00e4 verenpainetta\ud83c\udf45 Tomaatti \u2013 vitamiinirikas, vahvistaa immuniteettia\ud83c\udf52 Karpalo \u2013 tukee virtsateiden ja syd\u00e4men terveytt\u00e4\ud83e\uded0 Mustikka \u2013 pit\u00e4\u00e4 luut vahvoina ja mielen virke\u00e4n\u00e4 Koostumus:Siipikarjanliha (30 %, josta tuore luuton kalkkuna 15 %, kuivattu kanan proteiini 15 %), peruna, vihre\u00e4t herneet, halkaistut herneet, hydrolysoitu el\u00e4inproteiini (9 %), el\u00e4inrasva (6 %), kuivattu lohen proteiini (4 %), punajuurimassa, pellavansiemenet, sikuri (luonnollinen FOS ja inuliinin l\u00e4hde), mineraalit, panimohiiva, hiivaekstrakti (MOS &amp; beetaglukaanit), glukosamiini (300 mg\/kg), kondroitiinisulfaatti (300 mg\/kg), kuivattu parsakaali, pinaatti, tomaatit, karpalot, mustikat, kasviuutteet (rosmariini, viiniryp\u00e4leen siemen, kurkuma, sitrushedelm\u00e4t, neilikka). Lis\u00e4aineet (kg kohti):A-vitamiini \u2013 14 000 IU, D3-vitamiini \u2013 1 000 IU, E-vitamiini \u2013 150 mg, Tauriini \u2013 1 500 mg, L-karnitiini \u2013 50 mg Analyyttinen koostumus:Raakavalkuainen 27 %, Raakarasva 12,5 %, Omega-3-rasvahapot 0,4 %, Omega-6-rasvahapot 1,7 %, Raakakuitu 3 %, Tuhka 6,5 %, Kosteus 9 %, Kalsium 1 %, Fosfori 0,7 % Metaboloituva energia: 3 240 kcal\/kg \ud83d\udc99 Ambrosia Fresh Turkey &amp; Salmon \u2013 ihanteellinen ja terveellinen valinta koirasi kultaisille vuosille!\" \/>\n<meta property=\"og:url\" content=\"https:\/\/miumjau.ee\/fi\/tuote\/ambrosia-viljaton-seniorikoiranruoka-kalkkuna-lohi-2-kg\/\" \/>\n<meta property=\"og:site_name\" content=\"MiuMjau\" \/>\n<meta property=\"article:publisher\" content=\"https:\/\/www.facebook.com\/miumjaupood\/\" \/>\n<meta property=\"article:modified_time\" content=\"2026-01-07T20:41:36+00:00\" \/>\n<meta property=\"og:image\" content=\"https:\/\/miumjau.ee\/wp-content\/uploads\/2025\/04\/ambrosia-senior-turkey-salmon1-Photoroom.webp\" \/>\n\t<meta property=\"og:image:width\" content=\"600\" \/>\n\t<meta property=\"og:image:height\" content=\"800\" \/>\n\t<meta property=\"og:image:type\" content=\"image\/webp\" \/>\n<meta name=\"twitter:card\" content=\"summary_large_image\" \/>\n<script type=\"application\/ld+json\" class=\"yoast-schema-graph\">{\"@context\":\"https:\/\/schema.org\",\"@graph\":[{\"@type\":\"WebPage\",\"@id\":\"https:\/\/miumjau.ee\/fi\/tuote\/ambrosia-viljaton-seniorikoiranruoka-kalkkuna-lohi-2-kg\/\",\"url\":\"https:\/\/miumjau.ee\/fi\/tuote\/ambrosia-viljaton-seniorikoiranruoka-kalkkuna-lohi-2-kg\/\",\"name\":\"Ambrosia Viljaton seniorikoiranruoka kalkkuna & lohi 2 kg - MiuMjau\",\"isPartOf\":{\"@id\":\"https:\/\/miumjau.ee\/#website\"},\"primaryImageOfPage\":{\"@id\":\"https:\/\/miumjau.ee\/fi\/tuote\/ambrosia-viljaton-seniorikoiranruoka-kalkkuna-lohi-2-kg\/#primaryimage\"},\"image\":{\"@id\":\"https:\/\/miumjau.ee\/fi\/tuote\/ambrosia-viljaton-seniorikoiranruoka-kalkkuna-lohi-2-kg\/#primaryimage\"},\"thumbnailUrl\":\"https:\/\/miumjau.ee\/wp-content\/uploads\/2025\/04\/ambrosia-senior-turkey-salmon1-Photoroom.webp\",\"datePublished\":\"2025-04-07T11:14:30+00:00\",\"dateModified\":\"2026-01-07T20:41:36+00:00\",\"breadcrumb\":{\"@id\":\"https:\/\/miumjau.ee\/fi\/tuote\/ambrosia-viljaton-seniorikoiranruoka-kalkkuna-lohi-2-kg\/#breadcrumb\"},\"inLanguage\":\"fi\",\"potentialAction\":[{\"@type\":\"ReadAction\",\"target\":[\"https:\/\/miumjau.ee\/fi\/tuote\/ambrosia-viljaton-seniorikoiranruoka-kalkkuna-lohi-2-kg\/\"]}]},{\"@type\":\"ImageObject\",\"inLanguage\":\"fi\",\"@id\":\"https:\/\/miumjau.ee\/fi\/tuote\/ambrosia-viljaton-seniorikoiranruoka-kalkkuna-lohi-2-kg\/#primaryimage\",\"url\":\"https:\/\/miumjau.ee\/wp-content\/uploads\/2025\/04\/ambrosia-senior-turkey-salmon1-Photoroom.webp\",\"contentUrl\":\"https:\/\/miumjau.ee\/wp-content\/uploads\/2025\/04\/ambrosia-senior-turkey-salmon1-Photoroom.webp\",\"width\":600,\"height\":800,\"caption\":\"Ambrosia teraviljavaba t\u00e4iss\u00f6\u00f6t koertele\"},{\"@type\":\"BreadcrumbList\",\"@id\":\"https:\/\/miumjau.ee\/fi\/tuote\/ambrosia-viljaton-seniorikoiranruoka-kalkkuna-lohi-2-kg\/#breadcrumb\",\"itemListElement\":[{\"@type\":\"ListItem\",\"position\":1,\"name\":\"Home\",\"item\":\"https:\/\/miumjau.ee\/fi\/\"},{\"@type\":\"ListItem\",\"position\":2,\"name\":\"Kauppa\",\"item\":\"https:\/\/miumjau.ee\/fi\/kauppa\/\"},{\"@type\":\"ListItem\",\"position\":3,\"name\":\"Ambrosia Viljaton seniorikoiranruoka kalkkuna &#038; lohi 2 kg\"}]},{\"@type\":\"WebSite\",\"@id\":\"https:\/\/miumjau.ee\/#website\",\"url\":\"https:\/\/miumjau.ee\/\",\"name\":\"MiuMjau\",\"description\":\"Kraapimispuud kassidele\",\"publisher\":{\"@id\":\"https:\/\/miumjau.ee\/#organization\"},\"potentialAction\":[{\"@type\":\"SearchAction\",\"target\":{\"@type\":\"EntryPoint\",\"urlTemplate\":\"https:\/\/miumjau.ee\/?s={search_term_string}\"},\"query-input\":{\"@type\":\"PropertyValueSpecification\",\"valueRequired\":true,\"valueName\":\"search_term_string\"}}],\"inLanguage\":\"fi\"},{\"@type\":\"Organization\",\"@id\":\"https:\/\/miumjau.ee\/#organization\",\"name\":\"MiuMjau O\u00dc\",\"url\":\"https:\/\/miumjau.ee\/\",\"logo\":{\"@type\":\"ImageObject\",\"inLanguage\":\"fi\",\"@id\":\"https:\/\/miumjau.ee\/#\/schema\/logo\/image\/\",\"url\":\"https:\/\/miumjau.ee\/wp-content\/uploads\/2022\/04\/MiuMjau-logo-kollane.png\",\"contentUrl\":\"https:\/\/miumjau.ee\/wp-content\/uploads\/2022\/04\/MiuMjau-logo-kollane.png\",\"width\":219,\"height\":100,\"caption\":\"MiuMjau O\u00dc\"},\"image\":{\"@id\":\"https:\/\/miumjau.ee\/#\/schema\/logo\/image\/\"},\"sameAs\":[\"https:\/\/www.facebook.com\/miumjaupood\/\"]}]}<\/script>\n<!-- \/ Yoast SEO plugin. -->","yoast_head_json":{"title":"Ambrosia Viljaton seniorikoiranruoka kalkkuna & lohi 2 kg - MiuMjau","robots":{"index":"index","follow":"follow","max-snippet":"max-snippet:-1","max-image-preview":"max-image-preview:large","max-video-preview":"max-video-preview:-1"},"canonical":"https:\/\/miumjau.ee\/fi\/tuote\/ambrosia-viljaton-seniorikoiranruoka-kalkkuna-lohi-2-kg\/","og_locale":"fi_FI","og_type":"article","og_title":"Ambrosia Viljaton seniorikoiranruoka kalkkuna & lohi 2 kg - MiuMjau","og_description":"Ambrosia Fresh Turkey &amp; Salmon \u2013 tasapainoinen resepti vanhemmille, steriloiduille ja ylipainoisille koirille! Tuore kalkkunafile ja lohi tarjoavat korkealaatuista ja helposti sulavaa proteiinia, ja optimoitu rasvapitoisuus sek\u00e4 matala kalorim\u00e4\u00e4r\u00e4 auttavat yll\u00e4pit\u00e4m\u00e4\u00e4n terveellist\u00e4 painoa. Resepti sis\u00e4lt\u00e4\u00e4 pre- ja probiootteja, jotka tukevat ruoansulatusta ja vahvistavat immuunij\u00e4rjestelm\u00e4\u00e4. Kondroitiini ja glukosamiini suojaavat niveli\u00e4, L-karnitiini ja tauriini tukevat syd\u00e4men ja lihasten terveytt\u00e4 sek\u00e4 aineenvaihduntaa. Erityinen kaava vanhemmille koirille \u2013 terveys jokaisessa puraisussa!\ud83d\udc1f Helposti sulava kala \u2013 ihanteellinen herkk\u00e4vatsaisille koirille\ud83e\uddb4 Glukosamiini &amp; kondroitiini \u2013 nivelten tukemiseen i\u00e4n my\u00f6t\u00e4\ud83d\udcaa L-karnitiini \u2013 auttaa yll\u00e4pit\u00e4m\u00e4\u00e4n lihasmassaa ja tukee aineenvaihduntaa\ud83e\udda0 Pre- ja probiootit \u2013 lis\u00e4tuki ruoansulatukselle ja immuniteetille Luonnolliset superruoat terveydelle!\ud83e\udd66 Parsakaali \u2013 tulehdusta ehk\u00e4isev\u00e4, tukee silmi\u00e4 ja syd\u00e4nt\u00e4\ud83e\udd6c Pinaatti \u2013 antioksidanttien l\u00e4hde, tukee tervett\u00e4 verenpainetta\ud83c\udf45 Tomaatti \u2013 vitamiinirikas, vahvistaa immuniteettia\ud83c\udf52 Karpalo \u2013 tukee virtsateiden ja syd\u00e4men terveytt\u00e4\ud83e\uded0 Mustikka \u2013 pit\u00e4\u00e4 luut vahvoina ja mielen virke\u00e4n\u00e4 Koostumus:Siipikarjanliha (30 %, josta tuore luuton kalkkuna 15 %, kuivattu kanan proteiini 15 %), peruna, vihre\u00e4t herneet, halkaistut herneet, hydrolysoitu el\u00e4inproteiini (9 %), el\u00e4inrasva (6 %), kuivattu lohen proteiini (4 %), punajuurimassa, pellavansiemenet, sikuri (luonnollinen FOS ja inuliinin l\u00e4hde), mineraalit, panimohiiva, hiivaekstrakti (MOS &amp; beetaglukaanit), glukosamiini (300 mg\/kg), kondroitiinisulfaatti (300 mg\/kg), kuivattu parsakaali, pinaatti, tomaatit, karpalot, mustikat, kasviuutteet (rosmariini, viiniryp\u00e4leen siemen, kurkuma, sitrushedelm\u00e4t, neilikka). Lis\u00e4aineet (kg kohti):A-vitamiini \u2013 14 000 IU, D3-vitamiini \u2013 1 000 IU, E-vitamiini \u2013 150 mg, Tauriini \u2013 1 500 mg, L-karnitiini \u2013 50 mg Analyyttinen koostumus:Raakavalkuainen 27 %, Raakarasva 12,5 %, Omega-3-rasvahapot 0,4 %, Omega-6-rasvahapot 1,7 %, Raakakuitu 3 %, Tuhka 6,5 %, Kosteus 9 %, Kalsium 1 %, Fosfori 0,7 % Metaboloituva energia: 3 240 kcal\/kg \ud83d\udc99 Ambrosia Fresh Turkey &amp; Salmon \u2013 ihanteellinen ja terveellinen valinta koirasi kultaisille vuosille!","og_url":"https:\/\/miumjau.ee\/fi\/tuote\/ambrosia-viljaton-seniorikoiranruoka-kalkkuna-lohi-2-kg\/","og_site_name":"MiuMjau","article_publisher":"https:\/\/www.facebook.com\/miumjaupood\/","article_modified_time":"2026-01-07T20:41:36+00:00","og_image":[{"width":600,"height":800,"url":"https:\/\/miumjau.ee\/wp-content\/uploads\/2025\/04\/ambrosia-senior-turkey-salmon1-Photoroom.webp","type":"image\/webp"}],"twitter_card":"summary_large_image","schema":{"@context":"https:\/\/schema.org","@graph":[{"@type":"WebPage","@id":"https:\/\/miumjau.ee\/fi\/tuote\/ambrosia-viljaton-seniorikoiranruoka-kalkkuna-lohi-2-kg\/","url":"https:\/\/miumjau.ee\/fi\/tuote\/ambrosia-viljaton-seniorikoiranruoka-kalkkuna-lohi-2-kg\/","name":"Ambrosia Viljaton seniorikoiranruoka kalkkuna & lohi 2 kg - MiuMjau","isPartOf":{"@id":"https:\/\/miumjau.ee\/#website"},"primaryImageOfPage":{"@id":"https:\/\/miumjau.ee\/fi\/tuote\/ambrosia-viljaton-seniorikoiranruoka-kalkkuna-lohi-2-kg\/#primaryimage"},"image":{"@id":"https:\/\/miumjau.ee\/fi\/tuote\/ambrosia-viljaton-seniorikoiranruoka-kalkkuna-lohi-2-kg\/#primaryimage"},"thumbnailUrl":"https:\/\/miumjau.ee\/wp-content\/uploads\/2025\/04\/ambrosia-senior-turkey-salmon1-Photoroom.webp","datePublished":"2025-04-07T11:14:30+00:00","dateModified":"2026-01-07T20:41:36+00:00","breadcrumb":{"@id":"https:\/\/miumjau.ee\/fi\/tuote\/ambrosia-viljaton-seniorikoiranruoka-kalkkuna-lohi-2-kg\/#breadcrumb"},"inLanguage":"fi","potentialAction":[{"@type":"ReadAction","target":["https:\/\/miumjau.ee\/fi\/tuote\/ambrosia-viljaton-seniorikoiranruoka-kalkkuna-lohi-2-kg\/"]}]},{"@type":"ImageObject","inLanguage":"fi","@id":"https:\/\/miumjau.ee\/fi\/tuote\/ambrosia-viljaton-seniorikoiranruoka-kalkkuna-lohi-2-kg\/#primaryimage","url":"https:\/\/miumjau.ee\/wp-content\/uploads\/2025\/04\/ambrosia-senior-turkey-salmon1-Photoroom.webp","contentUrl":"https:\/\/miumjau.ee\/wp-content\/uploads\/2025\/04\/ambrosia-senior-turkey-salmon1-Photoroom.webp","width":600,"height":800,"caption":"Ambrosia teraviljavaba t\u00e4iss\u00f6\u00f6t koertele"},{"@type":"BreadcrumbList","@id":"https:\/\/miumjau.ee\/fi\/tuote\/ambrosia-viljaton-seniorikoiranruoka-kalkkuna-lohi-2-kg\/#breadcrumb","itemListElement":[{"@type":"ListItem","position":1,"name":"Home","item":"https:\/\/miumjau.ee\/fi\/"},{"@type":"ListItem","position":2,"name":"Kauppa","item":"https:\/\/miumjau.ee\/fi\/kauppa\/"},{"@type":"ListItem","position":3,"name":"Ambrosia Viljaton seniorikoiranruoka kalkkuna &#038; lohi 2 kg"}]},{"@type":"WebSite","@id":"https:\/\/miumjau.ee\/#website","url":"https:\/\/miumjau.ee\/","name":"MiuMjau","description":"Kraapimispuud kassidele","publisher":{"@id":"https:\/\/miumjau.ee\/#organization"},"potentialAction":[{"@type":"SearchAction","target":{"@type":"EntryPoint","urlTemplate":"https:\/\/miumjau.ee\/?s={search_term_string}"},"query-input":{"@type":"PropertyValueSpecification","valueRequired":true,"valueName":"search_term_string"}}],"inLanguage":"fi"},{"@type":"Organization","@id":"https:\/\/miumjau.ee\/#organization","name":"MiuMjau O\u00dc","url":"https:\/\/miumjau.ee\/","logo":{"@type":"ImageObject","inLanguage":"fi","@id":"https:\/\/miumjau.ee\/#\/schema\/logo\/image\/","url":"https:\/\/miumjau.ee\/wp-content\/uploads\/2022\/04\/MiuMjau-logo-kollane.png","contentUrl":"https:\/\/miumjau.ee\/wp-content\/uploads\/2022\/04\/MiuMjau-logo-kollane.png","width":219,"height":100,"caption":"MiuMjau O\u00dc"},"image":{"@id":"https:\/\/miumjau.ee\/#\/schema\/logo\/image\/"},"sameAs":["https:\/\/www.facebook.com\/miumjaupood\/"]}]}},"_links":{"self":[{"href":"https:\/\/miumjau.ee\/fi\/wp-json\/wp\/v2\/product\/51081","targetHints":{"allow":["GET"]}}],"collection":[{"href":"https:\/\/miumjau.ee\/fi\/wp-json\/wp\/v2\/product"}],"about":[{"href":"https:\/\/miumjau.ee\/fi\/wp-json\/wp\/v2\/types\/product"}],"wp:featuredmedia":[{"embeddable":true,"href":"https:\/\/miumjau.ee\/fi\/wp-json\/wp\/v2\/media\/31867"}],"wp:attachment":[{"href":"https:\/\/miumjau.ee\/fi\/wp-json\/wp\/v2\/media?parent=51081"}],"wp:term":[{"taxonomy":"product_brand","embeddable":true,"href":"https:\/\/miumjau.ee\/fi\/wp-json\/wp\/v2\/product_brand?post=51081"},{"taxonomy":"product_cat","embeddable":true,"href":"https:\/\/miumjau.ee\/fi\/wp-json\/wp\/v2\/product_cat?post=51081"},{"taxonomy":"product_tag","embeddable":true,"href":"https:\/\/miumjau.ee\/fi\/wp-json\/wp\/v2\/product_tag?post=51081"}],"curies":[{"name":"wp","href":"https:\/\/api.w.org\/{rel}","templated":true}]}}