{"id":51072,"date":"2025-04-07T14:19:12","date_gmt":"2025-04-07T11:19:12","guid":{"rendered":"https:\/\/miumjau.ee\/toode\/ambrosia-viljaton-koiranruoka-kalkkuna-ankka-12-kg\/"},"modified":"2026-01-07T22:41:36","modified_gmt":"2026-01-07T20:41:36","slug":"ambrosia-viljaton-koiranruoka-kalkkuna-ankka-12-kg","status":"publish","type":"product","link":"https:\/\/miumjau.ee\/fi\/tuote\/ambrosia-viljaton-koiranruoka-kalkkuna-ankka-12-kg\/","title":{"rendered":"Ambrosia Viljaton koiranruoka kalkkuna &#038; ankka 12 kg"},"content":{"rendered":"","protected":false},"excerpt":{"rendered":"<p data-start=\"2388\" data-end=\"2493\"><strong data-start=\"2388\" data-end=\"2420\">Ambrosia Fresh Turkey &amp; Duck<\/strong> \u2013 t\u00e4ysravinto kahdella siipikarjan proteiinil\u00e4hteell\u00e4 kaikille koirille!<\/p>\n<p data-start=\"2495\" data-end=\"2895\">Tuoreen kalkkunafileen ja kuivatussa ankanlihan yhdistelm\u00e4 tarjoaa korkealaatuista el\u00e4inproteiinia, joka sopii erinomaisesti p\u00e4ivitt\u00e4iseen ruokintaan kaiken kokoisille koirille. Resepti on rikastettu pre- ja probiooteilla ruoansulatuksen ja immuunij\u00e4rjestelm\u00e4n tueksi, glukosamiinilla ja kondroitiinilla nivelten suojaamiseksi, sek\u00e4 tauriinilla ja L-karnitiinilla syd\u00e4men ja lihasten vahvistamiseksi.<\/p>\n<p data-start=\"2897\" data-end=\"2947\"><strong data-start=\"2897\" data-end=\"2947\">Keskikokoinen nappula sopii kaikille koirille!<\/strong><\/p>\n<p data-start=\"2949\" data-end=\"3307\"><strong data-start=\"2949\" data-end=\"3021\">Kahden siipikarjan erityisresepti \u2013 tasapaino jokaisessa puraisussa!<\/strong><br data-start=\"3021\" data-end=\"3024\" \/>\ud83c\udf57 <strong data-start=\"3027\" data-end=\"3067\">Kaksi laadukasta proteiinin l\u00e4hdett\u00e4<\/strong> \u2013 kalkkuna ja ankka<br data-start=\"3087\" data-end=\"3090\" \/>\ud83e\udda0 <strong data-start=\"3093\" data-end=\"3115\">Pre- ja probiootit<\/strong> \u2013 tukevat ruoansulatusta ja immuunij\u00e4rjestelm\u00e4\u00e4<br data-start=\"3163\" data-end=\"3166\" \/>\ud83e\uddb4 <strong data-start=\"3169\" data-end=\"3200\">Glukosamiini &amp; kondroitiini<\/strong> \u2013 tukevat nivelten liikkuvuutta<br data-start=\"3232\" data-end=\"3235\" \/>\ud83d\udc93 <strong data-start=\"3238\" data-end=\"3265\">Tauriini &amp; L-karnitiini<\/strong> \u2013 tukevat syd\u00e4men ja lihasten toimintaa<\/p>\n<p data-start=\"3309\" data-end=\"3619\"><strong data-start=\"3309\" data-end=\"3358\">Luonnolliset superruoat koiran hyvinvointiin!<\/strong><br data-start=\"3358\" data-end=\"3361\" \/>\ud83e\udd66 <strong data-start=\"3364\" data-end=\"3378\">Parsakaali<\/strong> \u2013 tulehdusta ehk\u00e4isev\u00e4 ja silmi\u00e4 suojaava superruoka<br data-start=\"3431\" data-end=\"3434\" \/>\ud83e\udd6c <strong data-start=\"3437\" data-end=\"3449\">Pinaatti<\/strong> \u2013 antioksidanttipitoinen ja tukee verenpainetta<br data-start=\"3497\" data-end=\"3500\" \/>\ud83c\udf52 <strong data-start=\"3503\" data-end=\"3514\">Karpalo<\/strong> \u2013 vahvistaa syd\u00e4nt\u00e4 ja tukee ruoansulatusta<br data-start=\"3558\" data-end=\"3561\" \/>\ud83e\uded0 <strong data-start=\"3564\" data-end=\"3576\">Mustikka<\/strong> \u2013 pit\u00e4\u00e4 mielen virke\u00e4n\u00e4 ja luut vahvoina<\/p>\n<p data-start=\"3621\" data-end=\"4221\"><strong data-start=\"3621\" data-end=\"3635\">Koostumus:<\/strong><br data-start=\"3635\" data-end=\"3638\" \/>Siipikarjanliha (35 %, josta tuore luuton kalkkuna 15 %, kuivattu siipikarjanliha 20 %), el\u00e4inrasva (siipikarja, 13 %), vihre\u00e4t herneet (10 %), halkaistut herneet (10 %), perunat\u00e4rkkelys, hydrolysoitu kananproteiinia (10 %), kuivattu ankka (4 %), pellavansiemenet, kuivattu juurikasmassa, mineraalit, sikuri (luonnollinen FOS ja inuliinin l\u00e4hde), panimohiiva, lohi\u00f6ljy, MOS &amp; beetaglukaanit, kuivattu parsakaali, pinaatti, karpalot, mustikat, glukosamiini (300 mg\/kg), kondroitiinisulfaatti (300 mg\/kg), kasviuutteet (rosmariini, ryp\u00e4leensiemenet, kurkuma, sitrushedelm\u00e4t, neilikka).<\/p>\n<p data-start=\"4223\" data-end=\"4364\"><strong data-start=\"4223\" data-end=\"4249\">Lis\u00e4aineet (kg kohti):<\/strong><br data-start=\"4249\" data-end=\"4252\" \/>A-vitamiini \u2013 14 000 IU, D3-vitamiini \u2013 1 350 IU, E-vitamiini \u2013 400 mg, Tauriin \u2013 1 000 mg, L-karnitiini \u2013 50 mg<\/p>\n<p data-start=\"4366\" data-end=\"4559\"><strong data-start=\"4366\" data-end=\"4393\">Analyyttinen koostumus:<\/strong><br data-start=\"4393\" data-end=\"4396\" \/>Raakavalkuainen 30 %, Raakarasva 20 %, Omega-3-rasvahapot 0,8 %, Omega-6-rasvahapot 2,7 %, Raakakuitu 2,5 %, Tuhka 7,5 %, Kosteus 9 %, Kalsium 1,5 %, Fosfori 0,9 %<\/p>\n<p data-start=\"4561\" data-end=\"4601\"><strong data-start=\"4561\" data-end=\"4587\">Metaboloituva energia:<\/strong> 4 020 kcal\/kg<\/p>\n<p data-start=\"4603\" data-end=\"4715\">\ud83d\udc99 <strong data-start=\"4606\" data-end=\"4638\">Ambrosia Fresh Turkey &amp; Duck<\/strong> \u2013 viljaton, herkullinen ja ravinteikas valinta kaikille aikuisille koirille!<\/p>\n","protected":false},"featured_media":31863,"template":"","meta":[],"product_brand":[],"product_cat":[478],"product_tag":[],"class_list":{"0":"post-51072","1":"product","2":"type-product","3":"status-publish","4":"has-post-thumbnail","6":"product_cat-kuivaruoka-koirille","8":"first","9":"instock","10":"taxable","11":"shipping-taxable","12":"purchasable","13":"product-type-simple"},"yoast_head":"<!-- This site is optimized with the Yoast SEO plugin v27.2 - https:\/\/yoast.com\/product\/yoast-seo-wordpress\/ -->\n<title>Ambrosia Viljaton koiranruoka kalkkuna &amp; ankka 12 kg - MiuMjau<\/title>\n<meta name=\"robots\" content=\"index, follow, max-snippet:-1, max-image-preview:large, max-video-preview:-1\" \/>\n<link rel=\"canonical\" href=\"https:\/\/miumjau.ee\/fi\/tuote\/ambrosia-viljaton-koiranruoka-kalkkuna-ankka-12-kg\/\" \/>\n<meta property=\"og:locale\" content=\"fi_FI\" \/>\n<meta property=\"og:type\" content=\"article\" \/>\n<meta property=\"og:title\" content=\"Ambrosia Viljaton koiranruoka kalkkuna &amp; ankka 12 kg - MiuMjau\" \/>\n<meta property=\"og:description\" content=\"Ambrosia Fresh Turkey &amp; Duck \u2013 t\u00e4ysravinto kahdella siipikarjan proteiinil\u00e4hteell\u00e4 kaikille koirille! Tuoreen kalkkunafileen ja kuivatussa ankanlihan yhdistelm\u00e4 tarjoaa korkealaatuista el\u00e4inproteiinia, joka sopii erinomaisesti p\u00e4ivitt\u00e4iseen ruokintaan kaiken kokoisille koirille. Resepti on rikastettu pre- ja probiooteilla ruoansulatuksen ja immuunij\u00e4rjestelm\u00e4n tueksi, glukosamiinilla ja kondroitiinilla nivelten suojaamiseksi, sek\u00e4 tauriinilla ja L-karnitiinilla syd\u00e4men ja lihasten vahvistamiseksi. Keskikokoinen nappula sopii kaikille koirille! Kahden siipikarjan erityisresepti \u2013 tasapaino jokaisessa puraisussa!\ud83c\udf57 Kaksi laadukasta proteiinin l\u00e4hdett\u00e4 \u2013 kalkkuna ja ankka\ud83e\udda0 Pre- ja probiootit \u2013 tukevat ruoansulatusta ja immuunij\u00e4rjestelm\u00e4\u00e4\ud83e\uddb4 Glukosamiini &amp; kondroitiini \u2013 tukevat nivelten liikkuvuutta\ud83d\udc93 Tauriini &amp; L-karnitiini \u2013 tukevat syd\u00e4men ja lihasten toimintaa Luonnolliset superruoat koiran hyvinvointiin!\ud83e\udd66 Parsakaali \u2013 tulehdusta ehk\u00e4isev\u00e4 ja silmi\u00e4 suojaava superruoka\ud83e\udd6c Pinaatti \u2013 antioksidanttipitoinen ja tukee verenpainetta\ud83c\udf52 Karpalo \u2013 vahvistaa syd\u00e4nt\u00e4 ja tukee ruoansulatusta\ud83e\uded0 Mustikka \u2013 pit\u00e4\u00e4 mielen virke\u00e4n\u00e4 ja luut vahvoina Koostumus:Siipikarjanliha (35 %, josta tuore luuton kalkkuna 15 %, kuivattu siipikarjanliha 20 %), el\u00e4inrasva (siipikarja, 13 %), vihre\u00e4t herneet (10 %), halkaistut herneet (10 %), perunat\u00e4rkkelys, hydrolysoitu kananproteiinia (10 %), kuivattu ankka (4 %), pellavansiemenet, kuivattu juurikasmassa, mineraalit, sikuri (luonnollinen FOS ja inuliinin l\u00e4hde), panimohiiva, lohi\u00f6ljy, MOS &amp; beetaglukaanit, kuivattu parsakaali, pinaatti, karpalot, mustikat, glukosamiini (300 mg\/kg), kondroitiinisulfaatti (300 mg\/kg), kasviuutteet (rosmariini, ryp\u00e4leensiemenet, kurkuma, sitrushedelm\u00e4t, neilikka). Lis\u00e4aineet (kg kohti):A-vitamiini \u2013 14 000 IU, D3-vitamiini \u2013 1 350 IU, E-vitamiini \u2013 400 mg, Tauriin \u2013 1 000 mg, L-karnitiini \u2013 50 mg Analyyttinen koostumus:Raakavalkuainen 30 %, Raakarasva 20 %, Omega-3-rasvahapot 0,8 %, Omega-6-rasvahapot 2,7 %, Raakakuitu 2,5 %, Tuhka 7,5 %, Kosteus 9 %, Kalsium 1,5 %, Fosfori 0,9 % Metaboloituva energia: 4 020 kcal\/kg \ud83d\udc99 Ambrosia Fresh Turkey &amp; Duck \u2013 viljaton, herkullinen ja ravinteikas valinta kaikille aikuisille koirille!\" \/>\n<meta property=\"og:url\" content=\"https:\/\/miumjau.ee\/fi\/tuote\/ambrosia-viljaton-koiranruoka-kalkkuna-ankka-12-kg\/\" \/>\n<meta property=\"og:site_name\" content=\"MiuMjau\" \/>\n<meta property=\"article:publisher\" content=\"https:\/\/www.facebook.com\/miumjaupood\/\" \/>\n<meta property=\"article:modified_time\" content=\"2026-01-07T20:41:36+00:00\" \/>\n<meta property=\"og:image\" content=\"https:\/\/miumjau.ee\/wp-content\/uploads\/2025\/04\/ambrosia-adult-turkey-duck-Photoroom.webp\" \/>\n\t<meta property=\"og:image:width\" content=\"600\" \/>\n\t<meta property=\"og:image:height\" content=\"800\" \/>\n\t<meta property=\"og:image:type\" content=\"image\/webp\" \/>\n<meta name=\"twitter:card\" content=\"summary_large_image\" \/>\n<script type=\"application\/ld+json\" class=\"yoast-schema-graph\">{\"@context\":\"https:\/\/schema.org\",\"@graph\":[{\"@type\":\"WebPage\",\"@id\":\"https:\/\/miumjau.ee\/fi\/tuote\/ambrosia-viljaton-koiranruoka-kalkkuna-ankka-12-kg\/\",\"url\":\"https:\/\/miumjau.ee\/fi\/tuote\/ambrosia-viljaton-koiranruoka-kalkkuna-ankka-12-kg\/\",\"name\":\"Ambrosia Viljaton koiranruoka kalkkuna & ankka 12 kg - MiuMjau\",\"isPartOf\":{\"@id\":\"https:\/\/miumjau.ee\/#website\"},\"primaryImageOfPage\":{\"@id\":\"https:\/\/miumjau.ee\/fi\/tuote\/ambrosia-viljaton-koiranruoka-kalkkuna-ankka-12-kg\/#primaryimage\"},\"image\":{\"@id\":\"https:\/\/miumjau.ee\/fi\/tuote\/ambrosia-viljaton-koiranruoka-kalkkuna-ankka-12-kg\/#primaryimage\"},\"thumbnailUrl\":\"https:\/\/miumjau.ee\/wp-content\/uploads\/2025\/04\/ambrosia-adult-turkey-duck-Photoroom.webp\",\"datePublished\":\"2025-04-07T11:19:12+00:00\",\"dateModified\":\"2026-01-07T20:41:36+00:00\",\"breadcrumb\":{\"@id\":\"https:\/\/miumjau.ee\/fi\/tuote\/ambrosia-viljaton-koiranruoka-kalkkuna-ankka-12-kg\/#breadcrumb\"},\"inLanguage\":\"fi\",\"potentialAction\":[{\"@type\":\"ReadAction\",\"target\":[\"https:\/\/miumjau.ee\/fi\/tuote\/ambrosia-viljaton-koiranruoka-kalkkuna-ankka-12-kg\/\"]}]},{\"@type\":\"ImageObject\",\"inLanguage\":\"fi\",\"@id\":\"https:\/\/miumjau.ee\/fi\/tuote\/ambrosia-viljaton-koiranruoka-kalkkuna-ankka-12-kg\/#primaryimage\",\"url\":\"https:\/\/miumjau.ee\/wp-content\/uploads\/2025\/04\/ambrosia-adult-turkey-duck-Photoroom.webp\",\"contentUrl\":\"https:\/\/miumjau.ee\/wp-content\/uploads\/2025\/04\/ambrosia-adult-turkey-duck-Photoroom.webp\",\"width\":600,\"height\":800,\"caption\":\"Ambrosia teraviljavaba t\u00e4iss\u00f6\u00f6t koertele\"},{\"@type\":\"BreadcrumbList\",\"@id\":\"https:\/\/miumjau.ee\/fi\/tuote\/ambrosia-viljaton-koiranruoka-kalkkuna-ankka-12-kg\/#breadcrumb\",\"itemListElement\":[{\"@type\":\"ListItem\",\"position\":1,\"name\":\"Home\",\"item\":\"https:\/\/miumjau.ee\/fi\/\"},{\"@type\":\"ListItem\",\"position\":2,\"name\":\"Kauppa\",\"item\":\"https:\/\/miumjau.ee\/fi\/kauppa\/\"},{\"@type\":\"ListItem\",\"position\":3,\"name\":\"Ambrosia Viljaton koiranruoka kalkkuna &#038; ankka 12 kg\"}]},{\"@type\":\"WebSite\",\"@id\":\"https:\/\/miumjau.ee\/#website\",\"url\":\"https:\/\/miumjau.ee\/\",\"name\":\"MiuMjau\",\"description\":\"Kraapimispuud kassidele\",\"publisher\":{\"@id\":\"https:\/\/miumjau.ee\/#organization\"},\"potentialAction\":[{\"@type\":\"SearchAction\",\"target\":{\"@type\":\"EntryPoint\",\"urlTemplate\":\"https:\/\/miumjau.ee\/?s={search_term_string}\"},\"query-input\":{\"@type\":\"PropertyValueSpecification\",\"valueRequired\":true,\"valueName\":\"search_term_string\"}}],\"inLanguage\":\"fi\"},{\"@type\":\"Organization\",\"@id\":\"https:\/\/miumjau.ee\/#organization\",\"name\":\"MiuMjau O\u00dc\",\"url\":\"https:\/\/miumjau.ee\/\",\"logo\":{\"@type\":\"ImageObject\",\"inLanguage\":\"fi\",\"@id\":\"https:\/\/miumjau.ee\/#\/schema\/logo\/image\/\",\"url\":\"https:\/\/miumjau.ee\/wp-content\/uploads\/2022\/04\/MiuMjau-logo-kollane.png\",\"contentUrl\":\"https:\/\/miumjau.ee\/wp-content\/uploads\/2022\/04\/MiuMjau-logo-kollane.png\",\"width\":219,\"height\":100,\"caption\":\"MiuMjau O\u00dc\"},\"image\":{\"@id\":\"https:\/\/miumjau.ee\/#\/schema\/logo\/image\/\"},\"sameAs\":[\"https:\/\/www.facebook.com\/miumjaupood\/\"]}]}<\/script>\n<!-- \/ Yoast SEO plugin. -->","yoast_head_json":{"title":"Ambrosia Viljaton koiranruoka kalkkuna & ankka 12 kg - MiuMjau","robots":{"index":"index","follow":"follow","max-snippet":"max-snippet:-1","max-image-preview":"max-image-preview:large","max-video-preview":"max-video-preview:-1"},"canonical":"https:\/\/miumjau.ee\/fi\/tuote\/ambrosia-viljaton-koiranruoka-kalkkuna-ankka-12-kg\/","og_locale":"fi_FI","og_type":"article","og_title":"Ambrosia Viljaton koiranruoka kalkkuna & ankka 12 kg - MiuMjau","og_description":"Ambrosia Fresh Turkey &amp; Duck \u2013 t\u00e4ysravinto kahdella siipikarjan proteiinil\u00e4hteell\u00e4 kaikille koirille! Tuoreen kalkkunafileen ja kuivatussa ankanlihan yhdistelm\u00e4 tarjoaa korkealaatuista el\u00e4inproteiinia, joka sopii erinomaisesti p\u00e4ivitt\u00e4iseen ruokintaan kaiken kokoisille koirille. Resepti on rikastettu pre- ja probiooteilla ruoansulatuksen ja immuunij\u00e4rjestelm\u00e4n tueksi, glukosamiinilla ja kondroitiinilla nivelten suojaamiseksi, sek\u00e4 tauriinilla ja L-karnitiinilla syd\u00e4men ja lihasten vahvistamiseksi. Keskikokoinen nappula sopii kaikille koirille! Kahden siipikarjan erityisresepti \u2013 tasapaino jokaisessa puraisussa!\ud83c\udf57 Kaksi laadukasta proteiinin l\u00e4hdett\u00e4 \u2013 kalkkuna ja ankka\ud83e\udda0 Pre- ja probiootit \u2013 tukevat ruoansulatusta ja immuunij\u00e4rjestelm\u00e4\u00e4\ud83e\uddb4 Glukosamiini &amp; kondroitiini \u2013 tukevat nivelten liikkuvuutta\ud83d\udc93 Tauriini &amp; L-karnitiini \u2013 tukevat syd\u00e4men ja lihasten toimintaa Luonnolliset superruoat koiran hyvinvointiin!\ud83e\udd66 Parsakaali \u2013 tulehdusta ehk\u00e4isev\u00e4 ja silmi\u00e4 suojaava superruoka\ud83e\udd6c Pinaatti \u2013 antioksidanttipitoinen ja tukee verenpainetta\ud83c\udf52 Karpalo \u2013 vahvistaa syd\u00e4nt\u00e4 ja tukee ruoansulatusta\ud83e\uded0 Mustikka \u2013 pit\u00e4\u00e4 mielen virke\u00e4n\u00e4 ja luut vahvoina Koostumus:Siipikarjanliha (35 %, josta tuore luuton kalkkuna 15 %, kuivattu siipikarjanliha 20 %), el\u00e4inrasva (siipikarja, 13 %), vihre\u00e4t herneet (10 %), halkaistut herneet (10 %), perunat\u00e4rkkelys, hydrolysoitu kananproteiinia (10 %), kuivattu ankka (4 %), pellavansiemenet, kuivattu juurikasmassa, mineraalit, sikuri (luonnollinen FOS ja inuliinin l\u00e4hde), panimohiiva, lohi\u00f6ljy, MOS &amp; beetaglukaanit, kuivattu parsakaali, pinaatti, karpalot, mustikat, glukosamiini (300 mg\/kg), kondroitiinisulfaatti (300 mg\/kg), kasviuutteet (rosmariini, ryp\u00e4leensiemenet, kurkuma, sitrushedelm\u00e4t, neilikka). Lis\u00e4aineet (kg kohti):A-vitamiini \u2013 14 000 IU, D3-vitamiini \u2013 1 350 IU, E-vitamiini \u2013 400 mg, Tauriin \u2013 1 000 mg, L-karnitiini \u2013 50 mg Analyyttinen koostumus:Raakavalkuainen 30 %, Raakarasva 20 %, Omega-3-rasvahapot 0,8 %, Omega-6-rasvahapot 2,7 %, Raakakuitu 2,5 %, Tuhka 7,5 %, Kosteus 9 %, Kalsium 1,5 %, Fosfori 0,9 % Metaboloituva energia: 4 020 kcal\/kg \ud83d\udc99 Ambrosia Fresh Turkey &amp; Duck \u2013 viljaton, herkullinen ja ravinteikas valinta kaikille aikuisille koirille!","og_url":"https:\/\/miumjau.ee\/fi\/tuote\/ambrosia-viljaton-koiranruoka-kalkkuna-ankka-12-kg\/","og_site_name":"MiuMjau","article_publisher":"https:\/\/www.facebook.com\/miumjaupood\/","article_modified_time":"2026-01-07T20:41:36+00:00","og_image":[{"width":600,"height":800,"url":"https:\/\/miumjau.ee\/wp-content\/uploads\/2025\/04\/ambrosia-adult-turkey-duck-Photoroom.webp","type":"image\/webp"}],"twitter_card":"summary_large_image","schema":{"@context":"https:\/\/schema.org","@graph":[{"@type":"WebPage","@id":"https:\/\/miumjau.ee\/fi\/tuote\/ambrosia-viljaton-koiranruoka-kalkkuna-ankka-12-kg\/","url":"https:\/\/miumjau.ee\/fi\/tuote\/ambrosia-viljaton-koiranruoka-kalkkuna-ankka-12-kg\/","name":"Ambrosia Viljaton koiranruoka kalkkuna & ankka 12 kg - MiuMjau","isPartOf":{"@id":"https:\/\/miumjau.ee\/#website"},"primaryImageOfPage":{"@id":"https:\/\/miumjau.ee\/fi\/tuote\/ambrosia-viljaton-koiranruoka-kalkkuna-ankka-12-kg\/#primaryimage"},"image":{"@id":"https:\/\/miumjau.ee\/fi\/tuote\/ambrosia-viljaton-koiranruoka-kalkkuna-ankka-12-kg\/#primaryimage"},"thumbnailUrl":"https:\/\/miumjau.ee\/wp-content\/uploads\/2025\/04\/ambrosia-adult-turkey-duck-Photoroom.webp","datePublished":"2025-04-07T11:19:12+00:00","dateModified":"2026-01-07T20:41:36+00:00","breadcrumb":{"@id":"https:\/\/miumjau.ee\/fi\/tuote\/ambrosia-viljaton-koiranruoka-kalkkuna-ankka-12-kg\/#breadcrumb"},"inLanguage":"fi","potentialAction":[{"@type":"ReadAction","target":["https:\/\/miumjau.ee\/fi\/tuote\/ambrosia-viljaton-koiranruoka-kalkkuna-ankka-12-kg\/"]}]},{"@type":"ImageObject","inLanguage":"fi","@id":"https:\/\/miumjau.ee\/fi\/tuote\/ambrosia-viljaton-koiranruoka-kalkkuna-ankka-12-kg\/#primaryimage","url":"https:\/\/miumjau.ee\/wp-content\/uploads\/2025\/04\/ambrosia-adult-turkey-duck-Photoroom.webp","contentUrl":"https:\/\/miumjau.ee\/wp-content\/uploads\/2025\/04\/ambrosia-adult-turkey-duck-Photoroom.webp","width":600,"height":800,"caption":"Ambrosia teraviljavaba t\u00e4iss\u00f6\u00f6t koertele"},{"@type":"BreadcrumbList","@id":"https:\/\/miumjau.ee\/fi\/tuote\/ambrosia-viljaton-koiranruoka-kalkkuna-ankka-12-kg\/#breadcrumb","itemListElement":[{"@type":"ListItem","position":1,"name":"Home","item":"https:\/\/miumjau.ee\/fi\/"},{"@type":"ListItem","position":2,"name":"Kauppa","item":"https:\/\/miumjau.ee\/fi\/kauppa\/"},{"@type":"ListItem","position":3,"name":"Ambrosia Viljaton koiranruoka kalkkuna &#038; ankka 12 kg"}]},{"@type":"WebSite","@id":"https:\/\/miumjau.ee\/#website","url":"https:\/\/miumjau.ee\/","name":"MiuMjau","description":"Kraapimispuud kassidele","publisher":{"@id":"https:\/\/miumjau.ee\/#organization"},"potentialAction":[{"@type":"SearchAction","target":{"@type":"EntryPoint","urlTemplate":"https:\/\/miumjau.ee\/?s={search_term_string}"},"query-input":{"@type":"PropertyValueSpecification","valueRequired":true,"valueName":"search_term_string"}}],"inLanguage":"fi"},{"@type":"Organization","@id":"https:\/\/miumjau.ee\/#organization","name":"MiuMjau O\u00dc","url":"https:\/\/miumjau.ee\/","logo":{"@type":"ImageObject","inLanguage":"fi","@id":"https:\/\/miumjau.ee\/#\/schema\/logo\/image\/","url":"https:\/\/miumjau.ee\/wp-content\/uploads\/2022\/04\/MiuMjau-logo-kollane.png","contentUrl":"https:\/\/miumjau.ee\/wp-content\/uploads\/2022\/04\/MiuMjau-logo-kollane.png","width":219,"height":100,"caption":"MiuMjau O\u00dc"},"image":{"@id":"https:\/\/miumjau.ee\/#\/schema\/logo\/image\/"},"sameAs":["https:\/\/www.facebook.com\/miumjaupood\/"]}]}},"_links":{"self":[{"href":"https:\/\/miumjau.ee\/fi\/wp-json\/wp\/v2\/product\/51072","targetHints":{"allow":["GET"]}}],"collection":[{"href":"https:\/\/miumjau.ee\/fi\/wp-json\/wp\/v2\/product"}],"about":[{"href":"https:\/\/miumjau.ee\/fi\/wp-json\/wp\/v2\/types\/product"}],"wp:featuredmedia":[{"embeddable":true,"href":"https:\/\/miumjau.ee\/fi\/wp-json\/wp\/v2\/media\/31863"}],"wp:attachment":[{"href":"https:\/\/miumjau.ee\/fi\/wp-json\/wp\/v2\/media?parent=51072"}],"wp:term":[{"taxonomy":"product_brand","embeddable":true,"href":"https:\/\/miumjau.ee\/fi\/wp-json\/wp\/v2\/product_brand?post=51072"},{"taxonomy":"product_cat","embeddable":true,"href":"https:\/\/miumjau.ee\/fi\/wp-json\/wp\/v2\/product_cat?post=51072"},{"taxonomy":"product_tag","embeddable":true,"href":"https:\/\/miumjau.ee\/fi\/wp-json\/wp\/v2\/product_tag?post=51072"}],"curies":[{"name":"wp","href":"https:\/\/api.w.org\/{rel}","templated":true}]}}