{"id":51067,"date":"2025-04-07T14:23:03","date_gmt":"2025-04-07T11:23:03","guid":{"rendered":"https:\/\/miumjau.ee\/toode\/ambrosia-viljaton-koiranruoka-peura-lammas-2-kg\/"},"modified":"2026-01-07T22:41:36","modified_gmt":"2026-01-07T20:41:36","slug":"ambrosia-viljaton-koiranruoka-peura-lammas-2-kg","status":"publish","type":"product","link":"https:\/\/miumjau.ee\/fi\/tuote\/ambrosia-viljaton-koiranruoka-peura-lammas-2-kg\/","title":{"rendered":"Ambrosia Viljaton koiranruoka peura &#038; lammas 2 kg"},"content":{"rendered":"","protected":false},"excerpt":{"rendered":"<p data-start=\"2521\" data-end=\"2616\"><strong data-start=\"2521\" data-end=\"2554\">Ambrosia Fresh Venison &amp; Lamb<\/strong> \u2013 proteiinipitoinen peura- ja lammasherkku kaikille koirille!<\/p>\n<p data-start=\"2618\" data-end=\"2970\">Tuore peura- ja lampaanliha tarjoavat korkean proteiinipitoisuuden ja herkullisen maun, sopien kaiken kokoisille ja -rotuisille koirille. Ruoassa on pre- ja probiootteja, jotka tukevat ruoansulatusta ja vahvistavat immuunij\u00e4rjestelm\u00e4\u00e4. Glukosamiini ja kondroitiini suojaavat niveli\u00e4, ja tauriini sek\u00e4 L-karnitiini tukevat syd\u00e4men ja lihasten terveytt\u00e4.<\/p>\n<p data-start=\"2972\" data-end=\"3022\"><strong data-start=\"2972\" data-end=\"3022\">Keskikokoinen nappula sopii kaikille koirille!<\/strong><\/p>\n<p data-start=\"3024\" data-end=\"3458\"><strong data-start=\"3024\" data-end=\"3101\">Kahden erityisen lihan resepti \u2013 luonnollista tasapainoa ja huippulaatua!<\/strong><br data-start=\"3101\" data-end=\"3104\" \/>\ud83e\udd8c <strong data-start=\"3107\" data-end=\"3116\">Peura<\/strong> \u2013 arvokas ja helposti sulava proteiinin l\u00e4hde<br data-start=\"3162\" data-end=\"3165\" \/>\ud83d\udc11 <strong data-start=\"3168\" data-end=\"3178\">Lammas<\/strong> \u2013 maukas ja ravinteikas proteiini lihasvoiman tueksi<br data-start=\"3231\" data-end=\"3234\" \/>\ud83e\uddb4 <strong data-start=\"3237\" data-end=\"3268\">Glukosamiini &amp; kondroitiini<\/strong> \u2013 tukevat nivelten liikkuvuutta<br data-start=\"3300\" data-end=\"3303\" \/>\ud83e\udda0 <strong data-start=\"3306\" data-end=\"3328\">Pre- ja probiootit<\/strong> \u2013 ruoansulatuksen ja immuunij\u00e4rjestelm\u00e4n tueksi<br data-start=\"3376\" data-end=\"3379\" \/>\ud83d\udc93 <strong data-start=\"3382\" data-end=\"3409\">Tauriini &amp; L-karnitiini<\/strong> \u2013 syd\u00e4men, lihasten ja aineenvaihdunnan tueksi<\/p>\n<p data-start=\"3460\" data-end=\"3795\"><strong data-start=\"3460\" data-end=\"3501\">Superruoat p\u00e4ivitt\u00e4iseen elinvoimaan!<\/strong><br data-start=\"3501\" data-end=\"3504\" \/>\ud83e\udd66 <strong data-start=\"3507\" data-end=\"3521\">Parsakaali<\/strong> \u2013 auttaa ehk\u00e4isem\u00e4\u00e4n tulehduksia ja tukee n\u00e4k\u00f6\u00e4<br data-start=\"3569\" data-end=\"3572\" \/>\ud83e\udd6c <strong data-start=\"3575\" data-end=\"3587\">Pinaatti<\/strong> \u2013 antioksidanttipitoinen, tukee verenpainetta<br data-start=\"3633\" data-end=\"3636\" \/>\ud83c\udf45 <strong data-start=\"3639\" data-end=\"3651\">Tomaatti<\/strong> \u2013 vahvistaa immuunij\u00e4rjestelm\u00e4\u00e4<br data-start=\"3683\" data-end=\"3686\" \/>\ud83c\udf52 <strong data-start=\"3689\" data-end=\"3700\">Karpalo<\/strong> \u2013 tukee syd\u00e4nt\u00e4 ja ruoansulatusta<br data-start=\"3734\" data-end=\"3737\" \/>\ud83e\uded0 <strong data-start=\"3740\" data-end=\"3752\">Mustikka<\/strong> \u2013 pit\u00e4\u00e4 mielen virke\u00e4n\u00e4 ja luut vahvoina<\/p>\n<p data-start=\"3797\" data-end=\"4434\"><strong data-start=\"3797\" data-end=\"3811\">Koostumus:<\/strong><br data-start=\"3811\" data-end=\"3814\" \/>Lammas (20 %, josta tuore luuton lammas 10 %, kuivattu lampaanproteiin 10 %), vihre\u00e4t herneet, halkaistut herneet, perunahiutaleet, kuivattu el\u00e4inproteiini (11 %), tuore peura 10 %, hydrolysoitu el\u00e4inproteiini 10 %, el\u00e4inrasva (9,5 %), kuivattu juurikasmassa, pellavansiemenet, perunaproteiini, mineraalit, hiivaekstrakti (MOS &amp; beetaglukaanien l\u00e4hde), lohi\u00f6ljy, sikuri (FOS &amp; inuliinin luonnollinen l\u00e4hde), panimohiiva, kuivattu parsakaali, pinaatti, tomaatit, karpalot, mustikat, glukosamiini (100 mg\/kg), kondroitiinisulfaatti (100 mg\/kg), kasviuutteet (rosmariini, ryp\u00e4leensiemen, kurkuma, sitrushedelm\u00e4t, neilikka).<\/p>\n<p data-start=\"4436\" data-end=\"4577\"><strong data-start=\"4436\" data-end=\"4462\">Lis\u00e4aineet (kg kohti):<\/strong><br data-start=\"4462\" data-end=\"4465\" \/>A-vitamiini \u2013 14 000 IU, D3-vitamiini \u2013 1 350 IU, E-vitamiini \u2013 400 mg, Tauriin \u2013 1 000 mg, L-karnitiini \u2013 50 mg<\/p>\n<p data-start=\"4579\" data-end=\"4770\"><strong data-start=\"4579\" data-end=\"4606\">Analyyttinen koostumus:<\/strong><br data-start=\"4606\" data-end=\"4609\" \/>Raakavalkuainen 30 %, Raakarasva 20 %, Omega-3-rasvahapot 0,6 %, Omega-6-rasvahapot 2,5 %, Raakakuitu 3 %, Tuhka 8,5 %, Kosteus 9 %, Kalsium 1,8 %, Fosfori 1,2 %<\/p>\n<p data-start=\"4772\" data-end=\"4812\"><strong data-start=\"4772\" data-end=\"4798\">Metaboloituva energia:<\/strong> 3 963 kcal\/kg<\/p>\n<p data-start=\"4814\" data-end=\"4945\">\ud83d\udc99 <strong data-start=\"4817\" data-end=\"4850\">Ambrosia Fresh Venison &amp; Lamb<\/strong> \u2013 ravitseva, luonnollinen ja herkullinen valinta kaikille koirille, jotka ansaitsevat parasta!<\/p>\n","protected":false},"featured_media":31875,"template":"","meta":[],"product_brand":[],"product_cat":[478],"product_tag":[],"class_list":{"0":"post-51067","1":"product","2":"type-product","3":"status-publish","4":"has-post-thumbnail","6":"product_cat-kuivaruoka-koirille","8":"first","9":"instock","10":"taxable","11":"shipping-taxable","12":"purchasable","13":"product-type-simple"},"yoast_head":"<!-- This site is optimized with the Yoast SEO plugin v27.2 - https:\/\/yoast.com\/product\/yoast-seo-wordpress\/ -->\n<title>Ambrosia Viljaton koiranruoka peura &amp; lammas 2 kg - MiuMjau<\/title>\n<meta name=\"robots\" content=\"index, follow, max-snippet:-1, max-image-preview:large, max-video-preview:-1\" \/>\n<link rel=\"canonical\" href=\"https:\/\/miumjau.ee\/fi\/tuote\/ambrosia-viljaton-koiranruoka-peura-lammas-2-kg\/\" \/>\n<meta property=\"og:locale\" content=\"fi_FI\" \/>\n<meta property=\"og:type\" content=\"article\" \/>\n<meta property=\"og:title\" content=\"Ambrosia Viljaton koiranruoka peura &amp; lammas 2 kg - MiuMjau\" \/>\n<meta property=\"og:description\" content=\"Ambrosia Fresh Venison &amp; Lamb \u2013 proteiinipitoinen peura- ja lammasherkku kaikille koirille! Tuore peura- ja lampaanliha tarjoavat korkean proteiinipitoisuuden ja herkullisen maun, sopien kaiken kokoisille ja -rotuisille koirille. Ruoassa on pre- ja probiootteja, jotka tukevat ruoansulatusta ja vahvistavat immuunij\u00e4rjestelm\u00e4\u00e4. Glukosamiini ja kondroitiini suojaavat niveli\u00e4, ja tauriini sek\u00e4 L-karnitiini tukevat syd\u00e4men ja lihasten terveytt\u00e4. Keskikokoinen nappula sopii kaikille koirille! Kahden erityisen lihan resepti \u2013 luonnollista tasapainoa ja huippulaatua!\ud83e\udd8c Peura \u2013 arvokas ja helposti sulava proteiinin l\u00e4hde\ud83d\udc11 Lammas \u2013 maukas ja ravinteikas proteiini lihasvoiman tueksi\ud83e\uddb4 Glukosamiini &amp; kondroitiini \u2013 tukevat nivelten liikkuvuutta\ud83e\udda0 Pre- ja probiootit \u2013 ruoansulatuksen ja immuunij\u00e4rjestelm\u00e4n tueksi\ud83d\udc93 Tauriini &amp; L-karnitiini \u2013 syd\u00e4men, lihasten ja aineenvaihdunnan tueksi Superruoat p\u00e4ivitt\u00e4iseen elinvoimaan!\ud83e\udd66 Parsakaali \u2013 auttaa ehk\u00e4isem\u00e4\u00e4n tulehduksia ja tukee n\u00e4k\u00f6\u00e4\ud83e\udd6c Pinaatti \u2013 antioksidanttipitoinen, tukee verenpainetta\ud83c\udf45 Tomaatti \u2013 vahvistaa immuunij\u00e4rjestelm\u00e4\u00e4\ud83c\udf52 Karpalo \u2013 tukee syd\u00e4nt\u00e4 ja ruoansulatusta\ud83e\uded0 Mustikka \u2013 pit\u00e4\u00e4 mielen virke\u00e4n\u00e4 ja luut vahvoina Koostumus:Lammas (20 %, josta tuore luuton lammas 10 %, kuivattu lampaanproteiin 10 %), vihre\u00e4t herneet, halkaistut herneet, perunahiutaleet, kuivattu el\u00e4inproteiini (11 %), tuore peura 10 %, hydrolysoitu el\u00e4inproteiini 10 %, el\u00e4inrasva (9,5 %), kuivattu juurikasmassa, pellavansiemenet, perunaproteiini, mineraalit, hiivaekstrakti (MOS &amp; beetaglukaanien l\u00e4hde), lohi\u00f6ljy, sikuri (FOS &amp; inuliinin luonnollinen l\u00e4hde), panimohiiva, kuivattu parsakaali, pinaatti, tomaatit, karpalot, mustikat, glukosamiini (100 mg\/kg), kondroitiinisulfaatti (100 mg\/kg), kasviuutteet (rosmariini, ryp\u00e4leensiemen, kurkuma, sitrushedelm\u00e4t, neilikka). Lis\u00e4aineet (kg kohti):A-vitamiini \u2013 14 000 IU, D3-vitamiini \u2013 1 350 IU, E-vitamiini \u2013 400 mg, Tauriin \u2013 1 000 mg, L-karnitiini \u2013 50 mg Analyyttinen koostumus:Raakavalkuainen 30 %, Raakarasva 20 %, Omega-3-rasvahapot 0,6 %, Omega-6-rasvahapot 2,5 %, Raakakuitu 3 %, Tuhka 8,5 %, Kosteus 9 %, Kalsium 1,8 %, Fosfori 1,2 % Metaboloituva energia: 3 963 kcal\/kg \ud83d\udc99 Ambrosia Fresh Venison &amp; Lamb \u2013 ravitseva, luonnollinen ja herkullinen valinta kaikille koirille, jotka ansaitsevat parasta!\" \/>\n<meta property=\"og:url\" content=\"https:\/\/miumjau.ee\/fi\/tuote\/ambrosia-viljaton-koiranruoka-peura-lammas-2-kg\/\" \/>\n<meta property=\"og:site_name\" content=\"MiuMjau\" \/>\n<meta property=\"article:publisher\" content=\"https:\/\/www.facebook.com\/miumjaupood\/\" \/>\n<meta property=\"article:modified_time\" content=\"2026-01-07T20:41:36+00:00\" \/>\n<meta property=\"og:image\" content=\"https:\/\/miumjau.ee\/wp-content\/uploads\/2025\/04\/ambrosia-venison-lamb-Photoroom.webp\" \/>\n\t<meta property=\"og:image:width\" content=\"600\" \/>\n\t<meta property=\"og:image:height\" content=\"800\" \/>\n\t<meta property=\"og:image:type\" content=\"image\/webp\" \/>\n<meta name=\"twitter:card\" content=\"summary_large_image\" \/>\n<script type=\"application\/ld+json\" class=\"yoast-schema-graph\">{\"@context\":\"https:\/\/schema.org\",\"@graph\":[{\"@type\":\"WebPage\",\"@id\":\"https:\/\/miumjau.ee\/fi\/tuote\/ambrosia-viljaton-koiranruoka-peura-lammas-2-kg\/\",\"url\":\"https:\/\/miumjau.ee\/fi\/tuote\/ambrosia-viljaton-koiranruoka-peura-lammas-2-kg\/\",\"name\":\"Ambrosia Viljaton koiranruoka peura & lammas 2 kg - MiuMjau\",\"isPartOf\":{\"@id\":\"https:\/\/miumjau.ee\/#website\"},\"primaryImageOfPage\":{\"@id\":\"https:\/\/miumjau.ee\/fi\/tuote\/ambrosia-viljaton-koiranruoka-peura-lammas-2-kg\/#primaryimage\"},\"image\":{\"@id\":\"https:\/\/miumjau.ee\/fi\/tuote\/ambrosia-viljaton-koiranruoka-peura-lammas-2-kg\/#primaryimage\"},\"thumbnailUrl\":\"https:\/\/miumjau.ee\/wp-content\/uploads\/2025\/04\/ambrosia-venison-lamb-Photoroom.webp\",\"datePublished\":\"2025-04-07T11:23:03+00:00\",\"dateModified\":\"2026-01-07T20:41:36+00:00\",\"breadcrumb\":{\"@id\":\"https:\/\/miumjau.ee\/fi\/tuote\/ambrosia-viljaton-koiranruoka-peura-lammas-2-kg\/#breadcrumb\"},\"inLanguage\":\"fi\",\"potentialAction\":[{\"@type\":\"ReadAction\",\"target\":[\"https:\/\/miumjau.ee\/fi\/tuote\/ambrosia-viljaton-koiranruoka-peura-lammas-2-kg\/\"]}]},{\"@type\":\"ImageObject\",\"inLanguage\":\"fi\",\"@id\":\"https:\/\/miumjau.ee\/fi\/tuote\/ambrosia-viljaton-koiranruoka-peura-lammas-2-kg\/#primaryimage\",\"url\":\"https:\/\/miumjau.ee\/wp-content\/uploads\/2025\/04\/ambrosia-venison-lamb-Photoroom.webp\",\"contentUrl\":\"https:\/\/miumjau.ee\/wp-content\/uploads\/2025\/04\/ambrosia-venison-lamb-Photoroom.webp\",\"width\":600,\"height\":800,\"caption\":\"Ambrosia teraviljavaba t\u00e4iss\u00f6\u00f6t koertele\"},{\"@type\":\"BreadcrumbList\",\"@id\":\"https:\/\/miumjau.ee\/fi\/tuote\/ambrosia-viljaton-koiranruoka-peura-lammas-2-kg\/#breadcrumb\",\"itemListElement\":[{\"@type\":\"ListItem\",\"position\":1,\"name\":\"Home\",\"item\":\"https:\/\/miumjau.ee\/fi\/\"},{\"@type\":\"ListItem\",\"position\":2,\"name\":\"Kauppa\",\"item\":\"https:\/\/miumjau.ee\/fi\/kauppa\/\"},{\"@type\":\"ListItem\",\"position\":3,\"name\":\"Ambrosia Viljaton koiranruoka peura &#038; lammas 2 kg\"}]},{\"@type\":\"WebSite\",\"@id\":\"https:\/\/miumjau.ee\/#website\",\"url\":\"https:\/\/miumjau.ee\/\",\"name\":\"MiuMjau\",\"description\":\"Kraapimispuud kassidele\",\"publisher\":{\"@id\":\"https:\/\/miumjau.ee\/#organization\"},\"potentialAction\":[{\"@type\":\"SearchAction\",\"target\":{\"@type\":\"EntryPoint\",\"urlTemplate\":\"https:\/\/miumjau.ee\/?s={search_term_string}\"},\"query-input\":{\"@type\":\"PropertyValueSpecification\",\"valueRequired\":true,\"valueName\":\"search_term_string\"}}],\"inLanguage\":\"fi\"},{\"@type\":\"Organization\",\"@id\":\"https:\/\/miumjau.ee\/#organization\",\"name\":\"MiuMjau O\u00dc\",\"url\":\"https:\/\/miumjau.ee\/\",\"logo\":{\"@type\":\"ImageObject\",\"inLanguage\":\"fi\",\"@id\":\"https:\/\/miumjau.ee\/#\/schema\/logo\/image\/\",\"url\":\"https:\/\/miumjau.ee\/wp-content\/uploads\/2022\/04\/MiuMjau-logo-kollane.png\",\"contentUrl\":\"https:\/\/miumjau.ee\/wp-content\/uploads\/2022\/04\/MiuMjau-logo-kollane.png\",\"width\":219,\"height\":100,\"caption\":\"MiuMjau O\u00dc\"},\"image\":{\"@id\":\"https:\/\/miumjau.ee\/#\/schema\/logo\/image\/\"},\"sameAs\":[\"https:\/\/www.facebook.com\/miumjaupood\/\"]}]}<\/script>\n<!-- \/ Yoast SEO plugin. -->","yoast_head_json":{"title":"Ambrosia Viljaton koiranruoka peura & lammas 2 kg - MiuMjau","robots":{"index":"index","follow":"follow","max-snippet":"max-snippet:-1","max-image-preview":"max-image-preview:large","max-video-preview":"max-video-preview:-1"},"canonical":"https:\/\/miumjau.ee\/fi\/tuote\/ambrosia-viljaton-koiranruoka-peura-lammas-2-kg\/","og_locale":"fi_FI","og_type":"article","og_title":"Ambrosia Viljaton koiranruoka peura & lammas 2 kg - MiuMjau","og_description":"Ambrosia Fresh Venison &amp; Lamb \u2013 proteiinipitoinen peura- ja lammasherkku kaikille koirille! Tuore peura- ja lampaanliha tarjoavat korkean proteiinipitoisuuden ja herkullisen maun, sopien kaiken kokoisille ja -rotuisille koirille. Ruoassa on pre- ja probiootteja, jotka tukevat ruoansulatusta ja vahvistavat immuunij\u00e4rjestelm\u00e4\u00e4. Glukosamiini ja kondroitiini suojaavat niveli\u00e4, ja tauriini sek\u00e4 L-karnitiini tukevat syd\u00e4men ja lihasten terveytt\u00e4. Keskikokoinen nappula sopii kaikille koirille! Kahden erityisen lihan resepti \u2013 luonnollista tasapainoa ja huippulaatua!\ud83e\udd8c Peura \u2013 arvokas ja helposti sulava proteiinin l\u00e4hde\ud83d\udc11 Lammas \u2013 maukas ja ravinteikas proteiini lihasvoiman tueksi\ud83e\uddb4 Glukosamiini &amp; kondroitiini \u2013 tukevat nivelten liikkuvuutta\ud83e\udda0 Pre- ja probiootit \u2013 ruoansulatuksen ja immuunij\u00e4rjestelm\u00e4n tueksi\ud83d\udc93 Tauriini &amp; L-karnitiini \u2013 syd\u00e4men, lihasten ja aineenvaihdunnan tueksi Superruoat p\u00e4ivitt\u00e4iseen elinvoimaan!\ud83e\udd66 Parsakaali \u2013 auttaa ehk\u00e4isem\u00e4\u00e4n tulehduksia ja tukee n\u00e4k\u00f6\u00e4\ud83e\udd6c Pinaatti \u2013 antioksidanttipitoinen, tukee verenpainetta\ud83c\udf45 Tomaatti \u2013 vahvistaa immuunij\u00e4rjestelm\u00e4\u00e4\ud83c\udf52 Karpalo \u2013 tukee syd\u00e4nt\u00e4 ja ruoansulatusta\ud83e\uded0 Mustikka \u2013 pit\u00e4\u00e4 mielen virke\u00e4n\u00e4 ja luut vahvoina Koostumus:Lammas (20 %, josta tuore luuton lammas 10 %, kuivattu lampaanproteiin 10 %), vihre\u00e4t herneet, halkaistut herneet, perunahiutaleet, kuivattu el\u00e4inproteiini (11 %), tuore peura 10 %, hydrolysoitu el\u00e4inproteiini 10 %, el\u00e4inrasva (9,5 %), kuivattu juurikasmassa, pellavansiemenet, perunaproteiini, mineraalit, hiivaekstrakti (MOS &amp; beetaglukaanien l\u00e4hde), lohi\u00f6ljy, sikuri (FOS &amp; inuliinin luonnollinen l\u00e4hde), panimohiiva, kuivattu parsakaali, pinaatti, tomaatit, karpalot, mustikat, glukosamiini (100 mg\/kg), kondroitiinisulfaatti (100 mg\/kg), kasviuutteet (rosmariini, ryp\u00e4leensiemen, kurkuma, sitrushedelm\u00e4t, neilikka). Lis\u00e4aineet (kg kohti):A-vitamiini \u2013 14 000 IU, D3-vitamiini \u2013 1 350 IU, E-vitamiini \u2013 400 mg, Tauriin \u2013 1 000 mg, L-karnitiini \u2013 50 mg Analyyttinen koostumus:Raakavalkuainen 30 %, Raakarasva 20 %, Omega-3-rasvahapot 0,6 %, Omega-6-rasvahapot 2,5 %, Raakakuitu 3 %, Tuhka 8,5 %, Kosteus 9 %, Kalsium 1,8 %, Fosfori 1,2 % Metaboloituva energia: 3 963 kcal\/kg \ud83d\udc99 Ambrosia Fresh Venison &amp; Lamb \u2013 ravitseva, luonnollinen ja herkullinen valinta kaikille koirille, jotka ansaitsevat parasta!","og_url":"https:\/\/miumjau.ee\/fi\/tuote\/ambrosia-viljaton-koiranruoka-peura-lammas-2-kg\/","og_site_name":"MiuMjau","article_publisher":"https:\/\/www.facebook.com\/miumjaupood\/","article_modified_time":"2026-01-07T20:41:36+00:00","og_image":[{"width":600,"height":800,"url":"https:\/\/miumjau.ee\/wp-content\/uploads\/2025\/04\/ambrosia-venison-lamb-Photoroom.webp","type":"image\/webp"}],"twitter_card":"summary_large_image","schema":{"@context":"https:\/\/schema.org","@graph":[{"@type":"WebPage","@id":"https:\/\/miumjau.ee\/fi\/tuote\/ambrosia-viljaton-koiranruoka-peura-lammas-2-kg\/","url":"https:\/\/miumjau.ee\/fi\/tuote\/ambrosia-viljaton-koiranruoka-peura-lammas-2-kg\/","name":"Ambrosia Viljaton koiranruoka peura & lammas 2 kg - MiuMjau","isPartOf":{"@id":"https:\/\/miumjau.ee\/#website"},"primaryImageOfPage":{"@id":"https:\/\/miumjau.ee\/fi\/tuote\/ambrosia-viljaton-koiranruoka-peura-lammas-2-kg\/#primaryimage"},"image":{"@id":"https:\/\/miumjau.ee\/fi\/tuote\/ambrosia-viljaton-koiranruoka-peura-lammas-2-kg\/#primaryimage"},"thumbnailUrl":"https:\/\/miumjau.ee\/wp-content\/uploads\/2025\/04\/ambrosia-venison-lamb-Photoroom.webp","datePublished":"2025-04-07T11:23:03+00:00","dateModified":"2026-01-07T20:41:36+00:00","breadcrumb":{"@id":"https:\/\/miumjau.ee\/fi\/tuote\/ambrosia-viljaton-koiranruoka-peura-lammas-2-kg\/#breadcrumb"},"inLanguage":"fi","potentialAction":[{"@type":"ReadAction","target":["https:\/\/miumjau.ee\/fi\/tuote\/ambrosia-viljaton-koiranruoka-peura-lammas-2-kg\/"]}]},{"@type":"ImageObject","inLanguage":"fi","@id":"https:\/\/miumjau.ee\/fi\/tuote\/ambrosia-viljaton-koiranruoka-peura-lammas-2-kg\/#primaryimage","url":"https:\/\/miumjau.ee\/wp-content\/uploads\/2025\/04\/ambrosia-venison-lamb-Photoroom.webp","contentUrl":"https:\/\/miumjau.ee\/wp-content\/uploads\/2025\/04\/ambrosia-venison-lamb-Photoroom.webp","width":600,"height":800,"caption":"Ambrosia teraviljavaba t\u00e4iss\u00f6\u00f6t koertele"},{"@type":"BreadcrumbList","@id":"https:\/\/miumjau.ee\/fi\/tuote\/ambrosia-viljaton-koiranruoka-peura-lammas-2-kg\/#breadcrumb","itemListElement":[{"@type":"ListItem","position":1,"name":"Home","item":"https:\/\/miumjau.ee\/fi\/"},{"@type":"ListItem","position":2,"name":"Kauppa","item":"https:\/\/miumjau.ee\/fi\/kauppa\/"},{"@type":"ListItem","position":3,"name":"Ambrosia Viljaton koiranruoka peura &#038; lammas 2 kg"}]},{"@type":"WebSite","@id":"https:\/\/miumjau.ee\/#website","url":"https:\/\/miumjau.ee\/","name":"MiuMjau","description":"Kraapimispuud kassidele","publisher":{"@id":"https:\/\/miumjau.ee\/#organization"},"potentialAction":[{"@type":"SearchAction","target":{"@type":"EntryPoint","urlTemplate":"https:\/\/miumjau.ee\/?s={search_term_string}"},"query-input":{"@type":"PropertyValueSpecification","valueRequired":true,"valueName":"search_term_string"}}],"inLanguage":"fi"},{"@type":"Organization","@id":"https:\/\/miumjau.ee\/#organization","name":"MiuMjau O\u00dc","url":"https:\/\/miumjau.ee\/","logo":{"@type":"ImageObject","inLanguage":"fi","@id":"https:\/\/miumjau.ee\/#\/schema\/logo\/image\/","url":"https:\/\/miumjau.ee\/wp-content\/uploads\/2022\/04\/MiuMjau-logo-kollane.png","contentUrl":"https:\/\/miumjau.ee\/wp-content\/uploads\/2022\/04\/MiuMjau-logo-kollane.png","width":219,"height":100,"caption":"MiuMjau O\u00dc"},"image":{"@id":"https:\/\/miumjau.ee\/#\/schema\/logo\/image\/"},"sameAs":["https:\/\/www.facebook.com\/miumjaupood\/"]}]}},"_links":{"self":[{"href":"https:\/\/miumjau.ee\/fi\/wp-json\/wp\/v2\/product\/51067","targetHints":{"allow":["GET"]}}],"collection":[{"href":"https:\/\/miumjau.ee\/fi\/wp-json\/wp\/v2\/product"}],"about":[{"href":"https:\/\/miumjau.ee\/fi\/wp-json\/wp\/v2\/types\/product"}],"wp:featuredmedia":[{"embeddable":true,"href":"https:\/\/miumjau.ee\/fi\/wp-json\/wp\/v2\/media\/31875"}],"wp:attachment":[{"href":"https:\/\/miumjau.ee\/fi\/wp-json\/wp\/v2\/media?parent=51067"}],"wp:term":[{"taxonomy":"product_brand","embeddable":true,"href":"https:\/\/miumjau.ee\/fi\/wp-json\/wp\/v2\/product_brand?post=51067"},{"taxonomy":"product_cat","embeddable":true,"href":"https:\/\/miumjau.ee\/fi\/wp-json\/wp\/v2\/product_cat?post=51067"},{"taxonomy":"product_tag","embeddable":true,"href":"https:\/\/miumjau.ee\/fi\/wp-json\/wp\/v2\/product_tag?post=51067"}],"curies":[{"name":"wp","href":"https:\/\/api.w.org\/{rel}","templated":true}]}}