{"id":51060,"date":"2025-04-07T14:29:00","date_gmt":"2025-04-07T11:29:00","guid":{"rendered":"https:\/\/miumjau.ee\/toode\/ambrosia-viljaton-koiranruoka-kalkkuna-ja-kani-12-kg\/"},"modified":"2026-01-07T22:41:36","modified_gmt":"2026-01-07T20:41:36","slug":"ambrosia-viljaton-koiranruoka-kalkkuna-ja-kani-12-kg","status":"publish","type":"product","link":"https:\/\/miumjau.ee\/fi\/tuote\/ambrosia-viljaton-koiranruoka-kalkkuna-ja-kani-12-kg\/","title":{"rendered":"Ambrosia Viljaton koiranruoka kalkkuna ja kani 12 kg"},"content":{"rendered":"","protected":false},"excerpt":{"rendered":"<p data-start=\"2527\" data-end=\"2624\"><strong data-start=\"2527\" data-end=\"2561\">Ambrosia Fresh Turkey &amp; Rabbit<\/strong> \u2013 ainutlaatuinen ja tasapainoinen resepti aikuisille koirille!<\/p>\n<p data-start=\"2626\" data-end=\"3006\">Tuoreen kalkkunafileen ja kuivattujen kaninproteiinien yhdistelm\u00e4 tarjoaa korkealaatuista ruokaa, joka sopii kaikille roduille. Resepti on rikastettu pre- ja probiooteilla, jotka tukevat ruoansulatusta ja vahvistavat immuunij\u00e4rjestelm\u00e4\u00e4. Kondroitiini ja glukosamiini auttavat yll\u00e4pit\u00e4m\u00e4\u00e4n nivelten joustavuutta, ja tauriini sek\u00e4 L-karnitiini tukevat syd\u00e4men ja lihasten toimintaa.<\/p>\n<p data-start=\"3008\" data-end=\"3058\"><strong data-start=\"3008\" data-end=\"3058\">Keskikokoinen nappula sopii kaikille koirille!<\/strong><\/p>\n<p data-start=\"3060\" data-end=\"3490\"><strong data-start=\"3060\" data-end=\"3129\">Vahva kalkkuna &amp; kani \u2013 luonnollinen hoito jokaisessa puraisussa!<\/strong><br data-start=\"3129\" data-end=\"3132\" \/>\ud83e\udd83 <strong data-start=\"3135\" data-end=\"3147\">Kalkkuna<\/strong> \u2013 helposti sulava, v\u00e4h\u00e4rasvainen proteiinin l\u00e4hde<br data-start=\"3197\" data-end=\"3200\" \/>\ud83d\udc07 <strong data-start=\"3203\" data-end=\"3211\">Kani<\/strong> \u2013 eksklusiivinen proteiini, joka auttaa v\u00e4hent\u00e4m\u00e4\u00e4n ruoka-aineyliherkkyytt\u00e4<br data-start=\"3287\" data-end=\"3290\" \/>\ud83e\udda0 <strong data-start=\"3293\" data-end=\"3315\">Pre- ja probiootit<\/strong> \u2013 tasapainoiseen ruoansulatukseen<br data-start=\"3349\" data-end=\"3352\" \/>\ud83e\uddb4 <strong data-start=\"3355\" data-end=\"3386\">Glukosamiini &amp; kondroitiini<\/strong> \u2013 nivelten liikkuvuuden yll\u00e4pit\u00e4miseksi<br data-start=\"3426\" data-end=\"3429\" \/>\ud83d\udc93 <strong data-start=\"3432\" data-end=\"3459\">Tauriini &amp; L-karnitiini<\/strong> \u2013 syd\u00e4men ja lihasten tueksi<\/p>\n<p data-start=\"3492\" data-end=\"3872\"><strong data-start=\"3492\" data-end=\"3546\">Terveelliset superruoat p\u00e4ivitt\u00e4iseen elinvoimaan!<\/strong><br data-start=\"3546\" data-end=\"3549\" \/>\ud83e\udd66 <strong data-start=\"3552\" data-end=\"3566\">Parsakaali<\/strong> \u2013 tulehdusta ehk\u00e4isev\u00e4 ja tukee silmien terveytt\u00e4<br data-start=\"3616\" data-end=\"3619\" \/>\ud83e\udd6c <strong data-start=\"3622\" data-end=\"3634\">Pinaatti<\/strong> \u2013 vahvistaa immuunij\u00e4rjestelm\u00e4\u00e4 ja tukee verenpaineen tasapainoa<br data-start=\"3699\" data-end=\"3702\" \/>\ud83c\udf45 <strong data-start=\"3705\" data-end=\"3717\">Tomaatti<\/strong> \u2013 luonnollinen antioksidantti<br data-start=\"3747\" data-end=\"3750\" \/>\ud83c\udf52 <strong data-start=\"3753\" data-end=\"3764\">Karpalo<\/strong> \u2013 tukee verenkiertoa ja syd\u00e4men terveytt\u00e4<br data-start=\"3806\" data-end=\"3809\" \/>\ud83e\uded0 <strong data-start=\"3812\" data-end=\"3824\">Mustikka<\/strong> \u2013 parantaa henkisi\u00e4 kykyj\u00e4 ja vahvistaa luita<\/p>\n<p data-start=\"3874\" data-end=\"4491\"><strong data-start=\"3874\" data-end=\"3888\">Koostumus:<\/strong><br data-start=\"3888\" data-end=\"3891\" \/>Siipikarjanliha (35 %, josta tuore luuton kalkkuna 15 %, kuivattu siipikarjanliha 20 %), perunahiutaleet, siipikarjanrasva (11 %), herneet, halkaistut herneet, hydrolysoitu siipikarjan proteiini (10 %), kuivattu kani (4 %), kuivattu juurikasmassa, pellavansiemenet, sikuri (luonnollinen FOS- ja inuliinin l\u00e4hde), panimohiiva, lohi\u00f6ljy (0,5 %), MOS &amp; beetaglukaanit, kivenn\u00e4isaineet, kuivattu parsakaali, pinaatti, tomaatit, karpalot, mustikat, glukosamiini (150 mg\/kg), kondroitiinisulfaatti (150 mg\/kg), kasviuutteet (Yucca schidigera, rosmariini, ryp\u00e4leensiemen, kurkuma, sitrushedelm\u00e4t, neilikka).<\/p>\n<p data-start=\"4493\" data-end=\"4634\"><strong data-start=\"4493\" data-end=\"4519\">Lis\u00e4aineet (kg kohti):<\/strong><br data-start=\"4519\" data-end=\"4522\" \/>A-vitamiini \u2013 14 000 IU, D3-vitamiini \u2013 1 000 IU, E-vitamiini \u2013 350 mg, Tauriin \u2013 1 500 mg, L-karnitiini \u2013 50 mg<\/p>\n<p data-start=\"4636\" data-end=\"4825\"><strong data-start=\"4636\" data-end=\"4663\">Analyyttinen koostumus:<\/strong><br data-start=\"4663\" data-end=\"4666\" \/>Raakavalkuainen 30 %, Raakarasva 20 %, Omega-3-rasvahapot 0,8 %, Omega-6-rasvahapot 2,7 %, Raakakuitu 3 %, Tuhka 7,5 %, Kosteus 9 %, Kalsium 1,6 %, Fosfori 1 %<\/p>\n<p data-start=\"4827\" data-end=\"4867\"><strong data-start=\"4827\" data-end=\"4853\">Metaboloituva energia:<\/strong> 4 055 kcal\/kg<\/p>\n<p data-start=\"4869\" data-end=\"4969\">\ud83d\udc99 <strong data-start=\"4872\" data-end=\"4906\">Ambrosia Fresh Turkey &amp; Rabbit<\/strong> \u2013 gourmet-tason nappula, joka ilahduttaa vaativintakin koiraa!<\/p>\n","protected":false},"featured_media":31871,"template":"","meta":[],"product_brand":[],"product_cat":[478],"product_tag":[],"class_list":{"0":"post-51060","1":"product","2":"type-product","3":"status-publish","4":"has-post-thumbnail","6":"product_cat-kuivaruoka-koirille","8":"first","9":"instock","10":"taxable","11":"shipping-taxable","12":"purchasable","13":"product-type-simple"},"yoast_head":"<!-- This site is optimized with the Yoast SEO plugin v27.2 - https:\/\/yoast.com\/product\/yoast-seo-wordpress\/ -->\n<title>Ambrosia Viljaton koiranruoka kalkkuna ja kani 12 kg - MiuMjau<\/title>\n<meta name=\"robots\" content=\"index, follow, max-snippet:-1, max-image-preview:large, max-video-preview:-1\" \/>\n<link rel=\"canonical\" href=\"https:\/\/miumjau.ee\/fi\/tuote\/ambrosia-viljaton-koiranruoka-kalkkuna-ja-kani-12-kg\/\" \/>\n<meta property=\"og:locale\" content=\"fi_FI\" \/>\n<meta property=\"og:type\" content=\"article\" \/>\n<meta property=\"og:title\" content=\"Ambrosia Viljaton koiranruoka kalkkuna ja kani 12 kg - MiuMjau\" \/>\n<meta property=\"og:description\" content=\"Ambrosia Fresh Turkey &amp; Rabbit \u2013 ainutlaatuinen ja tasapainoinen resepti aikuisille koirille! Tuoreen kalkkunafileen ja kuivattujen kaninproteiinien yhdistelm\u00e4 tarjoaa korkealaatuista ruokaa, joka sopii kaikille roduille. Resepti on rikastettu pre- ja probiooteilla, jotka tukevat ruoansulatusta ja vahvistavat immuunij\u00e4rjestelm\u00e4\u00e4. Kondroitiini ja glukosamiini auttavat yll\u00e4pit\u00e4m\u00e4\u00e4n nivelten joustavuutta, ja tauriini sek\u00e4 L-karnitiini tukevat syd\u00e4men ja lihasten toimintaa. Keskikokoinen nappula sopii kaikille koirille! Vahva kalkkuna &amp; kani \u2013 luonnollinen hoito jokaisessa puraisussa!\ud83e\udd83 Kalkkuna \u2013 helposti sulava, v\u00e4h\u00e4rasvainen proteiinin l\u00e4hde\ud83d\udc07 Kani \u2013 eksklusiivinen proteiini, joka auttaa v\u00e4hent\u00e4m\u00e4\u00e4n ruoka-aineyliherkkyytt\u00e4\ud83e\udda0 Pre- ja probiootit \u2013 tasapainoiseen ruoansulatukseen\ud83e\uddb4 Glukosamiini &amp; kondroitiini \u2013 nivelten liikkuvuuden yll\u00e4pit\u00e4miseksi\ud83d\udc93 Tauriini &amp; L-karnitiini \u2013 syd\u00e4men ja lihasten tueksi Terveelliset superruoat p\u00e4ivitt\u00e4iseen elinvoimaan!\ud83e\udd66 Parsakaali \u2013 tulehdusta ehk\u00e4isev\u00e4 ja tukee silmien terveytt\u00e4\ud83e\udd6c Pinaatti \u2013 vahvistaa immuunij\u00e4rjestelm\u00e4\u00e4 ja tukee verenpaineen tasapainoa\ud83c\udf45 Tomaatti \u2013 luonnollinen antioksidantti\ud83c\udf52 Karpalo \u2013 tukee verenkiertoa ja syd\u00e4men terveytt\u00e4\ud83e\uded0 Mustikka \u2013 parantaa henkisi\u00e4 kykyj\u00e4 ja vahvistaa luita Koostumus:Siipikarjanliha (35 %, josta tuore luuton kalkkuna 15 %, kuivattu siipikarjanliha 20 %), perunahiutaleet, siipikarjanrasva (11 %), herneet, halkaistut herneet, hydrolysoitu siipikarjan proteiini (10 %), kuivattu kani (4 %), kuivattu juurikasmassa, pellavansiemenet, sikuri (luonnollinen FOS- ja inuliinin l\u00e4hde), panimohiiva, lohi\u00f6ljy (0,5 %), MOS &amp; beetaglukaanit, kivenn\u00e4isaineet, kuivattu parsakaali, pinaatti, tomaatit, karpalot, mustikat, glukosamiini (150 mg\/kg), kondroitiinisulfaatti (150 mg\/kg), kasviuutteet (Yucca schidigera, rosmariini, ryp\u00e4leensiemen, kurkuma, sitrushedelm\u00e4t, neilikka). Lis\u00e4aineet (kg kohti):A-vitamiini \u2013 14 000 IU, D3-vitamiini \u2013 1 000 IU, E-vitamiini \u2013 350 mg, Tauriin \u2013 1 500 mg, L-karnitiini \u2013 50 mg Analyyttinen koostumus:Raakavalkuainen 30 %, Raakarasva 20 %, Omega-3-rasvahapot 0,8 %, Omega-6-rasvahapot 2,7 %, Raakakuitu 3 %, Tuhka 7,5 %, Kosteus 9 %, Kalsium 1,6 %, Fosfori 1 % Metaboloituva energia: 4 055 kcal\/kg \ud83d\udc99 Ambrosia Fresh Turkey &amp; Rabbit \u2013 gourmet-tason nappula, joka ilahduttaa vaativintakin koiraa!\" \/>\n<meta property=\"og:url\" content=\"https:\/\/miumjau.ee\/fi\/tuote\/ambrosia-viljaton-koiranruoka-kalkkuna-ja-kani-12-kg\/\" \/>\n<meta property=\"og:site_name\" content=\"MiuMjau\" \/>\n<meta property=\"article:publisher\" content=\"https:\/\/www.facebook.com\/miumjaupood\/\" \/>\n<meta property=\"article:modified_time\" content=\"2026-01-07T20:41:36+00:00\" \/>\n<meta property=\"og:image\" content=\"https:\/\/miumjau.ee\/wp-content\/uploads\/2025\/04\/ambrosia-turkey-rabbit-adult-Photoroom.webp\" \/>\n\t<meta property=\"og:image:width\" content=\"600\" \/>\n\t<meta property=\"og:image:height\" content=\"800\" \/>\n\t<meta property=\"og:image:type\" content=\"image\/webp\" \/>\n<meta name=\"twitter:card\" content=\"summary_large_image\" \/>\n<script type=\"application\/ld+json\" class=\"yoast-schema-graph\">{\"@context\":\"https:\/\/schema.org\",\"@graph\":[{\"@type\":\"WebPage\",\"@id\":\"https:\/\/miumjau.ee\/fi\/tuote\/ambrosia-viljaton-koiranruoka-kalkkuna-ja-kani-12-kg\/\",\"url\":\"https:\/\/miumjau.ee\/fi\/tuote\/ambrosia-viljaton-koiranruoka-kalkkuna-ja-kani-12-kg\/\",\"name\":\"Ambrosia Viljaton koiranruoka kalkkuna ja kani 12 kg - MiuMjau\",\"isPartOf\":{\"@id\":\"https:\/\/miumjau.ee\/#website\"},\"primaryImageOfPage\":{\"@id\":\"https:\/\/miumjau.ee\/fi\/tuote\/ambrosia-viljaton-koiranruoka-kalkkuna-ja-kani-12-kg\/#primaryimage\"},\"image\":{\"@id\":\"https:\/\/miumjau.ee\/fi\/tuote\/ambrosia-viljaton-koiranruoka-kalkkuna-ja-kani-12-kg\/#primaryimage\"},\"thumbnailUrl\":\"https:\/\/miumjau.ee\/wp-content\/uploads\/2025\/04\/ambrosia-turkey-rabbit-adult-Photoroom.webp\",\"datePublished\":\"2025-04-07T11:29:00+00:00\",\"dateModified\":\"2026-01-07T20:41:36+00:00\",\"breadcrumb\":{\"@id\":\"https:\/\/miumjau.ee\/fi\/tuote\/ambrosia-viljaton-koiranruoka-kalkkuna-ja-kani-12-kg\/#breadcrumb\"},\"inLanguage\":\"fi\",\"potentialAction\":[{\"@type\":\"ReadAction\",\"target\":[\"https:\/\/miumjau.ee\/fi\/tuote\/ambrosia-viljaton-koiranruoka-kalkkuna-ja-kani-12-kg\/\"]}]},{\"@type\":\"ImageObject\",\"inLanguage\":\"fi\",\"@id\":\"https:\/\/miumjau.ee\/fi\/tuote\/ambrosia-viljaton-koiranruoka-kalkkuna-ja-kani-12-kg\/#primaryimage\",\"url\":\"https:\/\/miumjau.ee\/wp-content\/uploads\/2025\/04\/ambrosia-turkey-rabbit-adult-Photoroom.webp\",\"contentUrl\":\"https:\/\/miumjau.ee\/wp-content\/uploads\/2025\/04\/ambrosia-turkey-rabbit-adult-Photoroom.webp\",\"width\":600,\"height\":800,\"caption\":\"Ambrosia teraviljavaba t\u00e4iss\u00f6\u00f6t koertele\"},{\"@type\":\"BreadcrumbList\",\"@id\":\"https:\/\/miumjau.ee\/fi\/tuote\/ambrosia-viljaton-koiranruoka-kalkkuna-ja-kani-12-kg\/#breadcrumb\",\"itemListElement\":[{\"@type\":\"ListItem\",\"position\":1,\"name\":\"Home\",\"item\":\"https:\/\/miumjau.ee\/fi\/\"},{\"@type\":\"ListItem\",\"position\":2,\"name\":\"Kauppa\",\"item\":\"https:\/\/miumjau.ee\/fi\/kauppa\/\"},{\"@type\":\"ListItem\",\"position\":3,\"name\":\"Ambrosia Viljaton koiranruoka kalkkuna ja kani 12 kg\"}]},{\"@type\":\"WebSite\",\"@id\":\"https:\/\/miumjau.ee\/#website\",\"url\":\"https:\/\/miumjau.ee\/\",\"name\":\"MiuMjau\",\"description\":\"Kraapimispuud kassidele\",\"publisher\":{\"@id\":\"https:\/\/miumjau.ee\/#organization\"},\"potentialAction\":[{\"@type\":\"SearchAction\",\"target\":{\"@type\":\"EntryPoint\",\"urlTemplate\":\"https:\/\/miumjau.ee\/?s={search_term_string}\"},\"query-input\":{\"@type\":\"PropertyValueSpecification\",\"valueRequired\":true,\"valueName\":\"search_term_string\"}}],\"inLanguage\":\"fi\"},{\"@type\":\"Organization\",\"@id\":\"https:\/\/miumjau.ee\/#organization\",\"name\":\"MiuMjau O\u00dc\",\"url\":\"https:\/\/miumjau.ee\/\",\"logo\":{\"@type\":\"ImageObject\",\"inLanguage\":\"fi\",\"@id\":\"https:\/\/miumjau.ee\/#\/schema\/logo\/image\/\",\"url\":\"https:\/\/miumjau.ee\/wp-content\/uploads\/2022\/04\/MiuMjau-logo-kollane.png\",\"contentUrl\":\"https:\/\/miumjau.ee\/wp-content\/uploads\/2022\/04\/MiuMjau-logo-kollane.png\",\"width\":219,\"height\":100,\"caption\":\"MiuMjau O\u00dc\"},\"image\":{\"@id\":\"https:\/\/miumjau.ee\/#\/schema\/logo\/image\/\"},\"sameAs\":[\"https:\/\/www.facebook.com\/miumjaupood\/\"]}]}<\/script>\n<!-- \/ Yoast SEO plugin. -->","yoast_head_json":{"title":"Ambrosia Viljaton koiranruoka kalkkuna ja kani 12 kg - MiuMjau","robots":{"index":"index","follow":"follow","max-snippet":"max-snippet:-1","max-image-preview":"max-image-preview:large","max-video-preview":"max-video-preview:-1"},"canonical":"https:\/\/miumjau.ee\/fi\/tuote\/ambrosia-viljaton-koiranruoka-kalkkuna-ja-kani-12-kg\/","og_locale":"fi_FI","og_type":"article","og_title":"Ambrosia Viljaton koiranruoka kalkkuna ja kani 12 kg - MiuMjau","og_description":"Ambrosia Fresh Turkey &amp; Rabbit \u2013 ainutlaatuinen ja tasapainoinen resepti aikuisille koirille! Tuoreen kalkkunafileen ja kuivattujen kaninproteiinien yhdistelm\u00e4 tarjoaa korkealaatuista ruokaa, joka sopii kaikille roduille. Resepti on rikastettu pre- ja probiooteilla, jotka tukevat ruoansulatusta ja vahvistavat immuunij\u00e4rjestelm\u00e4\u00e4. Kondroitiini ja glukosamiini auttavat yll\u00e4pit\u00e4m\u00e4\u00e4n nivelten joustavuutta, ja tauriini sek\u00e4 L-karnitiini tukevat syd\u00e4men ja lihasten toimintaa. Keskikokoinen nappula sopii kaikille koirille! Vahva kalkkuna &amp; kani \u2013 luonnollinen hoito jokaisessa puraisussa!\ud83e\udd83 Kalkkuna \u2013 helposti sulava, v\u00e4h\u00e4rasvainen proteiinin l\u00e4hde\ud83d\udc07 Kani \u2013 eksklusiivinen proteiini, joka auttaa v\u00e4hent\u00e4m\u00e4\u00e4n ruoka-aineyliherkkyytt\u00e4\ud83e\udda0 Pre- ja probiootit \u2013 tasapainoiseen ruoansulatukseen\ud83e\uddb4 Glukosamiini &amp; kondroitiini \u2013 nivelten liikkuvuuden yll\u00e4pit\u00e4miseksi\ud83d\udc93 Tauriini &amp; L-karnitiini \u2013 syd\u00e4men ja lihasten tueksi Terveelliset superruoat p\u00e4ivitt\u00e4iseen elinvoimaan!\ud83e\udd66 Parsakaali \u2013 tulehdusta ehk\u00e4isev\u00e4 ja tukee silmien terveytt\u00e4\ud83e\udd6c Pinaatti \u2013 vahvistaa immuunij\u00e4rjestelm\u00e4\u00e4 ja tukee verenpaineen tasapainoa\ud83c\udf45 Tomaatti \u2013 luonnollinen antioksidantti\ud83c\udf52 Karpalo \u2013 tukee verenkiertoa ja syd\u00e4men terveytt\u00e4\ud83e\uded0 Mustikka \u2013 parantaa henkisi\u00e4 kykyj\u00e4 ja vahvistaa luita Koostumus:Siipikarjanliha (35 %, josta tuore luuton kalkkuna 15 %, kuivattu siipikarjanliha 20 %), perunahiutaleet, siipikarjanrasva (11 %), herneet, halkaistut herneet, hydrolysoitu siipikarjan proteiini (10 %), kuivattu kani (4 %), kuivattu juurikasmassa, pellavansiemenet, sikuri (luonnollinen FOS- ja inuliinin l\u00e4hde), panimohiiva, lohi\u00f6ljy (0,5 %), MOS &amp; beetaglukaanit, kivenn\u00e4isaineet, kuivattu parsakaali, pinaatti, tomaatit, karpalot, mustikat, glukosamiini (150 mg\/kg), kondroitiinisulfaatti (150 mg\/kg), kasviuutteet (Yucca schidigera, rosmariini, ryp\u00e4leensiemen, kurkuma, sitrushedelm\u00e4t, neilikka). Lis\u00e4aineet (kg kohti):A-vitamiini \u2013 14 000 IU, D3-vitamiini \u2013 1 000 IU, E-vitamiini \u2013 350 mg, Tauriin \u2013 1 500 mg, L-karnitiini \u2013 50 mg Analyyttinen koostumus:Raakavalkuainen 30 %, Raakarasva 20 %, Omega-3-rasvahapot 0,8 %, Omega-6-rasvahapot 2,7 %, Raakakuitu 3 %, Tuhka 7,5 %, Kosteus 9 %, Kalsium 1,6 %, Fosfori 1 % Metaboloituva energia: 4 055 kcal\/kg \ud83d\udc99 Ambrosia Fresh Turkey &amp; Rabbit \u2013 gourmet-tason nappula, joka ilahduttaa vaativintakin koiraa!","og_url":"https:\/\/miumjau.ee\/fi\/tuote\/ambrosia-viljaton-koiranruoka-kalkkuna-ja-kani-12-kg\/","og_site_name":"MiuMjau","article_publisher":"https:\/\/www.facebook.com\/miumjaupood\/","article_modified_time":"2026-01-07T20:41:36+00:00","og_image":[{"width":600,"height":800,"url":"https:\/\/miumjau.ee\/wp-content\/uploads\/2025\/04\/ambrosia-turkey-rabbit-adult-Photoroom.webp","type":"image\/webp"}],"twitter_card":"summary_large_image","schema":{"@context":"https:\/\/schema.org","@graph":[{"@type":"WebPage","@id":"https:\/\/miumjau.ee\/fi\/tuote\/ambrosia-viljaton-koiranruoka-kalkkuna-ja-kani-12-kg\/","url":"https:\/\/miumjau.ee\/fi\/tuote\/ambrosia-viljaton-koiranruoka-kalkkuna-ja-kani-12-kg\/","name":"Ambrosia Viljaton koiranruoka kalkkuna ja kani 12 kg - MiuMjau","isPartOf":{"@id":"https:\/\/miumjau.ee\/#website"},"primaryImageOfPage":{"@id":"https:\/\/miumjau.ee\/fi\/tuote\/ambrosia-viljaton-koiranruoka-kalkkuna-ja-kani-12-kg\/#primaryimage"},"image":{"@id":"https:\/\/miumjau.ee\/fi\/tuote\/ambrosia-viljaton-koiranruoka-kalkkuna-ja-kani-12-kg\/#primaryimage"},"thumbnailUrl":"https:\/\/miumjau.ee\/wp-content\/uploads\/2025\/04\/ambrosia-turkey-rabbit-adult-Photoroom.webp","datePublished":"2025-04-07T11:29:00+00:00","dateModified":"2026-01-07T20:41:36+00:00","breadcrumb":{"@id":"https:\/\/miumjau.ee\/fi\/tuote\/ambrosia-viljaton-koiranruoka-kalkkuna-ja-kani-12-kg\/#breadcrumb"},"inLanguage":"fi","potentialAction":[{"@type":"ReadAction","target":["https:\/\/miumjau.ee\/fi\/tuote\/ambrosia-viljaton-koiranruoka-kalkkuna-ja-kani-12-kg\/"]}]},{"@type":"ImageObject","inLanguage":"fi","@id":"https:\/\/miumjau.ee\/fi\/tuote\/ambrosia-viljaton-koiranruoka-kalkkuna-ja-kani-12-kg\/#primaryimage","url":"https:\/\/miumjau.ee\/wp-content\/uploads\/2025\/04\/ambrosia-turkey-rabbit-adult-Photoroom.webp","contentUrl":"https:\/\/miumjau.ee\/wp-content\/uploads\/2025\/04\/ambrosia-turkey-rabbit-adult-Photoroom.webp","width":600,"height":800,"caption":"Ambrosia teraviljavaba t\u00e4iss\u00f6\u00f6t koertele"},{"@type":"BreadcrumbList","@id":"https:\/\/miumjau.ee\/fi\/tuote\/ambrosia-viljaton-koiranruoka-kalkkuna-ja-kani-12-kg\/#breadcrumb","itemListElement":[{"@type":"ListItem","position":1,"name":"Home","item":"https:\/\/miumjau.ee\/fi\/"},{"@type":"ListItem","position":2,"name":"Kauppa","item":"https:\/\/miumjau.ee\/fi\/kauppa\/"},{"@type":"ListItem","position":3,"name":"Ambrosia Viljaton koiranruoka kalkkuna ja kani 12 kg"}]},{"@type":"WebSite","@id":"https:\/\/miumjau.ee\/#website","url":"https:\/\/miumjau.ee\/","name":"MiuMjau","description":"Kraapimispuud kassidele","publisher":{"@id":"https:\/\/miumjau.ee\/#organization"},"potentialAction":[{"@type":"SearchAction","target":{"@type":"EntryPoint","urlTemplate":"https:\/\/miumjau.ee\/?s={search_term_string}"},"query-input":{"@type":"PropertyValueSpecification","valueRequired":true,"valueName":"search_term_string"}}],"inLanguage":"fi"},{"@type":"Organization","@id":"https:\/\/miumjau.ee\/#organization","name":"MiuMjau O\u00dc","url":"https:\/\/miumjau.ee\/","logo":{"@type":"ImageObject","inLanguage":"fi","@id":"https:\/\/miumjau.ee\/#\/schema\/logo\/image\/","url":"https:\/\/miumjau.ee\/wp-content\/uploads\/2022\/04\/MiuMjau-logo-kollane.png","contentUrl":"https:\/\/miumjau.ee\/wp-content\/uploads\/2022\/04\/MiuMjau-logo-kollane.png","width":219,"height":100,"caption":"MiuMjau O\u00dc"},"image":{"@id":"https:\/\/miumjau.ee\/#\/schema\/logo\/image\/"},"sameAs":["https:\/\/www.facebook.com\/miumjaupood\/"]}]}},"_links":{"self":[{"href":"https:\/\/miumjau.ee\/fi\/wp-json\/wp\/v2\/product\/51060","targetHints":{"allow":["GET"]}}],"collection":[{"href":"https:\/\/miumjau.ee\/fi\/wp-json\/wp\/v2\/product"}],"about":[{"href":"https:\/\/miumjau.ee\/fi\/wp-json\/wp\/v2\/types\/product"}],"wp:featuredmedia":[{"embeddable":true,"href":"https:\/\/miumjau.ee\/fi\/wp-json\/wp\/v2\/media\/31871"}],"wp:attachment":[{"href":"https:\/\/miumjau.ee\/fi\/wp-json\/wp\/v2\/media?parent=51060"}],"wp:term":[{"taxonomy":"product_brand","embeddable":true,"href":"https:\/\/miumjau.ee\/fi\/wp-json\/wp\/v2\/product_brand?post=51060"},{"taxonomy":"product_cat","embeddable":true,"href":"https:\/\/miumjau.ee\/fi\/wp-json\/wp\/v2\/product_cat?post=51060"},{"taxonomy":"product_tag","embeddable":true,"href":"https:\/\/miumjau.ee\/fi\/wp-json\/wp\/v2\/product_tag?post=51060"}],"curies":[{"name":"wp","href":"https:\/\/api.w.org\/{rel}","templated":true}]}}