{"id":51052,"date":"2025-04-07T15:40:08","date_gmt":"2025-04-07T12:40:08","guid":{"rendered":"https:\/\/miumjau.ee\/toode\/ambrosia-fresh-koiranruoka-pienille-roduille-lohi-ja-kani-5-kg\/"},"modified":"2026-01-07T22:41:43","modified_gmt":"2026-01-07T20:41:43","slug":"ambrosia-fresh-koiranruoka-pienille-roduille-lohi-ja-kani-5-kg","status":"publish","type":"product","link":"https:\/\/miumjau.ee\/fi\/tuote\/ambrosia-fresh-koiranruoka-pienille-roduille-lohi-ja-kani-5-kg\/","title":{"rendered":"Ambrosia Fresh koiranruoka pienille roduille lohi ja kani 5 kg"},"content":{"rendered":"","protected":false},"excerpt":{"rendered":"<p data-start=\"2290\" data-end=\"2395\"><strong data-start=\"2290\" data-end=\"2324\">Ambrosia Fresh Salmon &amp; Rabbit<\/strong> on ravinteikas ja helposti sulava superruoka pienikokoisille koirille.<\/p>\n<p data-start=\"2397\" data-end=\"2720\">Resepti on kehitetty erityisesti aikuisten pienten rotujen koirille, joilla on nopeampi aineenvaihdunta ja suurempi energiantarve. Helposti sulava tuore lohi ja ravinteikas kaninliha muodostavat hypoallergeenisen ja gluteenittoman koostumuksen, joka tukee ruoansulatusta, nivelten terveytt\u00e4 ja antaa energiaa koko p\u00e4iv\u00e4ksi.<\/p>\n<p data-start=\"2722\" data-end=\"3249\"><strong data-start=\"2722\" data-end=\"2782\">T\u00e4ydellinen pienille kehoille, joilla on suuret tarpeet.<\/strong><br data-start=\"2782\" data-end=\"2785\" \/>\ud83d\udc1f <strong data-start=\"2788\" data-end=\"2819\">Helposti sulava lohi &amp; kani<\/strong> \u2013 korkean biologisen arvon proteiinit lihasten vahvistamiseen<br data-start=\"2881\" data-end=\"2884\" \/>\ud83c\udf60 <strong data-start=\"2887\" data-end=\"2899\">Bataatti<\/strong> \u2013 gluteeniton hiilihydraatin l\u00e4hde, joka tukee ruoansulatusta<br data-start=\"2961\" data-end=\"2964\" \/>\ud83e\udda0 <strong data-start=\"2967\" data-end=\"3011\">Prebiootit, probiootit ja savimineraalit<\/strong> \u2013 auttavat yll\u00e4pit\u00e4m\u00e4\u00e4n tervett\u00e4 ruoansulatusta<br data-start=\"3059\" data-end=\"3062\" \/>\ud83e\uddb4 <strong data-start=\"3065\" data-end=\"3096\">Glukosamiini &amp; kondroitiini<\/strong> \u2013 tukevat niveli\u00e4 pienten koirien aktiivisessa el\u00e4m\u00e4ss\u00e4<br data-start=\"3152\" data-end=\"3155\" \/>\ud83d\udc93 <strong data-start=\"3158\" data-end=\"3193\">Lis\u00e4tty tauriini &amp; L-karnitiini<\/strong> \u2013 tukevat syd\u00e4men toimintaa ja lihasmassan s\u00e4ilymist\u00e4<\/p>\n<p data-start=\"3251\" data-end=\"3874\"><strong data-start=\"3251\" data-end=\"3265\">Koostumus:<\/strong><br data-start=\"3265\" data-end=\"3268\" \/>Lohi (20 %, josta tuore lohi 10 %, kuivattu lohiproteiini 10 %), kani (20 %, josta tuore kani 10 %, kuivattu kani 10 %), perunat\u00e4rkkelys, hydrolysoitu el\u00e4inproteiini (10 %), herneet, halkaistut herneet, el\u00e4inrasvat (9 %), bataatti, kuivattu juurikasmassa, pellavansiemenet, kuivattu panimohiiva, MOS ja beetaglukaanit, lohi\u00f6ljy (0,5 %), sikuri (inuliinin ja FOS:n l\u00e4hde), kivenn\u00e4isaineet, kuivattu parsakaali, pinaatti, tomaatti, karpalot, mustikat, glukosamiini (150 mg\/kg), kondroitiinisulfaatti (150 mg\/kg), kasviuutteet (Yucca schidigera, rosmariini, ryp\u00e4leensiemen, kurkuma, sitrushedelm\u00e4t, neilikka).<\/p>\n<p data-start=\"3876\" data-end=\"4067\"><strong data-start=\"3876\" data-end=\"3903\">Analyyttinen koostumus:<\/strong><br data-start=\"3903\" data-end=\"3906\" \/>Raakavalkuainen 30 %, Raakarasva 20 %, Omega-3-rasvahapot 1,1 %, Omega-6-rasvahapot 3,4 %, Tuhka 6,5 %, Raakakuitu 3 %, Kosteus 9 %, Kalsium 1,1 %, Fosfori 0,8 %<\/p>\n<p data-start=\"4069\" data-end=\"4199\"><strong data-start=\"4069\" data-end=\"4084\">Lis\u00e4aineet:<\/strong><br data-start=\"4084\" data-end=\"4087\" \/>A-vitamiini \u2013 14 000 IU, D3-vitamiini \u2013 1 000 IU, E-vitamiini \u2013 350 mg, Tauriin \u2013 1 500 mg, L-karnitiini \u2013 50 mg<\/p>\n<p data-start=\"4201\" data-end=\"4241\"><strong data-start=\"4201\" data-end=\"4227\">Metaboloituva energia:<\/strong> 4 055 kcal\/kg<\/p>\n<p data-start=\"4243\" data-end=\"4346\">\ud83d\udc9a <strong data-start=\"4246\" data-end=\"4280\">Ambrosia Fresh Salmon &amp; Rabbit<\/strong> \u2013 pienille koirille suunniteltu ruoka, joka tarjoaa suurta tukea.<\/p>\n","protected":false},"featured_media":31907,"template":"","meta":[],"product_brand":[],"product_cat":[478],"product_tag":[],"class_list":{"0":"post-51052","1":"product","2":"type-product","3":"status-publish","4":"has-post-thumbnail","6":"product_cat-kuivaruoka-koirille","8":"first","9":"instock","10":"sale","11":"taxable","12":"shipping-taxable","13":"purchasable","14":"product-type-simple"},"yoast_head":"<!-- This site is optimized with the Yoast SEO plugin v27.2 - https:\/\/yoast.com\/product\/yoast-seo-wordpress\/ -->\n<title>Ambrosia Fresh koiranruoka pienille roduille lohi ja kani 5 kg - MiuMjau<\/title>\n<meta name=\"robots\" content=\"index, follow, max-snippet:-1, max-image-preview:large, max-video-preview:-1\" \/>\n<link rel=\"canonical\" href=\"https:\/\/miumjau.ee\/fi\/tuote\/ambrosia-fresh-koiranruoka-pienille-roduille-lohi-ja-kani-5-kg\/\" \/>\n<meta property=\"og:locale\" content=\"fi_FI\" \/>\n<meta property=\"og:type\" content=\"article\" \/>\n<meta property=\"og:title\" content=\"Ambrosia Fresh koiranruoka pienille roduille lohi ja kani 5 kg - MiuMjau\" \/>\n<meta property=\"og:description\" content=\"Ambrosia Fresh Salmon &amp; Rabbit on ravinteikas ja helposti sulava superruoka pienikokoisille koirille. Resepti on kehitetty erityisesti aikuisten pienten rotujen koirille, joilla on nopeampi aineenvaihdunta ja suurempi energiantarve. Helposti sulava tuore lohi ja ravinteikas kaninliha muodostavat hypoallergeenisen ja gluteenittoman koostumuksen, joka tukee ruoansulatusta, nivelten terveytt\u00e4 ja antaa energiaa koko p\u00e4iv\u00e4ksi. T\u00e4ydellinen pienille kehoille, joilla on suuret tarpeet.\ud83d\udc1f Helposti sulava lohi &amp; kani \u2013 korkean biologisen arvon proteiinit lihasten vahvistamiseen\ud83c\udf60 Bataatti \u2013 gluteeniton hiilihydraatin l\u00e4hde, joka tukee ruoansulatusta\ud83e\udda0 Prebiootit, probiootit ja savimineraalit \u2013 auttavat yll\u00e4pit\u00e4m\u00e4\u00e4n tervett\u00e4 ruoansulatusta\ud83e\uddb4 Glukosamiini &amp; kondroitiini \u2013 tukevat niveli\u00e4 pienten koirien aktiivisessa el\u00e4m\u00e4ss\u00e4\ud83d\udc93 Lis\u00e4tty tauriini &amp; L-karnitiini \u2013 tukevat syd\u00e4men toimintaa ja lihasmassan s\u00e4ilymist\u00e4 Koostumus:Lohi (20 %, josta tuore lohi 10 %, kuivattu lohiproteiini 10 %), kani (20 %, josta tuore kani 10 %, kuivattu kani 10 %), perunat\u00e4rkkelys, hydrolysoitu el\u00e4inproteiini (10 %), herneet, halkaistut herneet, el\u00e4inrasvat (9 %), bataatti, kuivattu juurikasmassa, pellavansiemenet, kuivattu panimohiiva, MOS ja beetaglukaanit, lohi\u00f6ljy (0,5 %), sikuri (inuliinin ja FOS:n l\u00e4hde), kivenn\u00e4isaineet, kuivattu parsakaali, pinaatti, tomaatti, karpalot, mustikat, glukosamiini (150 mg\/kg), kondroitiinisulfaatti (150 mg\/kg), kasviuutteet (Yucca schidigera, rosmariini, ryp\u00e4leensiemen, kurkuma, sitrushedelm\u00e4t, neilikka). Analyyttinen koostumus:Raakavalkuainen 30 %, Raakarasva 20 %, Omega-3-rasvahapot 1,1 %, Omega-6-rasvahapot 3,4 %, Tuhka 6,5 %, Raakakuitu 3 %, Kosteus 9 %, Kalsium 1,1 %, Fosfori 0,8 % Lis\u00e4aineet:A-vitamiini \u2013 14 000 IU, D3-vitamiini \u2013 1 000 IU, E-vitamiini \u2013 350 mg, Tauriin \u2013 1 500 mg, L-karnitiini \u2013 50 mg Metaboloituva energia: 4 055 kcal\/kg \ud83d\udc9a Ambrosia Fresh Salmon &amp; Rabbit \u2013 pienille koirille suunniteltu ruoka, joka tarjoaa suurta tukea.\" \/>\n<meta property=\"og:url\" content=\"https:\/\/miumjau.ee\/fi\/tuote\/ambrosia-fresh-koiranruoka-pienille-roduille-lohi-ja-kani-5-kg\/\" \/>\n<meta property=\"og:site_name\" content=\"MiuMjau\" \/>\n<meta property=\"article:publisher\" content=\"https:\/\/www.facebook.com\/miumjaupood\/\" \/>\n<meta property=\"article:modified_time\" content=\"2026-01-07T20:41:43+00:00\" \/>\n<meta property=\"og:image\" content=\"https:\/\/miumjau.ee\/wp-content\/uploads\/2025\/04\/Ambrosia-mini-salmon-rabbit-adult-Photoroom.webp\" \/>\n\t<meta property=\"og:image:width\" content=\"600\" \/>\n\t<meta property=\"og:image:height\" content=\"800\" \/>\n\t<meta property=\"og:image:type\" content=\"image\/webp\" \/>\n<meta name=\"twitter:card\" content=\"summary_large_image\" \/>\n<script type=\"application\/ld+json\" class=\"yoast-schema-graph\">{\"@context\":\"https:\/\/schema.org\",\"@graph\":[{\"@type\":\"WebPage\",\"@id\":\"https:\/\/miumjau.ee\/fi\/tuote\/ambrosia-fresh-koiranruoka-pienille-roduille-lohi-ja-kani-5-kg\/\",\"url\":\"https:\/\/miumjau.ee\/fi\/tuote\/ambrosia-fresh-koiranruoka-pienille-roduille-lohi-ja-kani-5-kg\/\",\"name\":\"Ambrosia Fresh koiranruoka pienille roduille lohi ja kani 5 kg - MiuMjau\",\"isPartOf\":{\"@id\":\"https:\/\/miumjau.ee\/#website\"},\"primaryImageOfPage\":{\"@id\":\"https:\/\/miumjau.ee\/fi\/tuote\/ambrosia-fresh-koiranruoka-pienille-roduille-lohi-ja-kani-5-kg\/#primaryimage\"},\"image\":{\"@id\":\"https:\/\/miumjau.ee\/fi\/tuote\/ambrosia-fresh-koiranruoka-pienille-roduille-lohi-ja-kani-5-kg\/#primaryimage\"},\"thumbnailUrl\":\"https:\/\/miumjau.ee\/wp-content\/uploads\/2025\/04\/Ambrosia-mini-salmon-rabbit-adult-Photoroom.webp\",\"datePublished\":\"2025-04-07T12:40:08+00:00\",\"dateModified\":\"2026-01-07T20:41:43+00:00\",\"breadcrumb\":{\"@id\":\"https:\/\/miumjau.ee\/fi\/tuote\/ambrosia-fresh-koiranruoka-pienille-roduille-lohi-ja-kani-5-kg\/#breadcrumb\"},\"inLanguage\":\"fi\",\"potentialAction\":[{\"@type\":\"ReadAction\",\"target\":[\"https:\/\/miumjau.ee\/fi\/tuote\/ambrosia-fresh-koiranruoka-pienille-roduille-lohi-ja-kani-5-kg\/\"]}]},{\"@type\":\"ImageObject\",\"inLanguage\":\"fi\",\"@id\":\"https:\/\/miumjau.ee\/fi\/tuote\/ambrosia-fresh-koiranruoka-pienille-roduille-lohi-ja-kani-5-kg\/#primaryimage\",\"url\":\"https:\/\/miumjau.ee\/wp-content\/uploads\/2025\/04\/Ambrosia-mini-salmon-rabbit-adult-Photoroom.webp\",\"contentUrl\":\"https:\/\/miumjau.ee\/wp-content\/uploads\/2025\/04\/Ambrosia-mini-salmon-rabbit-adult-Photoroom.webp\",\"width\":600,\"height\":800,\"caption\":\"Ambrosia Fresh koeratoit mini t\u00f5ugudele l\u00f5he ja k\u00fc\u00fclikuga 5kg\"},{\"@type\":\"BreadcrumbList\",\"@id\":\"https:\/\/miumjau.ee\/fi\/tuote\/ambrosia-fresh-koiranruoka-pienille-roduille-lohi-ja-kani-5-kg\/#breadcrumb\",\"itemListElement\":[{\"@type\":\"ListItem\",\"position\":1,\"name\":\"Home\",\"item\":\"https:\/\/miumjau.ee\/fi\/\"},{\"@type\":\"ListItem\",\"position\":2,\"name\":\"Kauppa\",\"item\":\"https:\/\/miumjau.ee\/fi\/kauppa\/\"},{\"@type\":\"ListItem\",\"position\":3,\"name\":\"Ambrosia Fresh koiranruoka pienille roduille lohi ja kani 5 kg\"}]},{\"@type\":\"WebSite\",\"@id\":\"https:\/\/miumjau.ee\/#website\",\"url\":\"https:\/\/miumjau.ee\/\",\"name\":\"MiuMjau\",\"description\":\"Kraapimispuud kassidele\",\"publisher\":{\"@id\":\"https:\/\/miumjau.ee\/#organization\"},\"potentialAction\":[{\"@type\":\"SearchAction\",\"target\":{\"@type\":\"EntryPoint\",\"urlTemplate\":\"https:\/\/miumjau.ee\/?s={search_term_string}\"},\"query-input\":{\"@type\":\"PropertyValueSpecification\",\"valueRequired\":true,\"valueName\":\"search_term_string\"}}],\"inLanguage\":\"fi\"},{\"@type\":\"Organization\",\"@id\":\"https:\/\/miumjau.ee\/#organization\",\"name\":\"MiuMjau O\u00dc\",\"url\":\"https:\/\/miumjau.ee\/\",\"logo\":{\"@type\":\"ImageObject\",\"inLanguage\":\"fi\",\"@id\":\"https:\/\/miumjau.ee\/#\/schema\/logo\/image\/\",\"url\":\"https:\/\/miumjau.ee\/wp-content\/uploads\/2022\/04\/MiuMjau-logo-kollane.png\",\"contentUrl\":\"https:\/\/miumjau.ee\/wp-content\/uploads\/2022\/04\/MiuMjau-logo-kollane.png\",\"width\":219,\"height\":100,\"caption\":\"MiuMjau O\u00dc\"},\"image\":{\"@id\":\"https:\/\/miumjau.ee\/#\/schema\/logo\/image\/\"},\"sameAs\":[\"https:\/\/www.facebook.com\/miumjaupood\/\"]}]}<\/script>\n<!-- \/ Yoast SEO plugin. -->","yoast_head_json":{"title":"Ambrosia Fresh koiranruoka pienille roduille lohi ja kani 5 kg - MiuMjau","robots":{"index":"index","follow":"follow","max-snippet":"max-snippet:-1","max-image-preview":"max-image-preview:large","max-video-preview":"max-video-preview:-1"},"canonical":"https:\/\/miumjau.ee\/fi\/tuote\/ambrosia-fresh-koiranruoka-pienille-roduille-lohi-ja-kani-5-kg\/","og_locale":"fi_FI","og_type":"article","og_title":"Ambrosia Fresh koiranruoka pienille roduille lohi ja kani 5 kg - MiuMjau","og_description":"Ambrosia Fresh Salmon &amp; Rabbit on ravinteikas ja helposti sulava superruoka pienikokoisille koirille. Resepti on kehitetty erityisesti aikuisten pienten rotujen koirille, joilla on nopeampi aineenvaihdunta ja suurempi energiantarve. Helposti sulava tuore lohi ja ravinteikas kaninliha muodostavat hypoallergeenisen ja gluteenittoman koostumuksen, joka tukee ruoansulatusta, nivelten terveytt\u00e4 ja antaa energiaa koko p\u00e4iv\u00e4ksi. T\u00e4ydellinen pienille kehoille, joilla on suuret tarpeet.\ud83d\udc1f Helposti sulava lohi &amp; kani \u2013 korkean biologisen arvon proteiinit lihasten vahvistamiseen\ud83c\udf60 Bataatti \u2013 gluteeniton hiilihydraatin l\u00e4hde, joka tukee ruoansulatusta\ud83e\udda0 Prebiootit, probiootit ja savimineraalit \u2013 auttavat yll\u00e4pit\u00e4m\u00e4\u00e4n tervett\u00e4 ruoansulatusta\ud83e\uddb4 Glukosamiini &amp; kondroitiini \u2013 tukevat niveli\u00e4 pienten koirien aktiivisessa el\u00e4m\u00e4ss\u00e4\ud83d\udc93 Lis\u00e4tty tauriini &amp; L-karnitiini \u2013 tukevat syd\u00e4men toimintaa ja lihasmassan s\u00e4ilymist\u00e4 Koostumus:Lohi (20 %, josta tuore lohi 10 %, kuivattu lohiproteiini 10 %), kani (20 %, josta tuore kani 10 %, kuivattu kani 10 %), perunat\u00e4rkkelys, hydrolysoitu el\u00e4inproteiini (10 %), herneet, halkaistut herneet, el\u00e4inrasvat (9 %), bataatti, kuivattu juurikasmassa, pellavansiemenet, kuivattu panimohiiva, MOS ja beetaglukaanit, lohi\u00f6ljy (0,5 %), sikuri (inuliinin ja FOS:n l\u00e4hde), kivenn\u00e4isaineet, kuivattu parsakaali, pinaatti, tomaatti, karpalot, mustikat, glukosamiini (150 mg\/kg), kondroitiinisulfaatti (150 mg\/kg), kasviuutteet (Yucca schidigera, rosmariini, ryp\u00e4leensiemen, kurkuma, sitrushedelm\u00e4t, neilikka). Analyyttinen koostumus:Raakavalkuainen 30 %, Raakarasva 20 %, Omega-3-rasvahapot 1,1 %, Omega-6-rasvahapot 3,4 %, Tuhka 6,5 %, Raakakuitu 3 %, Kosteus 9 %, Kalsium 1,1 %, Fosfori 0,8 % Lis\u00e4aineet:A-vitamiini \u2013 14 000 IU, D3-vitamiini \u2013 1 000 IU, E-vitamiini \u2013 350 mg, Tauriin \u2013 1 500 mg, L-karnitiini \u2013 50 mg Metaboloituva energia: 4 055 kcal\/kg \ud83d\udc9a Ambrosia Fresh Salmon &amp; Rabbit \u2013 pienille koirille suunniteltu ruoka, joka tarjoaa suurta tukea.","og_url":"https:\/\/miumjau.ee\/fi\/tuote\/ambrosia-fresh-koiranruoka-pienille-roduille-lohi-ja-kani-5-kg\/","og_site_name":"MiuMjau","article_publisher":"https:\/\/www.facebook.com\/miumjaupood\/","article_modified_time":"2026-01-07T20:41:43+00:00","og_image":[{"width":600,"height":800,"url":"https:\/\/miumjau.ee\/wp-content\/uploads\/2025\/04\/Ambrosia-mini-salmon-rabbit-adult-Photoroom.webp","type":"image\/webp"}],"twitter_card":"summary_large_image","schema":{"@context":"https:\/\/schema.org","@graph":[{"@type":"WebPage","@id":"https:\/\/miumjau.ee\/fi\/tuote\/ambrosia-fresh-koiranruoka-pienille-roduille-lohi-ja-kani-5-kg\/","url":"https:\/\/miumjau.ee\/fi\/tuote\/ambrosia-fresh-koiranruoka-pienille-roduille-lohi-ja-kani-5-kg\/","name":"Ambrosia Fresh koiranruoka pienille roduille lohi ja kani 5 kg - MiuMjau","isPartOf":{"@id":"https:\/\/miumjau.ee\/#website"},"primaryImageOfPage":{"@id":"https:\/\/miumjau.ee\/fi\/tuote\/ambrosia-fresh-koiranruoka-pienille-roduille-lohi-ja-kani-5-kg\/#primaryimage"},"image":{"@id":"https:\/\/miumjau.ee\/fi\/tuote\/ambrosia-fresh-koiranruoka-pienille-roduille-lohi-ja-kani-5-kg\/#primaryimage"},"thumbnailUrl":"https:\/\/miumjau.ee\/wp-content\/uploads\/2025\/04\/Ambrosia-mini-salmon-rabbit-adult-Photoroom.webp","datePublished":"2025-04-07T12:40:08+00:00","dateModified":"2026-01-07T20:41:43+00:00","breadcrumb":{"@id":"https:\/\/miumjau.ee\/fi\/tuote\/ambrosia-fresh-koiranruoka-pienille-roduille-lohi-ja-kani-5-kg\/#breadcrumb"},"inLanguage":"fi","potentialAction":[{"@type":"ReadAction","target":["https:\/\/miumjau.ee\/fi\/tuote\/ambrosia-fresh-koiranruoka-pienille-roduille-lohi-ja-kani-5-kg\/"]}]},{"@type":"ImageObject","inLanguage":"fi","@id":"https:\/\/miumjau.ee\/fi\/tuote\/ambrosia-fresh-koiranruoka-pienille-roduille-lohi-ja-kani-5-kg\/#primaryimage","url":"https:\/\/miumjau.ee\/wp-content\/uploads\/2025\/04\/Ambrosia-mini-salmon-rabbit-adult-Photoroom.webp","contentUrl":"https:\/\/miumjau.ee\/wp-content\/uploads\/2025\/04\/Ambrosia-mini-salmon-rabbit-adult-Photoroom.webp","width":600,"height":800,"caption":"Ambrosia Fresh koeratoit mini t\u00f5ugudele l\u00f5he ja k\u00fc\u00fclikuga 5kg"},{"@type":"BreadcrumbList","@id":"https:\/\/miumjau.ee\/fi\/tuote\/ambrosia-fresh-koiranruoka-pienille-roduille-lohi-ja-kani-5-kg\/#breadcrumb","itemListElement":[{"@type":"ListItem","position":1,"name":"Home","item":"https:\/\/miumjau.ee\/fi\/"},{"@type":"ListItem","position":2,"name":"Kauppa","item":"https:\/\/miumjau.ee\/fi\/kauppa\/"},{"@type":"ListItem","position":3,"name":"Ambrosia Fresh koiranruoka pienille roduille lohi ja kani 5 kg"}]},{"@type":"WebSite","@id":"https:\/\/miumjau.ee\/#website","url":"https:\/\/miumjau.ee\/","name":"MiuMjau","description":"Kraapimispuud kassidele","publisher":{"@id":"https:\/\/miumjau.ee\/#organization"},"potentialAction":[{"@type":"SearchAction","target":{"@type":"EntryPoint","urlTemplate":"https:\/\/miumjau.ee\/?s={search_term_string}"},"query-input":{"@type":"PropertyValueSpecification","valueRequired":true,"valueName":"search_term_string"}}],"inLanguage":"fi"},{"@type":"Organization","@id":"https:\/\/miumjau.ee\/#organization","name":"MiuMjau O\u00dc","url":"https:\/\/miumjau.ee\/","logo":{"@type":"ImageObject","inLanguage":"fi","@id":"https:\/\/miumjau.ee\/#\/schema\/logo\/image\/","url":"https:\/\/miumjau.ee\/wp-content\/uploads\/2022\/04\/MiuMjau-logo-kollane.png","contentUrl":"https:\/\/miumjau.ee\/wp-content\/uploads\/2022\/04\/MiuMjau-logo-kollane.png","width":219,"height":100,"caption":"MiuMjau O\u00dc"},"image":{"@id":"https:\/\/miumjau.ee\/#\/schema\/logo\/image\/"},"sameAs":["https:\/\/www.facebook.com\/miumjaupood\/"]}]}},"_links":{"self":[{"href":"https:\/\/miumjau.ee\/fi\/wp-json\/wp\/v2\/product\/51052","targetHints":{"allow":["GET"]}}],"collection":[{"href":"https:\/\/miumjau.ee\/fi\/wp-json\/wp\/v2\/product"}],"about":[{"href":"https:\/\/miumjau.ee\/fi\/wp-json\/wp\/v2\/types\/product"}],"wp:featuredmedia":[{"embeddable":true,"href":"https:\/\/miumjau.ee\/fi\/wp-json\/wp\/v2\/media\/31907"}],"wp:attachment":[{"href":"https:\/\/miumjau.ee\/fi\/wp-json\/wp\/v2\/media?parent=51052"}],"wp:term":[{"taxonomy":"product_brand","embeddable":true,"href":"https:\/\/miumjau.ee\/fi\/wp-json\/wp\/v2\/product_brand?post=51052"},{"taxonomy":"product_cat","embeddable":true,"href":"https:\/\/miumjau.ee\/fi\/wp-json\/wp\/v2\/product_cat?post=51052"},{"taxonomy":"product_tag","embeddable":true,"href":"https:\/\/miumjau.ee\/fi\/wp-json\/wp\/v2\/product_tag?post=51052"}],"curies":[{"name":"wp","href":"https:\/\/api.w.org\/{rel}","templated":true}]}}