{"id":51045,"date":"2025-04-07T19:36:00","date_gmt":"2025-04-07T16:36:00","guid":{"rendered":"https:\/\/miumjau.ee\/toode\/ambrosia-puppy-growth-large-breeds-kana-ja-lohi-2-kg\/"},"modified":"2026-01-07T22:41:43","modified_gmt":"2026-01-07T20:41:43","slug":"ambrosia-puppy-growth-large-breeds-kana-ja-lohi-2-kg","status":"publish","type":"product","link":"https:\/\/miumjau.ee\/fi\/tuote\/ambrosia-puppy-growth-large-breeds-kana-ja-lohi-2-kg\/","title":{"rendered":"Ambrosia Puppy &#038; Growth Large Breeds kana ja lohi 2 kg"},"content":{"rendered":"","protected":false},"excerpt":{"rendered":"<p data-start=\"2207\" data-end=\"2346\"><strong data-start=\"2207\" data-end=\"2259\">Ambrosia Puppy &amp; Growth \u2013 Fresh Chicken &amp; Salmon<\/strong> on t\u00e4ysravinto suurten rotujen pennuille, joka tukee tervett\u00e4 ja tasapainoista kasvua.<\/p>\n<p data-start=\"2348\" data-end=\"2665\">Resepti on kehitetty erityisesti suurille koiraroduille, joiden kasvu vaatii huolellisesti tasapainotettua ravintoa nivelten ja luuston tueksi. Keskikokoinen nappula yhdist\u00e4\u00e4 tuoreen kanan ja kuivatun lohen tarjoten laadukkaita proteiineja, v\u00e4ltt\u00e4m\u00e4tt\u00f6mi\u00e4 rasvoja sek\u00e4 vitamiineja ja kivenn\u00e4isaineita vahvaan kasvuun.<\/p>\n<p data-start=\"2667\" data-end=\"3026\"><strong data-start=\"2667\" data-end=\"2695\">Terve kasvu, vahva keho.<\/strong><br data-start=\"2695\" data-end=\"2698\" \/>\ud83d\udc14 <strong data-start=\"2701\" data-end=\"2722\">Tuore kana &amp; lohi<\/strong> \u2013 laadukkaat proteiinit lihasten kehitykseen<br data-start=\"2767\" data-end=\"2770\" \/>\ud83e\uddb4 <strong data-start=\"2773\" data-end=\"2804\">Glukosamiini &amp; kondroitiini<\/strong> \u2013 tukevat nivelten ja rustojen kehityst\u00e4<br data-start=\"2845\" data-end=\"2848\" \/>\ud83e\udda0 <strong data-start=\"2851\" data-end=\"2879\">Prebiootit ja probiootit<\/strong> \u2013 edist\u00e4v\u00e4t ruoansulatuksen ja immuunij\u00e4rjestelm\u00e4n terveytt\u00e4<br data-start=\"2940\" data-end=\"2943\" \/>\ud83c\udf3f <strong data-start=\"2946\" data-end=\"2972\">Kasviuutteet ja marjat<\/strong> \u2013 luonnolliset antioksidantit vahvistavat elimist\u00f6\u00e4<\/p>\n<p data-start=\"3028\" data-end=\"3623\"><strong data-start=\"3028\" data-end=\"3042\">Koostumus:<\/strong><br data-start=\"3042\" data-end=\"3045\" \/>Siipikarjanliha (37 %, josta tuore kana 15 %, kuivattu siipikarjanliha 22 %), perunat\u00e4rkkelys, siipikarjanrasva (11,5 %), vihre\u00e4t herneet, halkaistut herneet, hydrolysoitu kanaproteiini (8 %), kuivattu lohi (4 %), juurikasmassa, pellavansiemenet, kivenn\u00e4isaineet, kuivattu panimohiiva, sikuri (inuliinin ja FOS:n l\u00e4hde), lohi\u00f6ljy (0,5 %), MOS (mannaani-oligosakkaridit), glukosamiini (750 mg\/kg), kondroitiinisulfaatti (750 mg\/kg), kuivattu parsakaali, pinaatti, karpalot, mustikat, kasviuutteet (Yucca schidigera, rosmariini, ryp\u00e4leensiemen, kurkuma, sitrushedelm\u00e4t, neilikka).<\/p>\n<p data-start=\"3625\" data-end=\"3813\"><strong data-start=\"3625\" data-end=\"3652\">Analyyttinen koostumus:<\/strong><br data-start=\"3652\" data-end=\"3655\" \/>Raakavalkuainen 30 %, Raakarasva 20 %, Omega-3-rasvahapot 0,7 %, Omega-6-rasvahapot 2,8 %, Tuhka 8,5 %, Kuitu 2,5 %, Kosteus 9 %, Kalsium 1,6 %, Fosfori 1,1 %<\/p>\n<p data-start=\"3815\" data-end=\"3945\"><strong data-start=\"3815\" data-end=\"3830\">Lis\u00e4aineet:<\/strong><br data-start=\"3830\" data-end=\"3833\" \/>A-vitamiini \u2013 14 000 IU, D3-vitamiini \u2013 1 350 IU, E-vitamiini \u2013 400 mg, Tauriin \u2013 1 000 mg, L-karnitiini \u2013 50 mg<\/p>\n<p data-start=\"3947\" data-end=\"3987\"><strong data-start=\"3947\" data-end=\"3973\">Metaboloituva energia:<\/strong> 3 984 kcal\/kg<\/p>\n<p data-start=\"3989\" data-end=\"4166\">\ud83d\udc9a <strong data-start=\"3992\" data-end=\"4027\">Ambrosia Fresh Chicken &amp; Salmon<\/strong> \u2013 tasapainoinen kasvuruoka suurten rotujen pennuille ja nuorille koirille, joka tukee niveli\u00e4, ruoansulatusta ja elinvoimaa alusta alkaen.<\/p>\n","protected":false},"featured_media":31915,"template":"","meta":[],"product_brand":[],"product_cat":[478],"product_tag":[],"class_list":{"0":"post-51045","1":"product","2":"type-product","3":"status-publish","4":"has-post-thumbnail","6":"product_cat-kuivaruoka-koirille","8":"first","9":"instock","10":"taxable","11":"shipping-taxable","12":"purchasable","13":"product-type-simple"},"yoast_head":"<!-- This site is optimized with the Yoast SEO plugin v27.2 - https:\/\/yoast.com\/product\/yoast-seo-wordpress\/ -->\n<title>Ambrosia Puppy &amp; Growth Large Breeds kana ja lohi 2 kg - MiuMjau<\/title>\n<meta name=\"robots\" content=\"index, follow, max-snippet:-1, max-image-preview:large, max-video-preview:-1\" \/>\n<link rel=\"canonical\" href=\"https:\/\/miumjau.ee\/fi\/tuote\/ambrosia-puppy-growth-large-breeds-kana-ja-lohi-2-kg\/\" \/>\n<meta property=\"og:locale\" content=\"fi_FI\" \/>\n<meta property=\"og:type\" content=\"article\" \/>\n<meta property=\"og:title\" content=\"Ambrosia Puppy &amp; Growth Large Breeds kana ja lohi 2 kg - MiuMjau\" \/>\n<meta property=\"og:description\" content=\"Ambrosia Puppy &amp; Growth \u2013 Fresh Chicken &amp; Salmon on t\u00e4ysravinto suurten rotujen pennuille, joka tukee tervett\u00e4 ja tasapainoista kasvua. Resepti on kehitetty erityisesti suurille koiraroduille, joiden kasvu vaatii huolellisesti tasapainotettua ravintoa nivelten ja luuston tueksi. Keskikokoinen nappula yhdist\u00e4\u00e4 tuoreen kanan ja kuivatun lohen tarjoten laadukkaita proteiineja, v\u00e4ltt\u00e4m\u00e4tt\u00f6mi\u00e4 rasvoja sek\u00e4 vitamiineja ja kivenn\u00e4isaineita vahvaan kasvuun. Terve kasvu, vahva keho.\ud83d\udc14 Tuore kana &amp; lohi \u2013 laadukkaat proteiinit lihasten kehitykseen\ud83e\uddb4 Glukosamiini &amp; kondroitiini \u2013 tukevat nivelten ja rustojen kehityst\u00e4\ud83e\udda0 Prebiootit ja probiootit \u2013 edist\u00e4v\u00e4t ruoansulatuksen ja immuunij\u00e4rjestelm\u00e4n terveytt\u00e4\ud83c\udf3f Kasviuutteet ja marjat \u2013 luonnolliset antioksidantit vahvistavat elimist\u00f6\u00e4 Koostumus:Siipikarjanliha (37 %, josta tuore kana 15 %, kuivattu siipikarjanliha 22 %), perunat\u00e4rkkelys, siipikarjanrasva (11,5 %), vihre\u00e4t herneet, halkaistut herneet, hydrolysoitu kanaproteiini (8 %), kuivattu lohi (4 %), juurikasmassa, pellavansiemenet, kivenn\u00e4isaineet, kuivattu panimohiiva, sikuri (inuliinin ja FOS:n l\u00e4hde), lohi\u00f6ljy (0,5 %), MOS (mannaani-oligosakkaridit), glukosamiini (750 mg\/kg), kondroitiinisulfaatti (750 mg\/kg), kuivattu parsakaali, pinaatti, karpalot, mustikat, kasviuutteet (Yucca schidigera, rosmariini, ryp\u00e4leensiemen, kurkuma, sitrushedelm\u00e4t, neilikka). Analyyttinen koostumus:Raakavalkuainen 30 %, Raakarasva 20 %, Omega-3-rasvahapot 0,7 %, Omega-6-rasvahapot 2,8 %, Tuhka 8,5 %, Kuitu 2,5 %, Kosteus 9 %, Kalsium 1,6 %, Fosfori 1,1 % Lis\u00e4aineet:A-vitamiini \u2013 14 000 IU, D3-vitamiini \u2013 1 350 IU, E-vitamiini \u2013 400 mg, Tauriin \u2013 1 000 mg, L-karnitiini \u2013 50 mg Metaboloituva energia: 3 984 kcal\/kg \ud83d\udc9a Ambrosia Fresh Chicken &amp; Salmon \u2013 tasapainoinen kasvuruoka suurten rotujen pennuille ja nuorille koirille, joka tukee niveli\u00e4, ruoansulatusta ja elinvoimaa alusta alkaen.\" \/>\n<meta property=\"og:url\" content=\"https:\/\/miumjau.ee\/fi\/tuote\/ambrosia-puppy-growth-large-breeds-kana-ja-lohi-2-kg\/\" \/>\n<meta property=\"og:site_name\" content=\"MiuMjau\" \/>\n<meta property=\"article:publisher\" content=\"https:\/\/www.facebook.com\/miumjaupood\/\" \/>\n<meta property=\"article:modified_time\" content=\"2026-01-07T20:41:43+00:00\" \/>\n<meta property=\"og:image\" content=\"https:\/\/miumjau.ee\/wp-content\/uploads\/2025\/04\/ambrosia-puppy-growth-chicken-salmon-Photoroom.webp\" \/>\n\t<meta property=\"og:image:width\" content=\"600\" \/>\n\t<meta property=\"og:image:height\" content=\"800\" \/>\n\t<meta property=\"og:image:type\" content=\"image\/webp\" \/>\n<meta name=\"twitter:card\" content=\"summary_large_image\" \/>\n<script type=\"application\/ld+json\" class=\"yoast-schema-graph\">{\"@context\":\"https:\/\/schema.org\",\"@graph\":[{\"@type\":\"WebPage\",\"@id\":\"https:\/\/miumjau.ee\/fi\/tuote\/ambrosia-puppy-growth-large-breeds-kana-ja-lohi-2-kg\/\",\"url\":\"https:\/\/miumjau.ee\/fi\/tuote\/ambrosia-puppy-growth-large-breeds-kana-ja-lohi-2-kg\/\",\"name\":\"Ambrosia Puppy & Growth Large Breeds kana ja lohi 2 kg - MiuMjau\",\"isPartOf\":{\"@id\":\"https:\/\/miumjau.ee\/#website\"},\"primaryImageOfPage\":{\"@id\":\"https:\/\/miumjau.ee\/fi\/tuote\/ambrosia-puppy-growth-large-breeds-kana-ja-lohi-2-kg\/#primaryimage\"},\"image\":{\"@id\":\"https:\/\/miumjau.ee\/fi\/tuote\/ambrosia-puppy-growth-large-breeds-kana-ja-lohi-2-kg\/#primaryimage\"},\"thumbnailUrl\":\"https:\/\/miumjau.ee\/wp-content\/uploads\/2025\/04\/ambrosia-puppy-growth-chicken-salmon-Photoroom.webp\",\"datePublished\":\"2025-04-07T16:36:00+00:00\",\"dateModified\":\"2026-01-07T20:41:43+00:00\",\"breadcrumb\":{\"@id\":\"https:\/\/miumjau.ee\/fi\/tuote\/ambrosia-puppy-growth-large-breeds-kana-ja-lohi-2-kg\/#breadcrumb\"},\"inLanguage\":\"fi\",\"potentialAction\":[{\"@type\":\"ReadAction\",\"target\":[\"https:\/\/miumjau.ee\/fi\/tuote\/ambrosia-puppy-growth-large-breeds-kana-ja-lohi-2-kg\/\"]}]},{\"@type\":\"ImageObject\",\"inLanguage\":\"fi\",\"@id\":\"https:\/\/miumjau.ee\/fi\/tuote\/ambrosia-puppy-growth-large-breeds-kana-ja-lohi-2-kg\/#primaryimage\",\"url\":\"https:\/\/miumjau.ee\/wp-content\/uploads\/2025\/04\/ambrosia-puppy-growth-chicken-salmon-Photoroom.webp\",\"contentUrl\":\"https:\/\/miumjau.ee\/wp-content\/uploads\/2025\/04\/ambrosia-puppy-growth-chicken-salmon-Photoroom.webp\",\"width\":600,\"height\":800,\"caption\":\"Ambrosia Puppy & Growth Large Breeds kana ja l\u00f5hega 2kg\"},{\"@type\":\"BreadcrumbList\",\"@id\":\"https:\/\/miumjau.ee\/fi\/tuote\/ambrosia-puppy-growth-large-breeds-kana-ja-lohi-2-kg\/#breadcrumb\",\"itemListElement\":[{\"@type\":\"ListItem\",\"position\":1,\"name\":\"Home\",\"item\":\"https:\/\/miumjau.ee\/fi\/\"},{\"@type\":\"ListItem\",\"position\":2,\"name\":\"Kauppa\",\"item\":\"https:\/\/miumjau.ee\/fi\/kauppa\/\"},{\"@type\":\"ListItem\",\"position\":3,\"name\":\"Ambrosia Puppy &#038; Growth Large Breeds kana ja lohi 2 kg\"}]},{\"@type\":\"WebSite\",\"@id\":\"https:\/\/miumjau.ee\/#website\",\"url\":\"https:\/\/miumjau.ee\/\",\"name\":\"MiuMjau\",\"description\":\"Kraapimispuud kassidele\",\"publisher\":{\"@id\":\"https:\/\/miumjau.ee\/#organization\"},\"potentialAction\":[{\"@type\":\"SearchAction\",\"target\":{\"@type\":\"EntryPoint\",\"urlTemplate\":\"https:\/\/miumjau.ee\/?s={search_term_string}\"},\"query-input\":{\"@type\":\"PropertyValueSpecification\",\"valueRequired\":true,\"valueName\":\"search_term_string\"}}],\"inLanguage\":\"fi\"},{\"@type\":\"Organization\",\"@id\":\"https:\/\/miumjau.ee\/#organization\",\"name\":\"MiuMjau O\u00dc\",\"url\":\"https:\/\/miumjau.ee\/\",\"logo\":{\"@type\":\"ImageObject\",\"inLanguage\":\"fi\",\"@id\":\"https:\/\/miumjau.ee\/#\/schema\/logo\/image\/\",\"url\":\"https:\/\/miumjau.ee\/wp-content\/uploads\/2022\/04\/MiuMjau-logo-kollane.png\",\"contentUrl\":\"https:\/\/miumjau.ee\/wp-content\/uploads\/2022\/04\/MiuMjau-logo-kollane.png\",\"width\":219,\"height\":100,\"caption\":\"MiuMjau O\u00dc\"},\"image\":{\"@id\":\"https:\/\/miumjau.ee\/#\/schema\/logo\/image\/\"},\"sameAs\":[\"https:\/\/www.facebook.com\/miumjaupood\/\"]}]}<\/script>\n<!-- \/ Yoast SEO plugin. -->","yoast_head_json":{"title":"Ambrosia Puppy & Growth Large Breeds kana ja lohi 2 kg - MiuMjau","robots":{"index":"index","follow":"follow","max-snippet":"max-snippet:-1","max-image-preview":"max-image-preview:large","max-video-preview":"max-video-preview:-1"},"canonical":"https:\/\/miumjau.ee\/fi\/tuote\/ambrosia-puppy-growth-large-breeds-kana-ja-lohi-2-kg\/","og_locale":"fi_FI","og_type":"article","og_title":"Ambrosia Puppy & Growth Large Breeds kana ja lohi 2 kg - MiuMjau","og_description":"Ambrosia Puppy &amp; Growth \u2013 Fresh Chicken &amp; Salmon on t\u00e4ysravinto suurten rotujen pennuille, joka tukee tervett\u00e4 ja tasapainoista kasvua. Resepti on kehitetty erityisesti suurille koiraroduille, joiden kasvu vaatii huolellisesti tasapainotettua ravintoa nivelten ja luuston tueksi. Keskikokoinen nappula yhdist\u00e4\u00e4 tuoreen kanan ja kuivatun lohen tarjoten laadukkaita proteiineja, v\u00e4ltt\u00e4m\u00e4tt\u00f6mi\u00e4 rasvoja sek\u00e4 vitamiineja ja kivenn\u00e4isaineita vahvaan kasvuun. Terve kasvu, vahva keho.\ud83d\udc14 Tuore kana &amp; lohi \u2013 laadukkaat proteiinit lihasten kehitykseen\ud83e\uddb4 Glukosamiini &amp; kondroitiini \u2013 tukevat nivelten ja rustojen kehityst\u00e4\ud83e\udda0 Prebiootit ja probiootit \u2013 edist\u00e4v\u00e4t ruoansulatuksen ja immuunij\u00e4rjestelm\u00e4n terveytt\u00e4\ud83c\udf3f Kasviuutteet ja marjat \u2013 luonnolliset antioksidantit vahvistavat elimist\u00f6\u00e4 Koostumus:Siipikarjanliha (37 %, josta tuore kana 15 %, kuivattu siipikarjanliha 22 %), perunat\u00e4rkkelys, siipikarjanrasva (11,5 %), vihre\u00e4t herneet, halkaistut herneet, hydrolysoitu kanaproteiini (8 %), kuivattu lohi (4 %), juurikasmassa, pellavansiemenet, kivenn\u00e4isaineet, kuivattu panimohiiva, sikuri (inuliinin ja FOS:n l\u00e4hde), lohi\u00f6ljy (0,5 %), MOS (mannaani-oligosakkaridit), glukosamiini (750 mg\/kg), kondroitiinisulfaatti (750 mg\/kg), kuivattu parsakaali, pinaatti, karpalot, mustikat, kasviuutteet (Yucca schidigera, rosmariini, ryp\u00e4leensiemen, kurkuma, sitrushedelm\u00e4t, neilikka). Analyyttinen koostumus:Raakavalkuainen 30 %, Raakarasva 20 %, Omega-3-rasvahapot 0,7 %, Omega-6-rasvahapot 2,8 %, Tuhka 8,5 %, Kuitu 2,5 %, Kosteus 9 %, Kalsium 1,6 %, Fosfori 1,1 % Lis\u00e4aineet:A-vitamiini \u2013 14 000 IU, D3-vitamiini \u2013 1 350 IU, E-vitamiini \u2013 400 mg, Tauriin \u2013 1 000 mg, L-karnitiini \u2013 50 mg Metaboloituva energia: 3 984 kcal\/kg \ud83d\udc9a Ambrosia Fresh Chicken &amp; Salmon \u2013 tasapainoinen kasvuruoka suurten rotujen pennuille ja nuorille koirille, joka tukee niveli\u00e4, ruoansulatusta ja elinvoimaa alusta alkaen.","og_url":"https:\/\/miumjau.ee\/fi\/tuote\/ambrosia-puppy-growth-large-breeds-kana-ja-lohi-2-kg\/","og_site_name":"MiuMjau","article_publisher":"https:\/\/www.facebook.com\/miumjaupood\/","article_modified_time":"2026-01-07T20:41:43+00:00","og_image":[{"width":600,"height":800,"url":"https:\/\/miumjau.ee\/wp-content\/uploads\/2025\/04\/ambrosia-puppy-growth-chicken-salmon-Photoroom.webp","type":"image\/webp"}],"twitter_card":"summary_large_image","schema":{"@context":"https:\/\/schema.org","@graph":[{"@type":"WebPage","@id":"https:\/\/miumjau.ee\/fi\/tuote\/ambrosia-puppy-growth-large-breeds-kana-ja-lohi-2-kg\/","url":"https:\/\/miumjau.ee\/fi\/tuote\/ambrosia-puppy-growth-large-breeds-kana-ja-lohi-2-kg\/","name":"Ambrosia Puppy & Growth Large Breeds kana ja lohi 2 kg - MiuMjau","isPartOf":{"@id":"https:\/\/miumjau.ee\/#website"},"primaryImageOfPage":{"@id":"https:\/\/miumjau.ee\/fi\/tuote\/ambrosia-puppy-growth-large-breeds-kana-ja-lohi-2-kg\/#primaryimage"},"image":{"@id":"https:\/\/miumjau.ee\/fi\/tuote\/ambrosia-puppy-growth-large-breeds-kana-ja-lohi-2-kg\/#primaryimage"},"thumbnailUrl":"https:\/\/miumjau.ee\/wp-content\/uploads\/2025\/04\/ambrosia-puppy-growth-chicken-salmon-Photoroom.webp","datePublished":"2025-04-07T16:36:00+00:00","dateModified":"2026-01-07T20:41:43+00:00","breadcrumb":{"@id":"https:\/\/miumjau.ee\/fi\/tuote\/ambrosia-puppy-growth-large-breeds-kana-ja-lohi-2-kg\/#breadcrumb"},"inLanguage":"fi","potentialAction":[{"@type":"ReadAction","target":["https:\/\/miumjau.ee\/fi\/tuote\/ambrosia-puppy-growth-large-breeds-kana-ja-lohi-2-kg\/"]}]},{"@type":"ImageObject","inLanguage":"fi","@id":"https:\/\/miumjau.ee\/fi\/tuote\/ambrosia-puppy-growth-large-breeds-kana-ja-lohi-2-kg\/#primaryimage","url":"https:\/\/miumjau.ee\/wp-content\/uploads\/2025\/04\/ambrosia-puppy-growth-chicken-salmon-Photoroom.webp","contentUrl":"https:\/\/miumjau.ee\/wp-content\/uploads\/2025\/04\/ambrosia-puppy-growth-chicken-salmon-Photoroom.webp","width":600,"height":800,"caption":"Ambrosia Puppy & Growth Large Breeds kana ja l\u00f5hega 2kg"},{"@type":"BreadcrumbList","@id":"https:\/\/miumjau.ee\/fi\/tuote\/ambrosia-puppy-growth-large-breeds-kana-ja-lohi-2-kg\/#breadcrumb","itemListElement":[{"@type":"ListItem","position":1,"name":"Home","item":"https:\/\/miumjau.ee\/fi\/"},{"@type":"ListItem","position":2,"name":"Kauppa","item":"https:\/\/miumjau.ee\/fi\/kauppa\/"},{"@type":"ListItem","position":3,"name":"Ambrosia Puppy &#038; Growth Large Breeds kana ja lohi 2 kg"}]},{"@type":"WebSite","@id":"https:\/\/miumjau.ee\/#website","url":"https:\/\/miumjau.ee\/","name":"MiuMjau","description":"Kraapimispuud kassidele","publisher":{"@id":"https:\/\/miumjau.ee\/#organization"},"potentialAction":[{"@type":"SearchAction","target":{"@type":"EntryPoint","urlTemplate":"https:\/\/miumjau.ee\/?s={search_term_string}"},"query-input":{"@type":"PropertyValueSpecification","valueRequired":true,"valueName":"search_term_string"}}],"inLanguage":"fi"},{"@type":"Organization","@id":"https:\/\/miumjau.ee\/#organization","name":"MiuMjau O\u00dc","url":"https:\/\/miumjau.ee\/","logo":{"@type":"ImageObject","inLanguage":"fi","@id":"https:\/\/miumjau.ee\/#\/schema\/logo\/image\/","url":"https:\/\/miumjau.ee\/wp-content\/uploads\/2022\/04\/MiuMjau-logo-kollane.png","contentUrl":"https:\/\/miumjau.ee\/wp-content\/uploads\/2022\/04\/MiuMjau-logo-kollane.png","width":219,"height":100,"caption":"MiuMjau O\u00dc"},"image":{"@id":"https:\/\/miumjau.ee\/#\/schema\/logo\/image\/"},"sameAs":["https:\/\/www.facebook.com\/miumjaupood\/"]}]}},"_links":{"self":[{"href":"https:\/\/miumjau.ee\/fi\/wp-json\/wp\/v2\/product\/51045","targetHints":{"allow":["GET"]}}],"collection":[{"href":"https:\/\/miumjau.ee\/fi\/wp-json\/wp\/v2\/product"}],"about":[{"href":"https:\/\/miumjau.ee\/fi\/wp-json\/wp\/v2\/types\/product"}],"wp:featuredmedia":[{"embeddable":true,"href":"https:\/\/miumjau.ee\/fi\/wp-json\/wp\/v2\/media\/31915"}],"wp:attachment":[{"href":"https:\/\/miumjau.ee\/fi\/wp-json\/wp\/v2\/media?parent=51045"}],"wp:term":[{"taxonomy":"product_brand","embeddable":true,"href":"https:\/\/miumjau.ee\/fi\/wp-json\/wp\/v2\/product_brand?post=51045"},{"taxonomy":"product_cat","embeddable":true,"href":"https:\/\/miumjau.ee\/fi\/wp-json\/wp\/v2\/product_cat?post=51045"},{"taxonomy":"product_tag","embeddable":true,"href":"https:\/\/miumjau.ee\/fi\/wp-json\/wp\/v2\/product_tag?post=51045"}],"curies":[{"name":"wp","href":"https:\/\/api.w.org\/{rel}","templated":true}]}}