{"id":51040,"date":"2025-04-07T19:45:44","date_gmt":"2025-04-07T16:45:44","guid":{"rendered":"https:\/\/miumjau.ee\/toode\/ambrosia-puppy-growth-kana-ja-kala-2-kg\/"},"modified":"2026-01-07T22:41:43","modified_gmt":"2026-01-07T20:41:43","slug":"ambrosia-puppy-growth-kana-ja-kala-2-kg","status":"publish","type":"product","link":"https:\/\/miumjau.ee\/fi\/tuote\/ambrosia-puppy-growth-kana-ja-kala-2-kg\/","title":{"rendered":"Ambrosia Puppy &#038; Growth kana ja kala 2 kg"},"content":{"rendered":"","protected":false},"excerpt":{"rendered":"<p data-start=\"2033\" data-end=\"2163\"><strong data-start=\"2033\" data-end=\"2083\">Ambrosia Puppy &amp; Growth \u2013 Chicken &amp; Fresh Fish<\/strong> on t\u00e4ysravinto kaikille pennuille, joka tukee tasapainoista ja tervett\u00e4 kasvua.<\/p>\n<p data-start=\"2165\" data-end=\"2432\">Ravinnerikas ja helposti sulava resepti, jossa yhdistyv\u00e4t tuoreen kalan proteiini, laadukas kana sek\u00e4 luonnolliset antioksidantit, kuten parsakaali, pinaatti, karpalot ja mustikat. T\u00e4ysravinto tarjoaa kaikki pennun kasvuun tarvittavat ravintoaineet kaikille roduille.<\/p>\n<p data-start=\"2434\" data-end=\"2821\"><strong data-start=\"2434\" data-end=\"2470\">Fiksu valinta nuorelle pennulle.<\/strong><br data-start=\"2470\" data-end=\"2473\" \/>\ud83d\udc1f <strong data-start=\"2476\" data-end=\"2497\">Tuore kala &amp; kana<\/strong> \u2013 helposti sulavat proteiinit aivojen kehitykseen, lihaksille ja turkille<br data-start=\"2571\" data-end=\"2574\" \/>\ud83e\uddb4 <strong data-start=\"2577\" data-end=\"2598\">Kalsium &amp; fosfori<\/strong> \u2013 optimaalisessa suhteessa luuston kehitykseen<br data-start=\"2645\" data-end=\"2648\" \/>\ud83e\udda0 <strong data-start=\"2651\" data-end=\"2678\">Prebiootit &amp; probiootit<\/strong> \u2013 tukevat ruoansulatusta ja vahvistavat immuunij\u00e4rjestelm\u00e4\u00e4<br data-start=\"2738\" data-end=\"2741\" \/>\ud83c\udf3f <strong data-start=\"2744\" data-end=\"2768\">Luonnolliset uutteet<\/strong> \u2013 tukevat aineenvaihduntaa ja yleist\u00e4 hyvinvointia<\/p>\n<p data-start=\"2823\" data-end=\"3361\"><strong data-start=\"2823\" data-end=\"2837\">Koostumus:<\/strong> Kala (21 %, josta tuore kala 15 %, kuivattu silli 6 %), kuivattu kana (19 %), perunahiutaleet, vihre\u00e4t herneet, halkaistut herneet, el\u00e4inrasva (11 %), hydrolysoitu el\u00e4inproteiini (8 %), juurikasmassa, pellavansiemenet, kivenn\u00e4isaineet, kuivattu panimohiiva, lohi\u00f6ljy (0,5 %), sikuri (inuliinin ja FOS:n l\u00e4hde), MOS (mannaani-oligosakkaridit), kuivattu parsakaali, pinaatti, karpalot, mustikat, glukosamiini (150 mg\/kg), kondroitiini (150 mg\/kg), kasviuutteet (rosmariini, ryp\u00e4leensiemen, kurkuma, sitrushedelm\u00e4t, neilikka).<\/p>\n<p data-start=\"3363\" data-end=\"3549\"><strong data-start=\"3363\" data-end=\"3390\">Analyyttinen koostumus:<\/strong> Raakavalkuainen 32 %, Raakarasva 22 %, Omega-3-rasvahapot 0,9 %, Omega-6-rasvahapot 3,0 %, Tuhka 7,0 %, Kuitu 2,5 %, Kosteus 9 %, Kalsium 1,4 %, Fosfori 1,0 %<\/p>\n<p data-start=\"3551\" data-end=\"3679\"><strong data-start=\"3551\" data-end=\"3566\">Lis\u00e4aineet:<\/strong> A-vitamiini \u2013 14 000 IU, D3-vitamiini \u2013 1 350 IU, E-vitamiini \u2013 400 mg, Tauriin \u2013 1 000 mg, L-karnitiini \u2013 50 mg<\/p>\n<p data-start=\"3681\" data-end=\"3721\"><strong data-start=\"3681\" data-end=\"3707\">Metaboloituva energia:<\/strong> 3 990 kcal\/kg<\/p>\n<p data-start=\"3723\" data-end=\"3840\">\ud83d\udc9a <strong data-start=\"3726\" data-end=\"3759\">Ambrosia Chicken &amp; Fresh Fish<\/strong> \u2013 ihanteellinen resepti kaikenkokoisille pennuille vahvaan ja terveeseen alkuun.<\/p>\n","protected":false},"featured_media":31911,"template":"","meta":[],"product_brand":[],"product_cat":[478],"product_tag":[],"class_list":{"0":"post-51040","1":"product","2":"type-product","3":"status-publish","4":"has-post-thumbnail","6":"product_cat-kuivaruoka-koirille","8":"first","9":"instock","10":"taxable","11":"shipping-taxable","12":"purchasable","13":"product-type-simple"},"yoast_head":"<!-- This site is optimized with the Yoast SEO plugin v27.2 - https:\/\/yoast.com\/product\/yoast-seo-wordpress\/ -->\n<title>Ambrosia Puppy &amp; Growth kana ja kala 2 kg - MiuMjau<\/title>\n<meta name=\"robots\" content=\"index, follow, max-snippet:-1, max-image-preview:large, max-video-preview:-1\" \/>\n<link rel=\"canonical\" href=\"https:\/\/miumjau.ee\/fi\/tuote\/ambrosia-puppy-growth-kana-ja-kala-2-kg\/\" \/>\n<meta property=\"og:locale\" content=\"fi_FI\" \/>\n<meta property=\"og:type\" content=\"article\" \/>\n<meta property=\"og:title\" content=\"Ambrosia Puppy &amp; Growth kana ja kala 2 kg - MiuMjau\" \/>\n<meta property=\"og:description\" content=\"Ambrosia Puppy &amp; Growth \u2013 Chicken &amp; Fresh Fish on t\u00e4ysravinto kaikille pennuille, joka tukee tasapainoista ja tervett\u00e4 kasvua. Ravinnerikas ja helposti sulava resepti, jossa yhdistyv\u00e4t tuoreen kalan proteiini, laadukas kana sek\u00e4 luonnolliset antioksidantit, kuten parsakaali, pinaatti, karpalot ja mustikat. T\u00e4ysravinto tarjoaa kaikki pennun kasvuun tarvittavat ravintoaineet kaikille roduille. Fiksu valinta nuorelle pennulle.\ud83d\udc1f Tuore kala &amp; kana \u2013 helposti sulavat proteiinit aivojen kehitykseen, lihaksille ja turkille\ud83e\uddb4 Kalsium &amp; fosfori \u2013 optimaalisessa suhteessa luuston kehitykseen\ud83e\udda0 Prebiootit &amp; probiootit \u2013 tukevat ruoansulatusta ja vahvistavat immuunij\u00e4rjestelm\u00e4\u00e4\ud83c\udf3f Luonnolliset uutteet \u2013 tukevat aineenvaihduntaa ja yleist\u00e4 hyvinvointia Koostumus: Kala (21 %, josta tuore kala 15 %, kuivattu silli 6 %), kuivattu kana (19 %), perunahiutaleet, vihre\u00e4t herneet, halkaistut herneet, el\u00e4inrasva (11 %), hydrolysoitu el\u00e4inproteiini (8 %), juurikasmassa, pellavansiemenet, kivenn\u00e4isaineet, kuivattu panimohiiva, lohi\u00f6ljy (0,5 %), sikuri (inuliinin ja FOS:n l\u00e4hde), MOS (mannaani-oligosakkaridit), kuivattu parsakaali, pinaatti, karpalot, mustikat, glukosamiini (150 mg\/kg), kondroitiini (150 mg\/kg), kasviuutteet (rosmariini, ryp\u00e4leensiemen, kurkuma, sitrushedelm\u00e4t, neilikka). Analyyttinen koostumus: Raakavalkuainen 32 %, Raakarasva 22 %, Omega-3-rasvahapot 0,9 %, Omega-6-rasvahapot 3,0 %, Tuhka 7,0 %, Kuitu 2,5 %, Kosteus 9 %, Kalsium 1,4 %, Fosfori 1,0 % Lis\u00e4aineet: A-vitamiini \u2013 14 000 IU, D3-vitamiini \u2013 1 350 IU, E-vitamiini \u2013 400 mg, Tauriin \u2013 1 000 mg, L-karnitiini \u2013 50 mg Metaboloituva energia: 3 990 kcal\/kg \ud83d\udc9a Ambrosia Chicken &amp; Fresh Fish \u2013 ihanteellinen resepti kaikenkokoisille pennuille vahvaan ja terveeseen alkuun.\" \/>\n<meta property=\"og:url\" content=\"https:\/\/miumjau.ee\/fi\/tuote\/ambrosia-puppy-growth-kana-ja-kala-2-kg\/\" \/>\n<meta property=\"og:site_name\" content=\"MiuMjau\" \/>\n<meta property=\"article:publisher\" content=\"https:\/\/www.facebook.com\/miumjaupood\/\" \/>\n<meta property=\"article:modified_time\" content=\"2026-01-07T20:41:43+00:00\" \/>\n<meta property=\"og:image\" content=\"https:\/\/miumjau.ee\/wp-content\/uploads\/2025\/04\/ambrosia-puppy-growth-chicken-fish-Photoroom.webp\" \/>\n\t<meta property=\"og:image:width\" content=\"600\" \/>\n\t<meta property=\"og:image:height\" content=\"800\" \/>\n\t<meta property=\"og:image:type\" content=\"image\/webp\" \/>\n<meta name=\"twitter:card\" content=\"summary_large_image\" \/>\n<script type=\"application\/ld+json\" class=\"yoast-schema-graph\">{\"@context\":\"https:\/\/schema.org\",\"@graph\":[{\"@type\":\"WebPage\",\"@id\":\"https:\/\/miumjau.ee\/fi\/tuote\/ambrosia-puppy-growth-kana-ja-kala-2-kg\/\",\"url\":\"https:\/\/miumjau.ee\/fi\/tuote\/ambrosia-puppy-growth-kana-ja-kala-2-kg\/\",\"name\":\"Ambrosia Puppy & Growth kana ja kala 2 kg - MiuMjau\",\"isPartOf\":{\"@id\":\"https:\/\/miumjau.ee\/#website\"},\"primaryImageOfPage\":{\"@id\":\"https:\/\/miumjau.ee\/fi\/tuote\/ambrosia-puppy-growth-kana-ja-kala-2-kg\/#primaryimage\"},\"image\":{\"@id\":\"https:\/\/miumjau.ee\/fi\/tuote\/ambrosia-puppy-growth-kana-ja-kala-2-kg\/#primaryimage\"},\"thumbnailUrl\":\"https:\/\/miumjau.ee\/wp-content\/uploads\/2025\/04\/ambrosia-puppy-growth-chicken-fish-Photoroom.webp\",\"datePublished\":\"2025-04-07T16:45:44+00:00\",\"dateModified\":\"2026-01-07T20:41:43+00:00\",\"breadcrumb\":{\"@id\":\"https:\/\/miumjau.ee\/fi\/tuote\/ambrosia-puppy-growth-kana-ja-kala-2-kg\/#breadcrumb\"},\"inLanguage\":\"fi\",\"potentialAction\":[{\"@type\":\"ReadAction\",\"target\":[\"https:\/\/miumjau.ee\/fi\/tuote\/ambrosia-puppy-growth-kana-ja-kala-2-kg\/\"]}]},{\"@type\":\"ImageObject\",\"inLanguage\":\"fi\",\"@id\":\"https:\/\/miumjau.ee\/fi\/tuote\/ambrosia-puppy-growth-kana-ja-kala-2-kg\/#primaryimage\",\"url\":\"https:\/\/miumjau.ee\/wp-content\/uploads\/2025\/04\/ambrosia-puppy-growth-chicken-fish-Photoroom.webp\",\"contentUrl\":\"https:\/\/miumjau.ee\/wp-content\/uploads\/2025\/04\/ambrosia-puppy-growth-chicken-fish-Photoroom.webp\",\"width\":600,\"height\":800,\"caption\":\"Ambrosia Puppy & Growth kana ja kalaga 2kg\"},{\"@type\":\"BreadcrumbList\",\"@id\":\"https:\/\/miumjau.ee\/fi\/tuote\/ambrosia-puppy-growth-kana-ja-kala-2-kg\/#breadcrumb\",\"itemListElement\":[{\"@type\":\"ListItem\",\"position\":1,\"name\":\"Home\",\"item\":\"https:\/\/miumjau.ee\/fi\/\"},{\"@type\":\"ListItem\",\"position\":2,\"name\":\"Kauppa\",\"item\":\"https:\/\/miumjau.ee\/fi\/kauppa\/\"},{\"@type\":\"ListItem\",\"position\":3,\"name\":\"Ambrosia Puppy &#038; Growth kana ja kala 2 kg\"}]},{\"@type\":\"WebSite\",\"@id\":\"https:\/\/miumjau.ee\/#website\",\"url\":\"https:\/\/miumjau.ee\/\",\"name\":\"MiuMjau\",\"description\":\"Kraapimispuud kassidele\",\"publisher\":{\"@id\":\"https:\/\/miumjau.ee\/#organization\"},\"potentialAction\":[{\"@type\":\"SearchAction\",\"target\":{\"@type\":\"EntryPoint\",\"urlTemplate\":\"https:\/\/miumjau.ee\/?s={search_term_string}\"},\"query-input\":{\"@type\":\"PropertyValueSpecification\",\"valueRequired\":true,\"valueName\":\"search_term_string\"}}],\"inLanguage\":\"fi\"},{\"@type\":\"Organization\",\"@id\":\"https:\/\/miumjau.ee\/#organization\",\"name\":\"MiuMjau O\u00dc\",\"url\":\"https:\/\/miumjau.ee\/\",\"logo\":{\"@type\":\"ImageObject\",\"inLanguage\":\"fi\",\"@id\":\"https:\/\/miumjau.ee\/#\/schema\/logo\/image\/\",\"url\":\"https:\/\/miumjau.ee\/wp-content\/uploads\/2022\/04\/MiuMjau-logo-kollane.png\",\"contentUrl\":\"https:\/\/miumjau.ee\/wp-content\/uploads\/2022\/04\/MiuMjau-logo-kollane.png\",\"width\":219,\"height\":100,\"caption\":\"MiuMjau O\u00dc\"},\"image\":{\"@id\":\"https:\/\/miumjau.ee\/#\/schema\/logo\/image\/\"},\"sameAs\":[\"https:\/\/www.facebook.com\/miumjaupood\/\"]}]}<\/script>\n<!-- \/ Yoast SEO plugin. -->","yoast_head_json":{"title":"Ambrosia Puppy & Growth kana ja kala 2 kg - MiuMjau","robots":{"index":"index","follow":"follow","max-snippet":"max-snippet:-1","max-image-preview":"max-image-preview:large","max-video-preview":"max-video-preview:-1"},"canonical":"https:\/\/miumjau.ee\/fi\/tuote\/ambrosia-puppy-growth-kana-ja-kala-2-kg\/","og_locale":"fi_FI","og_type":"article","og_title":"Ambrosia Puppy & Growth kana ja kala 2 kg - MiuMjau","og_description":"Ambrosia Puppy &amp; Growth \u2013 Chicken &amp; Fresh Fish on t\u00e4ysravinto kaikille pennuille, joka tukee tasapainoista ja tervett\u00e4 kasvua. Ravinnerikas ja helposti sulava resepti, jossa yhdistyv\u00e4t tuoreen kalan proteiini, laadukas kana sek\u00e4 luonnolliset antioksidantit, kuten parsakaali, pinaatti, karpalot ja mustikat. T\u00e4ysravinto tarjoaa kaikki pennun kasvuun tarvittavat ravintoaineet kaikille roduille. Fiksu valinta nuorelle pennulle.\ud83d\udc1f Tuore kala &amp; kana \u2013 helposti sulavat proteiinit aivojen kehitykseen, lihaksille ja turkille\ud83e\uddb4 Kalsium &amp; fosfori \u2013 optimaalisessa suhteessa luuston kehitykseen\ud83e\udda0 Prebiootit &amp; probiootit \u2013 tukevat ruoansulatusta ja vahvistavat immuunij\u00e4rjestelm\u00e4\u00e4\ud83c\udf3f Luonnolliset uutteet \u2013 tukevat aineenvaihduntaa ja yleist\u00e4 hyvinvointia Koostumus: Kala (21 %, josta tuore kala 15 %, kuivattu silli 6 %), kuivattu kana (19 %), perunahiutaleet, vihre\u00e4t herneet, halkaistut herneet, el\u00e4inrasva (11 %), hydrolysoitu el\u00e4inproteiini (8 %), juurikasmassa, pellavansiemenet, kivenn\u00e4isaineet, kuivattu panimohiiva, lohi\u00f6ljy (0,5 %), sikuri (inuliinin ja FOS:n l\u00e4hde), MOS (mannaani-oligosakkaridit), kuivattu parsakaali, pinaatti, karpalot, mustikat, glukosamiini (150 mg\/kg), kondroitiini (150 mg\/kg), kasviuutteet (rosmariini, ryp\u00e4leensiemen, kurkuma, sitrushedelm\u00e4t, neilikka). Analyyttinen koostumus: Raakavalkuainen 32 %, Raakarasva 22 %, Omega-3-rasvahapot 0,9 %, Omega-6-rasvahapot 3,0 %, Tuhka 7,0 %, Kuitu 2,5 %, Kosteus 9 %, Kalsium 1,4 %, Fosfori 1,0 % Lis\u00e4aineet: A-vitamiini \u2013 14 000 IU, D3-vitamiini \u2013 1 350 IU, E-vitamiini \u2013 400 mg, Tauriin \u2013 1 000 mg, L-karnitiini \u2013 50 mg Metaboloituva energia: 3 990 kcal\/kg \ud83d\udc9a Ambrosia Chicken &amp; Fresh Fish \u2013 ihanteellinen resepti kaikenkokoisille pennuille vahvaan ja terveeseen alkuun.","og_url":"https:\/\/miumjau.ee\/fi\/tuote\/ambrosia-puppy-growth-kana-ja-kala-2-kg\/","og_site_name":"MiuMjau","article_publisher":"https:\/\/www.facebook.com\/miumjaupood\/","article_modified_time":"2026-01-07T20:41:43+00:00","og_image":[{"width":600,"height":800,"url":"https:\/\/miumjau.ee\/wp-content\/uploads\/2025\/04\/ambrosia-puppy-growth-chicken-fish-Photoroom.webp","type":"image\/webp"}],"twitter_card":"summary_large_image","schema":{"@context":"https:\/\/schema.org","@graph":[{"@type":"WebPage","@id":"https:\/\/miumjau.ee\/fi\/tuote\/ambrosia-puppy-growth-kana-ja-kala-2-kg\/","url":"https:\/\/miumjau.ee\/fi\/tuote\/ambrosia-puppy-growth-kana-ja-kala-2-kg\/","name":"Ambrosia Puppy & Growth kana ja kala 2 kg - MiuMjau","isPartOf":{"@id":"https:\/\/miumjau.ee\/#website"},"primaryImageOfPage":{"@id":"https:\/\/miumjau.ee\/fi\/tuote\/ambrosia-puppy-growth-kana-ja-kala-2-kg\/#primaryimage"},"image":{"@id":"https:\/\/miumjau.ee\/fi\/tuote\/ambrosia-puppy-growth-kana-ja-kala-2-kg\/#primaryimage"},"thumbnailUrl":"https:\/\/miumjau.ee\/wp-content\/uploads\/2025\/04\/ambrosia-puppy-growth-chicken-fish-Photoroom.webp","datePublished":"2025-04-07T16:45:44+00:00","dateModified":"2026-01-07T20:41:43+00:00","breadcrumb":{"@id":"https:\/\/miumjau.ee\/fi\/tuote\/ambrosia-puppy-growth-kana-ja-kala-2-kg\/#breadcrumb"},"inLanguage":"fi","potentialAction":[{"@type":"ReadAction","target":["https:\/\/miumjau.ee\/fi\/tuote\/ambrosia-puppy-growth-kana-ja-kala-2-kg\/"]}]},{"@type":"ImageObject","inLanguage":"fi","@id":"https:\/\/miumjau.ee\/fi\/tuote\/ambrosia-puppy-growth-kana-ja-kala-2-kg\/#primaryimage","url":"https:\/\/miumjau.ee\/wp-content\/uploads\/2025\/04\/ambrosia-puppy-growth-chicken-fish-Photoroom.webp","contentUrl":"https:\/\/miumjau.ee\/wp-content\/uploads\/2025\/04\/ambrosia-puppy-growth-chicken-fish-Photoroom.webp","width":600,"height":800,"caption":"Ambrosia Puppy & Growth kana ja kalaga 2kg"},{"@type":"BreadcrumbList","@id":"https:\/\/miumjau.ee\/fi\/tuote\/ambrosia-puppy-growth-kana-ja-kala-2-kg\/#breadcrumb","itemListElement":[{"@type":"ListItem","position":1,"name":"Home","item":"https:\/\/miumjau.ee\/fi\/"},{"@type":"ListItem","position":2,"name":"Kauppa","item":"https:\/\/miumjau.ee\/fi\/kauppa\/"},{"@type":"ListItem","position":3,"name":"Ambrosia Puppy &#038; Growth kana ja kala 2 kg"}]},{"@type":"WebSite","@id":"https:\/\/miumjau.ee\/#website","url":"https:\/\/miumjau.ee\/","name":"MiuMjau","description":"Kraapimispuud kassidele","publisher":{"@id":"https:\/\/miumjau.ee\/#organization"},"potentialAction":[{"@type":"SearchAction","target":{"@type":"EntryPoint","urlTemplate":"https:\/\/miumjau.ee\/?s={search_term_string}"},"query-input":{"@type":"PropertyValueSpecification","valueRequired":true,"valueName":"search_term_string"}}],"inLanguage":"fi"},{"@type":"Organization","@id":"https:\/\/miumjau.ee\/#organization","name":"MiuMjau O\u00dc","url":"https:\/\/miumjau.ee\/","logo":{"@type":"ImageObject","inLanguage":"fi","@id":"https:\/\/miumjau.ee\/#\/schema\/logo\/image\/","url":"https:\/\/miumjau.ee\/wp-content\/uploads\/2022\/04\/MiuMjau-logo-kollane.png","contentUrl":"https:\/\/miumjau.ee\/wp-content\/uploads\/2022\/04\/MiuMjau-logo-kollane.png","width":219,"height":100,"caption":"MiuMjau O\u00dc"},"image":{"@id":"https:\/\/miumjau.ee\/#\/schema\/logo\/image\/"},"sameAs":["https:\/\/www.facebook.com\/miumjaupood\/"]}]}},"_links":{"self":[{"href":"https:\/\/miumjau.ee\/fi\/wp-json\/wp\/v2\/product\/51040","targetHints":{"allow":["GET"]}}],"collection":[{"href":"https:\/\/miumjau.ee\/fi\/wp-json\/wp\/v2\/product"}],"about":[{"href":"https:\/\/miumjau.ee\/fi\/wp-json\/wp\/v2\/types\/product"}],"wp:featuredmedia":[{"embeddable":true,"href":"https:\/\/miumjau.ee\/fi\/wp-json\/wp\/v2\/media\/31911"}],"wp:attachment":[{"href":"https:\/\/miumjau.ee\/fi\/wp-json\/wp\/v2\/media?parent=51040"}],"wp:term":[{"taxonomy":"product_brand","embeddable":true,"href":"https:\/\/miumjau.ee\/fi\/wp-json\/wp\/v2\/product_brand?post=51040"},{"taxonomy":"product_cat","embeddable":true,"href":"https:\/\/miumjau.ee\/fi\/wp-json\/wp\/v2\/product_cat?post=51040"},{"taxonomy":"product_tag","embeddable":true,"href":"https:\/\/miumjau.ee\/fi\/wp-json\/wp\/v2\/product_tag?post=51040"}],"curies":[{"name":"wp","href":"https:\/\/api.w.org\/{rel}","templated":true}]}}