{"id":50802,"date":"2025-07-20T11:23:24","date_gmt":"2025-07-20T08:23:24","guid":{"rendered":"https:\/\/miumjau.ee\/toode\/churu-fun-bites-koiranherkut-kanalla-ja-kurpitsalla-12-g-x-8\/"},"modified":"2026-01-07T22:41:57","modified_gmt":"2026-01-07T20:41:57","slug":"churu-fun-bites-koiranherkut-kanalla-ja-kurpitsalla-12-g-x-8","status":"publish","type":"product","link":"https:\/\/miumjau.ee\/fi\/tuote\/churu-fun-bites-koiranherkut-kanalla-ja-kurpitsalla-12-g-x-8\/","title":{"rendered":"Churu Fun Bites -koiranherkut kanalla ja kurpitsalla 12 g x 8"},"content":{"rendered":"","protected":false},"excerpt":{"rendered":"<p data-start=\"1501\" data-end=\"1582\">Churu Bites \u2013 kananmakuiset herkut, joiden sis\u00e4ll\u00e4 on kurpitsalla t\u00e4ytetty\u00e4 kanaa<\/p>\n<p data-start=\"1584\" data-end=\"1781\"><strong data-start=\"1584\" data-end=\"1613\">LUOTETTAVAT RAAKA-AINEET:<\/strong> Kaikki Inaba-tuotteet valmistetaan maukkaista ja korkealaatuisista raaka-aineista, kuten tiloilla kasvatetusta kanasta ja\/tai luonnonvaraisena pyydetyst\u00e4 tonnikalasta.<\/p>\n<p data-start=\"1783\" data-end=\"2082\"><strong data-start=\"1783\" data-end=\"1813\">KAKSINKERTAINEN TEKSTUURI:<\/strong> Jokainen tyynynmuotoinen herkku koostuu pehme\u00e4st\u00e4, uunissa paistetusta kananpastasta, eik\u00e4 sis\u00e4ll\u00e4 viljoja, s\u00e4il\u00f6nt\u00e4aineita, karrageenia tai keinotekoisia v\u00e4riaineita. Sis\u00e4ll\u00e4 on Inaba Churun kermainen t\u00e4yte, joka antaa herkulle miellytt\u00e4v\u00e4n kaksinkertaisen rakenteen.<\/p>\n<p data-start=\"2084\" data-end=\"2258\"><strong data-start=\"2084\" data-end=\"2103\">K\u00c4TEV\u00c4 PAKKAUS:<\/strong> Jokainen pakkaus sis\u00e4lt\u00e4\u00e4 8 sopivasti annosteltua pussia (noin 12 herkkua per pussi), jotka pit\u00e4v\u00e4t herkut tuoreina ja auttavat v\u00e4ltt\u00e4m\u00e4\u00e4n liikaruokintaa.<\/p>\n<p data-start=\"2260\" data-end=\"2444\"><strong data-start=\"2260\" data-end=\"2304\">MY\u00d6S VALIKOIVAT KOIRAT RAKASTAVAT N\u00c4IT\u00c4:<\/strong> Jopa nirsoimmat koirat sy\u00f6v\u00e4t n\u00e4m\u00e4 herkulliset palat suoraan k\u00e4dest\u00e4si \u2013 sopivat hyvin my\u00f6s pienen tabletin piilottamiseen t\u00e4ytteen sis\u00e4\u00e4n.<\/p>\n<p data-start=\"2446\" data-end=\"2746\"><strong data-start=\"2446\" data-end=\"2481\">PEHME\u00c4, MAUKAS JA TERVEELLINEN:<\/strong> Jokainen herkku sis\u00e4lt\u00e4\u00e4 69 % kosteutta, joka auttaa pit\u00e4m\u00e4\u00e4n koiran nesteytettyn\u00e4, ja noin 18 kcal annosta kohden \u2013 v\u00e4h\u00e4kalorinen herkku huolettomaan hemmotteluun. Sis\u00e4lt\u00e4\u00e4 my\u00f6s E-vitamiinia (immuunij\u00e4rjestelm\u00e4n tueksi) ja vihre\u00e4n teen uutetta (antioksidanttina).<\/p>\n<p data-start=\"2748\" data-end=\"2857\"><strong data-start=\"2748\" data-end=\"2765\">Ruokintaohje:<\/strong><br data-start=\"2765\" data-end=\"2768\" \/>Tarjoa herkkuna, ei t\u00e4ysravintona. Varmista, ett\u00e4 raikasta juomavett\u00e4 on aina saatavilla.<\/p>\n<p data-start=\"2859\" data-end=\"2933\"><strong data-start=\"2859\" data-end=\"2872\">S\u00e4ilytys:<\/strong><br data-start=\"2872\" data-end=\"2875\" \/>S\u00e4ilyt\u00e4 avattuna j\u00e4\u00e4kaapissa ja k\u00e4yt\u00e4 mahdollisimman pian.<\/p>\n","protected":false},"featured_media":37805,"template":"","meta":[],"product_brand":[],"product_cat":[480],"product_tag":[],"class_list":{"0":"post-50802","1":"product","2":"type-product","3":"status-publish","4":"has-post-thumbnail","6":"product_cat-herkut-koirille","8":"first","9":"instock","10":"sale","11":"taxable","12":"shipping-taxable","13":"purchasable","14":"product-type-simple"},"yoast_head":"<!-- This site is optimized with the Yoast SEO plugin v27.2 - https:\/\/yoast.com\/product\/yoast-seo-wordpress\/ -->\n<title>Churu Fun Bites -koiranherkut kanalla ja kurpitsalla 12 g x 8 - MiuMjau<\/title>\n<meta name=\"robots\" content=\"index, follow, max-snippet:-1, max-image-preview:large, max-video-preview:-1\" \/>\n<link rel=\"canonical\" href=\"https:\/\/miumjau.ee\/fi\/tuote\/churu-fun-bites-koiranherkut-kanalla-ja-kurpitsalla-12-g-x-8\/\" \/>\n<meta property=\"og:locale\" content=\"fi_FI\" \/>\n<meta property=\"og:type\" content=\"article\" \/>\n<meta property=\"og:title\" content=\"Churu Fun Bites -koiranherkut kanalla ja kurpitsalla 12 g x 8 - MiuMjau\" \/>\n<meta property=\"og:description\" content=\"Churu Bites \u2013 kananmakuiset herkut, joiden sis\u00e4ll\u00e4 on kurpitsalla t\u00e4ytetty\u00e4 kanaa LUOTETTAVAT RAAKA-AINEET: Kaikki Inaba-tuotteet valmistetaan maukkaista ja korkealaatuisista raaka-aineista, kuten tiloilla kasvatetusta kanasta ja\/tai luonnonvaraisena pyydetyst\u00e4 tonnikalasta. KAKSINKERTAINEN TEKSTUURI: Jokainen tyynynmuotoinen herkku koostuu pehme\u00e4st\u00e4, uunissa paistetusta kananpastasta, eik\u00e4 sis\u00e4ll\u00e4 viljoja, s\u00e4il\u00f6nt\u00e4aineita, karrageenia tai keinotekoisia v\u00e4riaineita. Sis\u00e4ll\u00e4 on Inaba Churun kermainen t\u00e4yte, joka antaa herkulle miellytt\u00e4v\u00e4n kaksinkertaisen rakenteen. K\u00c4TEV\u00c4 PAKKAUS: Jokainen pakkaus sis\u00e4lt\u00e4\u00e4 8 sopivasti annosteltua pussia (noin 12 herkkua per pussi), jotka pit\u00e4v\u00e4t herkut tuoreina ja auttavat v\u00e4ltt\u00e4m\u00e4\u00e4n liikaruokintaa. MY\u00d6S VALIKOIVAT KOIRAT RAKASTAVAT N\u00c4IT\u00c4: Jopa nirsoimmat koirat sy\u00f6v\u00e4t n\u00e4m\u00e4 herkulliset palat suoraan k\u00e4dest\u00e4si \u2013 sopivat hyvin my\u00f6s pienen tabletin piilottamiseen t\u00e4ytteen sis\u00e4\u00e4n. PEHME\u00c4, MAUKAS JA TERVEELLINEN: Jokainen herkku sis\u00e4lt\u00e4\u00e4 69 % kosteutta, joka auttaa pit\u00e4m\u00e4\u00e4n koiran nesteytettyn\u00e4, ja noin 18 kcal annosta kohden \u2013 v\u00e4h\u00e4kalorinen herkku huolettomaan hemmotteluun. Sis\u00e4lt\u00e4\u00e4 my\u00f6s E-vitamiinia (immuunij\u00e4rjestelm\u00e4n tueksi) ja vihre\u00e4n teen uutetta (antioksidanttina). Ruokintaohje:Tarjoa herkkuna, ei t\u00e4ysravintona. Varmista, ett\u00e4 raikasta juomavett\u00e4 on aina saatavilla. S\u00e4ilytys:S\u00e4ilyt\u00e4 avattuna j\u00e4\u00e4kaapissa ja k\u00e4yt\u00e4 mahdollisimman pian.\" \/>\n<meta property=\"og:url\" content=\"https:\/\/miumjau.ee\/fi\/tuote\/churu-fun-bites-koiranherkut-kanalla-ja-kurpitsalla-12-g-x-8\/\" \/>\n<meta property=\"og:site_name\" content=\"MiuMjau\" \/>\n<meta property=\"article:publisher\" content=\"https:\/\/www.facebook.com\/miumjaupood\/\" \/>\n<meta property=\"article:modified_time\" content=\"2026-01-07T20:41:57+00:00\" \/>\n<meta property=\"og:image\" content=\"https:\/\/miumjau.ee\/wp-content\/uploads\/2025\/07\/churu-fun-bites-koertele-korvits.jpg\" \/>\n\t<meta property=\"og:image:width\" content=\"600\" \/>\n\t<meta property=\"og:image:height\" content=\"800\" \/>\n\t<meta property=\"og:image:type\" content=\"image\/jpeg\" \/>\n<meta name=\"twitter:card\" content=\"summary_large_image\" \/>\n<script type=\"application\/ld+json\" class=\"yoast-schema-graph\">{\"@context\":\"https:\/\/schema.org\",\"@graph\":[{\"@type\":\"WebPage\",\"@id\":\"https:\/\/miumjau.ee\/fi\/tuote\/churu-fun-bites-koiranherkut-kanalla-ja-kurpitsalla-12-g-x-8\/\",\"url\":\"https:\/\/miumjau.ee\/fi\/tuote\/churu-fun-bites-koiranherkut-kanalla-ja-kurpitsalla-12-g-x-8\/\",\"name\":\"Churu Fun Bites -koiranherkut kanalla ja kurpitsalla 12 g x 8 - MiuMjau\",\"isPartOf\":{\"@id\":\"https:\/\/miumjau.ee\/#website\"},\"primaryImageOfPage\":{\"@id\":\"https:\/\/miumjau.ee\/fi\/tuote\/churu-fun-bites-koiranherkut-kanalla-ja-kurpitsalla-12-g-x-8\/#primaryimage\"},\"image\":{\"@id\":\"https:\/\/miumjau.ee\/fi\/tuote\/churu-fun-bites-koiranherkut-kanalla-ja-kurpitsalla-12-g-x-8\/#primaryimage\"},\"thumbnailUrl\":\"https:\/\/miumjau.ee\/wp-content\/uploads\/2025\/07\/churu-fun-bites-koertele-korvits.jpg\",\"datePublished\":\"2025-07-20T08:23:24+00:00\",\"dateModified\":\"2026-01-07T20:41:57+00:00\",\"breadcrumb\":{\"@id\":\"https:\/\/miumjau.ee\/fi\/tuote\/churu-fun-bites-koiranherkut-kanalla-ja-kurpitsalla-12-g-x-8\/#breadcrumb\"},\"inLanguage\":\"fi\",\"potentialAction\":[{\"@type\":\"ReadAction\",\"target\":[\"https:\/\/miumjau.ee\/fi\/tuote\/churu-fun-bites-koiranherkut-kanalla-ja-kurpitsalla-12-g-x-8\/\"]}]},{\"@type\":\"ImageObject\",\"inLanguage\":\"fi\",\"@id\":\"https:\/\/miumjau.ee\/fi\/tuote\/churu-fun-bites-koiranherkut-kanalla-ja-kurpitsalla-12-g-x-8\/#primaryimage\",\"url\":\"https:\/\/miumjau.ee\/wp-content\/uploads\/2025\/07\/churu-fun-bites-koertele-korvits.jpg\",\"contentUrl\":\"https:\/\/miumjau.ee\/wp-content\/uploads\/2025\/07\/churu-fun-bites-koertele-korvits.jpg\",\"width\":600,\"height\":800,\"caption\":\"Churu Fun Bites maiused koertele kana ja k\u00f5rvitsaga 12gx8\"},{\"@type\":\"BreadcrumbList\",\"@id\":\"https:\/\/miumjau.ee\/fi\/tuote\/churu-fun-bites-koiranherkut-kanalla-ja-kurpitsalla-12-g-x-8\/#breadcrumb\",\"itemListElement\":[{\"@type\":\"ListItem\",\"position\":1,\"name\":\"Home\",\"item\":\"https:\/\/miumjau.ee\/fi\/\"},{\"@type\":\"ListItem\",\"position\":2,\"name\":\"Kauppa\",\"item\":\"https:\/\/miumjau.ee\/fi\/kauppa\/\"},{\"@type\":\"ListItem\",\"position\":3,\"name\":\"Churu Fun Bites -koiranherkut kanalla ja kurpitsalla 12 g x 8\"}]},{\"@type\":\"WebSite\",\"@id\":\"https:\/\/miumjau.ee\/#website\",\"url\":\"https:\/\/miumjau.ee\/\",\"name\":\"MiuMjau\",\"description\":\"Kraapimispuud kassidele\",\"publisher\":{\"@id\":\"https:\/\/miumjau.ee\/#organization\"},\"potentialAction\":[{\"@type\":\"SearchAction\",\"target\":{\"@type\":\"EntryPoint\",\"urlTemplate\":\"https:\/\/miumjau.ee\/?s={search_term_string}\"},\"query-input\":{\"@type\":\"PropertyValueSpecification\",\"valueRequired\":true,\"valueName\":\"search_term_string\"}}],\"inLanguage\":\"fi\"},{\"@type\":\"Organization\",\"@id\":\"https:\/\/miumjau.ee\/#organization\",\"name\":\"MiuMjau O\u00dc\",\"url\":\"https:\/\/miumjau.ee\/\",\"logo\":{\"@type\":\"ImageObject\",\"inLanguage\":\"fi\",\"@id\":\"https:\/\/miumjau.ee\/#\/schema\/logo\/image\/\",\"url\":\"https:\/\/miumjau.ee\/wp-content\/uploads\/2022\/04\/MiuMjau-logo-kollane.png\",\"contentUrl\":\"https:\/\/miumjau.ee\/wp-content\/uploads\/2022\/04\/MiuMjau-logo-kollane.png\",\"width\":219,\"height\":100,\"caption\":\"MiuMjau O\u00dc\"},\"image\":{\"@id\":\"https:\/\/miumjau.ee\/#\/schema\/logo\/image\/\"},\"sameAs\":[\"https:\/\/www.facebook.com\/miumjaupood\/\"]}]}<\/script>\n<!-- \/ Yoast SEO plugin. -->","yoast_head_json":{"title":"Churu Fun Bites -koiranherkut kanalla ja kurpitsalla 12 g x 8 - MiuMjau","robots":{"index":"index","follow":"follow","max-snippet":"max-snippet:-1","max-image-preview":"max-image-preview:large","max-video-preview":"max-video-preview:-1"},"canonical":"https:\/\/miumjau.ee\/fi\/tuote\/churu-fun-bites-koiranherkut-kanalla-ja-kurpitsalla-12-g-x-8\/","og_locale":"fi_FI","og_type":"article","og_title":"Churu Fun Bites -koiranherkut kanalla ja kurpitsalla 12 g x 8 - MiuMjau","og_description":"Churu Bites \u2013 kananmakuiset herkut, joiden sis\u00e4ll\u00e4 on kurpitsalla t\u00e4ytetty\u00e4 kanaa LUOTETTAVAT RAAKA-AINEET: Kaikki Inaba-tuotteet valmistetaan maukkaista ja korkealaatuisista raaka-aineista, kuten tiloilla kasvatetusta kanasta ja\/tai luonnonvaraisena pyydetyst\u00e4 tonnikalasta. KAKSINKERTAINEN TEKSTUURI: Jokainen tyynynmuotoinen herkku koostuu pehme\u00e4st\u00e4, uunissa paistetusta kananpastasta, eik\u00e4 sis\u00e4ll\u00e4 viljoja, s\u00e4il\u00f6nt\u00e4aineita, karrageenia tai keinotekoisia v\u00e4riaineita. Sis\u00e4ll\u00e4 on Inaba Churun kermainen t\u00e4yte, joka antaa herkulle miellytt\u00e4v\u00e4n kaksinkertaisen rakenteen. K\u00c4TEV\u00c4 PAKKAUS: Jokainen pakkaus sis\u00e4lt\u00e4\u00e4 8 sopivasti annosteltua pussia (noin 12 herkkua per pussi), jotka pit\u00e4v\u00e4t herkut tuoreina ja auttavat v\u00e4ltt\u00e4m\u00e4\u00e4n liikaruokintaa. MY\u00d6S VALIKOIVAT KOIRAT RAKASTAVAT N\u00c4IT\u00c4: Jopa nirsoimmat koirat sy\u00f6v\u00e4t n\u00e4m\u00e4 herkulliset palat suoraan k\u00e4dest\u00e4si \u2013 sopivat hyvin my\u00f6s pienen tabletin piilottamiseen t\u00e4ytteen sis\u00e4\u00e4n. PEHME\u00c4, MAUKAS JA TERVEELLINEN: Jokainen herkku sis\u00e4lt\u00e4\u00e4 69 % kosteutta, joka auttaa pit\u00e4m\u00e4\u00e4n koiran nesteytettyn\u00e4, ja noin 18 kcal annosta kohden \u2013 v\u00e4h\u00e4kalorinen herkku huolettomaan hemmotteluun. Sis\u00e4lt\u00e4\u00e4 my\u00f6s E-vitamiinia (immuunij\u00e4rjestelm\u00e4n tueksi) ja vihre\u00e4n teen uutetta (antioksidanttina). Ruokintaohje:Tarjoa herkkuna, ei t\u00e4ysravintona. Varmista, ett\u00e4 raikasta juomavett\u00e4 on aina saatavilla. S\u00e4ilytys:S\u00e4ilyt\u00e4 avattuna j\u00e4\u00e4kaapissa ja k\u00e4yt\u00e4 mahdollisimman pian.","og_url":"https:\/\/miumjau.ee\/fi\/tuote\/churu-fun-bites-koiranherkut-kanalla-ja-kurpitsalla-12-g-x-8\/","og_site_name":"MiuMjau","article_publisher":"https:\/\/www.facebook.com\/miumjaupood\/","article_modified_time":"2026-01-07T20:41:57+00:00","og_image":[{"width":600,"height":800,"url":"https:\/\/miumjau.ee\/wp-content\/uploads\/2025\/07\/churu-fun-bites-koertele-korvits.jpg","type":"image\/jpeg"}],"twitter_card":"summary_large_image","schema":{"@context":"https:\/\/schema.org","@graph":[{"@type":"WebPage","@id":"https:\/\/miumjau.ee\/fi\/tuote\/churu-fun-bites-koiranherkut-kanalla-ja-kurpitsalla-12-g-x-8\/","url":"https:\/\/miumjau.ee\/fi\/tuote\/churu-fun-bites-koiranherkut-kanalla-ja-kurpitsalla-12-g-x-8\/","name":"Churu Fun Bites -koiranherkut kanalla ja kurpitsalla 12 g x 8 - MiuMjau","isPartOf":{"@id":"https:\/\/miumjau.ee\/#website"},"primaryImageOfPage":{"@id":"https:\/\/miumjau.ee\/fi\/tuote\/churu-fun-bites-koiranherkut-kanalla-ja-kurpitsalla-12-g-x-8\/#primaryimage"},"image":{"@id":"https:\/\/miumjau.ee\/fi\/tuote\/churu-fun-bites-koiranherkut-kanalla-ja-kurpitsalla-12-g-x-8\/#primaryimage"},"thumbnailUrl":"https:\/\/miumjau.ee\/wp-content\/uploads\/2025\/07\/churu-fun-bites-koertele-korvits.jpg","datePublished":"2025-07-20T08:23:24+00:00","dateModified":"2026-01-07T20:41:57+00:00","breadcrumb":{"@id":"https:\/\/miumjau.ee\/fi\/tuote\/churu-fun-bites-koiranherkut-kanalla-ja-kurpitsalla-12-g-x-8\/#breadcrumb"},"inLanguage":"fi","potentialAction":[{"@type":"ReadAction","target":["https:\/\/miumjau.ee\/fi\/tuote\/churu-fun-bites-koiranherkut-kanalla-ja-kurpitsalla-12-g-x-8\/"]}]},{"@type":"ImageObject","inLanguage":"fi","@id":"https:\/\/miumjau.ee\/fi\/tuote\/churu-fun-bites-koiranherkut-kanalla-ja-kurpitsalla-12-g-x-8\/#primaryimage","url":"https:\/\/miumjau.ee\/wp-content\/uploads\/2025\/07\/churu-fun-bites-koertele-korvits.jpg","contentUrl":"https:\/\/miumjau.ee\/wp-content\/uploads\/2025\/07\/churu-fun-bites-koertele-korvits.jpg","width":600,"height":800,"caption":"Churu Fun Bites maiused koertele kana ja k\u00f5rvitsaga 12gx8"},{"@type":"BreadcrumbList","@id":"https:\/\/miumjau.ee\/fi\/tuote\/churu-fun-bites-koiranherkut-kanalla-ja-kurpitsalla-12-g-x-8\/#breadcrumb","itemListElement":[{"@type":"ListItem","position":1,"name":"Home","item":"https:\/\/miumjau.ee\/fi\/"},{"@type":"ListItem","position":2,"name":"Kauppa","item":"https:\/\/miumjau.ee\/fi\/kauppa\/"},{"@type":"ListItem","position":3,"name":"Churu Fun Bites -koiranherkut kanalla ja kurpitsalla 12 g x 8"}]},{"@type":"WebSite","@id":"https:\/\/miumjau.ee\/#website","url":"https:\/\/miumjau.ee\/","name":"MiuMjau","description":"Kraapimispuud kassidele","publisher":{"@id":"https:\/\/miumjau.ee\/#organization"},"potentialAction":[{"@type":"SearchAction","target":{"@type":"EntryPoint","urlTemplate":"https:\/\/miumjau.ee\/?s={search_term_string}"},"query-input":{"@type":"PropertyValueSpecification","valueRequired":true,"valueName":"search_term_string"}}],"inLanguage":"fi"},{"@type":"Organization","@id":"https:\/\/miumjau.ee\/#organization","name":"MiuMjau O\u00dc","url":"https:\/\/miumjau.ee\/","logo":{"@type":"ImageObject","inLanguage":"fi","@id":"https:\/\/miumjau.ee\/#\/schema\/logo\/image\/","url":"https:\/\/miumjau.ee\/wp-content\/uploads\/2022\/04\/MiuMjau-logo-kollane.png","contentUrl":"https:\/\/miumjau.ee\/wp-content\/uploads\/2022\/04\/MiuMjau-logo-kollane.png","width":219,"height":100,"caption":"MiuMjau O\u00dc"},"image":{"@id":"https:\/\/miumjau.ee\/#\/schema\/logo\/image\/"},"sameAs":["https:\/\/www.facebook.com\/miumjaupood\/"]}]}},"_links":{"self":[{"href":"https:\/\/miumjau.ee\/fi\/wp-json\/wp\/v2\/product\/50802","targetHints":{"allow":["GET"]}}],"collection":[{"href":"https:\/\/miumjau.ee\/fi\/wp-json\/wp\/v2\/product"}],"about":[{"href":"https:\/\/miumjau.ee\/fi\/wp-json\/wp\/v2\/types\/product"}],"wp:featuredmedia":[{"embeddable":true,"href":"https:\/\/miumjau.ee\/fi\/wp-json\/wp\/v2\/media\/37805"}],"wp:attachment":[{"href":"https:\/\/miumjau.ee\/fi\/wp-json\/wp\/v2\/media?parent=50802"}],"wp:term":[{"taxonomy":"product_brand","embeddable":true,"href":"https:\/\/miumjau.ee\/fi\/wp-json\/wp\/v2\/product_brand?post=50802"},{"taxonomy":"product_cat","embeddable":true,"href":"https:\/\/miumjau.ee\/fi\/wp-json\/wp\/v2\/product_cat?post=50802"},{"taxonomy":"product_tag","embeddable":true,"href":"https:\/\/miumjau.ee\/fi\/wp-json\/wp\/v2\/product_tag?post=50802"}],"curies":[{"name":"wp","href":"https:\/\/api.w.org\/{rel}","templated":true}]}}