{"id":50796,"date":"2025-05-16T00:06:56","date_gmt":"2025-05-15T21:06:56","guid":{"rendered":"https:\/\/miumjau.ee\/toode\/frigera-puolikosteat-ja-runsaslihaiset-herkut-lohella-165-g\/"},"modified":"2026-01-07T22:41:57","modified_gmt":"2026-01-07T20:41:57","slug":"frigera-puolikosteat-ja-runsaslihaiset-herkut-lohella-165-g","status":"publish","type":"product","link":"https:\/\/miumjau.ee\/fi\/tuote\/frigera-puolikosteat-ja-runsaslihaiset-herkut-lohella-165-g\/","title":{"rendered":"Frigera puolikosteat ja runsaslihaiset herkut lohella 165 g"},"content":{"rendered":"","protected":false},"excerpt":{"rendered":"<p data-start=\"135\" data-end=\"496\">Frigera-puolikosteiden herkkujen sarjan todelliset huipputuotteet! Gluteenittomia ja eritt\u00e4in korkean lihapitoisuuden omaavia \u2013 per\u00e4ti 85 %! Jopa herkimm\u00e4t koirat eiv\u00e4t pysty vastustamaan niit\u00e4. Valmistettu vain parhaista saatavilla olevista raaka-aineista, ilman s\u00e4il\u00f6nt\u00e4aineita ja keinotekoisia v\u00e4riaineita \u2013 kyseess\u00e4 ovat markkinoiden terveellisimm\u00e4t herkut.<\/p>\n<p data-start=\"498\" data-end=\"603\">Kuten kaikki muutkin Frigera-pehme\u00e4t herkut, n\u00e4m\u00e4 ovat k\u00e4tev\u00e4n kokoisia ja k\u00e4yt\u00e4nn\u00f6llisess\u00e4 pakkauksessa.<\/p>\n<p data-start=\"605\" data-end=\"758\"><strong data-start=\"605\" data-end=\"619\">Koostumus:<\/strong> liha ja el\u00e4inper\u00e4iset tuotteet (85,00 % lihapitoisuus, josta 19,50 % kalajauhoa), kasviper\u00e4iset tuotteet, \u00f6ljyt ja rasvat, kivenn\u00e4isaineet<\/p>\n<p data-start=\"760\" data-end=\"876\"><strong data-start=\"760\" data-end=\"787\">Analyyttinen koostumus:<\/strong> raakaproteiini 47 %, raakarasva 9,1 %, raakatuhka 13,5 %, raakakuitu 2,4 %, kosteus 21 %<\/p>\n<p data-start=\"878\" data-end=\"1108\"><strong data-start=\"878\" data-end=\"895\">Ruokintaohje:<\/strong> Tarjoa Frigera-herkkuja aterioiden v\u00e4lill\u00e4 palkkiona tai herkkuna osana tasapainoista ruokavaliota. Valvo koiraasi aina ruokinnan aikana. Varmista, ett\u00e4 raikasta juomavett\u00e4 on aina saatavilla. Ei ihmisravinnoksi.<\/p>\n","protected":false},"featured_media":40921,"template":"","meta":[],"product_brand":[],"product_cat":[480,139],"product_tag":[],"class_list":{"0":"post-50796","1":"product","2":"type-product","3":"status-publish","4":"has-post-thumbnail","6":"product_cat-herkut-koirille","7":"product_cat-kaup24-fi","9":"first","10":"instock","11":"taxable","12":"shipping-taxable","13":"purchasable","14":"product-type-simple"},"yoast_head":"<!-- This site is optimized with the Yoast SEO plugin v27.2 - https:\/\/yoast.com\/product\/yoast-seo-wordpress\/ -->\n<title>Frigera puolikosteat ja runsaslihaiset herkut lohella 165 g - MiuMjau<\/title>\n<meta name=\"robots\" content=\"index, follow, max-snippet:-1, max-image-preview:large, max-video-preview:-1\" \/>\n<link rel=\"canonical\" href=\"https:\/\/miumjau.ee\/fi\/tuote\/frigera-puolikosteat-ja-runsaslihaiset-herkut-lohella-165-g\/\" \/>\n<meta property=\"og:locale\" content=\"fi_FI\" \/>\n<meta property=\"og:type\" content=\"article\" \/>\n<meta property=\"og:title\" content=\"Frigera puolikosteat ja runsaslihaiset herkut lohella 165 g - MiuMjau\" \/>\n<meta property=\"og:description\" content=\"Frigera-puolikosteiden herkkujen sarjan todelliset huipputuotteet! Gluteenittomia ja eritt\u00e4in korkean lihapitoisuuden omaavia \u2013 per\u00e4ti 85 %! Jopa herkimm\u00e4t koirat eiv\u00e4t pysty vastustamaan niit\u00e4. Valmistettu vain parhaista saatavilla olevista raaka-aineista, ilman s\u00e4il\u00f6nt\u00e4aineita ja keinotekoisia v\u00e4riaineita \u2013 kyseess\u00e4 ovat markkinoiden terveellisimm\u00e4t herkut. Kuten kaikki muutkin Frigera-pehme\u00e4t herkut, n\u00e4m\u00e4 ovat k\u00e4tev\u00e4n kokoisia ja k\u00e4yt\u00e4nn\u00f6llisess\u00e4 pakkauksessa. Koostumus: liha ja el\u00e4inper\u00e4iset tuotteet (85,00 % lihapitoisuus, josta 19,50 % kalajauhoa), kasviper\u00e4iset tuotteet, \u00f6ljyt ja rasvat, kivenn\u00e4isaineet Analyyttinen koostumus: raakaproteiini 47 %, raakarasva 9,1 %, raakatuhka 13,5 %, raakakuitu 2,4 %, kosteus 21 % Ruokintaohje: Tarjoa Frigera-herkkuja aterioiden v\u00e4lill\u00e4 palkkiona tai herkkuna osana tasapainoista ruokavaliota. Valvo koiraasi aina ruokinnan aikana. Varmista, ett\u00e4 raikasta juomavett\u00e4 on aina saatavilla. Ei ihmisravinnoksi.\" \/>\n<meta property=\"og:url\" content=\"https:\/\/miumjau.ee\/fi\/tuote\/frigera-puolikosteat-ja-runsaslihaiset-herkut-lohella-165-g\/\" \/>\n<meta property=\"og:site_name\" content=\"MiuMjau\" \/>\n<meta property=\"article:publisher\" content=\"https:\/\/www.facebook.com\/miumjaupood\/\" \/>\n<meta property=\"article:modified_time\" content=\"2026-01-07T20:41:57+00:00\" \/>\n<meta property=\"og:image\" content=\"https:\/\/miumjau.ee\/wp-content\/uploads\/2025\/05\/frigera-poolniisked-pehmed-maiused-gluteenivaba-korge-lihasisaldusega-lohe-165g-1-Photoroom.jpg\" \/>\n\t<meta property=\"og:image:width\" content=\"600\" \/>\n\t<meta property=\"og:image:height\" content=\"800\" \/>\n\t<meta property=\"og:image:type\" content=\"image\/jpeg\" \/>\n<meta name=\"twitter:card\" content=\"summary_large_image\" \/>\n<script type=\"application\/ld+json\" class=\"yoast-schema-graph\">{\"@context\":\"https:\/\/schema.org\",\"@graph\":[{\"@type\":\"WebPage\",\"@id\":\"https:\/\/miumjau.ee\/fi\/tuote\/frigera-puolikosteat-ja-runsaslihaiset-herkut-lohella-165-g\/\",\"url\":\"https:\/\/miumjau.ee\/fi\/tuote\/frigera-puolikosteat-ja-runsaslihaiset-herkut-lohella-165-g\/\",\"name\":\"Frigera puolikosteat ja runsaslihaiset herkut lohella 165 g - MiuMjau\",\"isPartOf\":{\"@id\":\"https:\/\/miumjau.ee\/#website\"},\"primaryImageOfPage\":{\"@id\":\"https:\/\/miumjau.ee\/fi\/tuote\/frigera-puolikosteat-ja-runsaslihaiset-herkut-lohella-165-g\/#primaryimage\"},\"image\":{\"@id\":\"https:\/\/miumjau.ee\/fi\/tuote\/frigera-puolikosteat-ja-runsaslihaiset-herkut-lohella-165-g\/#primaryimage\"},\"thumbnailUrl\":\"https:\/\/miumjau.ee\/wp-content\/uploads\/2025\/05\/frigera-poolniisked-pehmed-maiused-gluteenivaba-korge-lihasisaldusega-lohe-165g-1-Photoroom.jpg\",\"datePublished\":\"2025-05-15T21:06:56+00:00\",\"dateModified\":\"2026-01-07T20:41:57+00:00\",\"breadcrumb\":{\"@id\":\"https:\/\/miumjau.ee\/fi\/tuote\/frigera-puolikosteat-ja-runsaslihaiset-herkut-lohella-165-g\/#breadcrumb\"},\"inLanguage\":\"fi\",\"potentialAction\":[{\"@type\":\"ReadAction\",\"target\":[\"https:\/\/miumjau.ee\/fi\/tuote\/frigera-puolikosteat-ja-runsaslihaiset-herkut-lohella-165-g\/\"]}]},{\"@type\":\"ImageObject\",\"inLanguage\":\"fi\",\"@id\":\"https:\/\/miumjau.ee\/fi\/tuote\/frigera-puolikosteat-ja-runsaslihaiset-herkut-lohella-165-g\/#primaryimage\",\"url\":\"https:\/\/miumjau.ee\/wp-content\/uploads\/2025\/05\/frigera-poolniisked-pehmed-maiused-gluteenivaba-korge-lihasisaldusega-lohe-165g-1-Photoroom.jpg\",\"contentUrl\":\"https:\/\/miumjau.ee\/wp-content\/uploads\/2025\/05\/frigera-poolniisked-pehmed-maiused-gluteenivaba-korge-lihasisaldusega-lohe-165g-1-Photoroom.jpg\",\"width\":600,\"height\":800,\"caption\":\"Frigera poolniisked ja liharohked maiused l\u00f5hega 165 g\"},{\"@type\":\"BreadcrumbList\",\"@id\":\"https:\/\/miumjau.ee\/fi\/tuote\/frigera-puolikosteat-ja-runsaslihaiset-herkut-lohella-165-g\/#breadcrumb\",\"itemListElement\":[{\"@type\":\"ListItem\",\"position\":1,\"name\":\"Home\",\"item\":\"https:\/\/miumjau.ee\/fi\/\"},{\"@type\":\"ListItem\",\"position\":2,\"name\":\"Kauppa\",\"item\":\"https:\/\/miumjau.ee\/fi\/kauppa\/\"},{\"@type\":\"ListItem\",\"position\":3,\"name\":\"Frigera puolikosteat ja runsaslihaiset herkut lohella 165 g\"}]},{\"@type\":\"WebSite\",\"@id\":\"https:\/\/miumjau.ee\/#website\",\"url\":\"https:\/\/miumjau.ee\/\",\"name\":\"MiuMjau\",\"description\":\"Kraapimispuud kassidele\",\"publisher\":{\"@id\":\"https:\/\/miumjau.ee\/#organization\"},\"potentialAction\":[{\"@type\":\"SearchAction\",\"target\":{\"@type\":\"EntryPoint\",\"urlTemplate\":\"https:\/\/miumjau.ee\/?s={search_term_string}\"},\"query-input\":{\"@type\":\"PropertyValueSpecification\",\"valueRequired\":true,\"valueName\":\"search_term_string\"}}],\"inLanguage\":\"fi\"},{\"@type\":\"Organization\",\"@id\":\"https:\/\/miumjau.ee\/#organization\",\"name\":\"MiuMjau O\u00dc\",\"url\":\"https:\/\/miumjau.ee\/\",\"logo\":{\"@type\":\"ImageObject\",\"inLanguage\":\"fi\",\"@id\":\"https:\/\/miumjau.ee\/#\/schema\/logo\/image\/\",\"url\":\"https:\/\/miumjau.ee\/wp-content\/uploads\/2022\/04\/MiuMjau-logo-kollane.png\",\"contentUrl\":\"https:\/\/miumjau.ee\/wp-content\/uploads\/2022\/04\/MiuMjau-logo-kollane.png\",\"width\":219,\"height\":100,\"caption\":\"MiuMjau O\u00dc\"},\"image\":{\"@id\":\"https:\/\/miumjau.ee\/#\/schema\/logo\/image\/\"},\"sameAs\":[\"https:\/\/www.facebook.com\/miumjaupood\/\"]}]}<\/script>\n<!-- \/ Yoast SEO plugin. -->","yoast_head_json":{"title":"Frigera puolikosteat ja runsaslihaiset herkut lohella 165 g - MiuMjau","robots":{"index":"index","follow":"follow","max-snippet":"max-snippet:-1","max-image-preview":"max-image-preview:large","max-video-preview":"max-video-preview:-1"},"canonical":"https:\/\/miumjau.ee\/fi\/tuote\/frigera-puolikosteat-ja-runsaslihaiset-herkut-lohella-165-g\/","og_locale":"fi_FI","og_type":"article","og_title":"Frigera puolikosteat ja runsaslihaiset herkut lohella 165 g - MiuMjau","og_description":"Frigera-puolikosteiden herkkujen sarjan todelliset huipputuotteet! Gluteenittomia ja eritt\u00e4in korkean lihapitoisuuden omaavia \u2013 per\u00e4ti 85 %! Jopa herkimm\u00e4t koirat eiv\u00e4t pysty vastustamaan niit\u00e4. Valmistettu vain parhaista saatavilla olevista raaka-aineista, ilman s\u00e4il\u00f6nt\u00e4aineita ja keinotekoisia v\u00e4riaineita \u2013 kyseess\u00e4 ovat markkinoiden terveellisimm\u00e4t herkut. Kuten kaikki muutkin Frigera-pehme\u00e4t herkut, n\u00e4m\u00e4 ovat k\u00e4tev\u00e4n kokoisia ja k\u00e4yt\u00e4nn\u00f6llisess\u00e4 pakkauksessa. Koostumus: liha ja el\u00e4inper\u00e4iset tuotteet (85,00 % lihapitoisuus, josta 19,50 % kalajauhoa), kasviper\u00e4iset tuotteet, \u00f6ljyt ja rasvat, kivenn\u00e4isaineet Analyyttinen koostumus: raakaproteiini 47 %, raakarasva 9,1 %, raakatuhka 13,5 %, raakakuitu 2,4 %, kosteus 21 % Ruokintaohje: Tarjoa Frigera-herkkuja aterioiden v\u00e4lill\u00e4 palkkiona tai herkkuna osana tasapainoista ruokavaliota. Valvo koiraasi aina ruokinnan aikana. Varmista, ett\u00e4 raikasta juomavett\u00e4 on aina saatavilla. Ei ihmisravinnoksi.","og_url":"https:\/\/miumjau.ee\/fi\/tuote\/frigera-puolikosteat-ja-runsaslihaiset-herkut-lohella-165-g\/","og_site_name":"MiuMjau","article_publisher":"https:\/\/www.facebook.com\/miumjaupood\/","article_modified_time":"2026-01-07T20:41:57+00:00","og_image":[{"width":600,"height":800,"url":"https:\/\/miumjau.ee\/wp-content\/uploads\/2025\/05\/frigera-poolniisked-pehmed-maiused-gluteenivaba-korge-lihasisaldusega-lohe-165g-1-Photoroom.jpg","type":"image\/jpeg"}],"twitter_card":"summary_large_image","schema":{"@context":"https:\/\/schema.org","@graph":[{"@type":"WebPage","@id":"https:\/\/miumjau.ee\/fi\/tuote\/frigera-puolikosteat-ja-runsaslihaiset-herkut-lohella-165-g\/","url":"https:\/\/miumjau.ee\/fi\/tuote\/frigera-puolikosteat-ja-runsaslihaiset-herkut-lohella-165-g\/","name":"Frigera puolikosteat ja runsaslihaiset herkut lohella 165 g - MiuMjau","isPartOf":{"@id":"https:\/\/miumjau.ee\/#website"},"primaryImageOfPage":{"@id":"https:\/\/miumjau.ee\/fi\/tuote\/frigera-puolikosteat-ja-runsaslihaiset-herkut-lohella-165-g\/#primaryimage"},"image":{"@id":"https:\/\/miumjau.ee\/fi\/tuote\/frigera-puolikosteat-ja-runsaslihaiset-herkut-lohella-165-g\/#primaryimage"},"thumbnailUrl":"https:\/\/miumjau.ee\/wp-content\/uploads\/2025\/05\/frigera-poolniisked-pehmed-maiused-gluteenivaba-korge-lihasisaldusega-lohe-165g-1-Photoroom.jpg","datePublished":"2025-05-15T21:06:56+00:00","dateModified":"2026-01-07T20:41:57+00:00","breadcrumb":{"@id":"https:\/\/miumjau.ee\/fi\/tuote\/frigera-puolikosteat-ja-runsaslihaiset-herkut-lohella-165-g\/#breadcrumb"},"inLanguage":"fi","potentialAction":[{"@type":"ReadAction","target":["https:\/\/miumjau.ee\/fi\/tuote\/frigera-puolikosteat-ja-runsaslihaiset-herkut-lohella-165-g\/"]}]},{"@type":"ImageObject","inLanguage":"fi","@id":"https:\/\/miumjau.ee\/fi\/tuote\/frigera-puolikosteat-ja-runsaslihaiset-herkut-lohella-165-g\/#primaryimage","url":"https:\/\/miumjau.ee\/wp-content\/uploads\/2025\/05\/frigera-poolniisked-pehmed-maiused-gluteenivaba-korge-lihasisaldusega-lohe-165g-1-Photoroom.jpg","contentUrl":"https:\/\/miumjau.ee\/wp-content\/uploads\/2025\/05\/frigera-poolniisked-pehmed-maiused-gluteenivaba-korge-lihasisaldusega-lohe-165g-1-Photoroom.jpg","width":600,"height":800,"caption":"Frigera poolniisked ja liharohked maiused l\u00f5hega 165 g"},{"@type":"BreadcrumbList","@id":"https:\/\/miumjau.ee\/fi\/tuote\/frigera-puolikosteat-ja-runsaslihaiset-herkut-lohella-165-g\/#breadcrumb","itemListElement":[{"@type":"ListItem","position":1,"name":"Home","item":"https:\/\/miumjau.ee\/fi\/"},{"@type":"ListItem","position":2,"name":"Kauppa","item":"https:\/\/miumjau.ee\/fi\/kauppa\/"},{"@type":"ListItem","position":3,"name":"Frigera puolikosteat ja runsaslihaiset herkut lohella 165 g"}]},{"@type":"WebSite","@id":"https:\/\/miumjau.ee\/#website","url":"https:\/\/miumjau.ee\/","name":"MiuMjau","description":"Kraapimispuud kassidele","publisher":{"@id":"https:\/\/miumjau.ee\/#organization"},"potentialAction":[{"@type":"SearchAction","target":{"@type":"EntryPoint","urlTemplate":"https:\/\/miumjau.ee\/?s={search_term_string}"},"query-input":{"@type":"PropertyValueSpecification","valueRequired":true,"valueName":"search_term_string"}}],"inLanguage":"fi"},{"@type":"Organization","@id":"https:\/\/miumjau.ee\/#organization","name":"MiuMjau O\u00dc","url":"https:\/\/miumjau.ee\/","logo":{"@type":"ImageObject","inLanguage":"fi","@id":"https:\/\/miumjau.ee\/#\/schema\/logo\/image\/","url":"https:\/\/miumjau.ee\/wp-content\/uploads\/2022\/04\/MiuMjau-logo-kollane.png","contentUrl":"https:\/\/miumjau.ee\/wp-content\/uploads\/2022\/04\/MiuMjau-logo-kollane.png","width":219,"height":100,"caption":"MiuMjau O\u00dc"},"image":{"@id":"https:\/\/miumjau.ee\/#\/schema\/logo\/image\/"},"sameAs":["https:\/\/www.facebook.com\/miumjaupood\/"]}]}},"_links":{"self":[{"href":"https:\/\/miumjau.ee\/fi\/wp-json\/wp\/v2\/product\/50796","targetHints":{"allow":["GET"]}}],"collection":[{"href":"https:\/\/miumjau.ee\/fi\/wp-json\/wp\/v2\/product"}],"about":[{"href":"https:\/\/miumjau.ee\/fi\/wp-json\/wp\/v2\/types\/product"}],"wp:featuredmedia":[{"embeddable":true,"href":"https:\/\/miumjau.ee\/fi\/wp-json\/wp\/v2\/media\/40921"}],"wp:attachment":[{"href":"https:\/\/miumjau.ee\/fi\/wp-json\/wp\/v2\/media?parent=50796"}],"wp:term":[{"taxonomy":"product_brand","embeddable":true,"href":"https:\/\/miumjau.ee\/fi\/wp-json\/wp\/v2\/product_brand?post=50796"},{"taxonomy":"product_cat","embeddable":true,"href":"https:\/\/miumjau.ee\/fi\/wp-json\/wp\/v2\/product_cat?post=50796"},{"taxonomy":"product_tag","embeddable":true,"href":"https:\/\/miumjau.ee\/fi\/wp-json\/wp\/v2\/product_tag?post=50796"}],"curies":[{"name":"wp","href":"https:\/\/api.w.org\/{rel}","templated":true}]}}