{"id":50049,"date":"2025-04-22T13:34:53","date_gmt":"2025-04-22T10:34:53","guid":{"rendered":"https:\/\/miumjau.ee\/toode\/dogfest-kalkkunalihasta-valmistetut-medaljongit-pienille-koirille-55-g\/"},"modified":"2026-01-07T22:42:05","modified_gmt":"2026-01-07T20:42:05","slug":"dogfest-kalkkunalihasta-valmistetut-medaljongit-pienille-koirille-55-g","status":"publish","type":"product","link":"https:\/\/miumjau.ee\/fi\/tuote\/dogfest-kalkkunalihasta-valmistetut-medaljongit-pienille-koirille-55-g\/","title":{"rendered":"DogFest kalkkunalihasta valmistetut medaljongit pienille koirille 55 g"},"content":{"rendered":"","protected":false},"excerpt":{"rendered":"<p>Herkulliset, miedot kalkkunalihamedaljongit \u2013 erinomainen palkinto lemmikillesi. Herkkumme tunnetaan sen miedosta vaikutuksesta koirien vatsalle. T\u00e4m\u00e4 herkku kannattaa aina ottaa mukaan karvaisen yst\u00e4v\u00e4si kanssa k\u00e4velylle.<\/p>\n<p><strong>Ainesosat:<\/strong> kalkkunaliha 80,3 %, kasvisper\u00e4iset sivutuotteet, mineraalit.<br \/>\n<strong>Analysoidut ainesosat:<\/strong> raakavalku 32 %, rasva 8,5 %, raakakuitu 0,2 %, raakatuhkka 4 %, kosteus 21 %.<br \/>\n<strong>K\u00e4ytt\u00f6:<\/strong> Tarjoa herkkupalana p\u00e4iv\u00e4n aikana. Maksimi p\u00e4ivitt\u00e4inen m\u00e4\u00e4r\u00e4: 1\u20132 kpl. M\u00e4\u00e4r\u00e4\u00e4 voidaan s\u00e4\u00e4t\u00e4\u00e4 koiran tarpeiden ja kunnon mukaan. Tuoretta juomavett\u00e4 on oltava aina saatavilla. \u00c4l\u00e4 j\u00e4t\u00e4 koiraa ilman valvontaa pureskelun aikana tai yksin herkkupakkauksen kanssa. Pakkauksessa oleva happiabsorboija ei ole sy\u00f6t\u00e4v\u00e4. S\u00e4ilyt\u00e4 kuivassa ja viile\u00e4ss\u00e4; avaamisen j\u00e4lkeen pid\u00e4 j\u00e4\u00e4kaapissa.<\/p>\n","protected":false},"featured_media":33027,"template":"","meta":[],"product_brand":[],"product_cat":[480],"product_tag":[],"class_list":{"0":"post-50049","1":"product","2":"type-product","3":"status-publish","4":"has-post-thumbnail","6":"product_cat-herkut-koirille","8":"first","9":"instock","10":"sale","11":"taxable","12":"shipping-taxable","13":"purchasable","14":"product-type-simple"},"yoast_head":"<!-- This site is optimized with the Yoast SEO plugin v27.2 - https:\/\/yoast.com\/product\/yoast-seo-wordpress\/ -->\n<title>DogFest kalkkunalihasta valmistetut medaljongit pienille koirille 55 g - MiuMjau<\/title>\n<meta name=\"description\" content=\"DogFest-br\u00e4ndi valikoimasta l\u00f6yd\u00e4t herkullisia herkkuja sek\u00e4 kissoille ett\u00e4 koirille. Tule kokeilemaan erilaisia vaihtoehtoja ja l\u00f6yd\u00e4 oma lemmikkisi suosikki!\" \/>\n<meta name=\"robots\" content=\"index, follow, max-snippet:-1, max-image-preview:large, max-video-preview:-1\" \/>\n<link rel=\"canonical\" href=\"https:\/\/miumjau.ee\/fi\/tuote\/dogfest-kalkkunalihasta-valmistetut-medaljongit-pienille-koirille-55-g\/\" \/>\n<meta property=\"og:locale\" content=\"fi_FI\" \/>\n<meta property=\"og:type\" content=\"article\" \/>\n<meta property=\"og:title\" content=\"DogFest kalkkunalihasta valmistetut medaljongit pienille koirille 55 g - MiuMjau\" \/>\n<meta property=\"og:description\" content=\"DogFest-br\u00e4ndi valikoimasta l\u00f6yd\u00e4t herkullisia herkkuja sek\u00e4 kissoille ett\u00e4 koirille. Tule kokeilemaan erilaisia vaihtoehtoja ja l\u00f6yd\u00e4 oma lemmikkisi suosikki!\" \/>\n<meta property=\"og:url\" content=\"https:\/\/miumjau.ee\/fi\/tuote\/dogfest-kalkkunalihasta-valmistetut-medaljongit-pienille-koirille-55-g\/\" \/>\n<meta property=\"og:site_name\" content=\"MiuMjau\" \/>\n<meta property=\"article:publisher\" content=\"https:\/\/www.facebook.com\/miumjaupood\/\" \/>\n<meta property=\"article:modified_time\" content=\"2026-01-07T20:42:05+00:00\" \/>\n<meta property=\"og:image\" content=\"https:\/\/miumjau.ee\/wp-content\/uploads\/2025\/04\/dofest-maiused-koertele52.webp\" \/>\n\t<meta property=\"og:image:width\" content=\"600\" \/>\n\t<meta property=\"og:image:height\" content=\"800\" \/>\n\t<meta property=\"og:image:type\" content=\"image\/webp\" \/>\n<meta name=\"twitter:card\" content=\"summary_large_image\" \/>\n<script type=\"application\/ld+json\" class=\"yoast-schema-graph\">{\"@context\":\"https:\/\/schema.org\",\"@graph\":[{\"@type\":\"WebPage\",\"@id\":\"https:\/\/miumjau.ee\/fi\/tuote\/dogfest-kalkkunalihasta-valmistetut-medaljongit-pienille-koirille-55-g\/\",\"url\":\"https:\/\/miumjau.ee\/fi\/tuote\/dogfest-kalkkunalihasta-valmistetut-medaljongit-pienille-koirille-55-g\/\",\"name\":\"DogFest kalkkunalihasta valmistetut medaljongit pienille koirille 55 g - MiuMjau\",\"isPartOf\":{\"@id\":\"https:\/\/miumjau.ee\/#website\"},\"primaryImageOfPage\":{\"@id\":\"https:\/\/miumjau.ee\/fi\/tuote\/dogfest-kalkkunalihasta-valmistetut-medaljongit-pienille-koirille-55-g\/#primaryimage\"},\"image\":{\"@id\":\"https:\/\/miumjau.ee\/fi\/tuote\/dogfest-kalkkunalihasta-valmistetut-medaljongit-pienille-koirille-55-g\/#primaryimage\"},\"thumbnailUrl\":\"https:\/\/miumjau.ee\/wp-content\/uploads\/2025\/04\/dofest-maiused-koertele52.webp\",\"datePublished\":\"2025-04-22T10:34:53+00:00\",\"dateModified\":\"2026-01-07T20:42:05+00:00\",\"description\":\"DogFest-br\u00e4ndi valikoimasta l\u00f6yd\u00e4t herkullisia herkkuja sek\u00e4 kissoille ett\u00e4 koirille. Tule kokeilemaan erilaisia vaihtoehtoja ja l\u00f6yd\u00e4 oma lemmikkisi suosikki!\",\"breadcrumb\":{\"@id\":\"https:\/\/miumjau.ee\/fi\/tuote\/dogfest-kalkkunalihasta-valmistetut-medaljongit-pienille-koirille-55-g\/#breadcrumb\"},\"inLanguage\":\"fi\",\"potentialAction\":[{\"@type\":\"ReadAction\",\"target\":[\"https:\/\/miumjau.ee\/fi\/tuote\/dogfest-kalkkunalihasta-valmistetut-medaljongit-pienille-koirille-55-g\/\"]}]},{\"@type\":\"ImageObject\",\"inLanguage\":\"fi\",\"@id\":\"https:\/\/miumjau.ee\/fi\/tuote\/dogfest-kalkkunalihasta-valmistetut-medaljongit-pienille-koirille-55-g\/#primaryimage\",\"url\":\"https:\/\/miumjau.ee\/wp-content\/uploads\/2025\/04\/dofest-maiused-koertele52.webp\",\"contentUrl\":\"https:\/\/miumjau.ee\/wp-content\/uploads\/2025\/04\/dofest-maiused-koertele52.webp\",\"width\":600,\"height\":800,\"caption\":\"Dogfest maiused koertele\"},{\"@type\":\"BreadcrumbList\",\"@id\":\"https:\/\/miumjau.ee\/fi\/tuote\/dogfest-kalkkunalihasta-valmistetut-medaljongit-pienille-koirille-55-g\/#breadcrumb\",\"itemListElement\":[{\"@type\":\"ListItem\",\"position\":1,\"name\":\"Home\",\"item\":\"https:\/\/miumjau.ee\/fi\/\"},{\"@type\":\"ListItem\",\"position\":2,\"name\":\"Kauppa\",\"item\":\"https:\/\/miumjau.ee\/fi\/kauppa\/\"},{\"@type\":\"ListItem\",\"position\":3,\"name\":\"DogFest kalkkunalihasta valmistetut medaljongit pienille koirille 55 g\"}]},{\"@type\":\"WebSite\",\"@id\":\"https:\/\/miumjau.ee\/#website\",\"url\":\"https:\/\/miumjau.ee\/\",\"name\":\"MiuMjau\",\"description\":\"Kraapimispuud kassidele\",\"publisher\":{\"@id\":\"https:\/\/miumjau.ee\/#organization\"},\"potentialAction\":[{\"@type\":\"SearchAction\",\"target\":{\"@type\":\"EntryPoint\",\"urlTemplate\":\"https:\/\/miumjau.ee\/?s={search_term_string}\"},\"query-input\":{\"@type\":\"PropertyValueSpecification\",\"valueRequired\":true,\"valueName\":\"search_term_string\"}}],\"inLanguage\":\"fi\"},{\"@type\":\"Organization\",\"@id\":\"https:\/\/miumjau.ee\/#organization\",\"name\":\"MiuMjau O\u00dc\",\"url\":\"https:\/\/miumjau.ee\/\",\"logo\":{\"@type\":\"ImageObject\",\"inLanguage\":\"fi\",\"@id\":\"https:\/\/miumjau.ee\/#\/schema\/logo\/image\/\",\"url\":\"https:\/\/miumjau.ee\/wp-content\/uploads\/2022\/04\/MiuMjau-logo-kollane.png\",\"contentUrl\":\"https:\/\/miumjau.ee\/wp-content\/uploads\/2022\/04\/MiuMjau-logo-kollane.png\",\"width\":219,\"height\":100,\"caption\":\"MiuMjau O\u00dc\"},\"image\":{\"@id\":\"https:\/\/miumjau.ee\/#\/schema\/logo\/image\/\"},\"sameAs\":[\"https:\/\/www.facebook.com\/miumjaupood\/\"]}]}<\/script>\n<!-- \/ Yoast SEO plugin. -->","yoast_head_json":{"title":"DogFest kalkkunalihasta valmistetut medaljongit pienille koirille 55 g - MiuMjau","description":"DogFest-br\u00e4ndi valikoimasta l\u00f6yd\u00e4t herkullisia herkkuja sek\u00e4 kissoille ett\u00e4 koirille. Tule kokeilemaan erilaisia vaihtoehtoja ja l\u00f6yd\u00e4 oma lemmikkisi suosikki!","robots":{"index":"index","follow":"follow","max-snippet":"max-snippet:-1","max-image-preview":"max-image-preview:large","max-video-preview":"max-video-preview:-1"},"canonical":"https:\/\/miumjau.ee\/fi\/tuote\/dogfest-kalkkunalihasta-valmistetut-medaljongit-pienille-koirille-55-g\/","og_locale":"fi_FI","og_type":"article","og_title":"DogFest kalkkunalihasta valmistetut medaljongit pienille koirille 55 g - MiuMjau","og_description":"DogFest-br\u00e4ndi valikoimasta l\u00f6yd\u00e4t herkullisia herkkuja sek\u00e4 kissoille ett\u00e4 koirille. Tule kokeilemaan erilaisia vaihtoehtoja ja l\u00f6yd\u00e4 oma lemmikkisi suosikki!","og_url":"https:\/\/miumjau.ee\/fi\/tuote\/dogfest-kalkkunalihasta-valmistetut-medaljongit-pienille-koirille-55-g\/","og_site_name":"MiuMjau","article_publisher":"https:\/\/www.facebook.com\/miumjaupood\/","article_modified_time":"2026-01-07T20:42:05+00:00","og_image":[{"width":600,"height":800,"url":"https:\/\/miumjau.ee\/wp-content\/uploads\/2025\/04\/dofest-maiused-koertele52.webp","type":"image\/webp"}],"twitter_card":"summary_large_image","schema":{"@context":"https:\/\/schema.org","@graph":[{"@type":"WebPage","@id":"https:\/\/miumjau.ee\/fi\/tuote\/dogfest-kalkkunalihasta-valmistetut-medaljongit-pienille-koirille-55-g\/","url":"https:\/\/miumjau.ee\/fi\/tuote\/dogfest-kalkkunalihasta-valmistetut-medaljongit-pienille-koirille-55-g\/","name":"DogFest kalkkunalihasta valmistetut medaljongit pienille koirille 55 g - MiuMjau","isPartOf":{"@id":"https:\/\/miumjau.ee\/#website"},"primaryImageOfPage":{"@id":"https:\/\/miumjau.ee\/fi\/tuote\/dogfest-kalkkunalihasta-valmistetut-medaljongit-pienille-koirille-55-g\/#primaryimage"},"image":{"@id":"https:\/\/miumjau.ee\/fi\/tuote\/dogfest-kalkkunalihasta-valmistetut-medaljongit-pienille-koirille-55-g\/#primaryimage"},"thumbnailUrl":"https:\/\/miumjau.ee\/wp-content\/uploads\/2025\/04\/dofest-maiused-koertele52.webp","datePublished":"2025-04-22T10:34:53+00:00","dateModified":"2026-01-07T20:42:05+00:00","description":"DogFest-br\u00e4ndi valikoimasta l\u00f6yd\u00e4t herkullisia herkkuja sek\u00e4 kissoille ett\u00e4 koirille. Tule kokeilemaan erilaisia vaihtoehtoja ja l\u00f6yd\u00e4 oma lemmikkisi suosikki!","breadcrumb":{"@id":"https:\/\/miumjau.ee\/fi\/tuote\/dogfest-kalkkunalihasta-valmistetut-medaljongit-pienille-koirille-55-g\/#breadcrumb"},"inLanguage":"fi","potentialAction":[{"@type":"ReadAction","target":["https:\/\/miumjau.ee\/fi\/tuote\/dogfest-kalkkunalihasta-valmistetut-medaljongit-pienille-koirille-55-g\/"]}]},{"@type":"ImageObject","inLanguage":"fi","@id":"https:\/\/miumjau.ee\/fi\/tuote\/dogfest-kalkkunalihasta-valmistetut-medaljongit-pienille-koirille-55-g\/#primaryimage","url":"https:\/\/miumjau.ee\/wp-content\/uploads\/2025\/04\/dofest-maiused-koertele52.webp","contentUrl":"https:\/\/miumjau.ee\/wp-content\/uploads\/2025\/04\/dofest-maiused-koertele52.webp","width":600,"height":800,"caption":"Dogfest maiused koertele"},{"@type":"BreadcrumbList","@id":"https:\/\/miumjau.ee\/fi\/tuote\/dogfest-kalkkunalihasta-valmistetut-medaljongit-pienille-koirille-55-g\/#breadcrumb","itemListElement":[{"@type":"ListItem","position":1,"name":"Home","item":"https:\/\/miumjau.ee\/fi\/"},{"@type":"ListItem","position":2,"name":"Kauppa","item":"https:\/\/miumjau.ee\/fi\/kauppa\/"},{"@type":"ListItem","position":3,"name":"DogFest kalkkunalihasta valmistetut medaljongit pienille koirille 55 g"}]},{"@type":"WebSite","@id":"https:\/\/miumjau.ee\/#website","url":"https:\/\/miumjau.ee\/","name":"MiuMjau","description":"Kraapimispuud kassidele","publisher":{"@id":"https:\/\/miumjau.ee\/#organization"},"potentialAction":[{"@type":"SearchAction","target":{"@type":"EntryPoint","urlTemplate":"https:\/\/miumjau.ee\/?s={search_term_string}"},"query-input":{"@type":"PropertyValueSpecification","valueRequired":true,"valueName":"search_term_string"}}],"inLanguage":"fi"},{"@type":"Organization","@id":"https:\/\/miumjau.ee\/#organization","name":"MiuMjau O\u00dc","url":"https:\/\/miumjau.ee\/","logo":{"@type":"ImageObject","inLanguage":"fi","@id":"https:\/\/miumjau.ee\/#\/schema\/logo\/image\/","url":"https:\/\/miumjau.ee\/wp-content\/uploads\/2022\/04\/MiuMjau-logo-kollane.png","contentUrl":"https:\/\/miumjau.ee\/wp-content\/uploads\/2022\/04\/MiuMjau-logo-kollane.png","width":219,"height":100,"caption":"MiuMjau O\u00dc"},"image":{"@id":"https:\/\/miumjau.ee\/#\/schema\/logo\/image\/"},"sameAs":["https:\/\/www.facebook.com\/miumjaupood\/"]}]}},"_links":{"self":[{"href":"https:\/\/miumjau.ee\/fi\/wp-json\/wp\/v2\/product\/50049","targetHints":{"allow":["GET"]}}],"collection":[{"href":"https:\/\/miumjau.ee\/fi\/wp-json\/wp\/v2\/product"}],"about":[{"href":"https:\/\/miumjau.ee\/fi\/wp-json\/wp\/v2\/types\/product"}],"wp:featuredmedia":[{"embeddable":true,"href":"https:\/\/miumjau.ee\/fi\/wp-json\/wp\/v2\/media\/33027"}],"wp:attachment":[{"href":"https:\/\/miumjau.ee\/fi\/wp-json\/wp\/v2\/media?parent=50049"}],"wp:term":[{"taxonomy":"product_brand","embeddable":true,"href":"https:\/\/miumjau.ee\/fi\/wp-json\/wp\/v2\/product_brand?post=50049"},{"taxonomy":"product_cat","embeddable":true,"href":"https:\/\/miumjau.ee\/fi\/wp-json\/wp\/v2\/product_cat?post=50049"},{"taxonomy":"product_tag","embeddable":true,"href":"https:\/\/miumjau.ee\/fi\/wp-json\/wp\/v2\/product_tag?post=50049"}],"curies":[{"name":"wp","href":"https:\/\/api.w.org\/{rel}","templated":true}]}}