{"id":50047,"date":"2025-04-22T13:35:05","date_gmt":"2025-04-22T10:35:05","guid":{"rendered":"https:\/\/miumjau.ee\/toode\/dogfest-ankanlihamakarat-kaikille-koirille-45-g\/"},"modified":"2026-01-07T22:42:05","modified_gmt":"2026-01-07T20:42:05","slug":"dogfest-ankanlihamakarat-kaikille-koirille-45-g","status":"publish","type":"product","link":"https:\/\/miumjau.ee\/fi\/tuote\/dogfest-ankanlihamakarat-kaikille-koirille-45-g\/","title":{"rendered":"DogFest ankanlihamakarat kaikille koirille 45 g"},"content":{"rendered":"","protected":false},"excerpt":{"rendered":"<p>DogFestin pehme\u00e4t ja runsasmakuiset lihatikut ovat ihanteellinen herkku koiralle. Voit itse p\u00e4\u00e4tt\u00e4\u00e4, kuinka suuren palan annat palkinnoksi pennulle.<\/p>\n<p><strong>Ainesosat:<\/strong> ankka 77,3%, kasvisper\u00e4iset sivutuotteet, kivenn\u00e4isaineet.<br \/>\n<strong>Analyyttinen koostumus:<\/strong> raakavalkuainen 23%, raakarasva 3,5%, raakakuitu 0,2%, raakatuhka 4%, kosteus 23%.<br \/>\n<strong>K\u00e4ytt\u00f6:<\/strong> Tarjoa herkkuna p\u00e4iv\u00e4n aikana. Maksimip\u00e4iv\u00e4m\u00e4\u00e4r\u00e4: 1\u20132 kpl. M\u00e4\u00e4r\u00e4\u00e4 voi s\u00e4\u00e4t\u00e4\u00e4 koiran tarpeiden ja kunnon mukaan. V\u00e4rske vett\u00e4 tulee olla aina saatavilla. \u00c4l\u00e4 j\u00e4t\u00e4 koiraa ilman valvontaa purulelua sy\u00f6dess\u00e4 tai yksin herkkupaketin kanssa. Pakkauksessa oleva happisidos ei ole sy\u00f6t\u00e4v\u00e4. S\u00e4ilyt\u00e4 kuivassa ja viile\u00e4ss\u00e4; avaamisen j\u00e4lkeen s\u00e4ilyt\u00e4 j\u00e4\u00e4kaapissa.<\/p>\n","protected":false},"featured_media":33139,"template":"","meta":[],"product_brand":[],"product_cat":[480],"product_tag":[],"class_list":{"0":"post-50047","1":"product","2":"type-product","3":"status-publish","4":"has-post-thumbnail","6":"product_cat-herkut-koirille","8":"first","9":"instock","10":"taxable","11":"shipping-taxable","12":"purchasable","13":"product-type-simple"},"yoast_head":"<!-- This site is optimized with the Yoast SEO plugin v27.2 - https:\/\/yoast.com\/product\/yoast-seo-wordpress\/ -->\n<title>DogFest ankanlihamakarat kaikille koirille 45 g - MiuMjau<\/title>\n<meta name=\"description\" content=\"DogFest-br\u00e4ndi valikoimasta l\u00f6yd\u00e4t herkullisia herkkuja sek\u00e4 kissoille ett\u00e4 koirille. Tule kokeilemaan erilaisia vaihtoehtoja ja l\u00f6yd\u00e4 oma lemmikkisi suosikki!\" \/>\n<meta name=\"robots\" content=\"index, follow, max-snippet:-1, max-image-preview:large, max-video-preview:-1\" \/>\n<link rel=\"canonical\" href=\"https:\/\/miumjau.ee\/fi\/tuote\/dogfest-ankanlihamakarat-kaikille-koirille-45-g\/\" \/>\n<meta property=\"og:locale\" content=\"fi_FI\" \/>\n<meta property=\"og:type\" content=\"article\" \/>\n<meta property=\"og:title\" content=\"DogFest ankanlihamakarat kaikille koirille 45 g - MiuMjau\" \/>\n<meta property=\"og:description\" content=\"DogFest-br\u00e4ndi valikoimasta l\u00f6yd\u00e4t herkullisia herkkuja sek\u00e4 kissoille ett\u00e4 koirille. Tule kokeilemaan erilaisia vaihtoehtoja ja l\u00f6yd\u00e4 oma lemmikkisi suosikki!\" \/>\n<meta property=\"og:url\" content=\"https:\/\/miumjau.ee\/fi\/tuote\/dogfest-ankanlihamakarat-kaikille-koirille-45-g\/\" \/>\n<meta property=\"og:site_name\" content=\"MiuMjau\" \/>\n<meta property=\"article:publisher\" content=\"https:\/\/www.facebook.com\/miumjaupood\/\" \/>\n<meta property=\"article:modified_time\" content=\"2026-01-07T20:42:05+00:00\" \/>\n<meta property=\"og:image\" content=\"https:\/\/miumjau.ee\/wp-content\/uploads\/2025\/04\/dofest-maiused-koertele80.webp\" \/>\n\t<meta property=\"og:image:width\" content=\"600\" \/>\n\t<meta property=\"og:image:height\" content=\"800\" \/>\n\t<meta property=\"og:image:type\" content=\"image\/webp\" \/>\n<meta name=\"twitter:card\" content=\"summary_large_image\" \/>\n<script type=\"application\/ld+json\" class=\"yoast-schema-graph\">{\"@context\":\"https:\/\/schema.org\",\"@graph\":[{\"@type\":\"WebPage\",\"@id\":\"https:\/\/miumjau.ee\/fi\/tuote\/dogfest-ankanlihamakarat-kaikille-koirille-45-g\/\",\"url\":\"https:\/\/miumjau.ee\/fi\/tuote\/dogfest-ankanlihamakarat-kaikille-koirille-45-g\/\",\"name\":\"DogFest ankanlihamakarat kaikille koirille 45 g - MiuMjau\",\"isPartOf\":{\"@id\":\"https:\/\/miumjau.ee\/#website\"},\"primaryImageOfPage\":{\"@id\":\"https:\/\/miumjau.ee\/fi\/tuote\/dogfest-ankanlihamakarat-kaikille-koirille-45-g\/#primaryimage\"},\"image\":{\"@id\":\"https:\/\/miumjau.ee\/fi\/tuote\/dogfest-ankanlihamakarat-kaikille-koirille-45-g\/#primaryimage\"},\"thumbnailUrl\":\"https:\/\/miumjau.ee\/wp-content\/uploads\/2025\/04\/dofest-maiused-koertele80.webp\",\"datePublished\":\"2025-04-22T10:35:05+00:00\",\"dateModified\":\"2026-01-07T20:42:05+00:00\",\"description\":\"DogFest-br\u00e4ndi valikoimasta l\u00f6yd\u00e4t herkullisia herkkuja sek\u00e4 kissoille ett\u00e4 koirille. Tule kokeilemaan erilaisia vaihtoehtoja ja l\u00f6yd\u00e4 oma lemmikkisi suosikki!\",\"breadcrumb\":{\"@id\":\"https:\/\/miumjau.ee\/fi\/tuote\/dogfest-ankanlihamakarat-kaikille-koirille-45-g\/#breadcrumb\"},\"inLanguage\":\"fi\",\"potentialAction\":[{\"@type\":\"ReadAction\",\"target\":[\"https:\/\/miumjau.ee\/fi\/tuote\/dogfest-ankanlihamakarat-kaikille-koirille-45-g\/\"]}]},{\"@type\":\"ImageObject\",\"inLanguage\":\"fi\",\"@id\":\"https:\/\/miumjau.ee\/fi\/tuote\/dogfest-ankanlihamakarat-kaikille-koirille-45-g\/#primaryimage\",\"url\":\"https:\/\/miumjau.ee\/wp-content\/uploads\/2025\/04\/dofest-maiused-koertele80.webp\",\"contentUrl\":\"https:\/\/miumjau.ee\/wp-content\/uploads\/2025\/04\/dofest-maiused-koertele80.webp\",\"width\":600,\"height\":800,\"caption\":\"Dogfest maiused koertele\"},{\"@type\":\"BreadcrumbList\",\"@id\":\"https:\/\/miumjau.ee\/fi\/tuote\/dogfest-ankanlihamakarat-kaikille-koirille-45-g\/#breadcrumb\",\"itemListElement\":[{\"@type\":\"ListItem\",\"position\":1,\"name\":\"Home\",\"item\":\"https:\/\/miumjau.ee\/fi\/\"},{\"@type\":\"ListItem\",\"position\":2,\"name\":\"Kauppa\",\"item\":\"https:\/\/miumjau.ee\/fi\/kauppa\/\"},{\"@type\":\"ListItem\",\"position\":3,\"name\":\"DogFest ankanlihamakarat kaikille koirille 45 g\"}]},{\"@type\":\"WebSite\",\"@id\":\"https:\/\/miumjau.ee\/#website\",\"url\":\"https:\/\/miumjau.ee\/\",\"name\":\"MiuMjau\",\"description\":\"Kraapimispuud kassidele\",\"publisher\":{\"@id\":\"https:\/\/miumjau.ee\/#organization\"},\"potentialAction\":[{\"@type\":\"SearchAction\",\"target\":{\"@type\":\"EntryPoint\",\"urlTemplate\":\"https:\/\/miumjau.ee\/?s={search_term_string}\"},\"query-input\":{\"@type\":\"PropertyValueSpecification\",\"valueRequired\":true,\"valueName\":\"search_term_string\"}}],\"inLanguage\":\"fi\"},{\"@type\":\"Organization\",\"@id\":\"https:\/\/miumjau.ee\/#organization\",\"name\":\"MiuMjau O\u00dc\",\"url\":\"https:\/\/miumjau.ee\/\",\"logo\":{\"@type\":\"ImageObject\",\"inLanguage\":\"fi\",\"@id\":\"https:\/\/miumjau.ee\/#\/schema\/logo\/image\/\",\"url\":\"https:\/\/miumjau.ee\/wp-content\/uploads\/2022\/04\/MiuMjau-logo-kollane.png\",\"contentUrl\":\"https:\/\/miumjau.ee\/wp-content\/uploads\/2022\/04\/MiuMjau-logo-kollane.png\",\"width\":219,\"height\":100,\"caption\":\"MiuMjau O\u00dc\"},\"image\":{\"@id\":\"https:\/\/miumjau.ee\/#\/schema\/logo\/image\/\"},\"sameAs\":[\"https:\/\/www.facebook.com\/miumjaupood\/\"]}]}<\/script>\n<!-- \/ Yoast SEO plugin. -->","yoast_head_json":{"title":"DogFest ankanlihamakarat kaikille koirille 45 g - MiuMjau","description":"DogFest-br\u00e4ndi valikoimasta l\u00f6yd\u00e4t herkullisia herkkuja sek\u00e4 kissoille ett\u00e4 koirille. Tule kokeilemaan erilaisia vaihtoehtoja ja l\u00f6yd\u00e4 oma lemmikkisi suosikki!","robots":{"index":"index","follow":"follow","max-snippet":"max-snippet:-1","max-image-preview":"max-image-preview:large","max-video-preview":"max-video-preview:-1"},"canonical":"https:\/\/miumjau.ee\/fi\/tuote\/dogfest-ankanlihamakarat-kaikille-koirille-45-g\/","og_locale":"fi_FI","og_type":"article","og_title":"DogFest ankanlihamakarat kaikille koirille 45 g - MiuMjau","og_description":"DogFest-br\u00e4ndi valikoimasta l\u00f6yd\u00e4t herkullisia herkkuja sek\u00e4 kissoille ett\u00e4 koirille. Tule kokeilemaan erilaisia vaihtoehtoja ja l\u00f6yd\u00e4 oma lemmikkisi suosikki!","og_url":"https:\/\/miumjau.ee\/fi\/tuote\/dogfest-ankanlihamakarat-kaikille-koirille-45-g\/","og_site_name":"MiuMjau","article_publisher":"https:\/\/www.facebook.com\/miumjaupood\/","article_modified_time":"2026-01-07T20:42:05+00:00","og_image":[{"width":600,"height":800,"url":"https:\/\/miumjau.ee\/wp-content\/uploads\/2025\/04\/dofest-maiused-koertele80.webp","type":"image\/webp"}],"twitter_card":"summary_large_image","schema":{"@context":"https:\/\/schema.org","@graph":[{"@type":"WebPage","@id":"https:\/\/miumjau.ee\/fi\/tuote\/dogfest-ankanlihamakarat-kaikille-koirille-45-g\/","url":"https:\/\/miumjau.ee\/fi\/tuote\/dogfest-ankanlihamakarat-kaikille-koirille-45-g\/","name":"DogFest ankanlihamakarat kaikille koirille 45 g - MiuMjau","isPartOf":{"@id":"https:\/\/miumjau.ee\/#website"},"primaryImageOfPage":{"@id":"https:\/\/miumjau.ee\/fi\/tuote\/dogfest-ankanlihamakarat-kaikille-koirille-45-g\/#primaryimage"},"image":{"@id":"https:\/\/miumjau.ee\/fi\/tuote\/dogfest-ankanlihamakarat-kaikille-koirille-45-g\/#primaryimage"},"thumbnailUrl":"https:\/\/miumjau.ee\/wp-content\/uploads\/2025\/04\/dofest-maiused-koertele80.webp","datePublished":"2025-04-22T10:35:05+00:00","dateModified":"2026-01-07T20:42:05+00:00","description":"DogFest-br\u00e4ndi valikoimasta l\u00f6yd\u00e4t herkullisia herkkuja sek\u00e4 kissoille ett\u00e4 koirille. Tule kokeilemaan erilaisia vaihtoehtoja ja l\u00f6yd\u00e4 oma lemmikkisi suosikki!","breadcrumb":{"@id":"https:\/\/miumjau.ee\/fi\/tuote\/dogfest-ankanlihamakarat-kaikille-koirille-45-g\/#breadcrumb"},"inLanguage":"fi","potentialAction":[{"@type":"ReadAction","target":["https:\/\/miumjau.ee\/fi\/tuote\/dogfest-ankanlihamakarat-kaikille-koirille-45-g\/"]}]},{"@type":"ImageObject","inLanguage":"fi","@id":"https:\/\/miumjau.ee\/fi\/tuote\/dogfest-ankanlihamakarat-kaikille-koirille-45-g\/#primaryimage","url":"https:\/\/miumjau.ee\/wp-content\/uploads\/2025\/04\/dofest-maiused-koertele80.webp","contentUrl":"https:\/\/miumjau.ee\/wp-content\/uploads\/2025\/04\/dofest-maiused-koertele80.webp","width":600,"height":800,"caption":"Dogfest maiused koertele"},{"@type":"BreadcrumbList","@id":"https:\/\/miumjau.ee\/fi\/tuote\/dogfest-ankanlihamakarat-kaikille-koirille-45-g\/#breadcrumb","itemListElement":[{"@type":"ListItem","position":1,"name":"Home","item":"https:\/\/miumjau.ee\/fi\/"},{"@type":"ListItem","position":2,"name":"Kauppa","item":"https:\/\/miumjau.ee\/fi\/kauppa\/"},{"@type":"ListItem","position":3,"name":"DogFest ankanlihamakarat kaikille koirille 45 g"}]},{"@type":"WebSite","@id":"https:\/\/miumjau.ee\/#website","url":"https:\/\/miumjau.ee\/","name":"MiuMjau","description":"Kraapimispuud kassidele","publisher":{"@id":"https:\/\/miumjau.ee\/#organization"},"potentialAction":[{"@type":"SearchAction","target":{"@type":"EntryPoint","urlTemplate":"https:\/\/miumjau.ee\/?s={search_term_string}"},"query-input":{"@type":"PropertyValueSpecification","valueRequired":true,"valueName":"search_term_string"}}],"inLanguage":"fi"},{"@type":"Organization","@id":"https:\/\/miumjau.ee\/#organization","name":"MiuMjau O\u00dc","url":"https:\/\/miumjau.ee\/","logo":{"@type":"ImageObject","inLanguage":"fi","@id":"https:\/\/miumjau.ee\/#\/schema\/logo\/image\/","url":"https:\/\/miumjau.ee\/wp-content\/uploads\/2022\/04\/MiuMjau-logo-kollane.png","contentUrl":"https:\/\/miumjau.ee\/wp-content\/uploads\/2022\/04\/MiuMjau-logo-kollane.png","width":219,"height":100,"caption":"MiuMjau O\u00dc"},"image":{"@id":"https:\/\/miumjau.ee\/#\/schema\/logo\/image\/"},"sameAs":["https:\/\/www.facebook.com\/miumjaupood\/"]}]}},"_links":{"self":[{"href":"https:\/\/miumjau.ee\/fi\/wp-json\/wp\/v2\/product\/50047","targetHints":{"allow":["GET"]}}],"collection":[{"href":"https:\/\/miumjau.ee\/fi\/wp-json\/wp\/v2\/product"}],"about":[{"href":"https:\/\/miumjau.ee\/fi\/wp-json\/wp\/v2\/types\/product"}],"wp:featuredmedia":[{"embeddable":true,"href":"https:\/\/miumjau.ee\/fi\/wp-json\/wp\/v2\/media\/33139"}],"wp:attachment":[{"href":"https:\/\/miumjau.ee\/fi\/wp-json\/wp\/v2\/media?parent=50047"}],"wp:term":[{"taxonomy":"product_brand","embeddable":true,"href":"https:\/\/miumjau.ee\/fi\/wp-json\/wp\/v2\/product_brand?post=50047"},{"taxonomy":"product_cat","embeddable":true,"href":"https:\/\/miumjau.ee\/fi\/wp-json\/wp\/v2\/product_cat?post=50047"},{"taxonomy":"product_tag","embeddable":true,"href":"https:\/\/miumjau.ee\/fi\/wp-json\/wp\/v2\/product_tag?post=50047"}],"curies":[{"name":"wp","href":"https:\/\/api.w.org\/{rel}","templated":true}]}}