{"id":50034,"date":"2025-04-22T13:34:53","date_gmt":"2025-04-22T10:34:53","guid":{"rendered":"https:\/\/miumjau.ee\/toode\/dogfest-strutsiliha-medaljongit-kaikille-koirille-90-g\/"},"modified":"2026-01-07T22:42:18","modified_gmt":"2026-01-07T20:42:18","slug":"dogfest-strutsiliha-medaljongit-kaikille-koirille-90-g","status":"publish","type":"product","link":"https:\/\/miumjau.ee\/fi\/tuote\/dogfest-strutsiliha-medaljongit-kaikille-koirille-90-g\/","title":{"rendered":"DogFest strutsiliha-medaljongit kaikille koirille 90 g"},"content":{"rendered":"","protected":false},"excerpt":{"rendered":"<p>Anna koirallesi maistaa jotain uutta ja eksoottista. T\u00e4m\u00e4 fantastinen maku miellytt\u00e4\u00e4 h\u00e4nt\u00e4 varmasti. Strutsinlihasta valmistetut miedot medaljongit tulevat varmasti koiran suosioon.<\/p>\n<p>Ainesosat: ankka 50,3 %, strutsinliha 30 %, kasvikunnan sivutuotteet, mineraalit.<br \/>\nAnalyyttiset ainesosat: raakavalku 28 %, rasvat 11 %, raakakuitu 11 %, raakatuhka 5 %, kosteus 21 %.<\/p>\n<p>K\u00e4ytt\u00f6: Tarjoa herkkupalana p\u00e4iv\u00e4n aikana. Maksimi p\u00e4ivitt\u00e4inen m\u00e4\u00e4r\u00e4: 1\u20132 kpl. M\u00e4\u00e4r\u00e4\u00e4 voidaan s\u00e4\u00e4t\u00e4\u00e4 koiran tarpeiden ja kunnon mukaan. Tuoreen juomaveden tulee olla aina saatavilla. \u00c4l\u00e4 j\u00e4t\u00e4 koiraa valvomatta pureskelun aikana tai yksin herkkupussin kanssa. Pakkauksessa oleva hapenimij\u00e4 ei ole sy\u00f6t\u00e4v\u00e4. S\u00e4ilyt\u00e4 kuivassa ja viile\u00e4ss\u00e4; avaamisen j\u00e4lkeen s\u00e4ilyt\u00e4 j\u00e4\u00e4kaapissa.<\/p>\n","protected":false},"featured_media":33047,"template":"","meta":[],"product_brand":[],"product_cat":[480],"product_tag":[],"class_list":{"0":"post-50034","1":"product","2":"type-product","3":"status-publish","4":"has-post-thumbnail","6":"product_cat-herkut-koirille","8":"first","9":"instock","10":"taxable","11":"shipping-taxable","12":"purchasable","13":"product-type-simple"},"yoast_head":"<!-- This site is optimized with the Yoast SEO plugin v27.2 - https:\/\/yoast.com\/product\/yoast-seo-wordpress\/ -->\n<title>DogFest strutsiliha-medaljongit kaikille koirille 90 g - MiuMjau<\/title>\n<meta name=\"description\" content=\"Dogfest-herkut tuovat lemmikillesi paljon iloa! Laaja valikoima erilaisia \u200b\u200bherkkuja, jotta jokainen koira l\u00f6yt\u00e4\u00e4 suosikkinsa! Mik\u00e4 niist\u00e4 olisi se?\" \/>\n<meta name=\"robots\" content=\"index, follow, max-snippet:-1, max-image-preview:large, max-video-preview:-1\" \/>\n<link rel=\"canonical\" href=\"https:\/\/miumjau.ee\/fi\/tuote\/dogfest-strutsiliha-medaljongit-kaikille-koirille-90-g\/\" \/>\n<meta property=\"og:locale\" content=\"fi_FI\" \/>\n<meta property=\"og:type\" content=\"article\" \/>\n<meta property=\"og:title\" content=\"DogFest strutsiliha-medaljongit kaikille koirille 90 g - MiuMjau\" \/>\n<meta property=\"og:description\" content=\"Dogfest-herkut tuovat lemmikillesi paljon iloa! Laaja valikoima erilaisia \u200b\u200bherkkuja, jotta jokainen koira l\u00f6yt\u00e4\u00e4 suosikkinsa! Mik\u00e4 niist\u00e4 olisi se?\" \/>\n<meta property=\"og:url\" content=\"https:\/\/miumjau.ee\/fi\/tuote\/dogfest-strutsiliha-medaljongit-kaikille-koirille-90-g\/\" \/>\n<meta property=\"og:site_name\" content=\"MiuMjau\" \/>\n<meta property=\"article:publisher\" content=\"https:\/\/www.facebook.com\/miumjaupood\/\" \/>\n<meta property=\"article:modified_time\" content=\"2026-01-07T20:42:18+00:00\" \/>\n<meta property=\"og:image\" content=\"https:\/\/miumjau.ee\/wp-content\/uploads\/2025\/04\/dofest-maiused-koertele57.webp\" \/>\n\t<meta property=\"og:image:width\" content=\"600\" \/>\n\t<meta property=\"og:image:height\" content=\"800\" \/>\n\t<meta property=\"og:image:type\" content=\"image\/webp\" \/>\n<meta name=\"twitter:card\" content=\"summary_large_image\" \/>\n<script type=\"application\/ld+json\" class=\"yoast-schema-graph\">{\"@context\":\"https:\/\/schema.org\",\"@graph\":[{\"@type\":\"WebPage\",\"@id\":\"https:\/\/miumjau.ee\/fi\/tuote\/dogfest-strutsiliha-medaljongit-kaikille-koirille-90-g\/\",\"url\":\"https:\/\/miumjau.ee\/fi\/tuote\/dogfest-strutsiliha-medaljongit-kaikille-koirille-90-g\/\",\"name\":\"DogFest strutsiliha-medaljongit kaikille koirille 90 g - MiuMjau\",\"isPartOf\":{\"@id\":\"https:\/\/miumjau.ee\/#website\"},\"primaryImageOfPage\":{\"@id\":\"https:\/\/miumjau.ee\/fi\/tuote\/dogfest-strutsiliha-medaljongit-kaikille-koirille-90-g\/#primaryimage\"},\"image\":{\"@id\":\"https:\/\/miumjau.ee\/fi\/tuote\/dogfest-strutsiliha-medaljongit-kaikille-koirille-90-g\/#primaryimage\"},\"thumbnailUrl\":\"https:\/\/miumjau.ee\/wp-content\/uploads\/2025\/04\/dofest-maiused-koertele57.webp\",\"datePublished\":\"2025-04-22T10:34:53+00:00\",\"dateModified\":\"2026-01-07T20:42:18+00:00\",\"description\":\"Dogfest-herkut tuovat lemmikillesi paljon iloa! Laaja valikoima erilaisia \u200b\u200bherkkuja, jotta jokainen koira l\u00f6yt\u00e4\u00e4 suosikkinsa! Mik\u00e4 niist\u00e4 olisi se?\",\"breadcrumb\":{\"@id\":\"https:\/\/miumjau.ee\/fi\/tuote\/dogfest-strutsiliha-medaljongit-kaikille-koirille-90-g\/#breadcrumb\"},\"inLanguage\":\"fi\",\"potentialAction\":[{\"@type\":\"ReadAction\",\"target\":[\"https:\/\/miumjau.ee\/fi\/tuote\/dogfest-strutsiliha-medaljongit-kaikille-koirille-90-g\/\"]}]},{\"@type\":\"ImageObject\",\"inLanguage\":\"fi\",\"@id\":\"https:\/\/miumjau.ee\/fi\/tuote\/dogfest-strutsiliha-medaljongit-kaikille-koirille-90-g\/#primaryimage\",\"url\":\"https:\/\/miumjau.ee\/wp-content\/uploads\/2025\/04\/dofest-maiused-koertele57.webp\",\"contentUrl\":\"https:\/\/miumjau.ee\/wp-content\/uploads\/2025\/04\/dofest-maiused-koertele57.webp\",\"width\":600,\"height\":800,\"caption\":\"Dogfest maiused koertele\"},{\"@type\":\"BreadcrumbList\",\"@id\":\"https:\/\/miumjau.ee\/fi\/tuote\/dogfest-strutsiliha-medaljongit-kaikille-koirille-90-g\/#breadcrumb\",\"itemListElement\":[{\"@type\":\"ListItem\",\"position\":1,\"name\":\"Home\",\"item\":\"https:\/\/miumjau.ee\/fi\/\"},{\"@type\":\"ListItem\",\"position\":2,\"name\":\"Kauppa\",\"item\":\"https:\/\/miumjau.ee\/fi\/kauppa\/\"},{\"@type\":\"ListItem\",\"position\":3,\"name\":\"DogFest strutsiliha-medaljongit kaikille koirille 90 g\"}]},{\"@type\":\"WebSite\",\"@id\":\"https:\/\/miumjau.ee\/#website\",\"url\":\"https:\/\/miumjau.ee\/\",\"name\":\"MiuMjau\",\"description\":\"Kraapimispuud kassidele\",\"publisher\":{\"@id\":\"https:\/\/miumjau.ee\/#organization\"},\"potentialAction\":[{\"@type\":\"SearchAction\",\"target\":{\"@type\":\"EntryPoint\",\"urlTemplate\":\"https:\/\/miumjau.ee\/?s={search_term_string}\"},\"query-input\":{\"@type\":\"PropertyValueSpecification\",\"valueRequired\":true,\"valueName\":\"search_term_string\"}}],\"inLanguage\":\"fi\"},{\"@type\":\"Organization\",\"@id\":\"https:\/\/miumjau.ee\/#organization\",\"name\":\"MiuMjau O\u00dc\",\"url\":\"https:\/\/miumjau.ee\/\",\"logo\":{\"@type\":\"ImageObject\",\"inLanguage\":\"fi\",\"@id\":\"https:\/\/miumjau.ee\/#\/schema\/logo\/image\/\",\"url\":\"https:\/\/miumjau.ee\/wp-content\/uploads\/2022\/04\/MiuMjau-logo-kollane.png\",\"contentUrl\":\"https:\/\/miumjau.ee\/wp-content\/uploads\/2022\/04\/MiuMjau-logo-kollane.png\",\"width\":219,\"height\":100,\"caption\":\"MiuMjau O\u00dc\"},\"image\":{\"@id\":\"https:\/\/miumjau.ee\/#\/schema\/logo\/image\/\"},\"sameAs\":[\"https:\/\/www.facebook.com\/miumjaupood\/\"]}]}<\/script>\n<!-- \/ Yoast SEO plugin. -->","yoast_head_json":{"title":"DogFest strutsiliha-medaljongit kaikille koirille 90 g - MiuMjau","description":"Dogfest-herkut tuovat lemmikillesi paljon iloa! Laaja valikoima erilaisia \u200b\u200bherkkuja, jotta jokainen koira l\u00f6yt\u00e4\u00e4 suosikkinsa! Mik\u00e4 niist\u00e4 olisi se?","robots":{"index":"index","follow":"follow","max-snippet":"max-snippet:-1","max-image-preview":"max-image-preview:large","max-video-preview":"max-video-preview:-1"},"canonical":"https:\/\/miumjau.ee\/fi\/tuote\/dogfest-strutsiliha-medaljongit-kaikille-koirille-90-g\/","og_locale":"fi_FI","og_type":"article","og_title":"DogFest strutsiliha-medaljongit kaikille koirille 90 g - MiuMjau","og_description":"Dogfest-herkut tuovat lemmikillesi paljon iloa! Laaja valikoima erilaisia \u200b\u200bherkkuja, jotta jokainen koira l\u00f6yt\u00e4\u00e4 suosikkinsa! Mik\u00e4 niist\u00e4 olisi se?","og_url":"https:\/\/miumjau.ee\/fi\/tuote\/dogfest-strutsiliha-medaljongit-kaikille-koirille-90-g\/","og_site_name":"MiuMjau","article_publisher":"https:\/\/www.facebook.com\/miumjaupood\/","article_modified_time":"2026-01-07T20:42:18+00:00","og_image":[{"width":600,"height":800,"url":"https:\/\/miumjau.ee\/wp-content\/uploads\/2025\/04\/dofest-maiused-koertele57.webp","type":"image\/webp"}],"twitter_card":"summary_large_image","schema":{"@context":"https:\/\/schema.org","@graph":[{"@type":"WebPage","@id":"https:\/\/miumjau.ee\/fi\/tuote\/dogfest-strutsiliha-medaljongit-kaikille-koirille-90-g\/","url":"https:\/\/miumjau.ee\/fi\/tuote\/dogfest-strutsiliha-medaljongit-kaikille-koirille-90-g\/","name":"DogFest strutsiliha-medaljongit kaikille koirille 90 g - MiuMjau","isPartOf":{"@id":"https:\/\/miumjau.ee\/#website"},"primaryImageOfPage":{"@id":"https:\/\/miumjau.ee\/fi\/tuote\/dogfest-strutsiliha-medaljongit-kaikille-koirille-90-g\/#primaryimage"},"image":{"@id":"https:\/\/miumjau.ee\/fi\/tuote\/dogfest-strutsiliha-medaljongit-kaikille-koirille-90-g\/#primaryimage"},"thumbnailUrl":"https:\/\/miumjau.ee\/wp-content\/uploads\/2025\/04\/dofest-maiused-koertele57.webp","datePublished":"2025-04-22T10:34:53+00:00","dateModified":"2026-01-07T20:42:18+00:00","description":"Dogfest-herkut tuovat lemmikillesi paljon iloa! Laaja valikoima erilaisia \u200b\u200bherkkuja, jotta jokainen koira l\u00f6yt\u00e4\u00e4 suosikkinsa! Mik\u00e4 niist\u00e4 olisi se?","breadcrumb":{"@id":"https:\/\/miumjau.ee\/fi\/tuote\/dogfest-strutsiliha-medaljongit-kaikille-koirille-90-g\/#breadcrumb"},"inLanguage":"fi","potentialAction":[{"@type":"ReadAction","target":["https:\/\/miumjau.ee\/fi\/tuote\/dogfest-strutsiliha-medaljongit-kaikille-koirille-90-g\/"]}]},{"@type":"ImageObject","inLanguage":"fi","@id":"https:\/\/miumjau.ee\/fi\/tuote\/dogfest-strutsiliha-medaljongit-kaikille-koirille-90-g\/#primaryimage","url":"https:\/\/miumjau.ee\/wp-content\/uploads\/2025\/04\/dofest-maiused-koertele57.webp","contentUrl":"https:\/\/miumjau.ee\/wp-content\/uploads\/2025\/04\/dofest-maiused-koertele57.webp","width":600,"height":800,"caption":"Dogfest maiused koertele"},{"@type":"BreadcrumbList","@id":"https:\/\/miumjau.ee\/fi\/tuote\/dogfest-strutsiliha-medaljongit-kaikille-koirille-90-g\/#breadcrumb","itemListElement":[{"@type":"ListItem","position":1,"name":"Home","item":"https:\/\/miumjau.ee\/fi\/"},{"@type":"ListItem","position":2,"name":"Kauppa","item":"https:\/\/miumjau.ee\/fi\/kauppa\/"},{"@type":"ListItem","position":3,"name":"DogFest strutsiliha-medaljongit kaikille koirille 90 g"}]},{"@type":"WebSite","@id":"https:\/\/miumjau.ee\/#website","url":"https:\/\/miumjau.ee\/","name":"MiuMjau","description":"Kraapimispuud kassidele","publisher":{"@id":"https:\/\/miumjau.ee\/#organization"},"potentialAction":[{"@type":"SearchAction","target":{"@type":"EntryPoint","urlTemplate":"https:\/\/miumjau.ee\/?s={search_term_string}"},"query-input":{"@type":"PropertyValueSpecification","valueRequired":true,"valueName":"search_term_string"}}],"inLanguage":"fi"},{"@type":"Organization","@id":"https:\/\/miumjau.ee\/#organization","name":"MiuMjau O\u00dc","url":"https:\/\/miumjau.ee\/","logo":{"@type":"ImageObject","inLanguage":"fi","@id":"https:\/\/miumjau.ee\/#\/schema\/logo\/image\/","url":"https:\/\/miumjau.ee\/wp-content\/uploads\/2022\/04\/MiuMjau-logo-kollane.png","contentUrl":"https:\/\/miumjau.ee\/wp-content\/uploads\/2022\/04\/MiuMjau-logo-kollane.png","width":219,"height":100,"caption":"MiuMjau O\u00dc"},"image":{"@id":"https:\/\/miumjau.ee\/#\/schema\/logo\/image\/"},"sameAs":["https:\/\/www.facebook.com\/miumjaupood\/"]}]}},"_links":{"self":[{"href":"https:\/\/miumjau.ee\/fi\/wp-json\/wp\/v2\/product\/50034","targetHints":{"allow":["GET"]}}],"collection":[{"href":"https:\/\/miumjau.ee\/fi\/wp-json\/wp\/v2\/product"}],"about":[{"href":"https:\/\/miumjau.ee\/fi\/wp-json\/wp\/v2\/types\/product"}],"wp:featuredmedia":[{"embeddable":true,"href":"https:\/\/miumjau.ee\/fi\/wp-json\/wp\/v2\/media\/33047"}],"wp:attachment":[{"href":"https:\/\/miumjau.ee\/fi\/wp-json\/wp\/v2\/media?parent=50034"}],"wp:term":[{"taxonomy":"product_brand","embeddable":true,"href":"https:\/\/miumjau.ee\/fi\/wp-json\/wp\/v2\/product_brand?post=50034"},{"taxonomy":"product_cat","embeddable":true,"href":"https:\/\/miumjau.ee\/fi\/wp-json\/wp\/v2\/product_cat?post=50034"},{"taxonomy":"product_tag","embeddable":true,"href":"https:\/\/miumjau.ee\/fi\/wp-json\/wp\/v2\/product_tag?post=50034"}],"curies":[{"name":"wp","href":"https:\/\/api.w.org\/{rel}","templated":true}]}}