{"id":49951,"date":"2025-04-22T13:35:16","date_gmt":"2025-04-22T10:35:16","guid":{"rendered":"https:\/\/miumjau.ee\/toode\/dogfest-ankkanlihamitalit-aikuisille-koirille-90-g\/"},"modified":"2026-01-07T22:42:33","modified_gmt":"2026-01-07T20:42:33","slug":"dogfest-ankkanlihamitalit-aikuisille-koirille-90-g","status":"publish","type":"product","link":"https:\/\/miumjau.ee\/fi\/tuote\/dogfest-ankkanlihamitalit-aikuisille-koirille-90-g\/","title":{"rendered":"DogFest ankkanlihamitalit aikuisille koirille, 90 g"},"content":{"rendered":"","protected":false},"excerpt":{"rendered":"<p>Ankkalihamitalit \u2013 terveellinen dieettherkku koirille. Pehme koostumus ja k\u00e4tev\u00e4 herkkujen muoto tekev\u00e4t niist\u00e4 t\u00e4ydellisi\u00e4 palkintoja treeneiss\u00e4 tai yksinkertaisesti osoituksena rakkaudesta lemmikki\u00e4 kohtaan.<\/p>\n<p><strong>Koostumus:<\/strong> ankanfile 87,8 %, kasvipohjaiset sivutuotteet, mineraalit.<br \/>\n<strong>Analyyttiset aineosat:<\/strong> raakavalkuainen 43 %, rasvat 5 %, raakakuitu 1 %, raakatuhka 6 %, kosteus 16 %, energia-arvo 314 kcal.<br \/>\n<strong>K\u00e4ytt\u00f6ohje:<\/strong> Tarjoa herkkupalana p\u00e4iv\u00e4n aikana. Maksimim\u00e4\u00e4r\u00e4 p\u00e4iv\u00e4ss\u00e4: 1\u20132 kpl. S\u00e4\u00e4d\u00e4 m\u00e4\u00e4r\u00e4 koiran tarpeiden ja kunnon mukaan. Tuoretta juomavett\u00e4 tulee olla aina saatavilla. \u00c4l\u00e4 j\u00e4t\u00e4 koiraa valvomatta pureskelun aikana tai yksin herkkupakkauksen kanssa. Pakkauksessa oleva hapenpoistaja ei ole sy\u00f6t\u00e4v\u00e4. S\u00e4ilyt\u00e4 kuivassa ja viile\u00e4ss\u00e4, avaamisen j\u00e4lkeen s\u00e4ilyt\u00e4 j\u00e4\u00e4kaapissa.<\/p>\n","protected":false},"featured_media":33067,"template":"","meta":[],"product_brand":[],"product_cat":[480],"product_tag":[],"class_list":{"0":"post-49951","1":"product","2":"type-product","3":"status-publish","4":"has-post-thumbnail","6":"product_cat-herkut-koirille","8":"first","9":"instock","10":"taxable","11":"shipping-taxable","12":"purchasable","13":"product-type-simple"},"yoast_head":"<!-- This site is optimized with the Yoast SEO plugin v27.2 - https:\/\/yoast.com\/product\/yoast-seo-wordpress\/ -->\n<title>DogFest ankkanlihamitalit aikuisille koirille, 90 g - MiuMjau<\/title>\n<meta name=\"description\" content=\"Dogfest-br\u00e4ndi tarjoaa laajan valikoiman herkullisia v\u00e4lipaloja sek\u00e4 kissoille ett\u00e4 koirille. Tule kokeilemaan erilaisia ja l\u00f6yd\u00e4 oma suosikkisi!\" \/>\n<meta name=\"robots\" content=\"index, follow, max-snippet:-1, max-image-preview:large, max-video-preview:-1\" \/>\n<link rel=\"canonical\" href=\"https:\/\/miumjau.ee\/fi\/tuote\/dogfest-ankkanlihamitalit-aikuisille-koirille-90-g\/\" \/>\n<meta property=\"og:locale\" content=\"fi_FI\" \/>\n<meta property=\"og:type\" content=\"article\" \/>\n<meta property=\"og:title\" content=\"DogFest ankkanlihamitalit aikuisille koirille, 90 g - MiuMjau\" \/>\n<meta property=\"og:description\" content=\"Dogfest-br\u00e4ndi tarjoaa laajan valikoiman herkullisia v\u00e4lipaloja sek\u00e4 kissoille ett\u00e4 koirille. Tule kokeilemaan erilaisia ja l\u00f6yd\u00e4 oma suosikkisi!\" \/>\n<meta property=\"og:url\" content=\"https:\/\/miumjau.ee\/fi\/tuote\/dogfest-ankkanlihamitalit-aikuisille-koirille-90-g\/\" \/>\n<meta property=\"og:site_name\" content=\"MiuMjau\" \/>\n<meta property=\"article:publisher\" content=\"https:\/\/www.facebook.com\/miumjaupood\/\" \/>\n<meta property=\"article:modified_time\" content=\"2026-01-07T20:42:33+00:00\" \/>\n<meta property=\"og:image\" content=\"https:\/\/miumjau.ee\/wp-content\/uploads\/2025\/04\/dofest-maiused-koertele62.webp\" \/>\n\t<meta property=\"og:image:width\" content=\"600\" \/>\n\t<meta property=\"og:image:height\" content=\"800\" \/>\n\t<meta property=\"og:image:type\" content=\"image\/webp\" \/>\n<meta name=\"twitter:card\" content=\"summary_large_image\" \/>\n<script type=\"application\/ld+json\" class=\"yoast-schema-graph\">{\"@context\":\"https:\/\/schema.org\",\"@graph\":[{\"@type\":\"WebPage\",\"@id\":\"https:\/\/miumjau.ee\/fi\/tuote\/dogfest-ankkanlihamitalit-aikuisille-koirille-90-g\/\",\"url\":\"https:\/\/miumjau.ee\/fi\/tuote\/dogfest-ankkanlihamitalit-aikuisille-koirille-90-g\/\",\"name\":\"DogFest ankkanlihamitalit aikuisille koirille, 90 g - MiuMjau\",\"isPartOf\":{\"@id\":\"https:\/\/miumjau.ee\/#website\"},\"primaryImageOfPage\":{\"@id\":\"https:\/\/miumjau.ee\/fi\/tuote\/dogfest-ankkanlihamitalit-aikuisille-koirille-90-g\/#primaryimage\"},\"image\":{\"@id\":\"https:\/\/miumjau.ee\/fi\/tuote\/dogfest-ankkanlihamitalit-aikuisille-koirille-90-g\/#primaryimage\"},\"thumbnailUrl\":\"https:\/\/miumjau.ee\/wp-content\/uploads\/2025\/04\/dofest-maiused-koertele62.webp\",\"datePublished\":\"2025-04-22T10:35:16+00:00\",\"dateModified\":\"2026-01-07T20:42:33+00:00\",\"description\":\"Dogfest-br\u00e4ndi tarjoaa laajan valikoiman herkullisia v\u00e4lipaloja sek\u00e4 kissoille ett\u00e4 koirille. Tule kokeilemaan erilaisia ja l\u00f6yd\u00e4 oma suosikkisi!\",\"breadcrumb\":{\"@id\":\"https:\/\/miumjau.ee\/fi\/tuote\/dogfest-ankkanlihamitalit-aikuisille-koirille-90-g\/#breadcrumb\"},\"inLanguage\":\"fi\",\"potentialAction\":[{\"@type\":\"ReadAction\",\"target\":[\"https:\/\/miumjau.ee\/fi\/tuote\/dogfest-ankkanlihamitalit-aikuisille-koirille-90-g\/\"]}]},{\"@type\":\"ImageObject\",\"inLanguage\":\"fi\",\"@id\":\"https:\/\/miumjau.ee\/fi\/tuote\/dogfest-ankkanlihamitalit-aikuisille-koirille-90-g\/#primaryimage\",\"url\":\"https:\/\/miumjau.ee\/wp-content\/uploads\/2025\/04\/dofest-maiused-koertele62.webp\",\"contentUrl\":\"https:\/\/miumjau.ee\/wp-content\/uploads\/2025\/04\/dofest-maiused-koertele62.webp\",\"width\":600,\"height\":800,\"caption\":\"Dogfest maiused koertele\"},{\"@type\":\"BreadcrumbList\",\"@id\":\"https:\/\/miumjau.ee\/fi\/tuote\/dogfest-ankkanlihamitalit-aikuisille-koirille-90-g\/#breadcrumb\",\"itemListElement\":[{\"@type\":\"ListItem\",\"position\":1,\"name\":\"Home\",\"item\":\"https:\/\/miumjau.ee\/fi\/\"},{\"@type\":\"ListItem\",\"position\":2,\"name\":\"Kauppa\",\"item\":\"https:\/\/miumjau.ee\/fi\/kauppa\/\"},{\"@type\":\"ListItem\",\"position\":3,\"name\":\"DogFest ankkanlihamitalit aikuisille koirille, 90 g\"}]},{\"@type\":\"WebSite\",\"@id\":\"https:\/\/miumjau.ee\/#website\",\"url\":\"https:\/\/miumjau.ee\/\",\"name\":\"MiuMjau\",\"description\":\"Kraapimispuud kassidele\",\"publisher\":{\"@id\":\"https:\/\/miumjau.ee\/#organization\"},\"potentialAction\":[{\"@type\":\"SearchAction\",\"target\":{\"@type\":\"EntryPoint\",\"urlTemplate\":\"https:\/\/miumjau.ee\/?s={search_term_string}\"},\"query-input\":{\"@type\":\"PropertyValueSpecification\",\"valueRequired\":true,\"valueName\":\"search_term_string\"}}],\"inLanguage\":\"fi\"},{\"@type\":\"Organization\",\"@id\":\"https:\/\/miumjau.ee\/#organization\",\"name\":\"MiuMjau O\u00dc\",\"url\":\"https:\/\/miumjau.ee\/\",\"logo\":{\"@type\":\"ImageObject\",\"inLanguage\":\"fi\",\"@id\":\"https:\/\/miumjau.ee\/#\/schema\/logo\/image\/\",\"url\":\"https:\/\/miumjau.ee\/wp-content\/uploads\/2022\/04\/MiuMjau-logo-kollane.png\",\"contentUrl\":\"https:\/\/miumjau.ee\/wp-content\/uploads\/2022\/04\/MiuMjau-logo-kollane.png\",\"width\":219,\"height\":100,\"caption\":\"MiuMjau O\u00dc\"},\"image\":{\"@id\":\"https:\/\/miumjau.ee\/#\/schema\/logo\/image\/\"},\"sameAs\":[\"https:\/\/www.facebook.com\/miumjaupood\/\"]}]}<\/script>\n<!-- \/ Yoast SEO plugin. -->","yoast_head_json":{"title":"DogFest ankkanlihamitalit aikuisille koirille, 90 g - MiuMjau","description":"Dogfest-br\u00e4ndi tarjoaa laajan valikoiman herkullisia v\u00e4lipaloja sek\u00e4 kissoille ett\u00e4 koirille. Tule kokeilemaan erilaisia ja l\u00f6yd\u00e4 oma suosikkisi!","robots":{"index":"index","follow":"follow","max-snippet":"max-snippet:-1","max-image-preview":"max-image-preview:large","max-video-preview":"max-video-preview:-1"},"canonical":"https:\/\/miumjau.ee\/fi\/tuote\/dogfest-ankkanlihamitalit-aikuisille-koirille-90-g\/","og_locale":"fi_FI","og_type":"article","og_title":"DogFest ankkanlihamitalit aikuisille koirille, 90 g - MiuMjau","og_description":"Dogfest-br\u00e4ndi tarjoaa laajan valikoiman herkullisia v\u00e4lipaloja sek\u00e4 kissoille ett\u00e4 koirille. Tule kokeilemaan erilaisia ja l\u00f6yd\u00e4 oma suosikkisi!","og_url":"https:\/\/miumjau.ee\/fi\/tuote\/dogfest-ankkanlihamitalit-aikuisille-koirille-90-g\/","og_site_name":"MiuMjau","article_publisher":"https:\/\/www.facebook.com\/miumjaupood\/","article_modified_time":"2026-01-07T20:42:33+00:00","og_image":[{"width":600,"height":800,"url":"https:\/\/miumjau.ee\/wp-content\/uploads\/2025\/04\/dofest-maiused-koertele62.webp","type":"image\/webp"}],"twitter_card":"summary_large_image","schema":{"@context":"https:\/\/schema.org","@graph":[{"@type":"WebPage","@id":"https:\/\/miumjau.ee\/fi\/tuote\/dogfest-ankkanlihamitalit-aikuisille-koirille-90-g\/","url":"https:\/\/miumjau.ee\/fi\/tuote\/dogfest-ankkanlihamitalit-aikuisille-koirille-90-g\/","name":"DogFest ankkanlihamitalit aikuisille koirille, 90 g - MiuMjau","isPartOf":{"@id":"https:\/\/miumjau.ee\/#website"},"primaryImageOfPage":{"@id":"https:\/\/miumjau.ee\/fi\/tuote\/dogfest-ankkanlihamitalit-aikuisille-koirille-90-g\/#primaryimage"},"image":{"@id":"https:\/\/miumjau.ee\/fi\/tuote\/dogfest-ankkanlihamitalit-aikuisille-koirille-90-g\/#primaryimage"},"thumbnailUrl":"https:\/\/miumjau.ee\/wp-content\/uploads\/2025\/04\/dofest-maiused-koertele62.webp","datePublished":"2025-04-22T10:35:16+00:00","dateModified":"2026-01-07T20:42:33+00:00","description":"Dogfest-br\u00e4ndi tarjoaa laajan valikoiman herkullisia v\u00e4lipaloja sek\u00e4 kissoille ett\u00e4 koirille. Tule kokeilemaan erilaisia ja l\u00f6yd\u00e4 oma suosikkisi!","breadcrumb":{"@id":"https:\/\/miumjau.ee\/fi\/tuote\/dogfest-ankkanlihamitalit-aikuisille-koirille-90-g\/#breadcrumb"},"inLanguage":"fi","potentialAction":[{"@type":"ReadAction","target":["https:\/\/miumjau.ee\/fi\/tuote\/dogfest-ankkanlihamitalit-aikuisille-koirille-90-g\/"]}]},{"@type":"ImageObject","inLanguage":"fi","@id":"https:\/\/miumjau.ee\/fi\/tuote\/dogfest-ankkanlihamitalit-aikuisille-koirille-90-g\/#primaryimage","url":"https:\/\/miumjau.ee\/wp-content\/uploads\/2025\/04\/dofest-maiused-koertele62.webp","contentUrl":"https:\/\/miumjau.ee\/wp-content\/uploads\/2025\/04\/dofest-maiused-koertele62.webp","width":600,"height":800,"caption":"Dogfest maiused koertele"},{"@type":"BreadcrumbList","@id":"https:\/\/miumjau.ee\/fi\/tuote\/dogfest-ankkanlihamitalit-aikuisille-koirille-90-g\/#breadcrumb","itemListElement":[{"@type":"ListItem","position":1,"name":"Home","item":"https:\/\/miumjau.ee\/fi\/"},{"@type":"ListItem","position":2,"name":"Kauppa","item":"https:\/\/miumjau.ee\/fi\/kauppa\/"},{"@type":"ListItem","position":3,"name":"DogFest ankkanlihamitalit aikuisille koirille, 90 g"}]},{"@type":"WebSite","@id":"https:\/\/miumjau.ee\/#website","url":"https:\/\/miumjau.ee\/","name":"MiuMjau","description":"Kraapimispuud kassidele","publisher":{"@id":"https:\/\/miumjau.ee\/#organization"},"potentialAction":[{"@type":"SearchAction","target":{"@type":"EntryPoint","urlTemplate":"https:\/\/miumjau.ee\/?s={search_term_string}"},"query-input":{"@type":"PropertyValueSpecification","valueRequired":true,"valueName":"search_term_string"}}],"inLanguage":"fi"},{"@type":"Organization","@id":"https:\/\/miumjau.ee\/#organization","name":"MiuMjau O\u00dc","url":"https:\/\/miumjau.ee\/","logo":{"@type":"ImageObject","inLanguage":"fi","@id":"https:\/\/miumjau.ee\/#\/schema\/logo\/image\/","url":"https:\/\/miumjau.ee\/wp-content\/uploads\/2022\/04\/MiuMjau-logo-kollane.png","contentUrl":"https:\/\/miumjau.ee\/wp-content\/uploads\/2022\/04\/MiuMjau-logo-kollane.png","width":219,"height":100,"caption":"MiuMjau O\u00dc"},"image":{"@id":"https:\/\/miumjau.ee\/#\/schema\/logo\/image\/"},"sameAs":["https:\/\/www.facebook.com\/miumjaupood\/"]}]}},"_links":{"self":[{"href":"https:\/\/miumjau.ee\/fi\/wp-json\/wp\/v2\/product\/49951","targetHints":{"allow":["GET"]}}],"collection":[{"href":"https:\/\/miumjau.ee\/fi\/wp-json\/wp\/v2\/product"}],"about":[{"href":"https:\/\/miumjau.ee\/fi\/wp-json\/wp\/v2\/types\/product"}],"wp:featuredmedia":[{"embeddable":true,"href":"https:\/\/miumjau.ee\/fi\/wp-json\/wp\/v2\/media\/33067"}],"wp:attachment":[{"href":"https:\/\/miumjau.ee\/fi\/wp-json\/wp\/v2\/media?parent=49951"}],"wp:term":[{"taxonomy":"product_brand","embeddable":true,"href":"https:\/\/miumjau.ee\/fi\/wp-json\/wp\/v2\/product_brand?post=49951"},{"taxonomy":"product_cat","embeddable":true,"href":"https:\/\/miumjau.ee\/fi\/wp-json\/wp\/v2\/product_cat?post=49951"},{"taxonomy":"product_tag","embeddable":true,"href":"https:\/\/miumjau.ee\/fi\/wp-json\/wp\/v2\/product_tag?post=49951"}],"curies":[{"name":"wp","href":"https:\/\/api.w.org\/{rel}","templated":true}]}}