{"id":49946,"date":"2025-04-22T13:35:16","date_gmt":"2025-04-22T10:35:16","guid":{"rendered":"https:\/\/miumjau.ee\/toode\/dogfest-punottu-herkku-kanan-ja-ankkanlihasta-seka-turskasta-90-g\/"},"modified":"2026-01-07T22:42:33","modified_gmt":"2026-01-07T20:42:33","slug":"dogfest-punottu-herkku-kanan-ja-ankkanlihasta-seka-turskasta-90-g","status":"publish","type":"product","link":"https:\/\/miumjau.ee\/fi\/tuote\/dogfest-punottu-herkku-kanan-ja-ankkanlihasta-seka-turskasta-90-g\/","title":{"rendered":"DogFest punottu herkku kanan- ja ankkanlihasta sek\u00e4 turskasta, 90 g"},"content":{"rendered":"","protected":false},"excerpt":{"rendered":"<p data-start=\"44\" data-end=\"386\">Maukas herkku kanan- ja ankkanlihasta sek\u00e4 meriantin fileest\u00e4 on t\u00e4ydellinen tapa palkita lemmikki hyv\u00e4n k\u00e4yt\u00f6ksen vuoksi. Valmistimme n\u00e4m\u00e4 palat tuoreesta luonnollisesta lihasta, jolla on optimaalinen koostumus \u2013 ne eiv\u00e4t ole liian pehmeit\u00e4 tai liian kovia, mik\u00e4 tekee pureskelusta miellytt\u00e4v\u00e4\u00e4. Sopii keskikokoisille ja suurille koirille.<\/p>\n<p data-start=\"388\" data-end=\"624\"><strong data-start=\"388\" data-end=\"402\">Koostumus:<\/strong> kananliha 23,8 %, ankka 23,8 %, turska 23,8 %, kasvipohjaiset sivutuotteet, mineraalit.<br data-start=\"490\" data-end=\"493\" \/><strong data-start=\"493\" data-end=\"519\">Analyyttiset aineosat:<\/strong> raakavalkuainen 25 %, rasvat 6 %, kosteus 26 %, raakakuitu 1 %, raakatuhka 4 %, energia-arvo 326 kcal.<\/p>\n<p data-start=\"626\" data-end=\"889\"><strong data-start=\"626\" data-end=\"635\">Edut:<\/strong> Herkkumme eiv\u00e4t sis\u00e4ll\u00e4 keinotekoisia lis\u00e4aineita tai s\u00e4il\u00f6nt\u00e4aineita. Korkea proteiinipitoisuus auttaa yll\u00e4pit\u00e4m\u00e4\u00e4n lihasten kuntoa. Hell\u00e4varainen meriantin filee tarjoaa lemmikille v\u00e4ltt\u00e4m\u00e4tt\u00f6mi\u00e4 rasvahappoja, jotka tukevat ihon ja turkin terveytt\u00e4.<\/p>\n<p data-start=\"891\" data-end=\"1285\" data-is-last-node=\"\" data-is-only-node=\"\"><strong data-start=\"891\" data-end=\"906\">K\u00e4ytt\u00f6ohje:<\/strong> Tarjoa herkkupalana p\u00e4iv\u00e4n aikana. Maksimim\u00e4\u00e4r\u00e4 p\u00e4iv\u00e4ss\u00e4: 1\u20132 kpl. S\u00e4\u00e4d\u00e4 m\u00e4\u00e4r\u00e4 lemmikin tarpeiden ja kunnon mukaan. Tuoretta juomavett\u00e4 tulee olla aina saatavilla. \u00c4l\u00e4 j\u00e4t\u00e4 koiraa valvomatta, kun sill\u00e4 on herkku tai pakkaus k\u00e4siss\u00e4. \u00c4l\u00e4 anna koiran sy\u00f6d\u00e4 pakkausta sis\u00e4lt\u00e4v\u00e4\u00e4 hapenpoistajaa. S\u00e4ilyt\u00e4 kuivassa ja viile\u00e4ss\u00e4, sulje pakkaus avaamisen j\u00e4lkeen ja s\u00e4ilyt\u00e4 j\u00e4\u00e4kaapissa.<\/p>\n","protected":false},"featured_media":33075,"template":"","meta":[],"product_brand":[],"product_cat":[480],"product_tag":[],"class_list":{"0":"post-49946","1":"product","2":"type-product","3":"status-publish","4":"has-post-thumbnail","6":"product_cat-herkut-koirille","8":"first","9":"instock","10":"sale","11":"taxable","12":"shipping-taxable","13":"purchasable","14":"product-type-simple"},"yoast_head":"<!-- This site is optimized with the Yoast SEO plugin v27.2 - https:\/\/yoast.com\/product\/yoast-seo-wordpress\/ -->\n<title>DogFest punottu herkku kanan- ja ankkanlihasta sek\u00e4 turskasta, 90 g - MiuMjau<\/title>\n<meta name=\"description\" content=\"Dogfest-br\u00e4ndi tarjoaa laajan valikoiman herkullisia v\u00e4lipaloja sek\u00e4 kissoille ett\u00e4 koirille. Tule kokeilemaan erilaisia ja l\u00f6yd\u00e4 oma suosikkisi!\" \/>\n<meta name=\"robots\" content=\"index, follow, max-snippet:-1, max-image-preview:large, max-video-preview:-1\" \/>\n<link rel=\"canonical\" href=\"https:\/\/miumjau.ee\/fi\/tuote\/dogfest-punottu-herkku-kanan-ja-ankkanlihasta-seka-turskasta-90-g\/\" \/>\n<meta property=\"og:locale\" content=\"fi_FI\" \/>\n<meta property=\"og:type\" content=\"article\" \/>\n<meta property=\"og:title\" content=\"DogFest punottu herkku kanan- ja ankkanlihasta sek\u00e4 turskasta, 90 g - MiuMjau\" \/>\n<meta property=\"og:description\" content=\"Dogfest-br\u00e4ndi tarjoaa laajan valikoiman herkullisia v\u00e4lipaloja sek\u00e4 kissoille ett\u00e4 koirille. Tule kokeilemaan erilaisia ja l\u00f6yd\u00e4 oma suosikkisi!\" \/>\n<meta property=\"og:url\" content=\"https:\/\/miumjau.ee\/fi\/tuote\/dogfest-punottu-herkku-kanan-ja-ankkanlihasta-seka-turskasta-90-g\/\" \/>\n<meta property=\"og:site_name\" content=\"MiuMjau\" \/>\n<meta property=\"article:publisher\" content=\"https:\/\/www.facebook.com\/miumjaupood\/\" \/>\n<meta property=\"article:modified_time\" content=\"2026-01-07T20:42:33+00:00\" \/>\n<meta property=\"og:image\" content=\"https:\/\/miumjau.ee\/wp-content\/uploads\/2025\/04\/dofest-maiused-koertele64.webp\" \/>\n\t<meta property=\"og:image:width\" content=\"600\" \/>\n\t<meta property=\"og:image:height\" content=\"800\" \/>\n\t<meta property=\"og:image:type\" content=\"image\/webp\" \/>\n<meta name=\"twitter:card\" content=\"summary_large_image\" \/>\n<script type=\"application\/ld+json\" class=\"yoast-schema-graph\">{\"@context\":\"https:\/\/schema.org\",\"@graph\":[{\"@type\":\"WebPage\",\"@id\":\"https:\/\/miumjau.ee\/fi\/tuote\/dogfest-punottu-herkku-kanan-ja-ankkanlihasta-seka-turskasta-90-g\/\",\"url\":\"https:\/\/miumjau.ee\/fi\/tuote\/dogfest-punottu-herkku-kanan-ja-ankkanlihasta-seka-turskasta-90-g\/\",\"name\":\"DogFest punottu herkku kanan- ja ankkanlihasta sek\u00e4 turskasta, 90 g - MiuMjau\",\"isPartOf\":{\"@id\":\"https:\/\/miumjau.ee\/#website\"},\"primaryImageOfPage\":{\"@id\":\"https:\/\/miumjau.ee\/fi\/tuote\/dogfest-punottu-herkku-kanan-ja-ankkanlihasta-seka-turskasta-90-g\/#primaryimage\"},\"image\":{\"@id\":\"https:\/\/miumjau.ee\/fi\/tuote\/dogfest-punottu-herkku-kanan-ja-ankkanlihasta-seka-turskasta-90-g\/#primaryimage\"},\"thumbnailUrl\":\"https:\/\/miumjau.ee\/wp-content\/uploads\/2025\/04\/dofest-maiused-koertele64.webp\",\"datePublished\":\"2025-04-22T10:35:16+00:00\",\"dateModified\":\"2026-01-07T20:42:33+00:00\",\"description\":\"Dogfest-br\u00e4ndi tarjoaa laajan valikoiman herkullisia v\u00e4lipaloja sek\u00e4 kissoille ett\u00e4 koirille. Tule kokeilemaan erilaisia ja l\u00f6yd\u00e4 oma suosikkisi!\",\"breadcrumb\":{\"@id\":\"https:\/\/miumjau.ee\/fi\/tuote\/dogfest-punottu-herkku-kanan-ja-ankkanlihasta-seka-turskasta-90-g\/#breadcrumb\"},\"inLanguage\":\"fi\",\"potentialAction\":[{\"@type\":\"ReadAction\",\"target\":[\"https:\/\/miumjau.ee\/fi\/tuote\/dogfest-punottu-herkku-kanan-ja-ankkanlihasta-seka-turskasta-90-g\/\"]}]},{\"@type\":\"ImageObject\",\"inLanguage\":\"fi\",\"@id\":\"https:\/\/miumjau.ee\/fi\/tuote\/dogfest-punottu-herkku-kanan-ja-ankkanlihasta-seka-turskasta-90-g\/#primaryimage\",\"url\":\"https:\/\/miumjau.ee\/wp-content\/uploads\/2025\/04\/dofest-maiused-koertele64.webp\",\"contentUrl\":\"https:\/\/miumjau.ee\/wp-content\/uploads\/2025\/04\/dofest-maiused-koertele64.webp\",\"width\":600,\"height\":800,\"caption\":\"Dogfest maiused koertele\"},{\"@type\":\"BreadcrumbList\",\"@id\":\"https:\/\/miumjau.ee\/fi\/tuote\/dogfest-punottu-herkku-kanan-ja-ankkanlihasta-seka-turskasta-90-g\/#breadcrumb\",\"itemListElement\":[{\"@type\":\"ListItem\",\"position\":1,\"name\":\"Home\",\"item\":\"https:\/\/miumjau.ee\/fi\/\"},{\"@type\":\"ListItem\",\"position\":2,\"name\":\"Kauppa\",\"item\":\"https:\/\/miumjau.ee\/fi\/kauppa\/\"},{\"@type\":\"ListItem\",\"position\":3,\"name\":\"DogFest punottu herkku kanan- ja ankkanlihasta sek\u00e4 turskasta, 90 g\"}]},{\"@type\":\"WebSite\",\"@id\":\"https:\/\/miumjau.ee\/#website\",\"url\":\"https:\/\/miumjau.ee\/\",\"name\":\"MiuMjau\",\"description\":\"Kraapimispuud kassidele\",\"publisher\":{\"@id\":\"https:\/\/miumjau.ee\/#organization\"},\"potentialAction\":[{\"@type\":\"SearchAction\",\"target\":{\"@type\":\"EntryPoint\",\"urlTemplate\":\"https:\/\/miumjau.ee\/?s={search_term_string}\"},\"query-input\":{\"@type\":\"PropertyValueSpecification\",\"valueRequired\":true,\"valueName\":\"search_term_string\"}}],\"inLanguage\":\"fi\"},{\"@type\":\"Organization\",\"@id\":\"https:\/\/miumjau.ee\/#organization\",\"name\":\"MiuMjau O\u00dc\",\"url\":\"https:\/\/miumjau.ee\/\",\"logo\":{\"@type\":\"ImageObject\",\"inLanguage\":\"fi\",\"@id\":\"https:\/\/miumjau.ee\/#\/schema\/logo\/image\/\",\"url\":\"https:\/\/miumjau.ee\/wp-content\/uploads\/2022\/04\/MiuMjau-logo-kollane.png\",\"contentUrl\":\"https:\/\/miumjau.ee\/wp-content\/uploads\/2022\/04\/MiuMjau-logo-kollane.png\",\"width\":219,\"height\":100,\"caption\":\"MiuMjau O\u00dc\"},\"image\":{\"@id\":\"https:\/\/miumjau.ee\/#\/schema\/logo\/image\/\"},\"sameAs\":[\"https:\/\/www.facebook.com\/miumjaupood\/\"]}]}<\/script>\n<!-- \/ Yoast SEO plugin. -->","yoast_head_json":{"title":"DogFest punottu herkku kanan- ja ankkanlihasta sek\u00e4 turskasta, 90 g - MiuMjau","description":"Dogfest-br\u00e4ndi tarjoaa laajan valikoiman herkullisia v\u00e4lipaloja sek\u00e4 kissoille ett\u00e4 koirille. Tule kokeilemaan erilaisia ja l\u00f6yd\u00e4 oma suosikkisi!","robots":{"index":"index","follow":"follow","max-snippet":"max-snippet:-1","max-image-preview":"max-image-preview:large","max-video-preview":"max-video-preview:-1"},"canonical":"https:\/\/miumjau.ee\/fi\/tuote\/dogfest-punottu-herkku-kanan-ja-ankkanlihasta-seka-turskasta-90-g\/","og_locale":"fi_FI","og_type":"article","og_title":"DogFest punottu herkku kanan- ja ankkanlihasta sek\u00e4 turskasta, 90 g - MiuMjau","og_description":"Dogfest-br\u00e4ndi tarjoaa laajan valikoiman herkullisia v\u00e4lipaloja sek\u00e4 kissoille ett\u00e4 koirille. Tule kokeilemaan erilaisia ja l\u00f6yd\u00e4 oma suosikkisi!","og_url":"https:\/\/miumjau.ee\/fi\/tuote\/dogfest-punottu-herkku-kanan-ja-ankkanlihasta-seka-turskasta-90-g\/","og_site_name":"MiuMjau","article_publisher":"https:\/\/www.facebook.com\/miumjaupood\/","article_modified_time":"2026-01-07T20:42:33+00:00","og_image":[{"width":600,"height":800,"url":"https:\/\/miumjau.ee\/wp-content\/uploads\/2025\/04\/dofest-maiused-koertele64.webp","type":"image\/webp"}],"twitter_card":"summary_large_image","schema":{"@context":"https:\/\/schema.org","@graph":[{"@type":"WebPage","@id":"https:\/\/miumjau.ee\/fi\/tuote\/dogfest-punottu-herkku-kanan-ja-ankkanlihasta-seka-turskasta-90-g\/","url":"https:\/\/miumjau.ee\/fi\/tuote\/dogfest-punottu-herkku-kanan-ja-ankkanlihasta-seka-turskasta-90-g\/","name":"DogFest punottu herkku kanan- ja ankkanlihasta sek\u00e4 turskasta, 90 g - MiuMjau","isPartOf":{"@id":"https:\/\/miumjau.ee\/#website"},"primaryImageOfPage":{"@id":"https:\/\/miumjau.ee\/fi\/tuote\/dogfest-punottu-herkku-kanan-ja-ankkanlihasta-seka-turskasta-90-g\/#primaryimage"},"image":{"@id":"https:\/\/miumjau.ee\/fi\/tuote\/dogfest-punottu-herkku-kanan-ja-ankkanlihasta-seka-turskasta-90-g\/#primaryimage"},"thumbnailUrl":"https:\/\/miumjau.ee\/wp-content\/uploads\/2025\/04\/dofest-maiused-koertele64.webp","datePublished":"2025-04-22T10:35:16+00:00","dateModified":"2026-01-07T20:42:33+00:00","description":"Dogfest-br\u00e4ndi tarjoaa laajan valikoiman herkullisia v\u00e4lipaloja sek\u00e4 kissoille ett\u00e4 koirille. Tule kokeilemaan erilaisia ja l\u00f6yd\u00e4 oma suosikkisi!","breadcrumb":{"@id":"https:\/\/miumjau.ee\/fi\/tuote\/dogfest-punottu-herkku-kanan-ja-ankkanlihasta-seka-turskasta-90-g\/#breadcrumb"},"inLanguage":"fi","potentialAction":[{"@type":"ReadAction","target":["https:\/\/miumjau.ee\/fi\/tuote\/dogfest-punottu-herkku-kanan-ja-ankkanlihasta-seka-turskasta-90-g\/"]}]},{"@type":"ImageObject","inLanguage":"fi","@id":"https:\/\/miumjau.ee\/fi\/tuote\/dogfest-punottu-herkku-kanan-ja-ankkanlihasta-seka-turskasta-90-g\/#primaryimage","url":"https:\/\/miumjau.ee\/wp-content\/uploads\/2025\/04\/dofest-maiused-koertele64.webp","contentUrl":"https:\/\/miumjau.ee\/wp-content\/uploads\/2025\/04\/dofest-maiused-koertele64.webp","width":600,"height":800,"caption":"Dogfest maiused koertele"},{"@type":"BreadcrumbList","@id":"https:\/\/miumjau.ee\/fi\/tuote\/dogfest-punottu-herkku-kanan-ja-ankkanlihasta-seka-turskasta-90-g\/#breadcrumb","itemListElement":[{"@type":"ListItem","position":1,"name":"Home","item":"https:\/\/miumjau.ee\/fi\/"},{"@type":"ListItem","position":2,"name":"Kauppa","item":"https:\/\/miumjau.ee\/fi\/kauppa\/"},{"@type":"ListItem","position":3,"name":"DogFest punottu herkku kanan- ja ankkanlihasta sek\u00e4 turskasta, 90 g"}]},{"@type":"WebSite","@id":"https:\/\/miumjau.ee\/#website","url":"https:\/\/miumjau.ee\/","name":"MiuMjau","description":"Kraapimispuud kassidele","publisher":{"@id":"https:\/\/miumjau.ee\/#organization"},"potentialAction":[{"@type":"SearchAction","target":{"@type":"EntryPoint","urlTemplate":"https:\/\/miumjau.ee\/?s={search_term_string}"},"query-input":{"@type":"PropertyValueSpecification","valueRequired":true,"valueName":"search_term_string"}}],"inLanguage":"fi"},{"@type":"Organization","@id":"https:\/\/miumjau.ee\/#organization","name":"MiuMjau O\u00dc","url":"https:\/\/miumjau.ee\/","logo":{"@type":"ImageObject","inLanguage":"fi","@id":"https:\/\/miumjau.ee\/#\/schema\/logo\/image\/","url":"https:\/\/miumjau.ee\/wp-content\/uploads\/2022\/04\/MiuMjau-logo-kollane.png","contentUrl":"https:\/\/miumjau.ee\/wp-content\/uploads\/2022\/04\/MiuMjau-logo-kollane.png","width":219,"height":100,"caption":"MiuMjau O\u00dc"},"image":{"@id":"https:\/\/miumjau.ee\/#\/schema\/logo\/image\/"},"sameAs":["https:\/\/www.facebook.com\/miumjaupood\/"]}]}},"_links":{"self":[{"href":"https:\/\/miumjau.ee\/fi\/wp-json\/wp\/v2\/product\/49946","targetHints":{"allow":["GET"]}}],"collection":[{"href":"https:\/\/miumjau.ee\/fi\/wp-json\/wp\/v2\/product"}],"about":[{"href":"https:\/\/miumjau.ee\/fi\/wp-json\/wp\/v2\/types\/product"}],"wp:featuredmedia":[{"embeddable":true,"href":"https:\/\/miumjau.ee\/fi\/wp-json\/wp\/v2\/media\/33075"}],"wp:attachment":[{"href":"https:\/\/miumjau.ee\/fi\/wp-json\/wp\/v2\/media?parent=49946"}],"wp:term":[{"taxonomy":"product_brand","embeddable":true,"href":"https:\/\/miumjau.ee\/fi\/wp-json\/wp\/v2\/product_brand?post=49946"},{"taxonomy":"product_cat","embeddable":true,"href":"https:\/\/miumjau.ee\/fi\/wp-json\/wp\/v2\/product_cat?post=49946"},{"taxonomy":"product_tag","embeddable":true,"href":"https:\/\/miumjau.ee\/fi\/wp-json\/wp\/v2\/product_tag?post=49946"}],"curies":[{"name":"wp","href":"https:\/\/api.w.org\/{rel}","templated":true}]}}